{"id":380713,"date":"2018-02-02T19:43:35","date_gmt":"2018-02-02T18:43:35","guid":{"rendered":"https:\/\/www.justvape.nu\/produkt\/sony-bateria-murata-vtc5a-18650-2600mah-25a-us18650vtc5a\/"},"modified":"2025-02-01T12:01:20","modified_gmt":"2025-02-01T11:01:20","slug":"sony-18650-vtc5a-2600mah","status":"publish","type":"product","link":"https:\/\/justvape.nu\/es\/produkt\/sony-18650-vtc5a-2600mah\/","title":{"rendered":"Sony | Bater\u00eda Murata VTC5A 18650 2600mAh 25A &#8211; US18650VTC5A"},"content":{"rendered":"<h2>Sony | Bater\u00eda Murata VTC5A 18650 2600mAh 25A &#8211; US18650VTC5A<\/h2>\n<p>Esta celda Sony \/ MuRata VTC5A es un tipo de celda &#8220;Superman&#8221; para aquellos que necesitan y requieren celdas de descarga \/ drenaje ultraaltas en el tama\u00f1o del factor de forma 18650. Es una celda muy segura y extremadamente confiable debido al tipo de qu\u00edmica NMC (n\u00edquel, manganeso y cobalto). Esto le permite mantener temperaturas muy estables bajo una descarga \/ drenaje tan extremadamente alta. Esta celda solo es beneficiosa para los dispositivos definitivos que requieren tales demandas, ya que no mostrar\u00e1 sus verdaderas capacidades hasta que la demanda se empuje a al menos 20 amperios de descarga \/ drenaje continuo y hasta 30 amperios de descarga \/ drenaje continuo. Con una capacidad nominal de 2600 mAh y hasta 35 amperios de descarga \/ drenaje constante cuando la celda se mantiene por debajo de 176 grados Fahrenheit u 80 grados Celsius, no encontrar\u00e1 una celda de mayor calidad que satisfaga las necesidades de su dispositivo Ultimate High Discharge \/ Drain o demandas.<\/p>\n<p>Se puede decir que esta celda se considera la que m\u00e1s golpea durante la descarga \/ drenaje inicial de cualquier celda de tama\u00f1o de factor de forma 18650, que tiene m\u00e1s de 2500 mAh de capacidad. Si desea tanto una &#8220;paz de la mente&#8221; como necesidades muy exigentes que se cumplan y se satisfagan, entonces este es su lugar para ir a la celda.<\/p>\n<h3><a href=\"https:\/\/www.justvape.nu\/wp-content\/uploads\/2018\/02\/sony_vtc5a_data_sheet.pdf\">Hoja de datos de Sony VTC5A<\/a><\/h3>\n<h4>Especificaciones:<\/h4>\n<ul>\n<li>Modelo: US18650VTC5A<\/li>\n<li>Tama\u00f1o: 18650<\/li>\n<li>Estilo: tapa plana<\/li>\n<li>Qu\u00edmica: NMC<\/li>\n<li>Capacidad nominal: 2600 mAh<\/li>\n<li>Clasificaci\u00f3n de descarga continua: 25A<\/li>\n<li>Voltaje nominal: 3.6v<\/li>\n<li>Protegido: No<\/li>\n<li>Recargable: si<\/li>\n<li>Dimensiones aproximadas: 18,2 mm x 65 mm<\/li>\n<li>Peso aproximado: 47,8 g<\/li>\n<\/ul>\n<p>&nbsp;<\/p>\n<div><\/div>\n<h4>ADVERTENCIA:<\/h4>\n<div>El usuario debe tener un conocimiento adecuado de las bater\u00edas de iones de litio antes de comprarlas. Tenga cuidado al trabajar y utilizar bater\u00edas de iones de litio, ya que son muy sensibles a las caracter\u00edsticas de carga y pueden explotar, quemarse o provocar un incendio si se utilizan o manipulan incorrectamente. Cargue siempre en o sobre una superficie a prueba de fuego. Nunca deje las bater\u00edas cargando sin supervisi\u00f3n. El comprador es responsable de cualquier da\u00f1o o lesi\u00f3n causada por el mal uso o el mal manejo de las bater\u00edas y cargadores de iones de litio. No se puede realizar ninguna garant\u00eda expresa o impl\u00edcita de compatibilidad con ning\u00fan dispositivo. Cargue solo con un cargador inteligente dise\u00f1ado para este tipo espec\u00edfico de bater\u00eda de iones de litio. No mezcle ni combine bater\u00edas viejas y nuevas, usadas y sin usar.<\/div>\n<div><\/div>\n<ul>\n<li>El uso indebido o el mal manejo de las bater\u00edas de iones de litio pueden representar un RIESGO GRAVE de lesiones personales, da\u00f1os a la propiedad o la muerte.<\/li>\n<li>LAS BATER\u00cdAS PUEDEN EXPLOTAR, QUEMAR O PROVOCAR UN INCENDIO SI SE UTILIZAN O SE MANEJAN DE FORMA INCORRECTA<\/li>\n<li>\u00daselo \u00daNICAMENTE con los circuitos de protecci\u00f3n adecuados<\/li>\n<li>\u00daselo \u00daNICAMENTE dentro de las especificaciones del fabricante<\/li>\n<li>NO lo guarde suelto en el bolsillo, bolso, etc. &#8211; utilice siempre una funda protectora<\/li>\n<li>MANTENER ALEJADO de objetos met\u00e1licos para evitar cortocircuitos<\/li>\n<li>No haga cortocircuito<\/li>\n<li>NO lo use si la envoltura o el aislante est\u00e1n da\u00f1ados o rasgados<\/li>\n<li>NO lo use si est\u00e1 da\u00f1ado de alguna manera<\/li>\n<li>NO sobrecargue ni descargue demasiado<\/li>\n<li>NO modifique, desmonte, perfore, corte, aplaste ni incinere<\/li>\n<li>NO lo exponga a l\u00edquidos ni a altas temperaturas<\/li>\n<li>NO suelde<\/li>\n<li>El usuario debe estar familiarizado con el manejo de bater\u00edas de iones de litio antes de comprar<\/li>\n<li>El uso de bater\u00edas es BAJO SU PROPIO RIESGO<\/li>\n<\/ul>\n<div>\n<div><\/div>\n<\/div>\n","protected":false},"excerpt":{"rendered":"<p>Sony | Bater\u00eda Murata VTC5A 18650 2600mAh 25A &#8211; US18650VTC5A<\/p>\n","protected":false},"featured_media":299774,"comment_status":"open","ping_status":"closed","template":"","meta":{"_acf_changed":false,"_uag_custom_page_level_css":"","site-sidebar-layout":"default","site-content-layout":"default","ast-site-content-layout":"default","site-content-style":"default","site-sidebar-style":"default","ast-global-header-display":"","ast-banner-title-visibility":"","ast-main-header-display":"","ast-hfb-above-header-display":"","ast-hfb-below-header-display":"","ast-hfb-mobile-header-display":"","site-post-title":"","ast-breadcrumbs-content":"","ast-featured-img":"","footer-sml-layout":"","ast-disable-related-posts":"","theme-transparent-header-meta":"default","adv-header-id-meta":"","stick-header-meta":"default","header-above-stick-meta":"","header-main-stick-meta":"","header-below-stick-meta":"","astra-migrate-meta-layouts":"default","ast-page-background-enabled":"default","ast-page-background-meta":{"desktop":{"background-color":"","background-image":"","background-repeat":"repeat","background-position":"center center","background-size":"auto","background-attachment":"scroll","background-type":"","background-media":"","overlay-type":"","overlay-color":"","overlay-opacity":"","overlay-gradient":""},"tablet":{"background-color":"","background-image":"","background-repeat":"repeat","background-position":"center center","background-size":"auto","background-attachment":"scroll","background-type":"","background-media":"","overlay-type":"","overlay-color":"","overlay-opacity":"","overlay-gradient":""},"mobile":{"background-color":"","background-image":"","background-repeat":"repeat","background-position":"center center","background-size":"auto","background-attachment":"scroll","background-type":"","background-media":"","overlay-type":"","overlay-color":"","overlay-opacity":"","overlay-gradient":""}},"ast-content-background-meta":{"desktop":{"background-color":"var(--ast-global-color-5)","background-image":"","background-repeat":"repeat","background-position":"center center","background-size":"auto","background-attachment":"scroll","background-type":"","background-media":"","overlay-type":"","overlay-color":"","overlay-opacity":"","overlay-gradient":""},"tablet":{"background-color":"var(--ast-global-color-5)","background-image":"","background-repeat":"repeat","background-position":"center center","background-size":"auto","background-attachment":"scroll","background-type":"","background-media":"","overlay-type":"","overlay-color":"","overlay-opacity":"","overlay-gradient":""},"mobile":{"background-color":"var(--ast-global-color-5)","background-image":"","background-repeat":"repeat","background-position":"center center","background-size":"auto","background-attachment":"scroll","background-type":"","background-media":"","overlay-type":"","overlay-color":"","overlay-opacity":"","overlay-gradient":""}}},"product_brand":[],"product_cat":[2337,2177,2529,2530,3385],"product_tag":[],"class_list":{"0":"post-380713","1":"product","2":"type-product","3":"status-publish","4":"has-post-thumbnail","6":"product_cat-18650-es","7":"product_cat-celdas-de-la-bateria","8":"product_cat-hardware-es","9":"product_cat-shop-by-brand-es","10":"product_cat-sony-es-2","11":"product_shipping_class-batteries-es","12":"desktop-align-center","13":"tablet-align-center","14":"mobile-align-center","15":"ast-product-gallery-layout-horizontal-slider","16":"ast-product-gallery-with-no-image","17":"ast-product-tabs-layout-horizontal","19":"first","20":"instock","21":"sale","22":"taxable","23":"shipping-taxable","24":"purchasable","25":"product-type-simple"},"acf":[],"uagb_featured_image_src":{"full":["https:\/\/justvape.nu\/wp-content\/uploads\/2018\/02\/sony-18650-vtc5a-2600mah-high-drain-battery-12c-35a-1.jpg",800,800,false],"thumbnail":["https:\/\/justvape.nu\/wp-content\/uploads\/2018\/02\/sony-18650-vtc5a-2600mah-high-drain-battery-12c-35a-1-150x150.jpg",150,150,true],"medium":["https:\/\/justvape.nu\/wp-content\/uploads\/2018\/02\/sony-18650-vtc5a-2600mah-high-drain-battery-12c-35a-1-300x300.jpg",300,300,true],"medium_large":["https:\/\/justvape.nu\/wp-content\/uploads\/2018\/02\/sony-18650-vtc5a-2600mah-high-drain-battery-12c-35a-1-768x768.jpg",768,768,true],"large":["https:\/\/justvape.nu\/wp-content\/uploads\/2018\/02\/sony-18650-vtc5a-2600mah-high-drain-battery-12c-35a-1.jpg",800,800,false],"1536x1536":["https:\/\/justvape.nu\/wp-content\/uploads\/2018\/02\/sony-18650-vtc5a-2600mah-high-drain-battery-12c-35a-1.jpg",800,800,false],"2048x2048":["https:\/\/justvape.nu\/wp-content\/uploads\/2018\/02\/sony-18650-vtc5a-2600mah-high-drain-battery-12c-35a-1.jpg",800,800,false],"woocommerce_thumbnail":["https:\/\/justvape.nu\/wp-content\/uploads\/2018\/02\/sony-18650-vtc5a-2600mah-high-drain-battery-12c-35a-1-300x300.jpg",300,300,true],"woocommerce_single":["https:\/\/justvape.nu\/wp-content\/uploads\/2018\/02\/sony-18650-vtc5a-2600mah-high-drain-battery-12c-35a-1-600x600.jpg",600,600,true],"woocommerce_gallery_thumbnail":["https:\/\/justvape.nu\/wp-content\/uploads\/2018\/02\/sony-18650-vtc5a-2600mah-high-drain-battery-12c-35a-1-100x100.jpg",100,100,true],"dgwt-wcas-product-suggestion":["https:\/\/justvape.nu\/wp-content\/uploads\/2018\/02\/sony-18650-vtc5a-2600mah-high-drain-battery-12c-35a-1-64x64.jpg",64,64,true]},"uagb_author_info":{"display_name":"dsadmin","author_link":"https:\/\/justvape.nu\/es\/author\/"},"uagb_comment_info":0,"uagb_excerpt":"Sony | Bater\u00eda Murata VTC5A 18650 2600mAh 25A - US18650VTC5A","_links":{"self":[{"href":"https:\/\/justvape.nu\/es\/wp-json\/wp\/v2\/product\/380713","targetHints":{"allow":["GET"]}}],"collection":[{"href":"https:\/\/justvape.nu\/es\/wp-json\/wp\/v2\/product"}],"about":[{"href":"https:\/\/justvape.nu\/es\/wp-json\/wp\/v2\/types\/product"}],"replies":[{"embeddable":true,"href":"https:\/\/justvape.nu\/es\/wp-json\/wp\/v2\/comments?post=380713"}],"wp:featuredmedia":[{"embeddable":true,"href":"https:\/\/justvape.nu\/es\/wp-json\/wp\/v2\/media\/299774"}],"wp:attachment":[{"href":"https:\/\/justvape.nu\/es\/wp-json\/wp\/v2\/media?parent=380713"}],"wp:term":[{"taxonomy":"product_brand","embeddable":true,"href":"https:\/\/justvape.nu\/es\/wp-json\/wp\/v2\/product_brand?post=380713"},{"taxonomy":"product_cat","embeddable":true,"href":"https:\/\/justvape.nu\/es\/wp-json\/wp\/v2\/product_cat?post=380713"},{"taxonomy":"product_tag","embeddable":true,"href":"https:\/\/justvape.nu\/es\/wp-json\/wp\/v2\/product_tag?post=380713"}],"curies":[{"name":"wp","href":"https:\/\/api.w.org\/{rel}","templated":true}]}}