{"id":380214,"date":"2018-02-02T19:43:22","date_gmt":"2018-02-02T18:43:22","guid":{"rendered":"https:\/\/www.justvape.nu\/produkt\/cargador-led-inteligente-efest-lush-q2\/"},"modified":"2021-09-12T02:25:00","modified_gmt":"2021-09-12T00:25:00","slug":"efest-lush-q2-inteligente-led-oplader","status":"publish","type":"product","link":"https:\/\/justvape.nu\/es\/produkt\/efest-lush-q2-inteligente-led-oplader\/","title":{"rendered":"Efest LUSH Q2 Intelligent LED Charger"},"content":{"rendered":"<h2>Efest LUSH Q2 Intelligent LED Charger<\/h2>\n<p>&nbsp;<\/p>\n<p>Con el cargador LUSH Q2 de Efest, tiene espacio para cargar dos bater\u00edas a la vez.<\/p>\n<p>Puede cargar cualquier cosa, desde * 10440 hasta 26650 bater\u00edas.<\/p>\n<p>Los polos est\u00e1n hechos de acero y est\u00e1n recubiertos con cromo duro, lo que le dar\u00e1 un voltio m\u00e1s preciso al cargar la bater\u00eda.<\/p>\n<p>El cargador se carga con 1Amp con 2 bater\u00edas y 2Amp si solo carga una bater\u00eda, por lo que la carga es r\u00e1pida, y LUSH Q2, por supuesto, tiene todas las caracter\u00edsticas de protecci\u00f3n que se esperan de un cargador moderno.<\/p>\n<p>La funci\u00f3n de reanimaci\u00f3n incorporada le permite intentar reactivar las bater\u00edas sobrecargadas \/ descargadas.<\/p>\n<p><strong>Detalles:<\/strong><\/p>\n<p>Carga los siguientes tipos de bater\u00edas: 10440, 14500, 14650, 16340, 16650, 17650, 17670, 18350, 18490, 18500, 18650, 20700, 22650, 26500, 26650.<br \/>\nCargador de dos ranuras.<br \/>\nSe carga con 1Amp con 2 bater\u00edas y 2Amp si solo carga una bater\u00eda.<br \/>\nPantalla LED para cada bater\u00eda, muestra el estado de carga actual.<br \/>\nEl resorte mejorado por la bobina de ajuste de la bater\u00eda facilita la extracci\u00f3n e inserci\u00f3n de las bater\u00edas.<br \/>\nLos polos est\u00e1n hechos de acero y recubiertos con cromo1, lo que le dar\u00e1 un voltio m\u00e1s preciso al cargar la bater\u00eda.<br \/>\nPuede reactivar algunas bater\u00edas incluso si est\u00e1n completamente descargadas. (m\u00ednimo 0,6 voltios)<br \/>\nProtegido contra sobrecarga.<br \/>\nProtegido contra cortocircuito.<br \/>\nProtecci\u00f3n contra polaridad inversa.<br \/>\nDeja de cargar autom\u00e1ticamente cuando una bater\u00eda est\u00e1 completamente cargada.<br \/>\nVoltaje de entrada: 220 voltios.<\/p>\n","protected":false},"excerpt":{"rendered":"<p>Efest LUSH Q2 Intelligent LED Charger<\/p>\n","protected":false},"featured_media":239079,"comment_status":"open","ping_status":"closed","template":"","meta":{"_acf_changed":false,"_uag_custom_page_level_css":"","site-sidebar-layout":"default","site-content-layout":"default","ast-site-content-layout":"default","site-content-style":"default","site-sidebar-style":"default","ast-global-header-display":"","ast-banner-title-visibility":"","ast-main-header-display":"","ast-hfb-above-header-display":"","ast-hfb-below-header-display":"","ast-hfb-mobile-header-display":"","site-post-title":"","ast-breadcrumbs-content":"","ast-featured-img":"","footer-sml-layout":"","ast-disable-related-posts":"","theme-transparent-header-meta":"default","adv-header-id-meta":"","stick-header-meta":"default","header-above-stick-meta":"","header-main-stick-meta":"","header-below-stick-meta":"","astra-migrate-meta-layouts":"default","ast-page-background-enabled":"default","ast-page-background-meta":{"desktop":{"background-color":"","background-image":"","background-repeat":"repeat","background-position":"center center","background-size":"auto","background-attachment":"scroll","background-type":"","background-media":"","overlay-type":"","overlay-color":"","overlay-opacity":"","overlay-gradient":""},"tablet":{"background-color":"","background-image":"","background-repeat":"repeat","background-position":"center center","background-size":"auto","background-attachment":"scroll","background-type":"","background-media":"","overlay-type":"","overlay-color":"","overlay-opacity":"","overlay-gradient":""},"mobile":{"background-color":"","background-image":"","background-repeat":"repeat","background-position":"center center","background-size":"auto","background-attachment":"scroll","background-type":"","background-media":"","overlay-type":"","overlay-color":"","overlay-opacity":"","overlay-gradient":""}},"ast-content-background-meta":{"desktop":{"background-color":"var(--ast-global-color-5)","background-image":"","background-repeat":"repeat","background-position":"center center","background-size":"auto","background-attachment":"scroll","background-type":"","background-media":"","overlay-type":"","overlay-color":"","overlay-opacity":"","overlay-gradient":""},"tablet":{"background-color":"var(--ast-global-color-5)","background-image":"","background-repeat":"repeat","background-position":"center center","background-size":"auto","background-attachment":"scroll","background-type":"","background-media":"","overlay-type":"","overlay-color":"","overlay-opacity":"","overlay-gradient":""},"mobile":{"background-color":"var(--ast-global-color-5)","background-image":"","background-repeat":"repeat","background-position":"center center","background-size":"auto","background-attachment":"scroll","background-type":"","background-media":"","overlay-type":"","overlay-color":"","overlay-opacity":"","overlay-gradient":""}}},"product_brand":[],"product_cat":[1913,2197,3213,2529,2530],"product_tag":[],"class_list":{"0":"post-380214","1":"product","2":"type-product","3":"status-publish","4":"has-post-thumbnail","6":"product_cat-accesorios","7":"product_cat-cargadores","8":"product_cat-efest-es-2","9":"product_cat-hardware-es","10":"product_cat-shop-by-brand-es","11":"desktop-align-center","12":"tablet-align-center","13":"mobile-align-center","14":"ast-product-gallery-layout-horizontal-slider","15":"ast-product-gallery-with-no-image","16":"ast-product-tabs-layout-horizontal","18":"first","19":"instock","20":"sale","21":"taxable","22":"shipping-taxable","23":"purchasable","24":"product-type-simple"},"acf":[],"uagb_featured_image_src":{"full":["https:\/\/justvape.nu\/wp-content\/uploads\/2018\/02\/tilbehr-diy-efest-lush-q2-intelligent-led-oplader.jpg",800,800,false],"thumbnail":["https:\/\/justvape.nu\/wp-content\/uploads\/2018\/02\/tilbehr-diy-efest-lush-q2-intelligent-led-oplader-150x150.jpg",150,150,true],"medium":["https:\/\/justvape.nu\/wp-content\/uploads\/2018\/02\/tilbehr-diy-efest-lush-q2-intelligent-led-oplader-300x300.jpg",300,300,true],"medium_large":["https:\/\/justvape.nu\/wp-content\/uploads\/2018\/02\/tilbehr-diy-efest-lush-q2-intelligent-led-oplader-768x768.jpg",768,768,true],"large":["https:\/\/justvape.nu\/wp-content\/uploads\/2018\/02\/tilbehr-diy-efest-lush-q2-intelligent-led-oplader.jpg",800,800,false],"1536x1536":["https:\/\/justvape.nu\/wp-content\/uploads\/2018\/02\/tilbehr-diy-efest-lush-q2-intelligent-led-oplader.jpg",800,800,false],"2048x2048":["https:\/\/justvape.nu\/wp-content\/uploads\/2018\/02\/tilbehr-diy-efest-lush-q2-intelligent-led-oplader.jpg",800,800,false],"woocommerce_thumbnail":["https:\/\/justvape.nu\/wp-content\/uploads\/2018\/02\/tilbehr-diy-efest-lush-q2-intelligent-led-oplader-300x300.jpg",300,300,true],"woocommerce_single":["https:\/\/justvape.nu\/wp-content\/uploads\/2018\/02\/tilbehr-diy-efest-lush-q2-intelligent-led-oplader-600x600.jpg",600,600,true],"woocommerce_gallery_thumbnail":["https:\/\/justvape.nu\/wp-content\/uploads\/2018\/02\/tilbehr-diy-efest-lush-q2-intelligent-led-oplader-100x100.jpg",100,100,true],"dgwt-wcas-product-suggestion":["https:\/\/justvape.nu\/wp-content\/uploads\/2018\/02\/tilbehr-diy-efest-lush-q2-intelligent-led-oplader-64x64.jpg",64,64,true]},"uagb_author_info":{"display_name":"dsadmin","author_link":"https:\/\/justvape.nu\/es\/author\/"},"uagb_comment_info":0,"uagb_excerpt":"Efest LUSH Q2 Intelligent LED Charger","_links":{"self":[{"href":"https:\/\/justvape.nu\/es\/wp-json\/wp\/v2\/product\/380214","targetHints":{"allow":["GET"]}}],"collection":[{"href":"https:\/\/justvape.nu\/es\/wp-json\/wp\/v2\/product"}],"about":[{"href":"https:\/\/justvape.nu\/es\/wp-json\/wp\/v2\/types\/product"}],"replies":[{"embeddable":true,"href":"https:\/\/justvape.nu\/es\/wp-json\/wp\/v2\/comments?post=380214"}],"wp:featuredmedia":[{"embeddable":true,"href":"https:\/\/justvape.nu\/es\/wp-json\/wp\/v2\/media\/239079"}],"wp:attachment":[{"href":"https:\/\/justvape.nu\/es\/wp-json\/wp\/v2\/media?parent=380214"}],"wp:term":[{"taxonomy":"product_brand","embeddable":true,"href":"https:\/\/justvape.nu\/es\/wp-json\/wp\/v2\/product_brand?post=380214"},{"taxonomy":"product_cat","embeddable":true,"href":"https:\/\/justvape.nu\/es\/wp-json\/wp\/v2\/product_cat?post=380214"},{"taxonomy":"product_tag","embeddable":true,"href":"https:\/\/justvape.nu\/es\/wp-json\/wp\/v2\/product_tag?post=380214"}],"curies":[{"name":"wp","href":"https:\/\/api.w.org\/{rel}","templated":true}]}}