{"id":380194,"date":"2018-02-02T19:43:34","date_gmt":"2018-02-02T18:43:34","guid":{"rendered":"https:\/\/www.justvape.nu\/produkt\/bateria-samsung-25r-18650-2500mah-20a-inr18650-25r\/"},"modified":"2024-04-09T17:06:05","modified_gmt":"2024-04-09T15:06:05","slug":"samsung-inr18650-25r-2500mah","status":"publish","type":"product","link":"https:\/\/justvape.nu\/es\/produkt\/samsung-inr18650-25r-2500mah\/","title":{"rendered":"Bater\u00eda Samsung 25R 18650 2500mAh 20A &#8211; INR18650-25R"},"content":{"rendered":"<h2>Bater\u00eda Samsung 25R 18650 2500mAh 20A &#8211; INR18650-25R<\/h2>\n<div><\/div>\n<div>Esta es posiblemente la celda de tama\u00f1o de factor de forma 18650 m\u00e1s vendida y respetada en el mercado, todav\u00eda hoy. Esta celda es de muy alta calidad y tiene un precio muy econ\u00f3mico para reservarla. \u00c9sta es una celda excelentemente equilibrada en t\u00e9rminos de rendimiento y confiabilidad. Adem\u00e1s, esta celda tiene un muy buen equilibrio con una capacidad moderada-alta de 2.500 mAh de energ\u00eda, mientras que tiene una alta calificaci\u00f3n m\u00e1xima de descarga \/ drenaje continuo de 20 amperios (sin ning\u00fan corte de temperatura involucrado). Esta celda es muy estable, incluso cuando se empuja a su clasificaci\u00f3n m\u00e1xima. Esta celda tiene todo lo que podr\u00eda desear en una celda de iones de litio, como puede ver en algunos de sus atributos. Tiene muchos usos, tales como: paquetes de energ\u00eda, bancos de energ\u00eda de alto rendimiento, BMS, herramientas el\u00e9ctricas y linternas de alta potencia. Esta celda tiene una composici\u00f3n qu\u00edmica de bater\u00eda mucho m\u00e1s segura que las celdas del pasado, lo que la hace m\u00e1s estable y mucho m\u00e1s segura. Esta celda a menudo se clasifica como una celda &#8220;Ricitos de oro&#8221;, debido a su versatilidad y todos sus atributos. Esta celda ha pasado la prueba del tiempo y marca casi todas las casillas que razonablemente puede imaginar. No es de extra\u00f1ar por qu\u00e9 tiene una historia tan venerable y un favorito de los consumidores.<\/div>\n<h3><a href=\"https:\/\/www.justvape.nu\/wp-content\/uploads\/2018\/02\/samsung_25r_data_sheet.pdf\">Hoja de datos de Samsung 25R<\/a><\/h3>\n<h4>Especificaciones de Samsung 25R<\/h4>\n<ul>\n<li>Modelo: Samsung 25R \/ INR18650-25R<\/li>\n<li>Tama\u00f1o: 18650<\/li>\n<li>Estilo: tapa plana<\/li>\n<li>Protegido: No<\/li>\n<li>Recargable: si<\/li>\n<li>Capacidad nominal: 2500 mAh<\/li>\n<li>Clasificaci\u00f3n de descarga continua: 20A<\/li>\n<li>Voltaje nominal: 3,6 V<\/li>\n<li>Dimensiones aproximadas: 18,33 mm x 64,85 mm<\/li>\n<li>Peso aproximado: 43,8 g<\/li>\n<\/ul>\n<hr>\n<h4>Informaci\u00f3n de seguridad de Samsung SDI<br \/>\n<a href=\"https:\/\/www.samsungsdi.com\/lithium-ion-battery\/safe-information.html\" target=\"_blank\" rel=\"noopener noreferrer\">&#8220;Carga, uso y manipulaci\u00f3n de bater\u00edas de iones de litio de tama\u00f1o peque\u00f1o&#8221;<\/a><\/h4>\n<h4><\/h4>\n<h4>ADVERTENCIA:<\/h4>\n<div>El usuario debe tener un conocimiento adecuado de las bater\u00edas de iones de litio antes de comprarlas. Tenga cuidado al trabajar y utilizar bater\u00edas de iones de litio, ya que son muy sensibles a las caracter\u00edsticas de carga y pueden explotar, quemarse o provocar un incendio si se utilizan o manipulan incorrectamente. Cargue siempre en o sobre una superficie a prueba de fuego. Nunca deje las bater\u00edas cargando sin supervisi\u00f3n. Esta bater\u00eda se vende para el uso de integraciones de sistemas con circuitos de protecci\u00f3n adecuados o paquetes de bater\u00edas con un sistema de gesti\u00f3n de bater\u00edas o PCB (placa de circuito \/ m\u00f3dulo). El comprador es responsable de cualquier da\u00f1o o lesi\u00f3n causada por el mal uso o el mal manejo de las bater\u00edas y cargadores de iones de litio. Cargue solo con un cargador inteligente dise\u00f1ado para este tipo espec\u00edfico de bater\u00eda de iones de litio.<\/div>\n<p>&nbsp;<\/p>\n<ul>\n<li>EL USO INCORRECTO O EL MANEJO INCORRECTO DE LAS BATER\u00cdAS DE IONES DE LITIO PUEDE PRESENTAR UN RIESGO GRAVE DE LESIONES PERSONALES, DA\u00d1OS A LA PROPIEDAD O LA MUERTE<\/li>\n<li>LAS BATER\u00cdAS PUEDEN EXPLOTAR, QUEMAR O PROVOCAR UN INCENDIO SI SE UTILIZAN O SE MANEJAN DE FORMA INCORRECTA<\/li>\n<li>UTILICE \u00daNICAMENTE CON LOS CIRCUITOS ADECUADOS EN UN PAQUETE DE BATER\u00cdA PROTEGIDO<\/li>\n<li>UTILICE \u00daNICAMENTE DENTRO DE LAS ESPECIFICACIONES INDICADAS POR EL FABRICANTE<\/li>\n<li>NO GUARDE LA BATER\u00cdA SUELTA EN UN BOLSILLO, MONEDERO, ETC. &#8211; UTILICE SIEMPRE UNA FUNDA O CAJA DE PROTECCI\u00d3N<\/li>\n<li>MANTENER ALEJADO de objetos met\u00e1licos para evitar cortocircuitos<\/li>\n<li>No haga cortocircuito<\/li>\n<li>NO lo use si la envoltura o el aislante est\u00e1n da\u00f1ados o rasgados<\/li>\n<li>NO lo use si est\u00e1 da\u00f1ado de alguna manera<\/li>\n<li>NO sobrecargue ni descargue demasiado<\/li>\n<li>NO modifique, desmonte, perfore, corte, aplaste ni incinere<\/li>\n<li>NO lo exponga a l\u00edquidos ni a altas temperaturas<\/li>\n<li>NO suelde, solo por puntos<\/li>\n<li>El usuario debe estar familiarizado con el manejo de bater\u00edas de iones de litio antes de comprar<\/li>\n<li>El uso de bater\u00edas es BAJO SU PROPIO RIESGO<\/li>\n<li>SIEMPRE cargue en o sobre una superficie a prueba de fuego y nunca deje las bater\u00edas de carga desatendidas<\/li>\n<li>LOS DISTRIBUIDORES DEBEN ENVIAR TODAS LAS ADVERTENCIAS A TODOS LOS CLIENTES PARA SU REFERENCIA Y SEGURIDAD<\/li>\n<\/ul>\n","protected":false},"excerpt":{"rendered":"<p>Bater\u00eda Samsung 25R 18650 2500mAh 20A &#8211; INR18650-25R<\/p>\n","protected":false},"featured_media":215095,"comment_status":"open","ping_status":"closed","template":"","meta":{"_acf_changed":false,"_uag_custom_page_level_css":"","site-sidebar-layout":"default","site-content-layout":"default","ast-site-content-layout":"default","site-content-style":"default","site-sidebar-style":"default","ast-global-header-display":"","ast-banner-title-visibility":"","ast-main-header-display":"","ast-hfb-above-header-display":"","ast-hfb-below-header-display":"","ast-hfb-mobile-header-display":"","site-post-title":"","ast-breadcrumbs-content":"","ast-featured-img":"","footer-sml-layout":"","ast-disable-related-posts":"","theme-transparent-header-meta":"default","adv-header-id-meta":"","stick-header-meta":"default","header-above-stick-meta":"","header-main-stick-meta":"","header-below-stick-meta":"","astra-migrate-meta-layouts":"default","ast-page-background-enabled":"default","ast-page-background-meta":{"desktop":{"background-color":"","background-image":"","background-repeat":"repeat","background-position":"center center","background-size":"auto","background-attachment":"scroll","background-type":"","background-media":"","overlay-type":"","overlay-color":"","overlay-opacity":"","overlay-gradient":""},"tablet":{"background-color":"","background-image":"","background-repeat":"repeat","background-position":"center center","background-size":"auto","background-attachment":"scroll","background-type":"","background-media":"","overlay-type":"","overlay-color":"","overlay-opacity":"","overlay-gradient":""},"mobile":{"background-color":"","background-image":"","background-repeat":"repeat","background-position":"center center","background-size":"auto","background-attachment":"scroll","background-type":"","background-media":"","overlay-type":"","overlay-color":"","overlay-opacity":"","overlay-gradient":""}},"ast-content-background-meta":{"desktop":{"background-color":"var(--ast-global-color-5)","background-image":"","background-repeat":"repeat","background-position":"center center","background-size":"auto","background-attachment":"scroll","background-type":"","background-media":"","overlay-type":"","overlay-color":"","overlay-opacity":"","overlay-gradient":""},"tablet":{"background-color":"var(--ast-global-color-5)","background-image":"","background-repeat":"repeat","background-position":"center center","background-size":"auto","background-attachment":"scroll","background-type":"","background-media":"","overlay-type":"","overlay-color":"","overlay-opacity":"","overlay-gradient":""},"mobile":{"background-color":"var(--ast-global-color-5)","background-image":"","background-repeat":"repeat","background-position":"center center","background-size":"auto","background-attachment":"scroll","background-type":"","background-media":"","overlay-type":"","overlay-color":"","overlay-opacity":"","overlay-gradient":""}}},"product_brand":[],"product_cat":[2337,2177,2529,3352,2530],"product_tag":[],"class_list":{"0":"post-380194","1":"product","2":"type-product","3":"status-publish","4":"has-post-thumbnail","6":"product_cat-18650-es","7":"product_cat-celdas-de-la-bateria","8":"product_cat-hardware-es","9":"product_cat-samsung-es-2","10":"product_cat-shop-by-brand-es","11":"product_shipping_class-batteries-es","12":"desktop-align-center","13":"tablet-align-center","14":"mobile-align-center","15":"ast-product-gallery-layout-horizontal-slider","16":"ast-product-gallery-with-no-image","17":"ast-product-tabs-layout-horizontal","19":"first","20":"instock","21":"sale","22":"taxable","23":"shipping-taxable","24":"purchasable","25":"product-type-simple"},"acf":[],"uagb_featured_image_src":{"full":["https:\/\/justvape.nu\/wp-content\/uploads\/2018\/02\/samsung-inr18650-25r-high-drain-battery-2500mah.jpg",800,800,false],"thumbnail":["https:\/\/justvape.nu\/wp-content\/uploads\/2018\/02\/samsung-inr18650-25r-high-drain-battery-2500mah-150x150.jpg",150,150,true],"medium":["https:\/\/justvape.nu\/wp-content\/uploads\/2018\/02\/samsung-inr18650-25r-high-drain-battery-2500mah-300x300.jpg",300,300,true],"medium_large":["https:\/\/justvape.nu\/wp-content\/uploads\/2018\/02\/samsung-inr18650-25r-high-drain-battery-2500mah-768x768.jpg",768,768,true],"large":["https:\/\/justvape.nu\/wp-content\/uploads\/2018\/02\/samsung-inr18650-25r-high-drain-battery-2500mah.jpg",800,800,false],"1536x1536":["https:\/\/justvape.nu\/wp-content\/uploads\/2018\/02\/samsung-inr18650-25r-high-drain-battery-2500mah.jpg",800,800,false],"2048x2048":["https:\/\/justvape.nu\/wp-content\/uploads\/2018\/02\/samsung-inr18650-25r-high-drain-battery-2500mah.jpg",800,800,false],"woocommerce_thumbnail":["https:\/\/justvape.nu\/wp-content\/uploads\/2018\/02\/samsung-inr18650-25r-high-drain-battery-2500mah-300x300.jpg",300,300,true],"woocommerce_single":["https:\/\/justvape.nu\/wp-content\/uploads\/2018\/02\/samsung-inr18650-25r-high-drain-battery-2500mah-600x600.jpg",600,600,true],"woocommerce_gallery_thumbnail":["https:\/\/justvape.nu\/wp-content\/uploads\/2018\/02\/samsung-inr18650-25r-high-drain-battery-2500mah-100x100.jpg",100,100,true],"dgwt-wcas-product-suggestion":["https:\/\/justvape.nu\/wp-content\/uploads\/2018\/02\/samsung-inr18650-25r-high-drain-battery-2500mah-64x64.jpg",64,64,true]},"uagb_author_info":{"display_name":"dsadmin","author_link":"https:\/\/justvape.nu\/es\/author\/"},"uagb_comment_info":0,"uagb_excerpt":"Bater\u00eda Samsung 25R 18650 2500mAh 20A - INR18650-25R","_links":{"self":[{"href":"https:\/\/justvape.nu\/es\/wp-json\/wp\/v2\/product\/380194","targetHints":{"allow":["GET"]}}],"collection":[{"href":"https:\/\/justvape.nu\/es\/wp-json\/wp\/v2\/product"}],"about":[{"href":"https:\/\/justvape.nu\/es\/wp-json\/wp\/v2\/types\/product"}],"replies":[{"embeddable":true,"href":"https:\/\/justvape.nu\/es\/wp-json\/wp\/v2\/comments?post=380194"}],"wp:featuredmedia":[{"embeddable":true,"href":"https:\/\/justvape.nu\/es\/wp-json\/wp\/v2\/media\/215095"}],"wp:attachment":[{"href":"https:\/\/justvape.nu\/es\/wp-json\/wp\/v2\/media?parent=380194"}],"wp:term":[{"taxonomy":"product_brand","embeddable":true,"href":"https:\/\/justvape.nu\/es\/wp-json\/wp\/v2\/product_brand?post=380194"},{"taxonomy":"product_cat","embeddable":true,"href":"https:\/\/justvape.nu\/es\/wp-json\/wp\/v2\/product_cat?post=380194"},{"taxonomy":"product_tag","embeddable":true,"href":"https:\/\/justvape.nu\/es\/wp-json\/wp\/v2\/product_tag?post=380194"}],"curies":[{"name":"wp","href":"https:\/\/api.w.org\/{rel}","templated":true}]}}