{"id":380110,"date":"2018-02-02T19:43:22","date_gmt":"2018-02-02T18:43:22","guid":{"rendered":"https:\/\/www.justvape.nu\/produkt\/cargador-inteligente-efest-slim-k1\/"},"modified":"2024-02-18T17:28:15","modified_gmt":"2024-02-18T16:28:15","slug":"efest-slim-k1-intelligent-charger","status":"publish","type":"product","link":"https:\/\/justvape.nu\/es\/produkt\/efest-slim-k1-intelligent-charger\/","title":{"rendered":"Cargador inteligente Efest SLIM K1"},"content":{"rendered":"<h2>Cargador inteligente Efest SLIM K1<\/h2>\n<p>&nbsp;<\/p>\n<p>El cargador de bater\u00eda Efest Slim K1 Single Bay es un cargador de bater\u00eda inteligente capaz de cargar una sola c\u00e9lula. El compartimento para pilas utiliza un muelle de cuerda de piano que proporciona un deslizamiento suave al instalar y extraer las pilas. Como en todos sus dispositivos, Efest ha incluido una pantalla LED v\u00edvida e intuitiva, que muestra al usuario cu\u00e1ndo se est\u00e1n cargando las bater\u00edas y cu\u00e1ndo est\u00e1n completamente cargadas, con funci\u00f3n de parada autom\u00e1tica. El cargador Efest Slim K1 dispone de protecci\u00f3n contra polaridad inversa, cortocircuitos, sobrecarga y muchas m\u00e1s funciones de seguridad. Echa un vistazo a nuestra gama de pilas recargables y \u00a1a vapear!<\/p>\n<p>Compatible con: 10440, 14500, 14650, 16340, 16650, 17650, 17670, 18350, 18490, 18500, 18650, 20700, 21700, 26500, 26650<\/p>\n<p>Nota: Este cargador no incluye pilas. Las pilas pueden adquirirse por separado en nuestra p\u00e1gina de accesorios o siguiendo este enlace.<\/p>\n<p><strong>Contenido del kit:<\/strong><\/p>\n<p>Contenido:<br \/>\n&#8211; 1 x Cargador Efest Slim K1<br \/>\n&#8211; 1 cable USB<\/p>\n<p><strong>Caracter\u00edsticas:<\/strong><\/p>\n<p>&#8211; Modo de carga r\u00e1pida: 1.0A<br \/>\n&#8211; Se adapta a varias bater\u00edas de iones de litio de 3,6 V y 3,7 V<br \/>\n&#8211; Protecci\u00f3n contra polaridad inversa<br \/>\n&#8211; Funci\u00f3n de activaci\u00f3n<br \/>\n&#8211; Funci\u00f3n de carga con detecci\u00f3n autom\u00e1tica<br \/>\n&#8211; Protecci\u00f3n contra sobrecarga<br \/>\n&#8211; Protecci\u00f3n contra cortocircuitos<br \/>\n&#8211; Certificado CE y RoHS<br \/>\n&#8211; El muelle de cuerda de piano proporciona un deslizamiento suave al instalar y extraer la pila<br \/>\n&#8211; El c\u00e1todo de acero con baja resistencia y cromado duro consigue una tensi\u00f3n de carga m\u00e1s precisa<br \/>\n&#8211; Potencia de entrada de CA: AC 100~240V 50\/60Hz<br \/>\n&#8211; Potencia de salida de CC: DC 5V 1A<br \/>\n&#8211; Tensi\u00f3n de desconexi\u00f3n autom\u00e1tica: 4,20+\/-0,5V<br \/>\n&#8211; Corriente de espera: &lt;20mA<br \/>\n&#8211; Tensi\u00f3n de recarga autom\u00e1tica: 4,10+\/-0,10V<br \/>\n&#8211; Temperatura de almacenamiento: 40-70 C<br \/>\n&#8211; Alimentaci\u00f3n de entrada de CC: DC 5V 1A<br \/>\n&#8211; 1A Corriente CC: 1000mA+\/-10%.<br \/>\n&#8211; Corriente de corte CV: ,100mA<br \/>\n&#8211; Corriente de activaci\u00f3n: 50mA~100mA<br \/>\n&#8211; Temperatura de funcionamiento: 0-40C<\/p>\n<p><strong>Compatibilidad:<\/strong><br \/>\nCompatible con bater\u00edas 18650 vaping mod. Compatible tambi\u00e9n con bater\u00edas 10440\/14500\/14650\/16340\/17335\/17500\/17670\/18350\/18490\/18500\/18650\/18700\/20700\/21700\/22650\/25500\/26650 3.6V\/3.7V Li-ion<\/p>\n","protected":false},"excerpt":{"rendered":"<p>Cargador inteligente Efest SLIM K1<\/p>\n","protected":false},"featured_media":239169,"comment_status":"open","ping_status":"closed","template":"","meta":{"_acf_changed":false,"_uag_custom_page_level_css":"","site-sidebar-layout":"default","site-content-layout":"default","ast-site-content-layout":"default","site-content-style":"default","site-sidebar-style":"default","ast-global-header-display":"","ast-banner-title-visibility":"","ast-main-header-display":"","ast-hfb-above-header-display":"","ast-hfb-below-header-display":"","ast-hfb-mobile-header-display":"","site-post-title":"","ast-breadcrumbs-content":"","ast-featured-img":"","footer-sml-layout":"","ast-disable-related-posts":"","theme-transparent-header-meta":"default","adv-header-id-meta":"","stick-header-meta":"default","header-above-stick-meta":"","header-main-stick-meta":"","header-below-stick-meta":"","astra-migrate-meta-layouts":"default","ast-page-background-enabled":"default","ast-page-background-meta":{"desktop":{"background-color":"","background-image":"","background-repeat":"repeat","background-position":"center center","background-size":"auto","background-attachment":"scroll","background-type":"","background-media":"","overlay-type":"","overlay-color":"","overlay-opacity":"","overlay-gradient":""},"tablet":{"background-color":"","background-image":"","background-repeat":"repeat","background-position":"center center","background-size":"auto","background-attachment":"scroll","background-type":"","background-media":"","overlay-type":"","overlay-color":"","overlay-opacity":"","overlay-gradient":""},"mobile":{"background-color":"","background-image":"","background-repeat":"repeat","background-position":"center center","background-size":"auto","background-attachment":"scroll","background-type":"","background-media":"","overlay-type":"","overlay-color":"","overlay-opacity":"","overlay-gradient":""}},"ast-content-background-meta":{"desktop":{"background-color":"var(--ast-global-color-5)","background-image":"","background-repeat":"repeat","background-position":"center center","background-size":"auto","background-attachment":"scroll","background-type":"","background-media":"","overlay-type":"","overlay-color":"","overlay-opacity":"","overlay-gradient":""},"tablet":{"background-color":"var(--ast-global-color-5)","background-image":"","background-repeat":"repeat","background-position":"center center","background-size":"auto","background-attachment":"scroll","background-type":"","background-media":"","overlay-type":"","overlay-color":"","overlay-opacity":"","overlay-gradient":""},"mobile":{"background-color":"var(--ast-global-color-5)","background-image":"","background-repeat":"repeat","background-position":"center center","background-size":"auto","background-attachment":"scroll","background-type":"","background-media":"","overlay-type":"","overlay-color":"","overlay-opacity":"","overlay-gradient":""}}},"product_brand":[],"product_cat":[1913,2197,3213,2529,2530],"product_tag":[],"class_list":{"0":"post-380110","1":"product","2":"type-product","3":"status-publish","4":"has-post-thumbnail","6":"product_cat-accesorios","7":"product_cat-cargadores","8":"product_cat-efest-es-2","9":"product_cat-hardware-es","10":"product_cat-shop-by-brand-es","11":"desktop-align-center","12":"tablet-align-center","13":"mobile-align-center","14":"ast-product-gallery-layout-horizontal-slider","15":"ast-product-gallery-with-no-image","16":"ast-product-tabs-layout-horizontal","18":"first","19":"instock","20":"sale","21":"taxable","22":"shipping-taxable","23":"purchasable","24":"product-type-simple"},"acf":[],"uagb_featured_image_src":{"full":["https:\/\/justvape.nu\/wp-content\/uploads\/2018\/02\/efest-slim-k1-intelligent-charger.jpg",800,800,false],"thumbnail":["https:\/\/justvape.nu\/wp-content\/uploads\/2018\/02\/efest-slim-k1-intelligent-charger-150x150.jpg",150,150,true],"medium":["https:\/\/justvape.nu\/wp-content\/uploads\/2018\/02\/efest-slim-k1-intelligent-charger-300x300.jpg",300,300,true],"medium_large":["https:\/\/justvape.nu\/wp-content\/uploads\/2018\/02\/efest-slim-k1-intelligent-charger-768x768.jpg",768,768,true],"large":["https:\/\/justvape.nu\/wp-content\/uploads\/2018\/02\/efest-slim-k1-intelligent-charger.jpg",800,800,false],"1536x1536":["https:\/\/justvape.nu\/wp-content\/uploads\/2018\/02\/efest-slim-k1-intelligent-charger.jpg",800,800,false],"2048x2048":["https:\/\/justvape.nu\/wp-content\/uploads\/2018\/02\/efest-slim-k1-intelligent-charger.jpg",800,800,false],"woocommerce_thumbnail":["https:\/\/justvape.nu\/wp-content\/uploads\/2018\/02\/efest-slim-k1-intelligent-charger-300x300.jpg",300,300,true],"woocommerce_single":["https:\/\/justvape.nu\/wp-content\/uploads\/2018\/02\/efest-slim-k1-intelligent-charger-600x600.jpg",600,600,true],"woocommerce_gallery_thumbnail":["https:\/\/justvape.nu\/wp-content\/uploads\/2018\/02\/efest-slim-k1-intelligent-charger-100x100.jpg",100,100,true],"dgwt-wcas-product-suggestion":["https:\/\/justvape.nu\/wp-content\/uploads\/2018\/02\/efest-slim-k1-intelligent-charger-64x64.jpg",64,64,true]},"uagb_author_info":{"display_name":"dsadmin","author_link":"https:\/\/justvape.nu\/es\/author\/"},"uagb_comment_info":0,"uagb_excerpt":"Cargador inteligente Efest SLIM K1","_links":{"self":[{"href":"https:\/\/justvape.nu\/es\/wp-json\/wp\/v2\/product\/380110","targetHints":{"allow":["GET"]}}],"collection":[{"href":"https:\/\/justvape.nu\/es\/wp-json\/wp\/v2\/product"}],"about":[{"href":"https:\/\/justvape.nu\/es\/wp-json\/wp\/v2\/types\/product"}],"replies":[{"embeddable":true,"href":"https:\/\/justvape.nu\/es\/wp-json\/wp\/v2\/comments?post=380110"}],"wp:featuredmedia":[{"embeddable":true,"href":"https:\/\/justvape.nu\/es\/wp-json\/wp\/v2\/media\/239169"}],"wp:attachment":[{"href":"https:\/\/justvape.nu\/es\/wp-json\/wp\/v2\/media?parent=380110"}],"wp:term":[{"taxonomy":"product_brand","embeddable":true,"href":"https:\/\/justvape.nu\/es\/wp-json\/wp\/v2\/product_brand?post=380110"},{"taxonomy":"product_cat","embeddable":true,"href":"https:\/\/justvape.nu\/es\/wp-json\/wp\/v2\/product_cat?post=380110"},{"taxonomy":"product_tag","embeddable":true,"href":"https:\/\/justvape.nu\/es\/wp-json\/wp\/v2\/product_tag?post=380110"}],"curies":[{"name":"wp","href":"https:\/\/api.w.org\/{rel}","templated":true}]}}