{"id":380085,"date":"2018-02-02T19:43:22","date_gmt":"2018-02-02T18:43:22","guid":{"rendered":"https:\/\/www.justvape.nu\/produkt\/cargador-led-inteligente-efest-lush-q4\/"},"modified":"2021-09-12T02:21:51","modified_gmt":"2021-09-12T00:21:51","slug":"efest-lush-q4-inteligente-led-oplader","status":"publish","type":"product","link":"https:\/\/justvape.nu\/es\/produkt\/efest-lush-q4-inteligente-led-oplader\/","title":{"rendered":"Efest LUSH Q4 Intelligent LED Charger"},"content":{"rendered":"<h2>Efest LUSH Q4 Intelligent LED Charger<\/h2>\n<p>&nbsp;<\/p>\n<p>Con el cargador LUSH Q4 de Efest, tiene espacio para cargar 4 bater\u00edas a la vez.<\/p>\n<p>Puede cargar cualquier cosa, desde 10440 hasta 26650 bater\u00edas.<\/p>\n<p>Los polos est\u00e1n hechos de acero y est\u00e1n revestidos con cromo duro1, que proporciona un voltio muy preciso cuando se carga.<\/p>\n<p>El cargador se carga con 0.5Amp con 3 o 4 bater\u00edas, 1Ampere con 2 bater\u00edas y 2Ampere si acopla una bater\u00eda; en otras palabras, un tiempo de carga realmente r\u00e1pido.<br \/>\nPor supuesto, el HUSH Q4 tiene todas las caracter\u00edsticas de protecci\u00f3n que se esperan de un cargador moderno.<\/p>\n<p>La funci\u00f3n de reanimaci\u00f3n incorporada le permite revivir bater\u00edas sobrecargadas \/ descargadas.<\/p>\n<p><strong>Detalles:<\/strong><\/p>\n<p>Carga los siguientes tipos de bater\u00edas: 10440, 14500, 14650, 16340, 16650, 17650, 17670, 18350, 18490, 18500, 18650, 20700, 22650, 26500, 26650.<br \/>\nCargador de 4 ranuras.<br \/>\nSe carga con 0.5 amperios con 3 y 4 bater\u00edas, 1 amperio con 2 bater\u00edas y 2 amperios si solo carga una bater\u00eda a la vez.<br \/>\nPantalla LED para cada bater\u00eda, muestra el estado de carga actual.<br \/>\nEl resorte mejorado por la bobina de ajuste de la bater\u00eda facilita la extracci\u00f3n e inserci\u00f3n de las bater\u00edas.<br \/>\nLos polos est\u00e1n hechos de acero y recubiertos con cromo1, lo que le dar\u00e1 un voltio m\u00e1s preciso al cargar la bater\u00eda.<br \/>\nPuede reactivar algunas bater\u00edas incluso si est\u00e1n completamente descargadas. (m\u00ednimo 0,6 voltios)<br \/>\nProtegido contra sobrecarga.<br \/>\nProtegido contra cortocircuito.<br \/>\nProtecci\u00f3n contra polaridad inversa.<br \/>\nDeja de cargar autom\u00e1ticamente cuando una bater\u00eda est\u00e1 completamente cargada.<br \/>\nVoltaje de entrada: 220 voltios.<\/p>\n","protected":false},"excerpt":{"rendered":"<p>Efest LUSH Q4 Intelligent LED Charger<\/p>\n","protected":false},"featured_media":239099,"comment_status":"open","ping_status":"closed","template":"","meta":{"_acf_changed":false,"_uag_custom_page_level_css":"","site-sidebar-layout":"default","site-content-layout":"default","ast-site-content-layout":"default","site-content-style":"default","site-sidebar-style":"default","ast-global-header-display":"","ast-banner-title-visibility":"","ast-main-header-display":"","ast-hfb-above-header-display":"","ast-hfb-below-header-display":"","ast-hfb-mobile-header-display":"","site-post-title":"","ast-breadcrumbs-content":"","ast-featured-img":"","footer-sml-layout":"","ast-disable-related-posts":"","theme-transparent-header-meta":"default","adv-header-id-meta":"","stick-header-meta":"default","header-above-stick-meta":"","header-main-stick-meta":"","header-below-stick-meta":"","astra-migrate-meta-layouts":"default","ast-page-background-enabled":"default","ast-page-background-meta":{"desktop":{"background-color":"","background-image":"","background-repeat":"repeat","background-position":"center center","background-size":"auto","background-attachment":"scroll","background-type":"","background-media":"","overlay-type":"","overlay-color":"","overlay-opacity":"","overlay-gradient":""},"tablet":{"background-color":"","background-image":"","background-repeat":"repeat","background-position":"center center","background-size":"auto","background-attachment":"scroll","background-type":"","background-media":"","overlay-type":"","overlay-color":"","overlay-opacity":"","overlay-gradient":""},"mobile":{"background-color":"","background-image":"","background-repeat":"repeat","background-position":"center center","background-size":"auto","background-attachment":"scroll","background-type":"","background-media":"","overlay-type":"","overlay-color":"","overlay-opacity":"","overlay-gradient":""}},"ast-content-background-meta":{"desktop":{"background-color":"var(--ast-global-color-5)","background-image":"","background-repeat":"repeat","background-position":"center center","background-size":"auto","background-attachment":"scroll","background-type":"","background-media":"","overlay-type":"","overlay-color":"","overlay-opacity":"","overlay-gradient":""},"tablet":{"background-color":"var(--ast-global-color-5)","background-image":"","background-repeat":"repeat","background-position":"center center","background-size":"auto","background-attachment":"scroll","background-type":"","background-media":"","overlay-type":"","overlay-color":"","overlay-opacity":"","overlay-gradient":""},"mobile":{"background-color":"var(--ast-global-color-5)","background-image":"","background-repeat":"repeat","background-position":"center center","background-size":"auto","background-attachment":"scroll","background-type":"","background-media":"","overlay-type":"","overlay-color":"","overlay-opacity":"","overlay-gradient":""}}},"product_brand":[],"product_cat":[1913,2197,3213,2529,2530],"product_tag":[],"class_list":{"0":"post-380085","1":"product","2":"type-product","3":"status-publish","4":"has-post-thumbnail","6":"product_cat-accesorios","7":"product_cat-cargadores","8":"product_cat-efest-es-2","9":"product_cat-hardware-es","10":"product_cat-shop-by-brand-es","11":"desktop-align-center","12":"tablet-align-center","13":"mobile-align-center","14":"ast-product-gallery-layout-horizontal-slider","15":"ast-product-tabs-layout-horizontal","17":"first","18":"instock","19":"sale","20":"taxable","21":"shipping-taxable","22":"purchasable","23":"product-type-simple"},"acf":[],"uagb_featured_image_src":{"full":["https:\/\/justvape.nu\/wp-content\/uploads\/2018\/02\/LUSHQ4.jpg",1000,1000,false],"thumbnail":["https:\/\/justvape.nu\/wp-content\/uploads\/2018\/02\/LUSHQ4-150x150.jpg",150,150,true],"medium":["https:\/\/justvape.nu\/wp-content\/uploads\/2018\/02\/LUSHQ4-300x300.jpg",300,300,true],"medium_large":["https:\/\/justvape.nu\/wp-content\/uploads\/2018\/02\/LUSHQ4-768x768.jpg",768,768,true],"large":["https:\/\/justvape.nu\/wp-content\/uploads\/2018\/02\/LUSHQ4.jpg",1000,1000,false],"1536x1536":["https:\/\/justvape.nu\/wp-content\/uploads\/2018\/02\/LUSHQ4.jpg",1000,1000,false],"2048x2048":["https:\/\/justvape.nu\/wp-content\/uploads\/2018\/02\/LUSHQ4.jpg",1000,1000,false],"woocommerce_thumbnail":["https:\/\/justvape.nu\/wp-content\/uploads\/2018\/02\/LUSHQ4-300x300.jpg",300,300,true],"woocommerce_single":["https:\/\/justvape.nu\/wp-content\/uploads\/2018\/02\/LUSHQ4-600x600.jpg",600,600,true],"woocommerce_gallery_thumbnail":["https:\/\/justvape.nu\/wp-content\/uploads\/2018\/02\/LUSHQ4-100x100.jpg",100,100,true],"dgwt-wcas-product-suggestion":["https:\/\/justvape.nu\/wp-content\/uploads\/2018\/02\/LUSHQ4-64x64.jpg",64,64,true]},"uagb_author_info":{"display_name":"dsadmin","author_link":"https:\/\/justvape.nu\/es\/author\/"},"uagb_comment_info":0,"uagb_excerpt":"Efest LUSH Q4 Intelligent LED Charger","_links":{"self":[{"href":"https:\/\/justvape.nu\/es\/wp-json\/wp\/v2\/product\/380085","targetHints":{"allow":["GET"]}}],"collection":[{"href":"https:\/\/justvape.nu\/es\/wp-json\/wp\/v2\/product"}],"about":[{"href":"https:\/\/justvape.nu\/es\/wp-json\/wp\/v2\/types\/product"}],"replies":[{"embeddable":true,"href":"https:\/\/justvape.nu\/es\/wp-json\/wp\/v2\/comments?post=380085"}],"wp:featuredmedia":[{"embeddable":true,"href":"https:\/\/justvape.nu\/es\/wp-json\/wp\/v2\/media\/239099"}],"wp:attachment":[{"href":"https:\/\/justvape.nu\/es\/wp-json\/wp\/v2\/media?parent=380085"}],"wp:term":[{"taxonomy":"product_brand","embeddable":true,"href":"https:\/\/justvape.nu\/es\/wp-json\/wp\/v2\/product_brand?post=380085"},{"taxonomy":"product_cat","embeddable":true,"href":"https:\/\/justvape.nu\/es\/wp-json\/wp\/v2\/product_cat?post=380085"},{"taxonomy":"product_tag","embeddable":true,"href":"https:\/\/justvape.nu\/es\/wp-json\/wp\/v2\/product_tag?post=380085"}],"curies":[{"name":"wp","href":"https:\/\/api.w.org\/{rel}","templated":true}]}}