{"id":378564,"date":"2019-09-08T12:47:50","date_gmt":"2019-09-08T10:47:50","guid":{"rendered":"https:\/\/www.justvape.nu\/produkt\/bobinas-hw-de-la-serie-eleaf-ello\/"},"modified":"2024-04-09T16:37:51","modified_gmt":"2024-04-09T14:37:51","slug":"bobinas-eleaf-ello-series-hw","status":"publish","type":"product","link":"https:\/\/justvape.nu\/es\/produkt\/bobinas-eleaf-ello-series-hw\/","title":{"rendered":"Eleaf Ello Series HW Coils"},"content":{"rendered":"<h2>Eleaf Ello Series HW Coils<\/h2>\n<p>Aqu\u00ed vienen las bobinas Eleaf HW-M 0.15ohm y las bobinas HW-N 0.2ohm. Los cabezales HW reci\u00e9n agregados est\u00e1n dise\u00f1ados para el atomizador ELLO Duro y tambi\u00e9n son compatibles con otros atomizadores de la serie Ello. Con los sistemas \u00fanicos de bobina de red y bobina de orificios m\u00faltiples, el cabezal de bobina HW-M (MESH) \/ HW-N (NET) le brindar\u00e1 un excelente vapeo con un sabor limpio y una gran producci\u00f3n de vapor.<\/p>\n<p>Tambi\u00e9n se adapta al kit IJust 3<\/p>\n<p><img loading=\"lazy\" decoding=\"async\" class=\"alignnone size-full wp-image-45726\" src=\"https:\/\/www.justvape.nu\/wp-content\/uploads\/2018\/05\/hw-n24324.jpg\" alt=\"\" width=\"950\" height=\"376\" title=\"\" srcset=\"https:\/\/justvape.nu\/wp-content\/uploads\/2018\/05\/hw-n24324.jpg 950w, https:\/\/justvape.nu\/wp-content\/uploads\/2018\/05\/hw-n24324-555x220.jpg 555w, https:\/\/justvape.nu\/wp-content\/uploads\/2018\/05\/hw-n24324-64x25.jpg 64w, https:\/\/justvape.nu\/wp-content\/uploads\/2018\/05\/hw-n24324-300x119.jpg 300w, https:\/\/justvape.nu\/wp-content\/uploads\/2018\/05\/hw-n24324-768x304.jpg 768w, https:\/\/justvape.nu\/wp-content\/uploads\/2018\/05\/hw-n24324-24x9.jpg 24w, https:\/\/justvape.nu\/wp-content\/uploads\/2018\/05\/hw-n24324-36x14.jpg 36w, https:\/\/justvape.nu\/wp-content\/uploads\/2018\/05\/hw-n24324-48x19.jpg 48w\" sizes=\"auto, (max-width: 950px) 100vw, 950px\" \/><\/p>\n<p>&nbsp;<\/p>\n<p><img loading=\"lazy\" decoding=\"async\" class=\"alignnone size-full wp-image-18993\" src=\"https:\/\/www.justvape.nu\/wp-content\/uploads\/2018\/05\/Specifications.png\" alt=\"\" width=\"950\" height=\"64\" title=\"\" srcset=\"https:\/\/justvape.nu\/wp-content\/uploads\/2018\/05\/Specifications.png 950w, https:\/\/justvape.nu\/wp-content\/uploads\/2018\/05\/Specifications-555x37.png 555w, https:\/\/justvape.nu\/wp-content\/uploads\/2018\/05\/Specifications-64x4.png 64w, https:\/\/justvape.nu\/wp-content\/uploads\/2018\/05\/Specifications-300x20.png 300w, https:\/\/justvape.nu\/wp-content\/uploads\/2018\/05\/Specifications-768x52.png 768w\" sizes=\"auto, (max-width: 950px) 100vw, 950px\" \/><\/p>\n<p><strong>Par\u00e1metros<\/strong><\/p>\n<p>Cantidad: 5 piezas \/ paquete<\/p>\n<p>Bobina simple HW1 40-80W<\/p>\n<p>HW2: bobina doble de 30-70 W<\/p>\n<p>HW3: bobina triple 50-130W<\/p>\n<p>HW4: Bobina cu\u00e1druple de 40-110W<\/p>\n<p>&nbsp;<\/p>\n<p><strong>Par\u00e1metros<\/strong><\/p>\n<p>Cantidad: 5 piezas \/ paquete<br \/>\nResistencia:<strong> <\/strong>Bobinas simples HW-M 0.15ohm \/ HW-N 0.2ohm<\/p>\n<p><img loading=\"lazy\" decoding=\"async\" src=\"https:\/\/d1844rainhf76j.cloudfront.net\/goods_desc\/Eleaf-HW-M_HW-N-Coil-Head-for-Ello-Series-5pcs_02_602c1a.jpg\" alt=\"Eleaf HW-M\/HW-N Coil Head for Ello Series 5pcs\" width=\"950\" height=\"342\" title=\"\"><img decoding=\"async\" src=\"https:\/\/d1844rainhf76j.cloudfront.net\/goods_desc\/Eleaf-HW-M_HW-N-Coil-Head-for-Ello-Series-5pcs_03_555275.jpg\" alt=\"Eleaf HW-M\/HW-N Coil Head for Ello Series 5pcs\" title=\"\"><\/p>\n<p>&nbsp;<\/p>\n<p><strong>Par\u00e1metros<\/strong><\/p>\n<p>Cantidad: 5 piezas \/ paquete<br \/>\nResistencia:<strong> <\/strong>Bobinas dobles HW-M Dual 0.20ohm \/ HW-N Dual 0.25ohm<\/p>\n<p><img loading=\"lazy\" decoding=\"async\" class=\"alignnone size-full wp-image-29774\" src=\"https:\/\/www.justvape.nu\/wp-content\/uploads\/2018\/05\/3_114_13.jpg\" alt=\"\" width=\"950\" height=\"560\" title=\"\" srcset=\"https:\/\/justvape.nu\/wp-content\/uploads\/2018\/05\/3_114_13.jpg 950w, https:\/\/justvape.nu\/wp-content\/uploads\/2018\/05\/3_114_13-555x327.jpg 555w, https:\/\/justvape.nu\/wp-content\/uploads\/2018\/05\/3_114_13-64x38.jpg 64w, https:\/\/justvape.nu\/wp-content\/uploads\/2018\/05\/3_114_13-300x177.jpg 300w, https:\/\/justvape.nu\/wp-content\/uploads\/2018\/05\/3_114_13-768x453.jpg 768w, https:\/\/justvape.nu\/wp-content\/uploads\/2018\/05\/3_114_13-24x14.jpg 24w, https:\/\/justvape.nu\/wp-content\/uploads\/2018\/05\/3_114_13-36x21.jpg 36w, https:\/\/justvape.nu\/wp-content\/uploads\/2018\/05\/3_114_13-48x28.jpg 48w\" sizes=\"auto, (max-width: 950px) 100vw, 950px\" \/><\/p>\n<p><strong>Par\u00e1metros<\/strong><\/p>\n<p>Cantidad: 5 piezas \/ paquete<br \/>\nResistencia:<strong> <\/strong>Bobinas dobles HW-M2 0.20ohm \/ HW-N2 0.20ohm<\/p>\n<p><img loading=\"lazy\" decoding=\"async\" class=\"alignnone size-full wp-image-45724\" src=\"https:\/\/www.justvape.nu\/wp-content\/uploads\/2018\/05\/hw-m2fs.jpg\" alt=\"\" width=\"950\" height=\"387\" title=\"\" srcset=\"https:\/\/justvape.nu\/wp-content\/uploads\/2018\/05\/hw-m2fs.jpg 950w, https:\/\/justvape.nu\/wp-content\/uploads\/2018\/05\/hw-m2fs-555x226.jpg 555w, https:\/\/justvape.nu\/wp-content\/uploads\/2018\/05\/hw-m2fs-64x26.jpg 64w, https:\/\/justvape.nu\/wp-content\/uploads\/2018\/05\/hw-m2fs-300x122.jpg 300w, https:\/\/justvape.nu\/wp-content\/uploads\/2018\/05\/hw-m2fs-768x313.jpg 768w, https:\/\/justvape.nu\/wp-content\/uploads\/2018\/05\/hw-m2fs-24x10.jpg 24w, https:\/\/justvape.nu\/wp-content\/uploads\/2018\/05\/hw-m2fs-36x15.jpg 36w, https:\/\/justvape.nu\/wp-content\/uploads\/2018\/05\/hw-m2fs-48x20.jpg 48w\" sizes=\"auto, (max-width: 950px) 100vw, 950px\" \/><\/p>\n<p><strong>Detalles de empaque:<\/strong><br \/>\nCabezal de bobina Eleaf HW-T \/ HW-T2 para rotor<\/p>\n<p>Resistencia: bobinas HW-T2 0.20ohm<\/p>\n<p><img loading=\"lazy\" decoding=\"async\" class=\"alignnone size-full wp-image-136071\" src=\"https:\/\/www.justvape.nu\/wp-content\/uploads\/2018\/05\/rotor-coils.png\" alt=\"\" width=\"976\" height=\"457\" title=\"\" srcset=\"https:\/\/justvape.nu\/wp-content\/uploads\/2018\/05\/rotor-coils.png 976w, https:\/\/justvape.nu\/wp-content\/uploads\/2018\/05\/rotor-coils-300x140.png 300w, https:\/\/justvape.nu\/wp-content\/uploads\/2018\/05\/rotor-coils-768x360.png 768w, https:\/\/justvape.nu\/wp-content\/uploads\/2018\/05\/rotor-coils-555x260.png 555w, https:\/\/justvape.nu\/wp-content\/uploads\/2018\/05\/rotor-coils-64x30.png 64w\" sizes=\"auto, (max-width: 976px) 100vw, 976px\" \/><\/p>\n<p>&nbsp;<\/p>\n<p><img loading=\"lazy\" decoding=\"async\" class=\"alignnone size-full wp-image-18999\" src=\"https:\/\/www.justvape.nu\/wp-content\/uploads\/2018\/04\/Packing-List.png\" alt=\"\" width=\"950\" height=\"64\" title=\"\" srcset=\"https:\/\/justvape.nu\/wp-content\/uploads\/2018\/04\/Packing-List.png 950w, https:\/\/justvape.nu\/wp-content\/uploads\/2018\/04\/Packing-List-555x37.png 555w, https:\/\/justvape.nu\/wp-content\/uploads\/2018\/04\/Packing-List-64x4.png 64w, https:\/\/justvape.nu\/wp-content\/uploads\/2018\/04\/Packing-List-300x20.png 300w, https:\/\/justvape.nu\/wp-content\/uploads\/2018\/04\/Packing-List-768x52.png 768w\" sizes=\"auto, (max-width: 950px) 100vw, 950px\" \/><\/p>\n<p>&nbsp;<\/p>\n<ul>\n<li>1x cabezales de bobina Eleaf HW para bobinas de rotor de la serie Ello 5 piezas \/ 3 piezas<\/li>\n<\/ul>\n<p>&nbsp;<\/p>\n","protected":false},"excerpt":{"rendered":"<p>Eleaf Ello Series HW Coils<\/p>\n","protected":false},"featured_media":286037,"comment_status":"open","ping_status":"closed","template":"","meta":{"_acf_changed":false,"_uag_custom_page_level_css":"","site-sidebar-layout":"default","site-content-layout":"default","ast-site-content-layout":"default","site-content-style":"default","site-sidebar-style":"default","ast-global-header-display":"","ast-banner-title-visibility":"","ast-main-header-display":"","ast-hfb-above-header-display":"","ast-hfb-below-header-display":"","ast-hfb-mobile-header-display":"","site-post-title":"","ast-breadcrumbs-content":"","ast-featured-img":"","footer-sml-layout":"","ast-disable-related-posts":"","theme-transparent-header-meta":"default","adv-header-id-meta":"","stick-header-meta":"default","header-above-stick-meta":"","header-main-stick-meta":"","header-below-stick-meta":"","astra-migrate-meta-layouts":"default","ast-page-background-enabled":"default","ast-page-background-meta":{"desktop":{"background-color":"","background-image":"","background-repeat":"repeat","background-position":"center center","background-size":"auto","background-attachment":"scroll","background-type":"","background-media":"","overlay-type":"","overlay-color":"","overlay-opacity":"","overlay-gradient":""},"tablet":{"background-color":"","background-image":"","background-repeat":"repeat","background-position":"center center","background-size":"auto","background-attachment":"scroll","background-type":"","background-media":"","overlay-type":"","overlay-color":"","overlay-opacity":"","overlay-gradient":""},"mobile":{"background-color":"","background-image":"","background-repeat":"repeat","background-position":"center center","background-size":"auto","background-attachment":"scroll","background-type":"","background-media":"","overlay-type":"","overlay-color":"","overlay-opacity":"","overlay-gradient":""}},"ast-content-background-meta":{"desktop":{"background-color":"var(--ast-global-color-5)","background-image":"","background-repeat":"repeat","background-position":"center center","background-size":"auto","background-attachment":"scroll","background-type":"","background-media":"","overlay-type":"","overlay-color":"","overlay-opacity":"","overlay-gradient":""},"tablet":{"background-color":"var(--ast-global-color-5)","background-image":"","background-repeat":"repeat","background-position":"center center","background-size":"auto","background-attachment":"scroll","background-type":"","background-media":"","overlay-type":"","overlay-color":"","overlay-opacity":"","overlay-gradient":""},"mobile":{"background-color":"var(--ast-global-color-5)","background-image":"","background-repeat":"repeat","background-position":"center center","background-size":"auto","background-attachment":"scroll","background-type":"","background-media":"","overlay-type":"","overlay-color":"","overlay-opacity":"","overlay-gradient":""}}},"product_brand":[],"product_cat":[2063,1983],"product_tag":[],"class_list":{"0":"post-378564","1":"product","2":"type-product","3":"status-publish","4":"has-post-thumbnail","6":"product_cat-bobinas-vainas","7":"product_cat-tanques-y-bobinas","8":"desktop-align-center","9":"tablet-align-center","10":"mobile-align-center","11":"ast-product-gallery-layout-horizontal-slider","12":"ast-product-single-variable","13":"ast-product-tabs-layout-horizontal","15":"first","16":"instock","17":"sale","18":"taxable","19":"shipping-taxable","20":"purchasable","21":"product-type-variable"},"acf":[],"uagb_featured_image_src":{"full":["https:\/\/justvape.nu\/wp-content\/uploads\/2019\/09\/hw-coils.jpg",800,800,false],"thumbnail":["https:\/\/justvape.nu\/wp-content\/uploads\/2019\/09\/hw-coils-150x150.jpg",150,150,true],"medium":["https:\/\/justvape.nu\/wp-content\/uploads\/2019\/09\/hw-coils-300x300.jpg",300,300,true],"medium_large":["https:\/\/justvape.nu\/wp-content\/uploads\/2019\/09\/hw-coils-768x768.jpg",768,768,true],"large":["https:\/\/justvape.nu\/wp-content\/uploads\/2019\/09\/hw-coils.jpg",800,800,false],"1536x1536":["https:\/\/justvape.nu\/wp-content\/uploads\/2019\/09\/hw-coils.jpg",800,800,false],"2048x2048":["https:\/\/justvape.nu\/wp-content\/uploads\/2019\/09\/hw-coils.jpg",800,800,false],"woocommerce_thumbnail":["https:\/\/justvape.nu\/wp-content\/uploads\/2019\/09\/hw-coils-300x300.jpg",300,300,true],"woocommerce_single":["https:\/\/justvape.nu\/wp-content\/uploads\/2019\/09\/hw-coils-600x600.jpg",600,600,true],"woocommerce_gallery_thumbnail":["https:\/\/justvape.nu\/wp-content\/uploads\/2019\/09\/hw-coils-100x100.jpg",100,100,true],"dgwt-wcas-product-suggestion":["https:\/\/justvape.nu\/wp-content\/uploads\/2019\/09\/hw-coils-64x64.jpg",64,64,true]},"uagb_author_info":{"display_name":"JustVape.nu","author_link":"https:\/\/justvape.nu\/es\/author\/"},"uagb_comment_info":0,"uagb_excerpt":"Eleaf Ello Series HW Coils","_links":{"self":[{"href":"https:\/\/justvape.nu\/es\/wp-json\/wp\/v2\/product\/378564","targetHints":{"allow":["GET"]}}],"collection":[{"href":"https:\/\/justvape.nu\/es\/wp-json\/wp\/v2\/product"}],"about":[{"href":"https:\/\/justvape.nu\/es\/wp-json\/wp\/v2\/types\/product"}],"replies":[{"embeddable":true,"href":"https:\/\/justvape.nu\/es\/wp-json\/wp\/v2\/comments?post=378564"}],"wp:featuredmedia":[{"embeddable":true,"href":"https:\/\/justvape.nu\/es\/wp-json\/wp\/v2\/media\/286037"}],"wp:attachment":[{"href":"https:\/\/justvape.nu\/es\/wp-json\/wp\/v2\/media?parent=378564"}],"wp:term":[{"taxonomy":"product_brand","embeddable":true,"href":"https:\/\/justvape.nu\/es\/wp-json\/wp\/v2\/product_brand?post=378564"},{"taxonomy":"product_cat","embeddable":true,"href":"https:\/\/justvape.nu\/es\/wp-json\/wp\/v2\/product_cat?post=378564"},{"taxonomy":"product_tag","embeddable":true,"href":"https:\/\/justvape.nu\/es\/wp-json\/wp\/v2\/product_tag?post=378564"}],"curies":[{"name":"wp","href":"https:\/\/api.w.org\/{rel}","templated":true}]}}