{"id":377315,"date":"2019-06-14T10:53:26","date_gmt":"2019-06-14T08:53:26","guid":{"rendered":"https:\/\/www.justvape.nu\/produkt\/bateria-samsung-40t-21700-4000mah-35a-inr21700-40t\/"},"modified":"2024-04-09T16:38:00","modified_gmt":"2024-04-09T14:38:00","slug":"samsung-40t-inr21700-4000mah","status":"publish","type":"product","link":"https:\/\/justvape.nu\/es\/produkt\/samsung-40t-inr21700-4000mah\/","title":{"rendered":"Samsung 40T 21700 4000mAh 35A Batteri &#8211; INR21700-40T"},"content":{"rendered":"<h2 class=\"product_name\">Samsung 40T 21700 4000mAh 35A Battery &#8211; INR21700-40T<\/h2>\n<p>Samsung realmente ha tenido algunos &#8220;Grand Slams&#8221; solo en los \u00faltimos a\u00f1os con las celdas de iones de litio, este Samsung 40T es solo uno de esos ejemplos. Lo que hace que esta celda sea tan especial es su capacidad de tener un &#8220;equilibrio m\u00e1ximo&#8221; con una capacidad muy alta y, si bien tiene capacidades de descarga \/ drenaje ultraaltas sin ning\u00fan compromiso, anteriormente se pensaba que esto era imposible ya que solo tiene una cantidad limitada de espacio en una celda. para Capacidad o Alto Drenaje, no para ambos. Samsung se ha convertido en el l\u00edder en el departamento de I + D \u00faltimamente, este Samsung 40T es solo un ejemplo brillante de eso. Tener una capacidad leg\u00edtima de 4000 mAh con una calificaci\u00f3n de descarga constante verdadera de 35 amperios sin involucrar un l\u00edmite de temperatura de corte y sin hacer que la celda funcione demasiado, es nada menos que asombroso.<\/p>\n<p>Esta es la celda de impacto inicial m\u00e1s dif\u00edcil que tiene una capacidad leg\u00edtima de 4.000 mAh o m\u00e1s. Con esta celda usted puede tener una verdadera &#8220;Tranquilidad&#8221; de que sus exigentes necesidades y deseos ser\u00e1n m\u00e1s que satisfechos y resueltos sin problemas. Esta es una celda verdaderamente fenomenal en el tama\u00f1o del factor de forma 21700.<\/p>\n<h4>Especificaciones:<\/h4>\n<ul>\n<li>Modelo: INR21700-40T<\/li>\n<li>Tama\u00f1o: 21700<\/li>\n<li>Estilo: tapa plana<\/li>\n<li>Capacidad nominal: 4000 mAh<\/li>\n<li>Clasificaci\u00f3n de descarga continua: 35 A sin corte de temperatura \/ 45 A con corte de temperatura de 80 \u00b0 C<\/li>\n<li>Voltaje nominal: 3.6v<\/li>\n<li>Protegido: No<\/li>\n<li>Recargable: si<\/li>\n<li>Dimensiones aproximadas: 21,1 mm x 70,4 mm<\/li>\n<li>Peso aproximado: 66,8 g<\/li>\n<\/ul>\n<hr>\n<h4>Informaci\u00f3n de seguridad de Samsung SDI<br \/>\n<a href=\"https:\/\/www.samsungsdi.com\/lithium-ion-battery\/safe-information.html\" target=\"_blank\" rel=\"noopener noreferrer\">&#8220;Carga, uso y manipulaci\u00f3n de bater\u00edas de iones de litio de tama\u00f1o peque\u00f1o&#8221;<\/a><\/h4>\n<h4><\/h4>\n<h4>ADVERTENCIA:<\/h4>\n<div>El usuario debe tener un conocimiento adecuado de las bater\u00edas de iones de litio antes de comprarlas. Tenga cuidado al trabajar y utilizar bater\u00edas de iones de litio, ya que son muy sensibles a las caracter\u00edsticas de carga y pueden explotar, quemarse o provocar un incendio si se utilizan o manipulan incorrectamente. Cargue siempre en o sobre una superficie a prueba de fuego. Nunca deje las bater\u00edas cargando sin supervisi\u00f3n. Esta bater\u00eda se vende para el uso de integraciones de sistemas con circuitos de protecci\u00f3n adecuados o paquetes de bater\u00edas con un sistema de gesti\u00f3n de bater\u00edas o PCB (placa de circuito \/ m\u00f3dulo). El comprador es responsable de cualquier da\u00f1o o lesi\u00f3n causada por el mal uso o el mal manejo de las bater\u00edas y cargadores de iones de litio. Cargue solo con un cargador inteligente dise\u00f1ado para este tipo espec\u00edfico de bater\u00eda de iones de litio.<\/div>\n<ul>\n<li>EL USO INCORRECTO O EL MANEJO INCORRECTO DE LAS BATER\u00cdAS DE IONES DE LITIO PUEDE PRESENTAR UN RIESGO GRAVE DE LESIONES PERSONALES, DA\u00d1OS A LA PROPIEDAD O LA MUERTE<\/li>\n<li>LAS BATER\u00cdAS PUEDEN EXPLOTAR, QUEMAR O PROVOCAR UN INCENDIO SI SE UTILIZAN O SE MANEJAN DE FORMA INCORRECTA<\/li>\n<li>UTILICE \u00daNICAMENTE CON LOS CIRCUITOS ADECUADOS EN UN PAQUETE DE BATER\u00cdA PROTEGIDO<\/li>\n<li>UTILICE \u00daNICAMENTE DENTRO DE LAS ESPECIFICACIONES INDICADAS POR EL FABRICANTE<\/li>\n<li>NO GUARDE LA BATER\u00cdA SUELTA EN UN BOLSILLO, MONEDERO, ETC. &#8211; UTILICE SIEMPRE UNA FUNDA O CAJA DE PROTECCI\u00d3N<\/li>\n<li>MANTENER ALEJADO de objetos met\u00e1licos para evitar cortocircuitos<\/li>\n<li>No haga cortocircuito<\/li>\n<li>NO lo use si la envoltura o el aislante est\u00e1n da\u00f1ados o rasgados<\/li>\n<li>NO lo use si est\u00e1 da\u00f1ado de alguna manera<\/li>\n<li>NO sobrecargue ni descargue demasiado<\/li>\n<li>NO modifique, desmonte, perfore, corte, aplaste ni incinere<\/li>\n<li>NO lo exponga a l\u00edquidos ni a altas temperaturas<\/li>\n<li>NO suelde, solo por puntos<\/li>\n<li>El usuario debe estar familiarizado con el manejo de bater\u00edas de iones de litio antes de comprar<\/li>\n<li>El uso de bater\u00edas es BAJO SU PROPIO RIESGO<\/li>\n<li>SIEMPRE cargue en o sobre una superficie a prueba de fuego y nunca deje las bater\u00edas de carga desatendidas<\/li>\n<li>LOS DISTRIBUIDORES DEBEN ENVIAR TODAS LAS ADVERTENCIAS A TODOS LOS CLIENTES PARA SU REFERENCIA Y SEGURIDAD<\/li>\n<\/ul>\n","protected":false},"excerpt":{"rendered":"<p>Samsung 40T 21700 4000mAh 35A Battery &#8211; INR21700-40T<\/p>\n","protected":false},"featured_media":269912,"comment_status":"open","ping_status":"closed","template":"","meta":{"_acf_changed":false,"_uag_custom_page_level_css":"","site-sidebar-layout":"default","site-content-layout":"default","ast-site-content-layout":"default","site-content-style":"default","site-sidebar-style":"default","ast-global-header-display":"","ast-banner-title-visibility":"","ast-main-header-display":"","ast-hfb-above-header-display":"","ast-hfb-below-header-display":"","ast-hfb-mobile-header-display":"","site-post-title":"","ast-breadcrumbs-content":"","ast-featured-img":"","footer-sml-layout":"","ast-disable-related-posts":"","theme-transparent-header-meta":"default","adv-header-id-meta":"","stick-header-meta":"default","header-above-stick-meta":"","header-main-stick-meta":"","header-below-stick-meta":"","astra-migrate-meta-layouts":"default","ast-page-background-enabled":"default","ast-page-background-meta":{"desktop":{"background-color":"","background-image":"","background-repeat":"repeat","background-position":"center center","background-size":"auto","background-attachment":"scroll","background-type":"","background-media":"","overlay-type":"","overlay-color":"","overlay-opacity":"","overlay-gradient":""},"tablet":{"background-color":"","background-image":"","background-repeat":"repeat","background-position":"center center","background-size":"auto","background-attachment":"scroll","background-type":"","background-media":"","overlay-type":"","overlay-color":"","overlay-opacity":"","overlay-gradient":""},"mobile":{"background-color":"","background-image":"","background-repeat":"repeat","background-position":"center center","background-size":"auto","background-attachment":"scroll","background-type":"","background-media":"","overlay-type":"","overlay-color":"","overlay-opacity":"","overlay-gradient":""}},"ast-content-background-meta":{"desktop":{"background-color":"var(--ast-global-color-5)","background-image":"","background-repeat":"repeat","background-position":"center center","background-size":"auto","background-attachment":"scroll","background-type":"","background-media":"","overlay-type":"","overlay-color":"","overlay-opacity":"","overlay-gradient":""},"tablet":{"background-color":"var(--ast-global-color-5)","background-image":"","background-repeat":"repeat","background-position":"center center","background-size":"auto","background-attachment":"scroll","background-type":"","background-media":"","overlay-type":"","overlay-color":"","overlay-opacity":"","overlay-gradient":""},"mobile":{"background-color":"var(--ast-global-color-5)","background-image":"","background-repeat":"repeat","background-position":"center center","background-size":"auto","background-attachment":"scroll","background-type":"","background-media":"","overlay-type":"","overlay-color":"","overlay-opacity":"","overlay-gradient":""}}},"product_brand":[],"product_cat":[2386,1913,2177,2529,3352,2530],"product_tag":[],"class_list":{"0":"post-377315","1":"product","2":"type-product","3":"status-publish","4":"has-post-thumbnail","6":"product_cat-21700-es","7":"product_cat-accesorios","8":"product_cat-celdas-de-la-bateria","9":"product_cat-hardware-es","10":"product_cat-samsung-es-2","11":"product_cat-shop-by-brand-es","12":"product_shipping_class-batteries-es","13":"desktop-align-center","14":"tablet-align-center","15":"mobile-align-center","16":"ast-product-gallery-layout-horizontal-slider","17":"ast-product-gallery-with-no-image","18":"ast-product-tabs-layout-horizontal","20":"first","21":"instock","22":"sale","23":"taxable","24":"shipping-taxable","25":"purchasable","26":"product-type-simple"},"acf":[],"uagb_featured_image_src":{"full":["https:\/\/justvape.nu\/wp-content\/uploads\/2019\/06\/samsung-40t-inr21700-4000m23ah-37v-1480wh.png",800,800,false],"thumbnail":["https:\/\/justvape.nu\/wp-content\/uploads\/2019\/06\/samsung-40t-inr21700-4000m23ah-37v-1480wh-150x150.png",150,150,true],"medium":["https:\/\/justvape.nu\/wp-content\/uploads\/2019\/06\/samsung-40t-inr21700-4000m23ah-37v-1480wh-300x300.png",300,300,true],"medium_large":["https:\/\/justvape.nu\/wp-content\/uploads\/2019\/06\/samsung-40t-inr21700-4000m23ah-37v-1480wh-768x768.png",768,768,true],"large":["https:\/\/justvape.nu\/wp-content\/uploads\/2019\/06\/samsung-40t-inr21700-4000m23ah-37v-1480wh.png",800,800,false],"1536x1536":["https:\/\/justvape.nu\/wp-content\/uploads\/2019\/06\/samsung-40t-inr21700-4000m23ah-37v-1480wh.png",800,800,false],"2048x2048":["https:\/\/justvape.nu\/wp-content\/uploads\/2019\/06\/samsung-40t-inr21700-4000m23ah-37v-1480wh.png",800,800,false],"woocommerce_thumbnail":["https:\/\/justvape.nu\/wp-content\/uploads\/2019\/06\/samsung-40t-inr21700-4000m23ah-37v-1480wh-300x300.png",300,300,true],"woocommerce_single":["https:\/\/justvape.nu\/wp-content\/uploads\/2019\/06\/samsung-40t-inr21700-4000m23ah-37v-1480wh-600x600.png",600,600,true],"woocommerce_gallery_thumbnail":["https:\/\/justvape.nu\/wp-content\/uploads\/2019\/06\/samsung-40t-inr21700-4000m23ah-37v-1480wh-100x100.png",100,100,true],"dgwt-wcas-product-suggestion":["https:\/\/justvape.nu\/wp-content\/uploads\/2019\/06\/samsung-40t-inr21700-4000m23ah-37v-1480wh-64x64.png",64,64,true]},"uagb_author_info":{"display_name":"JustVape.nu","author_link":"https:\/\/justvape.nu\/es\/author\/"},"uagb_comment_info":0,"uagb_excerpt":"Samsung 40T 21700 4000mAh 35A Battery - INR21700-40T","_links":{"self":[{"href":"https:\/\/justvape.nu\/es\/wp-json\/wp\/v2\/product\/377315","targetHints":{"allow":["GET"]}}],"collection":[{"href":"https:\/\/justvape.nu\/es\/wp-json\/wp\/v2\/product"}],"about":[{"href":"https:\/\/justvape.nu\/es\/wp-json\/wp\/v2\/types\/product"}],"replies":[{"embeddable":true,"href":"https:\/\/justvape.nu\/es\/wp-json\/wp\/v2\/comments?post=377315"}],"wp:featuredmedia":[{"embeddable":true,"href":"https:\/\/justvape.nu\/es\/wp-json\/wp\/v2\/media\/269912"}],"wp:attachment":[{"href":"https:\/\/justvape.nu\/es\/wp-json\/wp\/v2\/media?parent=377315"}],"wp:term":[{"taxonomy":"product_brand","embeddable":true,"href":"https:\/\/justvape.nu\/es\/wp-json\/wp\/v2\/product_brand?post=377315"},{"taxonomy":"product_cat","embeddable":true,"href":"https:\/\/justvape.nu\/es\/wp-json\/wp\/v2\/product_cat?post=377315"},{"taxonomy":"product_tag","embeddable":true,"href":"https:\/\/justvape.nu\/es\/wp-json\/wp\/v2\/product_tag?post=377315"}],"curies":[{"name":"wp","href":"https:\/\/api.w.org\/{rel}","templated":true}]}}