{"id":375554,"date":"2019-12-05T13:58:51","date_gmt":"2019-12-05T12:58:51","guid":{"rendered":"https:\/\/www.justvape.nu\/produkt\/wotofo-bobinas-clapton-fusibles-dobles-0-62%cf%89\/"},"modified":"2024-04-09T16:37:42","modified_gmt":"2024-04-09T14:37:42","slug":"bobinas-clapton-fundidas-wotofo-kopier","status":"publish","type":"product","link":"https:\/\/justvape.nu\/es\/produkt\/bobinas-clapton-fundidas-wotofo-kopier\/","title":{"rendered":"WOTOFO &#8211; DUAL FUSED CLAPTON COILS 0.62\u03a9"},"content":{"rendered":"<h2>WOTOFO &#8211; DUAL FUSED CLAPTON COILS 0.62\u03a9 &#8211; 10 pcs<\/h2>\n<p>Las bobinas Clapton de doble fusible preconstruidas de Wotofo est\u00e1n formadas por dos cables de n\u00facleo fusionado con un cable envuelto alrededor. Esta bobina ofrece un equilibrio entre la producci\u00f3n de nubes y sabor y con su resistencia de 0,62 ohmios se ha dise\u00f1ado para vapeo por debajo de ohmios.<\/p>\n<p>Estas bobinas han sido dise\u00f1adas para su uso con atomizadores reconstruibles como RDA, RTA y RDTA. Esta bobina utiliza alambre NI80 que ofrece una aceleraci\u00f3n m\u00e1s r\u00e1pida que la Kanthal tradicional.<\/p>\n<p>&nbsp;<\/p>\n<p><strong>Especificaciones:<\/strong><\/p>\n<p>28GAX2 + 38GA N80 \u00d8 3 mm = 0,62 ohmios<\/p>\n<p><strong>Contiene:<\/strong><\/p>\n<ul>\n<li>10 bobinas Clapton de doble fusible de 0,62 ohmios (28G x2 y 38G)<\/li>\n<\/ul>\n<p><strong>No se pueden mezclar ni combinar diferentes tipos de bobinas.<\/strong><\/p>\n<p><strong>Tenga en cuenta:<\/strong> Este art\u00edculo requiere una comprensi\u00f3n integral de los aspectos t\u00e9cnicos del vapeo, junto con el conocimiento de la electr\u00f3nica y la ley de ohmios. No recomendamos a ning\u00fan principiante que comience a reconstruir bobinas sin hablar con un taller experto. No recomendamos utilizar este tipo de producto con un mod mec\u00e1nico de ning\u00fan tipo.<\/p>\n<p>Una bobina reconstruible debe probarse cuidadosamente en un lector de ohmios antes de usarla en un dispositivo. No probar esto correctamente puede presentar un riesgo de seguridad para el usuario, y no se deben usar bobinas nuevas en un dispositivo electr\u00f3nico de vapeo hasta que se sepa que la bobina es segura.<\/p>\n","protected":false},"excerpt":{"rendered":"<p>WOTOFO &#8211; DUAL FUSED CLAPTON COILS 10 pcs<\/p>\n<p>&nbsp;<\/p>\n","protected":false},"featured_media":281122,"comment_status":"open","ping_status":"closed","template":"","meta":{"_acf_changed":false,"_uag_custom_page_level_css":"","site-sidebar-layout":"default","site-content-layout":"default","ast-site-content-layout":"default","site-content-style":"default","site-sidebar-style":"default","ast-global-header-display":"","ast-banner-title-visibility":"","ast-main-header-display":"","ast-hfb-above-header-display":"","ast-hfb-below-header-display":"","ast-hfb-mobile-header-display":"","site-post-title":"","ast-breadcrumbs-content":"","ast-featured-img":"","footer-sml-layout":"","ast-disable-related-posts":"","theme-transparent-header-meta":"default","adv-header-id-meta":"","stick-header-meta":"default","header-above-stick-meta":"","header-main-stick-meta":"","header-below-stick-meta":"","astra-migrate-meta-layouts":"default","ast-page-background-enabled":"default","ast-page-background-meta":{"desktop":{"background-color":"","background-image":"","background-repeat":"repeat","background-position":"center center","background-size":"auto","background-attachment":"scroll","background-type":"","background-media":"","overlay-type":"","overlay-color":"","overlay-opacity":"","overlay-gradient":""},"tablet":{"background-color":"","background-image":"","background-repeat":"repeat","background-position":"center center","background-size":"auto","background-attachment":"scroll","background-type":"","background-media":"","overlay-type":"","overlay-color":"","overlay-opacity":"","overlay-gradient":""},"mobile":{"background-color":"","background-image":"","background-repeat":"repeat","background-position":"center center","background-size":"auto","background-attachment":"scroll","background-type":"","background-media":"","overlay-type":"","overlay-color":"","overlay-opacity":"","overlay-gradient":""}},"ast-content-background-meta":{"desktop":{"background-color":"var(--ast-global-color-5)","background-image":"","background-repeat":"repeat","background-position":"center center","background-size":"auto","background-attachment":"scroll","background-type":"","background-media":"","overlay-type":"","overlay-color":"","overlay-opacity":"","overlay-gradient":""},"tablet":{"background-color":"var(--ast-global-color-5)","background-image":"","background-repeat":"repeat","background-position":"center center","background-size":"auto","background-attachment":"scroll","background-type":"","background-media":"","overlay-type":"","overlay-color":"","overlay-opacity":"","overlay-gradient":""},"mobile":{"background-color":"var(--ast-global-color-5)","background-image":"","background-repeat":"repeat","background-position":"center center","background-size":"auto","background-attachment":"scroll","background-type":"","background-media":"","overlay-type":"","overlay-color":"","overlay-opacity":"","overlay-gradient":""}}},"product_brand":[],"product_cat":[2267,1923,3502],"product_tag":[],"class_list":{"0":"post-375554","1":"product","2":"type-product","3":"status-publish","4":"has-post-thumbnail","6":"product_cat-prebuild-coils-es","7":"product_cat-diy-es","8":"product_cat-wotofo-es","9":"desktop-align-center","10":"tablet-align-center","11":"mobile-align-center","12":"ast-product-gallery-layout-horizontal-slider","13":"ast-product-gallery-with-no-image","14":"ast-product-tabs-layout-horizontal","16":"first","17":"instock","18":"sale","19":"taxable","20":"shipping-taxable","21":"purchasable","22":"product-type-simple"},"acf":[],"uagb_featured_image_src":{"full":["https:\/\/justvape.nu\/wp-content\/uploads\/2019\/12\/wotofo-dual-core-fused-clapton-prebuilt-coils-n80-3mm-062ohm-10stk.jpg",800,800,false],"thumbnail":["https:\/\/justvape.nu\/wp-content\/uploads\/2019\/12\/wotofo-dual-core-fused-clapton-prebuilt-coils-n80-3mm-062ohm-10stk-150x150.jpg",150,150,true],"medium":["https:\/\/justvape.nu\/wp-content\/uploads\/2019\/12\/wotofo-dual-core-fused-clapton-prebuilt-coils-n80-3mm-062ohm-10stk-300x300.jpg",300,300,true],"medium_large":["https:\/\/justvape.nu\/wp-content\/uploads\/2019\/12\/wotofo-dual-core-fused-clapton-prebuilt-coils-n80-3mm-062ohm-10stk-768x768.jpg",768,768,true],"large":["https:\/\/justvape.nu\/wp-content\/uploads\/2019\/12\/wotofo-dual-core-fused-clapton-prebuilt-coils-n80-3mm-062ohm-10stk.jpg",800,800,false],"1536x1536":["https:\/\/justvape.nu\/wp-content\/uploads\/2019\/12\/wotofo-dual-core-fused-clapton-prebuilt-coils-n80-3mm-062ohm-10stk.jpg",800,800,false],"2048x2048":["https:\/\/justvape.nu\/wp-content\/uploads\/2019\/12\/wotofo-dual-core-fused-clapton-prebuilt-coils-n80-3mm-062ohm-10stk.jpg",800,800,false],"woocommerce_thumbnail":["https:\/\/justvape.nu\/wp-content\/uploads\/2019\/12\/wotofo-dual-core-fused-clapton-prebuilt-coils-n80-3mm-062ohm-10stk-300x300.jpg",300,300,true],"woocommerce_single":["https:\/\/justvape.nu\/wp-content\/uploads\/2019\/12\/wotofo-dual-core-fused-clapton-prebuilt-coils-n80-3mm-062ohm-10stk-600x600.jpg",600,600,true],"woocommerce_gallery_thumbnail":["https:\/\/justvape.nu\/wp-content\/uploads\/2019\/12\/wotofo-dual-core-fused-clapton-prebuilt-coils-n80-3mm-062ohm-10stk-100x100.jpg",100,100,true],"dgwt-wcas-product-suggestion":["https:\/\/justvape.nu\/wp-content\/uploads\/2019\/12\/wotofo-dual-core-fused-clapton-prebuilt-coils-n80-3mm-062ohm-10stk-64x64.jpg",64,64,true]},"uagb_author_info":{"display_name":"JustVape.nu","author_link":"https:\/\/justvape.nu\/es\/author\/"},"uagb_comment_info":0,"uagb_excerpt":"WOTOFO - DUAL FUSED CLAPTON COILS 10 pcs &nbsp;","_links":{"self":[{"href":"https:\/\/justvape.nu\/es\/wp-json\/wp\/v2\/product\/375554","targetHints":{"allow":["GET"]}}],"collection":[{"href":"https:\/\/justvape.nu\/es\/wp-json\/wp\/v2\/product"}],"about":[{"href":"https:\/\/justvape.nu\/es\/wp-json\/wp\/v2\/types\/product"}],"replies":[{"embeddable":true,"href":"https:\/\/justvape.nu\/es\/wp-json\/wp\/v2\/comments?post=375554"}],"wp:featuredmedia":[{"embeddable":true,"href":"https:\/\/justvape.nu\/es\/wp-json\/wp\/v2\/media\/281122"}],"wp:attachment":[{"href":"https:\/\/justvape.nu\/es\/wp-json\/wp\/v2\/media?parent=375554"}],"wp:term":[{"taxonomy":"product_brand","embeddable":true,"href":"https:\/\/justvape.nu\/es\/wp-json\/wp\/v2\/product_brand?post=375554"},{"taxonomy":"product_cat","embeddable":true,"href":"https:\/\/justvape.nu\/es\/wp-json\/wp\/v2\/product_cat?post=375554"},{"taxonomy":"product_tag","embeddable":true,"href":"https:\/\/justvape.nu\/es\/wp-json\/wp\/v2\/product_tag?post=375554"}],"curies":[{"name":"wp","href":"https:\/\/api.w.org\/{rel}","templated":true}]}}