{"id":374934,"date":"2019-10-10T20:21:48","date_gmt":"2019-10-10T18:21:48","guid":{"rendered":"https:\/\/www.justvape.nu\/produkt\/bobinas-uwell-nunchaku\/"},"modified":"2024-04-09T16:37:39","modified_gmt":"2024-04-09T14:37:39","slug":"uwell-nunchaku-bobinas","status":"publish","type":"product","link":"https:\/\/justvape.nu\/es\/produkt\/uwell-nunchaku-bobinas\/","title":{"rendered":"Uwell Nunchaku Coils"},"content":{"rendered":"<h2>Uwell Nunchaku Coils 4pcs<\/h2>\n<p>Las bobinas de repuesto Uwell Nunchaku presentan la bobina Pro-FOCS, que tiene el mecanismo Plug-Pull para un proceso de reemplazo ergon\u00f3mico con cables calefactores A1 claptonizados y ahora tambi\u00e9n en bobinas de malla UN2 para un equilibrio \u00f3ptimo de sabor y producci\u00f3n de vapor.<\/p>\n<p><img loading=\"lazy\" decoding=\"async\" class=\"alignnone size-full wp-image-156494\" src=\"https:\/\/www.justvape.nu\/wp-content\/uploads\/2019\/10\/Uwell_Nunchaku_2_Tank_Mesh_Coils.jpg\" alt=\"\" width=\"831\" height=\"467\" title=\"\" srcset=\"https:\/\/justvape.nu\/wp-content\/uploads\/2019\/10\/Uwell_Nunchaku_2_Tank_Mesh_Coils.jpg 831w, https:\/\/justvape.nu\/wp-content\/uploads\/2019\/10\/Uwell_Nunchaku_2_Tank_Mesh_Coils-555x312.jpg 555w, https:\/\/justvape.nu\/wp-content\/uploads\/2019\/10\/Uwell_Nunchaku_2_Tank_Mesh_Coils-64x36.jpg 64w, https:\/\/justvape.nu\/wp-content\/uploads\/2019\/10\/Uwell_Nunchaku_2_Tank_Mesh_Coils-300x169.jpg 300w, https:\/\/justvape.nu\/wp-content\/uploads\/2019\/10\/Uwell_Nunchaku_2_Tank_Mesh_Coils-768x432.jpg 768w\" sizes=\"auto, (max-width: 831px) 100vw, 831px\" \/><\/p>\n<p><strong>Descripci\u00f3n de la bobina Nunchaku:<\/strong><\/p>\n<ul>\n<li>Tanque NUNCHAKU<\/li>\n<li>Tanque NUNCHAKU 2<\/li>\n<\/ul>\n<p><strong>Especificaciones:<\/strong><\/p>\n<ul>\n<li>Bobinas Nunchaku de malla de 0,14 ohmios SS316L UN2 Malla-H clasificadas para 50-60W<\/li>\n<li>Bobinas Nunchaku malladas de 0,2 ohmios UN2 Mallas-H clasificadas para 50-60 vatios.<\/li>\n<li>0.25 Nunchaku Coil utiliza una bobina A1 clasificada para 40-50 vatios.<\/li>\n<li>0.4 Nunchaku Coil utiliza una bobina A1 claptionizada clasificada para 45-55 vatios.<\/li>\n<\/ul>\n<p><strong>El paquete de bobinas Nunchaku incluye:<\/strong><\/p>\n<p>4 bobinas por paquete<\/p>\n<p><strong>Consejos:<\/strong><br \/>\n&#8211; Bobina de repuesto para tanque Uwell Nunchaku 2<br \/>\n&#8211; FeCrAl UN2 Meshed-H Recomendado para usar en modo de energ\u00eda<br \/>\n&#8211; SS316L UN2 Meshed-H Recomendado para usar en modo TCR<\/p>\n","protected":false},"excerpt":{"rendered":"<p>Uwell Nunchaku Coils<\/p>\n","protected":false},"featured_media":279212,"comment_status":"open","ping_status":"closed","template":"","meta":{"_acf_changed":false,"_uag_custom_page_level_css":"","site-sidebar-layout":"default","site-content-layout":"default","ast-site-content-layout":"default","site-content-style":"default","site-sidebar-style":"default","ast-global-header-display":"","ast-banner-title-visibility":"","ast-main-header-display":"","ast-hfb-above-header-display":"","ast-hfb-below-header-display":"","ast-hfb-mobile-header-display":"","site-post-title":"","ast-breadcrumbs-content":"","ast-featured-img":"","footer-sml-layout":"","ast-disable-related-posts":"","theme-transparent-header-meta":"default","adv-header-id-meta":"","stick-header-meta":"default","header-above-stick-meta":"","header-main-stick-meta":"","header-below-stick-meta":"","astra-migrate-meta-layouts":"default","ast-page-background-enabled":"default","ast-page-background-meta":{"desktop":{"background-color":"","background-image":"","background-repeat":"repeat","background-position":"center center","background-size":"auto","background-attachment":"scroll","background-type":"","background-media":"","overlay-type":"","overlay-color":"","overlay-opacity":"","overlay-gradient":""},"tablet":{"background-color":"","background-image":"","background-repeat":"repeat","background-position":"center center","background-size":"auto","background-attachment":"scroll","background-type":"","background-media":"","overlay-type":"","overlay-color":"","overlay-opacity":"","overlay-gradient":""},"mobile":{"background-color":"","background-image":"","background-repeat":"repeat","background-position":"center center","background-size":"auto","background-attachment":"scroll","background-type":"","background-media":"","overlay-type":"","overlay-color":"","overlay-opacity":"","overlay-gradient":""}},"ast-content-background-meta":{"desktop":{"background-color":"var(--ast-global-color-5)","background-image":"","background-repeat":"repeat","background-position":"center center","background-size":"auto","background-attachment":"scroll","background-type":"","background-media":"","overlay-type":"","overlay-color":"","overlay-opacity":"","overlay-gradient":""},"tablet":{"background-color":"var(--ast-global-color-5)","background-image":"","background-repeat":"repeat","background-position":"center center","background-size":"auto","background-attachment":"scroll","background-type":"","background-media":"","overlay-type":"","overlay-color":"","overlay-opacity":"","overlay-gradient":""},"mobile":{"background-color":"var(--ast-global-color-5)","background-image":"","background-repeat":"repeat","background-position":"center center","background-size":"auto","background-attachment":"scroll","background-type":"","background-media":"","overlay-type":"","overlay-color":"","overlay-opacity":"","overlay-gradient":""}}},"product_brand":[],"product_cat":[2063,1983],"product_tag":[],"class_list":{"0":"post-374934","1":"product","2":"type-product","3":"status-publish","4":"has-post-thumbnail","6":"product_cat-bobinas-vainas","7":"product_cat-tanques-y-bobinas","8":"desktop-align-center","9":"tablet-align-center","10":"mobile-align-center","11":"ast-product-gallery-layout-horizontal-slider","12":"ast-product-gallery-with-no-image","13":"ast-product-single-variable","14":"ast-product-tabs-layout-horizontal","16":"first","17":"instock","18":"sale","19":"taxable","20":"shipping-taxable","21":"purchasable","22":"product-type-variable"},"acf":[],"uagb_featured_image_src":{"full":["https:\/\/justvape.nu\/wp-content\/uploads\/2019\/10\/vape-coils-uwell-nunchaku-replacement-coils-6.jpg",800,800,false],"thumbnail":["https:\/\/justvape.nu\/wp-content\/uploads\/2019\/10\/vape-coils-uwell-nunchaku-replacement-coils-6-150x150.jpg",150,150,true],"medium":["https:\/\/justvape.nu\/wp-content\/uploads\/2019\/10\/vape-coils-uwell-nunchaku-replacement-coils-6-300x300.jpg",300,300,true],"medium_large":["https:\/\/justvape.nu\/wp-content\/uploads\/2019\/10\/vape-coils-uwell-nunchaku-replacement-coils-6-768x768.jpg",768,768,true],"large":["https:\/\/justvape.nu\/wp-content\/uploads\/2019\/10\/vape-coils-uwell-nunchaku-replacement-coils-6.jpg",800,800,false],"1536x1536":["https:\/\/justvape.nu\/wp-content\/uploads\/2019\/10\/vape-coils-uwell-nunchaku-replacement-coils-6.jpg",800,800,false],"2048x2048":["https:\/\/justvape.nu\/wp-content\/uploads\/2019\/10\/vape-coils-uwell-nunchaku-replacement-coils-6.jpg",800,800,false],"woocommerce_thumbnail":["https:\/\/justvape.nu\/wp-content\/uploads\/2019\/10\/vape-coils-uwell-nunchaku-replacement-coils-6-300x300.jpg",300,300,true],"woocommerce_single":["https:\/\/justvape.nu\/wp-content\/uploads\/2019\/10\/vape-coils-uwell-nunchaku-replacement-coils-6-600x600.jpg",600,600,true],"woocommerce_gallery_thumbnail":["https:\/\/justvape.nu\/wp-content\/uploads\/2019\/10\/vape-coils-uwell-nunchaku-replacement-coils-6-100x100.jpg",100,100,true],"dgwt-wcas-product-suggestion":["https:\/\/justvape.nu\/wp-content\/uploads\/2019\/10\/vape-coils-uwell-nunchaku-replacement-coils-6-64x64.jpg",64,64,true]},"uagb_author_info":{"display_name":"JustVape.nu","author_link":"https:\/\/justvape.nu\/es\/author\/"},"uagb_comment_info":0,"uagb_excerpt":"Uwell Nunchaku Coils","_links":{"self":[{"href":"https:\/\/justvape.nu\/es\/wp-json\/wp\/v2\/product\/374934","targetHints":{"allow":["GET"]}}],"collection":[{"href":"https:\/\/justvape.nu\/es\/wp-json\/wp\/v2\/product"}],"about":[{"href":"https:\/\/justvape.nu\/es\/wp-json\/wp\/v2\/types\/product"}],"replies":[{"embeddable":true,"href":"https:\/\/justvape.nu\/es\/wp-json\/wp\/v2\/comments?post=374934"}],"wp:featuredmedia":[{"embeddable":true,"href":"https:\/\/justvape.nu\/es\/wp-json\/wp\/v2\/media\/279212"}],"wp:attachment":[{"href":"https:\/\/justvape.nu\/es\/wp-json\/wp\/v2\/media?parent=374934"}],"wp:term":[{"taxonomy":"product_brand","embeddable":true,"href":"https:\/\/justvape.nu\/es\/wp-json\/wp\/v2\/product_brand?post=374934"},{"taxonomy":"product_cat","embeddable":true,"href":"https:\/\/justvape.nu\/es\/wp-json\/wp\/v2\/product_cat?post=374934"},{"taxonomy":"product_tag","embeddable":true,"href":"https:\/\/justvape.nu\/es\/wp-json\/wp\/v2\/product_tag?post=374934"}],"curies":[{"name":"wp","href":"https:\/\/api.w.org\/{rel}","templated":true}]}}