{"id":373145,"date":"2020-04-02T12:16:19","date_gmt":"2020-04-02T10:16:19","guid":{"rendered":"https:\/\/www.justvape.nu\/produkt\/horizontech-tanque-falcon-ii-2ml\/"},"modified":"2024-04-09T16:10:15","modified_gmt":"2024-04-09T14:10:15","slug":"horizontech-falcon-ii-tanque-2ml","status":"publish","type":"product","link":"https:\/\/justvape.nu\/es\/produkt\/horizontech-falcon-ii-tanque-2ml\/","title":{"rendered":"HorizonTech &#8211; Tanque Falcon II 2ml"},"content":{"rendered":"<h2>HorizonTech &#8211; Tanque Falcon II 2ml<\/h2>\n<p>El tanque HorizonTech Falcon II es la versi\u00f3n mejorada de<strong><a href=\"https:\/\/www.vaporl.com\/horizon-falcon-sub-ohm-tank-atomizer.html\" target=\"_blank\" rel=\"noopener noreferrer\"><\/a><a href=\"https:\/\/www.justvape.nu\/en\/produkt\/horizon-falcon-king-tank\/\" target=\"_blank\" rel=\"noopener noreferrer\"> Serie de tanques Falcon<\/a> , con capacidad de e-l\u00edquido de 2,0 ml.<\/strong> El tanque de sub ohmios HorizonTech Falcon II optimiza el m\u00e9todo de cambio de n\u00facleo: el n\u00facleo anterior est\u00e1 roscado y debe reemplazarse despu\u00e9s de que el aceite de humo se haya agotado por completo, ahora simplemente desenrosque la base y tire del n\u00facleo de atomizaci\u00f3n directamente sin manchar la mano. Est\u00e1 hecho de vidrio Pyrex y material de acero inoxidable que hace que su dispositivo sea duradero. El tanque de reemplazo HorizonTech Falcon II adopta un flujo de aire ajustable y una punta de goteo de resina que le brindar\u00e1 el sabor de vapeo m\u00e1s puro y fant\u00e1stico. Adem\u00e1s, cuenta con una nueva bobina en forma de abanico, la estructura c\u00f3nica forma una ruta de compresi\u00f3n de vapor de abajo hacia arriba, lo que hace que el sabor sea m\u00e1s denso y el vapor m\u00e1s suave. Y la forma de reemplazar la bobina es conveniente y f\u00e1cil de operar. \u00a1Quiz\u00e1s solo lo necesites!<\/p>\n<figure class=\"figure\"><img loading=\"lazy\" decoding=\"async\" class=\"alignnone size-full wp-image-191205\" src=\"https:\/\/www.justvape.nu\/wp-content\/uploads\/2020\/04\/horizontech-falcon-II-vape-tank-uk-1.jpg\" alt=\"\" width=\"900\" height=\"417\" title=\"\" srcset=\"https:\/\/justvape.nu\/wp-content\/uploads\/2020\/04\/horizontech-falcon-II-vape-tank-uk-1.jpg 900w, https:\/\/justvape.nu\/wp-content\/uploads\/2020\/04\/horizontech-falcon-II-vape-tank-uk-1-300x139.jpg 300w, https:\/\/justvape.nu\/wp-content\/uploads\/2020\/04\/horizontech-falcon-II-vape-tank-uk-1-768x356.jpg 768w, https:\/\/justvape.nu\/wp-content\/uploads\/2020\/04\/horizontech-falcon-II-vape-tank-uk-1-555x257.jpg 555w, https:\/\/justvape.nu\/wp-content\/uploads\/2020\/04\/horizontech-falcon-II-vape-tank-uk-1-64x30.jpg 64w\" sizes=\"auto, (max-width: 900px) 100vw, 900px\" \/><figcaption class=\"figure-caption text-center\">Experimente un vapeo sub-ohm mejorado con el tanque de vaporizador HorizonTech Falcon II.<\/figcaption><\/figure>\n<p>&nbsp;<\/p>\n<figure class=\"figure\"><img loading=\"lazy\" decoding=\"async\" class=\"alignnone size-full wp-image-191204\" src=\"https:\/\/www.justvape.nu\/wp-content\/uploads\/2020\/04\/horizontech-falcon-II-vape-tank-uk-2.jpg\" alt=\"\" width=\"900\" height=\"375\" title=\"\" srcset=\"https:\/\/justvape.nu\/wp-content\/uploads\/2020\/04\/horizontech-falcon-II-vape-tank-uk-2.jpg 900w, https:\/\/justvape.nu\/wp-content\/uploads\/2020\/04\/horizontech-falcon-II-vape-tank-uk-2-300x125.jpg 300w, https:\/\/justvape.nu\/wp-content\/uploads\/2020\/04\/horizontech-falcon-II-vape-tank-uk-2-768x320.jpg 768w, https:\/\/justvape.nu\/wp-content\/uploads\/2020\/04\/horizontech-falcon-II-vape-tank-uk-2-555x231.jpg 555w, https:\/\/justvape.nu\/wp-content\/uploads\/2020\/04\/horizontech-falcon-II-vape-tank-uk-2-64x27.jpg 64w\" sizes=\"auto, (max-width: 900px) 100vw, 900px\" \/><figcaption class=\"figure-caption text-center\">F\u00e1cil de rellenar, el tanque Falcon II de 2 ml cuenta con un mecanismo de llenado superior deslizante para un acceso r\u00e1pido.<\/figcaption><\/figure>\n<p>&nbsp;<\/p>\n<figure class=\"figure\"><img loading=\"lazy\" decoding=\"async\" class=\"alignnone size-full wp-image-191203\" src=\"https:\/\/www.justvape.nu\/wp-content\/uploads\/2020\/04\/horizontech-falcon-II-vape-tank-uk-3.jpg\" alt=\"\" width=\"900\" height=\"407\" title=\"\" srcset=\"https:\/\/justvape.nu\/wp-content\/uploads\/2020\/04\/horizontech-falcon-II-vape-tank-uk-3.jpg 900w, https:\/\/justvape.nu\/wp-content\/uploads\/2020\/04\/horizontech-falcon-II-vape-tank-uk-3-300x136.jpg 300w, https:\/\/justvape.nu\/wp-content\/uploads\/2020\/04\/horizontech-falcon-II-vape-tank-uk-3-768x347.jpg 768w, https:\/\/justvape.nu\/wp-content\/uploads\/2020\/04\/horizontech-falcon-II-vape-tank-uk-3-555x251.jpg 555w, https:\/\/justvape.nu\/wp-content\/uploads\/2020\/04\/horizontech-falcon-II-vape-tank-uk-3-64x29.jpg 64w\" sizes=\"auto, (max-width: 900px) 100vw, 900px\" \/><figcaption class=\"figure-caption text-center\">Especialmente dise\u00f1adas para el tanque Falcon II, las bobinas Sector cuentan con una estructura de malla para una mayor producci\u00f3n de sabor.<\/figcaption><\/figure>\n<p>&nbsp;<\/p>\n<figure class=\"figure\"><img loading=\"lazy\" decoding=\"async\" class=\"alignnone size-full wp-image-191202\" src=\"https:\/\/www.justvape.nu\/wp-content\/uploads\/2020\/04\/horizontech-falcon-II-vape-tank-uk-4.jpg\" alt=\"\" width=\"900\" height=\"407\" title=\"\" srcset=\"https:\/\/justvape.nu\/wp-content\/uploads\/2020\/04\/horizontech-falcon-II-vape-tank-uk-4.jpg 900w, https:\/\/justvape.nu\/wp-content\/uploads\/2020\/04\/horizontech-falcon-II-vape-tank-uk-4-300x136.jpg 300w, https:\/\/justvape.nu\/wp-content\/uploads\/2020\/04\/horizontech-falcon-II-vape-tank-uk-4-768x347.jpg 768w, https:\/\/justvape.nu\/wp-content\/uploads\/2020\/04\/horizontech-falcon-II-vape-tank-uk-4-555x251.jpg 555w, https:\/\/justvape.nu\/wp-content\/uploads\/2020\/04\/horizontech-falcon-II-vape-tank-uk-4-64x29.jpg 64w\" sizes=\"auto, (max-width: 900px) 100vw, 900px\" \/><figcaption class=\"figure-caption text-center\">Un dise\u00f1o de serpent\u00edn tejido en abanico del Sector fomenta un mejor flujo de vapor, lo que resulta en una mayor producci\u00f3n de vapor.<br \/>\n<img loading=\"lazy\" decoding=\"async\" class=\"alignnone size-full wp-image-18999\" src=\"https:\/\/www.justvape.nu\/wp-content\/uploads\/2018\/04\/Packing-List.png\" alt=\"\" width=\"950\" height=\"64\" title=\"\" srcset=\"https:\/\/justvape.nu\/wp-content\/uploads\/2018\/04\/Packing-List.png 950w, https:\/\/justvape.nu\/wp-content\/uploads\/2018\/04\/Packing-List-555x37.png 555w, https:\/\/justvape.nu\/wp-content\/uploads\/2018\/04\/Packing-List-64x4.png 64w, https:\/\/justvape.nu\/wp-content\/uploads\/2018\/04\/Packing-List-300x20.png 300w, https:\/\/justvape.nu\/wp-content\/uploads\/2018\/04\/Packing-List-768x52.png 768w\" sizes=\"auto, (max-width: 950px) 100vw, 950px\" \/><br \/>\n1 x tanque Falcon II 1 x bobina de sector instalada en el tanque<br \/>\n1 x bobina de sector de repuesto<br \/>\n1 x juego de anillos<\/p>\n<div class=\"ast-oembed-container \" style=\"height: 100%;\"><iframe loading=\"lazy\" title=\"The Falcon 2 SubOhm Tank By Horizontech!\" width=\"500\" height=\"281\" src=\"https:\/\/www.youtube.com\/embed\/rAmmKCpD5l0?feature=oembed\" frameborder=\"0\" allow=\"accelerometer; autoplay; clipboard-write; encrypted-media; gyroscope; picture-in-picture; web-share\" referrerpolicy=\"strict-origin-when-cross-origin\" allowfullscreen><\/iframe><\/div>\n<\/figcaption><\/figure>\n","protected":false},"excerpt":{"rendered":"<p>HorizonTech &#8211; Tanque Falcon II 2ml<\/p>\n","protected":false},"featured_media":285732,"comment_status":"open","ping_status":"closed","template":"","meta":{"_acf_changed":false,"_uag_custom_page_level_css":"","site-sidebar-layout":"default","site-content-layout":"default","ast-site-content-layout":"default","site-content-style":"default","site-sidebar-style":"default","ast-global-header-display":"","ast-banner-title-visibility":"","ast-main-header-display":"","ast-hfb-above-header-display":"","ast-hfb-below-header-display":"","ast-hfb-mobile-header-display":"","site-post-title":"","ast-breadcrumbs-content":"","ast-featured-img":"","footer-sml-layout":"","ast-disable-related-posts":"","theme-transparent-header-meta":"default","adv-header-id-meta":"","stick-header-meta":"default","header-above-stick-meta":"","header-main-stick-meta":"","header-below-stick-meta":"","astra-migrate-meta-layouts":"default","ast-page-background-enabled":"default","ast-page-background-meta":{"desktop":{"background-color":"","background-image":"","background-repeat":"repeat","background-position":"center center","background-size":"auto","background-attachment":"scroll","background-type":"","background-media":"","overlay-type":"","overlay-color":"","overlay-opacity":"","overlay-gradient":""},"tablet":{"background-color":"","background-image":"","background-repeat":"repeat","background-position":"center center","background-size":"auto","background-attachment":"scroll","background-type":"","background-media":"","overlay-type":"","overlay-color":"","overlay-opacity":"","overlay-gradient":""},"mobile":{"background-color":"","background-image":"","background-repeat":"repeat","background-position":"center center","background-size":"auto","background-attachment":"scroll","background-type":"","background-media":"","overlay-type":"","overlay-color":"","overlay-opacity":"","overlay-gradient":""}},"ast-content-background-meta":{"desktop":{"background-color":"var(--ast-global-color-5)","background-image":"","background-repeat":"repeat","background-position":"center center","background-size":"auto","background-attachment":"scroll","background-type":"","background-media":"","overlay-type":"","overlay-color":"","overlay-opacity":"","overlay-gradient":""},"tablet":{"background-color":"var(--ast-global-color-5)","background-image":"","background-repeat":"repeat","background-position":"center center","background-size":"auto","background-attachment":"scroll","background-type":"","background-media":"","overlay-type":"","overlay-color":"","overlay-opacity":"","overlay-gradient":""},"mobile":{"background-color":"var(--ast-global-color-5)","background-image":"","background-repeat":"repeat","background-position":"center center","background-size":"auto","background-attachment":"scroll","background-type":"","background-media":"","overlay-type":"","overlay-color":"","overlay-opacity":"","overlay-gradient":""}}},"product_brand":[],"product_cat":[2529,3264,2530,2043,1983],"product_tag":[],"class_list":{"0":"post-373145","1":"product","2":"type-product","3":"status-publish","4":"has-post-thumbnail","6":"product_cat-hardware-es","7":"product_cat-horizontech-falcon-es-2","8":"product_cat-shop-by-brand-es","9":"product_cat-tanques","10":"product_cat-tanques-y-bobinas","11":"desktop-align-center","12":"tablet-align-center","13":"mobile-align-center","14":"ast-product-gallery-layout-horizontal-slider","15":"ast-product-gallery-with-no-image","16":"ast-product-single-variable","17":"ast-product-tabs-layout-horizontal","19":"first","20":"instock","21":"sale","22":"taxable","23":"shipping-taxable","24":"purchasable","25":"product-type-variable"},"acf":[],"uagb_featured_image_src":{"full":["https:\/\/justvape.nu\/wp-content\/uploads\/2020\/04\/falcon_ii_tank_config_109_800x.jpg",800,800,false],"thumbnail":["https:\/\/justvape.nu\/wp-content\/uploads\/2020\/04\/falcon_ii_tank_config_109_800x-150x150.jpg",150,150,true],"medium":["https:\/\/justvape.nu\/wp-content\/uploads\/2020\/04\/falcon_ii_tank_config_109_800x-300x300.jpg",300,300,true],"medium_large":["https:\/\/justvape.nu\/wp-content\/uploads\/2020\/04\/falcon_ii_tank_config_109_800x-768x768.jpg",768,768,true],"large":["https:\/\/justvape.nu\/wp-content\/uploads\/2020\/04\/falcon_ii_tank_config_109_800x.jpg",800,800,false],"1536x1536":["https:\/\/justvape.nu\/wp-content\/uploads\/2020\/04\/falcon_ii_tank_config_109_800x.jpg",800,800,false],"2048x2048":["https:\/\/justvape.nu\/wp-content\/uploads\/2020\/04\/falcon_ii_tank_config_109_800x.jpg",800,800,false],"woocommerce_thumbnail":["https:\/\/justvape.nu\/wp-content\/uploads\/2020\/04\/falcon_ii_tank_config_109_800x-300x300.jpg",300,300,true],"woocommerce_single":["https:\/\/justvape.nu\/wp-content\/uploads\/2020\/04\/falcon_ii_tank_config_109_800x-600x600.jpg",600,600,true],"woocommerce_gallery_thumbnail":["https:\/\/justvape.nu\/wp-content\/uploads\/2020\/04\/falcon_ii_tank_config_109_800x-100x100.jpg",100,100,true],"dgwt-wcas-product-suggestion":["https:\/\/justvape.nu\/wp-content\/uploads\/2020\/04\/falcon_ii_tank_config_109_800x-64x64.jpg",64,64,true]},"uagb_author_info":{"display_name":"JustVape.nu","author_link":"https:\/\/justvape.nu\/es\/author\/"},"uagb_comment_info":0,"uagb_excerpt":"HorizonTech - Tanque Falcon II 2ml","_links":{"self":[{"href":"https:\/\/justvape.nu\/es\/wp-json\/wp\/v2\/product\/373145","targetHints":{"allow":["GET"]}}],"collection":[{"href":"https:\/\/justvape.nu\/es\/wp-json\/wp\/v2\/product"}],"about":[{"href":"https:\/\/justvape.nu\/es\/wp-json\/wp\/v2\/types\/product"}],"replies":[{"embeddable":true,"href":"https:\/\/justvape.nu\/es\/wp-json\/wp\/v2\/comments?post=373145"}],"wp:featuredmedia":[{"embeddable":true,"href":"https:\/\/justvape.nu\/es\/wp-json\/wp\/v2\/media\/285732"}],"wp:attachment":[{"href":"https:\/\/justvape.nu\/es\/wp-json\/wp\/v2\/media?parent=373145"}],"wp:term":[{"taxonomy":"product_brand","embeddable":true,"href":"https:\/\/justvape.nu\/es\/wp-json\/wp\/v2\/product_brand?post=373145"},{"taxonomy":"product_cat","embeddable":true,"href":"https:\/\/justvape.nu\/es\/wp-json\/wp\/v2\/product_cat?post=373145"},{"taxonomy":"product_tag","embeddable":true,"href":"https:\/\/justvape.nu\/es\/wp-json\/wp\/v2\/product_tag?post=373145"}],"curies":[{"name":"wp","href":"https:\/\/api.w.org\/{rel}","templated":true}]}}