{"id":371822,"date":"2019-12-16T19:46:44","date_gmt":"2019-12-16T18:46:44","guid":{"rendered":"https:\/\/www.justvape.nu\/produkt\/tiras-wotofo-nexmesh\/"},"modified":"2024-10-27T19:48:10","modified_gmt":"2024-10-27T18:48:10","slug":"wotofo-nexmesh-strips","status":"publish","type":"product","link":"https:\/\/justvape.nu\/es\/produkt\/wotofo-nexmesh-strips\/","title":{"rendered":"Wotofo nexMESH Strips"},"content":{"rendered":"<h2>Wotofo nexMESH Strips<\/h2>\n<p>Como n\u00facleo calefactor, la malla juega un papel importante. Cada peque\u00f1o cambio de estructura importa. Al igual que un traje hecho a medida que deber\u00eda ajustarse perfectamente a usted, la malla del Profile 1.5 se prob\u00f3 una y otra vez para obtener el mejor resultado. Todos los cambios apuntaban al mismo objetivo, la producci\u00f3n de sabor.<\/p>\n<p>Para atender a m\u00e1s vapers, se han incluido 3 opciones de bobina de malla: nexMESH CHILL, nexMESH TURBO y nexMESH EXTREME. Tenga en cuenta que la nueva malla no es intercambiable con la malla Profile RDA original, ya que es 1,4 veces el \u00e1rea de la original.<\/p>\n<p>&nbsp;<\/p>\n<div><img loading=\"lazy\" decoding=\"async\" class=\"alignnone size-full wp-image-153384\" src=\"https:\/\/www.justvape.nu\/wp-content\/uploads\/2019\/11\/wotofo-profile-1.5-rda-nexMASH.jpg\" alt=\"\" width=\"800\" height=\"500\" title=\"\" srcset=\"https:\/\/justvape.nu\/wp-content\/uploads\/2019\/11\/wotofo-profile-1.5-rda-nexMASH.jpg 800w, https:\/\/justvape.nu\/wp-content\/uploads\/2019\/11\/wotofo-profile-1.5-rda-nexMASH-555x347.jpg 555w, https:\/\/justvape.nu\/wp-content\/uploads\/2019\/11\/wotofo-profile-1.5-rda-nexMASH-64x40.jpg 64w, https:\/\/justvape.nu\/wp-content\/uploads\/2019\/11\/wotofo-profile-1.5-rda-nexMASH-300x188.jpg 300w, https:\/\/justvape.nu\/wp-content\/uploads\/2019\/11\/wotofo-profile-1.5-rda-nexMASH-768x480.jpg 768w\" sizes=\"auto, (max-width: 800px) 100vw, 800px\" \/><\/div>\n<h2><strong>NEXMESH EXTREME (A1 0.16OHM)<\/strong><\/h2>\n<p>nexMESH Extreme es la malla de alambre tejida refinada derivada de la malla de alambre original. Su secreto reside en el uso preciso de cables. La producci\u00f3n de sabor puede variar dr\u00e1sticamente con una peque\u00f1a diferencia en los patrones de malla, incluido el tejido, el rizado, el espaciado y el alambre. Para ayudar a\u00fan m\u00e1s a comprender qu\u00e9 potencia tiene nexMESH Extreme, usaremos una analog\u00eda:<strong> nexMESH Extreme es para mallar como el complejo Clapton es para bobinas de una sola hebra.<\/strong> En esencia, nexMESH Extreme ofrece un \u00e1rea de superficie de enrollado m\u00e1s grande, de una manera micro, que las tiras de malla normales, por lo que aumenta la producci\u00f3n de vapor y mejora la producci\u00f3n de sabor.<\/p>\n<p><strong>Actuaci\u00f3n:<\/strong> Robusto y fuerte, una experiencia de sabor vigorosamente m\u00e1s c\u00e1lida, gran producci\u00f3n de vapor.<\/p>\n<div><img loading=\"lazy\" decoding=\"async\" class=\"alignnone size-full wp-image-153381\" src=\"https:\/\/www.justvape.nu\/wp-content\/uploads\/2019\/11\/wotofo-profile-1.5-rda-nexMASH-EXTREME.jpg\" alt=\"\" width=\"500\" height=\"300\" title=\"\" srcset=\"https:\/\/justvape.nu\/wp-content\/uploads\/2019\/11\/wotofo-profile-1.5-rda-nexMASH-EXTREME.jpg 500w, https:\/\/justvape.nu\/wp-content\/uploads\/2019\/11\/wotofo-profile-1.5-rda-nexMASH-EXTREME-64x38.jpg 64w, https:\/\/justvape.nu\/wp-content\/uploads\/2019\/11\/wotofo-profile-1.5-rda-nexMASH-EXTREME-300x180.jpg 300w\" sizes=\"auto, (max-width: 500px) 100vw, 500px\" \/><\/div>\n<h2><strong>NEXMESH TURBO (A1 0.13OHM)<\/strong><\/h2>\n<p>nexMESH Turbo es la tira de malla perforada de alta densidad similar a nexMESH Chill. Ofrece un tiempo de aceleraci\u00f3n m\u00e1s r\u00e1pido y proporciona una gran superficie de contacto con el e-l\u00edquido. \u00bfEl resultado? M\u00e1s vapor con m\u00e1s posibilidades de degustar m\u00e1s notas en e-l\u00edquidos en menos tiempo.<\/p>\n<p><strong>Actuaci\u00f3n:<\/strong> Audaz y claro, una experiencia de sabor m\u00e1s intensa, producci\u00f3n de vapor espeso.<\/p>\n<div><img loading=\"lazy\" decoding=\"async\" class=\"alignnone size-full wp-image-153382\" src=\"https:\/\/www.justvape.nu\/wp-content\/uploads\/2019\/11\/wotofo-profile-1.5-rda-nexMASH-TURBO.jpg\" alt=\"\" width=\"500\" height=\"300\" title=\"\" srcset=\"https:\/\/justvape.nu\/wp-content\/uploads\/2019\/11\/wotofo-profile-1.5-rda-nexMASH-TURBO.jpg 500w, https:\/\/justvape.nu\/wp-content\/uploads\/2019\/11\/wotofo-profile-1.5-rda-nexMASH-TURBO-300x180.jpg 300w, https:\/\/justvape.nu\/wp-content\/uploads\/2019\/11\/wotofo-profile-1.5-rda-nexMASH-TURBO-64x38.jpg 64w\" sizes=\"auto, (max-width: 500px) 100vw, 500px\" \/><\/div>\n<h2><strong>ENFRIAMIENTO NEXMESH (A1 0.15OHM)<\/strong><\/h2>\n<p>nexMESH Chill es la tira de metal para vaporizador con agujeros debidamente perforados para formar una estructura similar a una malla. Ofrece una distribuci\u00f3n uniforme del calor y una velocidad de calentamiento r\u00e1pida. Con un control preciso sobre la malla, nexMESH Chill es capaz de descomponer el perfil de sabor en el e-l\u00edquido y permitir una sensaci\u00f3n de sabor m\u00e1s definida.<\/p>\n<p><strong>Actuaci\u00f3n:<\/strong> Suave y suave, una experiencia de sabor m\u00e1s relajada, gran producci\u00f3n de vapor.<\/p>\n<div><img loading=\"lazy\" decoding=\"async\" class=\"alignnone size-full wp-image-153383\" src=\"https:\/\/www.justvape.nu\/wp-content\/uploads\/2019\/11\/wotofo-profile-1.5-rda-nexMASH-CHILL.jpg\" alt=\"\" width=\"500\" height=\"300\" title=\"\" srcset=\"https:\/\/justvape.nu\/wp-content\/uploads\/2019\/11\/wotofo-profile-1.5-rda-nexMASH-CHILL.jpg 500w, https:\/\/justvape.nu\/wp-content\/uploads\/2019\/11\/wotofo-profile-1.5-rda-nexMASH-CHILL-64x38.jpg 64w, https:\/\/justvape.nu\/wp-content\/uploads\/2019\/11\/wotofo-profile-1.5-rda-nexMASH-CHILL-300x180.jpg 300w\" sizes=\"auto, (max-width: 500px) 100vw, 500px\" \/><\/div>\n<div><\/div>\n<div>\n<div class=\"ast-oembed-container \" style=\"height: 100%;\"><iframe loading=\"lazy\" title=\"Vaping At 100 Watts With The Profile v1.5 RDA By Wotofo &amp; #MRJUSTRIGHT1\" width=\"500\" height=\"281\" src=\"https:\/\/www.youtube.com\/embed\/GHrDLwgEuGM?start=615&#038;feature=oembed\" frameborder=\"0\" allow=\"accelerometer; autoplay; clipboard-write; encrypted-media; gyroscope; picture-in-picture; web-share\" referrerpolicy=\"strict-origin-when-cross-origin\" allowfullscreen><\/iframe><\/div>\n<\/div>\n","protected":false},"excerpt":{"rendered":"<p>Wotofo nexMESH Strips<\/p>\n","protected":false},"featured_media":281812,"comment_status":"open","ping_status":"closed","template":"","meta":{"_acf_changed":false,"_uag_custom_page_level_css":"","site-sidebar-layout":"default","site-content-layout":"default","ast-site-content-layout":"default","site-content-style":"default","site-sidebar-style":"default","ast-global-header-display":"","ast-banner-title-visibility":"","ast-main-header-display":"","ast-hfb-above-header-display":"","ast-hfb-below-header-display":"","ast-hfb-mobile-header-display":"","site-post-title":"","ast-breadcrumbs-content":"","ast-featured-img":"","footer-sml-layout":"","ast-disable-related-posts":"","theme-transparent-header-meta":"default","adv-header-id-meta":"","stick-header-meta":"default","header-above-stick-meta":"","header-main-stick-meta":"","header-below-stick-meta":"","astra-migrate-meta-layouts":"default","ast-page-background-enabled":"default","ast-page-background-meta":{"desktop":{"background-color":"","background-image":"","background-repeat":"repeat","background-position":"center center","background-size":"auto","background-attachment":"scroll","background-type":"","background-media":"","overlay-type":"","overlay-color":"","overlay-opacity":"","overlay-gradient":""},"tablet":{"background-color":"","background-image":"","background-repeat":"repeat","background-position":"center center","background-size":"auto","background-attachment":"scroll","background-type":"","background-media":"","overlay-type":"","overlay-color":"","overlay-opacity":"","overlay-gradient":""},"mobile":{"background-color":"","background-image":"","background-repeat":"repeat","background-position":"center center","background-size":"auto","background-attachment":"scroll","background-type":"","background-media":"","overlay-type":"","overlay-color":"","overlay-opacity":"","overlay-gradient":""}},"ast-content-background-meta":{"desktop":{"background-color":"var(--ast-global-color-5)","background-image":"","background-repeat":"repeat","background-position":"center center","background-size":"auto","background-attachment":"scroll","background-type":"","background-media":"","overlay-type":"","overlay-color":"","overlay-opacity":"","overlay-gradient":""},"tablet":{"background-color":"var(--ast-global-color-5)","background-image":"","background-repeat":"repeat","background-position":"center center","background-size":"auto","background-attachment":"scroll","background-type":"","background-media":"","overlay-type":"","overlay-color":"","overlay-opacity":"","overlay-gradient":""},"mobile":{"background-color":"var(--ast-global-color-5)","background-image":"","background-repeat":"repeat","background-position":"center center","background-size":"auto","background-attachment":"scroll","background-type":"","background-media":"","overlay-type":"","overlay-color":"","overlay-opacity":"","overlay-gradient":""}}},"product_brand":[],"product_cat":[2267,1923,3502],"product_tag":[],"class_list":{"0":"post-371822","1":"product","2":"type-product","3":"status-publish","4":"has-post-thumbnail","6":"product_cat-prebuild-coils-es","7":"product_cat-diy-es","8":"product_cat-wotofo-es","9":"desktop-align-center","10":"tablet-align-center","11":"mobile-align-center","12":"ast-product-gallery-layout-horizontal-slider","13":"ast-product-gallery-with-no-image","14":"ast-product-single-variable","15":"ast-product-tabs-layout-horizontal","17":"first","18":"instock","19":"sale","20":"taxable","21":"shipping-taxable","22":"purchasable","23":"product-type-variable"},"acf":[],"uagb_featured_image_src":{"full":["https:\/\/justvape.nu\/wp-content\/uploads\/2019\/12\/nexmesh_extreme_700x700.jpg",800,800,false],"thumbnail":["https:\/\/justvape.nu\/wp-content\/uploads\/2019\/12\/nexmesh_extreme_700x700-150x150.jpg",150,150,true],"medium":["https:\/\/justvape.nu\/wp-content\/uploads\/2019\/12\/nexmesh_extreme_700x700-300x300.jpg",300,300,true],"medium_large":["https:\/\/justvape.nu\/wp-content\/uploads\/2019\/12\/nexmesh_extreme_700x700-768x768.jpg",768,768,true],"large":["https:\/\/justvape.nu\/wp-content\/uploads\/2019\/12\/nexmesh_extreme_700x700.jpg",800,800,false],"1536x1536":["https:\/\/justvape.nu\/wp-content\/uploads\/2019\/12\/nexmesh_extreme_700x700.jpg",800,800,false],"2048x2048":["https:\/\/justvape.nu\/wp-content\/uploads\/2019\/12\/nexmesh_extreme_700x700.jpg",800,800,false],"woocommerce_thumbnail":["https:\/\/justvape.nu\/wp-content\/uploads\/2019\/12\/nexmesh_extreme_700x700-300x300.jpg",300,300,true],"woocommerce_single":["https:\/\/justvape.nu\/wp-content\/uploads\/2019\/12\/nexmesh_extreme_700x700-600x600.jpg",600,600,true],"woocommerce_gallery_thumbnail":["https:\/\/justvape.nu\/wp-content\/uploads\/2019\/12\/nexmesh_extreme_700x700-100x100.jpg",100,100,true],"dgwt-wcas-product-suggestion":["https:\/\/justvape.nu\/wp-content\/uploads\/2019\/12\/nexmesh_extreme_700x700-64x64.jpg",64,64,true]},"uagb_author_info":{"display_name":"JustVape.nu","author_link":"https:\/\/justvape.nu\/es\/author\/"},"uagb_comment_info":0,"uagb_excerpt":"Wotofo nexMESH Strips","_links":{"self":[{"href":"https:\/\/justvape.nu\/es\/wp-json\/wp\/v2\/product\/371822","targetHints":{"allow":["GET"]}}],"collection":[{"href":"https:\/\/justvape.nu\/es\/wp-json\/wp\/v2\/product"}],"about":[{"href":"https:\/\/justvape.nu\/es\/wp-json\/wp\/v2\/types\/product"}],"replies":[{"embeddable":true,"href":"https:\/\/justvape.nu\/es\/wp-json\/wp\/v2\/comments?post=371822"}],"wp:featuredmedia":[{"embeddable":true,"href":"https:\/\/justvape.nu\/es\/wp-json\/wp\/v2\/media\/281812"}],"wp:attachment":[{"href":"https:\/\/justvape.nu\/es\/wp-json\/wp\/v2\/media?parent=371822"}],"wp:term":[{"taxonomy":"product_brand","embeddable":true,"href":"https:\/\/justvape.nu\/es\/wp-json\/wp\/v2\/product_brand?post=371822"},{"taxonomy":"product_cat","embeddable":true,"href":"https:\/\/justvape.nu\/es\/wp-json\/wp\/v2\/product_cat?post=371822"},{"taxonomy":"product_tag","embeddable":true,"href":"https:\/\/justvape.nu\/es\/wp-json\/wp\/v2\/product_tag?post=371822"}],"curies":[{"name":"wp","href":"https:\/\/api.w.org\/{rel}","templated":true}]}}