{"id":368842,"date":"2020-08-16T21:28:46","date_gmt":"2020-08-16T19:28:46","guid":{"rendered":"https:\/\/www.justvape.nu\/produkt\/ofrf-bobina-nexmesh-ss316\/"},"modified":"2025-05-06T09:05:25","modified_gmt":"2025-05-06T07:05:25","slug":"ofrf-nexmesh-coil-ss316","status":"publish","type":"product","link":"https:\/\/justvape.nu\/es\/produkt\/ofrf-nexmesh-coil-ss316\/","title":{"rendered":"OFRF &#8211; Bobina NexMesh &#8211; SS316"},"content":{"rendered":"<h2>OFRF &#8211; Bobina NexMesh de 0,15 ohmios<\/h2>\n<p>Las bobinas OFRF nexMESH son l\u00e1minas de metal perforadas prefabricadas hechas de Kanthal A1 y est\u00e1n dise\u00f1adas espec\u00edficamente para WOTOFO Profile RDA. Cada bobina nexMESH tiene una resistencia de 0.13\u03a9 con un rango de potencia recomendado entre 60W y 70W. La bobina nexMESH tiene una red de micro tejido \u00fanica con 3 veces m\u00e1s agujeros que la bobina de estilo de malla WOTOFO, lo que resulta en tiempos de aceleraci\u00f3n m\u00e1s r\u00e1pidos y menos saliva.<\/p>\n<p><strong>Especificaciones:<\/strong><\/p>\n<ul>\n<li>Materiales: SS316L<\/li>\n<li>16 mm por 6,8 mm de di\u00e1metro<\/li>\n<li>0,15 \u03a9<\/li>\n<li>Rango de potencia recomendado: 50 W &#8211; 80 W o control de temperatura 180-300 Celsius<\/li>\n<\/ul>\n<p>https:\/\/www.youtube.com\/watch?time_continue=90&#038;v=oKQzG64jtrU<\/p>\n","protected":false},"excerpt":{"rendered":"<p>OFRF &#8211; NexMesh Coil<\/p>\n","protected":false},"featured_media":298720,"comment_status":"open","ping_status":"closed","template":"","meta":{"_acf_changed":false,"_uag_custom_page_level_css":"","site-sidebar-layout":"default","site-content-layout":"","ast-site-content-layout":"default","site-content-style":"default","site-sidebar-style":"default","ast-global-header-display":"","ast-banner-title-visibility":"","ast-main-header-display":"","ast-hfb-above-header-display":"","ast-hfb-below-header-display":"","ast-hfb-mobile-header-display":"","site-post-title":"","ast-breadcrumbs-content":"","ast-featured-img":"","footer-sml-layout":"","ast-disable-related-posts":"","theme-transparent-header-meta":"default","adv-header-id-meta":"","stick-header-meta":"default","header-above-stick-meta":"","header-main-stick-meta":"","header-below-stick-meta":"","astra-migrate-meta-layouts":"default","ast-page-background-enabled":"default","ast-page-background-meta":{"desktop":{"background-color":"","background-image":"","background-repeat":"repeat","background-position":"center center","background-size":"auto","background-attachment":"scroll","background-type":"","background-media":"","overlay-type":"","overlay-color":"","overlay-opacity":"","overlay-gradient":""},"tablet":{"background-color":"","background-image":"","background-repeat":"repeat","background-position":"center center","background-size":"auto","background-attachment":"scroll","background-type":"","background-media":"","overlay-type":"","overlay-color":"","overlay-opacity":"","overlay-gradient":""},"mobile":{"background-color":"","background-image":"","background-repeat":"repeat","background-position":"center center","background-size":"auto","background-attachment":"scroll","background-type":"","background-media":"","overlay-type":"","overlay-color":"","overlay-opacity":"","overlay-gradient":""}},"ast-content-background-meta":{"desktop":{"background-color":"var(--ast-global-color-5)","background-image":"","background-repeat":"repeat","background-position":"center center","background-size":"auto","background-attachment":"scroll","background-type":"","background-media":"","overlay-type":"","overlay-color":"","overlay-opacity":"","overlay-gradient":""},"tablet":{"background-color":"var(--ast-global-color-5)","background-image":"","background-repeat":"repeat","background-position":"center center","background-size":"auto","background-attachment":"scroll","background-type":"","background-media":"","overlay-type":"","overlay-color":"","overlay-opacity":"","overlay-gradient":""},"mobile":{"background-color":"var(--ast-global-color-5)","background-image":"","background-repeat":"repeat","background-position":"center center","background-size":"auto","background-attachment":"scroll","background-type":"","background-media":"","overlay-type":"","overlay-color":"","overlay-opacity":"","overlay-gradient":""}}},"product_brand":[],"product_cat":[2267,1923],"product_tag":[],"class_list":{"0":"post-368842","1":"product","2":"type-product","3":"status-publish","4":"has-post-thumbnail","6":"product_cat-prebuild-coils-es","7":"product_cat-diy-es","8":"desktop-align-center","9":"tablet-align-center","10":"mobile-align-center","11":"ast-product-gallery-layout-horizontal-slider","12":"ast-product-gallery-with-no-image","13":"ast-product-tabs-layout-horizontal","15":"first","16":"instock","17":"sale","18":"taxable","19":"shipping-taxable","20":"purchasable","21":"product-type-simple"},"acf":[],"uagb_featured_image_src":{"full":["https:\/\/justvape.nu\/wp-content\/uploads\/2020\/08\/ofrf-replacement-coil-ofrf-nexmesh-replacement-coils-8627187843131_1800x1800_justvape.jpg",1280,1280,false],"thumbnail":["https:\/\/justvape.nu\/wp-content\/uploads\/2020\/08\/ofrf-replacement-coil-ofrf-nexmesh-replacement-coils-8627187843131_1800x1800_justvape-150x150.jpg",150,150,true],"medium":["https:\/\/justvape.nu\/wp-content\/uploads\/2020\/08\/ofrf-replacement-coil-ofrf-nexmesh-replacement-coils-8627187843131_1800x1800_justvape-300x300.jpg",300,300,true],"medium_large":["https:\/\/justvape.nu\/wp-content\/uploads\/2020\/08\/ofrf-replacement-coil-ofrf-nexmesh-replacement-coils-8627187843131_1800x1800_justvape-768x768.jpg",768,768,true],"large":["https:\/\/justvape.nu\/wp-content\/uploads\/2020\/08\/ofrf-replacement-coil-ofrf-nexmesh-replacement-coils-8627187843131_1800x1800_justvape-1024x1024.jpg",1024,1024,true],"1536x1536":["https:\/\/justvape.nu\/wp-content\/uploads\/2020\/08\/ofrf-replacement-coil-ofrf-nexmesh-replacement-coils-8627187843131_1800x1800_justvape.jpg",1280,1280,false],"2048x2048":["https:\/\/justvape.nu\/wp-content\/uploads\/2020\/08\/ofrf-replacement-coil-ofrf-nexmesh-replacement-coils-8627187843131_1800x1800_justvape.jpg",1280,1280,false],"woocommerce_thumbnail":["https:\/\/justvape.nu\/wp-content\/uploads\/2020\/08\/ofrf-replacement-coil-ofrf-nexmesh-replacement-coils-8627187843131_1800x1800_justvape-300x300.jpg",300,300,true],"woocommerce_single":["https:\/\/justvape.nu\/wp-content\/uploads\/2020\/08\/ofrf-replacement-coil-ofrf-nexmesh-replacement-coils-8627187843131_1800x1800_justvape-600x600.jpg",600,600,true],"woocommerce_gallery_thumbnail":["https:\/\/justvape.nu\/wp-content\/uploads\/2020\/08\/ofrf-replacement-coil-ofrf-nexmesh-replacement-coils-8627187843131_1800x1800_justvape-100x100.jpg",100,100,true],"dgwt-wcas-product-suggestion":["https:\/\/justvape.nu\/wp-content\/uploads\/2020\/08\/ofrf-replacement-coil-ofrf-nexmesh-replacement-coils-8627187843131_1800x1800_justvape-64x64.jpg",64,64,true]},"uagb_author_info":{"display_name":"JustVape.nu","author_link":"https:\/\/justvape.nu\/es\/author\/"},"uagb_comment_info":0,"uagb_excerpt":"OFRF - NexMesh Coil","_links":{"self":[{"href":"https:\/\/justvape.nu\/es\/wp-json\/wp\/v2\/product\/368842","targetHints":{"allow":["GET"]}}],"collection":[{"href":"https:\/\/justvape.nu\/es\/wp-json\/wp\/v2\/product"}],"about":[{"href":"https:\/\/justvape.nu\/es\/wp-json\/wp\/v2\/types\/product"}],"replies":[{"embeddable":true,"href":"https:\/\/justvape.nu\/es\/wp-json\/wp\/v2\/comments?post=368842"}],"wp:featuredmedia":[{"embeddable":true,"href":"https:\/\/justvape.nu\/es\/wp-json\/wp\/v2\/media\/298720"}],"wp:attachment":[{"href":"https:\/\/justvape.nu\/es\/wp-json\/wp\/v2\/media?parent=368842"}],"wp:term":[{"taxonomy":"product_brand","embeddable":true,"href":"https:\/\/justvape.nu\/es\/wp-json\/wp\/v2\/product_brand?post=368842"},{"taxonomy":"product_cat","embeddable":true,"href":"https:\/\/justvape.nu\/es\/wp-json\/wp\/v2\/product_cat?post=368842"},{"taxonomy":"product_tag","embeddable":true,"href":"https:\/\/justvape.nu\/es\/wp-json\/wp\/v2\/product_tag?post=368842"}],"curies":[{"name":"wp","href":"https:\/\/api.w.org\/{rel}","templated":true}]}}