{"id":322077,"date":"2020-08-31T21:11:50","date_gmt":"2020-08-31T19:11:50","guid":{"rendered":"https:\/\/www.justvape.nu\/produkt\/hohm-tech-cargador-de-bateria-escolar-4-ranuras\/"},"modified":"2023-09-03T16:26:46","modified_gmt":"2023-09-03T14:26:46","slug":"cargador-de-bateria-hohm-tech-school-4-ranuras","status":"publish","type":"product","link":"https:\/\/justvape.nu\/es\/produkt\/cargador-de-bateria-hohm-tech-school-4-ranuras\/","title":{"rendered":"HOHM TECH &#8211; SCHOOL BATTERY CHARGER 4 SLOTS"},"content":{"rendered":"<h2>HOHM TECH &#8211; SCHOOL BATTERY CHARGER 4 SLOTS<\/h2>\n<p>Estos cargadores de bater\u00edas escolares Hohm de Hohm Tech son completamente aut\u00f3nomos y est\u00e1n llenos de caracter\u00edsticas de seguridad, con cargadores que contienen dos o cuatro bater\u00edas y son compatibles con 18650,20700,21700.<\/p>\n<p>El cargador de bater\u00eda escolar Hohm de Hohm Tech es completamente automatizado y est\u00e1 equipado con el sistema BLD1 que automatiza la salida de subida \/ bajada para que tanto las celdas peque\u00f1as como las grandes se carguen a la velocidad adecuada. Incluso las bater\u00edas de iones de litio con o sin PCB \/ PCM3 se equilibran f\u00e1cilmente con el voltaje correcto. Esto garantiza que la integridad qu\u00edmica de las peque\u00f1as bater\u00edas de iones de litio de hoy en d\u00eda no se vea comprometida, lo que les permite tener un ciclo de vida completo.<\/p>\n<h4>CARACTER\u00cdSTICAS DE 4BAY:<\/h4>\n<p>&nbsp;<\/p>\n<ul>\n<li>Sistema BLD1: automatiza la amplificaci\u00f3n y reducci\u00f3n de carga en las c\u00e9lulas de iones de litio<\/li>\n<li>Integraci\u00f3n del regulador aut\u00f3nomo de alimentaci\u00f3n de entrada (no m\u00e1s estr\u00e9s en los adaptadores o puertos de alimentaci\u00f3n USB)<\/li>\n<li>Compatible con TODAS las celdas de iones de litio desde tan solo 30 mm hasta tan largo como 73 mm<\/li>\n<li>Indicador LED que informa la variaci\u00f3n de color y parpadeo para una lectura r\u00e1pida \/ f\u00e1cil<\/li>\n<li>Compatible con PCB \/ PCM3, por lo que incluso las celdas protegidas no se quedan en el fr\u00edo<\/li>\n<li>Protecci\u00f3n 101: A] sobrecarga; B] cortocircuito; C] detecci\u00f3n de tipo de bater\u00eda incorrecta; D] polaridad inversa<\/li>\n<\/ul>\n<h4><\/h4>\n<p><em><strong>Especificaciones<\/strong><\/em><br \/>\nCargador de 4 bah\u00edas<br \/>\n2,0 A x 2, 1,0 A x 4\/1 A x 2 y 0,5 A x 2 (salida combinada m\u00e1xima de 4 A)<br \/>\nCompletamente automatizado con indicadores LED de estado de carga<br \/>\nCompatible con todas las celdas de iones de litio de 30 mm a 73 mm<br \/>\nM\u00faltiples funciones de protecci\u00f3n (sobrecarga, cortocircuito, detecci\u00f3n de tipo de bater\u00eda incorrecta y polaridad inversa<\/p>\n<p>https:\/\/www.youtube.com\/watch?v=HS8hXfwGyLM<\/p>\n","protected":false},"excerpt":{"rendered":"<p>HOHM TECH &#8211; SCHOOL BATTERY CHARGER 4 SLOTS<\/p>\n","protected":false},"featured_media":300563,"comment_status":"open","ping_status":"closed","template":"","meta":{"_acf_changed":false,"_uag_custom_page_level_css":"","site-sidebar-layout":"default","site-content-layout":"default","ast-site-content-layout":"default","site-content-style":"default","site-sidebar-style":"default","ast-global-header-display":"","ast-banner-title-visibility":"","ast-main-header-display":"","ast-hfb-above-header-display":"","ast-hfb-below-header-display":"","ast-hfb-mobile-header-display":"","site-post-title":"","ast-breadcrumbs-content":"","ast-featured-img":"","footer-sml-layout":"","ast-disable-related-posts":"","theme-transparent-header-meta":"default","adv-header-id-meta":"","stick-header-meta":"default","header-above-stick-meta":"","header-main-stick-meta":"","header-below-stick-meta":"","astra-migrate-meta-layouts":"default","ast-page-background-enabled":"default","ast-page-background-meta":{"desktop":{"background-color":"","background-image":"","background-repeat":"repeat","background-position":"center center","background-size":"auto","background-attachment":"scroll","background-type":"","background-media":"","overlay-type":"","overlay-color":"","overlay-opacity":"","overlay-gradient":""},"tablet":{"background-color":"","background-image":"","background-repeat":"repeat","background-position":"center center","background-size":"auto","background-attachment":"scroll","background-type":"","background-media":"","overlay-type":"","overlay-color":"","overlay-opacity":"","overlay-gradient":""},"mobile":{"background-color":"","background-image":"","background-repeat":"repeat","background-position":"center center","background-size":"auto","background-attachment":"scroll","background-type":"","background-media":"","overlay-type":"","overlay-color":"","overlay-opacity":"","overlay-gradient":""}},"ast-content-background-meta":{"desktop":{"background-color":"var(--ast-global-color-5)","background-image":"","background-repeat":"repeat","background-position":"center center","background-size":"auto","background-attachment":"scroll","background-type":"","background-media":"","overlay-type":"","overlay-color":"","overlay-opacity":"","overlay-gradient":""},"tablet":{"background-color":"var(--ast-global-color-5)","background-image":"","background-repeat":"repeat","background-position":"center center","background-size":"auto","background-attachment":"scroll","background-type":"","background-media":"","overlay-type":"","overlay-color":"","overlay-opacity":"","overlay-gradient":""},"mobile":{"background-color":"var(--ast-global-color-5)","background-image":"","background-repeat":"repeat","background-position":"center center","background-size":"auto","background-attachment":"scroll","background-type":"","background-media":"","overlay-type":"","overlay-color":"","overlay-opacity":"","overlay-gradient":""}}},"product_brand":[],"product_cat":[1913,2197,2529,4583,2530],"product_tag":[],"class_list":{"0":"post-322077","1":"product","2":"type-product","3":"status-publish","4":"has-post-thumbnail","6":"product_cat-accesorios","7":"product_cat-cargadores","8":"product_cat-hardware-es","9":"product_cat-hohm-tech-es","10":"product_cat-shop-by-brand-es","11":"desktop-align-center","12":"tablet-align-center","13":"mobile-align-center","14":"ast-product-gallery-layout-horizontal-slider","15":"ast-product-gallery-with-no-image","16":"ast-product-tabs-layout-horizontal","18":"first","19":"instock","20":"sale","21":"taxable","22":"shipping-taxable","23":"purchasable","24":"product-type-simple"},"acf":[],"uagb_featured_image_src":{"full":["https:\/\/justvape.nu\/wp-content\/uploads\/2020\/08\/HOHM_SCHOOL-4-4A-BLD-USB-C-CHARGER_PA.jpg",800,800,false],"thumbnail":["https:\/\/justvape.nu\/wp-content\/uploads\/2020\/08\/HOHM_SCHOOL-4-4A-BLD-USB-C-CHARGER_PA-150x150.jpg",150,150,true],"medium":["https:\/\/justvape.nu\/wp-content\/uploads\/2020\/08\/HOHM_SCHOOL-4-4A-BLD-USB-C-CHARGER_PA-300x300.jpg",300,300,true],"medium_large":["https:\/\/justvape.nu\/wp-content\/uploads\/2020\/08\/HOHM_SCHOOL-4-4A-BLD-USB-C-CHARGER_PA-768x768.jpg",768,768,true],"large":["https:\/\/justvape.nu\/wp-content\/uploads\/2020\/08\/HOHM_SCHOOL-4-4A-BLD-USB-C-CHARGER_PA.jpg",800,800,false],"1536x1536":["https:\/\/justvape.nu\/wp-content\/uploads\/2020\/08\/HOHM_SCHOOL-4-4A-BLD-USB-C-CHARGER_PA.jpg",800,800,false],"2048x2048":["https:\/\/justvape.nu\/wp-content\/uploads\/2020\/08\/HOHM_SCHOOL-4-4A-BLD-USB-C-CHARGER_PA.jpg",800,800,false],"woocommerce_thumbnail":["https:\/\/justvape.nu\/wp-content\/uploads\/2020\/08\/HOHM_SCHOOL-4-4A-BLD-USB-C-CHARGER_PA-300x300.jpg",300,300,true],"woocommerce_single":["https:\/\/justvape.nu\/wp-content\/uploads\/2020\/08\/HOHM_SCHOOL-4-4A-BLD-USB-C-CHARGER_PA-600x600.jpg",600,600,true],"woocommerce_gallery_thumbnail":["https:\/\/justvape.nu\/wp-content\/uploads\/2020\/08\/HOHM_SCHOOL-4-4A-BLD-USB-C-CHARGER_PA-100x100.jpg",100,100,true],"dgwt-wcas-product-suggestion":["https:\/\/justvape.nu\/wp-content\/uploads\/2020\/08\/HOHM_SCHOOL-4-4A-BLD-USB-C-CHARGER_PA-64x64.jpg",64,64,true]},"uagb_author_info":{"display_name":"JustVape.nu","author_link":"https:\/\/justvape.nu\/es\/author\/"},"uagb_comment_info":0,"uagb_excerpt":"HOHM TECH - SCHOOL BATTERY CHARGER 4 SLOTS","_links":{"self":[{"href":"https:\/\/justvape.nu\/es\/wp-json\/wp\/v2\/product\/322077","targetHints":{"allow":["GET"]}}],"collection":[{"href":"https:\/\/justvape.nu\/es\/wp-json\/wp\/v2\/product"}],"about":[{"href":"https:\/\/justvape.nu\/es\/wp-json\/wp\/v2\/types\/product"}],"replies":[{"embeddable":true,"href":"https:\/\/justvape.nu\/es\/wp-json\/wp\/v2\/comments?post=322077"}],"wp:featuredmedia":[{"embeddable":true,"href":"https:\/\/justvape.nu\/es\/wp-json\/wp\/v2\/media\/300563"}],"wp:attachment":[{"href":"https:\/\/justvape.nu\/es\/wp-json\/wp\/v2\/media?parent=322077"}],"wp:term":[{"taxonomy":"product_brand","embeddable":true,"href":"https:\/\/justvape.nu\/es\/wp-json\/wp\/v2\/product_brand?post=322077"},{"taxonomy":"product_cat","embeddable":true,"href":"https:\/\/justvape.nu\/es\/wp-json\/wp\/v2\/product_cat?post=322077"},{"taxonomy":"product_tag","embeddable":true,"href":"https:\/\/justvape.nu\/es\/wp-json\/wp\/v2\/product_tag?post=322077"}],"curies":[{"name":"wp","href":"https:\/\/api.w.org\/{rel}","templated":true}]}}