{"id":322034,"date":"2020-08-27T12:22:56","date_gmt":"2020-08-27T10:22:56","guid":{"rendered":"https:\/\/www.justvape.nu\/produkt\/molicel-inr-20700a-20700-3000mah-35a-bateria\/"},"modified":"2024-04-09T15:47:08","modified_gmt":"2024-04-09T13:47:08","slug":"molicel-inr-20700a-20700-3000mah-35a-bateria","status":"publish","type":"product","link":"https:\/\/justvape.nu\/es\/produkt\/molicel-inr-20700a-20700-3000mah-35a-bateria\/","title":{"rendered":"Molicel &#8211; INR-20700A 20700 3000mAh 35A Battery"},"content":{"rendered":"<div id=\"ProductDetail_ProductDetails_div\">\n<h2>Molicel &#8211; INR-20700A 20700 3000mAh 35A Battery<\/h2>\n<p>La mejor celda de factor de forma 20700 que existe en el mercado hasta la fecha.<\/p>\n<h4>Especificaciones:<\/h4>\n<ul>\n<li>Modelo: INR-20700A<\/li>\n<li>Tama\u00f1o: 20700<\/li>\n<li>Estilo: tapa plana<\/li>\n<li>Capacidad nominal: 3000 mAh<\/li>\n<li>Clasificaci\u00f3n de descarga continua: 35A<\/li>\n<li>Voltaje nominal: 3.6v<\/li>\n<li>Protegido: No<\/li>\n<li>Recargable: si<\/li>\n<li>Dimensiones aproximadas: 20,50 mm x 70,00 mm<\/li>\n<li>Peso aproximado: 57,8 g<\/li>\n<\/ul>\n<div><\/div>\n<p><img loading=\"lazy\" decoding=\"async\" class=\"alignnone size-full wp-image-300202\" src=\"https:\/\/www.justvape.nu\/wp-content\/uploads\/2020\/08\/moli_20700a.jpg\" alt=\"\" width=\"1329\" height=\"821\" title=\"\" srcset=\"https:\/\/justvape.nu\/wp-content\/uploads\/2020\/08\/moli_20700a.jpg 1329w, https:\/\/justvape.nu\/wp-content\/uploads\/2020\/08\/moli_20700a-600x371.jpg 600w, https:\/\/justvape.nu\/wp-content\/uploads\/2020\/08\/moli_20700a-64x40.jpg 64w, https:\/\/justvape.nu\/wp-content\/uploads\/2020\/08\/moli_20700a-300x185.jpg 300w, https:\/\/justvape.nu\/wp-content\/uploads\/2020\/08\/moli_20700a-1024x633.jpg 1024w, https:\/\/justvape.nu\/wp-content\/uploads\/2020\/08\/moli_20700a-768x474.jpg 768w\" sizes=\"auto, (max-width: 1329px) 100vw, 1329px\" \/><\/p>\n<div>\n<p>Todas las bater\u00edas contienen una etiqueta adhesiva que indica el voltaje y la capacidad aproximados. Esta etiqueta se quita f\u00e1cilmente para revelar la impresi\u00f3n del fabricante. La calcoman\u00eda de la etiqueta es un requisito del gobierno de los EE. UU. (IATA) que regula el env\u00edo de bater\u00edas de iones de litio.<\/p>\n<\/div>\n<div><\/div>\n<h4>ADVERTENCIA:<\/h4>\n<div>El usuario debe tener un conocimiento adecuado de las bater\u00edas de iones de litio antes de comprarlas. Tenga cuidado al trabajar y utilizar bater\u00edas de iones de litio, ya que son muy sensibles a las caracter\u00edsticas de carga y pueden explotar, quemarse o provocar un incendio si se utilizan o manipulan incorrectamente. Cargue siempre en o sobre una superficie a prueba de fuego. Nunca deje las bater\u00edas cargando sin supervisi\u00f3n. Esta bater\u00eda se vende para el uso de integraciones de sistemas con circuitos de protecci\u00f3n adecuados o paquetes de bater\u00edas con un sistema de gesti\u00f3n de bater\u00edas o PCB (placa de circuito \/ m\u00f3dulo). El comprador es responsable de cualquier da\u00f1o o lesi\u00f3n causada por el mal uso o el mal manejo de las bater\u00edas y cargadores de iones de litio. Cargue solo con un cargador inteligente dise\u00f1ado para este tipo espec\u00edfico de bater\u00eda de iones de litio.<\/div>\n<div><\/div>\n<ul>\n<li>El uso indebido o el mal manejo de las bater\u00edas de iones de litio pueden representar un RIESGO GRAVE de lesiones personales, da\u00f1os a la propiedad o la muerte.<\/li>\n<li>LAS BATER\u00cdAS PUEDEN EXPLOTAR, QUEMAR O PROVOCAR UN INCENDIO SI SE UTILIZAN O SE MANEJAN DE FORMA INCORRECTA<\/li>\n<li>\u00daselo \u00daNICAMENTE con los circuitos de protecci\u00f3n adecuados<\/li>\n<li>\u00daselo \u00daNICAMENTE dentro de las especificaciones del fabricante<\/li>\n<li>NO lo guarde suelto en el bolsillo, bolso, etc. &#8211; utilice siempre una funda protectora<\/li>\n<li>MANTENER ALEJADO de objetos met\u00e1licos para evitar cortocircuitos<\/li>\n<li>No haga cortocircuito<\/li>\n<li>NO lo use si la envoltura o el aislante est\u00e1n da\u00f1ados o rasgados<\/li>\n<li>NO lo use si est\u00e1 da\u00f1ado de alguna manera<\/li>\n<li>NO sobrecargue ni descargue demasiado<\/li>\n<li>NO modifique, desmonte, perfore, corte, aplaste ni incinere<\/li>\n<li>NO lo exponga a l\u00edquidos ni a altas temperaturas<\/li>\n<li>NO suelde<\/li>\n<li>El usuario debe estar familiarizado con el manejo de bater\u00edas de iones de litio antes de comprar<\/li>\n<li>El uso de bater\u00edas es BAJO SU PROPIO RIESGO<\/li>\n<\/ul>\n<div><\/div>\n<div>Las regulaciones y leyes locales relacionadas con el reciclaje y la eliminaci\u00f3n de bater\u00edas de iones de litio var\u00edan, por lo tanto, consulte con su jurisdicci\u00f3n local sobre la eliminaci\u00f3n adecuada. Muchas tiendas minoristas ofrecen reciclaje gratuito de bater\u00edas recargables.<\/div>\n<div><\/div>\n<\/div>\n","protected":false},"excerpt":{"rendered":"<p>Molicel &#8211; INR-20700A 20700 3000mAh 35A Battery<\/p>\n","protected":false},"featured_media":300222,"comment_status":"open","ping_status":"closed","template":"","meta":{"_acf_changed":false,"_uag_custom_page_level_css":"","site-sidebar-layout":"default","site-content-layout":"default","ast-site-content-layout":"default","site-content-style":"default","site-sidebar-style":"default","ast-global-header-display":"","ast-banner-title-visibility":"","ast-main-header-display":"","ast-hfb-above-header-display":"","ast-hfb-below-header-display":"","ast-hfb-mobile-header-display":"","site-post-title":"","ast-breadcrumbs-content":"","ast-featured-img":"","footer-sml-layout":"","ast-disable-related-posts":"","theme-transparent-header-meta":"default","adv-header-id-meta":"","stick-header-meta":"default","header-above-stick-meta":"","header-main-stick-meta":"","header-below-stick-meta":"","astra-migrate-meta-layouts":"default","ast-page-background-enabled":"default","ast-page-background-meta":{"desktop":{"background-color":"","background-image":"","background-repeat":"repeat","background-position":"center center","background-size":"auto","background-attachment":"scroll","background-type":"","background-media":"","overlay-type":"","overlay-color":"","overlay-opacity":"","overlay-gradient":""},"tablet":{"background-color":"","background-image":"","background-repeat":"repeat","background-position":"center center","background-size":"auto","background-attachment":"scroll","background-type":"","background-media":"","overlay-type":"","overlay-color":"","overlay-opacity":"","overlay-gradient":""},"mobile":{"background-color":"","background-image":"","background-repeat":"repeat","background-position":"center center","background-size":"auto","background-attachment":"scroll","background-type":"","background-media":"","overlay-type":"","overlay-color":"","overlay-opacity":"","overlay-gradient":""}},"ast-content-background-meta":{"desktop":{"background-color":"var(--ast-global-color-5)","background-image":"","background-repeat":"repeat","background-position":"center center","background-size":"auto","background-attachment":"scroll","background-type":"","background-media":"","overlay-type":"","overlay-color":"","overlay-opacity":"","overlay-gradient":""},"tablet":{"background-color":"var(--ast-global-color-5)","background-image":"","background-repeat":"repeat","background-position":"center center","background-size":"auto","background-attachment":"scroll","background-type":"","background-media":"","overlay-type":"","overlay-color":"","overlay-opacity":"","overlay-gradient":""},"mobile":{"background-color":"var(--ast-global-color-5)","background-image":"","background-repeat":"repeat","background-position":"center center","background-size":"auto","background-attachment":"scroll","background-type":"","background-media":"","overlay-type":"","overlay-color":"","overlay-opacity":"","overlay-gradient":""}}},"product_brand":[],"product_cat":[2347,1913,2177],"product_tag":[],"class_list":{"0":"post-322034","1":"product","2":"type-product","3":"status-publish","4":"has-post-thumbnail","6":"product_cat-20700-es","7":"product_cat-accesorios","8":"product_cat-celdas-de-la-bateria","9":"product_shipping_class-batteries-es","10":"desktop-align-center","11":"tablet-align-center","12":"mobile-align-center","13":"ast-product-gallery-layout-horizontal-slider","14":"ast-product-gallery-with-no-image","15":"ast-product-tabs-layout-horizontal","17":"first","18":"instock","19":"sale","20":"taxable","21":"shipping-taxable","22":"purchasable","23":"product-type-simple"},"acf":[],"uagb_featured_image_src":{"full":["https:\/\/justvape.nu\/wp-content\/uploads\/2020\/08\/OEM-INR20700A-2.jpg",1200,1200,false],"thumbnail":["https:\/\/justvape.nu\/wp-content\/uploads\/2020\/08\/OEM-INR20700A-2-150x150.jpg",150,150,true],"medium":["https:\/\/justvape.nu\/wp-content\/uploads\/2020\/08\/OEM-INR20700A-2-300x300.jpg",300,300,true],"medium_large":["https:\/\/justvape.nu\/wp-content\/uploads\/2020\/08\/OEM-INR20700A-2-768x768.jpg",768,768,true],"large":["https:\/\/justvape.nu\/wp-content\/uploads\/2020\/08\/OEM-INR20700A-2-1024x1024.jpg",1024,1024,true],"1536x1536":["https:\/\/justvape.nu\/wp-content\/uploads\/2020\/08\/OEM-INR20700A-2.jpg",1200,1200,false],"2048x2048":["https:\/\/justvape.nu\/wp-content\/uploads\/2020\/08\/OEM-INR20700A-2.jpg",1200,1200,false],"woocommerce_thumbnail":["https:\/\/justvape.nu\/wp-content\/uploads\/2020\/08\/OEM-INR20700A-2-300x300.jpg",300,300,true],"woocommerce_single":["https:\/\/justvape.nu\/wp-content\/uploads\/2020\/08\/OEM-INR20700A-2-600x600.jpg",600,600,true],"woocommerce_gallery_thumbnail":["https:\/\/justvape.nu\/wp-content\/uploads\/2020\/08\/OEM-INR20700A-2-100x100.jpg",100,100,true],"dgwt-wcas-product-suggestion":["https:\/\/justvape.nu\/wp-content\/uploads\/2020\/08\/OEM-INR20700A-2-64x64.jpg",64,64,true]},"uagb_author_info":{"display_name":"JustVape.nu","author_link":"https:\/\/justvape.nu\/es\/author\/"},"uagb_comment_info":0,"uagb_excerpt":"Molicel - INR-20700A 20700 3000mAh 35A Battery","_links":{"self":[{"href":"https:\/\/justvape.nu\/es\/wp-json\/wp\/v2\/product\/322034","targetHints":{"allow":["GET"]}}],"collection":[{"href":"https:\/\/justvape.nu\/es\/wp-json\/wp\/v2\/product"}],"about":[{"href":"https:\/\/justvape.nu\/es\/wp-json\/wp\/v2\/types\/product"}],"replies":[{"embeddable":true,"href":"https:\/\/justvape.nu\/es\/wp-json\/wp\/v2\/comments?post=322034"}],"wp:featuredmedia":[{"embeddable":true,"href":"https:\/\/justvape.nu\/es\/wp-json\/wp\/v2\/media\/300222"}],"wp:attachment":[{"href":"https:\/\/justvape.nu\/es\/wp-json\/wp\/v2\/media?parent=322034"}],"wp:term":[{"taxonomy":"product_brand","embeddable":true,"href":"https:\/\/justvape.nu\/es\/wp-json\/wp\/v2\/product_brand?post=322034"},{"taxonomy":"product_cat","embeddable":true,"href":"https:\/\/justvape.nu\/es\/wp-json\/wp\/v2\/product_cat?post=322034"},{"taxonomy":"product_tag","embeddable":true,"href":"https:\/\/justvape.nu\/es\/wp-json\/wp\/v2\/product_tag?post=322034"}],"curies":[{"name":"wp","href":"https:\/\/api.w.org\/{rel}","templated":true}]}}