{"id":319068,"date":"2021-02-22T12:31:06","date_gmt":"2021-02-22T11:31:06","guid":{"rendered":"https:\/\/www.justvape.nu\/produkt\/aspire-tanque-guroo-2ml\/"},"modified":"2024-04-09T15:49:17","modified_gmt":"2024-04-09T13:49:17","slug":"aspire-guroo-tanque-2ml","status":"publish","type":"product","link":"https:\/\/justvape.nu\/es\/produkt\/aspire-guroo-tanque-2ml\/","title":{"rendered":"ASPIRE &#8211; TANQUE GUROO 2ML"},"content":{"rendered":"<h2>ASPIRE &#8211; TANQUE GUROO 2ML<\/h2>\n<p>El tanque de vape Aspire Guroo ha sido dise\u00f1ado para soportar vapeo por debajo de ohmios, capaz de soportar una salida de alta potencia que crea un gran volumen de vapor. Capaz de contener hasta 2 ml de su e-l\u00edquido favorito, presenta adiciones modernas como llenado superior y flujo de aire ajustable. Para mejorar la compatibilidad, hay dos tipos de bobina disponibles y una conexi\u00f3n 510, lo que significa que se puede usar con una variedad de dispositivos de vape.<\/p>\n<p>El mecanismo de llenado superior de este tanque significa que el llenado es una tarea simple y el mecanismo deslizante revela un gran puerto de jugo que se adapta a la mayor\u00eda de las puntas de las botellas de e-l\u00edquido. El flujo de aire ajustable le brinda un control total sobre el flujo de vapor para una inhalaci\u00f3n m\u00e1s apretada o suelta. Estas caracter\u00edsticas aseguran que el mantenimiento diario y la configuraci\u00f3n inicial sean simples, mientras que el mecanizado de calidad que presenta este tanque hace que el desmontaje para la limpieza sea muy suave.<\/p>\n<p>Cada tanque incluye dos bobinas Aspire Guroo, ambas con un dise\u00f1o &#8220;emergente&#8221;, lo que significa que se pueden instalar sin tener que atornillarlas en una rosca. Las bobinas en s\u00ed tienen una estructura de malla, que calienta m\u00e1s e-l\u00edquido a un ritmo m\u00e1s r\u00e1pido para aumentar la producci\u00f3n de vapor y sabor. Dise\u00f1adas para vapeo DTL, estas bobinas est\u00e1n disponibles en una resistencia de 0,15 ohmios o 0,3 ohmios, recomendamos un e-l\u00edquido con un 70% de VG o m\u00e1s para soportarlas.<\/p>\n<p>Capaz de combinarse con la mayor\u00eda de los mods de vape debido a una conexi\u00f3n 510, el tanque Guroo es un tanque sub-ohm de 2 ml que ofrece un rendimiento de calidad para vapeo de alta potencia.<\/p>\n<p>Para volver a llenar el tanque de Guroo, gire la boquilla de la tapa superior para quitar y llenar el puerto de jugo con cualquier e-l\u00edquido de su elecci\u00f3n antes de asegurarlo nuevamente.<img loading=\"lazy\" decoding=\"async\" class=\"alignnone size-full wp-image-19187\" src=\"https:\/\/www.justvape.nu\/wp-content\/uploads\/2018\/05\/Color-Schemes.png\" alt=\"\" width=\"950\" height=\"64\" title=\"\" srcset=\"https:\/\/justvape.nu\/wp-content\/uploads\/2018\/05\/Color-Schemes.png 950w, https:\/\/justvape.nu\/wp-content\/uploads\/2018\/05\/Color-Schemes-555x37.png 555w, https:\/\/justvape.nu\/wp-content\/uploads\/2018\/05\/Color-Schemes-64x4.png 64w, https:\/\/justvape.nu\/wp-content\/uploads\/2018\/05\/Color-Schemes-300x20.png 300w, https:\/\/justvape.nu\/wp-content\/uploads\/2018\/05\/Color-Schemes-768x52.png 768w\" sizes=\"auto, (max-width: 950px) 100vw, 950px\" \/><\/p>\n<p><img loading=\"lazy\" decoding=\"async\" class=\"alignnone size-full wp-image-318302\" src=\"https:\/\/www.justvape.nu\/wp-content\/uploads\/2021\/02\/aspire-guroo-tank-color-justvape.jpg\" alt=\"\" width=\"950\" height=\"422\" title=\"\" srcset=\"https:\/\/justvape.nu\/wp-content\/uploads\/2021\/02\/aspire-guroo-tank-color-justvape.jpg 950w, https:\/\/justvape.nu\/wp-content\/uploads\/2021\/02\/aspire-guroo-tank-color-justvape-600x267.jpg 600w, https:\/\/justvape.nu\/wp-content\/uploads\/2021\/02\/aspire-guroo-tank-color-justvape-64x28.jpg 64w, https:\/\/justvape.nu\/wp-content\/uploads\/2021\/02\/aspire-guroo-tank-color-justvape-300x133.jpg 300w, https:\/\/justvape.nu\/wp-content\/uploads\/2021\/02\/aspire-guroo-tank-color-justvape-768x341.jpg 768w\" sizes=\"auto, (max-width: 950px) 100vw, 950px\" \/><\/p>\n<p><img loading=\"lazy\" decoding=\"async\" class=\"alignnone size-full wp-image-18994\" src=\"https:\/\/www.justvape.nu\/wp-content\/uploads\/2018\/05\/Features.png\" alt=\"\" width=\"950\" height=\"64\" title=\"\" srcset=\"https:\/\/justvape.nu\/wp-content\/uploads\/2018\/05\/Features.png 950w, https:\/\/justvape.nu\/wp-content\/uploads\/2018\/05\/Features-555x37.png 555w, https:\/\/justvape.nu\/wp-content\/uploads\/2018\/05\/Features-64x4.png 64w, https:\/\/justvape.nu\/wp-content\/uploads\/2018\/05\/Features-300x20.png 300w, https:\/\/justvape.nu\/wp-content\/uploads\/2018\/05\/Features-768x52.png 768w\" sizes=\"auto, (max-width: 950px) 100vw, 950px\" \/><\/p>\n<p>1. 810 punta de goteo reemplazable<br \/>\n2. Capacidad del tanque de 2 ml<br \/>\n3. Llenado superior conveniente<br \/>\n4. Reemplazo de la bobina &#8220;emergente&#8221;<br \/>\n5. Flujo de aire inferior ajustable<br \/>\n6. Sabor intenso y vapor denso<\/p>\n<h2><\/h2>\n<figure class=\"figure\"><img loading=\"lazy\" decoding=\"async\" class=\"alignnone size-full wp-image-318329\" src=\"https:\/\/www.justvape.nu\/wp-content\/uploads\/2021\/02\/aspire-guroo-vape-tank-components-justvape.jpg\" alt=\"\" width=\"900\" height=\"900\" title=\"\" srcset=\"https:\/\/justvape.nu\/wp-content\/uploads\/2021\/02\/aspire-guroo-vape-tank-components-justvape.jpg 900w, https:\/\/justvape.nu\/wp-content\/uploads\/2021\/02\/aspire-guroo-vape-tank-components-justvape-300x300.jpg 300w, https:\/\/justvape.nu\/wp-content\/uploads\/2021\/02\/aspire-guroo-vape-tank-components-justvape-100x100.jpg 100w, https:\/\/justvape.nu\/wp-content\/uploads\/2021\/02\/aspire-guroo-vape-tank-components-justvape-600x600.jpg 600w, https:\/\/justvape.nu\/wp-content\/uploads\/2021\/02\/aspire-guroo-vape-tank-components-justvape-64x64.jpg 64w, https:\/\/justvape.nu\/wp-content\/uploads\/2021\/02\/aspire-guroo-vape-tank-components-justvape-150x150.jpg 150w, https:\/\/justvape.nu\/wp-content\/uploads\/2021\/02\/aspire-guroo-vape-tank-components-justvape-768x768.jpg 768w\" sizes=\"auto, (max-width: 900px) 100vw, 900px\" \/><figcaption class=\"figure-caption text-center\"><\/figcaption><\/figure>\n<figure class=\"figure\"><img loading=\"lazy\" decoding=\"async\" class=\"alignnone size-full wp-image-318320\" src=\"https:\/\/www.justvape.nu\/wp-content\/uploads\/2021\/02\/aspire-guroo-vape-tank-refill-justvape.jpg\" alt=\"\" width=\"950\" height=\"505\" title=\"\" srcset=\"https:\/\/justvape.nu\/wp-content\/uploads\/2021\/02\/aspire-guroo-vape-tank-refill-justvape.jpg 950w, https:\/\/justvape.nu\/wp-content\/uploads\/2021\/02\/aspire-guroo-vape-tank-refill-justvape-600x319.jpg 600w, https:\/\/justvape.nu\/wp-content\/uploads\/2021\/02\/aspire-guroo-vape-tank-refill-justvape-64x34.jpg 64w, https:\/\/justvape.nu\/wp-content\/uploads\/2021\/02\/aspire-guroo-vape-tank-refill-justvape-300x159.jpg 300w, https:\/\/justvape.nu\/wp-content\/uploads\/2021\/02\/aspire-guroo-vape-tank-refill-justvape-768x408.jpg 768w\" sizes=\"auto, (max-width: 950px) 100vw, 950px\" \/><\/figure>\n<figure class=\"figure\"><img loading=\"lazy\" decoding=\"async\" class=\"alignnone size-full wp-image-318311\" src=\"https:\/\/www.justvape.nu\/wp-content\/uploads\/2021\/02\/aspire-guroo-vape-tank-airflow-justvape.jpg\" alt=\"\" width=\"950\" height=\"487\" title=\"\" srcset=\"https:\/\/justvape.nu\/wp-content\/uploads\/2021\/02\/aspire-guroo-vape-tank-airflow-justvape.jpg 950w, https:\/\/justvape.nu\/wp-content\/uploads\/2021\/02\/aspire-guroo-vape-tank-airflow-justvape-600x308.jpg 600w, https:\/\/justvape.nu\/wp-content\/uploads\/2021\/02\/aspire-guroo-vape-tank-airflow-justvape-64x33.jpg 64w, https:\/\/justvape.nu\/wp-content\/uploads\/2021\/02\/aspire-guroo-vape-tank-airflow-justvape-300x154.jpg 300w, https:\/\/justvape.nu\/wp-content\/uploads\/2021\/02\/aspire-guroo-vape-tank-airflow-justvape-768x394.jpg 768w\" sizes=\"auto, (max-width: 950px) 100vw, 950px\" \/><\/figure>\n<p><strong><img loading=\"lazy\" decoding=\"async\" class=\"alignnone size-full wp-image-18999\" src=\"https:\/\/www.justvape.nu\/wp-content\/uploads\/2018\/04\/Packing-List.png\" alt=\"\" width=\"950\" height=\"64\" title=\"\" srcset=\"https:\/\/justvape.nu\/wp-content\/uploads\/2018\/04\/Packing-List.png 950w, https:\/\/justvape.nu\/wp-content\/uploads\/2018\/04\/Packing-List-555x37.png 555w, https:\/\/justvape.nu\/wp-content\/uploads\/2018\/04\/Packing-List-64x4.png 64w, https:\/\/justvape.nu\/wp-content\/uploads\/2018\/04\/Packing-List-300x20.png 300w, https:\/\/justvape.nu\/wp-content\/uploads\/2018\/04\/Packing-List-768x52.png 768w\" sizes=\"auto, (max-width: 950px) 100vw, 950px\" \/><\/strong><\/p>\n<ul>\n<li>Tanque de vaporizador Aspire Guroo de 2 ml<\/li>\n<li>Bobina de malla Guroo 0.15 Ohm<\/li>\n<li>Bobina de malla Guroo 0.3 Ohm<\/li>\n<li>Manual de usuario<\/li>\n<\/ul>\n","protected":false},"excerpt":{"rendered":"<p>ASPIRE &#8211; TANQUE GUROO 2ML<\/p>\n","protected":false},"featured_media":318345,"comment_status":"open","ping_status":"closed","template":"","meta":{"_acf_changed":false,"_uag_custom_page_level_css":"","site-sidebar-layout":"default","site-content-layout":"default","ast-site-content-layout":"default","site-content-style":"default","site-sidebar-style":"default","ast-global-header-display":"","ast-banner-title-visibility":"","ast-main-header-display":"","ast-hfb-above-header-display":"","ast-hfb-below-header-display":"","ast-hfb-mobile-header-display":"","site-post-title":"","ast-breadcrumbs-content":"","ast-featured-img":"","footer-sml-layout":"","ast-disable-related-posts":"","theme-transparent-header-meta":"default","adv-header-id-meta":"","stick-header-meta":"default","header-above-stick-meta":"","header-main-stick-meta":"","header-below-stick-meta":"","astra-migrate-meta-layouts":"default","ast-page-background-enabled":"default","ast-page-background-meta":{"desktop":{"background-color":"","background-image":"","background-repeat":"repeat","background-position":"center center","background-size":"auto","background-attachment":"scroll","background-type":"","background-media":"","overlay-type":"","overlay-color":"","overlay-opacity":"","overlay-gradient":""},"tablet":{"background-color":"","background-image":"","background-repeat":"repeat","background-position":"center center","background-size":"auto","background-attachment":"scroll","background-type":"","background-media":"","overlay-type":"","overlay-color":"","overlay-opacity":"","overlay-gradient":""},"mobile":{"background-color":"","background-image":"","background-repeat":"repeat","background-position":"center center","background-size":"auto","background-attachment":"scroll","background-type":"","background-media":"","overlay-type":"","overlay-color":"","overlay-opacity":"","overlay-gradient":""}},"ast-content-background-meta":{"desktop":{"background-color":"var(--ast-global-color-5)","background-image":"","background-repeat":"repeat","background-position":"center center","background-size":"auto","background-attachment":"scroll","background-type":"","background-media":"","overlay-type":"","overlay-color":"","overlay-opacity":"","overlay-gradient":""},"tablet":{"background-color":"var(--ast-global-color-5)","background-image":"","background-repeat":"repeat","background-position":"center center","background-size":"auto","background-attachment":"scroll","background-type":"","background-media":"","overlay-type":"","overlay-color":"","overlay-opacity":"","overlay-gradient":""},"mobile":{"background-color":"var(--ast-global-color-5)","background-image":"","background-repeat":"repeat","background-position":"center center","background-size":"auto","background-attachment":"scroll","background-type":"","background-media":"","overlay-type":"","overlay-color":"","overlay-opacity":"","overlay-gradient":""}}},"product_brand":[],"product_cat":[3194,2529,1973,2530,2043,1983],"product_tag":[],"class_list":{"0":"post-319068","1":"product","2":"type-product","3":"status-publish","4":"has-post-thumbnail","6":"product_cat-aspirar","7":"product_cat-hardware-es","8":"product_cat-ofertas","9":"product_cat-shop-by-brand-es","10":"product_cat-tanques","11":"product_cat-tanques-y-bobinas","12":"desktop-align-center","13":"tablet-align-center","14":"mobile-align-center","15":"ast-product-gallery-layout-horizontal-slider","16":"ast-product-gallery-with-no-image","17":"ast-product-single-variable","18":"ast-product-tabs-layout-horizontal","20":"first","21":"instock","22":"sale","23":"taxable","24":"shipping-taxable","25":"purchasable","26":"product-type-variable"},"acf":[],"uagb_featured_image_src":{"full":["https:\/\/justvape.nu\/wp-content\/uploads\/2021\/02\/aspire-guroo-tank-justvape.jpg",800,800,false],"thumbnail":["https:\/\/justvape.nu\/wp-content\/uploads\/2021\/02\/aspire-guroo-tank-justvape-150x150.jpg",150,150,true],"medium":["https:\/\/justvape.nu\/wp-content\/uploads\/2021\/02\/aspire-guroo-tank-justvape-300x300.jpg",300,300,true],"medium_large":["https:\/\/justvape.nu\/wp-content\/uploads\/2021\/02\/aspire-guroo-tank-justvape-768x768.jpg",768,768,true],"large":["https:\/\/justvape.nu\/wp-content\/uploads\/2021\/02\/aspire-guroo-tank-justvape.jpg",800,800,false],"1536x1536":["https:\/\/justvape.nu\/wp-content\/uploads\/2021\/02\/aspire-guroo-tank-justvape.jpg",800,800,false],"2048x2048":["https:\/\/justvape.nu\/wp-content\/uploads\/2021\/02\/aspire-guroo-tank-justvape.jpg",800,800,false],"woocommerce_thumbnail":["https:\/\/justvape.nu\/wp-content\/uploads\/2021\/02\/aspire-guroo-tank-justvape-300x300.jpg",300,300,true],"woocommerce_single":["https:\/\/justvape.nu\/wp-content\/uploads\/2021\/02\/aspire-guroo-tank-justvape-600x600.jpg",600,600,true],"woocommerce_gallery_thumbnail":["https:\/\/justvape.nu\/wp-content\/uploads\/2021\/02\/aspire-guroo-tank-justvape-100x100.jpg",100,100,true],"dgwt-wcas-product-suggestion":["https:\/\/justvape.nu\/wp-content\/uploads\/2021\/02\/aspire-guroo-tank-justvape-64x64.jpg",64,64,true]},"uagb_author_info":{"display_name":"JustVape.nu","author_link":"https:\/\/justvape.nu\/es\/author\/"},"uagb_comment_info":0,"uagb_excerpt":"ASPIRE - TANQUE GUROO 2ML","_links":{"self":[{"href":"https:\/\/justvape.nu\/es\/wp-json\/wp\/v2\/product\/319068","targetHints":{"allow":["GET"]}}],"collection":[{"href":"https:\/\/justvape.nu\/es\/wp-json\/wp\/v2\/product"}],"about":[{"href":"https:\/\/justvape.nu\/es\/wp-json\/wp\/v2\/types\/product"}],"replies":[{"embeddable":true,"href":"https:\/\/justvape.nu\/es\/wp-json\/wp\/v2\/comments?post=319068"}],"wp:featuredmedia":[{"embeddable":true,"href":"https:\/\/justvape.nu\/es\/wp-json\/wp\/v2\/media\/318345"}],"wp:attachment":[{"href":"https:\/\/justvape.nu\/es\/wp-json\/wp\/v2\/media?parent=319068"}],"wp:term":[{"taxonomy":"product_brand","embeddable":true,"href":"https:\/\/justvape.nu\/es\/wp-json\/wp\/v2\/product_brand?post=319068"},{"taxonomy":"product_cat","embeddable":true,"href":"https:\/\/justvape.nu\/es\/wp-json\/wp\/v2\/product_cat?post=319068"},{"taxonomy":"product_tag","embeddable":true,"href":"https:\/\/justvape.nu\/es\/wp-json\/wp\/v2\/product_tag?post=319068"}],"curies":[{"name":"wp","href":"https:\/\/api.w.org\/{rel}","templated":true}]}}