{"id":414375,"date":"2021-12-14T10:55:38","date_gmt":"2021-12-14T09:55:38","guid":{"rendered":"https:\/\/justvape.nu\/?page_id=414375"},"modified":"2021-12-29T13:54:40","modified_gmt":"2021-12-29T12:54:40","slug":"preguntas-frecuentes-sobre-envios","status":"publish","type":"page","link":"https:\/\/justvape.nu\/es\/preguntas-frecuentes-sobre-envios\/","title":{"rendered":"Preguntas frecuentes sobre el env\u00edo"},"content":{"rendered":"<p><strong>Puede realizar el seguimiento de su pedido haciendo clic en la opci\u00f3n de env\u00edo elegida, simplemente copie el c\u00f3digo de seguimiento y haga clic en la opci\u00f3n de env\u00edo seleccionada.<\/strong><\/p>\n<p><a href=\"https:\/\/www.dhl.com\/en\/express\/tracking.html\" target=\"_blank\" rel=\"nofollow noopener\"><strong>DHL<\/strong><\/a><\/p>\n<p><a href=\"https:\/\/tracking.packeta.com\/en\/tracking\/search\" target=\"_blank\" rel=\"nofollow noopener\"><strong>Packeta<\/strong><\/a><\/p>\n<p><a href=\"https:\/\/www.asendia.com\/\" target=\"_blank\" rel=\"nofollow noopener\"><strong>Asendia<\/strong><\/a><\/p>\n<p><a href=\"https:\/\/postnl.post\/\" target=\"_blank\" rel=\"nofollow noopener\"><strong>POST NL<\/strong><\/a><\/p>\n<p><strong><a href=\"https:\/\/www.theupsstore.com\/tools\/track-a-package\" target=\"_blank\" rel=\"nofollow noopener\">UPS<\/a><\/strong><\/p>\n<p><strong><a href=\"https:\/\/www.sps-sro.sk\/en\/Welcome-to-the-SPS.html\" target=\"_blank\" rel=\"noopener\">SPS<\/a><\/strong><\/p>\n<p><strong>DHL<\/strong>: Si ha seleccionado DHL \/ DHL Express, puede gestionar su env\u00edo con la APP oficial de DHL \/ DHL Express. All\u00ed puedes cambiar la opci\u00f3n de entrega a uno de los muchos puntos de servicio de DHL si no est\u00e1s en casa a la hora que DHL viene a entregar el paquete.<\/p>\n<p><strong>Asendia: <\/strong>Con Asendia no podr\u00e1s hacer el seguimiento del paquete los primeros 2-3 d\u00edas laborables debido al transporte del paquete desde nuestro almac\u00e9n hasta las instalaciones de clasificaci\u00f3n de Asendia en Alemania. Cuando Asendia lo reciba, podr\u00e1 ver las actualizaciones del paquete a partir de ese momento.<\/p>\n<p><strong>Todos los Correos:<\/strong> Con correos puedes rastrear tu paquete con Packeta hasta que tu paquete llegue a tu pa\u00eds, el seguimiento da de correos no funcionar\u00e1 antes de que llegue al servicio de correos seleccionado en tu pa\u00eds. Cuando llegue al servicio postal seleccionado, podr\u00e1 realizar el seguimiento a trav\u00e9s del servicio seleccionado. Por favor, tenga en cuenta que es normal que el paquete no tenga ninguna actualizaci\u00f3n de las instalaciones de clasificaci\u00f3n de Praga hasta que el paquete llegue a su pa\u00eds y esto normalmente toma alrededor de 2-3 d\u00edas h\u00e1biles antes de que el paquete transportado desde las instalaciones de clasificaci\u00f3n de Praga llegue a su pa\u00eds.<\/p>\n","protected":false},"excerpt":{"rendered":"<p>Puede realizar el seguimiento de su pedido haciendo clic en la opci\u00f3n de env\u00edo elegida, simplemente copie el c\u00f3digo de seguimiento y haga clic en la opci\u00f3n de env\u00edo seleccionada. DHL Packeta Asendia POST NL UPS SPS DHL: Si ha seleccionado DHL \/ DHL Express, puede gestionar su env\u00edo con la APP oficial de DHL [&hellip;]<\/p>\n","protected":false},"author":7016,"featured_media":0,"parent":0,"menu_order":0,"comment_status":"closed","ping_status":"closed","template":"","meta":{"_acf_changed":false,"_uag_custom_page_level_css":"","site-sidebar-layout":"default","site-content-layout":"default","ast-site-content-layout":"default","site-content-style":"default","site-sidebar-style":"default","ast-global-header-display":"","ast-banner-title-visibility":"","ast-main-header-display":"","ast-hfb-above-header-display":"","ast-hfb-below-header-display":"","ast-hfb-mobile-header-display":"","site-post-title":"","ast-breadcrumbs-content":"","ast-featured-img":"","footer-sml-layout":"","ast-disable-related-posts":"","theme-transparent-header-meta":"default","adv-header-id-meta":"","stick-header-meta":"default","header-above-stick-meta":"","header-main-stick-meta":"","header-below-stick-meta":"","astra-migrate-meta-layouts":"default","ast-page-background-enabled":"default","ast-page-background-meta":{"desktop":{"background-color":"","background-image":"","background-repeat":"repeat","background-position":"center center","background-size":"auto","background-attachment":"scroll","background-type":"","background-media":"","overlay-type":"","overlay-color":"","overlay-opacity":"","overlay-gradient":""},"tablet":{"background-color":"","background-image":"","background-repeat":"repeat","background-position":"center center","background-size":"auto","background-attachment":"scroll","background-type":"","background-media":"","overlay-type":"","overlay-color":"","overlay-opacity":"","overlay-gradient":""},"mobile":{"background-color":"","background-image":"","background-repeat":"repeat","background-position":"center center","background-size":"auto","background-attachment":"scroll","background-type":"","background-media":"","overlay-type":"","overlay-color":"","overlay-opacity":"","overlay-gradient":""}},"ast-content-background-meta":{"desktop":{"background-color":"var(--ast-global-color-5)","background-image":"","background-repeat":"repeat","background-position":"center center","background-size":"auto","background-attachment":"scroll","background-type":"","background-media":"","overlay-type":"","overlay-color":"","overlay-opacity":"","overlay-gradient":""},"tablet":{"background-color":"var(--ast-global-color-5)","background-image":"","background-repeat":"repeat","background-position":"center center","background-size":"auto","background-attachment":"scroll","background-type":"","background-media":"","overlay-type":"","overlay-color":"","overlay-opacity":"","overlay-gradient":""},"mobile":{"background-color":"var(--ast-global-color-5)","background-image":"","background-repeat":"repeat","background-position":"center center","background-size":"auto","background-attachment":"scroll","background-type":"","background-media":"","overlay-type":"","overlay-color":"","overlay-opacity":"","overlay-gradient":""}},"footnotes":""},"class_list":["post-414375","page","type-page","status-publish","hentry"],"acf":[],"uagb_featured_image_src":{"full":false,"thumbnail":false,"medium":false,"medium_large":false,"large":false,"1536x1536":false,"2048x2048":false,"woocommerce_thumbnail":false,"woocommerce_single":false,"woocommerce_gallery_thumbnail":false,"dgwt-wcas-product-suggestion":false},"uagb_author_info":{"display_name":"Fenilft","author_link":"https:\/\/justvape.nu\/es\/author\/fenilft\/"},"uagb_comment_info":0,"uagb_excerpt":"Puede realizar el seguimiento de su pedido haciendo clic en la opci\u00f3n de env\u00edo elegida, simplemente copie el c\u00f3digo de seguimiento y haga clic en la opci\u00f3n de env\u00edo seleccionada. DHL Packeta Asendia POST NL UPS SPS DHL: Si ha seleccionado DHL \/ DHL Express, puede gestionar su env\u00edo con la APP oficial de DHL&hellip;","_links":{"self":[{"href":"https:\/\/justvape.nu\/es\/wp-json\/wp\/v2\/pages\/414375","targetHints":{"allow":["GET"]}}],"collection":[{"href":"https:\/\/justvape.nu\/es\/wp-json\/wp\/v2\/pages"}],"about":[{"href":"https:\/\/justvape.nu\/es\/wp-json\/wp\/v2\/types\/page"}],"author":[{"embeddable":true,"href":"https:\/\/justvape.nu\/es\/wp-json\/wp\/v2\/users\/7016"}],"replies":[{"embeddable":true,"href":"https:\/\/justvape.nu\/es\/wp-json\/wp\/v2\/comments?post=414375"}],"version-history":[{"count":0,"href":"https:\/\/justvape.nu\/es\/wp-json\/wp\/v2\/pages\/414375\/revisions"}],"wp:attachment":[{"href":"https:\/\/justvape.nu\/es\/wp-json\/wp\/v2\/media?parent=414375"}],"curies":[{"name":"wp","href":"https:\/\/api.w.org\/{rel}","templated":true}]}}