{"id":212068,"date":"2018-01-03T13:15:25","date_gmt":"2018-01-03T12:15:25","guid":{"rendered":"https:\/\/www.justvape.nu\/kurv\/"},"modified":"2021-11-08T13:37:39","modified_gmt":"2021-11-08T12:37:39","slug":"kurv","status":"publish","type":"page","link":"https:\/\/justvape.nu\/es\/kurv\/","title":{"rendered":"Cesta"},"content":{"rendered":"<p><strong>Tu cesta<\/strong><\/p>\n<p>Aqu\u00ed puede ver su pedido y elegir el env\u00edo antes de ir a la caja.<\/p>\n<p><strong>EU:<\/strong><\/p>\n<div class=\"o9v6fnle cxmmr5t8 oygrvhab hcukyx3x c1et5uql ii04i59q\">\n<div dir=\"auto\"><strong>DHL EXPRESS<\/strong>: Entregado despu\u00e9s de 1-2 d\u00edas sin importar si se encuentra en la UE (Si el pedido se realiza antes de las 12:00)! Esta opci\u00f3n de env\u00edo es muy recomendable y es sin duda la mejor opci\u00f3n de env\u00edo que puede obtener en todo el mundo, \u00a1nadie puede superar las soluciones de DHL Express en velocidad y calidad!<\/div>\n<\/div>\n<div class=\"o9v6fnle cxmmr5t8 oygrvhab hcukyx3x c1et5uql ii04i59q\">\n<div dir=\"auto\"><\/div>\n<div dir=\"auto\"><strong>UPS:<\/strong> 3-6 tiempo de entrega dependiendo de si se encuentra en la UE. Una soluci\u00f3n s\u00f3lida para conseguir un tiempo de env\u00edo m\u00e1s r\u00e1pido que el de correos, pero tambi\u00e9n a un coste mayor.<\/div>\n<\/div>\n<div class=\"o9v6fnle cxmmr5t8 oygrvhab hcukyx3x c1et5uql ii04i59q\">\n<div dir=\"auto\"><\/div>\n<div dir=\"auto\"><strong>POST:<\/strong> Correo regular a un precio m\u00e1s barato pero un tiempo de env\u00edo m\u00e1s largo 2 -? d\u00edas dependiendo de si se encuentra en la UE y de las condiciones epid\u00e9micas del pa\u00eds receptor. El correo est\u00e1 muy afectado por la pandemia de Covid y el tiempo de env\u00edo extra debe calcularse en funci\u00f3n de esto y por eso no podemos dar una cantidad m\u00e1xima exacta de d\u00edas que puede tardar en el tiempo dado debido a Covid.<\/div>\n<div dir=\"auto\"><\/div>\n<\/div>\n<p><strong>N\u00d3TESE BIEN:<\/strong> Las empresas de transporte no recogen paquetes los fines de semana, y los d\u00edas festivos y los art\u00edculos pedidos durante este per\u00edodo se enviar\u00e1n el primer d\u00eda de la semana. Todos los d\u00edas de transporte se calculan como d\u00edas laborables y no incluyen los d\u00edas festivos ni los fines de semana.<\/p>\n\n","protected":false},"excerpt":{"rendered":"<p>Tu cesta Aqu\u00ed puede ver su pedido y elegir el env\u00edo antes de ir a la caja. EU: DHL EXPRESS: Entregado despu\u00e9s de 1-2 d\u00edas sin importar si se encuentra en la UE (Si el pedido se realiza antes de las 12:00)! Esta opci\u00f3n de env\u00edo es muy recomendable y es sin duda la mejor [&hellip;]<\/p>\n","protected":false},"author":1,"featured_media":0,"parent":0,"menu_order":0,"comment_status":"closed","ping_status":"closed","template":"","meta":{"_acf_changed":false,"_uag_custom_page_level_css":"","site-sidebar-layout":"no-sidebar","site-content-layout":"default","ast-site-content-layout":"default","site-content-style":"default","site-sidebar-style":"default","ast-global-header-display":"","ast-banner-title-visibility":"","ast-main-header-display":"","ast-hfb-above-header-display":"","ast-hfb-below-header-display":"","ast-hfb-mobile-header-display":"","site-post-title":"","ast-breadcrumbs-content":"","ast-featured-img":"","footer-sml-layout":"","ast-disable-related-posts":"","theme-transparent-header-meta":"default","adv-header-id-meta":"","stick-header-meta":"default","header-above-stick-meta":"","header-main-stick-meta":"","header-below-stick-meta":"","astra-migrate-meta-layouts":"default","ast-page-background-enabled":"default","ast-page-background-meta":{"desktop":{"background-color":"","background-image":"","background-repeat":"repeat","background-position":"center center","background-size":"auto","background-attachment":"scroll","background-type":"","background-media":"","overlay-type":"","overlay-color":"","overlay-opacity":"","overlay-gradient":""},"tablet":{"background-color":"","background-image":"","background-repeat":"repeat","background-position":"center center","background-size":"auto","background-attachment":"scroll","background-type":"","background-media":"","overlay-type":"","overlay-color":"","overlay-opacity":"","overlay-gradient":""},"mobile":{"background-color":"","background-image":"","background-repeat":"repeat","background-position":"center center","background-size":"auto","background-attachment":"scroll","background-type":"","background-media":"","overlay-type":"","overlay-color":"","overlay-opacity":"","overlay-gradient":""}},"ast-content-background-meta":{"desktop":{"background-color":"var(--ast-global-color-5)","background-image":"","background-repeat":"repeat","background-position":"center center","background-size":"auto","background-attachment":"scroll","background-type":"","background-media":"","overlay-type":"","overlay-color":"","overlay-opacity":"","overlay-gradient":""},"tablet":{"background-color":"var(--ast-global-color-5)","background-image":"","background-repeat":"repeat","background-position":"center center","background-size":"auto","background-attachment":"scroll","background-type":"","background-media":"","overlay-type":"","overlay-color":"","overlay-opacity":"","overlay-gradient":""},"mobile":{"background-color":"var(--ast-global-color-5)","background-image":"","background-repeat":"repeat","background-position":"center center","background-size":"auto","background-attachment":"scroll","background-type":"","background-media":"","overlay-type":"","overlay-color":"","overlay-opacity":"","overlay-gradient":""}},"footnotes":""},"class_list":["post-212068","page","type-page","status-publish","hentry"],"acf":[],"uagb_featured_image_src":{"full":false,"thumbnail":false,"medium":false,"medium_large":false,"large":false,"1536x1536":false,"2048x2048":false,"woocommerce_thumbnail":false,"woocommerce_single":false,"woocommerce_gallery_thumbnail":false,"dgwt-wcas-product-suggestion":false},"uagb_author_info":{"display_name":"dsadmin","author_link":"https:\/\/justvape.nu\/es\/author\/dsadmin\/"},"uagb_comment_info":0,"uagb_excerpt":"Tu cesta Aqu\u00ed puede ver su pedido y elegir el env\u00edo antes de ir a la caja. EU: DHL EXPRESS: Entregado despu\u00e9s de 1-2 d\u00edas sin importar si se encuentra en la UE (Si el pedido se realiza antes de las 12:00)! Esta opci\u00f3n de env\u00edo es muy recomendable y es sin duda la mejor&hellip;","_links":{"self":[{"href":"https:\/\/justvape.nu\/es\/wp-json\/wp\/v2\/pages\/212068","targetHints":{"allow":["GET"]}}],"collection":[{"href":"https:\/\/justvape.nu\/es\/wp-json\/wp\/v2\/pages"}],"about":[{"href":"https:\/\/justvape.nu\/es\/wp-json\/wp\/v2\/types\/page"}],"author":[{"embeddable":true,"href":"https:\/\/justvape.nu\/es\/wp-json\/wp\/v2\/users\/1"}],"replies":[{"embeddable":true,"href":"https:\/\/justvape.nu\/es\/wp-json\/wp\/v2\/comments?post=212068"}],"version-history":[{"count":0,"href":"https:\/\/justvape.nu\/es\/wp-json\/wp\/v2\/pages\/212068\/revisions"}],"wp:attachment":[{"href":"https:\/\/justvape.nu\/es\/wp-json\/wp\/v2\/media?parent=212068"}],"curies":[{"name":"wp","href":"https:\/\/api.w.org\/{rel}","templated":true}]}}