{"id":211993,"date":"2018-01-21T22:11:20","date_gmt":"2018-01-21T21:11:20","guid":{"rendered":"https:\/\/www.justvape.nu\/om-just-vape\/"},"modified":"2021-05-16T19:31:17","modified_gmt":"2021-05-16T17:31:17","slug":"om-just-vape","status":"publish","type":"page","link":"https:\/\/justvape.nu\/es\/om-just-vape\/","title":{"rendered":"Acerca de Just Vape"},"content":{"rendered":"<p>Just Vape tiene todo en cigarrillos electr\u00f3nicos y l\u00edquidos electr\u00f3nicos.<br \/>\nTenemos una de las selecciones m\u00e1s grandes de Europa de e-l\u00edquidos y hardware nacionales y extranjeros.<\/p>\n<p>Escuchamos a nuestros clientes y, por lo tanto, siempre se puede desear un producto para la tienda.<br \/>\n\u00a1Tambi\u00e9n se reciben pedidos especiales si tenemos que hacer algo muy especial para usted!<\/p>\n<p>Siempre tenemos nuestra informaci\u00f3n m\u00e1s reciente con lo que se est\u00e1 moviendo en el mercado y nos aseguramos de tener siempre los \u00faltimos y mejores productos nacionales y extranjeros para nuestros clientes.<\/p>\n<p>Nos esforzamos por brindar el mejor servicio al cliente a nuestros clientes, \u00a1sin usted no estar\u00edamos aqu\u00ed!<\/p>\n<p>Justvape.nu s. ro<\/p>\n<p>No de tina: SK2121251869<\/p>\n<p>Calle: Star\u00e1 Vajnorsk\u00e1 3338\/17<\/p>\n<p>831 04<\/p>\n<p>Bratislava-Nov\u00e9 Mesto<\/p>\n<p>Eslovaquia<\/p>\n","protected":false},"excerpt":{"rendered":"<p>Just Vape tiene todo en cigarrillos electr\u00f3nicos y l\u00edquidos electr\u00f3nicos. Tenemos una de las selecciones m\u00e1s grandes de Europa de e-l\u00edquidos y hardware nacionales y extranjeros. Escuchamos a nuestros clientes y, por lo tanto, siempre se puede desear un producto para la tienda. \u00a1Tambi\u00e9n se reciben pedidos especiales si tenemos que hacer algo muy especial [&hellip;]<\/p>\n","protected":false},"author":1,"featured_media":0,"parent":0,"menu_order":0,"comment_status":"closed","ping_status":"closed","template":"","meta":{"_acf_changed":false,"_uag_custom_page_level_css":"","site-sidebar-layout":"default","site-content-layout":"default","ast-site-content-layout":"default","site-content-style":"default","site-sidebar-style":"default","ast-global-header-display":"","ast-banner-title-visibility":"","ast-main-header-display":"","ast-hfb-above-header-display":"","ast-hfb-below-header-display":"","ast-hfb-mobile-header-display":"","site-post-title":"","ast-breadcrumbs-content":"","ast-featured-img":"","footer-sml-layout":"","ast-disable-related-posts":"","theme-transparent-header-meta":"default","adv-header-id-meta":"","stick-header-meta":"default","header-above-stick-meta":"","header-main-stick-meta":"","header-below-stick-meta":"","astra-migrate-meta-layouts":"default","ast-page-background-enabled":"default","ast-page-background-meta":{"desktop":{"background-color":"","background-image":"","background-repeat":"repeat","background-position":"center center","background-size":"auto","background-attachment":"scroll","background-type":"","background-media":"","overlay-type":"","overlay-color":"","overlay-opacity":"","overlay-gradient":""},"tablet":{"background-color":"","background-image":"","background-repeat":"repeat","background-position":"center center","background-size":"auto","background-attachment":"scroll","background-type":"","background-media":"","overlay-type":"","overlay-color":"","overlay-opacity":"","overlay-gradient":""},"mobile":{"background-color":"","background-image":"","background-repeat":"repeat","background-position":"center center","background-size":"auto","background-attachment":"scroll","background-type":"","background-media":"","overlay-type":"","overlay-color":"","overlay-opacity":"","overlay-gradient":""}},"ast-content-background-meta":{"desktop":{"background-color":"var(--ast-global-color-5)","background-image":"","background-repeat":"repeat","background-position":"center center","background-size":"auto","background-attachment":"scroll","background-type":"","background-media":"","overlay-type":"","overlay-color":"","overlay-opacity":"","overlay-gradient":""},"tablet":{"background-color":"var(--ast-global-color-5)","background-image":"","background-repeat":"repeat","background-position":"center center","background-size":"auto","background-attachment":"scroll","background-type":"","background-media":"","overlay-type":"","overlay-color":"","overlay-opacity":"","overlay-gradient":""},"mobile":{"background-color":"var(--ast-global-color-5)","background-image":"","background-repeat":"repeat","background-position":"center center","background-size":"auto","background-attachment":"scroll","background-type":"","background-media":"","overlay-type":"","overlay-color":"","overlay-opacity":"","overlay-gradient":""}},"footnotes":""},"class_list":["post-211993","page","type-page","status-publish","hentry"],"acf":[],"uagb_featured_image_src":{"full":false,"thumbnail":false,"medium":false,"medium_large":false,"large":false,"1536x1536":false,"2048x2048":false,"woocommerce_thumbnail":false,"woocommerce_single":false,"woocommerce_gallery_thumbnail":false,"dgwt-wcas-product-suggestion":false},"uagb_author_info":{"display_name":"dsadmin","author_link":"https:\/\/justvape.nu\/es\/author\/dsadmin\/"},"uagb_comment_info":0,"uagb_excerpt":"Just Vape tiene todo en cigarrillos electr\u00f3nicos y l\u00edquidos electr\u00f3nicos. Tenemos una de las selecciones m\u00e1s grandes de Europa de e-l\u00edquidos y hardware nacionales y extranjeros. Escuchamos a nuestros clientes y, por lo tanto, siempre se puede desear un producto para la tienda. \u00a1Tambi\u00e9n se reciben pedidos especiales si tenemos que hacer algo muy especial&hellip;","_links":{"self":[{"href":"https:\/\/justvape.nu\/es\/wp-json\/wp\/v2\/pages\/211993","targetHints":{"allow":["GET"]}}],"collection":[{"href":"https:\/\/justvape.nu\/es\/wp-json\/wp\/v2\/pages"}],"about":[{"href":"https:\/\/justvape.nu\/es\/wp-json\/wp\/v2\/types\/page"}],"author":[{"embeddable":true,"href":"https:\/\/justvape.nu\/es\/wp-json\/wp\/v2\/users\/1"}],"replies":[{"embeddable":true,"href":"https:\/\/justvape.nu\/es\/wp-json\/wp\/v2\/comments?post=211993"}],"version-history":[{"count":0,"href":"https:\/\/justvape.nu\/es\/wp-json\/wp\/v2\/pages\/211993\/revisions"}],"wp:attachment":[{"href":"https:\/\/justvape.nu\/es\/wp-json\/wp\/v2\/media?parent=211993"}],"curies":[{"name":"wp","href":"https:\/\/api.w.org\/{rel}","templated":true}]}}