{"id":211963,"date":"2018-01-21T22:13:30","date_gmt":"2018-01-21T21:13:30","guid":{"rendered":"https:\/\/www.justvape.nu\/privatlivspolitik\/"},"modified":"2023-07-02T00:12:18","modified_gmt":"2023-07-01T22:12:18","slug":"privatlivspolitik","status":"publish","type":"page","link":"https:\/\/justvape.nu\/es\/privatlivspolitik\/","title":{"rendered":"Pol\u00edtica de privacidad"},"content":{"rendered":"<h3>Pol\u00edtica de privacidad<\/h3>\n<p>Cuando visita nuestro sitio, recopilamos informaci\u00f3n sobre usted que se utiliza para personalizar y mejorar nuestro contenido y para aumentar el valor de los anuncios que aparecen en la p\u00e1gina. Si no desea que se recopile informaci\u00f3n, debe eliminar sus cookies (consulte las instrucciones) y abstenerse de seguir utilizando el sitio web. A continuaci\u00f3n hemos detallado qu\u00e9 informaci\u00f3n se recopila, su finalidad y qu\u00e9 terceros tienen acceso a ella.<\/p>\n<p><strong>Galletas<\/strong><\/p>\n<p>El sitio web utiliza &#8220;cookies&#8221;, que es un archivo de texto que se almacena en su ordenador, m\u00f3vil u otro. de forma similar con el fin de reconocerlo, recordar ajustes, realizar estad\u00edsticas y orientar anuncios.<\/p>\n<p>Las cookies no pueden contener c\u00f3digo malicioso, como las cookies. Virus.<\/p>\n<p>Es posible eliminar o bloquear las cookies.<\/p>\n<p>Si elimina o bloquea las cookies, los anuncios pueden volverse menos relevantes para usted y aparecer con m\u00e1s frecuencia. Tambi\u00e9n puede correr el riesgo de que el sitio web no funcione de manera \u00f3ptima y de que haya contenido al que no pueda acceder.<\/p>\n<h3>Informaci\u00f3n individual<\/h3>\n<h4>En general,<\/h4>\n<p>La informaci\u00f3n personal es cualquier tipo de informaci\u00f3n que se le puede atribuir hasta cierto punto. Cuando utiliza nuestro sitio web, recopilamos y procesamos una serie de dicha informaci\u00f3n. Sucede, por ejemplo. por la alm. acceso a contenidos, si te registras en nuestro bolet\u00edn de noticias, participas en concursos o encuestas, te registras como usuario o suscriptor, utilizas otros servicios o realizas compras a trav\u00e9s del sitio web.<\/p>\n<p>Normalmente recopilamos y procesamos los siguientes tipos de informaci\u00f3n: una identificaci\u00f3n \u00fanica e informaci\u00f3n t\u00e9cnica sobre su computadora, tableta o tel\u00e9fono m\u00f3vil, su n\u00famero de IP, ubicaci\u00f3n geogr\u00e1fica y en qu\u00e9 p\u00e1ginas hace clic (intereses). En la medida en que usted consienta expl\u00edcitamente esto e introduzca la informaci\u00f3n usted mismo, tambi\u00e9n ser\u00e1 procesado: Nombre, n\u00famero de tel\u00e9fono, correo electr\u00f3nico, direcci\u00f3n e informaci\u00f3n de pago. Normalmente, esto se asociar\u00e1 con la creaci\u00f3n o compra de inicio de sesi\u00f3n.<\/p>\n<h4>Seguridad<\/h4>\n<p>Hemos tomado medidas t\u00e9cnicas y organizativas para evitar que su informaci\u00f3n se elimine accidental o ilegalmente, se publique, se pierda, se vea afectada o llegue a la atenci\u00f3n de personas no autorizadas, que se utilicen indebidamente o que se traten de otro modo en violaci\u00f3n de la ley.<\/p>\n<h4>Prop\u00f3sito<\/h4>\n<p>La informaci\u00f3n se utiliza para identificarle como usuario y mostrarle los anuncios que tienen m\u00e1s probabilidades de ser relevantes para usted, para registrar sus compras y pagos, y para proporcionar los servicios que ha solicitado, como enviar un bolet\u00edn informativo. Adem\u00e1s, utilizamos la informaci\u00f3n para optimizar nuestros servicios y contenidos.<\/p>\n<h4>Per\u00edodo de almacenamiento<\/h4>\n<p>La informaci\u00f3n se almacena durante el per\u00edodo permitido por la ley y la eliminamos cuando ya no es necesaria. El per\u00edodo depende de la naturaleza de la informaci\u00f3n y el trasfondo del almacenamiento. Por lo tanto, no es posible especificar un marco de tiempo general para cuando se elimina la informaci\u00f3n.<\/p>\n<h4>Divulgaci\u00f3n de informaci\u00f3n<\/h4>\n<p>Datos sobre su uso del sitio web, qu\u00e9 anuncios recibe y, si es as\u00ed, clic, ubicaci\u00f3n geogr\u00e1fica, g\u00e9nero y segmento de edad, etc. divulgados a terceros en la medida en que se conozca esta informaci\u00f3n. Puede ver qu\u00e9 terceros se encuentran en la secci\u00f3n &#8220;Cookies&#8221; anterior. La informaci\u00f3n se utiliza para orientar la publicidad.<br \/>\nTambi\u00e9n utilizamos una serie de terceros para almacenar y procesar datos. Estas informaci\u00f3n de proceso \u00fanicamente en nuestro nombre y no pueden usarla para sus propios fines.<br \/>\nLa divulgaci\u00f3n de informaci\u00f3n personal como nombre y correo electr\u00f3nico, etc. solo ocurrir\u00e1 si usted la da su consentimiento. Solo utilizamos procesadores de datos en la UE o en pa\u00edses que pueden proporcionar su informaci\u00f3n con una protecci\u00f3n adecuada.<\/p>\n<p><strong>Perspectivas y quejas<\/strong><br \/>\nUsted tiene derecho a que se le diga qu\u00e9 informaci\u00f3n personal procesamos sobre usted. Tambi\u00e9n puede oponerse en cualquier momento al uso de la informaci\u00f3n. Tambi\u00e9n puede revocar su consentimiento para procesar informaci\u00f3n sobre usted. Si la informaci\u00f3n procesada sobre usted es incorrecta, tiene derecho a que se corrija o elimine. Las consultas se pueden hacer a: contact@justvape.nu. Si desea quejarse de nuestro procesamiento de sus datos personales, tambi\u00e9n tiene la oportunidad de ponerse en contacto con la Inspecci\u00f3n de Datos.<\/p>\n<h4>Editor<\/h4>\n<p>El Sitio Web es propiedad y est\u00e1 publicado por:<\/p>\n<p>Justvape.nu<\/p>\n","protected":false},"excerpt":{"rendered":"<p>Pol\u00edtica de privacidad Cuando visita nuestro sitio, recopilamos informaci\u00f3n sobre usted que se utiliza para personalizar y mejorar nuestro contenido y para aumentar el valor de los anuncios que aparecen en la p\u00e1gina. Si no desea que se recopile informaci\u00f3n, debe eliminar sus cookies (consulte las instrucciones) y abstenerse de seguir utilizando el sitio web. [&hellip;]<\/p>\n","protected":false},"author":1,"featured_media":0,"parent":0,"menu_order":0,"comment_status":"closed","ping_status":"closed","template":"","meta":{"_acf_changed":false,"_uag_custom_page_level_css":"","site-sidebar-layout":"default","site-content-layout":"default","ast-site-content-layout":"default","site-content-style":"default","site-sidebar-style":"default","ast-global-header-display":"","ast-banner-title-visibility":"","ast-main-header-display":"","ast-hfb-above-header-display":"","ast-hfb-below-header-display":"","ast-hfb-mobile-header-display":"","site-post-title":"","ast-breadcrumbs-content":"","ast-featured-img":"","footer-sml-layout":"","ast-disable-related-posts":"","theme-transparent-header-meta":"default","adv-header-id-meta":"","stick-header-meta":"default","header-above-stick-meta":"","header-main-stick-meta":"","header-below-stick-meta":"","astra-migrate-meta-layouts":"default","ast-page-background-enabled":"default","ast-page-background-meta":{"desktop":{"background-color":"","background-image":"","background-repeat":"repeat","background-position":"center center","background-size":"auto","background-attachment":"scroll","background-type":"","background-media":"","overlay-type":"","overlay-color":"","overlay-opacity":"","overlay-gradient":""},"tablet":{"background-color":"","background-image":"","background-repeat":"repeat","background-position":"center center","background-size":"auto","background-attachment":"scroll","background-type":"","background-media":"","overlay-type":"","overlay-color":"","overlay-opacity":"","overlay-gradient":""},"mobile":{"background-color":"","background-image":"","background-repeat":"repeat","background-position":"center center","background-size":"auto","background-attachment":"scroll","background-type":"","background-media":"","overlay-type":"","overlay-color":"","overlay-opacity":"","overlay-gradient":""}},"ast-content-background-meta":{"desktop":{"background-color":"var(--ast-global-color-5)","background-image":"","background-repeat":"repeat","background-position":"center center","background-size":"auto","background-attachment":"scroll","background-type":"","background-media":"","overlay-type":"","overlay-color":"","overlay-opacity":"","overlay-gradient":""},"tablet":{"background-color":"var(--ast-global-color-5)","background-image":"","background-repeat":"repeat","background-position":"center center","background-size":"auto","background-attachment":"scroll","background-type":"","background-media":"","overlay-type":"","overlay-color":"","overlay-opacity":"","overlay-gradient":""},"mobile":{"background-color":"var(--ast-global-color-5)","background-image":"","background-repeat":"repeat","background-position":"center center","background-size":"auto","background-attachment":"scroll","background-type":"","background-media":"","overlay-type":"","overlay-color":"","overlay-opacity":"","overlay-gradient":""}},"footnotes":""},"class_list":["post-211963","page","type-page","status-publish","hentry"],"acf":[],"uagb_featured_image_src":{"full":false,"thumbnail":false,"medium":false,"medium_large":false,"large":false,"1536x1536":false,"2048x2048":false,"woocommerce_thumbnail":false,"woocommerce_single":false,"woocommerce_gallery_thumbnail":false,"dgwt-wcas-product-suggestion":false},"uagb_author_info":{"display_name":"dsadmin","author_link":"https:\/\/justvape.nu\/es\/author\/dsadmin\/"},"uagb_comment_info":0,"uagb_excerpt":"Pol\u00edtica de privacidad Cuando visita nuestro sitio, recopilamos informaci\u00f3n sobre usted que se utiliza para personalizar y mejorar nuestro contenido y para aumentar el valor de los anuncios que aparecen en la p\u00e1gina. Si no desea que se recopile informaci\u00f3n, debe eliminar sus cookies (consulte las instrucciones) y abstenerse de seguir utilizando el sitio web.&hellip;","_links":{"self":[{"href":"https:\/\/justvape.nu\/es\/wp-json\/wp\/v2\/pages\/211963","targetHints":{"allow":["GET"]}}],"collection":[{"href":"https:\/\/justvape.nu\/es\/wp-json\/wp\/v2\/pages"}],"about":[{"href":"https:\/\/justvape.nu\/es\/wp-json\/wp\/v2\/types\/page"}],"author":[{"embeddable":true,"href":"https:\/\/justvape.nu\/es\/wp-json\/wp\/v2\/users\/1"}],"replies":[{"embeddable":true,"href":"https:\/\/justvape.nu\/es\/wp-json\/wp\/v2\/comments?post=211963"}],"version-history":[{"count":0,"href":"https:\/\/justvape.nu\/es\/wp-json\/wp\/v2\/pages\/211963\/revisions"}],"wp:attachment":[{"href":"https:\/\/justvape.nu\/es\/wp-json\/wp\/v2\/media?parent=211963"}],"curies":[{"name":"wp","href":"https:\/\/api.w.org\/{rel}","templated":true}]}}