{"id":211918,"date":"2018-08-05T17:23:56","date_gmt":"2018-08-05T15:23:56","guid":{"rendered":"https:\/\/www.justvape.nu\/aabningstider\/"},"modified":"2023-01-05T13:00:48","modified_gmt":"2023-01-05T12:00:48","slug":"aabningstider","status":"publish","type":"page","link":"https:\/\/justvape.nu\/es\/aabningstider\/","title":{"rendered":"Horario de apertura"},"content":{"rendered":"<p>S\u00f3lo somos una tienda online<\/p>\n<p><strong>Horario de apertura:<\/strong><\/p>\n<p>Lunes a viernes de 10 a. M. A 6 p. M.<\/p>\n<p>S\u00e1bados, domingos y festivos: cerrado.<\/p>\n<p><strong>Vacaciones p\u00fablicas:<\/strong><\/p>\n<table class=\"publicholidays phgtable \">\n<tbody>\n<tr class=\"even \">\n<td>1 de enero<\/td>\n<td>sol<\/td>\n<td><a class=\"summary url\" href=\"https:\/\/publicholidays.eu\/slovakia\/republic-day\/\" target=\"_blank\" rel=\"noopener\">D\u00eda de la Rep\u00fablica<\/a><\/td>\n<\/tr>\n<tr class=\"odd \">\n<td>6 de enero<\/td>\n<td>Vie<\/td>\n<td><a class=\"summary url\" href=\"https:\/\/publicholidays.eu\/slovakia\/epiphany\/\" target=\"_blank\" rel=\"noopener\">Epifan\u00eda<\/a><\/td>\n<\/tr>\n<tr class=\"even \">\n<td>7 de abril<\/td>\n<td>Vie<\/td>\n<td><a class=\"summary url\" href=\"https:\/\/publicholidays.eu\/slovakia\/easter\/\" target=\"_blank\" rel=\"noopener\">Buen viernes<\/a><\/td>\n<\/tr>\n<tr class=\"odd \">\n<td>10 de abril<\/td>\n<td>Lun<\/td>\n<td><a class=\"summary url\" href=\"https:\/\/publicholidays.eu\/slovakia\/easter\/\" target=\"_blank\" rel=\"noopener\">Lunes de Pascua<\/a><\/td>\n<\/tr>\n<tr class=\"even \">\n<td>1 de mayo<\/td>\n<td>Lun<\/td>\n<td><a class=\"summary url\" href=\"https:\/\/publicholidays.eu\/slovakia\/labour-day\/\" target=\"_blank\" rel=\"noopener\">d\u00eda del Trabajo<\/a><\/td>\n<\/tr>\n<tr class=\"odd \">\n<td>8 de mayo<\/td>\n<td>Lun<\/td>\n<td><a class=\"summary url\" href=\"https:\/\/publicholidays.eu\/slovakia\/liberation-day\/\" target=\"_blank\" rel=\"noopener\">d\u00eda de la liberaci\u00f3n<\/a><\/td>\n<\/tr>\n<tr class=\"even \">\n<td>5 de julio<\/td>\n<td>casarse<\/td>\n<td><a class=\"summary url\" href=\"https:\/\/publicholidays.eu\/slovakia\/st-cyril-and-st-methodius-day\/\" target=\"_blank\" rel=\"noopener\">D\u00eda de San Cirilo y San Metodio<\/a><\/td>\n<\/tr>\n<tr class=\"odd \">\n<td>29 agosto<\/td>\n<td>Mar<\/td>\n<td><a class=\"summary url\" href=\"https:\/\/publicholidays.eu\/slovakia\/slovak-uprising-day\/\" target=\"_blank\" rel=\"noopener\">D\u00eda del levantamiento eslovaco<\/a><\/td>\n<\/tr>\n<tr class=\"even \">\n<td>1 de septiembre<\/td>\n<td>Vie<\/td>\n<td><a class=\"summary url\" href=\"https:\/\/publicholidays.eu\/slovakia\/constitution-day\/\" target=\"_blank\" rel=\"noopener\">d\u00eda de la Constituci\u00f3n<\/a><\/td>\n<\/tr>\n<tr class=\"odd \">\n<td>15 de septiembre<\/td>\n<td>Vie<\/td>\n<td><a class=\"summary url\" href=\"https:\/\/publicholidays.eu\/slovakia\/lady-of-sorrows-day\/\" target=\"_blank\" rel=\"noopener\">D\u00eda de la Dama de los Dolores<\/a><\/td>\n<\/tr>\n<tr class=\"even \">\n<td>1 de noviembre<\/td>\n<td>casarse<\/td>\n<td><a class=\"summary url\" href=\"https:\/\/publicholidays.eu\/slovakia\/all-saints-day\/\" target=\"_blank\" rel=\"noopener\">Todos los Santos<\/a><\/td>\n<\/tr>\n<tr class=\"odd \">\n<td>17 noviembre<\/td>\n<td>Vie<\/td>\n<td><a class=\"summary url\" href=\"https:\/\/publicholidays.eu\/slovakia\/freedom-and-democracy-day\/\" target=\"_blank\" rel=\"noopener\">D\u00eda de la Libertad y la Democracia<\/a><\/td>\n<\/tr>\n<tr class=\"even \">\n<td>24 dic<\/td>\n<td>sol<\/td>\n<td><a class=\"summary url\" href=\"https:\/\/publicholidays.eu\/slovakia\/christmas\/\" target=\"_blank\" rel=\"noopener\">Nochebuena<\/a><\/td>\n<\/tr>\n<tr class=\"odd \">\n<td>25 dic<\/td>\n<td>Lun<\/td>\n<td><a class=\"summary url\" href=\"https:\/\/publicholidays.eu\/slovakia\/christmas\/\" target=\"_blank\" rel=\"noopener\">d\u00eda de Navidad<\/a><\/td>\n<\/tr>\n<tr class=\"even \">\n<td>26 dic<\/td>\n<td>Mar<\/td>\n<td><a class=\"summary url\" href=\"https:\/\/publicholidays.eu\/slovakia\/christmas\/\" target=\"_blank\" rel=\"noopener\">2do d\u00eda de Navidad<\/a><\/td>\n<\/tr>\n<\/tbody>\n<\/table>\n","protected":false},"excerpt":{"rendered":"<p>S\u00f3lo somos una tienda online Horario de apertura: Lunes a viernes de 10 a. M. A 6 p. M. S\u00e1bados, domingos y festivos: cerrado. Vacaciones p\u00fablicas: 1 de enero sol D\u00eda de la Rep\u00fablica 6 de enero Vie Epifan\u00eda 7 de abril Vie Buen viernes 10 de abril Lun Lunes de Pascua 1 de mayo [&hellip;]<\/p>\n","protected":false},"author":2,"featured_media":0,"parent":0,"menu_order":0,"comment_status":"closed","ping_status":"closed","template":"","meta":{"_acf_changed":false,"_uag_custom_page_level_css":"","site-sidebar-layout":"default","site-content-layout":"default","ast-site-content-layout":"default","site-content-style":"default","site-sidebar-style":"default","ast-global-header-display":"","ast-banner-title-visibility":"","ast-main-header-display":"","ast-hfb-above-header-display":"","ast-hfb-below-header-display":"","ast-hfb-mobile-header-display":"","site-post-title":"","ast-breadcrumbs-content":"","ast-featured-img":"","footer-sml-layout":"","ast-disable-related-posts":"","theme-transparent-header-meta":"default","adv-header-id-meta":"","stick-header-meta":"default","header-above-stick-meta":"","header-main-stick-meta":"","header-below-stick-meta":"","astra-migrate-meta-layouts":"default","ast-page-background-enabled":"default","ast-page-background-meta":{"desktop":{"background-color":"","background-image":"","background-repeat":"repeat","background-position":"center center","background-size":"auto","background-attachment":"scroll","background-type":"","background-media":"","overlay-type":"","overlay-color":"","overlay-opacity":"","overlay-gradient":""},"tablet":{"background-color":"","background-image":"","background-repeat":"repeat","background-position":"center center","background-size":"auto","background-attachment":"scroll","background-type":"","background-media":"","overlay-type":"","overlay-color":"","overlay-opacity":"","overlay-gradient":""},"mobile":{"background-color":"","background-image":"","background-repeat":"repeat","background-position":"center center","background-size":"auto","background-attachment":"scroll","background-type":"","background-media":"","overlay-type":"","overlay-color":"","overlay-opacity":"","overlay-gradient":""}},"ast-content-background-meta":{"desktop":{"background-color":"var(--ast-global-color-5)","background-image":"","background-repeat":"repeat","background-position":"center center","background-size":"auto","background-attachment":"scroll","background-type":"","background-media":"","overlay-type":"","overlay-color":"","overlay-opacity":"","overlay-gradient":""},"tablet":{"background-color":"var(--ast-global-color-5)","background-image":"","background-repeat":"repeat","background-position":"center center","background-size":"auto","background-attachment":"scroll","background-type":"","background-media":"","overlay-type":"","overlay-color":"","overlay-opacity":"","overlay-gradient":""},"mobile":{"background-color":"var(--ast-global-color-5)","background-image":"","background-repeat":"repeat","background-position":"center center","background-size":"auto","background-attachment":"scroll","background-type":"","background-media":"","overlay-type":"","overlay-color":"","overlay-opacity":"","overlay-gradient":""}},"footnotes":""},"class_list":["post-211918","page","type-page","status-publish","hentry"],"acf":[],"uagb_featured_image_src":{"full":false,"thumbnail":false,"medium":false,"medium_large":false,"large":false,"1536x1536":false,"2048x2048":false,"woocommerce_thumbnail":false,"woocommerce_single":false,"woocommerce_gallery_thumbnail":false,"dgwt-wcas-product-suggestion":false},"uagb_author_info":{"display_name":"JustVape.nu","author_link":"https:\/\/justvape.nu\/es\/author\/casper\/"},"uagb_comment_info":0,"uagb_excerpt":"S\u00f3lo somos una tienda online Horario de apertura: Lunes a viernes de 10 a. M. A 6 p. M. S\u00e1bados, domingos y festivos: cerrado. Vacaciones p\u00fablicas: 1 de enero sol D\u00eda de la Rep\u00fablica 6 de enero Vie Epifan\u00eda 7 de abril Vie Buen viernes 10 de abril Lun Lunes de Pascua 1 de mayo&hellip;","_links":{"self":[{"href":"https:\/\/justvape.nu\/es\/wp-json\/wp\/v2\/pages\/211918","targetHints":{"allow":["GET"]}}],"collection":[{"href":"https:\/\/justvape.nu\/es\/wp-json\/wp\/v2\/pages"}],"about":[{"href":"https:\/\/justvape.nu\/es\/wp-json\/wp\/v2\/types\/page"}],"author":[{"embeddable":true,"href":"https:\/\/justvape.nu\/es\/wp-json\/wp\/v2\/users\/2"}],"replies":[{"embeddable":true,"href":"https:\/\/justvape.nu\/es\/wp-json\/wp\/v2\/comments?post=211918"}],"version-history":[{"count":0,"href":"https:\/\/justvape.nu\/es\/wp-json\/wp\/v2\/pages\/211918\/revisions"}],"wp:attachment":[{"href":"https:\/\/justvape.nu\/es\/wp-json\/wp\/v2\/media?parent=211918"}],"curies":[{"name":"wp","href":"https:\/\/api.w.org\/{rel}","templated":true}]}}