{"id":688111,"date":"2024-04-10T19:18:01","date_gmt":"2024-04-10T17:18:01","guid":{"rendered":"https:\/\/justvape.nu\/produkt\/voopoo-argus-g2\/"},"modified":"2024-11-12T10:32:40","modified_gmt":"2024-11-12T09:32:40","slug":"voopoo-argus-g2","status":"publish","type":"product","link":"https:\/\/justvape.nu\/de\/produkt\/voopoo-argus-g2\/","title":{"rendered":"VOOPOO &#8211; ARGUS G2"},"content":{"rendered":"<h2>VOOPOO &#8211; ARGUS G2<\/h2>\n<p>Das Argus G2 Kit setzt den sanften Geschmack und die Textur des Argus G mit verbesserter Leistung und neuer flexibler Interaktion fort und ist die verbesserte Version des Argus G. Es bietet 3 verschiedene Benutzeroberfl\u00e4chen und pr\u00e4sentiert 3 Animationen, darunter Flammen, fliegende Untertassen und bunte Tassen, mit 3 Leistungseinstellungsmodi (Smart, Super und ECO). Argus G2 Kit kommt mit einem vollst\u00e4ndig aktualisierten neuen Patrone, die Argus Top Fill Cartridge, die eine 2ml Kapazit\u00e4t, 30 Tage ohne Leckage, 90ml Spule Lebensdauer bietet. Au\u00dferdem ist er auch mit Ger\u00e4ten der Argus Pod-Familie kompatibel (Side-fill Argus Pod 1,2ohm\/0,7ohm). VOOPOO Argus G2 wurde mit iCOSM CODE entwickelt und bietet Ihnen ein vielf\u00e4ltiges Dampferlebnis von MTL bis RDL. Der eingebaute 1000-mAh-Akku liefert eine lang anhaltende Leistung von bis zu 30 W.<\/p>\n<p><a href=\"https:\/\/justvape.nu\/wp-content\/uploads\/2018\/05\/Color-Schemes.png\"><img loading=\"lazy\" decoding=\"async\" class=\"alignnone size-full wp-image-19187\" src=\"https:\/\/justvape.nu\/wp-content\/uploads\/2018\/05\/Color-Schemes.png\" alt=\"\" width=\"950\" height=\"64\" title=\"\" srcset=\"https:\/\/justvape.nu\/wp-content\/uploads\/2018\/05\/Color-Schemes.png 950w, https:\/\/justvape.nu\/wp-content\/uploads\/2018\/05\/Color-Schemes-555x37.png 555w, https:\/\/justvape.nu\/wp-content\/uploads\/2018\/05\/Color-Schemes-64x4.png 64w, https:\/\/justvape.nu\/wp-content\/uploads\/2018\/05\/Color-Schemes-300x20.png 300w, https:\/\/justvape.nu\/wp-content\/uploads\/2018\/05\/Color-Schemes-768x52.png 768w\" sizes=\"auto, (max-width: 950px) 100vw, 950px\" \/><\/a><\/p>\n<p><a href=\"https:\/\/justvape.nu\/wp-content\/uploads\/2024\/04\/VOOPOO_Argus_G2_Kit_Colors.jpg\"><img loading=\"lazy\" decoding=\"async\" class=\"alignnone wp-image-687939\" src=\"https:\/\/justvape.nu\/wp-content\/uploads\/2024\/04\/VOOPOO_Argus_G2_Kit_Colors.jpg\" alt=\"\" width=\"939\" height=\"458\" title=\"\" srcset=\"https:\/\/justvape.nu\/wp-content\/uploads\/2024\/04\/VOOPOO_Argus_G2_Kit_Colors.jpg 800w, https:\/\/justvape.nu\/wp-content\/uploads\/2024\/04\/VOOPOO_Argus_G2_Kit_Colors-600x293.jpg 600w, https:\/\/justvape.nu\/wp-content\/uploads\/2024\/04\/VOOPOO_Argus_G2_Kit_Colors-64x31.jpg 64w, https:\/\/justvape.nu\/wp-content\/uploads\/2024\/04\/VOOPOO_Argus_G2_Kit_Colors-300x146.jpg 300w, https:\/\/justvape.nu\/wp-content\/uploads\/2024\/04\/VOOPOO_Argus_G2_Kit_Colors-768x374.jpg 768w\" sizes=\"auto, (max-width: 939px) 100vw, 939px\" \/><\/a><\/p>\n<p class=\"description-img-center\">\n<div class=\"shop-features \">\n<h2 class=\"shop-features-title \"><a href=\"https:\/\/justvape.nu\/wp-content\/uploads\/2021\/06\/Specifications1.png\"><img loading=\"lazy\" decoding=\"async\" class=\"alignnone size-full wp-image-390997\" src=\"https:\/\/justvape.nu\/wp-content\/uploads\/2021\/06\/Specifications1.png\" alt=\"\" width=\"950\" height=\"64\" title=\"\" srcset=\"https:\/\/justvape.nu\/wp-content\/uploads\/2021\/06\/Specifications1.png 950w, https:\/\/justvape.nu\/wp-content\/uploads\/2021\/06\/Specifications1-600x40.png 600w, https:\/\/justvape.nu\/wp-content\/uploads\/2021\/06\/Specifications1-64x4.png 64w, https:\/\/justvape.nu\/wp-content\/uploads\/2021\/06\/Specifications1-300x20.png 300w, https:\/\/justvape.nu\/wp-content\/uploads\/2021\/06\/Specifications1-768x52.png 768w\" sizes=\"auto, (max-width: 950px) 100vw, 950px\" \/><\/a><\/h2>\n<\/div>\n<table class=\"description-table\">\n<tbody>\n<tr>\n<td class=\"strong-title \">Marke<\/td>\n<td class=\"inline\">VOOPOO<\/td>\n<\/tr>\n<tr>\n<td class=\"strong-title \">Produktname<\/td>\n<td class=\"inline\">Argus G2 Bausatz<\/td>\n<\/tr>\n<tr>\n<td class=\"strong-title \">Gr\u00f6\u00dfe<\/td>\n<td class=\"inline\">121*26.4*15.2mm<\/td>\n<\/tr>\n<tr>\n<td class=\"strong-title \">Kapazit\u00e4t<\/td>\n<td class=\"inline\">2ml<\/td>\n<\/tr>\n<tr>\n<td class=\"strong-title \">Material<\/td>\n<td class=\"inline\">Zink-Legierung + PC<\/td>\n<\/tr>\n<tr>\n<td class=\"strong-title \">Leistungsbereich<\/td>\n<td class=\"inline\">\u226430W<\/td>\n<\/tr>\n<tr>\n<td class=\"strong-title \">Batteriekapazit\u00e4t<\/td>\n<td class=\"inline\">1000mAh<\/td>\n<\/tr>\n<tr>\n<td class=\"strong-title \">F\u00fcllung Typ<\/td>\n<td class=\"inline\">F\u00fcllung oben<\/td>\n<\/tr>\n<tr>\n<td class=\"strong-title \">Inklusive Kartusche<\/td>\n<td class=\"inline\">Argus Top Fill Kartusche 0.4ohm 2ml, Argus Top Fill Kartusche 0.7ohm 2ml<\/td>\n<\/tr>\n<tr>\n<td class=\"strong-title \">Packungsgr\u00f6\u00dfe<\/td>\n<td class=\"inline\">132*58*37mm (1St\u00fcck)<\/td>\n<\/tr>\n<tr>\n<td class=\"strong-title \"><\/td>\n<td class=\"inline\"><\/td>\n<\/tr>\n<tr>\n<td class=\"strong-title \">Farbe<\/td>\n<td class=\"inline\">Spray Black, Space Gray, Astral Silver, Pearl White, Aurora Purple, Glow Pink, Peachy Beige, Iris Blue<\/td>\n<\/tr>\n<\/tbody>\n<\/table>\n<div class=\"shop-features \">\n<h2 class=\"shop-features-title \"><a href=\"https:\/\/justvape.nu\/wp-content\/uploads\/2018\/05\/Features.png\"><img loading=\"lazy\" decoding=\"async\" class=\"alignnone size-full wp-image-248459\" src=\"https:\/\/justvape.nu\/wp-content\/uploads\/2018\/05\/Features.png\" alt=\"\" width=\"950\" height=\"64\" title=\"\" srcset=\"https:\/\/justvape.nu\/wp-content\/uploads\/2018\/05\/Features.png 950w, https:\/\/justvape.nu\/wp-content\/uploads\/2018\/05\/Features-600x40.png 600w, https:\/\/justvape.nu\/wp-content\/uploads\/2018\/05\/Features-64x4.png 64w, https:\/\/justvape.nu\/wp-content\/uploads\/2018\/05\/Features-300x20.png 300w, https:\/\/justvape.nu\/wp-content\/uploads\/2018\/05\/Features-768x52.png 768w\" sizes=\"auto, (max-width: 950px) 100vw, 950px\" \/><\/a><\/h2>\n<\/div>\n<ul>\n<li style=\"list-style-type: none;\">\n<ul>\n<li>1. 0,96-Zoll-Farbbildschirm<\/li>\n<li>2. Max. 30W Ausgangsleistung<\/li>\n<li>3. 2ml Top-Fill-Patrone<\/li>\n<li>4. Sensorische Interaktion, reibungslose Kontrolle<\/li>\n<li>5. Drei Modi zur Leistungsanpassung: Smart, Super und ECO<\/li>\n<li>6. Zwei RGB-LED-Leuchten<\/li>\n<li>7. Kompatibel mit Ger\u00e4ten der Argus Pod Familie<\/li>\n<li>8. Mit iCOSM CODE vielf\u00e4ltiges Dampfen von MTL zu RDL bringen<\/li>\n<li>9. Sicherheit Schutz: 5S Overtime\/Kurzschluss\/\u00dcberladung\/Ausgangsstrom\/Low Battery\/Over Temperature\/Max Power Protection<\/li>\n<\/ul>\n<\/li>\n<\/ul>\n<div class=\"img-show-more\">\n<div id=\"img_content_less\" class=\"img-content add-more\">\n<p class=\"description-img-center\"><a href=\"https:\/\/justvape.nu\/wp-content\/uploads\/2024\/04\/VOOPOO_Argus_G2_Kit_Safety_Protection.jpg\"><img loading=\"lazy\" decoding=\"async\" class=\"alignnone size-full wp-image-687947\" src=\"https:\/\/justvape.nu\/wp-content\/uploads\/2024\/04\/VOOPOO_Argus_G2_Kit_Safety_Protection.jpg\" alt=\"\" width=\"831\" height=\"391\" title=\"\" srcset=\"https:\/\/justvape.nu\/wp-content\/uploads\/2024\/04\/VOOPOO_Argus_G2_Kit_Safety_Protection.jpg 831w, https:\/\/justvape.nu\/wp-content\/uploads\/2024\/04\/VOOPOO_Argus_G2_Kit_Safety_Protection-600x282.jpg 600w, https:\/\/justvape.nu\/wp-content\/uploads\/2024\/04\/VOOPOO_Argus_G2_Kit_Safety_Protection-64x30.jpg 64w, https:\/\/justvape.nu\/wp-content\/uploads\/2024\/04\/VOOPOO_Argus_G2_Kit_Safety_Protection-300x141.jpg 300w, https:\/\/justvape.nu\/wp-content\/uploads\/2024\/04\/VOOPOO_Argus_G2_Kit_Safety_Protection-768x361.jpg 768w\" sizes=\"auto, (max-width: 831px) 100vw, 831px\" \/><\/a><\/p>\n<p>&nbsp;<\/p>\n<p><a href=\"https:\/\/justvape.nu\/wp-content\/uploads\/2018\/05\/Packing-List.png\"><img loading=\"lazy\" decoding=\"async\" class=\"alignnone size-full wp-image-18995\" src=\"https:\/\/justvape.nu\/wp-content\/uploads\/2018\/05\/Packing-List.png\" alt=\"\" width=\"950\" height=\"64\" title=\"\" srcset=\"https:\/\/justvape.nu\/wp-content\/uploads\/2018\/05\/Packing-List.png 950w, https:\/\/justvape.nu\/wp-content\/uploads\/2018\/05\/Packing-List-555x37.png 555w, https:\/\/justvape.nu\/wp-content\/uploads\/2018\/05\/Packing-List-64x4.png 64w, https:\/\/justvape.nu\/wp-content\/uploads\/2018\/05\/Packing-List-300x20.png 300w, https:\/\/justvape.nu\/wp-content\/uploads\/2018\/05\/Packing-List-768x52.png 768w\" sizes=\"auto, (max-width: 950px) 100vw, 950px\" \/><\/a><\/p>\n<\/div>\n<\/div>\n<p>1* Argus G2 Ger\u00e4t<br \/>\n1* Argus Top Fill Kartusche 0.4ohm (2ml)<br \/>\n1* Argus Top Fill Kartusche 0.7ohm (2ml)<br \/>\n1* Typ-C Kabel<br \/>\n1 * Benutzerhandbuch<br \/>\n1* Umh\u00e4ngeband<\/p>\n","protected":false},"excerpt":{"rendered":"<p>VOOPOO &#8211; ARGUS G2<\/p>\n","protected":false},"featured_media":687964,"comment_status":"open","ping_status":"closed","template":"","meta":{"_acf_changed":false,"_uag_custom_page_level_css":"","site-sidebar-layout":"default","site-content-layout":"","ast-site-content-layout":"default","site-content-style":"default","site-sidebar-style":"default","ast-global-header-display":"","ast-banner-title-visibility":"","ast-main-header-display":"","ast-hfb-above-header-display":"","ast-hfb-below-header-display":"","ast-hfb-mobile-header-display":"","site-post-title":"","ast-breadcrumbs-content":"","ast-featured-img":"","footer-sml-layout":"","ast-disable-related-posts":"","theme-transparent-header-meta":"default","adv-header-id-meta":"","stick-header-meta":"default","header-above-stick-meta":"","header-main-stick-meta":"","header-below-stick-meta":"","astra-migrate-meta-layouts":"default","ast-page-background-enabled":"default","ast-page-background-meta":{"desktop":{"background-color":"","background-image":"","background-repeat":"repeat","background-position":"center center","background-size":"auto","background-attachment":"scroll","background-type":"","background-media":"","overlay-type":"","overlay-color":"","overlay-opacity":"","overlay-gradient":""},"tablet":{"background-color":"","background-image":"","background-repeat":"repeat","background-position":"center center","background-size":"auto","background-attachment":"scroll","background-type":"","background-media":"","overlay-type":"","overlay-color":"","overlay-opacity":"","overlay-gradient":""},"mobile":{"background-color":"","background-image":"","background-repeat":"repeat","background-position":"center center","background-size":"auto","background-attachment":"scroll","background-type":"","background-media":"","overlay-type":"","overlay-color":"","overlay-opacity":"","overlay-gradient":""}},"ast-content-background-meta":{"desktop":{"background-color":"var(--ast-global-color-5)","background-image":"","background-repeat":"repeat","background-position":"center center","background-size":"auto","background-attachment":"scroll","background-type":"","background-media":"","overlay-type":"","overlay-color":"","overlay-opacity":"","overlay-gradient":""},"tablet":{"background-color":"var(--ast-global-color-5)","background-image":"","background-repeat":"repeat","background-position":"center center","background-size":"auto","background-attachment":"scroll","background-type":"","background-media":"","overlay-type":"","overlay-color":"","overlay-opacity":"","overlay-gradient":""},"mobile":{"background-color":"var(--ast-global-color-5)","background-image":"","background-repeat":"repeat","background-position":"center center","background-size":"auto","background-attachment":"scroll","background-type":"","background-media":"","overlay-type":"","overlay-color":"","overlay-opacity":"","overlay-gradient":""}}},"product_brand":[],"product_cat":[2077,2067,2511,1868,2512,2513],"product_tag":[],"class_list":{"0":"post-688111","1":"product","2":"type-product","3":"status-publish","4":"has-post-thumbnail","6":"product_cat-anfaenger-kits-pods","7":"product_cat-e-zigaretten","8":"product_cat-hardware-de","9":"product_cat-new-products-de","10":"product_cat-shop-by-brand-de","11":"product_cat-voopoo-de","12":"desktop-align-center","13":"tablet-align-center","14":"mobile-align-center","15":"ast-product-gallery-layout-horizontal-slider","16":"ast-product-single-variable","17":"ast-product-tabs-layout-horizontal","19":"first","20":"instock","21":"sale","22":"taxable","23":"shipping-taxable","24":"purchasable","25":"product-type-variable"},"acf":[],"uagb_featured_image_src":{"full":["https:\/\/justvape.nu\/wp-content\/uploads\/2024\/04\/z2R4ZQ_p.jpeg",600,600,false],"thumbnail":["https:\/\/justvape.nu\/wp-content\/uploads\/2024\/04\/z2R4ZQ_p-150x150.jpeg",150,150,true],"medium":["https:\/\/justvape.nu\/wp-content\/uploads\/2024\/04\/z2R4ZQ_p-300x300.jpeg",300,300,true],"medium_large":["https:\/\/justvape.nu\/wp-content\/uploads\/2024\/04\/z2R4ZQ_p.jpeg",600,600,false],"large":["https:\/\/justvape.nu\/wp-content\/uploads\/2024\/04\/z2R4ZQ_p.jpeg",600,600,false],"1536x1536":["https:\/\/justvape.nu\/wp-content\/uploads\/2024\/04\/z2R4ZQ_p.jpeg",600,600,false],"2048x2048":["https:\/\/justvape.nu\/wp-content\/uploads\/2024\/04\/z2R4ZQ_p.jpeg",600,600,false],"woocommerce_thumbnail":["https:\/\/justvape.nu\/wp-content\/uploads\/2024\/04\/z2R4ZQ_p-300x300.jpeg",300,300,true],"woocommerce_single":["https:\/\/justvape.nu\/wp-content\/uploads\/2024\/04\/z2R4ZQ_p.jpeg",600,600,false],"woocommerce_gallery_thumbnail":["https:\/\/justvape.nu\/wp-content\/uploads\/2024\/04\/z2R4ZQ_p-100x100.jpeg",100,100,true],"dgwt-wcas-product-suggestion":["https:\/\/justvape.nu\/wp-content\/uploads\/2024\/04\/z2R4ZQ_p-64x64.jpeg",64,64,true]},"uagb_author_info":{"display_name":"Kenneth Merkur","author_link":"https:\/\/justvape.nu\/de\/author\/"},"uagb_comment_info":0,"uagb_excerpt":"VOOPOO - ARGUS G2","_links":{"self":[{"href":"https:\/\/justvape.nu\/de\/wp-json\/wp\/v2\/product\/688111","targetHints":{"allow":["GET"]}}],"collection":[{"href":"https:\/\/justvape.nu\/de\/wp-json\/wp\/v2\/product"}],"about":[{"href":"https:\/\/justvape.nu\/de\/wp-json\/wp\/v2\/types\/product"}],"replies":[{"embeddable":true,"href":"https:\/\/justvape.nu\/de\/wp-json\/wp\/v2\/comments?post=688111"}],"wp:featuredmedia":[{"embeddable":true,"href":"https:\/\/justvape.nu\/de\/wp-json\/wp\/v2\/media\/687964"}],"wp:attachment":[{"href":"https:\/\/justvape.nu\/de\/wp-json\/wp\/v2\/media?parent=688111"}],"wp:term":[{"taxonomy":"product_brand","embeddable":true,"href":"https:\/\/justvape.nu\/de\/wp-json\/wp\/v2\/product_brand?post=688111"},{"taxonomy":"product_cat","embeddable":true,"href":"https:\/\/justvape.nu\/de\/wp-json\/wp\/v2\/product_cat?post=688111"},{"taxonomy":"product_tag","embeddable":true,"href":"https:\/\/justvape.nu\/de\/wp-json\/wp\/v2\/product_tag?post=688111"}],"curies":[{"name":"wp","href":"https:\/\/api.w.org\/{rel}","templated":true}]}}