{"id":673402,"date":"2024-02-16T11:09:04","date_gmt":"2024-02-16T10:09:04","guid":{"rendered":"https:\/\/justvape.nu\/produkt\/innokin-kroma-nova-replacement-pod\/"},"modified":"2024-09-27T19:30:49","modified_gmt":"2024-09-27T17:30:49","slug":"innokin-kroma-nova-replacement-pod","status":"publish","type":"product","link":"https:\/\/justvape.nu\/de\/produkt\/innokin-kroma-nova-replacement-pod\/","title":{"rendered":"INNOKIN &#8211; KROMA NOVA REPLACEMENT POD"},"content":{"rendered":"<h2>INNOKIN &#8211; KROMA NOVA REPLACEMENT POD<\/h2>\n<p>Der Innokin Kroma Nova Empty Replacement Pod ist f\u00fcr die Verwendung mit dem Kroma-Nova Kit zugeschnitten und verf\u00fcgt \u00fcber ein Fassungsverm\u00f6gen von 2 ml E-Liquid. Das Nachf\u00fcllen ist ein Kinderspiel durch den verschiebbaren oberen Einf\u00fcllstutzen, der so konstruiert ist, dass ein Auslaufen ausgeschlossen ist. Diese Pods verf\u00fcgen \u00fcber eine praktische Magnetverbindung, die ein m\u00fcheloses Entfernen und Anbringen erm\u00f6glicht. Gepaart mit der Kompatibilit\u00e4t f\u00fcr PZP Coils eignen sich diese Pods f\u00fcr Mouth To Lung (MTL), Restricted Direct To Lung (RDL) und Direct To Lung (DTL) Vaping-Stile. Genie\u00dfen Sie ein nahtloses und vielseitiges Dampferlebnis mit diesen speziell angefertigten Ersatz-Pods<\/p>\n<ul>\n<li>2 ml E-Liquid-Kapazit\u00e4t<\/li>\n<li>Schiebbare Top-Fill-Konstruktion<\/li>\n<li>Magnetische Verbindung<\/li>\n<li>MTL, RDL und DTL<\/li>\n<li>Packung mit 1<\/li>\n<li><strong>Spulen nicht inbegriffen<\/strong><\/li>\n<\/ul>\n","protected":false},"excerpt":{"rendered":"<p>INNOKIN &#8211; KROMA NOVA REPLACEMENT POD<\/p>\n","protected":false},"featured_media":673204,"comment_status":"open","ping_status":"closed","template":"","meta":{"_acf_changed":false,"_uag_custom_page_level_css":"","site-sidebar-layout":"default","site-content-layout":"","ast-site-content-layout":"default","site-content-style":"default","site-sidebar-style":"default","ast-global-header-display":"","ast-banner-title-visibility":"","ast-main-header-display":"","ast-hfb-above-header-display":"","ast-hfb-below-header-display":"","ast-hfb-mobile-header-display":"","site-post-title":"","ast-breadcrumbs-content":"","ast-featured-img":"","footer-sml-layout":"","ast-disable-related-posts":"","theme-transparent-header-meta":"default","adv-header-id-meta":"","stick-header-meta":"","header-above-stick-meta":"","header-main-stick-meta":"","header-below-stick-meta":"","astra-migrate-meta-layouts":"default","ast-page-background-enabled":"default","ast-page-background-meta":{"desktop":{"background-color":"","background-image":"","background-repeat":"repeat","background-position":"center center","background-size":"auto","background-attachment":"scroll","background-type":"","background-media":"","overlay-type":"","overlay-color":"","overlay-opacity":"","overlay-gradient":""},"tablet":{"background-color":"","background-image":"","background-repeat":"repeat","background-position":"center center","background-size":"auto","background-attachment":"scroll","background-type":"","background-media":"","overlay-type":"","overlay-color":"","overlay-opacity":"","overlay-gradient":""},"mobile":{"background-color":"","background-image":"","background-repeat":"repeat","background-position":"center center","background-size":"auto","background-attachment":"scroll","background-type":"","background-media":"","overlay-type":"","overlay-color":"","overlay-opacity":"","overlay-gradient":""}},"ast-content-background-meta":{"desktop":{"background-color":"var(--ast-global-color-5)","background-image":"","background-repeat":"repeat","background-position":"center center","background-size":"auto","background-attachment":"scroll","background-type":"","background-media":"","overlay-type":"","overlay-color":"","overlay-opacity":"","overlay-gradient":""},"tablet":{"background-color":"var(--ast-global-color-5)","background-image":"","background-repeat":"repeat","background-position":"center center","background-size":"auto","background-attachment":"scroll","background-type":"","background-media":"","overlay-type":"","overlay-color":"","overlay-opacity":"","overlay-gradient":""},"mobile":{"background-color":"var(--ast-global-color-5)","background-image":"","background-repeat":"repeat","background-position":"center center","background-size":"auto","background-attachment":"scroll","background-type":"","background-media":"","overlay-type":"","overlay-color":"","overlay-opacity":"","overlay-gradient":""}}},"product_brand":[],"product_cat":[1868,2057,1977],"product_tag":[],"class_list":{"0":"post-673402","1":"product","2":"type-product","3":"status-publish","4":"has-post-thumbnail","6":"product_cat-new-products-de","7":"product_cat-spulen-huelsen","8":"product_cat-tanks-spulen","9":"desktop-align-center","10":"tablet-align-center","11":"mobile-align-center","12":"ast-product-gallery-layout-horizontal-slider","13":"ast-product-gallery-with-no-image","14":"ast-product-tabs-layout-horizontal","16":"first","17":"instock","18":"sale","19":"taxable","20":"shipping-taxable","21":"purchasable","22":"product-type-simple"},"acf":[],"uagb_featured_image_src":{"full":["https:\/\/justvape.nu\/wp-content\/uploads\/2024\/02\/3214718816.webp",1000,1000,false],"thumbnail":["https:\/\/justvape.nu\/wp-content\/uploads\/2024\/02\/3214718816-150x150.webp",150,150,true],"medium":["https:\/\/justvape.nu\/wp-content\/uploads\/2024\/02\/3214718816-300x300.webp",300,300,true],"medium_large":["https:\/\/justvape.nu\/wp-content\/uploads\/2024\/02\/3214718816-768x768.webp",768,768,true],"large":["https:\/\/justvape.nu\/wp-content\/uploads\/2024\/02\/3214718816.webp",1000,1000,false],"1536x1536":["https:\/\/justvape.nu\/wp-content\/uploads\/2024\/02\/3214718816.webp",1000,1000,false],"2048x2048":["https:\/\/justvape.nu\/wp-content\/uploads\/2024\/02\/3214718816.webp",1000,1000,false],"woocommerce_thumbnail":["https:\/\/justvape.nu\/wp-content\/uploads\/2024\/02\/3214718816-300x300.webp",300,300,true],"woocommerce_single":["https:\/\/justvape.nu\/wp-content\/uploads\/2024\/02\/3214718816-600x600.webp",600,600,true],"woocommerce_gallery_thumbnail":["https:\/\/justvape.nu\/wp-content\/uploads\/2024\/02\/3214718816-100x100.webp",100,100,true],"dgwt-wcas-product-suggestion":["https:\/\/justvape.nu\/wp-content\/uploads\/2024\/02\/3214718816-64x64.webp",64,64,true]},"uagb_author_info":{"display_name":"Kenneth Merkur","author_link":"https:\/\/justvape.nu\/de\/author\/"},"uagb_comment_info":0,"uagb_excerpt":"INNOKIN - KROMA NOVA REPLACEMENT POD","_links":{"self":[{"href":"https:\/\/justvape.nu\/de\/wp-json\/wp\/v2\/product\/673402","targetHints":{"allow":["GET"]}}],"collection":[{"href":"https:\/\/justvape.nu\/de\/wp-json\/wp\/v2\/product"}],"about":[{"href":"https:\/\/justvape.nu\/de\/wp-json\/wp\/v2\/types\/product"}],"replies":[{"embeddable":true,"href":"https:\/\/justvape.nu\/de\/wp-json\/wp\/v2\/comments?post=673402"}],"wp:featuredmedia":[{"embeddable":true,"href":"https:\/\/justvape.nu\/de\/wp-json\/wp\/v2\/media\/673204"}],"wp:attachment":[{"href":"https:\/\/justvape.nu\/de\/wp-json\/wp\/v2\/media?parent=673402"}],"wp:term":[{"taxonomy":"product_brand","embeddable":true,"href":"https:\/\/justvape.nu\/de\/wp-json\/wp\/v2\/product_brand?post=673402"},{"taxonomy":"product_cat","embeddable":true,"href":"https:\/\/justvape.nu\/de\/wp-json\/wp\/v2\/product_cat?post=673402"},{"taxonomy":"product_tag","embeddable":true,"href":"https:\/\/justvape.nu\/de\/wp-json\/wp\/v2\/product_tag?post=673402"}],"curies":[{"name":"wp","href":"https:\/\/api.w.org\/{rel}","templated":true}]}}