{"id":671521,"date":"2024-02-07T20:48:04","date_gmt":"2024-02-07T19:48:04","guid":{"rendered":"https:\/\/justvape.nu\/produkt\/voopoo-doric-galaxy-vape-kit\/"},"modified":"2024-07-19T00:52:48","modified_gmt":"2024-07-18T22:52:48","slug":"voopoo-doric-galaxy-vape-kit","status":"publish","type":"product","link":"https:\/\/justvape.nu\/de\/produkt\/voopoo-doric-galaxy-vape-kit\/","title":{"rendered":"VOOPOO &#8211; DORIC GALAXY VAPE KIT"},"content":{"rendered":"<h2>VOOPOO &#8211; DORIC GALAXY VAPE KIT<\/h2>\n<p>Das VooPoo Doric Galaxy Kit bietet ein schlankes Design und ein k\u00f6stliches MTL-Dampferlebnis und ist sowohl praktisch als auch modisch. Seine kompakte Gr\u00f6\u00dfe und einfache Tragbarkeit machen ihn zur perfekten Wahl f\u00fcr alle, die unterwegs sind und ein lang anhaltendes Dampferlebnis w\u00fcnschen.<\/p>\n<p><a href=\"https:\/\/justvape.nu\/wp-content\/uploads\/2018\/05\/Color-Schemes.png\"><img loading=\"lazy\" decoding=\"async\" class=\"alignnone size-full wp-image-19187\" src=\"https:\/\/justvape.nu\/wp-content\/uploads\/2018\/05\/Color-Schemes.png\" alt=\"\" width=\"950\" height=\"64\" title=\"\" srcset=\"https:\/\/justvape.nu\/wp-content\/uploads\/2018\/05\/Color-Schemes.png 950w, https:\/\/justvape.nu\/wp-content\/uploads\/2018\/05\/Color-Schemes-555x37.png 555w, https:\/\/justvape.nu\/wp-content\/uploads\/2018\/05\/Color-Schemes-64x4.png 64w, https:\/\/justvape.nu\/wp-content\/uploads\/2018\/05\/Color-Schemes-300x20.png 300w, https:\/\/justvape.nu\/wp-content\/uploads\/2018\/05\/Color-Schemes-768x52.png 768w\" sizes=\"auto, (max-width: 950px) 100vw, 950px\" \/><\/a><\/p>\n<p class=\"description-img-center\"><a href=\"https:\/\/justvape.nu\/wp-content\/uploads\/2024\/02\/VOOPOO_Doric_Galaxy_Kit_Colors.jpg\"><img loading=\"lazy\" decoding=\"async\" class=\"alignnone wp-image-671201\" src=\"https:\/\/justvape.nu\/wp-content\/uploads\/2024\/02\/VOOPOO_Doric_Galaxy_Kit_Colors.jpg\" alt=\"\" width=\"938\" height=\"469\" title=\"\" srcset=\"https:\/\/justvape.nu\/wp-content\/uploads\/2024\/02\/VOOPOO_Doric_Galaxy_Kit_Colors.jpg 800w, https:\/\/justvape.nu\/wp-content\/uploads\/2024\/02\/VOOPOO_Doric_Galaxy_Kit_Colors-600x300.jpg 600w, https:\/\/justvape.nu\/wp-content\/uploads\/2024\/02\/VOOPOO_Doric_Galaxy_Kit_Colors-64x32.jpg 64w, https:\/\/justvape.nu\/wp-content\/uploads\/2024\/02\/VOOPOO_Doric_Galaxy_Kit_Colors-300x150.jpg 300w, https:\/\/justvape.nu\/wp-content\/uploads\/2024\/02\/VOOPOO_Doric_Galaxy_Kit_Colors-768x384.jpg 768w\" sizes=\"auto, (max-width: 938px) 100vw, 938px\" \/><\/a><\/p>\n<div class=\"shop-features \">\n<h2 class=\"shop-features-title \"><a href=\"https:\/\/justvape.nu\/wp-content\/uploads\/2018\/05\/Specifications.png\"><img loading=\"lazy\" decoding=\"async\" class=\"alignnone size-full wp-image-18993\" src=\"https:\/\/justvape.nu\/wp-content\/uploads\/2018\/05\/Specifications.png\" alt=\"\" width=\"950\" height=\"64\" title=\"\" srcset=\"https:\/\/justvape.nu\/wp-content\/uploads\/2018\/05\/Specifications.png 950w, https:\/\/justvape.nu\/wp-content\/uploads\/2018\/05\/Specifications-555x37.png 555w, https:\/\/justvape.nu\/wp-content\/uploads\/2018\/05\/Specifications-64x4.png 64w, https:\/\/justvape.nu\/wp-content\/uploads\/2018\/05\/Specifications-300x20.png 300w, https:\/\/justvape.nu\/wp-content\/uploads\/2018\/05\/Specifications-768x52.png 768w\" sizes=\"auto, (max-width: 950px) 100vw, 950px\" \/><\/a><\/h2>\n<\/div>\n<table class=\"description-table\">\n<tbody>\n<tr>\n<td class=\"strong-title \">Marke<\/td>\n<td class=\"inline\">VOOPOO<\/td>\n<\/tr>\n<tr>\n<td class=\"strong-title \">Produktname<\/td>\n<td class=\"inline\">Bausatz Doric Galaxy<\/td>\n<\/tr>\n<tr>\n<td class=\"strong-title \">Material<\/td>\n<td class=\"inline\">Aluminium-Legierung + PC<\/td>\n<\/tr>\n<tr>\n<td class=\"strong-title \">Ausgangsleistung<\/td>\n<td class=\"inline\">10W<\/td>\n<\/tr>\n<tr>\n<td class=\"strong-title \">Batteriekapazit\u00e4t<\/td>\n<td class=\"inline\">Stift: Eingebaut 500mAh, Power Bank: Eingebaut 1800mAh<\/td>\n<\/tr>\n<tr>\n<td class=\"strong-title \">Pod-Kapazit\u00e4t<\/td>\n<td class=\"inline\">2ml<\/td>\n<\/tr>\n<tr>\n<td class=\"strong-title \">Ladespannung<\/td>\n<td class=\"inline\">5V\/2A<\/td>\n<\/tr>\n<tr>\n<td class=\"strong-title \">Ladeanschluss<\/td>\n<td class=\"inline\">Typ-C\/Magnetisches kabelloses Aufladen<\/td>\n<\/tr>\n<tr>\n<td class=\"strong-title \">H\u00fclsenmaterial<\/td>\n<td class=\"inline\">PCTG<\/td>\n<\/tr>\n<tr>\n<td class=\"strong-title \">F\u00fcllung Typ<\/td>\n<td class=\"inline\">Seitliche F\u00fcllung<\/td>\n<\/tr>\n<tr>\n<td class=\"strong-title \">Standardpatrone<\/td>\n<td class=\"inline\">Doric Galaxy Kartusche 1.2\u03a9<\/td>\n<\/tr>\n<tr>\n<td class=\"strong-title \">Widerstand<\/td>\n<td class=\"inline\">1.2\u03a9<\/td>\n<\/tr>\n<tr>\n<td class=\"strong-title \">Farbe<\/td>\n<td class=\"inline\">Blau, Blei &amp; Rot, Schwarz, Silber &amp; Wei\u00df<\/td>\n<\/tr>\n<tr>\n<td class=\"strong-title \">Packungsgr\u00f6\u00dfe<\/td>\n<td class=\"inline\">71*144*49mm (1St\u00fcck)<\/td>\n<\/tr>\n<tr>\n<td class=\"strong-title \"><\/td>\n<td class=\"inline\"><\/td>\n<\/tr>\n<\/tbody>\n<\/table>\n<div class=\"shop-features \">\n<h2 class=\"shop-features-title \"><a href=\"https:\/\/justvape.nu\/wp-content\/uploads\/2018\/05\/Features.png\"><img loading=\"lazy\" decoding=\"async\" class=\"alignnone size-full wp-image-248458\" src=\"https:\/\/justvape.nu\/wp-content\/uploads\/2018\/05\/Features.png\" alt=\"\" width=\"950\" height=\"64\" title=\"\" srcset=\"https:\/\/justvape.nu\/wp-content\/uploads\/2018\/05\/Features.png 950w, https:\/\/justvape.nu\/wp-content\/uploads\/2018\/05\/Features-600x40.png 600w, https:\/\/justvape.nu\/wp-content\/uploads\/2018\/05\/Features-64x4.png 64w, https:\/\/justvape.nu\/wp-content\/uploads\/2018\/05\/Features-300x20.png 300w, https:\/\/justvape.nu\/wp-content\/uploads\/2018\/05\/Features-768x52.png 768w\" sizes=\"auto, (max-width: 950px) 100vw, 950px\" \/><\/a><\/h2>\n<\/div>\n<ul>\n<li style=\"list-style-type: none;\">\n<ul>\n<li>1. Pair mit Powerbank, bis zu 100h vaping Zeit<\/li>\n<li>2. Magnetisches drahtloses Laden<\/li>\n<li>3. Grenz\u00fcberschreitende Gestaltung<\/li>\n<li>4. Angetrieben von echtem Geschmack und innovativer Powerbank<\/li>\n<li>5. Methode der doppelten Interaktion<\/li>\n<li>6. LED-Leuchten Interaktion auf Pen&amp;Power Bank<\/li>\n<li>7. Leichte Vibrationsinteraktion<\/li>\n<\/ul>\n<\/li>\n<\/ul>\n<div class=\"img-show-more\">\n<div id=\"img_content_less\" class=\"img-content add-more\">\n<p class=\"description-img-center\"><a href=\"https:\/\/justvape.nu\/wp-content\/uploads\/2024\/02\/VOOPOO_Doric_Galaxy_Kit_Drip_Tip_Specifications.jpg\"><img loading=\"lazy\" decoding=\"async\" class=\"alignnone size-full wp-image-671209\" src=\"https:\/\/justvape.nu\/wp-content\/uploads\/2024\/02\/VOOPOO_Doric_Galaxy_Kit_Drip_Tip_Specifications.jpg\" alt=\"\" width=\"831\" height=\"471\" title=\"\" srcset=\"https:\/\/justvape.nu\/wp-content\/uploads\/2024\/02\/VOOPOO_Doric_Galaxy_Kit_Drip_Tip_Specifications.jpg 831w, https:\/\/justvape.nu\/wp-content\/uploads\/2024\/02\/VOOPOO_Doric_Galaxy_Kit_Drip_Tip_Specifications-600x340.jpg 600w, https:\/\/justvape.nu\/wp-content\/uploads\/2024\/02\/VOOPOO_Doric_Galaxy_Kit_Drip_Tip_Specifications-64x36.jpg 64w, https:\/\/justvape.nu\/wp-content\/uploads\/2024\/02\/VOOPOO_Doric_Galaxy_Kit_Drip_Tip_Specifications-300x170.jpg 300w, https:\/\/justvape.nu\/wp-content\/uploads\/2024\/02\/VOOPOO_Doric_Galaxy_Kit_Drip_Tip_Specifications-768x435.jpg 768w\" sizes=\"auto, (max-width: 831px) 100vw, 831px\" \/><\/a> <a href=\"https:\/\/justvape.nu\/wp-content\/uploads\/2024\/02\/VOOPOO_Doric_Galaxy_Kit_Simplicity.jpg\"><img loading=\"lazy\" decoding=\"async\" class=\"alignnone size-full wp-image-671217\" src=\"https:\/\/justvape.nu\/wp-content\/uploads\/2024\/02\/VOOPOO_Doric_Galaxy_Kit_Simplicity.jpg\" alt=\"\" width=\"831\" height=\"633\" title=\"\" srcset=\"https:\/\/justvape.nu\/wp-content\/uploads\/2024\/02\/VOOPOO_Doric_Galaxy_Kit_Simplicity.jpg 831w, https:\/\/justvape.nu\/wp-content\/uploads\/2024\/02\/VOOPOO_Doric_Galaxy_Kit_Simplicity-600x457.jpg 600w, https:\/\/justvape.nu\/wp-content\/uploads\/2024\/02\/VOOPOO_Doric_Galaxy_Kit_Simplicity-64x49.jpg 64w, https:\/\/justvape.nu\/wp-content\/uploads\/2024\/02\/VOOPOO_Doric_Galaxy_Kit_Simplicity-300x229.jpg 300w, https:\/\/justvape.nu\/wp-content\/uploads\/2024\/02\/VOOPOO_Doric_Galaxy_Kit_Simplicity-768x585.jpg 768w\" sizes=\"auto, (max-width: 831px) 100vw, 831px\" \/><\/a> <a href=\"https:\/\/justvape.nu\/wp-content\/uploads\/2024\/02\/VOOPOO_Doric_Galaxy_Kit_Multiple_Choices.jpg\"><img loading=\"lazy\" decoding=\"async\" class=\"alignnone size-full wp-image-671225\" src=\"https:\/\/justvape.nu\/wp-content\/uploads\/2024\/02\/VOOPOO_Doric_Galaxy_Kit_Multiple_Choices.jpg\" alt=\"\" width=\"831\" height=\"278\" title=\"\" srcset=\"https:\/\/justvape.nu\/wp-content\/uploads\/2024\/02\/VOOPOO_Doric_Galaxy_Kit_Multiple_Choices.jpg 831w, https:\/\/justvape.nu\/wp-content\/uploads\/2024\/02\/VOOPOO_Doric_Galaxy_Kit_Multiple_Choices-600x201.jpg 600w, https:\/\/justvape.nu\/wp-content\/uploads\/2024\/02\/VOOPOO_Doric_Galaxy_Kit_Multiple_Choices-64x21.jpg 64w, https:\/\/justvape.nu\/wp-content\/uploads\/2024\/02\/VOOPOO_Doric_Galaxy_Kit_Multiple_Choices-300x100.jpg 300w, https:\/\/justvape.nu\/wp-content\/uploads\/2024\/02\/VOOPOO_Doric_Galaxy_Kit_Multiple_Choices-768x257.jpg 768w\" sizes=\"auto, (max-width: 831px) 100vw, 831px\" \/><\/a><\/p>\n<p class=\"description-img-center\"><a href=\"https:\/\/justvape.nu\/wp-content\/uploads\/2018\/05\/Packing-List.png\"><img loading=\"lazy\" decoding=\"async\" class=\"alignnone size-full wp-image-18995\" src=\"https:\/\/justvape.nu\/wp-content\/uploads\/2018\/05\/Packing-List.png\" alt=\"\" width=\"950\" height=\"64\" title=\"\" srcset=\"https:\/\/justvape.nu\/wp-content\/uploads\/2018\/05\/Packing-List.png 950w, https:\/\/justvape.nu\/wp-content\/uploads\/2018\/05\/Packing-List-555x37.png 555w, https:\/\/justvape.nu\/wp-content\/uploads\/2018\/05\/Packing-List-64x4.png 64w, https:\/\/justvape.nu\/wp-content\/uploads\/2018\/05\/Packing-List-300x20.png 300w, https:\/\/justvape.nu\/wp-content\/uploads\/2018\/05\/Packing-List-768x52.png 768w\" sizes=\"auto, (max-width: 950px) 100vw, 950px\" \/><\/a><\/p>\n<\/div>\n<\/div>\n<p>1* Doric Galaxy Power Bank<br \/>\n1* Doric Galaxy-Stift<br \/>\n1* Doric Galaxy Kartusche 1.2\u03a9 (2ml, vorinstalliert)<br \/>\n1* POM Drip Tip (vorinstalliert)<br \/>\n3* Filter Tropfspitze<br \/>\n1* Typ-C Kabel<br \/>\n1 * Benutzerhandbuch<\/p>\n<p class=\"description-img-center \"><a href=\"https:\/\/justvape.nu\/wp-content\/uploads\/2024\/02\/VOOPOO_Doric_Galaxy_Kit_with_Power_Bank_Packing_List.jpg\"><img loading=\"lazy\" decoding=\"async\" class=\"alignnone size-full wp-image-671233\" src=\"https:\/\/justvape.nu\/wp-content\/uploads\/2024\/02\/VOOPOO_Doric_Galaxy_Kit_with_Power_Bank_Packing_List.jpg\" alt=\"\" width=\"831\" height=\"299\" title=\"\" srcset=\"https:\/\/justvape.nu\/wp-content\/uploads\/2024\/02\/VOOPOO_Doric_Galaxy_Kit_with_Power_Bank_Packing_List.jpg 831w, https:\/\/justvape.nu\/wp-content\/uploads\/2024\/02\/VOOPOO_Doric_Galaxy_Kit_with_Power_Bank_Packing_List-600x216.jpg 600w, https:\/\/justvape.nu\/wp-content\/uploads\/2024\/02\/VOOPOO_Doric_Galaxy_Kit_with_Power_Bank_Packing_List-64x23.jpg 64w, https:\/\/justvape.nu\/wp-content\/uploads\/2024\/02\/VOOPOO_Doric_Galaxy_Kit_with_Power_Bank_Packing_List-300x108.jpg 300w, https:\/\/justvape.nu\/wp-content\/uploads\/2024\/02\/VOOPOO_Doric_Galaxy_Kit_with_Power_Bank_Packing_List-768x276.jpg 768w\" sizes=\"auto, (max-width: 831px) 100vw, 831px\" \/><\/a><\/p>\n","protected":false},"excerpt":{"rendered":"<p>VOOPOO &#8211; DORIC GALAXY VAPE KIT<\/p>\n","protected":false},"featured_media":671248,"comment_status":"open","ping_status":"closed","template":"","meta":{"_acf_changed":false,"_uag_custom_page_level_css":"","site-sidebar-layout":"default","site-content-layout":"","ast-site-content-layout":"default","site-content-style":"default","site-sidebar-style":"default","ast-global-header-display":"","ast-banner-title-visibility":"","ast-main-header-display":"","ast-hfb-above-header-display":"","ast-hfb-below-header-display":"","ast-hfb-mobile-header-display":"","site-post-title":"","ast-breadcrumbs-content":"","ast-featured-img":"","footer-sml-layout":"","ast-disable-related-posts":"","theme-transparent-header-meta":"default","adv-header-id-meta":"","stick-header-meta":"default","header-above-stick-meta":"","header-main-stick-meta":"","header-below-stick-meta":"","astra-migrate-meta-layouts":"default","ast-page-background-enabled":"default","ast-page-background-meta":{"desktop":{"background-color":"","background-image":"","background-repeat":"repeat","background-position":"center center","background-size":"auto","background-attachment":"scroll","background-type":"","background-media":"","overlay-type":"","overlay-color":"","overlay-opacity":"","overlay-gradient":""},"tablet":{"background-color":"","background-image":"","background-repeat":"repeat","background-position":"center center","background-size":"auto","background-attachment":"scroll","background-type":"","background-media":"","overlay-type":"","overlay-color":"","overlay-opacity":"","overlay-gradient":""},"mobile":{"background-color":"","background-image":"","background-repeat":"repeat","background-position":"center center","background-size":"auto","background-attachment":"scroll","background-type":"","background-media":"","overlay-type":"","overlay-color":"","overlay-opacity":"","overlay-gradient":""}},"ast-content-background-meta":{"desktop":{"background-color":"var(--ast-global-color-5)","background-image":"","background-repeat":"repeat","background-position":"center center","background-size":"auto","background-attachment":"scroll","background-type":"","background-media":"","overlay-type":"","overlay-color":"","overlay-opacity":"","overlay-gradient":""},"tablet":{"background-color":"var(--ast-global-color-5)","background-image":"","background-repeat":"repeat","background-position":"center center","background-size":"auto","background-attachment":"scroll","background-type":"","background-media":"","overlay-type":"","overlay-color":"","overlay-opacity":"","overlay-gradient":""},"mobile":{"background-color":"var(--ast-global-color-5)","background-image":"","background-repeat":"repeat","background-position":"center center","background-size":"auto","background-attachment":"scroll","background-type":"","background-media":"","overlay-type":"","overlay-color":"","overlay-opacity":"","overlay-gradient":""}}},"product_brand":[],"product_cat":[2077,2067,2511,1868,2512,2513],"product_tag":[],"class_list":{"0":"post-671521","1":"product","2":"type-product","3":"status-publish","4":"has-post-thumbnail","6":"product_cat-anfaenger-kits-pods","7":"product_cat-e-zigaretten","8":"product_cat-hardware-de","9":"product_cat-new-products-de","10":"product_cat-shop-by-brand-de","11":"product_cat-voopoo-de","12":"desktop-align-center","13":"tablet-align-center","14":"mobile-align-center","15":"ast-product-gallery-layout-horizontal-slider","16":"ast-product-single-variable","17":"ast-product-tabs-layout-horizontal","19":"first","20":"instock","21":"sale","22":"taxable","23":"shipping-taxable","24":"purchasable","25":"product-type-variable"},"acf":[],"uagb_featured_image_src":{"full":["https:\/\/justvape.nu\/wp-content\/uploads\/2024\/02\/3kFZZgE5.jpeg",600,600,false],"thumbnail":["https:\/\/justvape.nu\/wp-content\/uploads\/2024\/02\/3kFZZgE5-150x150.jpeg",150,150,true],"medium":["https:\/\/justvape.nu\/wp-content\/uploads\/2024\/02\/3kFZZgE5-300x300.jpeg",300,300,true],"medium_large":["https:\/\/justvape.nu\/wp-content\/uploads\/2024\/02\/3kFZZgE5.jpeg",600,600,false],"large":["https:\/\/justvape.nu\/wp-content\/uploads\/2024\/02\/3kFZZgE5.jpeg",600,600,false],"1536x1536":["https:\/\/justvape.nu\/wp-content\/uploads\/2024\/02\/3kFZZgE5.jpeg",600,600,false],"2048x2048":["https:\/\/justvape.nu\/wp-content\/uploads\/2024\/02\/3kFZZgE5.jpeg",600,600,false],"woocommerce_thumbnail":["https:\/\/justvape.nu\/wp-content\/uploads\/2024\/02\/3kFZZgE5-300x300.jpeg",300,300,true],"woocommerce_single":["https:\/\/justvape.nu\/wp-content\/uploads\/2024\/02\/3kFZZgE5.jpeg",600,600,false],"woocommerce_gallery_thumbnail":["https:\/\/justvape.nu\/wp-content\/uploads\/2024\/02\/3kFZZgE5-100x100.jpeg",100,100,true],"dgwt-wcas-product-suggestion":["https:\/\/justvape.nu\/wp-content\/uploads\/2024\/02\/3kFZZgE5-64x64.jpeg",64,64,true]},"uagb_author_info":{"display_name":"Kenneth Merkur","author_link":"https:\/\/justvape.nu\/de\/author\/"},"uagb_comment_info":0,"uagb_excerpt":"VOOPOO - DORIC GALAXY VAPE KIT","_links":{"self":[{"href":"https:\/\/justvape.nu\/de\/wp-json\/wp\/v2\/product\/671521","targetHints":{"allow":["GET"]}}],"collection":[{"href":"https:\/\/justvape.nu\/de\/wp-json\/wp\/v2\/product"}],"about":[{"href":"https:\/\/justvape.nu\/de\/wp-json\/wp\/v2\/types\/product"}],"replies":[{"embeddable":true,"href":"https:\/\/justvape.nu\/de\/wp-json\/wp\/v2\/comments?post=671521"}],"wp:featuredmedia":[{"embeddable":true,"href":"https:\/\/justvape.nu\/de\/wp-json\/wp\/v2\/media\/671248"}],"wp:attachment":[{"href":"https:\/\/justvape.nu\/de\/wp-json\/wp\/v2\/media?parent=671521"}],"wp:term":[{"taxonomy":"product_brand","embeddable":true,"href":"https:\/\/justvape.nu\/de\/wp-json\/wp\/v2\/product_brand?post=671521"},{"taxonomy":"product_cat","embeddable":true,"href":"https:\/\/justvape.nu\/de\/wp-json\/wp\/v2\/product_cat?post=671521"},{"taxonomy":"product_tag","embeddable":true,"href":"https:\/\/justvape.nu\/de\/wp-json\/wp\/v2\/product_tag?post=671521"}],"curies":[{"name":"wp","href":"https:\/\/api.w.org\/{rel}","templated":true}]}}