{"id":670532,"date":"2024-02-04T11:36:59","date_gmt":"2024-02-04T10:36:59","guid":{"rendered":"https:\/\/justvape.nu\/produkt\/aspire-veynom-ex-kit\/"},"modified":"2024-11-18T00:07:17","modified_gmt":"2024-11-17T23:07:17","slug":"aspire-veynom-ex-kit","status":"publish","type":"product","link":"https:\/\/justvape.nu\/de\/produkt\/aspire-veynom-ex-kit\/","title":{"rendered":"ASPIRE &#8211; VEYNOM EX KIT"},"content":{"rendered":"<h2>ASPIRE &#8211; VEYNOM EX KIT<\/h2>\n<p>Erleben Sie die ultimative Perfektion beim Dampfen mit dem Veynom EX. Dieses fachm\u00e4nnisch gefertigte Ger\u00e4t kombiniert nahtlos klassisches Design mit modernster Technologie und bietet eine anpassbare Beleuchtung, vielseitige Verdampfungsmodi, erstklassige Sicherheitsfunktionen und luxuri\u00f6se Materialien. W\u00e4hlen Sie zwischen drei verschiedenen Stromquellen &#8211; 18650, 20700 oder 21700 externe Batterien &#8211; je nach Ihrem Geschmack. Und mit der schnellen Typ-C 2A-Ladung ist Ihr Veynom in k\u00fcrzester Zeit wieder voll einsatzbereit.<\/p>\n<p><a href=\"https:\/\/justvape.nu\/wp-content\/uploads\/2018\/05\/Color-Schemes.png\"><img loading=\"lazy\" decoding=\"async\" class=\"alignnone size-full wp-image-19187\" src=\"https:\/\/justvape.nu\/wp-content\/uploads\/2018\/05\/Color-Schemes.png\" alt=\"\" width=\"950\" height=\"64\" title=\"\" srcset=\"https:\/\/justvape.nu\/wp-content\/uploads\/2018\/05\/Color-Schemes.png 950w, https:\/\/justvape.nu\/wp-content\/uploads\/2018\/05\/Color-Schemes-555x37.png 555w, https:\/\/justvape.nu\/wp-content\/uploads\/2018\/05\/Color-Schemes-64x4.png 64w, https:\/\/justvape.nu\/wp-content\/uploads\/2018\/05\/Color-Schemes-300x20.png 300w, https:\/\/justvape.nu\/wp-content\/uploads\/2018\/05\/Color-Schemes-768x52.png 768w\" sizes=\"auto, (max-width: 950px) 100vw, 950px\" \/><\/a><\/p>\n<p><a href=\"https:\/\/justvape.nu\/wp-content\/uploads\/2024\/02\/kit-pod-veynom-ex-100w-aspire-1-e1707042689622.jpg\"><img loading=\"lazy\" decoding=\"async\" class=\"alignnone wp-image-670432\" src=\"https:\/\/justvape.nu\/wp-content\/uploads\/2024\/02\/kit-pod-veynom-ex-100w-aspire-1-e1707042689622.jpg\" alt=\"\" width=\"939\" height=\"509\" title=\"\" srcset=\"https:\/\/justvape.nu\/wp-content\/uploads\/2024\/02\/kit-pod-veynom-ex-100w-aspire-1-e1707042689622.jpg 646w, https:\/\/justvape.nu\/wp-content\/uploads\/2024\/02\/kit-pod-veynom-ex-100w-aspire-1-e1707042689622-600x325.jpg 600w, https:\/\/justvape.nu\/wp-content\/uploads\/2024\/02\/kit-pod-veynom-ex-100w-aspire-1-e1707042689622-64x35.jpg 64w, https:\/\/justvape.nu\/wp-content\/uploads\/2024\/02\/kit-pod-veynom-ex-100w-aspire-1-e1707042689622-300x163.jpg 300w\" sizes=\"auto, (max-width: 939px) 100vw, 939px\" \/><\/a><\/p>\n<h3 class=\"fusion-responsive-typography-calculated\" data-fontsize=\"18\" data-lineheight=\"21.6px\"><a href=\"https:\/\/justvape.nu\/wp-content\/uploads\/2021\/06\/Specifications1.png\"><img loading=\"lazy\" decoding=\"async\" class=\"alignnone size-full wp-image-390997\" src=\"https:\/\/justvape.nu\/wp-content\/uploads\/2021\/06\/Specifications1.png\" alt=\"\" width=\"950\" height=\"64\" title=\"\" srcset=\"https:\/\/justvape.nu\/wp-content\/uploads\/2021\/06\/Specifications1.png 950w, https:\/\/justvape.nu\/wp-content\/uploads\/2021\/06\/Specifications1-600x40.png 600w, https:\/\/justvape.nu\/wp-content\/uploads\/2021\/06\/Specifications1-64x4.png 64w, https:\/\/justvape.nu\/wp-content\/uploads\/2021\/06\/Specifications1-300x20.png 300w, https:\/\/justvape.nu\/wp-content\/uploads\/2021\/06\/Specifications1-768x52.png 768w\" sizes=\"auto, (max-width: 950px) 100vw, 950px\" \/><\/a><\/h3>\n<ul>\n<li>Batteriekompatibilit\u00e4t: 18650\/20700\/21700 (nicht im Lieferumfang enthalten)<\/li>\n<li>Ausgangsmodi: Auto, variable Leistung\/Spannung, Bypass, Temperaturregelung, Leistungskurve<\/li>\n<li>Ausgangsleistung: 1 &#8211; 100W<\/li>\n<li>Bildschirm: 0.96\u2033 TFT Farbe<\/li>\n<li>Aufladen: Eingebauter Typ-C, 2A (Externe Batterien k\u00f6nnen mit einem externen Ladeger\u00e4t aufgeladen werden)<\/li>\n<li>Abmessungen: 138.5 * 29 * 35.5mm<\/li>\n<li>Gewicht: 172g<\/li>\n<li>Pod Kapazit\u00e4t: 2ml<\/li>\n<li>E-Liquid-Abf\u00fcllung: Schraube-zu-\u00f6ffnen oben f\u00fcllen<\/li>\n<li>Luftstrom: Drehen Sie die H\u00fclse zu justieren<\/li>\n<li>Spule Kompatibilit\u00e4t: Aspire BP Serie<\/li>\n<\/ul>\n<h2 class=\"fusion-responsive-typography-calculated\" data-fontsize=\"35\" data-lineheight=\"42px\"><a href=\"https:\/\/justvape.nu\/wp-content\/uploads\/2018\/05\/Features.png\"><img loading=\"lazy\" decoding=\"async\" class=\"alignnone size-full wp-image-248458\" src=\"https:\/\/justvape.nu\/wp-content\/uploads\/2018\/05\/Features.png\" alt=\"\" width=\"950\" height=\"64\" title=\"\" srcset=\"https:\/\/justvape.nu\/wp-content\/uploads\/2018\/05\/Features.png 950w, https:\/\/justvape.nu\/wp-content\/uploads\/2018\/05\/Features-600x40.png 600w, https:\/\/justvape.nu\/wp-content\/uploads\/2018\/05\/Features-64x4.png 64w, https:\/\/justvape.nu\/wp-content\/uploads\/2018\/05\/Features-300x20.png 300w, https:\/\/justvape.nu\/wp-content\/uploads\/2018\/05\/Features-768x52.png 768w\" sizes=\"auto, (max-width: 950px) 100vw, 950px\" \/><\/a><\/h2>\n<ul>\n<li>8 Farben zur Auswahl<\/li>\n<li>Einstellbarer Luftstrom<\/li>\n<li>Auslaufsichere Pod-Konstruktion mit Top-Fill<\/li>\n<li>Hochwertige Materialien<\/li>\n<li>6 Lichteffekte<\/li>\n<li>Kompatibel mit 3 Batteriegr\u00f6\u00dfen<\/li>\n<li>MTL\/DTL\/RDL-Modi verf\u00fcgbar<\/li>\n<\/ul>\n<p><a href=\"https:\/\/justvape.nu\/wp-content\/uploads\/2018\/05\/Packing-List.png\"><img loading=\"lazy\" decoding=\"async\" class=\"alignnone size-full wp-image-248468\" src=\"https:\/\/justvape.nu\/wp-content\/uploads\/2018\/05\/Packing-List.png\" alt=\"\" width=\"950\" height=\"64\" title=\"\" srcset=\"https:\/\/justvape.nu\/wp-content\/uploads\/2018\/05\/Packing-List.png 950w, https:\/\/justvape.nu\/wp-content\/uploads\/2018\/05\/Packing-List-600x40.png 600w, https:\/\/justvape.nu\/wp-content\/uploads\/2018\/05\/Packing-List-64x4.png 64w, https:\/\/justvape.nu\/wp-content\/uploads\/2018\/05\/Packing-List-300x20.png 300w, https:\/\/justvape.nu\/wp-content\/uploads\/2018\/05\/Packing-List-768x52.png 768w\" sizes=\"auto, (max-width: 950px) 100vw, 950px\" \/><\/a><\/p>\n<ul>\n<li>1 x Aspire Veynom EX Ger\u00e4t<\/li>\n<li>1 x Aaspire Veynom Pod 2ml<\/li>\n<li>1 x Aspire BP 0.15\u03a9 Spule<\/li>\n<li>1 x Aspire BP 0.3\u03a9 COil<\/li>\n<li>1 x Akku-Adapterh\u00fclse<\/li>\n<li>1 x Benutzerhandbuch<\/li>\n<li>1 x USBC-C-Ladekabel<\/li>\n<\/ul>\n","protected":false},"excerpt":{"rendered":"<p>ASPIRE &#8211; VEYNOM EX KIT<\/p>\n","protected":false},"featured_media":670443,"comment_status":"open","ping_status":"closed","template":"","meta":{"_acf_changed":false,"_uag_custom_page_level_css":"","site-sidebar-layout":"default","site-content-layout":"","ast-site-content-layout":"default","site-content-style":"default","site-sidebar-style":"default","ast-global-header-display":"","ast-banner-title-visibility":"","ast-main-header-display":"","ast-hfb-above-header-display":"","ast-hfb-below-header-display":"","ast-hfb-mobile-header-display":"","site-post-title":"","ast-breadcrumbs-content":"","ast-featured-img":"","footer-sml-layout":"","ast-disable-related-posts":"","theme-transparent-header-meta":"default","adv-header-id-meta":"","stick-header-meta":"default","header-above-stick-meta":"","header-main-stick-meta":"","header-below-stick-meta":"","astra-migrate-meta-layouts":"default","ast-page-background-enabled":"default","ast-page-background-meta":{"desktop":{"background-color":"","background-image":"","background-repeat":"repeat","background-position":"center center","background-size":"auto","background-attachment":"scroll","background-type":"","background-media":"","overlay-type":"","overlay-color":"","overlay-opacity":"","overlay-gradient":""},"tablet":{"background-color":"","background-image":"","background-repeat":"repeat","background-position":"center center","background-size":"auto","background-attachment":"scroll","background-type":"","background-media":"","overlay-type":"","overlay-color":"","overlay-opacity":"","overlay-gradient":""},"mobile":{"background-color":"","background-image":"","background-repeat":"repeat","background-position":"center center","background-size":"auto","background-attachment":"scroll","background-type":"","background-media":"","overlay-type":"","overlay-color":"","overlay-opacity":"","overlay-gradient":""}},"ast-content-background-meta":{"desktop":{"background-color":"var(--ast-global-color-5)","background-image":"","background-repeat":"repeat","background-position":"center center","background-size":"auto","background-attachment":"scroll","background-type":"","background-media":"","overlay-type":"","overlay-color":"","overlay-opacity":"","overlay-gradient":""},"tablet":{"background-color":"var(--ast-global-color-5)","background-image":"","background-repeat":"repeat","background-position":"center center","background-size":"auto","background-attachment":"scroll","background-type":"","background-media":"","overlay-type":"","overlay-color":"","overlay-opacity":"","overlay-gradient":""},"mobile":{"background-color":"var(--ast-global-color-5)","background-image":"","background-repeat":"repeat","background-position":"center center","background-size":"auto","background-attachment":"scroll","background-type":"","background-media":"","overlay-type":"","overlay-color":"","overlay-opacity":"","overlay-gradient":""}}},"product_brand":[],"product_cat":[2067,2511,1868,2512,3187,2140],"product_tag":[],"class_list":{"0":"post-670532","1":"product","2":"type-product","3":"status-publish","4":"has-post-thumbnail","6":"product_cat-e-zigaretten","7":"product_cat-hardware-de","8":"product_cat-new-products-de","9":"product_cat-shop-by-brand-de","10":"product_cat-streben","11":"product_cat-sub-ohm-kits-de","12":"desktop-align-center","13":"tablet-align-center","14":"mobile-align-center","15":"ast-product-gallery-layout-horizontal-slider","16":"ast-product-gallery-with-no-image","17":"ast-product-single-variable","18":"ast-product-tabs-layout-horizontal","20":"first","21":"instock","22":"sale","23":"featured","24":"taxable","25":"shipping-taxable","26":"purchasable","27":"product-type-variable"},"acf":[],"uagb_featured_image_src":{"full":["https:\/\/justvape.nu\/wp-content\/uploads\/2024\/02\/VEYNOM-EX-KIT-COMPLETO-ASPIRE.jpg",800,800,false],"thumbnail":["https:\/\/justvape.nu\/wp-content\/uploads\/2024\/02\/VEYNOM-EX-KIT-COMPLETO-ASPIRE-150x150.jpg",150,150,true],"medium":["https:\/\/justvape.nu\/wp-content\/uploads\/2024\/02\/VEYNOM-EX-KIT-COMPLETO-ASPIRE-300x300.jpg",300,300,true],"medium_large":["https:\/\/justvape.nu\/wp-content\/uploads\/2024\/02\/VEYNOM-EX-KIT-COMPLETO-ASPIRE-768x768.jpg",768,768,true],"large":["https:\/\/justvape.nu\/wp-content\/uploads\/2024\/02\/VEYNOM-EX-KIT-COMPLETO-ASPIRE.jpg",800,800,false],"1536x1536":["https:\/\/justvape.nu\/wp-content\/uploads\/2024\/02\/VEYNOM-EX-KIT-COMPLETO-ASPIRE.jpg",800,800,false],"2048x2048":["https:\/\/justvape.nu\/wp-content\/uploads\/2024\/02\/VEYNOM-EX-KIT-COMPLETO-ASPIRE.jpg",800,800,false],"woocommerce_thumbnail":["https:\/\/justvape.nu\/wp-content\/uploads\/2024\/02\/VEYNOM-EX-KIT-COMPLETO-ASPIRE-300x300.jpg",300,300,true],"woocommerce_single":["https:\/\/justvape.nu\/wp-content\/uploads\/2024\/02\/VEYNOM-EX-KIT-COMPLETO-ASPIRE-600x600.jpg",600,600,true],"woocommerce_gallery_thumbnail":["https:\/\/justvape.nu\/wp-content\/uploads\/2024\/02\/VEYNOM-EX-KIT-COMPLETO-ASPIRE-100x100.jpg",100,100,true],"dgwt-wcas-product-suggestion":["https:\/\/justvape.nu\/wp-content\/uploads\/2024\/02\/VEYNOM-EX-KIT-COMPLETO-ASPIRE-64x64.jpg",64,64,true]},"uagb_author_info":{"display_name":"Kenneth Merkur","author_link":"https:\/\/justvape.nu\/de\/author\/"},"uagb_comment_info":0,"uagb_excerpt":"ASPIRE - VEYNOM EX KIT","_links":{"self":[{"href":"https:\/\/justvape.nu\/de\/wp-json\/wp\/v2\/product\/670532","targetHints":{"allow":["GET"]}}],"collection":[{"href":"https:\/\/justvape.nu\/de\/wp-json\/wp\/v2\/product"}],"about":[{"href":"https:\/\/justvape.nu\/de\/wp-json\/wp\/v2\/types\/product"}],"replies":[{"embeddable":true,"href":"https:\/\/justvape.nu\/de\/wp-json\/wp\/v2\/comments?post=670532"}],"wp:featuredmedia":[{"embeddable":true,"href":"https:\/\/justvape.nu\/de\/wp-json\/wp\/v2\/media\/670443"}],"wp:attachment":[{"href":"https:\/\/justvape.nu\/de\/wp-json\/wp\/v2\/media?parent=670532"}],"wp:term":[{"taxonomy":"product_brand","embeddable":true,"href":"https:\/\/justvape.nu\/de\/wp-json\/wp\/v2\/product_brand?post=670532"},{"taxonomy":"product_cat","embeddable":true,"href":"https:\/\/justvape.nu\/de\/wp-json\/wp\/v2\/product_cat?post=670532"},{"taxonomy":"product_tag","embeddable":true,"href":"https:\/\/justvape.nu\/de\/wp-json\/wp\/v2\/product_tag?post=670532"}],"curies":[{"name":"wp","href":"https:\/\/api.w.org\/{rel}","templated":true}]}}