{"id":669819,"date":"2024-02-01T09:28:31","date_gmt":"2024-02-01T08:28:31","guid":{"rendered":"https:\/\/justvape.nu\/produkt\/innokin-klypse-zip-kit\/"},"modified":"2024-07-28T12:21:47","modified_gmt":"2024-07-28T10:21:47","slug":"innokin-klypse-zip-kit","status":"publish","type":"product","link":"https:\/\/justvape.nu\/de\/produkt\/innokin-klypse-zip-kit\/","title":{"rendered":"INNOKIN &#8211; KLYPSE ZIP KIT"},"content":{"rendered":"<h2>INNOKIN &#8211; KLYPSE ZIP KIT<\/h2>\n<p>Das Innokin Klypse Zip Vape Kit ist eine ideale Option f\u00fcr Vaper jeder Erfahrungsstufe. Der eingebaute 650-mAh-Akku sorgt daf\u00fcr, dass Sie lange durchhalten, bevor er wieder aufgeladen werden muss. Das Design ist von Feuerzeugen inspiriert und enth\u00e4lt eine Mundst\u00fcckabdeckung, die das Mundst\u00fcck vor Staub und Schmutz sch\u00fctzt. Und dank seiner kompakten Bauweise passt er problemlos in Ihre Tasche. Um Ihnen den Einstieg zu erleichtern, enth\u00e4lt jedes Kit einen nachf\u00fcllbaren Pod und eine eingebaute 1,2 Ohm Mesh-Spule, die f\u00fcr das MTL-Inhalieren (Mouth To Lung) ausgelegt ist.<\/p>\n<p><a href=\"https:\/\/justvape.nu\/wp-content\/uploads\/2018\/05\/Color-Schemes.png\"><img loading=\"lazy\" decoding=\"async\" class=\"alignnone size-full wp-image-19187\" src=\"https:\/\/justvape.nu\/wp-content\/uploads\/2018\/05\/Color-Schemes.png\" alt=\"\" width=\"950\" height=\"64\" title=\"\" srcset=\"https:\/\/justvape.nu\/wp-content\/uploads\/2018\/05\/Color-Schemes.png 950w, https:\/\/justvape.nu\/wp-content\/uploads\/2018\/05\/Color-Schemes-555x37.png 555w, https:\/\/justvape.nu\/wp-content\/uploads\/2018\/05\/Color-Schemes-64x4.png 64w, https:\/\/justvape.nu\/wp-content\/uploads\/2018\/05\/Color-Schemes-300x20.png 300w, https:\/\/justvape.nu\/wp-content\/uploads\/2018\/05\/Color-Schemes-768x52.png 768w\" sizes=\"auto, (max-width: 950px) 100vw, 950px\" \/><\/a><\/p>\n<p class=\"description-img-center\"><a href=\"https:\/\/justvape.nu\/wp-content\/uploads\/2024\/02\/Innokin_Klypse_Zip_Kit_Colors.jpg\"><img loading=\"lazy\" decoding=\"async\" class=\"alignnone size-full wp-image-669676\" src=\"https:\/\/justvape.nu\/wp-content\/uploads\/2024\/02\/Innokin_Klypse_Zip_Kit_Colors.jpg\" alt=\"\" width=\"800\" height=\"632\" title=\"\" srcset=\"https:\/\/justvape.nu\/wp-content\/uploads\/2024\/02\/Innokin_Klypse_Zip_Kit_Colors.jpg 800w, https:\/\/justvape.nu\/wp-content\/uploads\/2024\/02\/Innokin_Klypse_Zip_Kit_Colors-600x474.jpg 600w, https:\/\/justvape.nu\/wp-content\/uploads\/2024\/02\/Innokin_Klypse_Zip_Kit_Colors-64x51.jpg 64w, https:\/\/justvape.nu\/wp-content\/uploads\/2024\/02\/Innokin_Klypse_Zip_Kit_Colors-300x237.jpg 300w, https:\/\/justvape.nu\/wp-content\/uploads\/2024\/02\/Innokin_Klypse_Zip_Kit_Colors-768x607.jpg 768w\" sizes=\"auto, (max-width: 800px) 100vw, 800px\" \/><\/a><\/p>\n<div class=\"shop-features \">\n<h2 class=\"shop-features-title \"><a href=\"https:\/\/justvape.nu\/wp-content\/uploads\/2018\/05\/Specifications.png\"><img loading=\"lazy\" decoding=\"async\" class=\"alignnone size-full wp-image-248449\" src=\"https:\/\/justvape.nu\/wp-content\/uploads\/2018\/05\/Specifications.png\" alt=\"\" width=\"950\" height=\"64\" title=\"\" srcset=\"https:\/\/justvape.nu\/wp-content\/uploads\/2018\/05\/Specifications.png 950w, https:\/\/justvape.nu\/wp-content\/uploads\/2018\/05\/Specifications-600x40.png 600w, https:\/\/justvape.nu\/wp-content\/uploads\/2018\/05\/Specifications-64x4.png 64w, https:\/\/justvape.nu\/wp-content\/uploads\/2018\/05\/Specifications-300x20.png 300w, https:\/\/justvape.nu\/wp-content\/uploads\/2018\/05\/Specifications-768x52.png 768w\" sizes=\"auto, (max-width: 950px) 100vw, 950px\" \/><\/a><\/h2>\n<\/div>\n<table class=\"description-table\">\n<tbody>\n<tr>\n<td class=\"strong-title \">Marke<\/td>\n<td class=\"inline\">Innokin<\/td>\n<\/tr>\n<tr>\n<td class=\"strong-title \">Produktname<\/td>\n<td class=\"inline\">Klypse Zip Pod Kit<\/td>\n<\/tr>\n<tr>\n<td class=\"strong-title \">Ger\u00e4t Abmessungen<\/td>\n<td class=\"inline\">67,8*44,5*17,0mm<\/td>\n<\/tr>\n<tr>\n<td class=\"strong-title \">Material des Geh\u00e4uses<\/td>\n<td class=\"inline\">Aluminiumlegierung und Kunststoff<\/td>\n<\/tr>\n<tr>\n<td class=\"strong-title \">Batterie<\/td>\n<td class=\"inline\">650mAh<\/td>\n<\/tr>\n<tr>\n<td class=\"strong-title \">Min\/Max Wattleistung<\/td>\n<td class=\"inline\">14.5W (0.8ohm Pod)\/10.0W (1.2ohm Pod)<\/td>\n<\/tr>\n<tr>\n<td class=\"strong-title \">Min\/Max Spannung<\/td>\n<td class=\"inline\">3.4V<\/td>\n<\/tr>\n<tr>\n<td class=\"strong-title \">Ladestrom<\/td>\n<td class=\"inline\">750mAh\/DC 5.0V<\/td>\n<\/tr>\n<tr>\n<td class=\"strong-title \">Kapazit\u00e4t<\/td>\n<td class=\"inline\">2ml<\/td>\n<\/tr>\n<tr>\n<td class=\"strong-title \">Pod-kompatibel<\/td>\n<td class=\"inline\">Klypse Pod 0.8ohm\/1.2ohm, 1.7ohm Klypse C1 vorgef\u00fcllte Pods<\/td>\n<\/tr>\n<tr>\n<td class=\"strong-title \">Farbe<\/td>\n<td class=\"inline\">Scharlachrot, Mint, Indigo, Anthrazit, Err\u00f6ten, Lila, Perle, Graphit<\/td>\n<\/tr>\n<\/tbody>\n<\/table>\n<div class=\"shop-features \">\n<h2 class=\"shop-features-title \"><a href=\"https:\/\/justvape.nu\/wp-content\/uploads\/2018\/05\/Features.png\"><img loading=\"lazy\" decoding=\"async\" class=\"alignnone size-full wp-image-248458\" src=\"https:\/\/justvape.nu\/wp-content\/uploads\/2018\/05\/Features.png\" alt=\"\" width=\"950\" height=\"64\" title=\"\" srcset=\"https:\/\/justvape.nu\/wp-content\/uploads\/2018\/05\/Features.png 950w, https:\/\/justvape.nu\/wp-content\/uploads\/2018\/05\/Features-600x40.png 600w, https:\/\/justvape.nu\/wp-content\/uploads\/2018\/05\/Features-64x4.png 64w, https:\/\/justvape.nu\/wp-content\/uploads\/2018\/05\/Features-300x20.png 300w, https:\/\/justvape.nu\/wp-content\/uploads\/2018\/05\/Features-768x52.png 768w\" sizes=\"auto, (max-width: 950px) 100vw, 950px\" \/><\/a><\/h2>\n<\/div>\n<ul>\n<li style=\"list-style-type: none;\">\n<ul>\n<li>1. Staubschutzkappe sichern<\/li>\n<li>2. Kosteng\u00fcnstig<\/li>\n<li>3. Der neue 1.2ohm Pod verl\u00e4ngert die Lebensdauer von Batterie und Spule<\/li>\n<li>4. 650mAh Akku<\/li>\n<li>5. Design des Schl\u00fcsselbands<\/li>\n<li>6. Ultrakompaktes Design, Taschenformat<\/li>\n<li>7. LED-Stromanzeige<\/li>\n<li>8. Sch\u00f6ne satinierte Oberfl\u00e4che und ergonomische Form<\/li>\n<\/ul>\n<\/li>\n<\/ul>\n<div class=\"img-show-more\">\n<div id=\"img_content_less\" class=\"img-content add-more\">\n<p class=\"description-img-center\"><a href=\"https:\/\/justvape.nu\/wp-content\/uploads\/2024\/02\/Innokin_Klypse_Zip_Kit_Compact.jpg\"><img loading=\"lazy\" decoding=\"async\" class=\"alignnone size-full wp-image-669692\" src=\"https:\/\/justvape.nu\/wp-content\/uploads\/2024\/02\/Innokin_Klypse_Zip_Kit_Compact.jpg\" alt=\"\" width=\"831\" height=\"336\" title=\"\" srcset=\"https:\/\/justvape.nu\/wp-content\/uploads\/2024\/02\/Innokin_Klypse_Zip_Kit_Compact.jpg 831w, https:\/\/justvape.nu\/wp-content\/uploads\/2024\/02\/Innokin_Klypse_Zip_Kit_Compact-600x243.jpg 600w, https:\/\/justvape.nu\/wp-content\/uploads\/2024\/02\/Innokin_Klypse_Zip_Kit_Compact-64x26.jpg 64w, https:\/\/justvape.nu\/wp-content\/uploads\/2024\/02\/Innokin_Klypse_Zip_Kit_Compact-300x121.jpg 300w, https:\/\/justvape.nu\/wp-content\/uploads\/2024\/02\/Innokin_Klypse_Zip_Kit_Compact-768x311.jpg 768w\" sizes=\"auto, (max-width: 831px) 100vw, 831px\" \/><\/a>  <a href=\"https:\/\/justvape.nu\/wp-content\/uploads\/2024\/02\/Innokin_Klypse_Zip_Kit_Dustproof_Cap.jpg\"><img loading=\"lazy\" decoding=\"async\" class=\"alignnone size-full wp-image-669708\" src=\"https:\/\/justvape.nu\/wp-content\/uploads\/2024\/02\/Innokin_Klypse_Zip_Kit_Dustproof_Cap.jpg\" alt=\"\" width=\"831\" height=\"467\" title=\"\" srcset=\"https:\/\/justvape.nu\/wp-content\/uploads\/2024\/02\/Innokin_Klypse_Zip_Kit_Dustproof_Cap.jpg 831w, https:\/\/justvape.nu\/wp-content\/uploads\/2024\/02\/Innokin_Klypse_Zip_Kit_Dustproof_Cap-600x337.jpg 600w, https:\/\/justvape.nu\/wp-content\/uploads\/2024\/02\/Innokin_Klypse_Zip_Kit_Dustproof_Cap-64x36.jpg 64w, https:\/\/justvape.nu\/wp-content\/uploads\/2024\/02\/Innokin_Klypse_Zip_Kit_Dustproof_Cap-300x169.jpg 300w, https:\/\/justvape.nu\/wp-content\/uploads\/2024\/02\/Innokin_Klypse_Zip_Kit_Dustproof_Cap-768x432.jpg 768w\" sizes=\"auto, (max-width: 831px) 100vw, 831px\" \/><\/a><\/p>\n<p class=\"description-img-center\"><a href=\"https:\/\/justvape.nu\/wp-content\/uploads\/2018\/05\/Packing-List.png\"><img loading=\"lazy\" decoding=\"async\" class=\"alignnone size-full wp-image-18995\" src=\"https:\/\/justvape.nu\/wp-content\/uploads\/2018\/05\/Packing-List.png\" alt=\"\" width=\"950\" height=\"64\" title=\"\" srcset=\"https:\/\/justvape.nu\/wp-content\/uploads\/2018\/05\/Packing-List.png 950w, https:\/\/justvape.nu\/wp-content\/uploads\/2018\/05\/Packing-List-555x37.png 555w, https:\/\/justvape.nu\/wp-content\/uploads\/2018\/05\/Packing-List-64x4.png 64w, https:\/\/justvape.nu\/wp-content\/uploads\/2018\/05\/Packing-List-300x20.png 300w, https:\/\/justvape.nu\/wp-content\/uploads\/2018\/05\/Packing-List-768x52.png 768w\" sizes=\"auto, (max-width: 950px) 100vw, 950px\" \/><\/a><\/p>\n<\/div>\n<\/div>\n<p>1* Klypse Zip Mod (650mAh)<br \/>\n1* Klypse Pod (2ml, 1.2ohm Spule installiert)<br \/>\n1* Klypse Zip-Schutzkappe<br \/>\n1* Schnellstartanleitung<\/p>\n<div class=\"shop-features \"><\/div>\n","protected":false},"excerpt":{"rendered":"<p>INNOKIN &#8211; KLYPSE ZIP KIT<\/p>\n","protected":false},"featured_media":669729,"comment_status":"open","ping_status":"closed","template":"","meta":{"_acf_changed":false,"_uag_custom_page_level_css":"","site-sidebar-layout":"default","site-content-layout":"","ast-site-content-layout":"default","site-content-style":"default","site-sidebar-style":"default","ast-global-header-display":"","ast-banner-title-visibility":"","ast-main-header-display":"","ast-hfb-above-header-display":"","ast-hfb-below-header-display":"","ast-hfb-mobile-header-display":"","site-post-title":"","ast-breadcrumbs-content":"","ast-featured-img":"","footer-sml-layout":"","ast-disable-related-posts":"","theme-transparent-header-meta":"default","adv-header-id-meta":"","stick-header-meta":"default","header-above-stick-meta":"","header-main-stick-meta":"","header-below-stick-meta":"","astra-migrate-meta-layouts":"default","ast-page-background-enabled":"default","ast-page-background-meta":{"desktop":{"background-color":"","background-image":"","background-repeat":"repeat","background-position":"center center","background-size":"auto","background-attachment":"scroll","background-type":"","background-media":"","overlay-type":"","overlay-color":"","overlay-opacity":"","overlay-gradient":""},"tablet":{"background-color":"","background-image":"","background-repeat":"repeat","background-position":"center center","background-size":"auto","background-attachment":"scroll","background-type":"","background-media":"","overlay-type":"","overlay-color":"","overlay-opacity":"","overlay-gradient":""},"mobile":{"background-color":"","background-image":"","background-repeat":"repeat","background-position":"center center","background-size":"auto","background-attachment":"scroll","background-type":"","background-media":"","overlay-type":"","overlay-color":"","overlay-opacity":"","overlay-gradient":""}},"ast-content-background-meta":{"desktop":{"background-color":"var(--ast-global-color-5)","background-image":"","background-repeat":"repeat","background-position":"center center","background-size":"auto","background-attachment":"scroll","background-type":"","background-media":"","overlay-type":"","overlay-color":"","overlay-opacity":"","overlay-gradient":""},"tablet":{"background-color":"var(--ast-global-color-5)","background-image":"","background-repeat":"repeat","background-position":"center center","background-size":"auto","background-attachment":"scroll","background-type":"","background-media":"","overlay-type":"","overlay-color":"","overlay-opacity":"","overlay-gradient":""},"mobile":{"background-color":"var(--ast-global-color-5)","background-image":"","background-repeat":"repeat","background-position":"center center","background-size":"auto","background-attachment":"scroll","background-type":"","background-media":"","overlay-type":"","overlay-color":"","overlay-opacity":"","overlay-gradient":""}}},"product_brand":[],"product_cat":[2077,2067,2511,2537,1868,2512],"product_tag":[],"class_list":{"0":"post-669819","1":"product","2":"type-product","3":"status-publish","4":"has-post-thumbnail","6":"product_cat-anfaenger-kits-pods","7":"product_cat-e-zigaretten","8":"product_cat-hardware-de","9":"product_cat-innokin-de","10":"product_cat-new-products-de","11":"product_cat-shop-by-brand-de","12":"desktop-align-center","13":"tablet-align-center","14":"mobile-align-center","15":"ast-product-gallery-layout-horizontal-slider","16":"ast-product-single-variable","17":"ast-product-tabs-layout-horizontal","19":"first","20":"instock","21":"sale","22":"taxable","23":"shipping-taxable","24":"purchasable","25":"product-type-variable"},"acf":[],"uagb_featured_image_src":{"full":["https:\/\/justvape.nu\/wp-content\/uploads\/2024\/02\/NXkX1YDV.jpeg",600,600,false],"thumbnail":["https:\/\/justvape.nu\/wp-content\/uploads\/2024\/02\/NXkX1YDV-150x150.jpeg",150,150,true],"medium":["https:\/\/justvape.nu\/wp-content\/uploads\/2024\/02\/NXkX1YDV-300x300.jpeg",300,300,true],"medium_large":["https:\/\/justvape.nu\/wp-content\/uploads\/2024\/02\/NXkX1YDV.jpeg",600,600,false],"large":["https:\/\/justvape.nu\/wp-content\/uploads\/2024\/02\/NXkX1YDV.jpeg",600,600,false],"1536x1536":["https:\/\/justvape.nu\/wp-content\/uploads\/2024\/02\/NXkX1YDV.jpeg",600,600,false],"2048x2048":["https:\/\/justvape.nu\/wp-content\/uploads\/2024\/02\/NXkX1YDV.jpeg",600,600,false],"woocommerce_thumbnail":["https:\/\/justvape.nu\/wp-content\/uploads\/2024\/02\/NXkX1YDV-300x300.jpeg",300,300,true],"woocommerce_single":["https:\/\/justvape.nu\/wp-content\/uploads\/2024\/02\/NXkX1YDV.jpeg",600,600,false],"woocommerce_gallery_thumbnail":["https:\/\/justvape.nu\/wp-content\/uploads\/2024\/02\/NXkX1YDV-100x100.jpeg",100,100,true],"dgwt-wcas-product-suggestion":["https:\/\/justvape.nu\/wp-content\/uploads\/2024\/02\/NXkX1YDV-64x64.jpeg",64,64,true]},"uagb_author_info":{"display_name":"Kenneth Merkur","author_link":"https:\/\/justvape.nu\/de\/author\/"},"uagb_comment_info":0,"uagb_excerpt":"INNOKIN - KLYPSE ZIP KIT","_links":{"self":[{"href":"https:\/\/justvape.nu\/de\/wp-json\/wp\/v2\/product\/669819","targetHints":{"allow":["GET"]}}],"collection":[{"href":"https:\/\/justvape.nu\/de\/wp-json\/wp\/v2\/product"}],"about":[{"href":"https:\/\/justvape.nu\/de\/wp-json\/wp\/v2\/types\/product"}],"replies":[{"embeddable":true,"href":"https:\/\/justvape.nu\/de\/wp-json\/wp\/v2\/comments?post=669819"}],"wp:featuredmedia":[{"embeddable":true,"href":"https:\/\/justvape.nu\/de\/wp-json\/wp\/v2\/media\/669729"}],"wp:attachment":[{"href":"https:\/\/justvape.nu\/de\/wp-json\/wp\/v2\/media?parent=669819"}],"wp:term":[{"taxonomy":"product_brand","embeddable":true,"href":"https:\/\/justvape.nu\/de\/wp-json\/wp\/v2\/product_brand?post=669819"},{"taxonomy":"product_cat","embeddable":true,"href":"https:\/\/justvape.nu\/de\/wp-json\/wp\/v2\/product_cat?post=669819"},{"taxonomy":"product_tag","embeddable":true,"href":"https:\/\/justvape.nu\/de\/wp-json\/wp\/v2\/product_tag?post=669819"}],"curies":[{"name":"wp","href":"https:\/\/api.w.org\/{rel}","templated":true}]}}