{"id":668451,"date":"2024-01-31T11:19:25","date_gmt":"2024-01-31T10:19:25","guid":{"rendered":"https:\/\/justvape.nu\/produkt\/innokin-klypse-mecha-kit\/"},"modified":"2024-03-19T02:59:18","modified_gmt":"2024-03-19T01:59:18","slug":"innokin-klypse-mecha-kit","status":"publish","type":"product","link":"https:\/\/justvape.nu\/de\/produkt\/innokin-klypse-mecha-kit\/","title":{"rendered":"INNOKIN &#8211; KLYPSE MECHA KIT"},"content":{"rendered":"<h2>INNOKIN &#8211; KLYPSE MECHA KIT<\/h2>\n<p>Das Klypse Mecha Kit ist aus einer hochwertigen Zinklegierung gefertigt, um eine lange Lebensdauer zu gew\u00e4hrleisten. Es ist mit einem eingebauten 900mAh-Akku mit Typ-C-Ladung ausgestattet, um Ihnen lang anhaltendes Dampfen zu erm\u00f6glichen. Mit der leistungsstarken Benutzeroberfl\u00e4che und der intelligenten Wattsteuerung k\u00f6nnen Sie das Ger\u00e4t bequem und sicher nutzen. Die OLED-Anzeige zeigt Ihnen intuitiv den Batteriestatus an. Klypse Mecha unterst\u00fctzt auch die Einstellung der Leistung, um Ihnen die gew\u00fcnschte Intensit\u00e4t und die Einstellung des Luftstroms, um Ihnen den perfekten Zug zu bringen. Er ist mit allen Klypse Pod-Patronen kompatibel. Holen Sie es einfach.<\/p>\n<p><a href=\"https:\/\/justvape.nu\/wp-content\/uploads\/2018\/05\/Color-Schemes.png\"><img loading=\"lazy\" decoding=\"async\" class=\"alignnone size-full wp-image-19187\" src=\"https:\/\/justvape.nu\/wp-content\/uploads\/2018\/05\/Color-Schemes.png\" alt=\"\" width=\"950\" height=\"64\" title=\"\" srcset=\"https:\/\/justvape.nu\/wp-content\/uploads\/2018\/05\/Color-Schemes.png 950w, https:\/\/justvape.nu\/wp-content\/uploads\/2018\/05\/Color-Schemes-555x37.png 555w, https:\/\/justvape.nu\/wp-content\/uploads\/2018\/05\/Color-Schemes-64x4.png 64w, https:\/\/justvape.nu\/wp-content\/uploads\/2018\/05\/Color-Schemes-300x20.png 300w, https:\/\/justvape.nu\/wp-content\/uploads\/2018\/05\/Color-Schemes-768x52.png 768w\" sizes=\"auto, (max-width: 950px) 100vw, 950px\" \/><\/a><\/p>\n<p class=\"description-img-center\"><a href=\"https:\/\/justvape.nu\/wp-content\/uploads\/2024\/01\/klypsemecha-colours-new.jpg\"><img loading=\"lazy\" decoding=\"async\" class=\"alignnone wp-image-668171\" src=\"https:\/\/justvape.nu\/wp-content\/uploads\/2024\/01\/klypsemecha-colours-new.jpg\" alt=\"\" width=\"894\" height=\"894\" title=\"\"><\/a><\/p>\n<div class=\"shop-features \">\n<h2 class=\"shop-features-title \"><a href=\"https:\/\/justvape.nu\/wp-content\/uploads\/2021\/06\/Specifications1.png\"><img loading=\"lazy\" decoding=\"async\" class=\"alignnone size-full wp-image-390997\" src=\"https:\/\/justvape.nu\/wp-content\/uploads\/2021\/06\/Specifications1.png\" alt=\"\" width=\"950\" height=\"64\" title=\"\" srcset=\"https:\/\/justvape.nu\/wp-content\/uploads\/2021\/06\/Specifications1.png 950w, https:\/\/justvape.nu\/wp-content\/uploads\/2021\/06\/Specifications1-600x40.png 600w, https:\/\/justvape.nu\/wp-content\/uploads\/2021\/06\/Specifications1-64x4.png 64w, https:\/\/justvape.nu\/wp-content\/uploads\/2021\/06\/Specifications1-300x20.png 300w, https:\/\/justvape.nu\/wp-content\/uploads\/2021\/06\/Specifications1-768x52.png 768w\" sizes=\"auto, (max-width: 950px) 100vw, 950px\" \/><\/a><\/h2>\n<\/div>\n<table class=\"description-table\">\n<tbody>\n<tr>\n<td class=\"strong-title \">Marke<\/td>\n<td class=\"inline\">Innokin<\/td>\n<\/tr>\n<tr>\n<td class=\"strong-title \">Produktname<\/td>\n<td class=\"inline\">Klypse Mecha Pod Bausatz<\/td>\n<\/tr>\n<tr>\n<td class=\"strong-title \">Batteriekapazit\u00e4t<\/td>\n<td class=\"inline\">Eingebauter 900mAh-Akku<\/td>\n<\/tr>\n<tr>\n<td class=\"strong-title \">Aufladen<\/td>\n<td class=\"inline\">Typ-C<\/td>\n<\/tr>\n<tr>\n<td class=\"strong-title \">Wattzahl Bereich<\/td>\n<td class=\"inline\">0,6\u03a9: 6,0W-18W<br \/>\n0,8\u03a9: 6-14W<br \/>\n1.2\u03a9: 6-11W<br \/>\n1,7\u03a9: 6-8W<\/td>\n<\/tr>\n<tr>\n<td class=\"strong-title \">Minimale\/maximale Spannung<\/td>\n<td class=\"inline\">1.0~4.5V<\/td>\n<\/tr>\n<tr>\n<td class=\"strong-title \">Maximaler Ausgangsstrom<\/td>\n<td class=\"inline\">5.5A<\/td>\n<\/tr>\n<tr>\n<td class=\"strong-title \">Cut off Zeit<\/td>\n<td class=\"inline\">3-10S<\/td>\n<\/tr>\n<tr>\n<td class=\"strong-title \">Widerstandsbereich<\/td>\n<td class=\"inline\">0,6\u03a9~3,5\u03a9<\/td>\n<\/tr>\n<tr>\n<td class=\"strong-title \">Geeignet f\u00fcr<\/td>\n<td class=\"inline\">alle Klypse Pod<\/td>\n<\/tr>\n<tr>\n<td class=\"strong-title \">Kapazit\u00e4t<\/td>\n<td class=\"inline\">2ml<\/td>\n<\/tr>\n<tr>\n<td class=\"strong-title \">F\u00fcllen<\/td>\n<td class=\"inline\">Seitliche F\u00fcllung<\/td>\n<\/tr>\n<tr>\n<td class=\"strong-title \">Farbe<\/td>\n<td class=\"inline\">Mondschatten-Tinte, Sternenstaub-Silber, Gold-Gl\u00fchen, <span style=\"font-size: 16px; font-family: inherit;\"><br \/>\n  <span style=\"font-size: 16px; font-family: inherit;\">Saphirblau, Karminrot, <\/span><br \/>\n<\/span>Regenbogen Fusion<\/td>\n<\/tr>\n<\/tbody>\n<\/table>\n<div class=\"shop-features \">\n<h2 class=\"shop-features-title \"><a href=\"https:\/\/justvape.nu\/wp-content\/uploads\/2018\/05\/Features.png\"><img loading=\"lazy\" decoding=\"async\" class=\"alignnone size-full wp-image-248458\" src=\"https:\/\/justvape.nu\/wp-content\/uploads\/2018\/05\/Features.png\" alt=\"\" width=\"950\" height=\"64\" title=\"\" srcset=\"https:\/\/justvape.nu\/wp-content\/uploads\/2018\/05\/Features.png 950w, https:\/\/justvape.nu\/wp-content\/uploads\/2018\/05\/Features-600x40.png 600w, https:\/\/justvape.nu\/wp-content\/uploads\/2018\/05\/Features-64x4.png 64w, https:\/\/justvape.nu\/wp-content\/uploads\/2018\/05\/Features-300x20.png 300w, https:\/\/justvape.nu\/wp-content\/uploads\/2018\/05\/Features-768x52.png 768w\" sizes=\"auto, (max-width: 950px) 100vw, 950px\" \/><\/a><\/h2>\n<\/div>\n<ul>\n<li>1. Hergestellt aus hochwertiger Zinklegierung<\/li>\n<li>2. \u00dcbernimmt leistungsstarke Innokin 2.0 UI<\/li>\n<li>3. Kompatibel mit allen Klypse Pods<\/li>\n<li>4. 2ml Fassungsverm\u00f6gen, einfache seitliche Bef\u00fcllung<\/li>\n<li>5. Eingebauter 900mAh-Akku<\/li>\n<li>6. Intelligente Wattzahlsteuerung f\u00fcr gro\u00dfartiges Vaping<\/li>\n<li>7. Einstellbarer Luftstrom\/Wattzahl<\/li>\n<li>8. OLED-Batterieanzeige<\/li>\n<\/ul>\n<div class=\"shop-features \">\n<h2 class=\"shop-features-title \"><a href=\"https:\/\/justvape.nu\/wp-content\/uploads\/2018\/05\/Packing-List.png\"><img loading=\"lazy\" decoding=\"async\" class=\"alignnone size-full wp-image-248468\" src=\"https:\/\/justvape.nu\/wp-content\/uploads\/2018\/05\/Packing-List.png\" alt=\"\" width=\"950\" height=\"64\" title=\"\" srcset=\"https:\/\/justvape.nu\/wp-content\/uploads\/2018\/05\/Packing-List.png 950w, https:\/\/justvape.nu\/wp-content\/uploads\/2018\/05\/Packing-List-600x40.png 600w, https:\/\/justvape.nu\/wp-content\/uploads\/2018\/05\/Packing-List-64x4.png 64w, https:\/\/justvape.nu\/wp-content\/uploads\/2018\/05\/Packing-List-300x20.png 300w, https:\/\/justvape.nu\/wp-content\/uploads\/2018\/05\/Packing-List-768x52.png 768w\" sizes=\"auto, (max-width: 950px) 100vw, 950px\" \/><\/a><\/h2>\n<\/div>\n<p>1* Klypse Mecha Mod (900mAh)<br \/>\n1* Klypse RDL Pod (2ml\/0.6\u03a9 Spule installiert)<br \/>\n1* Ersatz Klypse Pod (2ml\/1.2\u03a9 Spule installiert)<br \/>\n1* Typ-C-Ladekabel<br \/>\n1* Schnellstartanleitung<\/p>\n","protected":false},"excerpt":{"rendered":"<p>INNOKIN &#8211; KLYPSE MECHA KIT<\/p>\n","protected":false},"featured_media":668174,"comment_status":"open","ping_status":"closed","template":"","meta":{"_acf_changed":false,"_uag_custom_page_level_css":"","site-sidebar-layout":"default","site-content-layout":"","ast-site-content-layout":"default","site-content-style":"default","site-sidebar-style":"default","ast-global-header-display":"","ast-banner-title-visibility":"","ast-main-header-display":"","ast-hfb-above-header-display":"","ast-hfb-below-header-display":"","ast-hfb-mobile-header-display":"","site-post-title":"","ast-breadcrumbs-content":"","ast-featured-img":"","footer-sml-layout":"","ast-disable-related-posts":"","theme-transparent-header-meta":"default","adv-header-id-meta":"","stick-header-meta":"default","header-above-stick-meta":"","header-main-stick-meta":"","header-below-stick-meta":"","astra-migrate-meta-layouts":"default","ast-page-background-enabled":"default","ast-page-background-meta":{"desktop":{"background-color":"","background-image":"","background-repeat":"repeat","background-position":"center center","background-size":"auto","background-attachment":"scroll","background-type":"","background-media":"","overlay-type":"","overlay-color":"","overlay-opacity":"","overlay-gradient":""},"tablet":{"background-color":"","background-image":"","background-repeat":"repeat","background-position":"center center","background-size":"auto","background-attachment":"scroll","background-type":"","background-media":"","overlay-type":"","overlay-color":"","overlay-opacity":"","overlay-gradient":""},"mobile":{"background-color":"","background-image":"","background-repeat":"repeat","background-position":"center center","background-size":"auto","background-attachment":"scroll","background-type":"","background-media":"","overlay-type":"","overlay-color":"","overlay-opacity":"","overlay-gradient":""}},"ast-content-background-meta":{"desktop":{"background-color":"var(--ast-global-color-5)","background-image":"","background-repeat":"repeat","background-position":"center center","background-size":"auto","background-attachment":"scroll","background-type":"","background-media":"","overlay-type":"","overlay-color":"","overlay-opacity":"","overlay-gradient":""},"tablet":{"background-color":"var(--ast-global-color-5)","background-image":"","background-repeat":"repeat","background-position":"center center","background-size":"auto","background-attachment":"scroll","background-type":"","background-media":"","overlay-type":"","overlay-color":"","overlay-opacity":"","overlay-gradient":""},"mobile":{"background-color":"var(--ast-global-color-5)","background-image":"","background-repeat":"repeat","background-position":"center center","background-size":"auto","background-attachment":"scroll","background-type":"","background-media":"","overlay-type":"","overlay-color":"","overlay-opacity":"","overlay-gradient":""}}},"product_brand":[],"product_cat":[2077,2067,2511,2537,1868,2512],"product_tag":[],"class_list":{"0":"post-668451","1":"product","2":"type-product","3":"status-publish","4":"has-post-thumbnail","6":"product_cat-anfaenger-kits-pods","7":"product_cat-e-zigaretten","8":"product_cat-hardware-de","9":"product_cat-innokin-de","10":"product_cat-new-products-de","11":"product_cat-shop-by-brand-de","12":"desktop-align-center","13":"tablet-align-center","14":"mobile-align-center","15":"ast-product-gallery-layout-horizontal-slider","16":"ast-product-single-variable","17":"ast-product-tabs-layout-horizontal","19":"first","20":"instock","21":"sale","22":"featured","23":"taxable","24":"shipping-taxable","25":"purchasable","26":"product-type-variable"},"acf":[],"uagb_featured_image_src":{"full":["https:\/\/justvape.nu\/wp-content\/uploads\/2024\/01\/klypsemecha-colours-new-e1706696298599.jpg",800,800,false],"thumbnail":["https:\/\/justvape.nu\/wp-content\/uploads\/2024\/01\/klypsemecha-colours-new-150x150.jpg",150,150,true],"medium":["https:\/\/justvape.nu\/wp-content\/uploads\/2024\/01\/klypsemecha-colours-new-300x300.jpg",300,300,true],"medium_large":["https:\/\/justvape.nu\/wp-content\/uploads\/2024\/01\/klypsemecha-colours-new-768x768.jpg",768,768,true],"large":["https:\/\/justvape.nu\/wp-content\/uploads\/2024\/01\/klypsemecha-colours-new-1024x1024.jpg",1024,1024,true],"1536x1536":["https:\/\/justvape.nu\/wp-content\/uploads\/2024\/01\/klypsemecha-colours-new-e1706696298599.jpg",800,800,false],"2048x2048":["https:\/\/justvape.nu\/wp-content\/uploads\/2024\/01\/klypsemecha-colours-new-e1706696298599.jpg",800,800,false],"woocommerce_thumbnail":["https:\/\/justvape.nu\/wp-content\/uploads\/2024\/01\/klypsemecha-colours-new-e1706696298599-300x300.jpg",300,300,true],"woocommerce_single":["https:\/\/justvape.nu\/wp-content\/uploads\/2024\/01\/klypsemecha-colours-new-e1706696298599-600x600.jpg",600,600,true],"woocommerce_gallery_thumbnail":["https:\/\/justvape.nu\/wp-content\/uploads\/2024\/01\/klypsemecha-colours-new-e1706696298599-100x100.jpg",100,100,true],"dgwt-wcas-product-suggestion":["https:\/\/justvape.nu\/wp-content\/uploads\/2024\/01\/klypsemecha-colours-new-e1706696298599-64x64.jpg",64,64,true]},"uagb_author_info":{"display_name":"Kenneth Merkur","author_link":"https:\/\/justvape.nu\/de\/author\/"},"uagb_comment_info":0,"uagb_excerpt":"INNOKIN - KLYPSE MECHA KIT","_links":{"self":[{"href":"https:\/\/justvape.nu\/de\/wp-json\/wp\/v2\/product\/668451","targetHints":{"allow":["GET"]}}],"collection":[{"href":"https:\/\/justvape.nu\/de\/wp-json\/wp\/v2\/product"}],"about":[{"href":"https:\/\/justvape.nu\/de\/wp-json\/wp\/v2\/types\/product"}],"replies":[{"embeddable":true,"href":"https:\/\/justvape.nu\/de\/wp-json\/wp\/v2\/comments?post=668451"}],"wp:featuredmedia":[{"embeddable":true,"href":"https:\/\/justvape.nu\/de\/wp-json\/wp\/v2\/media\/668174"}],"wp:attachment":[{"href":"https:\/\/justvape.nu\/de\/wp-json\/wp\/v2\/media?parent=668451"}],"wp:term":[{"taxonomy":"product_brand","embeddable":true,"href":"https:\/\/justvape.nu\/de\/wp-json\/wp\/v2\/product_brand?post=668451"},{"taxonomy":"product_cat","embeddable":true,"href":"https:\/\/justvape.nu\/de\/wp-json\/wp\/v2\/product_cat?post=668451"},{"taxonomy":"product_tag","embeddable":true,"href":"https:\/\/justvape.nu\/de\/wp-json\/wp\/v2\/product_tag?post=668451"}],"curies":[{"name":"wp","href":"https:\/\/api.w.org\/{rel}","templated":true}]}}