{"id":658073,"date":"2023-12-13T19:35:34","date_gmt":"2023-12-13T18:35:34","guid":{"rendered":"https:\/\/justvape.nu\/produkt\/oxva-xlim-se-2-kit\/"},"modified":"2025-01-02T16:08:02","modified_gmt":"2025-01-02T15:08:02","slug":"oxva-xlim-se-2-kit","status":"publish","type":"product","link":"https:\/\/justvape.nu\/de\/produkt\/oxva-xlim-se-2-kit\/","title":{"rendered":"OXVA &#8211; XLIM SE 2 KIT"},"content":{"rendered":"<h2>OXVA &#8211; XLIM SE 2 KIT<\/h2>\n<p>Das Xlim SE 2 Kit hat einen verbesserten 1000mAh-Akku und eine bunte RGB-Batterieanzeige. Das minimalistische Design verleiht ihm nicht nur einen eleganten Touch, sondern minimiert auch den Stromverbrauch und sorgt f\u00fcr eine lang anhaltende Leistung. Es kommt mit 30W max Ausgangsleistung, und Sie k\u00f6nnen die Wattzahl genau mit der Seite Wattzahl Anpassungstaste einstellen. Das OXVA Xlim SE 2 Kit ist kompatibel mit den Patronen der Xlim Serie, einschlie\u00dflich der Xlim V2 Patrone, der Xlim Patrone Top Fill Version und der Xlim Prefilled Patrone. Dar\u00fcber hinaus verf\u00fcgt Xlim SE 2 \u00fcber eine Voice-Broadcasting-Technologie, die sicherstellt, dass auch Personen mit Sehbehinderungen oder Mobilit\u00e4tseinschr\u00e4nkungen m\u00fchelos Echtzeit-Updates \u00fcber den Status ihres Ger\u00e4ts erhalten k\u00f6nnen.<\/p>\n<p><a href=\"https:\/\/justvape.nu\/wp-content\/uploads\/2018\/05\/Color-Schemes.png\"><img loading=\"lazy\" decoding=\"async\" class=\"alignnone size-full wp-image-19187\" src=\"https:\/\/justvape.nu\/wp-content\/uploads\/2018\/05\/Color-Schemes.png\" alt=\"\" width=\"950\" height=\"64\" title=\"\" srcset=\"https:\/\/justvape.nu\/wp-content\/uploads\/2018\/05\/Color-Schemes.png 950w, https:\/\/justvape.nu\/wp-content\/uploads\/2018\/05\/Color-Schemes-555x37.png 555w, https:\/\/justvape.nu\/wp-content\/uploads\/2018\/05\/Color-Schemes-64x4.png 64w, https:\/\/justvape.nu\/wp-content\/uploads\/2018\/05\/Color-Schemes-300x20.png 300w, https:\/\/justvape.nu\/wp-content\/uploads\/2018\/05\/Color-Schemes-768x52.png 768w\" sizes=\"auto, (max-width: 950px) 100vw, 950px\" \/><\/a><\/p>\n<p class=\"description-img-center\"><a href=\"https:\/\/justvape.nu\/wp-content\/uploads\/2023\/12\/OXVA_Xlim_SE_2_Kit_Colors.jpg\"><img loading=\"lazy\" decoding=\"async\" class=\"alignnone wp-image-657823\" src=\"https:\/\/justvape.nu\/wp-content\/uploads\/2023\/12\/OXVA_Xlim_SE_2_Kit_Colors.jpg\" alt=\"\" width=\"940\" height=\"576\" title=\"\" srcset=\"https:\/\/justvape.nu\/wp-content\/uploads\/2023\/12\/OXVA_Xlim_SE_2_Kit_Colors.jpg 800w, https:\/\/justvape.nu\/wp-content\/uploads\/2023\/12\/OXVA_Xlim_SE_2_Kit_Colors-600x368.jpg 600w, https:\/\/justvape.nu\/wp-content\/uploads\/2023\/12\/OXVA_Xlim_SE_2_Kit_Colors-64x39.jpg 64w, https:\/\/justvape.nu\/wp-content\/uploads\/2023\/12\/OXVA_Xlim_SE_2_Kit_Colors-300x184.jpg 300w, https:\/\/justvape.nu\/wp-content\/uploads\/2023\/12\/OXVA_Xlim_SE_2_Kit_Colors-768x470.jpg 768w\" sizes=\"auto, (max-width: 940px) 100vw, 940px\" \/><\/a><\/p>\n<div class=\"shop-features \">\n<h2 class=\"shop-features-title \"><a href=\"https:\/\/justvape.nu\/wp-content\/uploads\/2018\/05\/Specifications.png\"><img loading=\"lazy\" decoding=\"async\" class=\"alignnone size-full wp-image-248448\" src=\"https:\/\/justvape.nu\/wp-content\/uploads\/2018\/05\/Specifications.png\" alt=\"\" width=\"950\" height=\"64\" title=\"\" srcset=\"https:\/\/justvape.nu\/wp-content\/uploads\/2018\/05\/Specifications.png 950w, https:\/\/justvape.nu\/wp-content\/uploads\/2018\/05\/Specifications-600x40.png 600w, https:\/\/justvape.nu\/wp-content\/uploads\/2018\/05\/Specifications-64x4.png 64w, https:\/\/justvape.nu\/wp-content\/uploads\/2018\/05\/Specifications-300x20.png 300w, https:\/\/justvape.nu\/wp-content\/uploads\/2018\/05\/Specifications-768x52.png 768w\" sizes=\"auto, (max-width: 950px) 100vw, 950px\" \/><\/a><\/h2>\n<\/div>\n<table class=\"description-table\">\n<tbody>\n<tr>\n<td class=\"strong-title \">Marke<\/td>\n<td class=\"inline\">OXVA<\/td>\n<\/tr>\n<tr>\n<td class=\"strong-title \">Produktname<\/td>\n<td class=\"inline\">Xlim SE 2 Bausatz<\/td>\n<\/tr>\n<tr>\n<td class=\"strong-title \">Gr\u00f6\u00dfe<\/td>\n<td class=\"inline\">24.2*14.0*112.7mm<\/td>\n<\/tr>\n<tr>\n<td class=\"strong-title \">Material<\/td>\n<td class=\"inline\">Aluminiumlegierung + PCTG<\/td>\n<\/tr>\n<tr>\n<td class=\"strong-title \">Ausgangsleistung<\/td>\n<td class=\"inline\">5-30W<\/td>\n<\/tr>\n<tr>\n<td class=\"strong-title \">Kapazit\u00e4t<\/td>\n<td class=\"inline\">2ml TPD<\/td>\n<\/tr>\n<tr>\n<td class=\"strong-title \">Widerstandsbereich<\/td>\n<td class=\"inline\">0,3\u03a9-3,0\u03a9<\/td>\n<\/tr>\n<tr>\n<td class=\"strong-title \">Kompatible Pods<\/td>\n<td class=\"inline\">Xlim Top Fill-Kartusche (0,4\/0,6\/0,8\/1,2\u03a9)<br \/>\nXlim V2 Patrone (0,6\/0,8\/1,2\u03a9)<\/td>\n<\/tr>\n<tr>\n<td class=\"strong-title \">Nachf\u00fcllsystem<\/td>\n<td class=\"inline\">Nachf\u00fcllen oben<\/td>\n<\/tr>\n<tr>\n<td class=\"strong-title \">Luftstromkontrolle<\/td>\n<td class=\"inline\">Seite AFC<\/td>\n<\/tr>\n<tr>\n<td class=\"strong-title \">Batterie<\/td>\n<td class=\"inline\">1000mAh<\/td>\n<\/tr>\n<tr>\n<td class=\"strong-title \">Aufladen<\/td>\n<td class=\"inline\">5V\/1A, Typ-C<\/td>\n<\/tr>\n<tr>\n<td class=\"strong-title \">Material<\/td>\n<td class=\"inline\">Aluminiumlegierung + PCTG<\/td>\n<\/tr>\n<tr>\n<td class=\"strong-title \">Packungsgr\u00f6\u00dfe<\/td>\n<td class=\"inline\">44*34.5*130mm(1St\u00fcck)<\/td>\n<\/tr>\n<tr>\n<td class=\"strong-title \"><\/td>\n<td class=\"inline\"><\/td>\n<\/tr>\n<tr>\n<td class=\"strong-title \">Farbe<\/td>\n<td class=\"inline\">Schwarz Blau, Orange Blau, Blau Lila, Silber Grau, Gunmetal, Schwarz<\/td>\n<\/tr>\n<\/tbody>\n<\/table>\n<div class=\"shop-features \">\n<h2 class=\"shop-features-title \"><a href=\"https:\/\/justvape.nu\/wp-content\/uploads\/2018\/05\/Features.png\"><img loading=\"lazy\" decoding=\"async\" class=\"alignnone size-full wp-image-248458\" src=\"https:\/\/justvape.nu\/wp-content\/uploads\/2018\/05\/Features.png\" alt=\"\" width=\"950\" height=\"64\" title=\"\" srcset=\"https:\/\/justvape.nu\/wp-content\/uploads\/2018\/05\/Features.png 950w, https:\/\/justvape.nu\/wp-content\/uploads\/2018\/05\/Features-600x40.png 600w, https:\/\/justvape.nu\/wp-content\/uploads\/2018\/05\/Features-64x4.png 64w, https:\/\/justvape.nu\/wp-content\/uploads\/2018\/05\/Features-300x20.png 300w, https:\/\/justvape.nu\/wp-content\/uploads\/2018\/05\/Features-768x52.png 768w\" sizes=\"auto, (max-width: 950px) 100vw, 950px\" \/><\/a><\/h2>\n<\/div>\n<ul>\n<li style=\"list-style-type: none;\">\n<ul>\n<li>1. 30 W maximale Ausgangsleistung<\/li>\n<li>2. Kompatibel mit Patronen der Xlim-Serie<\/li>\n<li>3. 1000mAh Akku-Kapazit\u00e4t<\/li>\n<li>4. Technik f\u00fcr die Sprach\u00fcbertragung<\/li>\n<li>5. Seitliche Taste zur Einstellung der Wattzahl<\/li>\n<li>6. Bunte RGB-Batterieanzeige<\/li>\n<li>7. Hochgradig auslaufsicher<\/li>\n<\/ul>\n<\/li>\n<\/ul>\n<div class=\"img-show-more\">\n<div id=\"img_content_less\" class=\"img-content add-more\">\n<p class=\"description-img-center\"><a href=\"https:\/\/justvape.nu\/wp-content\/uploads\/2023\/12\/OXVA_Xlim_SE_2_Kit_Main_Features.jpg\"><img loading=\"lazy\" decoding=\"async\" class=\"alignnone size-full wp-image-657831\" src=\"https:\/\/justvape.nu\/wp-content\/uploads\/2023\/12\/OXVA_Xlim_SE_2_Kit_Main_Features.jpg\" alt=\"\" width=\"831\" height=\"597\" title=\"\" srcset=\"https:\/\/justvape.nu\/wp-content\/uploads\/2023\/12\/OXVA_Xlim_SE_2_Kit_Main_Features.jpg 831w, https:\/\/justvape.nu\/wp-content\/uploads\/2023\/12\/OXVA_Xlim_SE_2_Kit_Main_Features-600x431.jpg 600w, https:\/\/justvape.nu\/wp-content\/uploads\/2023\/12\/OXVA_Xlim_SE_2_Kit_Main_Features-64x46.jpg 64w, https:\/\/justvape.nu\/wp-content\/uploads\/2023\/12\/OXVA_Xlim_SE_2_Kit_Main_Features-300x216.jpg 300w, https:\/\/justvape.nu\/wp-content\/uploads\/2023\/12\/OXVA_Xlim_SE_2_Kit_Main_Features-768x552.jpg 768w\" sizes=\"auto, (max-width: 831px) 100vw, 831px\" \/><\/a> <a href=\"https:\/\/justvape.nu\/wp-content\/uploads\/2023\/12\/OXVA_Xlim_SE_2_Kit_Battery_Indicator.jpg\"><img loading=\"lazy\" decoding=\"async\" class=\"alignnone size-full wp-image-657839\" src=\"https:\/\/justvape.nu\/wp-content\/uploads\/2023\/12\/OXVA_Xlim_SE_2_Kit_Battery_Indicator.jpg\" alt=\"\" width=\"831\" height=\"486\" title=\"\" srcset=\"https:\/\/justvape.nu\/wp-content\/uploads\/2023\/12\/OXVA_Xlim_SE_2_Kit_Battery_Indicator.jpg 831w, https:\/\/justvape.nu\/wp-content\/uploads\/2023\/12\/OXVA_Xlim_SE_2_Kit_Battery_Indicator-600x351.jpg 600w, https:\/\/justvape.nu\/wp-content\/uploads\/2023\/12\/OXVA_Xlim_SE_2_Kit_Battery_Indicator-64x37.jpg 64w, https:\/\/justvape.nu\/wp-content\/uploads\/2023\/12\/OXVA_Xlim_SE_2_Kit_Battery_Indicator-300x175.jpg 300w, https:\/\/justvape.nu\/wp-content\/uploads\/2023\/12\/OXVA_Xlim_SE_2_Kit_Battery_Indicator-768x449.jpg 768w\" sizes=\"auto, (max-width: 831px) 100vw, 831px\" \/><\/a> <a href=\"https:\/\/justvape.nu\/wp-content\/uploads\/2023\/12\/OXVA_Xlim_SE_2_Kit_Compatible_Cartridges.jpg\"><img loading=\"lazy\" decoding=\"async\" class=\"alignnone size-full wp-image-657847\" src=\"https:\/\/justvape.nu\/wp-content\/uploads\/2023\/12\/OXVA_Xlim_SE_2_Kit_Compatible_Cartridges.jpg\" alt=\"\" width=\"831\" height=\"510\" title=\"\" srcset=\"https:\/\/justvape.nu\/wp-content\/uploads\/2023\/12\/OXVA_Xlim_SE_2_Kit_Compatible_Cartridges.jpg 831w, https:\/\/justvape.nu\/wp-content\/uploads\/2023\/12\/OXVA_Xlim_SE_2_Kit_Compatible_Cartridges-600x368.jpg 600w, https:\/\/justvape.nu\/wp-content\/uploads\/2023\/12\/OXVA_Xlim_SE_2_Kit_Compatible_Cartridges-64x39.jpg 64w, https:\/\/justvape.nu\/wp-content\/uploads\/2023\/12\/OXVA_Xlim_SE_2_Kit_Compatible_Cartridges-300x184.jpg 300w, https:\/\/justvape.nu\/wp-content\/uploads\/2023\/12\/OXVA_Xlim_SE_2_Kit_Compatible_Cartridges-768x471.jpg 768w\" sizes=\"auto, (max-width: 831px) 100vw, 831px\" \/><\/a><\/p>\n<p class=\"description-img-center\"><a href=\"https:\/\/justvape.nu\/wp-content\/uploads\/2018\/05\/Packing-List.png\"><img loading=\"lazy\" decoding=\"async\" class=\"alignnone size-full wp-image-18995\" src=\"https:\/\/justvape.nu\/wp-content\/uploads\/2018\/05\/Packing-List.png\" alt=\"\" width=\"950\" height=\"64\" title=\"\" srcset=\"https:\/\/justvape.nu\/wp-content\/uploads\/2018\/05\/Packing-List.png 950w, https:\/\/justvape.nu\/wp-content\/uploads\/2018\/05\/Packing-List-555x37.png 555w, https:\/\/justvape.nu\/wp-content\/uploads\/2018\/05\/Packing-List-64x4.png 64w, https:\/\/justvape.nu\/wp-content\/uploads\/2018\/05\/Packing-List-300x20.png 300w, https:\/\/justvape.nu\/wp-content\/uploads\/2018\/05\/Packing-List-768x52.png 768w\" sizes=\"auto, (max-width: 950px) 100vw, 950px\" \/><\/a><\/p>\n<\/div>\n<\/div>\n<p>1* Xlim SE 2 Ger\u00e4t<br \/>\n1* Top-Fill-Patrone 0,6\u03a9 (vorinstalliert)<br \/>\n1* Top-Fill-Patrone 0,8\u03a9<br \/>\n1* Typ-C Kabel<br \/>\n1 * Benutzerhandbuch<br \/>\n1* Umh\u00e4ngeband<\/p>\n<p class=\"description-img-center \"><a href=\"https:\/\/justvape.nu\/wp-content\/uploads\/2023\/12\/OXVA_Xlim_SE_2_Kit_Package_List.jpg\"><img loading=\"lazy\" decoding=\"async\" class=\"alignnone size-full wp-image-657855\" src=\"https:\/\/justvape.nu\/wp-content\/uploads\/2023\/12\/OXVA_Xlim_SE_2_Kit_Package_List.jpg\" alt=\"\" width=\"831\" height=\"455\" title=\"\" srcset=\"https:\/\/justvape.nu\/wp-content\/uploads\/2023\/12\/OXVA_Xlim_SE_2_Kit_Package_List.jpg 831w, https:\/\/justvape.nu\/wp-content\/uploads\/2023\/12\/OXVA_Xlim_SE_2_Kit_Package_List-600x329.jpg 600w, https:\/\/justvape.nu\/wp-content\/uploads\/2023\/12\/OXVA_Xlim_SE_2_Kit_Package_List-64x35.jpg 64w, https:\/\/justvape.nu\/wp-content\/uploads\/2023\/12\/OXVA_Xlim_SE_2_Kit_Package_List-300x164.jpg 300w, https:\/\/justvape.nu\/wp-content\/uploads\/2023\/12\/OXVA_Xlim_SE_2_Kit_Package_List-768x421.jpg 768w\" sizes=\"auto, (max-width: 831px) 100vw, 831px\" \/><\/a><\/p>\n","protected":false},"excerpt":{"rendered":"<p>OXVA &#8211; XLIM SE 2 KIT<\/p>\n","protected":false},"featured_media":657873,"comment_status":"open","ping_status":"closed","template":"","meta":{"_acf_changed":false,"_uag_custom_page_level_css":"","site-sidebar-layout":"default","site-content-layout":"","ast-site-content-layout":"default","site-content-style":"default","site-sidebar-style":"default","ast-global-header-display":"","ast-banner-title-visibility":"","ast-main-header-display":"","ast-hfb-above-header-display":"","ast-hfb-below-header-display":"","ast-hfb-mobile-header-display":"","site-post-title":"","ast-breadcrumbs-content":"","ast-featured-img":"","footer-sml-layout":"","ast-disable-related-posts":"","theme-transparent-header-meta":"default","adv-header-id-meta":"","stick-header-meta":"default","header-above-stick-meta":"","header-main-stick-meta":"","header-below-stick-meta":"","astra-migrate-meta-layouts":"default","ast-page-background-enabled":"default","ast-page-background-meta":{"desktop":{"background-color":"","background-image":"","background-repeat":"repeat","background-position":"center center","background-size":"auto","background-attachment":"scroll","background-type":"","background-media":"","overlay-type":"","overlay-color":"","overlay-opacity":"","overlay-gradient":""},"tablet":{"background-color":"","background-image":"","background-repeat":"repeat","background-position":"center center","background-size":"auto","background-attachment":"scroll","background-type":"","background-media":"","overlay-type":"","overlay-color":"","overlay-opacity":"","overlay-gradient":""},"mobile":{"background-color":"","background-image":"","background-repeat":"repeat","background-position":"center center","background-size":"auto","background-attachment":"scroll","background-type":"","background-media":"","overlay-type":"","overlay-color":"","overlay-opacity":"","overlay-gradient":""}},"ast-content-background-meta":{"desktop":{"background-color":"var(--ast-global-color-5)","background-image":"","background-repeat":"repeat","background-position":"center center","background-size":"auto","background-attachment":"scroll","background-type":"","background-media":"","overlay-type":"","overlay-color":"","overlay-opacity":"","overlay-gradient":""},"tablet":{"background-color":"var(--ast-global-color-5)","background-image":"","background-repeat":"repeat","background-position":"center center","background-size":"auto","background-attachment":"scroll","background-type":"","background-media":"","overlay-type":"","overlay-color":"","overlay-opacity":"","overlay-gradient":""},"mobile":{"background-color":"var(--ast-global-color-5)","background-image":"","background-repeat":"repeat","background-position":"center center","background-size":"auto","background-attachment":"scroll","background-type":"","background-media":"","overlay-type":"","overlay-color":"","overlay-opacity":"","overlay-gradient":""}}},"product_brand":[],"product_cat":[2077,2067,2511,1868,6190,2512],"product_tag":[],"class_list":{"0":"post-658073","1":"product","2":"type-product","3":"status-publish","4":"has-post-thumbnail","6":"product_cat-anfaenger-kits-pods","7":"product_cat-e-zigaretten","8":"product_cat-hardware-de","9":"product_cat-new-products-de","10":"product_cat-oxva-de","11":"product_cat-shop-by-brand-de","12":"desktop-align-center","13":"tablet-align-center","14":"mobile-align-center","15":"ast-product-gallery-layout-horizontal-slider","16":"ast-product-single-variable","17":"ast-product-tabs-layout-horizontal","19":"first","20":"instock","21":"sale","22":"taxable","23":"shipping-taxable","24":"purchasable","25":"product-type-variable"},"acf":[],"uagb_featured_image_src":{"full":["https:\/\/justvape.nu\/wp-content\/uploads\/2023\/12\/Q8RXdJfa.jpeg",600,600,false],"thumbnail":["https:\/\/justvape.nu\/wp-content\/uploads\/2023\/12\/Q8RXdJfa-150x150.jpeg",150,150,true],"medium":["https:\/\/justvape.nu\/wp-content\/uploads\/2023\/12\/Q8RXdJfa-300x300.jpeg",300,300,true],"medium_large":["https:\/\/justvape.nu\/wp-content\/uploads\/2023\/12\/Q8RXdJfa.jpeg",600,600,false],"large":["https:\/\/justvape.nu\/wp-content\/uploads\/2023\/12\/Q8RXdJfa.jpeg",600,600,false],"1536x1536":["https:\/\/justvape.nu\/wp-content\/uploads\/2023\/12\/Q8RXdJfa.jpeg",600,600,false],"2048x2048":["https:\/\/justvape.nu\/wp-content\/uploads\/2023\/12\/Q8RXdJfa.jpeg",600,600,false],"woocommerce_thumbnail":["https:\/\/justvape.nu\/wp-content\/uploads\/2023\/12\/Q8RXdJfa-300x300.jpeg",300,300,true],"woocommerce_single":["https:\/\/justvape.nu\/wp-content\/uploads\/2023\/12\/Q8RXdJfa.jpeg",600,600,false],"woocommerce_gallery_thumbnail":["https:\/\/justvape.nu\/wp-content\/uploads\/2023\/12\/Q8RXdJfa-100x100.jpeg",100,100,true],"dgwt-wcas-product-suggestion":["https:\/\/justvape.nu\/wp-content\/uploads\/2023\/12\/Q8RXdJfa-64x64.jpeg",64,64,true]},"uagb_author_info":{"display_name":"Kenneth Merkur","author_link":"https:\/\/justvape.nu\/de\/author\/"},"uagb_comment_info":0,"uagb_excerpt":"OXVA - XLIM SE 2 KIT","_links":{"self":[{"href":"https:\/\/justvape.nu\/de\/wp-json\/wp\/v2\/product\/658073","targetHints":{"allow":["GET"]}}],"collection":[{"href":"https:\/\/justvape.nu\/de\/wp-json\/wp\/v2\/product"}],"about":[{"href":"https:\/\/justvape.nu\/de\/wp-json\/wp\/v2\/types\/product"}],"replies":[{"embeddable":true,"href":"https:\/\/justvape.nu\/de\/wp-json\/wp\/v2\/comments?post=658073"}],"wp:featuredmedia":[{"embeddable":true,"href":"https:\/\/justvape.nu\/de\/wp-json\/wp\/v2\/media\/657873"}],"wp:attachment":[{"href":"https:\/\/justvape.nu\/de\/wp-json\/wp\/v2\/media?parent=658073"}],"wp:term":[{"taxonomy":"product_brand","embeddable":true,"href":"https:\/\/justvape.nu\/de\/wp-json\/wp\/v2\/product_brand?post=658073"},{"taxonomy":"product_cat","embeddable":true,"href":"https:\/\/justvape.nu\/de\/wp-json\/wp\/v2\/product_cat?post=658073"},{"taxonomy":"product_tag","embeddable":true,"href":"https:\/\/justvape.nu\/de\/wp-json\/wp\/v2\/product_tag?post=658073"}],"curies":[{"name":"wp","href":"https:\/\/api.w.org\/{rel}","templated":true}]}}