{"id":656143,"date":"2023-12-02T10:46:10","date_gmt":"2023-12-02T09:46:10","guid":{"rendered":"https:\/\/justvape.nu\/produkt\/voopoo-drag-x2-kit\/"},"modified":"2025-06-19T10:58:33","modified_gmt":"2025-06-19T08:58:33","slug":"voopoo-drag-x2-kit","status":"publish","type":"product","link":"https:\/\/justvape.nu\/de\/produkt\/voopoo-drag-x2-kit\/","title":{"rendered":"VOOPOO &#8211; DRAG X2 KIT"},"content":{"rendered":"<h2>VOOPOO &#8211; DRAG X2 KIT<\/h2>\n<p>Sind Sie bereit, sich auf eine Reise zu begeben, die ihresgleichen sucht? Der DRAG X2 ist ein Meisterwerk an Innovation und Leistung. Dieses au\u00dfergew\u00f6hnliche 80-W-Ger\u00e4t verf\u00fcgt nicht nur \u00fcber hochmoderne Funktionen, sondern bietet auch den Komfort eines austauschbaren 18650-Akkus (nicht im Lieferumfang enthalten) mit USB-C-Aufladung. Der Drag X2 nutzt die neue PNP X-Spulenplattform, die eine l\u00e4ngere Lebensdauer als andere Spulen bietet.<\/p>\n<p class=\"description-img-center\"><a href=\"https:\/\/justvape.nu\/wp-content\/uploads\/2018\/05\/Color-Schemes.png\"><img loading=\"lazy\" decoding=\"async\" class=\"alignnone size-full wp-image-19187\" src=\"https:\/\/justvape.nu\/wp-content\/uploads\/2018\/05\/Color-Schemes.png\" alt=\"\" width=\"950\" height=\"64\" title=\"\" srcset=\"https:\/\/justvape.nu\/wp-content\/uploads\/2018\/05\/Color-Schemes.png 950w, https:\/\/justvape.nu\/wp-content\/uploads\/2018\/05\/Color-Schemes-555x37.png 555w, https:\/\/justvape.nu\/wp-content\/uploads\/2018\/05\/Color-Schemes-64x4.png 64w, https:\/\/justvape.nu\/wp-content\/uploads\/2018\/05\/Color-Schemes-300x20.png 300w, https:\/\/justvape.nu\/wp-content\/uploads\/2018\/05\/Color-Schemes-768x52.png 768w\" sizes=\"auto, (max-width: 950px) 100vw, 950px\" \/><\/a><\/p>\n<p><a href=\"https:\/\/justvape.nu\/wp-content\/uploads\/2023\/12\/VOOPOO_Drag_X2_Kit_Full_Color.jpg\"><img loading=\"lazy\" decoding=\"async\" class=\"alignnone wp-image-655780\" src=\"https:\/\/justvape.nu\/wp-content\/uploads\/2023\/12\/VOOPOO_Drag_X2_Kit_Full_Color.jpg\" alt=\"\" width=\"939\" height=\"486\" title=\"\" srcset=\"https:\/\/justvape.nu\/wp-content\/uploads\/2023\/12\/VOOPOO_Drag_X2_Kit_Full_Color.jpg 800w, https:\/\/justvape.nu\/wp-content\/uploads\/2023\/12\/VOOPOO_Drag_X2_Kit_Full_Color-600x311.jpg 600w, https:\/\/justvape.nu\/wp-content\/uploads\/2023\/12\/VOOPOO_Drag_X2_Kit_Full_Color-64x33.jpg 64w, https:\/\/justvape.nu\/wp-content\/uploads\/2023\/12\/VOOPOO_Drag_X2_Kit_Full_Color-300x155.jpg 300w, https:\/\/justvape.nu\/wp-content\/uploads\/2023\/12\/VOOPOO_Drag_X2_Kit_Full_Color-768x397.jpg 768w\" sizes=\"auto, (max-width: 939px) 100vw, 939px\" \/><\/a><\/p>\n<div class=\"shop-features \">\n<h2 class=\"shop-features-title \"><a href=\"https:\/\/justvape.nu\/wp-content\/uploads\/2018\/05\/Specifications.png\"><img loading=\"lazy\" decoding=\"async\" class=\"alignnone size-full wp-image-248448\" src=\"https:\/\/justvape.nu\/wp-content\/uploads\/2018\/05\/Specifications.png\" alt=\"\" width=\"950\" height=\"64\" title=\"\" srcset=\"https:\/\/justvape.nu\/wp-content\/uploads\/2018\/05\/Specifications.png 950w, https:\/\/justvape.nu\/wp-content\/uploads\/2018\/05\/Specifications-600x40.png 600w, https:\/\/justvape.nu\/wp-content\/uploads\/2018\/05\/Specifications-64x4.png 64w, https:\/\/justvape.nu\/wp-content\/uploads\/2018\/05\/Specifications-300x20.png 300w, https:\/\/justvape.nu\/wp-content\/uploads\/2018\/05\/Specifications-768x52.png 768w\" sizes=\"auto, (max-width: 950px) 100vw, 950px\" \/><\/a><\/h2>\n<\/div>\n<table class=\"description-table\">\n<tbody>\n<tr>\n<td class=\"strong-title \">Marke<\/td>\n<td class=\"inline\">VOOPOO<\/td>\n<\/tr>\n<tr>\n<td class=\"strong-title \">Produktname<\/td>\n<td class=\"inline\">Drag X2 Bausatz<\/td>\n<\/tr>\n<tr>\n<td class=\"strong-title \">Batterie<\/td>\n<td class=\"inline\">Einzelne externe 18650-Batterie (nicht enthalten)<\/td>\n<\/tr>\n<tr>\n<td class=\"strong-title \">Leistungsbereich<\/td>\n<td class=\"inline\">5-80W<\/td>\n<\/tr>\n<tr>\n<td class=\"strong-title \">Ausgangsspannung<\/td>\n<td class=\"inline\">3.2-4.2V<\/td>\n<\/tr>\n<tr>\n<td class=\"strong-title \">Anzeige<\/td>\n<td class=\"inline\">0,96&#8243; TFT-Bildschirm<\/td>\n<\/tr>\n<tr>\n<td class=\"strong-title \">Modus<\/td>\n<td class=\"inline\">Smart\/RBA\/ECO<\/td>\n<\/tr>\n<tr>\n<td class=\"strong-title \">Widerstand<\/td>\n<td class=\"inline\">0.1-3.0\u03a9<\/td>\n<\/tr>\n<tr>\n<td class=\"strong-title \">Kapazit\u00e4t<\/td>\n<td class=\"inline\">2ml TPD<\/td>\n<\/tr>\n<tr>\n<td class=\"strong-title \">F\u00fcllen<\/td>\n<td class=\"inline\">Seitliche F\u00fcllung<\/td>\n<\/tr>\n<tr>\n<td class=\"strong-title \">Luftstrom<\/td>\n<td class=\"inline\">Einstellbarer Luftstrom<\/td>\n<\/tr>\n<tr>\n<td class=\"strong-title \">Lufteinlass<\/td>\n<td class=\"inline\">Oberer Luftstromeinlass<\/td>\n<\/tr>\n<tr>\n<td class=\"strong-title \">Geeignet f\u00fcr<\/td>\n<td class=\"inline\">Alle PnP X Serie Spulen<\/td>\n<\/tr>\n<tr>\n<td class=\"strong-title \">Material<\/td>\n<td class=\"inline\">Ger\u00e4t: Zinklegierung + Leder, Kartusche: PCTG + Edelstahl<\/td>\n<\/tr>\n<tr>\n<td class=\"strong-title \">Gr\u00f6\u00dfe des Produkts<\/td>\n<td class=\"inline\">129,8*31,8*28,6 mm<\/td>\n<\/tr>\n<tr>\n<td class=\"strong-title \">Packungsgr\u00f6\u00dfe<\/td>\n<td class=\"inline\">149*71*49 mm<\/td>\n<\/tr>\n<tr>\n<td class=\"strong-title \"><\/td>\n<td class=\"inline\"><\/td>\n<\/tr>\n<tr>\n<td class=\"strong-title \">Farbe<\/td>\n<td class=\"inline\">Spray Black, Gray Metal, Colorful Silver, Sky Blue, Modern Red, Glow Pink, Pearl White<\/td>\n<\/tr>\n<\/tbody>\n<\/table>\n<div class=\"shop-features \">\n<h2 class=\"shop-features-title \"><a href=\"https:\/\/justvape.nu\/wp-content\/uploads\/2018\/05\/Features.png\"><img loading=\"lazy\" decoding=\"async\" class=\"alignnone size-full wp-image-248458\" src=\"https:\/\/justvape.nu\/wp-content\/uploads\/2018\/05\/Features.png\" alt=\"\" width=\"950\" height=\"64\" title=\"\" srcset=\"https:\/\/justvape.nu\/wp-content\/uploads\/2018\/05\/Features.png 950w, https:\/\/justvape.nu\/wp-content\/uploads\/2018\/05\/Features-600x40.png 600w, https:\/\/justvape.nu\/wp-content\/uploads\/2018\/05\/Features-64x4.png 64w, https:\/\/justvape.nu\/wp-content\/uploads\/2018\/05\/Features-300x20.png 300w, https:\/\/justvape.nu\/wp-content\/uploads\/2018\/05\/Features-768x52.png 768w\" sizes=\"auto, (max-width: 950px) 100vw, 950px\" \/><\/a><\/h2>\n<\/div>\n<ul>\n<li style=\"list-style-type: none;\">\n<ul>\n<li>1. Nimmt PnP X Spule mit A-Zen Lebensdauer<\/li>\n<li>2. Thermostabile Baumwolle f\u00fcr gleichbleibenden Geschmack<\/li>\n<li>3. Mesh-verteiltes Heizsystem f\u00fcr dichtere Wolken<\/li>\n<li>4. Top Luftstrom Einlass f\u00fcr zufriedenstellende vaping<\/li>\n<li>5. 4-Schicht super auslaufsicher<\/li>\n<li>6. 2ml TPD Kapazit\u00e4t, einfaches seitliches F\u00fcllsystem<\/li>\n<li>7. Einzelne externe 18650 Batterie mit 80W max<\/li>\n<li>8. \u00dcbernimmt den neuen Gene.TT 2.0 Chip<\/li>\n<li>9. Smart\/RBA\/ECO-Modi verf\u00fcgbar<\/li>\n<li>10. 6 Sicherheitsvorkehrungen f\u00fcr eine sichere Nutzung<\/li>\n<li>11. Neue Men\u00fcoberfl\u00e4che f\u00fcr einfache Bedienung<\/li>\n<li>12. UI zur Anzeige der wichtigsten Informationen<\/li>\n<li>13. Entworfen mit C-Rahmen Batterieabdeckung<\/li>\n<li>14. Klassisches Design aus Leder und Metall<\/li>\n<\/ul>\n<\/li>\n<\/ul>\n<div class=\"img-show-more\">\n<div id=\"img_content_less\" class=\"img-content add-more\">\n<p class=\"description-img-center\"><a href=\"https:\/\/justvape.nu\/wp-content\/uploads\/2023\/12\/VOOPOO_Drag_X2_Kit_Gene.TT_2.0_Chip.jpg\"><img loading=\"lazy\" decoding=\"async\" class=\"alignnone size-full wp-image-655788\" src=\"https:\/\/justvape.nu\/wp-content\/uploads\/2023\/12\/VOOPOO_Drag_X2_Kit_Gene.TT_2.0_Chip.jpg\" alt=\"\" width=\"831\" height=\"645\" title=\"\" srcset=\"https:\/\/justvape.nu\/wp-content\/uploads\/2023\/12\/VOOPOO_Drag_X2_Kit_Gene.TT_2.0_Chip.jpg 831w, https:\/\/justvape.nu\/wp-content\/uploads\/2023\/12\/VOOPOO_Drag_X2_Kit_Gene.TT_2.0_Chip-600x466.jpg 600w, https:\/\/justvape.nu\/wp-content\/uploads\/2023\/12\/VOOPOO_Drag_X2_Kit_Gene.TT_2.0_Chip-64x50.jpg 64w, https:\/\/justvape.nu\/wp-content\/uploads\/2023\/12\/VOOPOO_Drag_X2_Kit_Gene.TT_2.0_Chip-300x233.jpg 300w, https:\/\/justvape.nu\/wp-content\/uploads\/2023\/12\/VOOPOO_Drag_X2_Kit_Gene.TT_2.0_Chip-768x596.jpg 768w\" sizes=\"auto, (max-width: 831px) 100vw, 831px\" \/><\/a> <a href=\"https:\/\/justvape.nu\/wp-content\/uploads\/2023\/12\/VOOPOO_Drag_X2_Kit.jpg\"><img loading=\"lazy\" decoding=\"async\" class=\"alignnone size-full wp-image-655796\" src=\"https:\/\/justvape.nu\/wp-content\/uploads\/2023\/12\/VOOPOO_Drag_X2_Kit.jpg\" alt=\"\" width=\"831\" height=\"461\" title=\"\" srcset=\"https:\/\/justvape.nu\/wp-content\/uploads\/2023\/12\/VOOPOO_Drag_X2_Kit.jpg 831w, https:\/\/justvape.nu\/wp-content\/uploads\/2023\/12\/VOOPOO_Drag_X2_Kit-600x333.jpg 600w, https:\/\/justvape.nu\/wp-content\/uploads\/2023\/12\/VOOPOO_Drag_X2_Kit-64x36.jpg 64w, https:\/\/justvape.nu\/wp-content\/uploads\/2023\/12\/VOOPOO_Drag_X2_Kit-300x166.jpg 300w, https:\/\/justvape.nu\/wp-content\/uploads\/2023\/12\/VOOPOO_Drag_X2_Kit-768x426.jpg 768w\" sizes=\"auto, (max-width: 831px) 100vw, 831px\" \/><\/a><\/p>\n<p class=\"description-img-center\"><a href=\"https:\/\/justvape.nu\/wp-content\/uploads\/2018\/05\/Packing-List.png\"><img loading=\"lazy\" decoding=\"async\" class=\"alignnone size-full wp-image-18995\" src=\"https:\/\/justvape.nu\/wp-content\/uploads\/2018\/05\/Packing-List.png\" alt=\"\" width=\"950\" height=\"64\" title=\"\" srcset=\"https:\/\/justvape.nu\/wp-content\/uploads\/2018\/05\/Packing-List.png 950w, https:\/\/justvape.nu\/wp-content\/uploads\/2018\/05\/Packing-List-555x37.png 555w, https:\/\/justvape.nu\/wp-content\/uploads\/2018\/05\/Packing-List-64x4.png 64w, https:\/\/justvape.nu\/wp-content\/uploads\/2018\/05\/Packing-List-300x20.png 300w, https:\/\/justvape.nu\/wp-content\/uploads\/2018\/05\/Packing-List-768x52.png 768w\" sizes=\"auto, (max-width: 950px) 100vw, 950px\" \/><\/a><\/p>\n<\/div>\n<\/div>\n<p>1* Darg X2 Ger\u00e4t<br \/>\n1* PnP X Kartusche DTL(2ml TPD)<br \/>\n1* PnP X 0.15\u03a9(vorinstalliert)<br \/>\n1* PnP X 0,3\u03a9<br \/>\n1* PnP X Plattform-Karte<br \/>\n1* Typ-C Kabel<br \/>\n1 * Benutzerhandbuch<\/p>\n","protected":false},"excerpt":{"rendered":"<p>VOOPOO &#8211; DRAG X2 KIT<\/p>\n","protected":false},"featured_media":655814,"comment_status":"open","ping_status":"closed","template":"","meta":{"_acf_changed":false,"_uag_custom_page_level_css":"","site-sidebar-layout":"default","site-content-layout":"","ast-site-content-layout":"default","site-content-style":"default","site-sidebar-style":"default","ast-global-header-display":"","ast-banner-title-visibility":"","ast-main-header-display":"","ast-hfb-above-header-display":"","ast-hfb-below-header-display":"","ast-hfb-mobile-header-display":"","site-post-title":"","ast-breadcrumbs-content":"","ast-featured-img":"","footer-sml-layout":"","ast-disable-related-posts":"","theme-transparent-header-meta":"default","adv-header-id-meta":"","stick-header-meta":"default","header-above-stick-meta":"","header-main-stick-meta":"","header-below-stick-meta":"","astra-migrate-meta-layouts":"default","ast-page-background-enabled":"default","ast-page-background-meta":{"desktop":{"background-color":"","background-image":"","background-repeat":"repeat","background-position":"center center","background-size":"auto","background-attachment":"scroll","background-type":"","background-media":"","overlay-type":"","overlay-color":"","overlay-opacity":"","overlay-gradient":""},"tablet":{"background-color":"","background-image":"","background-repeat":"repeat","background-position":"center center","background-size":"auto","background-attachment":"scroll","background-type":"","background-media":"","overlay-type":"","overlay-color":"","overlay-opacity":"","overlay-gradient":""},"mobile":{"background-color":"","background-image":"","background-repeat":"repeat","background-position":"center center","background-size":"auto","background-attachment":"scroll","background-type":"","background-media":"","overlay-type":"","overlay-color":"","overlay-opacity":"","overlay-gradient":""}},"ast-content-background-meta":{"desktop":{"background-color":"var(--ast-global-color-5)","background-image":"","background-repeat":"repeat","background-position":"center center","background-size":"auto","background-attachment":"scroll","background-type":"","background-media":"","overlay-type":"","overlay-color":"","overlay-opacity":"","overlay-gradient":""},"tablet":{"background-color":"var(--ast-global-color-5)","background-image":"","background-repeat":"repeat","background-position":"center center","background-size":"auto","background-attachment":"scroll","background-type":"","background-media":"","overlay-type":"","overlay-color":"","overlay-opacity":"","overlay-gradient":""},"mobile":{"background-color":"var(--ast-global-color-5)","background-image":"","background-repeat":"repeat","background-position":"center center","background-size":"auto","background-attachment":"scroll","background-type":"","background-media":"","overlay-type":"","overlay-color":"","overlay-opacity":"","overlay-gradient":""}}},"product_brand":[],"product_cat":[2067,2511,1868,2512,2140,2513],"product_tag":[],"class_list":{"0":"post-656143","1":"product","2":"type-product","3":"status-publish","4":"has-post-thumbnail","6":"product_cat-e-zigaretten","7":"product_cat-hardware-de","8":"product_cat-new-products-de","9":"product_cat-shop-by-brand-de","10":"product_cat-sub-ohm-kits-de","11":"product_cat-voopoo-de","12":"desktop-align-center","13":"tablet-align-center","14":"mobile-align-center","15":"ast-product-gallery-layout-horizontal-slider","16":"ast-product-single-variable","17":"ast-product-tabs-layout-horizontal","19":"first","20":"instock","21":"sale","22":"taxable","23":"shipping-taxable","24":"purchasable","25":"product-type-variable"},"acf":[],"uagb_featured_image_src":{"full":["https:\/\/justvape.nu\/wp-content\/uploads\/2023\/12\/zjVZq7HN.jpeg",600,600,false],"thumbnail":["https:\/\/justvape.nu\/wp-content\/uploads\/2023\/12\/zjVZq7HN-150x150.jpeg",150,150,true],"medium":["https:\/\/justvape.nu\/wp-content\/uploads\/2023\/12\/zjVZq7HN-300x300.jpeg",300,300,true],"medium_large":["https:\/\/justvape.nu\/wp-content\/uploads\/2023\/12\/zjVZq7HN.jpeg",600,600,false],"large":["https:\/\/justvape.nu\/wp-content\/uploads\/2023\/12\/zjVZq7HN.jpeg",600,600,false],"1536x1536":["https:\/\/justvape.nu\/wp-content\/uploads\/2023\/12\/zjVZq7HN.jpeg",600,600,false],"2048x2048":["https:\/\/justvape.nu\/wp-content\/uploads\/2023\/12\/zjVZq7HN.jpeg",600,600,false],"woocommerce_thumbnail":["https:\/\/justvape.nu\/wp-content\/uploads\/2023\/12\/zjVZq7HN-300x300.jpeg",300,300,true],"woocommerce_single":["https:\/\/justvape.nu\/wp-content\/uploads\/2023\/12\/zjVZq7HN.jpeg",600,600,false],"woocommerce_gallery_thumbnail":["https:\/\/justvape.nu\/wp-content\/uploads\/2023\/12\/zjVZq7HN-100x100.jpeg",100,100,true],"dgwt-wcas-product-suggestion":["https:\/\/justvape.nu\/wp-content\/uploads\/2023\/12\/zjVZq7HN-64x64.jpeg",64,64,true]},"uagb_author_info":{"display_name":"Kenneth Merkur","author_link":"https:\/\/justvape.nu\/de\/author\/"},"uagb_comment_info":0,"uagb_excerpt":"VOOPOO - DRAG X2 KIT","_links":{"self":[{"href":"https:\/\/justvape.nu\/de\/wp-json\/wp\/v2\/product\/656143","targetHints":{"allow":["GET"]}}],"collection":[{"href":"https:\/\/justvape.nu\/de\/wp-json\/wp\/v2\/product"}],"about":[{"href":"https:\/\/justvape.nu\/de\/wp-json\/wp\/v2\/types\/product"}],"replies":[{"embeddable":true,"href":"https:\/\/justvape.nu\/de\/wp-json\/wp\/v2\/comments?post=656143"}],"wp:featuredmedia":[{"embeddable":true,"href":"https:\/\/justvape.nu\/de\/wp-json\/wp\/v2\/media\/655814"}],"wp:attachment":[{"href":"https:\/\/justvape.nu\/de\/wp-json\/wp\/v2\/media?parent=656143"}],"wp:term":[{"taxonomy":"product_brand","embeddable":true,"href":"https:\/\/justvape.nu\/de\/wp-json\/wp\/v2\/product_brand?post=656143"},{"taxonomy":"product_cat","embeddable":true,"href":"https:\/\/justvape.nu\/de\/wp-json\/wp\/v2\/product_cat?post=656143"},{"taxonomy":"product_tag","embeddable":true,"href":"https:\/\/justvape.nu\/de\/wp-json\/wp\/v2\/product_tag?post=656143"}],"curies":[{"name":"wp","href":"https:\/\/api.w.org\/{rel}","templated":true}]}}