{"id":655347,"date":"2023-11-30T21:11:46","date_gmt":"2023-11-30T20:11:46","guid":{"rendered":"https:\/\/justvape.nu\/produkt\/innokin-zenith-minimal-tank\/"},"modified":"2025-04-19T21:31:07","modified_gmt":"2025-04-19T19:31:07","slug":"innokin-zenith-minimal-tank","status":"publish","type":"product","link":"https:\/\/justvape.nu\/de\/produkt\/innokin-zenith-minimal-tank\/","title":{"rendered":"INNOKIN &#8211; ZENITH MINIMAL TANK"},"content":{"rendered":"<div class=\" product-block product-block--title product-block--first \">\n<h2 class=\"product-title\">INNOKIN &#8211; ZENITH MINIMAL TANK<\/h2>\n<\/div>\n<div class=\" product-block product-block--vendor \">Der Innokin Zenith Minimal Tank ist ein praktischer 510er Tank, der benutzerfreundlich gestaltet ist und speziell mit dem Innokin EZ Tube Zenith Minimal Kit kompatibel ist. Dieser Tank ist so konzipiert, dass er nahtlos mit den Innokin Z Coils zusammenarbeitet und so eine Vielzahl von Verdampfungsvorlieben abdeckt, einschlie\u00dflich MTL (Mouth To Lung) und RDL (Restricted Direct To Lung) Stile. Mit dem einstellbaren Luftstromring k\u00f6nnen Sie Ihr Inhalieren flexibel anpassen und entweder ein luftiges oder ein eingeschr\u00e4nktes Dampferlebnis erzielen. Der Tank verf\u00fcgt \u00fcber ein problemloses Design, das ein einfaches Nachf\u00fcllen durch sein Top-Fill-Design erm\u00f6glicht, und die Push-Fit-Installation sorgt daf\u00fcr, dass der Coil-Austausch ein schneller und m\u00fcheloser Prozess ist.<\/div>\n<div>\n<p><a href=\"https:\/\/justvape.nu\/wp-content\/uploads\/2018\/05\/Specifications.png\"><img loading=\"lazy\" decoding=\"async\" class=\"alignnone size-full wp-image-248448\" src=\"https:\/\/justvape.nu\/wp-content\/uploads\/2018\/05\/Specifications.png\" alt=\"\" width=\"950\" height=\"64\" title=\"\" srcset=\"https:\/\/justvape.nu\/wp-content\/uploads\/2018\/05\/Specifications.png 950w, https:\/\/justvape.nu\/wp-content\/uploads\/2018\/05\/Specifications-600x40.png 600w, https:\/\/justvape.nu\/wp-content\/uploads\/2018\/05\/Specifications-64x4.png 64w, https:\/\/justvape.nu\/wp-content\/uploads\/2018\/05\/Specifications-300x20.png 300w, https:\/\/justvape.nu\/wp-content\/uploads\/2018\/05\/Specifications-768x52.png 768w\" sizes=\"auto, (max-width: 950px) 100vw, 950px\" \/><\/a><\/p>\n<div class=\"collapsible-tab__text\">\n<p>1. Form trifft auf Funktion.<br \/>\n2. Kompatibel mit allen Z-Coils.<br \/>\n3. Die neue 1\/4-Drehung der Verschlusskappe erm\u00f6glicht ein schnelles und sicheres Nachf\u00fcllen.<br \/>\n4. Plug-Pull Spulenwechsel.<br \/>\n5. Der Zenith Minimal verf\u00fcgt \u00fcber eine sanfte und pr\u00e4zise Luftstromsteuerung.<br \/>\n6. Problemlose Reinigung.<\/p>\n<p><a href=\"https:\/\/justvape.nu\/wp-content\/uploads\/2018\/05\/Packing-List.png\"><img loading=\"lazy\" decoding=\"async\" class=\"alignnone size-full wp-image-18995\" src=\"https:\/\/justvape.nu\/wp-content\/uploads\/2018\/05\/Packing-List.png\" alt=\"\" width=\"950\" height=\"64\" title=\"\" srcset=\"https:\/\/justvape.nu\/wp-content\/uploads\/2018\/05\/Packing-List.png 950w, https:\/\/justvape.nu\/wp-content\/uploads\/2018\/05\/Packing-List-555x37.png 555w, https:\/\/justvape.nu\/wp-content\/uploads\/2018\/05\/Packing-List-64x4.png 64w, https:\/\/justvape.nu\/wp-content\/uploads\/2018\/05\/Packing-List-300x20.png 300w, https:\/\/justvape.nu\/wp-content\/uploads\/2018\/05\/Packing-List-768x52.png 768w\" sizes=\"auto, (max-width: 950px) 100vw, 950px\" \/><\/a><\/p>\n<p>1x Zenith Minimal 2ml TPD Tank (0.8\u03a9 MTL Z-Coil und MTL Yellow Drip Tip installiert)<br \/>\n1x Ersatz 0,3\u03a9 RDL Z-Spule<br \/>\n1x Ersatz MTL Schwarz Drip Tip<br \/>\n1x Ersatz RDL Schwarz Drip Tip<br \/>\n1x Ersatz-O-Ringe<br \/>\n1x Kurzanleitung<\/p>\n<\/div>\n<\/div>\n","protected":false},"excerpt":{"rendered":"<p>INNOKIN &#8211; ZENITH MINIMAL TANK<\/p>\n","protected":false},"featured_media":655156,"comment_status":"open","ping_status":"closed","template":"","meta":{"_acf_changed":false,"_uag_custom_page_level_css":"","site-sidebar-layout":"default","site-content-layout":"","ast-site-content-layout":"default","site-content-style":"default","site-sidebar-style":"default","ast-global-header-display":"","ast-banner-title-visibility":"","ast-main-header-display":"","ast-hfb-above-header-display":"","ast-hfb-below-header-display":"","ast-hfb-mobile-header-display":"","site-post-title":"","ast-breadcrumbs-content":"","ast-featured-img":"","footer-sml-layout":"","ast-disable-related-posts":"","theme-transparent-header-meta":"default","adv-header-id-meta":"","stick-header-meta":"default","header-above-stick-meta":"","header-main-stick-meta":"","header-below-stick-meta":"","astra-migrate-meta-layouts":"default","ast-page-background-enabled":"default","ast-page-background-meta":{"desktop":{"background-color":"","background-image":"","background-repeat":"repeat","background-position":"center center","background-size":"auto","background-attachment":"scroll","background-type":"","background-media":"","overlay-type":"","overlay-color":"","overlay-opacity":"","overlay-gradient":""},"tablet":{"background-color":"","background-image":"","background-repeat":"repeat","background-position":"center center","background-size":"auto","background-attachment":"scroll","background-type":"","background-media":"","overlay-type":"","overlay-color":"","overlay-opacity":"","overlay-gradient":""},"mobile":{"background-color":"","background-image":"","background-repeat":"repeat","background-position":"center center","background-size":"auto","background-attachment":"scroll","background-type":"","background-media":"","overlay-type":"","overlay-color":"","overlay-opacity":"","overlay-gradient":""}},"ast-content-background-meta":{"desktop":{"background-color":"var(--ast-global-color-5)","background-image":"","background-repeat":"repeat","background-position":"center center","background-size":"auto","background-attachment":"scroll","background-type":"","background-media":"","overlay-type":"","overlay-color":"","overlay-opacity":"","overlay-gradient":""},"tablet":{"background-color":"var(--ast-global-color-5)","background-image":"","background-repeat":"repeat","background-position":"center center","background-size":"auto","background-attachment":"scroll","background-type":"","background-media":"","overlay-type":"","overlay-color":"","overlay-opacity":"","overlay-gradient":""},"mobile":{"background-color":"var(--ast-global-color-5)","background-image":"","background-repeat":"repeat","background-position":"center center","background-size":"auto","background-attachment":"scroll","background-type":"","background-media":"","overlay-type":"","overlay-color":"","overlay-opacity":"","overlay-gradient":""}}},"product_brand":[],"product_cat":[2511,2537,1868,2037,2512,1977],"product_tag":[],"class_list":{"0":"post-655347","1":"product","2":"type-product","3":"status-publish","4":"has-post-thumbnail","6":"product_cat-hardware-de","7":"product_cat-innokin-de","8":"product_cat-new-products-de","9":"product_cat-panzer","10":"product_cat-shop-by-brand-de","11":"product_cat-tanks-spulen","12":"desktop-align-center","13":"tablet-align-center","14":"mobile-align-center","15":"ast-product-gallery-layout-horizontal-slider","16":"ast-product-single-variable","17":"ast-product-tabs-layout-horizontal","19":"first","20":"instock","21":"sale","22":"taxable","23":"shipping-taxable","24":"purchasable","25":"product-type-variable"},"acf":[],"uagb_featured_image_src":{"full":["https:\/\/justvape.nu\/wp-content\/uploads\/2023\/11\/I2Uuo8p.jpeg",600,600,false],"thumbnail":["https:\/\/justvape.nu\/wp-content\/uploads\/2023\/11\/I2Uuo8p-150x150.jpeg",150,150,true],"medium":["https:\/\/justvape.nu\/wp-content\/uploads\/2023\/11\/I2Uuo8p-300x300.jpeg",300,300,true],"medium_large":["https:\/\/justvape.nu\/wp-content\/uploads\/2023\/11\/I2Uuo8p.jpeg",600,600,false],"large":["https:\/\/justvape.nu\/wp-content\/uploads\/2023\/11\/I2Uuo8p.jpeg",600,600,false],"1536x1536":["https:\/\/justvape.nu\/wp-content\/uploads\/2023\/11\/I2Uuo8p.jpeg",600,600,false],"2048x2048":["https:\/\/justvape.nu\/wp-content\/uploads\/2023\/11\/I2Uuo8p.jpeg",600,600,false],"woocommerce_thumbnail":["https:\/\/justvape.nu\/wp-content\/uploads\/2023\/11\/I2Uuo8p-300x300.jpeg",300,300,true],"woocommerce_single":["https:\/\/justvape.nu\/wp-content\/uploads\/2023\/11\/I2Uuo8p.jpeg",600,600,false],"woocommerce_gallery_thumbnail":["https:\/\/justvape.nu\/wp-content\/uploads\/2023\/11\/I2Uuo8p-100x100.jpeg",100,100,true],"dgwt-wcas-product-suggestion":["https:\/\/justvape.nu\/wp-content\/uploads\/2023\/11\/I2Uuo8p-64x64.jpeg",64,64,true]},"uagb_author_info":{"display_name":"Kenneth Merkur","author_link":"https:\/\/justvape.nu\/de\/author\/"},"uagb_comment_info":0,"uagb_excerpt":"INNOKIN - ZENITH MINIMAL TANK","_links":{"self":[{"href":"https:\/\/justvape.nu\/de\/wp-json\/wp\/v2\/product\/655347","targetHints":{"allow":["GET"]}}],"collection":[{"href":"https:\/\/justvape.nu\/de\/wp-json\/wp\/v2\/product"}],"about":[{"href":"https:\/\/justvape.nu\/de\/wp-json\/wp\/v2\/types\/product"}],"replies":[{"embeddable":true,"href":"https:\/\/justvape.nu\/de\/wp-json\/wp\/v2\/comments?post=655347"}],"wp:featuredmedia":[{"embeddable":true,"href":"https:\/\/justvape.nu\/de\/wp-json\/wp\/v2\/media\/655156"}],"wp:attachment":[{"href":"https:\/\/justvape.nu\/de\/wp-json\/wp\/v2\/media?parent=655347"}],"wp:term":[{"taxonomy":"product_brand","embeddable":true,"href":"https:\/\/justvape.nu\/de\/wp-json\/wp\/v2\/product_brand?post=655347"},{"taxonomy":"product_cat","embeddable":true,"href":"https:\/\/justvape.nu\/de\/wp-json\/wp\/v2\/product_cat?post=655347"},{"taxonomy":"product_tag","embeddable":true,"href":"https:\/\/justvape.nu\/de\/wp-json\/wp\/v2\/product_tag?post=655347"}],"curies":[{"name":"wp","href":"https:\/\/api.w.org\/{rel}","templated":true}]}}