{"id":653816,"date":"2023-11-23T17:54:23","date_gmt":"2023-11-23T16:54:23","guid":{"rendered":"https:\/\/justvape.nu\/?post_type=product&#038;p=653816"},"modified":"2024-12-06T21:31:03","modified_gmt":"2024-12-06T20:31:03","slug":"cthulhu-mod-520-tank-copy","status":"publish","type":"product","link":"https:\/\/justvape.nu\/de\/produkt\/cthulhu-mod-520-tank-copy\/","title":{"rendered":"CTHULHU MOD &#8211; 850 BORO RBA"},"content":{"rendered":"<h2>CTHULHU MOD &#8211; 850 BORO RBA<\/h2>\n<p>&nbsp;<\/p>\n<p>Der 850 RBA Boro Tank von Cthulhu Mods ist das perfekte Zubeh\u00f6r f\u00fcr jeden Vaping-Enthusiasten. Dieser Tank ist kompatibel mit allen Billet Box Styles Mods und dem Cthulhu AIO Mod. Sein elegantes und kompaktes Design ist f\u00fcr den Aufbau von einzelnen DIY-Coils optimiert, so dass es einfach ist, Coils zu bauen und Ihr Dampferlebnis zu individualisieren.<\/p>\n<p dir=\"ltr\">Der Boro 850 RBA von Cthulhu ist mit allen Boro Box und Billet Box Formaten kompatibel.<\/p>\n<p>Es kommt mit dem ber\u00fchmten Kraken Boro 5mL Tank, der \u00fcber die Plastiklasche an der Vorderseite des Tanks bef\u00fcllt werden kann.<\/p>\n<p dir=\"ltr\">Der Boro 850 RBA besteht aus 3 Teilen. Eine Befestigungsplatte f\u00fcr eine einzelne Spule, eine Zerst\u00e4ubungskammer und einen Schornstein. Sie m\u00fcssen sie nur noch zusammenstecken (wie auf dem Foto zu sehen).<\/p>\n<p dir=\"ltr\">Der Luftstrom kann nat\u00fcrlich mit Hilfe von 4 Airpins (im Kit enthalten) eingestellt werden, die an die Montageplatte geschraubt werden m\u00fcssen (Hardware nicht im Lieferumfang enthalten).<\/p>\n<p><a href=\"https:\/\/justvape.nu\/wp-content\/uploads\/2018\/05\/Specifications.png\"><img loading=\"lazy\" decoding=\"async\" class=\"alignnone size-full wp-image-248449\" src=\"https:\/\/justvape.nu\/wp-content\/uploads\/2018\/05\/Specifications.png\" alt=\"\" width=\"950\" height=\"64\" title=\"\" srcset=\"https:\/\/justvape.nu\/wp-content\/uploads\/2018\/05\/Specifications.png 950w, https:\/\/justvape.nu\/wp-content\/uploads\/2018\/05\/Specifications-600x40.png 600w, https:\/\/justvape.nu\/wp-content\/uploads\/2018\/05\/Specifications-64x4.png 64w, https:\/\/justvape.nu\/wp-content\/uploads\/2018\/05\/Specifications-300x20.png 300w, https:\/\/justvape.nu\/wp-content\/uploads\/2018\/05\/Specifications-768x52.png 768w\" sizes=\"auto, (max-width: 950px) 100vw, 950px\" \/><\/a><\/p>\n<p>&nbsp;<\/p>\n<ul>\n<li>850 RBA entwickelt f\u00fcr echtes RDL und DL Vaping<\/li>\n<li>Hat eine kleinere Kuppel Schornstein f\u00fcr verbesserte Geschmack und Kehle Hit<\/li>\n<li>Luftstromstiftgr\u00f6\u00dfe: 1,5 mm, 2,0 mm, 2,6 mm, 3,2 mm, 3,8 mm<\/li>\n<li>Einfacher Spulenbau und Wicking Deck<\/li>\n<li>Leiser und gleichm\u00e4\u00dfiger Luftstrom<\/li>\n<li>510er-Gewinde f\u00fcr einfacheres Wickeln<\/li>\n<li>Kommt mit Kraken Tank (Kraken Tank ist voll kompatibel mit anderen Boro Br\u00fccke)<\/li>\n<\/ul>\n<p><a style=\"font-size: 16px; background-color: #ffffff;\" href=\"https:\/\/justvape.nu\/wp-content\/uploads\/2018\/04\/Packing-List.png\"><br \/>\n<img loading=\"lazy\" decoding=\"async\" class=\"alignnone size-full wp-image-18999\" src=\"https:\/\/justvape.nu\/wp-content\/uploads\/2018\/04\/Packing-List.png\" alt=\"\" width=\"950\" height=\"64\" title=\"\" srcset=\"https:\/\/justvape.nu\/wp-content\/uploads\/2018\/04\/Packing-List.png 950w, https:\/\/justvape.nu\/wp-content\/uploads\/2018\/04\/Packing-List-555x37.png 555w, https:\/\/justvape.nu\/wp-content\/uploads\/2018\/04\/Packing-List-64x4.png 64w, https:\/\/justvape.nu\/wp-content\/uploads\/2018\/04\/Packing-List-300x20.png 300w, https:\/\/justvape.nu\/wp-content\/uploads\/2018\/04\/Packing-List-768x52.png 768w\" sizes=\"auto, (max-width: 950px) 100vw, 950px\" \/><\/a><\/p>\n<ul>\n<li>1 x 850 Kraken-Tank<\/li>\n<li>4 x Luftstromstifte<\/li>\n<\/ul>\n","protected":false},"excerpt":{"rendered":"<p>CTHULHU MOD &#8211; 850 BORO RBA<\/p>\n","protected":false},"featured_media":653837,"comment_status":"open","ping_status":"closed","template":"","meta":{"_acf_changed":false,"_uag_custom_page_level_css":"","site-sidebar-layout":"default","site-content-layout":"","ast-site-content-layout":"default","site-content-style":"default","site-sidebar-style":"default","ast-global-header-display":"","ast-banner-title-visibility":"","ast-main-header-display":"","ast-hfb-above-header-display":"","ast-hfb-below-header-display":"","ast-hfb-mobile-header-display":"","site-post-title":"","ast-breadcrumbs-content":"","ast-featured-img":"","footer-sml-layout":"","ast-disable-related-posts":"","theme-transparent-header-meta":"default","adv-header-id-meta":"","stick-header-meta":"default","header-above-stick-meta":"","header-main-stick-meta":"","header-below-stick-meta":"","astra-migrate-meta-layouts":"default","ast-page-background-enabled":"default","ast-page-background-meta":{"desktop":{"background-color":"","background-image":"","background-repeat":"repeat","background-position":"center center","background-size":"auto","background-attachment":"scroll","background-type":"","background-media":"","overlay-type":"","overlay-color":"","overlay-opacity":"","overlay-gradient":""},"tablet":{"background-color":"","background-image":"","background-repeat":"repeat","background-position":"center center","background-size":"auto","background-attachment":"scroll","background-type":"","background-media":"","overlay-type":"","overlay-color":"","overlay-opacity":"","overlay-gradient":""},"mobile":{"background-color":"","background-image":"","background-repeat":"repeat","background-position":"center center","background-size":"auto","background-attachment":"scroll","background-type":"","background-media":"","overlay-type":"","overlay-color":"","overlay-opacity":"","overlay-gradient":""}},"ast-content-background-meta":{"desktop":{"background-color":"var(--ast-global-color-5)","background-image":"","background-repeat":"repeat","background-position":"center center","background-size":"auto","background-attachment":"scroll","background-type":"","background-media":"","overlay-type":"","overlay-color":"","overlay-opacity":"","overlay-gradient":""},"tablet":{"background-color":"var(--ast-global-color-5)","background-image":"","background-repeat":"repeat","background-position":"center center","background-size":"auto","background-attachment":"scroll","background-type":"","background-media":"","overlay-type":"","overlay-color":"","overlay-opacity":"","overlay-gradient":""},"mobile":{"background-color":"var(--ast-global-color-5)","background-image":"","background-repeat":"repeat","background-position":"center center","background-size":"auto","background-attachment":"scroll","background-type":"","background-media":"","overlay-type":"","overlay-color":"","overlay-opacity":"","overlay-gradient":""}}},"product_brand":[],"product_cat":[6206,2511,1868,2037,2512,1977],"product_tag":[],"class_list":{"0":"post-653816","1":"product","2":"type-product","3":"status-publish","4":"has-post-thumbnail","6":"product_cat-cthulhu-mod-de","7":"product_cat-hardware-de","8":"product_cat-new-products-de","9":"product_cat-panzer","10":"product_cat-shop-by-brand-de","11":"product_cat-tanks-spulen","12":"desktop-align-center","13":"tablet-align-center","14":"mobile-align-center","15":"ast-product-gallery-layout-horizontal-slider","16":"ast-product-gallery-with-no-image","17":"ast-product-tabs-layout-horizontal","19":"first","20":"instock","21":"sale","22":"taxable","23":"shipping-taxable","24":"purchasable","25":"product-type-simple"},"acf":[],"uagb_featured_image_src":{"full":["https:\/\/justvape.nu\/wp-content\/uploads\/2023\/11\/cthulhu-mods-850-boro-rba-35447255564443.webp",480,480,false],"thumbnail":["https:\/\/justvape.nu\/wp-content\/uploads\/2023\/11\/cthulhu-mods-850-boro-rba-35447255564443-150x150.webp",150,150,true],"medium":["https:\/\/justvape.nu\/wp-content\/uploads\/2023\/11\/cthulhu-mods-850-boro-rba-35447255564443-300x300.webp",300,300,true],"medium_large":["https:\/\/justvape.nu\/wp-content\/uploads\/2023\/11\/cthulhu-mods-850-boro-rba-35447255564443.webp",480,480,false],"large":["https:\/\/justvape.nu\/wp-content\/uploads\/2023\/11\/cthulhu-mods-850-boro-rba-35447255564443.webp",480,480,false],"1536x1536":["https:\/\/justvape.nu\/wp-content\/uploads\/2023\/11\/cthulhu-mods-850-boro-rba-35447255564443.webp",480,480,false],"2048x2048":["https:\/\/justvape.nu\/wp-content\/uploads\/2023\/11\/cthulhu-mods-850-boro-rba-35447255564443.webp",480,480,false],"woocommerce_thumbnail":["https:\/\/justvape.nu\/wp-content\/uploads\/2023\/11\/cthulhu-mods-850-boro-rba-35447255564443-300x300.webp",300,300,true],"woocommerce_single":["https:\/\/justvape.nu\/wp-content\/uploads\/2023\/11\/cthulhu-mods-850-boro-rba-35447255564443.webp",480,480,false],"woocommerce_gallery_thumbnail":["https:\/\/justvape.nu\/wp-content\/uploads\/2023\/11\/cthulhu-mods-850-boro-rba-35447255564443-100x100.webp",100,100,true],"dgwt-wcas-product-suggestion":["https:\/\/justvape.nu\/wp-content\/uploads\/2023\/11\/cthulhu-mods-850-boro-rba-35447255564443-64x64.webp",64,64,true]},"uagb_author_info":{"display_name":"JustVape.nu","author_link":"https:\/\/justvape.nu\/de\/author\/"},"uagb_comment_info":0,"uagb_excerpt":"CTHULHU MOD - 850 BORO RBA","_links":{"self":[{"href":"https:\/\/justvape.nu\/de\/wp-json\/wp\/v2\/product\/653816","targetHints":{"allow":["GET"]}}],"collection":[{"href":"https:\/\/justvape.nu\/de\/wp-json\/wp\/v2\/product"}],"about":[{"href":"https:\/\/justvape.nu\/de\/wp-json\/wp\/v2\/types\/product"}],"replies":[{"embeddable":true,"href":"https:\/\/justvape.nu\/de\/wp-json\/wp\/v2\/comments?post=653816"}],"wp:featuredmedia":[{"embeddable":true,"href":"https:\/\/justvape.nu\/de\/wp-json\/wp\/v2\/media\/653837"}],"wp:attachment":[{"href":"https:\/\/justvape.nu\/de\/wp-json\/wp\/v2\/media?parent=653816"}],"wp:term":[{"taxonomy":"product_brand","embeddable":true,"href":"https:\/\/justvape.nu\/de\/wp-json\/wp\/v2\/product_brand?post=653816"},{"taxonomy":"product_cat","embeddable":true,"href":"https:\/\/justvape.nu\/de\/wp-json\/wp\/v2\/product_cat?post=653816"},{"taxonomy":"product_tag","embeddable":true,"href":"https:\/\/justvape.nu\/de\/wp-json\/wp\/v2\/product_tag?post=653816"}],"curies":[{"name":"wp","href":"https:\/\/api.w.org\/{rel}","templated":true}]}}