{"id":650880,"date":"2023-11-12T17:03:13","date_gmt":"2023-11-12T16:03:13","guid":{"rendered":"https:\/\/justvape.nu\/produkt\/oxva-xlim-sq-pro-pod\/"},"modified":"2025-02-27T23:22:42","modified_gmt":"2025-02-27T22:22:42","slug":"oxva-xlim-sq-pro-pod","status":"publish","type":"product","link":"https:\/\/justvape.nu\/de\/produkt\/oxva-xlim-sq-pro-pod\/","title":{"rendered":"OXVA &#8211; XLIM SQ PRO POD"},"content":{"rendered":"<h2>OXVA &#8211; XLIM SQ PRO POD<\/h2>\n<p>Wir stellen den Oxva Xlim SQ Pro Pod Vape vor, eine Weiterentwicklung des OXVA SQ mit verbesserten Qualit\u00e4tsmerkmalen. Dieses schlanke Ger\u00e4t verf\u00fcgt \u00fcber einen 1200mAh-Akku, der eine lange Verdampfungszeit gew\u00e4hrleistet, und sein schnelles 2AMP USB-C-Laden erm\u00f6glicht ein schnelles Aufladen des Akkus. Die Xlim SQ Pro liefert au\u00dfergew\u00f6hnlichen Geschmack und Dampfproduktion mit ihren OXVA Xlim V2 Pods und Xlim Top fill Ersatz Pods.<\/p>\n<p>Genie\u00dfen Sie ein anpassbares Dampferlebnis mit der einstellbaren Airflow-Funktion. Ausgestattet mit einem intelligenten Chipsatz passt der Xlim SQ Pro die Ausgangsleistung automatisch an den installierten Pod an und optimiert so die Leistung. Alternativ k\u00f6nnen Sie auch dreimal auf die Schaltfl\u00e4che klicken und dann durch Antippen der Schaltfl\u00e4che die Einstellung vornehmen. Dies f\u00fcgt 1 Watt pro Klick hinzu und ist ein Rundlauf. Das Ger\u00e4t hat eine Leistung von bis zu 30 W.<\/p>\n<p>Bleiben Sie informiert mit dem intelligenten 0,96-Zoll-Display, das wichtige Informationen wie die Anzahl der Puffs, die Wattzahl und die Verdampfungszeit anzeigt. Erleben Sie den Inbegriff von Komfort und Leistung mit dem Oxva Xlim SQ Pro Pod Vape. Durch zweimaliges Dr\u00fccken der Feuertaste k\u00f6nnen Sie ein Thema ausw\u00e4hlen und zwischen Power- und Smart-Modus wechseln.<\/p>\n<p><a href=\"https:\/\/justvape.nu\/wp-content\/uploads\/2018\/05\/Color-Schemes.png\"><img loading=\"lazy\" decoding=\"async\" class=\"alignnone size-full wp-image-19187\" src=\"https:\/\/justvape.nu\/wp-content\/uploads\/2018\/05\/Color-Schemes.png\" alt=\"\" width=\"950\" height=\"64\" title=\"\" srcset=\"https:\/\/justvape.nu\/wp-content\/uploads\/2018\/05\/Color-Schemes.png 950w, https:\/\/justvape.nu\/wp-content\/uploads\/2018\/05\/Color-Schemes-555x37.png 555w, https:\/\/justvape.nu\/wp-content\/uploads\/2018\/05\/Color-Schemes-64x4.png 64w, https:\/\/justvape.nu\/wp-content\/uploads\/2018\/05\/Color-Schemes-300x20.png 300w, https:\/\/justvape.nu\/wp-content\/uploads\/2018\/05\/Color-Schemes-768x52.png 768w\" sizes=\"auto, (max-width: 950px) 100vw, 950px\" \/><\/a><\/p>\n<p class=\"description-img-center\"><a href=\"https:\/\/justvape.nu\/wp-content\/uploads\/2023\/11\/OXVA_Xlim_SQ_Pro_Kit_Colors.jpg\"><img loading=\"lazy\" decoding=\"async\" class=\"alignnone wp-image-650715\" src=\"https:\/\/justvape.nu\/wp-content\/uploads\/2023\/11\/OXVA_Xlim_SQ_Pro_Kit_Colors.jpg\" alt=\"\" width=\"937\" height=\"782\" title=\"\" srcset=\"https:\/\/justvape.nu\/wp-content\/uploads\/2023\/11\/OXVA_Xlim_SQ_Pro_Kit_Colors.jpg 800w, https:\/\/justvape.nu\/wp-content\/uploads\/2023\/11\/OXVA_Xlim_SQ_Pro_Kit_Colors-600x501.jpg 600w, https:\/\/justvape.nu\/wp-content\/uploads\/2023\/11\/OXVA_Xlim_SQ_Pro_Kit_Colors-64x53.jpg 64w, https:\/\/justvape.nu\/wp-content\/uploads\/2023\/11\/OXVA_Xlim_SQ_Pro_Kit_Colors-300x251.jpg 300w, https:\/\/justvape.nu\/wp-content\/uploads\/2023\/11\/OXVA_Xlim_SQ_Pro_Kit_Colors-768x641.jpg 768w\" sizes=\"auto, (max-width: 937px) 100vw, 937px\" \/><\/a><\/p>\n<div class=\"shop-features \">\n<h2 class=\"shop-features-title \"><a href=\"https:\/\/justvape.nu\/wp-content\/uploads\/2018\/05\/Specifications.png\"><img loading=\"lazy\" decoding=\"async\" class=\"alignnone size-full wp-image-18993\" src=\"https:\/\/justvape.nu\/wp-content\/uploads\/2018\/05\/Specifications.png\" alt=\"\" width=\"950\" height=\"64\" title=\"\" srcset=\"https:\/\/justvape.nu\/wp-content\/uploads\/2018\/05\/Specifications.png 950w, https:\/\/justvape.nu\/wp-content\/uploads\/2018\/05\/Specifications-555x37.png 555w, https:\/\/justvape.nu\/wp-content\/uploads\/2018\/05\/Specifications-64x4.png 64w, https:\/\/justvape.nu\/wp-content\/uploads\/2018\/05\/Specifications-300x20.png 300w, https:\/\/justvape.nu\/wp-content\/uploads\/2018\/05\/Specifications-768x52.png 768w\" sizes=\"auto, (max-width: 950px) 100vw, 950px\" \/><\/a><\/h2>\n<\/div>\n<table class=\"description-table\">\n<tbody>\n<tr>\n<td class=\"strong-title \">Marke<\/td>\n<td class=\"inline\">OXVA<\/td>\n<\/tr>\n<tr>\n<td class=\"strong-title \">Produktname<\/td>\n<td class=\"inline\">Xlim SQ Pro Bausatz<\/td>\n<\/tr>\n<tr>\n<td class=\"strong-title \">Ausgangsleistung<\/td>\n<td class=\"inline\">5-30W<\/td>\n<\/tr>\n<tr>\n<td class=\"strong-title \">Kapazit\u00e4t der Kartusche<\/td>\n<td class=\"inline\">2ml<\/td>\n<\/tr>\n<tr>\n<td class=\"strong-title \">Widerstandsbereich<\/td>\n<td class=\"inline\">0.33-3.0ohm<\/td>\n<\/tr>\n<tr>\n<td class=\"strong-title \">Kompatible Pods<\/td>\n<td class=\"inline\">XLIM Top Fill Kartusche (0,4\u03a9\/0,6\u03a9\/0,8\u03a9\/1,2\u03a9)<br \/>\nXLIM V2 Patrone (0,6\u03a9\/0,8\u03a9\/1,2\u03a9)<br \/>\nXLIM Vorgef\u00fcllte Kartusche<\/td>\n<\/tr>\n<tr>\n<td class=\"strong-title \">Nachf\u00fcllsystem<\/td>\n<td class=\"inline\">Nachf\u00fcllen oben<\/td>\n<\/tr>\n<tr>\n<td class=\"strong-title \">Luftstromkontrolle<\/td>\n<td class=\"inline\">Seite AFC<\/td>\n<\/tr>\n<tr>\n<td class=\"strong-title \">Bildschirm<\/td>\n<td class=\"inline\">0,96-Zoll-TFT-Farbbildschirm<\/td>\n<\/tr>\n<tr>\n<td class=\"strong-title \">Batterie<\/td>\n<td class=\"inline\">1200mAh<\/td>\n<\/tr>\n<tr>\n<td class=\"strong-title \">Aufladen<\/td>\n<td class=\"inline\">5V\/2A, Typ-C<\/td>\n<\/tr>\n<tr>\n<td class=\"strong-title \">Material<\/td>\n<td class=\"inline\">Zinklegierung+IML+PCTG<\/td>\n<\/tr>\n<tr>\n<td class=\"strong-title \">Gr\u00f6\u00dfe<\/td>\n<td class=\"inline\">54.4*20.4*77.0mm<\/td>\n<\/tr>\n<tr>\n<td class=\"strong-title \">Farbe<\/td>\n<td class=\"inline\">Bronze Wood, Gunmetal Wood, Black Carbon, Gold Carbon, Gentle Blue, Mauve White, Pastel Pink, Spring White<\/td>\n<\/tr>\n<\/tbody>\n<\/table>\n<div class=\"shop-features \">\n<h2 class=\"shop-features-title \"><a href=\"https:\/\/justvape.nu\/wp-content\/uploads\/2018\/05\/Features.png\"><img loading=\"lazy\" decoding=\"async\" class=\"alignnone size-full wp-image-248458\" src=\"https:\/\/justvape.nu\/wp-content\/uploads\/2018\/05\/Features.png\" alt=\"\" width=\"950\" height=\"64\" title=\"\" srcset=\"https:\/\/justvape.nu\/wp-content\/uploads\/2018\/05\/Features.png 950w, https:\/\/justvape.nu\/wp-content\/uploads\/2018\/05\/Features-600x40.png 600w, https:\/\/justvape.nu\/wp-content\/uploads\/2018\/05\/Features-64x4.png 64w, https:\/\/justvape.nu\/wp-content\/uploads\/2018\/05\/Features-300x20.png 300w, https:\/\/justvape.nu\/wp-content\/uploads\/2018\/05\/Features-768x52.png 768w\" sizes=\"auto, (max-width: 950px) 100vw, 950px\" \/><\/a><\/h2>\n<\/div>\n<ul>\n<li style=\"list-style-type: none;\">\n<ul>\n<li>1. 30 W maximale Ausgangsleistung<\/li>\n<li>2. 0,96 Zoll TFT-Farbbildschirm<\/li>\n<li>3. Optionale dynamische Themen<\/li>\n<li>4. 1200mAh eingebauter Akku<\/li>\n<li>5. Kompatibel mit Patronen der XLIM-Serie<\/li>\n<li>6. Hochgradig auslaufsicher<\/li>\n<li>7. Smart &amp; Power Modus<\/li>\n<\/ul>\n<\/li>\n<\/ul>\n<div class=\"img-show-more\">\n<div id=\"img_content_less\" class=\"img-content add-more\">\n<p class=\"description-img-center\"><a href=\"https:\/\/justvape.nu\/wp-content\/uploads\/2023\/11\/OXVA_Xlim_SQ_Pro_Kit_Battery_Capacity.jpg\"><img loading=\"lazy\" decoding=\"async\" class=\"alignnone size-full wp-image-650724\" src=\"https:\/\/justvape.nu\/wp-content\/uploads\/2023\/11\/OXVA_Xlim_SQ_Pro_Kit_Battery_Capacity.jpg\" alt=\"\" width=\"831\" height=\"487\" title=\"\" srcset=\"https:\/\/justvape.nu\/wp-content\/uploads\/2023\/11\/OXVA_Xlim_SQ_Pro_Kit_Battery_Capacity.jpg 831w, https:\/\/justvape.nu\/wp-content\/uploads\/2023\/11\/OXVA_Xlim_SQ_Pro_Kit_Battery_Capacity-600x352.jpg 600w, https:\/\/justvape.nu\/wp-content\/uploads\/2023\/11\/OXVA_Xlim_SQ_Pro_Kit_Battery_Capacity-64x38.jpg 64w, https:\/\/justvape.nu\/wp-content\/uploads\/2023\/11\/OXVA_Xlim_SQ_Pro_Kit_Battery_Capacity-300x176.jpg 300w, https:\/\/justvape.nu\/wp-content\/uploads\/2023\/11\/OXVA_Xlim_SQ_Pro_Kit_Battery_Capacity-768x450.jpg 768w\" sizes=\"auto, (max-width: 831px) 100vw, 831px\" \/><\/a> <a href=\"https:\/\/justvape.nu\/wp-content\/uploads\/2023\/11\/OXVA_Xlim_SQ_Pro_Kit_Features.jpg\"><img loading=\"lazy\" decoding=\"async\" class=\"alignnone size-full wp-image-650732\" src=\"https:\/\/justvape.nu\/wp-content\/uploads\/2023\/11\/OXVA_Xlim_SQ_Pro_Kit_Features.jpg\" alt=\"\" width=\"831\" height=\"390\" title=\"\" srcset=\"https:\/\/justvape.nu\/wp-content\/uploads\/2023\/11\/OXVA_Xlim_SQ_Pro_Kit_Features.jpg 831w, https:\/\/justvape.nu\/wp-content\/uploads\/2023\/11\/OXVA_Xlim_SQ_Pro_Kit_Features-600x282.jpg 600w, https:\/\/justvape.nu\/wp-content\/uploads\/2023\/11\/OXVA_Xlim_SQ_Pro_Kit_Features-64x30.jpg 64w, https:\/\/justvape.nu\/wp-content\/uploads\/2023\/11\/OXVA_Xlim_SQ_Pro_Kit_Features-300x141.jpg 300w, https:\/\/justvape.nu\/wp-content\/uploads\/2023\/11\/OXVA_Xlim_SQ_Pro_Kit_Features-768x360.jpg 768w\" sizes=\"auto, (max-width: 831px) 100vw, 831px\" \/><\/a> <a href=\"https:\/\/justvape.nu\/wp-content\/uploads\/2023\/11\/OXVA_Xlim_SQ_Pro_Kit_Main_Features.jpg\"><img loading=\"lazy\" decoding=\"async\" class=\"alignnone size-full wp-image-650740\" src=\"https:\/\/justvape.nu\/wp-content\/uploads\/2023\/11\/OXVA_Xlim_SQ_Pro_Kit_Main_Features.jpg\" alt=\"\" width=\"831\" height=\"439\" title=\"\" srcset=\"https:\/\/justvape.nu\/wp-content\/uploads\/2023\/11\/OXVA_Xlim_SQ_Pro_Kit_Main_Features.jpg 831w, https:\/\/justvape.nu\/wp-content\/uploads\/2023\/11\/OXVA_Xlim_SQ_Pro_Kit_Main_Features-600x317.jpg 600w, https:\/\/justvape.nu\/wp-content\/uploads\/2023\/11\/OXVA_Xlim_SQ_Pro_Kit_Main_Features-64x34.jpg 64w, https:\/\/justvape.nu\/wp-content\/uploads\/2023\/11\/OXVA_Xlim_SQ_Pro_Kit_Main_Features-300x158.jpg 300w, https:\/\/justvape.nu\/wp-content\/uploads\/2023\/11\/OXVA_Xlim_SQ_Pro_Kit_Main_Features-768x406.jpg 768w\" sizes=\"auto, (max-width: 831px) 100vw, 831px\" \/><\/a><\/p>\n<p class=\"description-img-center\"><a href=\"https:\/\/justvape.nu\/wp-content\/uploads\/2018\/05\/Packing-List.png\"><img loading=\"lazy\" decoding=\"async\" class=\"alignnone size-full wp-image-18995\" src=\"https:\/\/justvape.nu\/wp-content\/uploads\/2018\/05\/Packing-List.png\" alt=\"\" width=\"950\" height=\"64\" title=\"\" srcset=\"https:\/\/justvape.nu\/wp-content\/uploads\/2018\/05\/Packing-List.png 950w, https:\/\/justvape.nu\/wp-content\/uploads\/2018\/05\/Packing-List-555x37.png 555w, https:\/\/justvape.nu\/wp-content\/uploads\/2018\/05\/Packing-List-64x4.png 64w, https:\/\/justvape.nu\/wp-content\/uploads\/2018\/05\/Packing-List-300x20.png 300w, https:\/\/justvape.nu\/wp-content\/uploads\/2018\/05\/Packing-List-768x52.png 768w\" sizes=\"auto, (max-width: 950px) 100vw, 950px\" \/><\/a><\/p>\n<\/div>\n<\/div>\n<p>1* Xlim SQ Pro Ger\u00e4t<br \/>\n1* Top Fill Kartusche 0.6ohm (vorinstalliert)<br \/>\n1* Top Fill Kartusche 0.8ohm<br \/>\n1* Typ-C Kabel<br \/>\n1* Umh\u00e4ngeband<br \/>\n1 * Benutzerhandbuch<\/p>\n<p class=\"description-img-center \"><a href=\"https:\/\/justvape.nu\/wp-content\/uploads\/2023\/11\/OXVA_Xlim_SQ_Pro_Kit_Package_List.jpg\"><img loading=\"lazy\" decoding=\"async\" class=\"alignnone size-full wp-image-650748\" src=\"https:\/\/justvape.nu\/wp-content\/uploads\/2023\/11\/OXVA_Xlim_SQ_Pro_Kit_Package_List.jpg\" alt=\"\" width=\"831\" height=\"340\" title=\"\" srcset=\"https:\/\/justvape.nu\/wp-content\/uploads\/2023\/11\/OXVA_Xlim_SQ_Pro_Kit_Package_List.jpg 831w, https:\/\/justvape.nu\/wp-content\/uploads\/2023\/11\/OXVA_Xlim_SQ_Pro_Kit_Package_List-600x245.jpg 600w, https:\/\/justvape.nu\/wp-content\/uploads\/2023\/11\/OXVA_Xlim_SQ_Pro_Kit_Package_List-64x26.jpg 64w, https:\/\/justvape.nu\/wp-content\/uploads\/2023\/11\/OXVA_Xlim_SQ_Pro_Kit_Package_List-300x123.jpg 300w, https:\/\/justvape.nu\/wp-content\/uploads\/2023\/11\/OXVA_Xlim_SQ_Pro_Kit_Package_List-768x314.jpg 768w\" sizes=\"auto, (max-width: 831px) 100vw, 831px\" \/><\/a><\/p>\n","protected":false},"excerpt":{"rendered":"<p>OXVA &#8211; XLIM SQ PRO POD<\/p>\n","protected":false},"featured_media":650768,"comment_status":"open","ping_status":"closed","template":"","meta":{"_acf_changed":false,"_uag_custom_page_level_css":"","site-sidebar-layout":"default","site-content-layout":"","ast-site-content-layout":"default","site-content-style":"default","site-sidebar-style":"default","ast-global-header-display":"","ast-banner-title-visibility":"","ast-main-header-display":"","ast-hfb-above-header-display":"","ast-hfb-below-header-display":"","ast-hfb-mobile-header-display":"","site-post-title":"","ast-breadcrumbs-content":"","ast-featured-img":"","footer-sml-layout":"","ast-disable-related-posts":"","theme-transparent-header-meta":"default","adv-header-id-meta":"","stick-header-meta":"default","header-above-stick-meta":"","header-main-stick-meta":"","header-below-stick-meta":"","astra-migrate-meta-layouts":"default","ast-page-background-enabled":"default","ast-page-background-meta":{"desktop":{"background-color":"","background-image":"","background-repeat":"repeat","background-position":"center center","background-size":"auto","background-attachment":"scroll","background-type":"","background-media":"","overlay-type":"","overlay-color":"","overlay-opacity":"","overlay-gradient":""},"tablet":{"background-color":"","background-image":"","background-repeat":"repeat","background-position":"center center","background-size":"auto","background-attachment":"scroll","background-type":"","background-media":"","overlay-type":"","overlay-color":"","overlay-opacity":"","overlay-gradient":""},"mobile":{"background-color":"","background-image":"","background-repeat":"repeat","background-position":"center center","background-size":"auto","background-attachment":"scroll","background-type":"","background-media":"","overlay-type":"","overlay-color":"","overlay-opacity":"","overlay-gradient":""}},"ast-content-background-meta":{"desktop":{"background-color":"var(--ast-global-color-5)","background-image":"","background-repeat":"repeat","background-position":"center center","background-size":"auto","background-attachment":"scroll","background-type":"","background-media":"","overlay-type":"","overlay-color":"","overlay-opacity":"","overlay-gradient":""},"tablet":{"background-color":"var(--ast-global-color-5)","background-image":"","background-repeat":"repeat","background-position":"center center","background-size":"auto","background-attachment":"scroll","background-type":"","background-media":"","overlay-type":"","overlay-color":"","overlay-opacity":"","overlay-gradient":""},"mobile":{"background-color":"var(--ast-global-color-5)","background-image":"","background-repeat":"repeat","background-position":"center center","background-size":"auto","background-attachment":"scroll","background-type":"","background-media":"","overlay-type":"","overlay-color":"","overlay-opacity":"","overlay-gradient":""}}},"product_brand":[],"product_cat":[2077,2067,2511,1868,6190,2512],"product_tag":[],"class_list":{"0":"post-650880","1":"product","2":"type-product","3":"status-publish","4":"has-post-thumbnail","6":"product_cat-anfaenger-kits-pods","7":"product_cat-e-zigaretten","8":"product_cat-hardware-de","9":"product_cat-new-products-de","10":"product_cat-oxva-de","11":"product_cat-shop-by-brand-de","12":"desktop-align-center","13":"tablet-align-center","14":"mobile-align-center","15":"ast-product-gallery-layout-horizontal-slider","16":"ast-product-single-variable","17":"ast-product-tabs-layout-horizontal","19":"first","20":"instock","21":"sale","22":"taxable","23":"shipping-taxable","24":"purchasable","25":"product-type-variable"},"acf":[],"uagb_featured_image_src":{"full":["https:\/\/justvape.nu\/wp-content\/uploads\/2023\/11\/iUbGrQJu.jpeg",600,600,false],"thumbnail":["https:\/\/justvape.nu\/wp-content\/uploads\/2023\/11\/iUbGrQJu-150x150.jpeg",150,150,true],"medium":["https:\/\/justvape.nu\/wp-content\/uploads\/2023\/11\/iUbGrQJu-300x300.jpeg",300,300,true],"medium_large":["https:\/\/justvape.nu\/wp-content\/uploads\/2023\/11\/iUbGrQJu.jpeg",600,600,false],"large":["https:\/\/justvape.nu\/wp-content\/uploads\/2023\/11\/iUbGrQJu.jpeg",600,600,false],"1536x1536":["https:\/\/justvape.nu\/wp-content\/uploads\/2023\/11\/iUbGrQJu.jpeg",600,600,false],"2048x2048":["https:\/\/justvape.nu\/wp-content\/uploads\/2023\/11\/iUbGrQJu.jpeg",600,600,false],"woocommerce_thumbnail":["https:\/\/justvape.nu\/wp-content\/uploads\/2023\/11\/iUbGrQJu-300x300.jpeg",300,300,true],"woocommerce_single":["https:\/\/justvape.nu\/wp-content\/uploads\/2023\/11\/iUbGrQJu.jpeg",600,600,false],"woocommerce_gallery_thumbnail":["https:\/\/justvape.nu\/wp-content\/uploads\/2023\/11\/iUbGrQJu-100x100.jpeg",100,100,true],"dgwt-wcas-product-suggestion":["https:\/\/justvape.nu\/wp-content\/uploads\/2023\/11\/iUbGrQJu-64x64.jpeg",64,64,true]},"uagb_author_info":{"display_name":"Kenneth Merkur","author_link":"https:\/\/justvape.nu\/de\/author\/"},"uagb_comment_info":0,"uagb_excerpt":"OXVA - XLIM SQ PRO POD","_links":{"self":[{"href":"https:\/\/justvape.nu\/de\/wp-json\/wp\/v2\/product\/650880","targetHints":{"allow":["GET"]}}],"collection":[{"href":"https:\/\/justvape.nu\/de\/wp-json\/wp\/v2\/product"}],"about":[{"href":"https:\/\/justvape.nu\/de\/wp-json\/wp\/v2\/types\/product"}],"replies":[{"embeddable":true,"href":"https:\/\/justvape.nu\/de\/wp-json\/wp\/v2\/comments?post=650880"}],"wp:featuredmedia":[{"embeddable":true,"href":"https:\/\/justvape.nu\/de\/wp-json\/wp\/v2\/media\/650768"}],"wp:attachment":[{"href":"https:\/\/justvape.nu\/de\/wp-json\/wp\/v2\/media?parent=650880"}],"wp:term":[{"taxonomy":"product_brand","embeddable":true,"href":"https:\/\/justvape.nu\/de\/wp-json\/wp\/v2\/product_brand?post=650880"},{"taxonomy":"product_cat","embeddable":true,"href":"https:\/\/justvape.nu\/de\/wp-json\/wp\/v2\/product_cat?post=650880"},{"taxonomy":"product_tag","embeddable":true,"href":"https:\/\/justvape.nu\/de\/wp-json\/wp\/v2\/product_tag?post=650880"}],"curies":[{"name":"wp","href":"https:\/\/api.w.org\/{rel}","templated":true}]}}