{"id":646787,"date":"2023-10-28T11:51:19","date_gmt":"2023-10-28T09:51:19","guid":{"rendered":"https:\/\/justvape.nu\/produkt\/vaporesso-armour-s-mod\/"},"modified":"2025-02-02T00:02:44","modified_gmt":"2025-02-01T23:02:44","slug":"vaporesso-armour-s-mod","status":"publish","type":"product","link":"https:\/\/justvape.nu\/de\/produkt\/vaporesso-armour-s-mod\/","title":{"rendered":"VAPORESSO &#8211; ARMOUR S MOD"},"content":{"rendered":"<h2>VAPORESSO &#8211; ARMOUR S MOD<\/h2>\n<p>&nbsp;<\/p>\n<p>Armour S Mod unterst\u00fctzt eine einzelne 18650 oder 21700 Batterie und hat einen Leistungsbereich von 5-100W. Er ist vollst\u00e4ndig aus TPU-Material gefertigt und sehr haltbar. Angetrieben von einem AXON-Chip bietet er eine umfassende Auswahl an Modi f\u00fcr ein wirklich professionelles Dampferlebnis, wie z.B. die Modi PULSE, ECO und TC-TI. Ein Uni-Knopf ist so konzipiert, dass er sowohl eine Z\u00fcnd- als auch eine Sperrfunktion hat, die auf intelligente Art und Weise die Energie freisetzt und sichert. Dar\u00fcber hinaus ist der Vaporesso Armour S Mod mit einem innovativen Akkudeckel-Mechanismus ausgestattet, und Sie k\u00f6nnen den Akkudeckel mit gro\u00dfer Einfachheit und Stabilit\u00e4t entriegeln.<\/p>\n<p><a href=\"https:\/\/justvape.nu\/wp-content\/uploads\/2018\/05\/Color-Schemes.png\"><img loading=\"lazy\" decoding=\"async\" class=\"alignnone size-full wp-image-249099\" src=\"https:\/\/justvape.nu\/wp-content\/uploads\/2018\/05\/Color-Schemes.png\" alt=\"\" width=\"950\" height=\"64\" title=\"\" srcset=\"https:\/\/justvape.nu\/wp-content\/uploads\/2018\/05\/Color-Schemes.png 950w, https:\/\/justvape.nu\/wp-content\/uploads\/2018\/05\/Color-Schemes-600x40.png 600w, https:\/\/justvape.nu\/wp-content\/uploads\/2018\/05\/Color-Schemes-64x4.png 64w, https:\/\/justvape.nu\/wp-content\/uploads\/2018\/05\/Color-Schemes-300x20.png 300w, https:\/\/justvape.nu\/wp-content\/uploads\/2018\/05\/Color-Schemes-768x52.png 768w\" sizes=\"auto, (max-width: 950px) 100vw, 950px\" \/><\/a><\/p>\n<p class=\"description-img-center\"><a href=\"https:\/\/justvape.nu\/wp-content\/uploads\/2023\/10\/hggh.jpg\"><img loading=\"lazy\" decoding=\"async\" class=\"alignnone wp-image-645965\" src=\"https:\/\/justvape.nu\/wp-content\/uploads\/2023\/10\/hggh.jpg\" alt=\"\" width=\"939\" height=\"399\" title=\"\" srcset=\"https:\/\/justvape.nu\/wp-content\/uploads\/2023\/10\/hggh.jpg 800w, https:\/\/justvape.nu\/wp-content\/uploads\/2023\/10\/hggh-600x255.jpg 600w, https:\/\/justvape.nu\/wp-content\/uploads\/2023\/10\/hggh-64x27.jpg 64w, https:\/\/justvape.nu\/wp-content\/uploads\/2023\/10\/hggh-300x128.jpg 300w, https:\/\/justvape.nu\/wp-content\/uploads\/2023\/10\/hggh-768x326.jpg 768w\" sizes=\"auto, (max-width: 939px) 100vw, 939px\" \/><\/a><\/p>\n<div class=\"shop-features \">\n<h2 class=\"shop-features-title \"><a href=\"https:\/\/justvape.nu\/wp-content\/uploads\/2018\/05\/Specifications.png\"><img loading=\"lazy\" decoding=\"async\" class=\"alignnone size-full wp-image-248449\" src=\"https:\/\/justvape.nu\/wp-content\/uploads\/2018\/05\/Specifications.png\" alt=\"\" width=\"950\" height=\"64\" title=\"\" srcset=\"https:\/\/justvape.nu\/wp-content\/uploads\/2018\/05\/Specifications.png 950w, https:\/\/justvape.nu\/wp-content\/uploads\/2018\/05\/Specifications-600x40.png 600w, https:\/\/justvape.nu\/wp-content\/uploads\/2018\/05\/Specifications-64x4.png 64w, https:\/\/justvape.nu\/wp-content\/uploads\/2018\/05\/Specifications-300x20.png 300w, https:\/\/justvape.nu\/wp-content\/uploads\/2018\/05\/Specifications-768x52.png 768w\" sizes=\"auto, (max-width: 950px) 100vw, 950px\" \/><\/a><\/h2>\n<\/div>\n<table class=\"description-table\">\n<tbody>\n<tr>\n<td class=\"strong-title \">Marke<\/td>\n<td class=\"inline\">Vaporesso<\/td>\n<\/tr>\n<tr>\n<td class=\"strong-title \">Produktname<\/td>\n<td class=\"inline\">R\u00fcstung S Mod<\/td>\n<\/tr>\n<tr>\n<td class=\"strong-title \">Abmessungen<\/td>\n<td class=\"inline\">95*41.9*36mm<\/td>\n<\/tr>\n<tr>\n<td class=\"strong-title \">Akku-Typ<\/td>\n<td class=\"inline\">Einzelne 21700 oder 18650 Batterie (nicht enthalten)<\/td>\n<\/tr>\n<tr>\n<td class=\"strong-title \">Ausgangsleistung<\/td>\n<td class=\"inline\">5-100W<\/td>\n<\/tr>\n<tr>\n<td class=\"strong-title \">Ladestrom<\/td>\n<td class=\"inline\">DC 5V\/2A, Typ-C<\/td>\n<\/tr>\n<tr>\n<td class=\"strong-title \">Anzeige<\/td>\n<td class=\"inline\">0,96-Zoll-TFT-Bildschirm<\/td>\n<\/tr>\n<tr>\n<td class=\"strong-title \">Kompatibel mit<\/td>\n<td class=\"inline\">Vaporesso Armour S Kit, Vaporesso iTank 2<\/td>\n<\/tr>\n<tr>\n<td class=\"strong-title \">Farbe<\/td>\n<td class=\"inline\">Schwarz, Gr\u00fcn, Silber, Gelb, Orange<\/td>\n<\/tr>\n<\/tbody>\n<\/table>\n<div class=\"shop-features \">\n<h2 class=\"shop-features-title \"><a href=\"https:\/\/justvape.nu\/wp-content\/uploads\/2018\/05\/Features.png\"><img loading=\"lazy\" decoding=\"async\" class=\"alignnone size-full wp-image-18994\" src=\"https:\/\/justvape.nu\/wp-content\/uploads\/2018\/05\/Features.png\" alt=\"\" width=\"950\" height=\"64\" title=\"\" srcset=\"https:\/\/justvape.nu\/wp-content\/uploads\/2018\/05\/Features.png 950w, https:\/\/justvape.nu\/wp-content\/uploads\/2018\/05\/Features-555x37.png 555w, https:\/\/justvape.nu\/wp-content\/uploads\/2018\/05\/Features-64x4.png 64w, https:\/\/justvape.nu\/wp-content\/uploads\/2018\/05\/Features-300x20.png 300w, https:\/\/justvape.nu\/wp-content\/uploads\/2018\/05\/Features-768x52.png 768w\" sizes=\"auto, (max-width: 950px) 100vw, 950px\" \/><\/a><\/h2>\n<\/div>\n<ul>\n<li style=\"list-style-type: none;\">\n<ul>\n<li>1. Uni-lock, sichern Sie Ihren Strom<\/li>\n<li>2. Der AXON-Chip bietet eine umfassende Palette von Modi<\/li>\n<li>3. Unterst\u00fctzt 18650\/21700 Batterie<\/li>\n<li>4. Komplett aus TPU-Material gefertigt<\/li>\n<\/ul>\n<\/li>\n<\/ul>\n<p><a href=\"https:\/\/justvape.nu\/wp-content\/uploads\/2023\/10\/Vaporesso_Armour_S_Kit_Modes.jpg\"><img loading=\"lazy\" decoding=\"async\" class=\"alignnone size-full wp-image-645973\" src=\"https:\/\/justvape.nu\/wp-content\/uploads\/2023\/10\/Vaporesso_Armour_S_Kit_Modes.jpg\" alt=\"\" width=\"831\" height=\"479\" title=\"\" srcset=\"https:\/\/justvape.nu\/wp-content\/uploads\/2023\/10\/Vaporesso_Armour_S_Kit_Modes.jpg 831w, https:\/\/justvape.nu\/wp-content\/uploads\/2023\/10\/Vaporesso_Armour_S_Kit_Modes-600x346.jpg 600w, https:\/\/justvape.nu\/wp-content\/uploads\/2023\/10\/Vaporesso_Armour_S_Kit_Modes-64x37.jpg 64w, https:\/\/justvape.nu\/wp-content\/uploads\/2023\/10\/Vaporesso_Armour_S_Kit_Modes-300x173.jpg 300w, https:\/\/justvape.nu\/wp-content\/uploads\/2023\/10\/Vaporesso_Armour_S_Kit_Modes-768x443.jpg 768w\" sizes=\"auto, (max-width: 831px) 100vw, 831px\" \/><\/a> <a href=\"https:\/\/justvape.nu\/wp-content\/uploads\/2023\/10\/Vaporesso_Armour_S_Kit_One_Key_Unlock.jpg\"><img loading=\"lazy\" decoding=\"async\" class=\"alignnone size-full wp-image-645981\" src=\"https:\/\/justvape.nu\/wp-content\/uploads\/2023\/10\/Vaporesso_Armour_S_Kit_One_Key_Unlock.jpg\" alt=\"\" width=\"831\" height=\"465\" title=\"\" srcset=\"https:\/\/justvape.nu\/wp-content\/uploads\/2023\/10\/Vaporesso_Armour_S_Kit_One_Key_Unlock.jpg 831w, https:\/\/justvape.nu\/wp-content\/uploads\/2023\/10\/Vaporesso_Armour_S_Kit_One_Key_Unlock-600x336.jpg 600w, https:\/\/justvape.nu\/wp-content\/uploads\/2023\/10\/Vaporesso_Armour_S_Kit_One_Key_Unlock-64x36.jpg 64w, https:\/\/justvape.nu\/wp-content\/uploads\/2023\/10\/Vaporesso_Armour_S_Kit_One_Key_Unlock-300x168.jpg 300w, https:\/\/justvape.nu\/wp-content\/uploads\/2023\/10\/Vaporesso_Armour_S_Kit_One_Key_Unlock-768x430.jpg 768w\" sizes=\"auto, (max-width: 831px) 100vw, 831px\" \/><\/a><\/p>\n<div class=\"img-show-more\">\n<div id=\"img_content_less\" class=\"img-content add-more\">\n<p class=\"description-img-center\"><a href=\"https:\/\/justvape.nu\/wp-content\/uploads\/2018\/04\/Packing-List.png\"><img loading=\"lazy\" decoding=\"async\" class=\"alignnone size-full wp-image-18999\" src=\"https:\/\/justvape.nu\/wp-content\/uploads\/2018\/04\/Packing-List.png\" alt=\"\" width=\"950\" height=\"64\" title=\"\" srcset=\"https:\/\/justvape.nu\/wp-content\/uploads\/2018\/04\/Packing-List.png 950w, https:\/\/justvape.nu\/wp-content\/uploads\/2018\/04\/Packing-List-555x37.png 555w, https:\/\/justvape.nu\/wp-content\/uploads\/2018\/04\/Packing-List-64x4.png 64w, https:\/\/justvape.nu\/wp-content\/uploads\/2018\/04\/Packing-List-300x20.png 300w, https:\/\/justvape.nu\/wp-content\/uploads\/2018\/04\/Packing-List-768x52.png 768w\" sizes=\"auto, (max-width: 950px) 100vw, 950px\" \/><\/a><\/p>\n<\/div>\n<\/div>\n<p>1* Vaporesso R\u00fcstung S Mod<br \/>\n1* 18650 H\u00fclse (im Inneren des Mods)<br \/>\n1* Typ-C Kabel<br \/>\n1* Benutzerhandbuch &amp; Garantiekarte<br \/>\n1* Sicherheitshandbuch<br \/>\n1* Erinnerungskarte<\/p>\n","protected":false},"excerpt":{"rendered":"<p>VAPORESSO &#8211; ARMOUR S MOD<\/p>\n","protected":false},"featured_media":645679,"comment_status":"open","ping_status":"closed","template":"","meta":{"_acf_changed":false,"_uag_custom_page_level_css":"","site-sidebar-layout":"default","site-content-layout":"","ast-site-content-layout":"default","site-content-style":"default","site-sidebar-style":"default","ast-global-header-display":"","ast-banner-title-visibility":"","ast-main-header-display":"","ast-hfb-above-header-display":"","ast-hfb-below-header-display":"","ast-hfb-mobile-header-display":"","site-post-title":"","ast-breadcrumbs-content":"","ast-featured-img":"","footer-sml-layout":"","ast-disable-related-posts":"","theme-transparent-header-meta":"default","adv-header-id-meta":"","stick-header-meta":"default","header-above-stick-meta":"","header-main-stick-meta":"","header-below-stick-meta":"","astra-migrate-meta-layouts":"default","ast-page-background-enabled":"default","ast-page-background-meta":{"desktop":{"background-color":"","background-image":"","background-repeat":"repeat","background-position":"center center","background-size":"auto","background-attachment":"scroll","background-type":"","background-media":"","overlay-type":"","overlay-color":"","overlay-opacity":"","overlay-gradient":""},"tablet":{"background-color":"","background-image":"","background-repeat":"repeat","background-position":"center center","background-size":"auto","background-attachment":"scroll","background-type":"","background-media":"","overlay-type":"","overlay-color":"","overlay-opacity":"","overlay-gradient":""},"mobile":{"background-color":"","background-image":"","background-repeat":"repeat","background-position":"center center","background-size":"auto","background-attachment":"scroll","background-type":"","background-media":"","overlay-type":"","overlay-color":"","overlay-opacity":"","overlay-gradient":""}},"ast-content-background-meta":{"desktop":{"background-color":"var(--ast-global-color-5)","background-image":"","background-repeat":"repeat","background-position":"center center","background-size":"auto","background-attachment":"scroll","background-type":"","background-media":"","overlay-type":"","overlay-color":"","overlay-opacity":"","overlay-gradient":""},"tablet":{"background-color":"var(--ast-global-color-5)","background-image":"","background-repeat":"repeat","background-position":"center center","background-size":"auto","background-attachment":"scroll","background-type":"","background-media":"","overlay-type":"","overlay-color":"","overlay-opacity":"","overlay-gradient":""},"mobile":{"background-color":"var(--ast-global-color-5)","background-image":"","background-repeat":"repeat","background-position":"center center","background-size":"auto","background-attachment":"scroll","background-type":"","background-media":"","overlay-type":"","overlay-color":"","overlay-opacity":"","overlay-gradient":""}}},"product_brand":[],"product_cat":[2067,2511,2119,2512,4265],"product_tag":[],"class_list":{"0":"post-646787","1":"product","2":"type-product","3":"status-publish","4":"has-post-thumbnail","6":"product_cat-e-zigaretten","7":"product_cat-hardware-de","8":"product_cat-mods","9":"product_cat-shop-by-brand-de","10":"product_cat-vaporesso-de","11":"desktop-align-center","12":"tablet-align-center","13":"mobile-align-center","14":"ast-product-gallery-layout-horizontal-slider","15":"ast-product-single-variable","16":"ast-product-tabs-layout-horizontal","18":"first","19":"instock","20":"sale","21":"taxable","22":"shipping-taxable","23":"purchasable","24":"product-type-variable"},"acf":[],"uagb_featured_image_src":{"full":["https:\/\/justvape.nu\/wp-content\/uploads\/2023\/10\/7fIKxOZ8.jpeg",600,600,false],"thumbnail":["https:\/\/justvape.nu\/wp-content\/uploads\/2023\/10\/7fIKxOZ8-150x150.jpeg",150,150,true],"medium":["https:\/\/justvape.nu\/wp-content\/uploads\/2023\/10\/7fIKxOZ8-300x300.jpeg",300,300,true],"medium_large":["https:\/\/justvape.nu\/wp-content\/uploads\/2023\/10\/7fIKxOZ8.jpeg",600,600,false],"large":["https:\/\/justvape.nu\/wp-content\/uploads\/2023\/10\/7fIKxOZ8.jpeg",600,600,false],"1536x1536":["https:\/\/justvape.nu\/wp-content\/uploads\/2023\/10\/7fIKxOZ8.jpeg",600,600,false],"2048x2048":["https:\/\/justvape.nu\/wp-content\/uploads\/2023\/10\/7fIKxOZ8.jpeg",600,600,false],"woocommerce_thumbnail":["https:\/\/justvape.nu\/wp-content\/uploads\/2023\/10\/7fIKxOZ8-300x300.jpeg",300,300,true],"woocommerce_single":["https:\/\/justvape.nu\/wp-content\/uploads\/2023\/10\/7fIKxOZ8.jpeg",600,600,false],"woocommerce_gallery_thumbnail":["https:\/\/justvape.nu\/wp-content\/uploads\/2023\/10\/7fIKxOZ8-100x100.jpeg",100,100,true],"dgwt-wcas-product-suggestion":["https:\/\/justvape.nu\/wp-content\/uploads\/2023\/10\/7fIKxOZ8-64x64.jpeg",64,64,true]},"uagb_author_info":{"display_name":"Kenneth Merkur","author_link":"https:\/\/justvape.nu\/de\/author\/"},"uagb_comment_info":0,"uagb_excerpt":"VAPORESSO - ARMOUR S MOD","_links":{"self":[{"href":"https:\/\/justvape.nu\/de\/wp-json\/wp\/v2\/product\/646787","targetHints":{"allow":["GET"]}}],"collection":[{"href":"https:\/\/justvape.nu\/de\/wp-json\/wp\/v2\/product"}],"about":[{"href":"https:\/\/justvape.nu\/de\/wp-json\/wp\/v2\/types\/product"}],"replies":[{"embeddable":true,"href":"https:\/\/justvape.nu\/de\/wp-json\/wp\/v2\/comments?post=646787"}],"wp:featuredmedia":[{"embeddable":true,"href":"https:\/\/justvape.nu\/de\/wp-json\/wp\/v2\/media\/645679"}],"wp:attachment":[{"href":"https:\/\/justvape.nu\/de\/wp-json\/wp\/v2\/media?parent=646787"}],"wp:term":[{"taxonomy":"product_brand","embeddable":true,"href":"https:\/\/justvape.nu\/de\/wp-json\/wp\/v2\/product_brand?post=646787"},{"taxonomy":"product_cat","embeddable":true,"href":"https:\/\/justvape.nu\/de\/wp-json\/wp\/v2\/product_cat?post=646787"},{"taxonomy":"product_tag","embeddable":true,"href":"https:\/\/justvape.nu\/de\/wp-json\/wp\/v2\/product_tag?post=646787"}],"curies":[{"name":"wp","href":"https:\/\/api.w.org\/{rel}","templated":true}]}}