{"id":646715,"date":"2023-10-28T11:41:39","date_gmt":"2023-10-28T09:41:39","guid":{"rendered":"https:\/\/justvape.nu\/produkt\/lost-vape-ursa-nano-2-pod-kit\/"},"modified":"2026-02-27T13:55:21","modified_gmt":"2026-02-27T12:55:21","slug":"lost-vape-ursa-nano-2-pod-kit","status":"publish","type":"product","link":"https:\/\/justvape.nu\/de\/produkt\/lost-vape-ursa-nano-2-pod-kit\/","title":{"rendered":"LOST VAPE &#8211; URSA NANO 2 POD KIT"},"content":{"rendered":"<h2>LOST VAPE &#8211; URSA NANO 2 POD KIT<\/h2>\n<p><span style=\"font-size: 16px;\">Einf\u00fchrung in den Ursa Nano 2<\/span><span style=\"font-size: 16px;\"> <\/span><span style=\"font-size: 16px;\">Pod-Bausatz<\/span><span style=\"font-size: 16px;\">  von Lost Vape &#8211; ein schlankes und stilvolles Ger\u00e4t, das ein au\u00dfergew\u00f6hnliches Erlebnis bietet. Der Ursa Nano 2 ist ein elegantes und einfaches Pod-Kit, das die Ursa Nano-Pods mit einem Fassungsverm\u00f6gen von 2 ml verwendet und somit perfekt f\u00fcr Nikotinsalz-E-Liquids ist. Sie verf\u00fcgt \u00fcber ein Inhalationsaktivierungssystem, d.h. Sie k\u00f6nnen einfach einen Zug nehmen, um mit dem Dampfen zu beginnen. Dies und sein kompaktes und leichtes Design machen es einfach, es den ganzen Tag mit sich herumzutragen.<\/span><\/p>\n<div class=\"collapsible-tab__text\">\n<p>Der integrierte 900-mAh-Akku sorgt f\u00fcr langanhaltende Vaping-Sessions und kann \u00fcber den 1-Ampere-USB-Typ-C-Ladeanschluss schnell wieder aufgeladen werden. Mit einer maximalen Ausgangsleistung von 22 Watt k\u00f6nnen Sie einen befriedigenden Zug genie\u00dfen, w\u00e4hrend die Aromen Ihrer E-Liquids erhalten bleiben. Die einstellbare Airflow-Funktion erm\u00f6glicht es Ihnen, Ihre Inhalation zu begrenzen, so dass Sie ein individuelles Dampferlebnis haben. Das Ursa Nano 2 verf\u00fcgt au\u00dferdem \u00fcber eine LED-Hintergrundbeleuchtung, die den ohnehin schon auff\u00e4lligen Designs auf dem Geh\u00e4use des Ger\u00e4ts weitere visuelle Effekte verleiht.<\/p>\n<p>Das Ursa Nano 2 Pod Kit von Lost Vape ist ein kompaktes und leistungsstarkes Vaping-Ger\u00e4t. Sie verwendet Ursa Nano-Pods mit einem Fassungsverm\u00f6gen von 2 ml f\u00fcr Nikotinsalz-E-Liquids. Mit der Inhalationsaktivierung und dem leichten Design ist er perfekt f\u00fcr das Dampfen unterwegs. Der integrierte 900-mAh-Akku kann \u00fcber USB Typ-C schnell aufgeladen werden. Mit einer maximalen Ausgangsleistung von 22 Watt, einstellbarer Luftzufuhr und LED-Hintergrundbeleuchtung kombiniert dieses Pod-Kit Stil und Funktionalit\u00e4t f\u00fcr ein au\u00dfergew\u00f6hnliches Dampferlebnis.<\/p>\n<p><a href=\"https:\/\/justvape.nu\/wp-content\/uploads\/2018\/05\/Color-Schemes.png\"><img loading=\"lazy\" decoding=\"async\" class=\"alignnone size-full wp-image-19187\" src=\"https:\/\/justvape.nu\/wp-content\/uploads\/2018\/05\/Color-Schemes.png\" alt=\"\" width=\"950\" height=\"64\" title=\"\" srcset=\"https:\/\/justvape.nu\/wp-content\/uploads\/2018\/05\/Color-Schemes.png 950w, https:\/\/justvape.nu\/wp-content\/uploads\/2018\/05\/Color-Schemes-555x37.png 555w, https:\/\/justvape.nu\/wp-content\/uploads\/2018\/05\/Color-Schemes-64x4.png 64w, https:\/\/justvape.nu\/wp-content\/uploads\/2018\/05\/Color-Schemes-300x20.png 300w, https:\/\/justvape.nu\/wp-content\/uploads\/2018\/05\/Color-Schemes-768x52.png 768w\" sizes=\"auto, (max-width: 950px) 100vw, 950px\" \/><\/a><\/p>\n<p class=\"description-img-center\"><a href=\"https:\/\/justvape.nu\/wp-content\/uploads\/2023\/10\/Lost_Vape_Ursa_Nano_2_Kit_Colors.jpg\"><img loading=\"lazy\" decoding=\"async\" class=\"alignnone wp-image-646022\" src=\"https:\/\/justvape.nu\/wp-content\/uploads\/2023\/10\/Lost_Vape_Ursa_Nano_2_Kit_Colors.jpg\" alt=\"\" width=\"937\" height=\"830\" title=\"\" srcset=\"https:\/\/justvape.nu\/wp-content\/uploads\/2023\/10\/Lost_Vape_Ursa_Nano_2_Kit_Colors.jpg 700w, https:\/\/justvape.nu\/wp-content\/uploads\/2023\/10\/Lost_Vape_Ursa_Nano_2_Kit_Colors-600x531.jpg 600w, https:\/\/justvape.nu\/wp-content\/uploads\/2023\/10\/Lost_Vape_Ursa_Nano_2_Kit_Colors-64x57.jpg 64w, https:\/\/justvape.nu\/wp-content\/uploads\/2023\/10\/Lost_Vape_Ursa_Nano_2_Kit_Colors-300x266.jpg 300w\" sizes=\"auto, (max-width: 937px) 100vw, 937px\" \/><\/a><\/p>\n<div class=\"shop-features \">\n<h2 class=\"shop-features-title \"><a href=\"https:\/\/justvape.nu\/wp-content\/uploads\/2018\/05\/Specifications.png\"><img loading=\"lazy\" decoding=\"async\" class=\"alignnone size-full wp-image-248449\" src=\"https:\/\/justvape.nu\/wp-content\/uploads\/2018\/05\/Specifications.png\" alt=\"\" width=\"950\" height=\"64\" title=\"\" srcset=\"https:\/\/justvape.nu\/wp-content\/uploads\/2018\/05\/Specifications.png 950w, https:\/\/justvape.nu\/wp-content\/uploads\/2018\/05\/Specifications-600x40.png 600w, https:\/\/justvape.nu\/wp-content\/uploads\/2018\/05\/Specifications-64x4.png 64w, https:\/\/justvape.nu\/wp-content\/uploads\/2018\/05\/Specifications-300x20.png 300w, https:\/\/justvape.nu\/wp-content\/uploads\/2018\/05\/Specifications-768x52.png 768w\" sizes=\"auto, (max-width: 950px) 100vw, 950px\" \/><\/a><\/h2>\n<\/div>\n<table class=\"description-table\">\n<tbody>\n<tr>\n<td class=\"strong-title \">Marke<\/td>\n<td class=\"inline\">Lost Vape<\/td>\n<\/tr>\n<tr>\n<td class=\"strong-title \">Produktname<\/td>\n<td class=\"inline\">Ursa Nano 2 Bausatz<\/td>\n<\/tr>\n<tr>\n<td class=\"strong-title \">Dimension<\/td>\n<td class=\"inline\">83,7*25,5*16,05 mm<\/td>\n<\/tr>\n<tr>\n<td class=\"strong-title \">Packungsgr\u00f6\u00dfe<\/td>\n<td class=\"inline\">56*42*128mm(1St\u00fcck)<\/td>\n<\/tr>\n<tr>\n<td class=\"strong-title \"><\/td>\n<td class=\"inline\"><\/td>\n<\/tr>\n<tr>\n<td class=\"strong-title \">Pod-Kapazit\u00e4t<\/td>\n<td class=\"inline\">2ml TPD<\/td>\n<\/tr>\n<tr>\n<td class=\"strong-title \">Batteriekapazit\u00e4t<\/td>\n<td class=\"inline\">900mAh eingebaut<\/td>\n<\/tr>\n<tr>\n<td class=\"strong-title \">Akku-Spannung<\/td>\n<td class=\"inline\">3,0V-4,2V<\/td>\n<\/tr>\n<tr>\n<td class=\"strong-title \">Leistungsbereich<\/td>\n<td class=\"inline\">9W-22W<\/td>\n<\/tr>\n<tr>\n<td class=\"strong-title \">Ladespannung<\/td>\n<td class=\"inline\">5V\/1A<\/td>\n<\/tr>\n<tr>\n<td class=\"strong-title \">Typ-C Kabel<\/td>\n<td class=\"inline\">Unterst\u00fctzt 5V\/1.5A Ladeger\u00e4t<\/td>\n<\/tr>\n<tr>\n<td class=\"strong-title \">Material des Geh\u00e4uses<\/td>\n<td class=\"inline\">Zink-Legierung + Kunststoff<\/td>\n<\/tr>\n<tr>\n<td class=\"strong-title \">Farbe<\/td>\n<td class=\"inline\">Dynamic Space, Transfo Space, Engine Space, Astro Space, Icy Space, Chrome Soul, Royal Soul, Pink Survivor, Wild Soul, Revenge Soul<\/td>\n<\/tr>\n<\/tbody>\n<\/table>\n<div class=\"shop-features \">\n<h2 class=\"shop-features-title \"><a href=\"https:\/\/justvape.nu\/wp-content\/uploads\/2018\/05\/Features.png\"><img loading=\"lazy\" decoding=\"async\" class=\"alignnone size-full wp-image-248458\" src=\"https:\/\/justvape.nu\/wp-content\/uploads\/2018\/05\/Features.png\" alt=\"\" width=\"950\" height=\"64\" title=\"\" srcset=\"https:\/\/justvape.nu\/wp-content\/uploads\/2018\/05\/Features.png 950w, https:\/\/justvape.nu\/wp-content\/uploads\/2018\/05\/Features-600x40.png 600w, https:\/\/justvape.nu\/wp-content\/uploads\/2018\/05\/Features-64x4.png 64w, https:\/\/justvape.nu\/wp-content\/uploads\/2018\/05\/Features-300x20.png 300w, https:\/\/justvape.nu\/wp-content\/uploads\/2018\/05\/Features-768x52.png 768w\" sizes=\"auto, (max-width: 950px) 100vw, 950px\" \/><\/a><\/h2>\n<\/div>\n<ul>\n<li style=\"list-style-type: none;\">\n<ul>\n<li>1. Aktivierung der automatischen Auslosung<\/li>\n<li>2. Intelligente Pod-Erkennung<\/li>\n<li>3. Sanfte Luftstromsteuerung<\/li>\n<li>4. 900mAh lang anhaltende vaping<\/li>\n<li>5. Ladeanzeige, kostenloses Schl\u00fcsselband<\/li>\n<li>6. Hochmoderner Quest 2.0 Chip<\/li>\n<li>7. Max 22W Ausgangsleistung<\/li>\n<li>8. Kompatibel mit Ursa-Patrone<\/li>\n<li>9. Dynamisch hinterleuchtete Tafel<\/li>\n<li>10. Bio-fit Griff bietet au\u00dfergew\u00f6hnlichen Komfort<\/li>\n<li>11. Seitliche Bef\u00fcllung, auslaufsichere Konstruktion<\/li>\n<li>12. Sicherheitsmerkmale: Kurzschluss\/Schwache Batterie\/\u00dcberhitzungsschutz<\/li>\n<\/ul>\n<\/li>\n<\/ul>\n<div class=\"img-show-more\">\n<div id=\"img_content_less\" class=\"img-content add-more\">\n<p class=\"description-img-center\"><a href=\"https:\/\/justvape.nu\/wp-content\/uploads\/2023\/10\/Lost_Vape_Ursa_Nano_2_Kit_Banner.jpg\"><img loading=\"lazy\" decoding=\"async\" class=\"alignnone size-full wp-image-646032\" src=\"https:\/\/justvape.nu\/wp-content\/uploads\/2023\/10\/Lost_Vape_Ursa_Nano_2_Kit_Banner.jpg\" alt=\"\" width=\"831\" height=\"416\" title=\"\" srcset=\"https:\/\/justvape.nu\/wp-content\/uploads\/2023\/10\/Lost_Vape_Ursa_Nano_2_Kit_Banner.jpg 831w, https:\/\/justvape.nu\/wp-content\/uploads\/2023\/10\/Lost_Vape_Ursa_Nano_2_Kit_Banner-600x300.jpg 600w, https:\/\/justvape.nu\/wp-content\/uploads\/2023\/10\/Lost_Vape_Ursa_Nano_2_Kit_Banner-64x32.jpg 64w, https:\/\/justvape.nu\/wp-content\/uploads\/2023\/10\/Lost_Vape_Ursa_Nano_2_Kit_Banner-300x150.jpg 300w, https:\/\/justvape.nu\/wp-content\/uploads\/2023\/10\/Lost_Vape_Ursa_Nano_2_Kit_Banner-768x384.jpg 768w\" sizes=\"auto, (max-width: 831px) 100vw, 831px\" \/><\/a> <a href=\"https:\/\/justvape.nu\/wp-content\/uploads\/2023\/10\/Lost_Vape_Ursa_Nano_2_Kit_Leakproof_Design.jpg\"><img loading=\"lazy\" decoding=\"async\" class=\"alignnone size-full wp-image-646040\" src=\"https:\/\/justvape.nu\/wp-content\/uploads\/2023\/10\/Lost_Vape_Ursa_Nano_2_Kit_Leakproof_Design.jpg\" alt=\"\" width=\"831\" height=\"449\" title=\"\" srcset=\"https:\/\/justvape.nu\/wp-content\/uploads\/2023\/10\/Lost_Vape_Ursa_Nano_2_Kit_Leakproof_Design.jpg 831w, https:\/\/justvape.nu\/wp-content\/uploads\/2023\/10\/Lost_Vape_Ursa_Nano_2_Kit_Leakproof_Design-600x324.jpg 600w, https:\/\/justvape.nu\/wp-content\/uploads\/2023\/10\/Lost_Vape_Ursa_Nano_2_Kit_Leakproof_Design-64x35.jpg 64w, https:\/\/justvape.nu\/wp-content\/uploads\/2023\/10\/Lost_Vape_Ursa_Nano_2_Kit_Leakproof_Design-300x162.jpg 300w, https:\/\/justvape.nu\/wp-content\/uploads\/2023\/10\/Lost_Vape_Ursa_Nano_2_Kit_Leakproof_Design-768x415.jpg 768w\" sizes=\"auto, (max-width: 831px) 100vw, 831px\" \/><\/a> <a href=\"https:\/\/justvape.nu\/wp-content\/uploads\/2023\/10\/Lost_Vape_Ursa_Nano_2_Kit_Main_Features.jpg\"><img loading=\"lazy\" decoding=\"async\" class=\"alignnone size-full wp-image-646048\" src=\"https:\/\/justvape.nu\/wp-content\/uploads\/2023\/10\/Lost_Vape_Ursa_Nano_2_Kit_Main_Features.jpg\" alt=\"\" width=\"831\" height=\"414\" title=\"\" srcset=\"https:\/\/justvape.nu\/wp-content\/uploads\/2023\/10\/Lost_Vape_Ursa_Nano_2_Kit_Main_Features.jpg 831w, https:\/\/justvape.nu\/wp-content\/uploads\/2023\/10\/Lost_Vape_Ursa_Nano_2_Kit_Main_Features-600x299.jpg 600w, https:\/\/justvape.nu\/wp-content\/uploads\/2023\/10\/Lost_Vape_Ursa_Nano_2_Kit_Main_Features-64x32.jpg 64w, https:\/\/justvape.nu\/wp-content\/uploads\/2023\/10\/Lost_Vape_Ursa_Nano_2_Kit_Main_Features-300x149.jpg 300w, https:\/\/justvape.nu\/wp-content\/uploads\/2023\/10\/Lost_Vape_Ursa_Nano_2_Kit_Main_Features-768x383.jpg 768w\" sizes=\"auto, (max-width: 831px) 100vw, 831px\" \/><\/a><\/p>\n<\/div>\n<p><a href=\"https:\/\/justvape.nu\/wp-content\/uploads\/2018\/05\/Packing-List.png\"><img loading=\"lazy\" decoding=\"async\" class=\"alignnone size-full wp-image-18995\" src=\"https:\/\/justvape.nu\/wp-content\/uploads\/2018\/05\/Packing-List.png\" alt=\"\" width=\"950\" height=\"64\" title=\"\" srcset=\"https:\/\/justvape.nu\/wp-content\/uploads\/2018\/05\/Packing-List.png 950w, https:\/\/justvape.nu\/wp-content\/uploads\/2018\/05\/Packing-List-555x37.png 555w, https:\/\/justvape.nu\/wp-content\/uploads\/2018\/05\/Packing-List-64x4.png 64w, https:\/\/justvape.nu\/wp-content\/uploads\/2018\/05\/Packing-List-300x20.png 300w, https:\/\/justvape.nu\/wp-content\/uploads\/2018\/05\/Packing-List-768x52.png 768w\" sizes=\"auto, (max-width: 950px) 100vw, 950px\" \/><\/a><\/p>\n<\/div>\n<p>1* Ursa Nano 2 Ger\u00e4t<br \/>\n1* 0.6ohm Ursa Kartusche (2ml)<br \/>\n1* 0.8ohm Ursa Kartusche (2ml)<br \/>\n1* Typ-C Kabel<br \/>\n1* Garantiekarte<br \/>\n1* Umh\u00e4ngeband<br \/>\n1* Handbuch<br \/>\n1* O-Ring<\/p>\n<\/div>\n","protected":false},"excerpt":{"rendered":"<p>LOST VAPE &#8211; URSA NANO 2 POD KIT<\/p>\n","protected":false},"featured_media":645572,"comment_status":"open","ping_status":"closed","template":"","meta":{"_acf_changed":false,"_uag_custom_page_level_css":"","site-sidebar-layout":"default","site-content-layout":"","ast-site-content-layout":"default","site-content-style":"default","site-sidebar-style":"default","ast-global-header-display":"","ast-banner-title-visibility":"","ast-main-header-display":"","ast-hfb-above-header-display":"","ast-hfb-below-header-display":"","ast-hfb-mobile-header-display":"","site-post-title":"","ast-breadcrumbs-content":"","ast-featured-img":"","footer-sml-layout":"","ast-disable-related-posts":"","theme-transparent-header-meta":"default","adv-header-id-meta":"","stick-header-meta":"default","header-above-stick-meta":"","header-main-stick-meta":"","header-below-stick-meta":"","astra-migrate-meta-layouts":"default","ast-page-background-enabled":"default","ast-page-background-meta":{"desktop":{"background-color":"","background-image":"","background-repeat":"repeat","background-position":"center center","background-size":"auto","background-attachment":"scroll","background-type":"","background-media":"","overlay-type":"","overlay-color":"","overlay-opacity":"","overlay-gradient":""},"tablet":{"background-color":"","background-image":"","background-repeat":"repeat","background-position":"center center","background-size":"auto","background-attachment":"scroll","background-type":"","background-media":"","overlay-type":"","overlay-color":"","overlay-opacity":"","overlay-gradient":""},"mobile":{"background-color":"","background-image":"","background-repeat":"repeat","background-position":"center center","background-size":"auto","background-attachment":"scroll","background-type":"","background-media":"","overlay-type":"","overlay-color":"","overlay-opacity":"","overlay-gradient":""}},"ast-content-background-meta":{"desktop":{"background-color":"var(--ast-global-color-5)","background-image":"","background-repeat":"repeat","background-position":"center center","background-size":"auto","background-attachment":"scroll","background-type":"","background-media":"","overlay-type":"","overlay-color":"","overlay-opacity":"","overlay-gradient":""},"tablet":{"background-color":"var(--ast-global-color-5)","background-image":"","background-repeat":"repeat","background-position":"center center","background-size":"auto","background-attachment":"scroll","background-type":"","background-media":"","overlay-type":"","overlay-color":"","overlay-opacity":"","overlay-gradient":""},"mobile":{"background-color":"var(--ast-global-color-5)","background-image":"","background-repeat":"repeat","background-position":"center center","background-size":"auto","background-attachment":"scroll","background-type":"","background-media":"","overlay-type":"","overlay-color":"","overlay-opacity":"","overlay-gradient":""}}},"product_brand":[],"product_cat":[2077,2067,2511,4812,2512],"product_tag":[],"class_list":{"0":"post-646715","1":"product","2":"type-product","3":"status-publish","4":"has-post-thumbnail","6":"product_cat-anfaenger-kits-pods","7":"product_cat-e-zigaretten","8":"product_cat-hardware-de","9":"product_cat-lost-vape-de","10":"product_cat-shop-by-brand-de","11":"desktop-align-center","12":"tablet-align-center","13":"mobile-align-center","14":"ast-product-gallery-layout-horizontal-slider","15":"ast-product-single-variable","16":"ast-product-tabs-layout-horizontal","18":"first","19":"instock","20":"sale","21":"taxable","22":"shipping-taxable","23":"purchasable","24":"product-type-variable"},"acf":[],"uagb_featured_image_src":{"full":["https:\/\/justvape.nu\/wp-content\/uploads\/2023\/10\/fO93Px3r.jpeg",600,600,false],"thumbnail":["https:\/\/justvape.nu\/wp-content\/uploads\/2023\/10\/fO93Px3r-150x150.jpeg",150,150,true],"medium":["https:\/\/justvape.nu\/wp-content\/uploads\/2023\/10\/fO93Px3r-300x300.jpeg",300,300,true],"medium_large":["https:\/\/justvape.nu\/wp-content\/uploads\/2023\/10\/fO93Px3r.jpeg",600,600,false],"large":["https:\/\/justvape.nu\/wp-content\/uploads\/2023\/10\/fO93Px3r.jpeg",600,600,false],"1536x1536":["https:\/\/justvape.nu\/wp-content\/uploads\/2023\/10\/fO93Px3r.jpeg",600,600,false],"2048x2048":["https:\/\/justvape.nu\/wp-content\/uploads\/2023\/10\/fO93Px3r.jpeg",600,600,false],"woocommerce_thumbnail":["https:\/\/justvape.nu\/wp-content\/uploads\/2023\/10\/fO93Px3r-300x300.jpeg",300,300,true],"woocommerce_single":["https:\/\/justvape.nu\/wp-content\/uploads\/2023\/10\/fO93Px3r.jpeg",600,600,false],"woocommerce_gallery_thumbnail":["https:\/\/justvape.nu\/wp-content\/uploads\/2023\/10\/fO93Px3r-100x100.jpeg",100,100,true],"dgwt-wcas-product-suggestion":["https:\/\/justvape.nu\/wp-content\/uploads\/2023\/10\/fO93Px3r-64x64.jpeg",64,64,true]},"uagb_author_info":{"display_name":"Kenneth Merkur","author_link":"https:\/\/justvape.nu\/de\/author\/"},"uagb_comment_info":0,"uagb_excerpt":"LOST VAPE - URSA NANO 2 POD KIT","_links":{"self":[{"href":"https:\/\/justvape.nu\/de\/wp-json\/wp\/v2\/product\/646715","targetHints":{"allow":["GET"]}}],"collection":[{"href":"https:\/\/justvape.nu\/de\/wp-json\/wp\/v2\/product"}],"about":[{"href":"https:\/\/justvape.nu\/de\/wp-json\/wp\/v2\/types\/product"}],"replies":[{"embeddable":true,"href":"https:\/\/justvape.nu\/de\/wp-json\/wp\/v2\/comments?post=646715"}],"wp:featuredmedia":[{"embeddable":true,"href":"https:\/\/justvape.nu\/de\/wp-json\/wp\/v2\/media\/645572"}],"wp:attachment":[{"href":"https:\/\/justvape.nu\/de\/wp-json\/wp\/v2\/media?parent=646715"}],"wp:term":[{"taxonomy":"product_brand","embeddable":true,"href":"https:\/\/justvape.nu\/de\/wp-json\/wp\/v2\/product_brand?post=646715"},{"taxonomy":"product_cat","embeddable":true,"href":"https:\/\/justvape.nu\/de\/wp-json\/wp\/v2\/product_cat?post=646715"},{"taxonomy":"product_tag","embeddable":true,"href":"https:\/\/justvape.nu\/de\/wp-json\/wp\/v2\/product_tag?post=646715"}],"curies":[{"name":"wp","href":"https:\/\/api.w.org\/{rel}","templated":true}]}}