{"id":601791,"date":"2023-06-21T20:51:44","date_gmt":"2023-06-21T18:51:44","guid":{"rendered":"https:\/\/justvape.nu\/produkt\/lost-vape-ursa-pocket-kit\/"},"modified":"2026-03-05T21:19:02","modified_gmt":"2026-03-05T20:19:02","slug":"lost-vape-ursa-pocket-kit","status":"publish","type":"product","link":"https:\/\/justvape.nu\/de\/produkt\/lost-vape-ursa-pocket-kit\/","title":{"rendered":"LOST VAPE &#8211; URSA POCKET KIT"},"content":{"rendered":"<h2>LOST VAPE &#8211; URSA POCKET KIT<\/h2>\n<p>Das Lost Vape Ursa Pocket Kit verf\u00fcgt \u00fcber ein einzigartiges Gaming-Design, das 3 Spielmodi mit einer Starttaste im Spielstil und einem 1,7-Zoll-OLED f\u00fcr ein hochaufl\u00f6sendes Erlebnis bietet.<br \/>\n<span style=\"font-size: 16px;\">Das Ger\u00e4t wird von einem 1200-mAh-Akku angetrieben, der mit USB-C-Ladefunktion und Ursa-Pod-Kompatibilit\u00e4t ausgestattet ist. Zwei Widerst\u00e4nde &#8211; 0,6ohm und 0,8ohm &#8211; stehen zur Verf\u00fcgung, um verschiedene Verdampfungseffekte zu erm\u00f6glichen.<br \/>\n<\/span><span style=\"font-size: 16px;\">Mit einer Ausgangsleistung von bis zu 30 W bietet es eine robuste Leistung, und das 3-Zoll-Panel mit Hintergrundbeleuchtung auf der R\u00fcckseite verleiht dem Ger\u00e4t einen dynamischen Stil.<\/span><\/p>\n<p class=\"description-img-center\"><a href=\"https:\/\/justvape.nu\/wp-content\/uploads\/2018\/05\/Color-Schemes.png\"><img loading=\"lazy\" decoding=\"async\" class=\"alignnone size-full wp-image-19187\" src=\"https:\/\/justvape.nu\/wp-content\/uploads\/2018\/05\/Color-Schemes.png\" alt=\"\" width=\"950\" height=\"64\" title=\"\" srcset=\"https:\/\/justvape.nu\/wp-content\/uploads\/2018\/05\/Color-Schemes.png 950w, https:\/\/justvape.nu\/wp-content\/uploads\/2018\/05\/Color-Schemes-555x37.png 555w, https:\/\/justvape.nu\/wp-content\/uploads\/2018\/05\/Color-Schemes-64x4.png 64w, https:\/\/justvape.nu\/wp-content\/uploads\/2018\/05\/Color-Schemes-300x20.png 300w, https:\/\/justvape.nu\/wp-content\/uploads\/2018\/05\/Color-Schemes-768x52.png 768w\" sizes=\"auto, (max-width: 950px) 100vw, 950px\" \/><\/a><\/p>\n<p><a href=\"https:\/\/justvape.nu\/wp-content\/uploads\/2023\/06\/Lost_Vape_Ursa_Pocket_Pod_Kit_Color.jpg\"><img loading=\"lazy\" decoding=\"async\" class=\"alignnone wp-image-600959\" src=\"https:\/\/justvape.nu\/wp-content\/uploads\/2023\/06\/Lost_Vape_Ursa_Pocket_Pod_Kit_Color.jpg\" alt=\"\" width=\"940\" height=\"674\" title=\"\" srcset=\"https:\/\/justvape.nu\/wp-content\/uploads\/2023\/06\/Lost_Vape_Ursa_Pocket_Pod_Kit_Color.jpg 644w, https:\/\/justvape.nu\/wp-content\/uploads\/2023\/06\/Lost_Vape_Ursa_Pocket_Pod_Kit_Color-600x430.jpg 600w, https:\/\/justvape.nu\/wp-content\/uploads\/2023\/06\/Lost_Vape_Ursa_Pocket_Pod_Kit_Color-64x46.jpg 64w, https:\/\/justvape.nu\/wp-content\/uploads\/2023\/06\/Lost_Vape_Ursa_Pocket_Pod_Kit_Color-300x215.jpg 300w\" sizes=\"auto, (max-width: 940px) 100vw, 940px\" \/><\/a><\/p>\n<div class=\"shop-features \">\n<h2 class=\"shop-features-title \"><a href=\"https:\/\/justvape.nu\/wp-content\/uploads\/2018\/05\/Specifications.png\"><img loading=\"lazy\" decoding=\"async\" class=\"alignnone size-full wp-image-248449\" src=\"https:\/\/justvape.nu\/wp-content\/uploads\/2018\/05\/Specifications.png\" alt=\"\" width=\"950\" height=\"64\" title=\"\" srcset=\"https:\/\/justvape.nu\/wp-content\/uploads\/2018\/05\/Specifications.png 950w, https:\/\/justvape.nu\/wp-content\/uploads\/2018\/05\/Specifications-600x40.png 600w, https:\/\/justvape.nu\/wp-content\/uploads\/2018\/05\/Specifications-64x4.png 64w, https:\/\/justvape.nu\/wp-content\/uploads\/2018\/05\/Specifications-300x20.png 300w, https:\/\/justvape.nu\/wp-content\/uploads\/2018\/05\/Specifications-768x52.png 768w\" sizes=\"auto, (max-width: 950px) 100vw, 950px\" \/><\/a><\/h2>\n<\/div>\n<table class=\"description-table\">\n<tbody>\n<tr>\n<td class=\"strong-title \">Marke<\/td>\n<td class=\"inline\">Lost Vape<\/td>\n<\/tr>\n<tr>\n<td class=\"strong-title \">Produktname<\/td>\n<td class=\"inline\">Ursa Taschen-Pod-Kit<\/td>\n<\/tr>\n<tr>\n<td class=\"strong-title \">Batteriekapazit\u00e4t<\/td>\n<td class=\"inline\">Eingebauter 1200mAh-Akku<\/td>\n<\/tr>\n<tr>\n<td class=\"strong-title \">Typ-C Kabel<\/td>\n<td class=\"inline\">Unterst\u00fctzt 5V\/2A<\/td>\n<\/tr>\n<tr>\n<td class=\"strong-title \">Leistungsbereich<\/td>\n<td class=\"inline\">5-30W<\/td>\n<\/tr>\n<tr>\n<td class=\"strong-title \">Akku-Spannung<\/td>\n<td class=\"inline\">3,2V-4,2V<\/td>\n<\/tr>\n<tr>\n<td class=\"strong-title \">Anzeige<\/td>\n<td class=\"inline\">1,7&#8243;-OLED-Bildschirm<\/td>\n<\/tr>\n<tr>\n<td class=\"strong-title \">Kapazit\u00e4t der Kartusche<\/td>\n<td class=\"inline\">2ml<\/td>\n<\/tr>\n<tr>\n<td class=\"strong-title \">F\u00fcllen<\/td>\n<td class=\"inline\">Seitliche F\u00fcllung<\/td>\n<\/tr>\n<tr>\n<td class=\"strong-title \">Geeignet f\u00fcr<\/td>\n<td class=\"inline\">Verloren Vape Ursa Pod Kartusche<\/td>\n<\/tr>\n<tr>\n<td class=\"strong-title \">Gr\u00f6\u00dfe des Produkts<\/td>\n<td class=\"inline\">95,2*46,2*19mm<\/td>\n<\/tr>\n<tr>\n<td class=\"strong-title \">Packungsgr\u00f6\u00dfe<\/td>\n<td class=\"inline\">71,5*39,5*144mm<\/td>\n<\/tr>\n<tr>\n<td class=\"strong-title \"><\/td>\n<td class=\"inline\"><\/td>\n<\/tr>\n<tr>\n<td class=\"strong-title \">Material des Geh\u00e4uses<\/td>\n<td class=\"inline\">Aluminiumlegierung und Kunststoff<\/td>\n<\/tr>\n<tr>\n<td class=\"strong-title \">Farbe<\/td>\n<td class=\"inline\">Neon Street, Cyber Elf, Saiyan Trunk, Ice Blade, Dark Knight, Nes Red, Hellsing Gray, Silver Storm<\/td>\n<\/tr>\n<\/tbody>\n<\/table>\n<div class=\"shop-features \">\n<h2 class=\"shop-features-title \"><a href=\"https:\/\/justvape.nu\/wp-content\/uploads\/2018\/05\/Features.png\"><img loading=\"lazy\" decoding=\"async\" class=\"alignnone size-full wp-image-18994\" src=\"https:\/\/justvape.nu\/wp-content\/uploads\/2018\/05\/Features.png\" alt=\"\" width=\"950\" height=\"64\" title=\"\" srcset=\"https:\/\/justvape.nu\/wp-content\/uploads\/2018\/05\/Features.png 950w, https:\/\/justvape.nu\/wp-content\/uploads\/2018\/05\/Features-555x37.png 555w, https:\/\/justvape.nu\/wp-content\/uploads\/2018\/05\/Features-64x4.png 64w, https:\/\/justvape.nu\/wp-content\/uploads\/2018\/05\/Features-300x20.png 300w, https:\/\/justvape.nu\/wp-content\/uploads\/2018\/05\/Features-768x52.png 768w\" sizes=\"auto, (max-width: 950px) 100vw, 950px\" \/><\/a><\/h2>\n<\/div>\n<ul>\n<li style=\"list-style-type: none;\">\n<ul>\n<li>1. Ein vollst\u00e4ndiges Gaming-Pod-Ger\u00e4t<\/li>\n<li>2. Angetrieben von Lost Vape Quest Chip<\/li>\n<li>3. Eingebauter 1200mAh Akku mit Typ-C Aufladung<\/li>\n<li>4. 30W max f\u00fcr kommende neue Coils und Karren<\/li>\n<li>5. Entworfen mit 1,7&#8220; OLED-Bildschirm<\/li>\n<li>6. Virtuelles Haustier\/Slotmaschine\/Pusteblumenwettbewerb<\/li>\n<li>7. Ein-\/Ausschalttaste, manuelle Feuertaste, Feuertaste f\u00fcr den Spielmodus<\/li>\n<li>8. 3-Zoll-Panel mit Hintergrundbeleuchtung und Retro X Cyber-Optik<\/li>\n<li>9. Fit f\u00fcr Lost Vape Ursa Pod Kartusche und UB Mini Coil<\/li>\n<li>10. 2 ml Fassungsverm\u00f6gen und einfaches seitliches F\u00fcllsystem<\/li>\n<li>11. Schutz vor Kurzschluss\/Wochenbatterie\/\u00dcberhitzung<\/li>\n<\/ul>\n<\/li>\n<\/ul>\n<div class=\"img-show-more\">\n<div id=\"img_content_less\" class=\"img-content add-more\">\n<p class=\"description-img-center\"><a href=\"https:\/\/justvape.nu\/wp-content\/uploads\/2023\/06\/Lost_Vape_Ursa_Pocket_Pod_Kit.jpg\"><img loading=\"lazy\" decoding=\"async\" class=\"alignnone size-full wp-image-600969\" src=\"https:\/\/justvape.nu\/wp-content\/uploads\/2023\/06\/Lost_Vape_Ursa_Pocket_Pod_Kit.jpg\" alt=\"\" width=\"831\" height=\"327\" title=\"\" srcset=\"https:\/\/justvape.nu\/wp-content\/uploads\/2023\/06\/Lost_Vape_Ursa_Pocket_Pod_Kit.jpg 831w, https:\/\/justvape.nu\/wp-content\/uploads\/2023\/06\/Lost_Vape_Ursa_Pocket_Pod_Kit-600x236.jpg 600w, https:\/\/justvape.nu\/wp-content\/uploads\/2023\/06\/Lost_Vape_Ursa_Pocket_Pod_Kit-64x25.jpg 64w, https:\/\/justvape.nu\/wp-content\/uploads\/2023\/06\/Lost_Vape_Ursa_Pocket_Pod_Kit-300x118.jpg 300w, https:\/\/justvape.nu\/wp-content\/uploads\/2023\/06\/Lost_Vape_Ursa_Pocket_Pod_Kit-768x302.jpg 768w\" sizes=\"auto, (max-width: 831px) 100vw, 831px\" \/><\/a> <a href=\"https:\/\/justvape.nu\/wp-content\/uploads\/2023\/06\/Lost_Vape_Ursa_Pocket_Pod_Kit_Gaming_Pod.jpg\"><img loading=\"lazy\" decoding=\"async\" class=\"alignnone size-full wp-image-600977\" src=\"https:\/\/justvape.nu\/wp-content\/uploads\/2023\/06\/Lost_Vape_Ursa_Pocket_Pod_Kit_Gaming_Pod.jpg\" alt=\"\" width=\"831\" height=\"253\" title=\"\" srcset=\"https:\/\/justvape.nu\/wp-content\/uploads\/2023\/06\/Lost_Vape_Ursa_Pocket_Pod_Kit_Gaming_Pod.jpg 831w, https:\/\/justvape.nu\/wp-content\/uploads\/2023\/06\/Lost_Vape_Ursa_Pocket_Pod_Kit_Gaming_Pod-600x183.jpg 600w, https:\/\/justvape.nu\/wp-content\/uploads\/2023\/06\/Lost_Vape_Ursa_Pocket_Pod_Kit_Gaming_Pod-64x19.jpg 64w, https:\/\/justvape.nu\/wp-content\/uploads\/2023\/06\/Lost_Vape_Ursa_Pocket_Pod_Kit_Gaming_Pod-300x91.jpg 300w, https:\/\/justvape.nu\/wp-content\/uploads\/2023\/06\/Lost_Vape_Ursa_Pocket_Pod_Kit_Gaming_Pod-768x234.jpg 768w\" sizes=\"auto, (max-width: 831px) 100vw, 831px\" \/><\/a> <a href=\"https:\/\/justvape.nu\/wp-content\/uploads\/2023\/06\/Lost_Vape_Ursa_Pocket_Pod_Kit_Features.jpg\"><img loading=\"lazy\" decoding=\"async\" class=\"alignnone size-full wp-image-600985\" src=\"https:\/\/justvape.nu\/wp-content\/uploads\/2023\/06\/Lost_Vape_Ursa_Pocket_Pod_Kit_Features.jpg\" alt=\"\" width=\"831\" height=\"411\" title=\"\" srcset=\"https:\/\/justvape.nu\/wp-content\/uploads\/2023\/06\/Lost_Vape_Ursa_Pocket_Pod_Kit_Features.jpg 831w, https:\/\/justvape.nu\/wp-content\/uploads\/2023\/06\/Lost_Vape_Ursa_Pocket_Pod_Kit_Features-600x297.jpg 600w, https:\/\/justvape.nu\/wp-content\/uploads\/2023\/06\/Lost_Vape_Ursa_Pocket_Pod_Kit_Features-64x32.jpg 64w, https:\/\/justvape.nu\/wp-content\/uploads\/2023\/06\/Lost_Vape_Ursa_Pocket_Pod_Kit_Features-300x148.jpg 300w, https:\/\/justvape.nu\/wp-content\/uploads\/2023\/06\/Lost_Vape_Ursa_Pocket_Pod_Kit_Features-768x380.jpg 768w\" sizes=\"auto, (max-width: 831px) 100vw, 831px\" \/><\/a><\/p>\n<\/div>\n<\/div>\n<div class=\"shop-features \">\n<h2 class=\"shop-features-title \"><a href=\"https:\/\/justvape.nu\/wp-content\/uploads\/2018\/05\/Packing-List.png\"><img loading=\"lazy\" decoding=\"async\" class=\"alignnone size-full wp-image-18995\" src=\"https:\/\/justvape.nu\/wp-content\/uploads\/2018\/05\/Packing-List.png\" alt=\"\" width=\"950\" height=\"64\" title=\"\" srcset=\"https:\/\/justvape.nu\/wp-content\/uploads\/2018\/05\/Packing-List.png 950w, https:\/\/justvape.nu\/wp-content\/uploads\/2018\/05\/Packing-List-555x37.png 555w, https:\/\/justvape.nu\/wp-content\/uploads\/2018\/05\/Packing-List-64x4.png 64w, https:\/\/justvape.nu\/wp-content\/uploads\/2018\/05\/Packing-List-300x20.png 300w, https:\/\/justvape.nu\/wp-content\/uploads\/2018\/05\/Packing-List-768x52.png 768w\" sizes=\"auto, (max-width: 950px) 100vw, 950px\" \/><\/a><\/h2>\n<\/div>\n<p>1* Ursa Pocket Pod Ger\u00e4t<br \/>\n1* 0,6\u03a9 Ursa-Patrone<br \/>\n1* 0,8\u03a9 Ursa-Patrone<br \/>\n1* Typ-C-Ladekabel<br \/>\n1* Garantiekarte<br \/>\n1 * Benutzerhandbuch<br \/>\n1* Umh\u00e4ngeband<\/p>\n","protected":false},"excerpt":{"rendered":"<p>LOST VAPE &#8211; URSA POCKET KIT<\/p>\n","protected":false},"featured_media":601007,"comment_status":"open","ping_status":"closed","template":"","meta":{"_acf_changed":false,"_uag_custom_page_level_css":"","site-sidebar-layout":"default","site-content-layout":"default","ast-site-content-layout":"default","site-content-style":"default","site-sidebar-style":"default","ast-global-header-display":"","ast-banner-title-visibility":"","ast-main-header-display":"","ast-hfb-above-header-display":"","ast-hfb-below-header-display":"","ast-hfb-mobile-header-display":"","site-post-title":"","ast-breadcrumbs-content":"","ast-featured-img":"","footer-sml-layout":"","ast-disable-related-posts":"","theme-transparent-header-meta":"default","adv-header-id-meta":"","stick-header-meta":"default","header-above-stick-meta":"","header-main-stick-meta":"","header-below-stick-meta":"","astra-migrate-meta-layouts":"default","ast-page-background-enabled":"default","ast-page-background-meta":{"desktop":{"background-color":"","background-image":"","background-repeat":"repeat","background-position":"center center","background-size":"auto","background-attachment":"scroll","background-type":"","background-media":"","overlay-type":"","overlay-color":"","overlay-opacity":"","overlay-gradient":""},"tablet":{"background-color":"","background-image":"","background-repeat":"repeat","background-position":"center center","background-size":"auto","background-attachment":"scroll","background-type":"","background-media":"","overlay-type":"","overlay-color":"","overlay-opacity":"","overlay-gradient":""},"mobile":{"background-color":"","background-image":"","background-repeat":"repeat","background-position":"center center","background-size":"auto","background-attachment":"scroll","background-type":"","background-media":"","overlay-type":"","overlay-color":"","overlay-opacity":"","overlay-gradient":""}},"ast-content-background-meta":{"desktop":{"background-color":"var(--ast-global-color-5)","background-image":"","background-repeat":"repeat","background-position":"center center","background-size":"auto","background-attachment":"scroll","background-type":"","background-media":"","overlay-type":"","overlay-color":"","overlay-opacity":"","overlay-gradient":""},"tablet":{"background-color":"var(--ast-global-color-5)","background-image":"","background-repeat":"repeat","background-position":"center center","background-size":"auto","background-attachment":"scroll","background-type":"","background-media":"","overlay-type":"","overlay-color":"","overlay-opacity":"","overlay-gradient":""},"mobile":{"background-color":"var(--ast-global-color-5)","background-image":"","background-repeat":"repeat","background-position":"center center","background-size":"auto","background-attachment":"scroll","background-type":"","background-media":"","overlay-type":"","overlay-color":"","overlay-opacity":"","overlay-gradient":""}}},"product_brand":[],"product_cat":[2077,2067,2511,4812,2512],"product_tag":[],"class_list":{"0":"post-601791","1":"product","2":"type-product","3":"status-publish","4":"has-post-thumbnail","6":"product_cat-anfaenger-kits-pods","7":"product_cat-e-zigaretten","8":"product_cat-hardware-de","9":"product_cat-lost-vape-de","10":"product_cat-shop-by-brand-de","11":"desktop-align-center","12":"tablet-align-center","13":"mobile-align-center","14":"ast-product-gallery-layout-horizontal-slider","15":"ast-product-single-variable","16":"ast-product-tabs-layout-horizontal","18":"first","19":"instock","20":"sale","21":"taxable","22":"shipping-taxable","23":"purchasable","24":"product-type-variable"},"acf":[],"uagb_featured_image_src":{"full":["https:\/\/justvape.nu\/wp-content\/uploads\/2023\/06\/EnWJzEA.jpeg",512,512,false],"thumbnail":["https:\/\/justvape.nu\/wp-content\/uploads\/2023\/06\/EnWJzEA-150x150.jpeg",150,150,true],"medium":["https:\/\/justvape.nu\/wp-content\/uploads\/2023\/06\/EnWJzEA-300x300.jpeg",300,300,true],"medium_large":["https:\/\/justvape.nu\/wp-content\/uploads\/2023\/06\/EnWJzEA.jpeg",512,512,false],"large":["https:\/\/justvape.nu\/wp-content\/uploads\/2023\/06\/EnWJzEA.jpeg",512,512,false],"1536x1536":["https:\/\/justvape.nu\/wp-content\/uploads\/2023\/06\/EnWJzEA.jpeg",512,512,false],"2048x2048":["https:\/\/justvape.nu\/wp-content\/uploads\/2023\/06\/EnWJzEA.jpeg",512,512,false],"woocommerce_thumbnail":["https:\/\/justvape.nu\/wp-content\/uploads\/2023\/06\/EnWJzEA-300x300.jpeg",300,300,true],"woocommerce_single":["https:\/\/justvape.nu\/wp-content\/uploads\/2023\/06\/EnWJzEA.jpeg",512,512,false],"woocommerce_gallery_thumbnail":["https:\/\/justvape.nu\/wp-content\/uploads\/2023\/06\/EnWJzEA-100x100.jpeg",100,100,true],"dgwt-wcas-product-suggestion":["https:\/\/justvape.nu\/wp-content\/uploads\/2023\/06\/EnWJzEA-64x64.jpeg",64,64,true]},"uagb_author_info":{"display_name":"Kenneth Merkur","author_link":"https:\/\/justvape.nu\/de\/author\/"},"uagb_comment_info":0,"uagb_excerpt":"LOST VAPE - URSA POCKET KIT","_links":{"self":[{"href":"https:\/\/justvape.nu\/de\/wp-json\/wp\/v2\/product\/601791","targetHints":{"allow":["GET"]}}],"collection":[{"href":"https:\/\/justvape.nu\/de\/wp-json\/wp\/v2\/product"}],"about":[{"href":"https:\/\/justvape.nu\/de\/wp-json\/wp\/v2\/types\/product"}],"replies":[{"embeddable":true,"href":"https:\/\/justvape.nu\/de\/wp-json\/wp\/v2\/comments?post=601791"}],"wp:featuredmedia":[{"embeddable":true,"href":"https:\/\/justvape.nu\/de\/wp-json\/wp\/v2\/media\/601007"}],"wp:attachment":[{"href":"https:\/\/justvape.nu\/de\/wp-json\/wp\/v2\/media?parent=601791"}],"wp:term":[{"taxonomy":"product_brand","embeddable":true,"href":"https:\/\/justvape.nu\/de\/wp-json\/wp\/v2\/product_brand?post=601791"},{"taxonomy":"product_cat","embeddable":true,"href":"https:\/\/justvape.nu\/de\/wp-json\/wp\/v2\/product_cat?post=601791"},{"taxonomy":"product_tag","embeddable":true,"href":"https:\/\/justvape.nu\/de\/wp-json\/wp\/v2\/product_tag?post=601791"}],"curies":[{"name":"wp","href":"https:\/\/api.w.org\/{rel}","templated":true}]}}