{"id":588588,"date":"2023-05-03T11:55:00","date_gmt":"2023-05-03T09:55:00","guid":{"rendered":"https:\/\/justvape.nu\/produkt\/cthulhu-mod-kraken-boro-tank\/"},"modified":"2024-12-06T21:31:10","modified_gmt":"2024-12-06T20:31:10","slug":"cthulhu-mod-kraken-boro-tank","status":"publish","type":"product","link":"https:\/\/justvape.nu\/de\/produkt\/cthulhu-mod-kraken-boro-tank\/","title":{"rendered":"CTHULHU MOD &#8211; KRAKEN BORO TANK"},"content":{"rendered":"<h2>CTHULHU MOD &#8211; KRAKEN BORO TANK<\/h2>\n<p>&nbsp;<\/p>\n<p>Lasst den Kraken frei!<\/p>\n<p>Der Kraken Boro Tank von Cthulhu Mods ist jetzt in vier auff\u00e4lligen Farben erh\u00e4ltlich. Dieser Tank ist das perfekte Upgrade f\u00fcr Ihr Cthulhu AIO-Ger\u00e4t und erm\u00f6glicht es Ihnen, Ihr Dampferlebnis auf die n\u00e4chste Stufe zu bringen. Der Kraken Boro-Tank ist mit Boro-Br\u00fccken kompatibel und besteht aus haltbarem PCTG-Material mit einer Halterung aus rostfreiem Stahl f\u00fcr zus\u00e4tzliche St\u00e4rke und Langlebigkeit. Die untere Metallkappe beherbergt sowohl den vorderen als auch den seitlichen Luftstrom und sorgt so jedes Mal f\u00fcr einen gleichm\u00e4\u00dfigen und zufriedenstellenden Zug. Geben Sie sich nicht mit gew\u00f6hnlichen Tanks zufrieden, steigen Sie auf den Kraken Boro Tank um und erleben Sie das Beste an Qualit\u00e4t und Leistung.<\/p>\n<p><a style=\"font-size: 16px; background-color: #ffffff;\" href=\"https:\/\/justvape.nu\/wp-content\/uploads\/2018\/05\/Specifications.png\"><img loading=\"lazy\" decoding=\"async\" class=\"alignnone size-full wp-image-248449\" src=\"https:\/\/justvape.nu\/wp-content\/uploads\/2018\/05\/Specifications.png\" alt=\"\" width=\"950\" height=\"64\" title=\"\" srcset=\"https:\/\/justvape.nu\/wp-content\/uploads\/2018\/05\/Specifications.png 950w, https:\/\/justvape.nu\/wp-content\/uploads\/2018\/05\/Specifications-600x40.png 600w, https:\/\/justvape.nu\/wp-content\/uploads\/2018\/05\/Specifications-64x4.png 64w, https:\/\/justvape.nu\/wp-content\/uploads\/2018\/05\/Specifications-300x20.png 300w, https:\/\/justvape.nu\/wp-content\/uploads\/2018\/05\/Specifications-768x52.png 768w\" sizes=\"auto, (max-width: 950px) 100vw, 950px\" \/><\/a><\/p>\n<p>&nbsp;<\/p>\n<ul>\n<li>PTCG-Tank<\/li>\n<li>Oringhalter aus Edelstahl<\/li>\n<li>Grundplatte aus Metall<\/li>\n<li>Einfache Bef\u00fcllung der oberen Seite<\/li>\n<li>Kompatibel mit boro-Br\u00fccken<\/li>\n<\/ul>\n<p><a href=\"https:\/\/justvape.nu\/wp-content\/uploads\/2018\/04\/Packing-List.png\"><img loading=\"lazy\" decoding=\"async\" class=\"alignnone size-full wp-image-18999\" src=\"https:\/\/justvape.nu\/wp-content\/uploads\/2018\/04\/Packing-List.png\" alt=\"\" width=\"950\" height=\"64\" title=\"\" srcset=\"https:\/\/justvape.nu\/wp-content\/uploads\/2018\/04\/Packing-List.png 950w, https:\/\/justvape.nu\/wp-content\/uploads\/2018\/04\/Packing-List-555x37.png 555w, https:\/\/justvape.nu\/wp-content\/uploads\/2018\/04\/Packing-List-64x4.png 64w, https:\/\/justvape.nu\/wp-content\/uploads\/2018\/04\/Packing-List-300x20.png 300w, https:\/\/justvape.nu\/wp-content\/uploads\/2018\/04\/Packing-List-768x52.png 768w\" sizes=\"auto, (max-width: 950px) 100vw, 950px\" \/><\/a><\/p>\n<ul>\n<li>Paketinhalt: 1 x Kraken Boro Tank von Cthulhu Mods<\/li>\n<\/ul>\n","protected":false},"excerpt":{"rendered":"<p>CTHULHU MOD &#8211; KRAKEN BORO TANK<\/p>\n","protected":false},"featured_media":588237,"comment_status":"open","ping_status":"closed","template":"","meta":{"_acf_changed":false,"_uag_custom_page_level_css":"","site-sidebar-layout":"default","site-content-layout":"default","ast-site-content-layout":"default","site-content-style":"default","site-sidebar-style":"default","ast-global-header-display":"","ast-banner-title-visibility":"","ast-main-header-display":"","ast-hfb-above-header-display":"","ast-hfb-below-header-display":"","ast-hfb-mobile-header-display":"","site-post-title":"","ast-breadcrumbs-content":"","ast-featured-img":"","footer-sml-layout":"","ast-disable-related-posts":"","theme-transparent-header-meta":"default","adv-header-id-meta":"","stick-header-meta":"default","header-above-stick-meta":"","header-main-stick-meta":"","header-below-stick-meta":"","astra-migrate-meta-layouts":"default","ast-page-background-enabled":"default","ast-page-background-meta":{"desktop":{"background-color":"","background-image":"","background-repeat":"repeat","background-position":"center center","background-size":"auto","background-attachment":"scroll","background-type":"","background-media":"","overlay-type":"","overlay-color":"","overlay-opacity":"","overlay-gradient":""},"tablet":{"background-color":"","background-image":"","background-repeat":"repeat","background-position":"center center","background-size":"auto","background-attachment":"scroll","background-type":"","background-media":"","overlay-type":"","overlay-color":"","overlay-opacity":"","overlay-gradient":""},"mobile":{"background-color":"","background-image":"","background-repeat":"repeat","background-position":"center center","background-size":"auto","background-attachment":"scroll","background-type":"","background-media":"","overlay-type":"","overlay-color":"","overlay-opacity":"","overlay-gradient":""}},"ast-content-background-meta":{"desktop":{"background-color":"var(--ast-global-color-5)","background-image":"","background-repeat":"repeat","background-position":"center center","background-size":"auto","background-attachment":"scroll","background-type":"","background-media":"","overlay-type":"","overlay-color":"","overlay-opacity":"","overlay-gradient":""},"tablet":{"background-color":"var(--ast-global-color-5)","background-image":"","background-repeat":"repeat","background-position":"center center","background-size":"auto","background-attachment":"scroll","background-type":"","background-media":"","overlay-type":"","overlay-color":"","overlay-opacity":"","overlay-gradient":""},"mobile":{"background-color":"var(--ast-global-color-5)","background-image":"","background-repeat":"repeat","background-position":"center center","background-size":"auto","background-attachment":"scroll","background-type":"","background-media":"","overlay-type":"","overlay-color":"","overlay-opacity":"","overlay-gradient":""}}},"product_brand":[],"product_cat":[6206,2511,2037,2512,1977],"product_tag":[],"class_list":{"0":"post-588588","1":"product","2":"type-product","3":"status-publish","4":"has-post-thumbnail","6":"product_cat-cthulhu-mod-de","7":"product_cat-hardware-de","8":"product_cat-panzer","9":"product_cat-shop-by-brand-de","10":"product_cat-tanks-spulen","11":"desktop-align-center","12":"tablet-align-center","13":"mobile-align-center","14":"ast-product-gallery-layout-horizontal-slider","15":"ast-product-single-variable","16":"ast-product-tabs-layout-horizontal","18":"first","19":"instock","20":"sale","21":"taxable","22":"shipping-taxable","23":"purchasable","24":"product-type-variable"},"acf":[],"uagb_featured_image_src":{"full":["https:\/\/justvape.nu\/wp-content\/uploads\/2023\/05\/cthulhumods-krakenborotank-main.png",600,600,false],"thumbnail":["https:\/\/justvape.nu\/wp-content\/uploads\/2023\/05\/cthulhumods-krakenborotank-main-150x150.png",150,150,true],"medium":["https:\/\/justvape.nu\/wp-content\/uploads\/2023\/05\/cthulhumods-krakenborotank-main-300x300.png",300,300,true],"medium_large":["https:\/\/justvape.nu\/wp-content\/uploads\/2023\/05\/cthulhumods-krakenborotank-main.png",600,600,false],"large":["https:\/\/justvape.nu\/wp-content\/uploads\/2023\/05\/cthulhumods-krakenborotank-main.png",600,600,false],"1536x1536":["https:\/\/justvape.nu\/wp-content\/uploads\/2023\/05\/cthulhumods-krakenborotank-main.png",600,600,false],"2048x2048":["https:\/\/justvape.nu\/wp-content\/uploads\/2023\/05\/cthulhumods-krakenborotank-main.png",600,600,false],"woocommerce_thumbnail":["https:\/\/justvape.nu\/wp-content\/uploads\/2023\/05\/cthulhumods-krakenborotank-main-300x300.png",300,300,true],"woocommerce_single":["https:\/\/justvape.nu\/wp-content\/uploads\/2023\/05\/cthulhumods-krakenborotank-main.png",600,600,false],"woocommerce_gallery_thumbnail":["https:\/\/justvape.nu\/wp-content\/uploads\/2023\/05\/cthulhumods-krakenborotank-main-100x100.png",100,100,true],"dgwt-wcas-product-suggestion":["https:\/\/justvape.nu\/wp-content\/uploads\/2023\/05\/cthulhumods-krakenborotank-main-64x64.png",64,64,true]},"uagb_author_info":{"display_name":"Kenneth Merkur","author_link":"https:\/\/justvape.nu\/de\/author\/"},"uagb_comment_info":0,"uagb_excerpt":"CTHULHU MOD - KRAKEN BORO TANK","_links":{"self":[{"href":"https:\/\/justvape.nu\/de\/wp-json\/wp\/v2\/product\/588588","targetHints":{"allow":["GET"]}}],"collection":[{"href":"https:\/\/justvape.nu\/de\/wp-json\/wp\/v2\/product"}],"about":[{"href":"https:\/\/justvape.nu\/de\/wp-json\/wp\/v2\/types\/product"}],"replies":[{"embeddable":true,"href":"https:\/\/justvape.nu\/de\/wp-json\/wp\/v2\/comments?post=588588"}],"wp:featuredmedia":[{"embeddable":true,"href":"https:\/\/justvape.nu\/de\/wp-json\/wp\/v2\/media\/588237"}],"wp:attachment":[{"href":"https:\/\/justvape.nu\/de\/wp-json\/wp\/v2\/media?parent=588588"}],"wp:term":[{"taxonomy":"product_brand","embeddable":true,"href":"https:\/\/justvape.nu\/de\/wp-json\/wp\/v2\/product_brand?post=588588"},{"taxonomy":"product_cat","embeddable":true,"href":"https:\/\/justvape.nu\/de\/wp-json\/wp\/v2\/product_cat?post=588588"},{"taxonomy":"product_tag","embeddable":true,"href":"https:\/\/justvape.nu\/de\/wp-json\/wp\/v2\/product_tag?post=588588"}],"curies":[{"name":"wp","href":"https:\/\/api.w.org\/{rel}","templated":true}]}}