{"id":586107,"date":"2023-04-24T20:15:19","date_gmt":"2023-04-24T18:15:19","guid":{"rendered":"https:\/\/justvape.nu\/produkt\/uwell-caliburn-ironfist-l-pod-system\/"},"modified":"2023-09-04T10:02:02","modified_gmt":"2023-09-04T08:02:02","slug":"uwell-caliburn-ironfist-l-pod-system","status":"publish","type":"product","link":"https:\/\/justvape.nu\/de\/produkt\/uwell-caliburn-ironfist-l-pod-system\/","title":{"rendered":"UWELL &#8211; CALIBURN &amp; IRONFIST L POD KIT"},"content":{"rendered":"<h2>UWELL &#8211; CALIBURN &amp; IRONFIST L POD KIT<\/h2>\n<p>&nbsp;<\/p>\n<p>Das Uwell Caliburn &amp; Iron Fist L pod vape kit ist ein kompaktes Ger\u00e4t im Streichholzschachtel-Stil. Er ist einfach zu bedienen und erzeugt eine kleine Menge Dampf, die von einem MTL (Mouth To Lung) inhaliert werden kann. Dank des eingebauten 690-mAh-Akkus k\u00f6nnen Sie zwischen den Aufladungen l\u00e4nger dampfen und das Kit erreicht dank USB-C-Schnellladung schnell die volle Ladung. Jedes Kit enth\u00e4lt einen wiederbef\u00fcllbaren Caliburn &amp; Ironfist L Pod und zwei Coils, um den Einstieg zu erleichtern.<\/p>\n<p>Da dieses Kit inhalationsaktiviert ist, gibt es keine Men\u00fcs, durch die Sie navigieren m\u00fcssen, und Sie m\u00fcssen auch nicht zu viel Zeit mit dem Klicken von Tasten verbringen. Alles, was Sie tun m\u00fcssen, um mit dem Dampfen anzufangen, ist, f\u00fcnfmal auf die Einschalttaste zu dr\u00fccken, um das Ger\u00e4t einzuschalten, und dann einfach einen Zug am Mundst\u00fcck zu nehmen, damit es anf\u00e4ngt, Dampf zu produzieren. Dieses Kit wurde entwickelt, um einen Dampf zu liefern, der sich n\u00e4her an einer Zigarette anf\u00fchlt, und erzeugt eine diskrete Menge an Dampf f\u00fcr einen MTL-Inhalationsvorgang. Dar\u00fcber hinaus bietet es eine Reihe von Sicherheitsmerkmalen, wie Schutz vor Kurzschl\u00fcssen, Unterspannung, \u00dcberstunden und mehr.<\/p>\n<p>Der nachf\u00fcllbare Caliburn &amp; Ironfist L Pod hat ein Fassungsverm\u00f6gen von 2 ml E-Liquid und ist dank seines seitlichen Bef\u00fcllungsdesigns einfacher denn je zu bef\u00fcllen. Die eingebauten Mesh-Coils erhitzen Ihr E-Liquid schneller und sorgen so f\u00fcr einen besseren Geschmack. Sie m\u00fcssen sich auch keine Gedanken \u00fcber unordentliche Spulenwechsel machen, da Sie stattdessen einfach die gesamte Kapsel austauschen k\u00f6nnen. Um den Widerstand der beiden mitgelieferten Coils zu erreichen, empfehlen wir, sie mit 50% VG e-Liquid oder h\u00f6heren PG-Optionen f\u00fcr beste Ergebnisse zu kombinieren.<\/p>\n<p><a href=\"https:\/\/justvape.nu\/wp-content\/uploads\/2018\/05\/Color-Schemes.png\"><img loading=\"lazy\" decoding=\"async\" class=\"alignnone size-full wp-image-19187\" src=\"https:\/\/justvape.nu\/wp-content\/uploads\/2018\/05\/Color-Schemes.png\" alt=\"\" width=\"950\" height=\"64\" title=\"\" srcset=\"https:\/\/justvape.nu\/wp-content\/uploads\/2018\/05\/Color-Schemes.png 950w, https:\/\/justvape.nu\/wp-content\/uploads\/2018\/05\/Color-Schemes-555x37.png 555w, https:\/\/justvape.nu\/wp-content\/uploads\/2018\/05\/Color-Schemes-64x4.png 64w, https:\/\/justvape.nu\/wp-content\/uploads\/2018\/05\/Color-Schemes-300x20.png 300w, https:\/\/justvape.nu\/wp-content\/uploads\/2018\/05\/Color-Schemes-768x52.png 768w\" sizes=\"auto, (max-width: 950px) 100vw, 950px\" \/><\/a><\/p>\n<p class=\"description-img-center\"><a href=\"https:\/\/justvape.nu\/wp-content\/uploads\/2023\/04\/Uwell_Caliburn_Ironfist_L_Kit_Colors.jpg\"><img loading=\"lazy\" decoding=\"async\" class=\"alignnone wp-image-586007\" src=\"https:\/\/justvape.nu\/wp-content\/uploads\/2023\/04\/Uwell_Caliburn_Ironfist_L_Kit_Colors.jpg\" alt=\"\" width=\"937\" height=\"417\" title=\"\" srcset=\"https:\/\/justvape.nu\/wp-content\/uploads\/2023\/04\/Uwell_Caliburn_Ironfist_L_Kit_Colors.jpg 800w, https:\/\/justvape.nu\/wp-content\/uploads\/2023\/04\/Uwell_Caliburn_Ironfist_L_Kit_Colors-600x267.jpg 600w, https:\/\/justvape.nu\/wp-content\/uploads\/2023\/04\/Uwell_Caliburn_Ironfist_L_Kit_Colors-64x28.jpg 64w, https:\/\/justvape.nu\/wp-content\/uploads\/2023\/04\/Uwell_Caliburn_Ironfist_L_Kit_Colors-300x134.jpg 300w, https:\/\/justvape.nu\/wp-content\/uploads\/2023\/04\/Uwell_Caliburn_Ironfist_L_Kit_Colors-768x342.jpg 768w\" sizes=\"auto, (max-width: 937px) 100vw, 937px\" \/><\/a><\/p>\n<div class=\"shop-features \">\n<h2 class=\"shop-features-title \"><a href=\"https:\/\/justvape.nu\/wp-content\/uploads\/2018\/05\/Specifications.png\"><img loading=\"lazy\" decoding=\"async\" class=\"alignnone size-full wp-image-18993\" src=\"https:\/\/justvape.nu\/wp-content\/uploads\/2018\/05\/Specifications.png\" alt=\"\" width=\"950\" height=\"64\" title=\"\" srcset=\"https:\/\/justvape.nu\/wp-content\/uploads\/2018\/05\/Specifications.png 950w, https:\/\/justvape.nu\/wp-content\/uploads\/2018\/05\/Specifications-555x37.png 555w, https:\/\/justvape.nu\/wp-content\/uploads\/2018\/05\/Specifications-64x4.png 64w, https:\/\/justvape.nu\/wp-content\/uploads\/2018\/05\/Specifications-300x20.png 300w, https:\/\/justvape.nu\/wp-content\/uploads\/2018\/05\/Specifications-768x52.png 768w\" sizes=\"auto, (max-width: 950px) 100vw, 950px\" \/><\/a><\/h2>\n<\/div>\n<table class=\"description-table\">\n<tbody>\n<tr>\n<td class=\"strong-title \">Marke<\/td>\n<td class=\"inline\">Uwell<\/td>\n<\/tr>\n<tr>\n<td class=\"strong-title \">Produktname<\/td>\n<td class=\"inline\">Caliburn &amp; Ironfist L Pod-Kit<\/td>\n<\/tr>\n<tr>\n<td class=\"strong-title \">Material<\/td>\n<td class=\"inline\">PCTG, PC, Zinklegierung<\/td>\n<\/tr>\n<tr>\n<td class=\"strong-title \">Abmessungen<\/td>\n<td class=\"inline\">46.5*17.6*69.75mm<\/td>\n<\/tr>\n<tr>\n<td class=\"strong-title \">E-Fl\u00fcssigkeit Kapazit\u00e4t<\/td>\n<td class=\"inline\">2ml<\/td>\n<\/tr>\n<tr>\n<td class=\"strong-title \">Ausgangsleistung<\/td>\n<td class=\"inline\">Maximal 16W<\/td>\n<\/tr>\n<tr>\n<td class=\"strong-title \">Batteriekapazit\u00e4t<\/td>\n<td class=\"inline\">690mAh<\/td>\n<\/tr>\n<tr>\n<td class=\"strong-title \">Spezifikationen der Spule<\/td>\n<td class=\"inline\">FeCrAI UN2 Mesh-H 0.8ohm Caliburn G Spule<br \/>\nFeCrAI UN2 Mesh-H 1.2ohm Caliburn G2 Spule<br \/>\nFeCrAI 1.0ohm Caliburn G Coil (separat erh\u00e4ltlich)<\/td>\n<\/tr>\n<tr>\n<td class=\"strong-title \">Aufladen<\/td>\n<td class=\"inline\">2A Schnellladung, Typ-C<\/td>\n<\/tr>\n<tr>\n<td class=\"strong-title \">Farbe<\/td>\n<td class=\"inline\">Metallic-Silber, Schwarz matt, Korallenrot<\/td>\n<\/tr>\n<\/tbody>\n<\/table>\n<div class=\"shop-features \">\n<h2 class=\"shop-features-title \"><a href=\"https:\/\/justvape.nu\/wp-content\/uploads\/2018\/05\/Features.png\"><img loading=\"lazy\" decoding=\"async\" class=\"alignnone size-full wp-image-18994\" src=\"https:\/\/justvape.nu\/wp-content\/uploads\/2018\/05\/Features.png\" alt=\"\" width=\"950\" height=\"64\" title=\"\" srcset=\"https:\/\/justvape.nu\/wp-content\/uploads\/2018\/05\/Features.png 950w, https:\/\/justvape.nu\/wp-content\/uploads\/2018\/05\/Features-555x37.png 555w, https:\/\/justvape.nu\/wp-content\/uploads\/2018\/05\/Features-64x4.png 64w, https:\/\/justvape.nu\/wp-content\/uploads\/2018\/05\/Features-300x20.png 300w, https:\/\/justvape.nu\/wp-content\/uploads\/2018\/05\/Features-768x52.png 768w\" sizes=\"auto, (max-width: 950px) 100vw, 950px\" \/><\/a><\/h2>\n<\/div>\n<ul>\n<li style=\"list-style-type: none;\">\n<ul>\n<li>1. Modifizierte kompakte Side-by-Side-Bauweise<\/li>\n<li>2. Einstellbare Leistung und Luftstrom<\/li>\n<li>3. 2A schnelles Laden, einfache automatische Entnahme<\/li>\n<li>4. Interaktive LED-Anzeige<\/li>\n<li>5. Pro-FOCS-Technologie zur Geschmacksanpassung<\/li>\n<li>6. Beleuchtete und dekorative Seitenleuchte<\/li>\n<li>7. Kombination aus Premium-Qualit\u00e4t und futuristischem Look<\/li>\n<li>8. 2ml nachf\u00fcllbarer Pod<\/li>\n<li>9. Eingebauter Sicherheitsschutzmechanismus<\/li>\n<\/ul>\n<\/li>\n<\/ul>\n<div class=\"img-show-more\">\n<div id=\"img_content_less\" class=\"img-content add-more\">\n<p class=\"description-img-center\"><a href=\"https:\/\/justvape.nu\/wp-content\/uploads\/2023\/04\/Uwell_Caliburn_Ironfist_L_Kit_Coil_Options.jpg\"><img loading=\"lazy\" decoding=\"async\" class=\"alignnone size-full wp-image-586016\" src=\"https:\/\/justvape.nu\/wp-content\/uploads\/2023\/04\/Uwell_Caliburn_Ironfist_L_Kit_Coil_Options.jpg\" alt=\"\" width=\"831\" height=\"448\" title=\"\" srcset=\"https:\/\/justvape.nu\/wp-content\/uploads\/2023\/04\/Uwell_Caliburn_Ironfist_L_Kit_Coil_Options.jpg 831w, https:\/\/justvape.nu\/wp-content\/uploads\/2023\/04\/Uwell_Caliburn_Ironfist_L_Kit_Coil_Options-600x323.jpg 600w, https:\/\/justvape.nu\/wp-content\/uploads\/2023\/04\/Uwell_Caliburn_Ironfist_L_Kit_Coil_Options-64x35.jpg 64w, https:\/\/justvape.nu\/wp-content\/uploads\/2023\/04\/Uwell_Caliburn_Ironfist_L_Kit_Coil_Options-300x162.jpg 300w, https:\/\/justvape.nu\/wp-content\/uploads\/2023\/04\/Uwell_Caliburn_Ironfist_L_Kit_Coil_Options-768x414.jpg 768w\" sizes=\"auto, (max-width: 831px) 100vw, 831px\" \/><\/a> <a href=\"https:\/\/justvape.nu\/wp-content\/uploads\/2023\/04\/Uwell_Caliburn_Ironfist_L_Kit_Airflow_Adjustment.jpg\"><img loading=\"lazy\" decoding=\"async\" class=\"alignnone size-full wp-image-586024\" src=\"https:\/\/justvape.nu\/wp-content\/uploads\/2023\/04\/Uwell_Caliburn_Ironfist_L_Kit_Airflow_Adjustment.jpg\" alt=\"\" width=\"831\" height=\"523\" title=\"\" srcset=\"https:\/\/justvape.nu\/wp-content\/uploads\/2023\/04\/Uwell_Caliburn_Ironfist_L_Kit_Airflow_Adjustment.jpg 831w, https:\/\/justvape.nu\/wp-content\/uploads\/2023\/04\/Uwell_Caliburn_Ironfist_L_Kit_Airflow_Adjustment-600x378.jpg 600w, https:\/\/justvape.nu\/wp-content\/uploads\/2023\/04\/Uwell_Caliburn_Ironfist_L_Kit_Airflow_Adjustment-64x40.jpg 64w, https:\/\/justvape.nu\/wp-content\/uploads\/2023\/04\/Uwell_Caliburn_Ironfist_L_Kit_Airflow_Adjustment-300x189.jpg 300w, https:\/\/justvape.nu\/wp-content\/uploads\/2023\/04\/Uwell_Caliburn_Ironfist_L_Kit_Airflow_Adjustment-768x483.jpg 768w\" sizes=\"auto, (max-width: 831px) 100vw, 831px\" \/><\/a> <a href=\"https:\/\/justvape.nu\/wp-content\/uploads\/2023\/04\/Uwell_Caliburn_Ironfist_L_Kit_Adjustable_Power.jpg\"><img loading=\"lazy\" decoding=\"async\" class=\"alignnone size-full wp-image-586032\" src=\"https:\/\/justvape.nu\/wp-content\/uploads\/2023\/04\/Uwell_Caliburn_Ironfist_L_Kit_Adjustable_Power.jpg\" alt=\"\" width=\"831\" height=\"462\" title=\"\" srcset=\"https:\/\/justvape.nu\/wp-content\/uploads\/2023\/04\/Uwell_Caliburn_Ironfist_L_Kit_Adjustable_Power.jpg 831w, https:\/\/justvape.nu\/wp-content\/uploads\/2023\/04\/Uwell_Caliburn_Ironfist_L_Kit_Adjustable_Power-600x334.jpg 600w, https:\/\/justvape.nu\/wp-content\/uploads\/2023\/04\/Uwell_Caliburn_Ironfist_L_Kit_Adjustable_Power-64x36.jpg 64w, https:\/\/justvape.nu\/wp-content\/uploads\/2023\/04\/Uwell_Caliburn_Ironfist_L_Kit_Adjustable_Power-300x167.jpg 300w, https:\/\/justvape.nu\/wp-content\/uploads\/2023\/04\/Uwell_Caliburn_Ironfist_L_Kit_Adjustable_Power-768x427.jpg 768w\" sizes=\"auto, (max-width: 831px) 100vw, 831px\" \/><\/a><\/p>\n<\/div>\n<\/div>\n<div class=\"shop-features \">\n<h2 class=\"shop-features-title \"><a href=\"https:\/\/justvape.nu\/wp-content\/uploads\/2018\/04\/Packing-List.png\"><img loading=\"lazy\" decoding=\"async\" class=\"alignnone size-full wp-image-18999\" src=\"https:\/\/justvape.nu\/wp-content\/uploads\/2018\/04\/Packing-List.png\" alt=\"\" width=\"950\" height=\"64\" title=\"\" srcset=\"https:\/\/justvape.nu\/wp-content\/uploads\/2018\/04\/Packing-List.png 950w, https:\/\/justvape.nu\/wp-content\/uploads\/2018\/04\/Packing-List-555x37.png 555w, https:\/\/justvape.nu\/wp-content\/uploads\/2018\/04\/Packing-List-64x4.png 64w, https:\/\/justvape.nu\/wp-content\/uploads\/2018\/04\/Packing-List-300x20.png 300w, https:\/\/justvape.nu\/wp-content\/uploads\/2018\/04\/Packing-List-768x52.png 768w\" sizes=\"auto, (max-width: 950px) 100vw, 950px\" \/><\/a><\/h2>\n<\/div>\n<p>1* Kaliburn &amp; Eisenfaust L Ger\u00e4t<br \/>\n1* Caliburn &amp; Ironfist L Leere Patrone<br \/>\n1* UN2 Meshed-H 0.8ohm Caliburn G Coil (vorinstalliert)<br \/>\n1* UN2 Meshed-H 1.2ohm Caliburn G2 Coil(Ersatz)<br \/>\n1 * Benutzerhandbuch<br \/>\n1* Typ-C-Ladekabel<\/p>\n<p class=\"description-img-center \"><a href=\"https:\/\/justvape.nu\/wp-content\/uploads\/2023\/04\/Uwell_Caliburn_Ironfist_L_Kit_Packing_List.jpg\"><img loading=\"lazy\" decoding=\"async\" class=\"alignnone size-full wp-image-586040\" src=\"https:\/\/justvape.nu\/wp-content\/uploads\/2023\/04\/Uwell_Caliburn_Ironfist_L_Kit_Packing_List.jpg\" alt=\"\" width=\"831\" height=\"369\" title=\"\" srcset=\"https:\/\/justvape.nu\/wp-content\/uploads\/2023\/04\/Uwell_Caliburn_Ironfist_L_Kit_Packing_List.jpg 831w, https:\/\/justvape.nu\/wp-content\/uploads\/2023\/04\/Uwell_Caliburn_Ironfist_L_Kit_Packing_List-600x266.jpg 600w, https:\/\/justvape.nu\/wp-content\/uploads\/2023\/04\/Uwell_Caliburn_Ironfist_L_Kit_Packing_List-64x28.jpg 64w, https:\/\/justvape.nu\/wp-content\/uploads\/2023\/04\/Uwell_Caliburn_Ironfist_L_Kit_Packing_List-300x133.jpg 300w, https:\/\/justvape.nu\/wp-content\/uploads\/2023\/04\/Uwell_Caliburn_Ironfist_L_Kit_Packing_List-768x341.jpg 768w\" sizes=\"auto, (max-width: 831px) 100vw, 831px\" \/><\/a><\/p>\n","protected":false},"excerpt":{"rendered":"<p>UWELL &#8211; CALIBURN &amp; IRONFIST L POD KIT<\/p>\n","protected":false},"featured_media":586061,"comment_status":"open","ping_status":"closed","template":"","meta":{"_acf_changed":false,"_uag_custom_page_level_css":"","site-sidebar-layout":"default","site-content-layout":"default","ast-site-content-layout":"default","site-content-style":"default","site-sidebar-style":"default","ast-global-header-display":"","ast-banner-title-visibility":"","ast-main-header-display":"","ast-hfb-above-header-display":"","ast-hfb-below-header-display":"","ast-hfb-mobile-header-display":"","site-post-title":"","ast-breadcrumbs-content":"","ast-featured-img":"","footer-sml-layout":"","ast-disable-related-posts":"","theme-transparent-header-meta":"default","adv-header-id-meta":"","stick-header-meta":"default","header-above-stick-meta":"","header-main-stick-meta":"","header-below-stick-meta":"","astra-migrate-meta-layouts":"default","ast-page-background-enabled":"default","ast-page-background-meta":{"desktop":{"background-color":"","background-image":"","background-repeat":"repeat","background-position":"center center","background-size":"auto","background-attachment":"scroll","background-type":"","background-media":"","overlay-type":"","overlay-color":"","overlay-opacity":"","overlay-gradient":""},"tablet":{"background-color":"","background-image":"","background-repeat":"repeat","background-position":"center center","background-size":"auto","background-attachment":"scroll","background-type":"","background-media":"","overlay-type":"","overlay-color":"","overlay-opacity":"","overlay-gradient":""},"mobile":{"background-color":"","background-image":"","background-repeat":"repeat","background-position":"center center","background-size":"auto","background-attachment":"scroll","background-type":"","background-media":"","overlay-type":"","overlay-color":"","overlay-opacity":"","overlay-gradient":""}},"ast-content-background-meta":{"desktop":{"background-color":"var(--ast-global-color-5)","background-image":"","background-repeat":"repeat","background-position":"center center","background-size":"auto","background-attachment":"scroll","background-type":"","background-media":"","overlay-type":"","overlay-color":"","overlay-opacity":"","overlay-gradient":""},"tablet":{"background-color":"var(--ast-global-color-5)","background-image":"","background-repeat":"repeat","background-position":"center center","background-size":"auto","background-attachment":"scroll","background-type":"","background-media":"","overlay-type":"","overlay-color":"","overlay-opacity":"","overlay-gradient":""},"mobile":{"background-color":"var(--ast-global-color-5)","background-image":"","background-repeat":"repeat","background-position":"center center","background-size":"auto","background-attachment":"scroll","background-type":"","background-media":"","overlay-type":"","overlay-color":"","overlay-opacity":"","overlay-gradient":""}}},"product_brand":[],"product_cat":[2077,2067,2511,2512,3434],"product_tag":[],"class_list":{"0":"post-586107","1":"product","2":"type-product","3":"status-publish","4":"has-post-thumbnail","6":"product_cat-anfaenger-kits-pods","7":"product_cat-e-zigaretten","8":"product_cat-hardware-de","9":"product_cat-shop-by-brand-de","10":"product_cat-uwell-de","11":"desktop-align-center","12":"tablet-align-center","13":"mobile-align-center","14":"ast-product-gallery-layout-horizontal-slider","15":"ast-product-single-variable","16":"ast-product-tabs-layout-horizontal","18":"first","19":"instock","20":"sale","21":"taxable","22":"shipping-taxable","23":"purchasable","24":"product-type-variable"},"acf":[],"uagb_featured_image_src":{"full":["https:\/\/justvape.nu\/wp-content\/uploads\/2023\/04\/n7NriETk.jpeg",600,600,false],"thumbnail":["https:\/\/justvape.nu\/wp-content\/uploads\/2023\/04\/n7NriETk-150x150.jpeg",150,150,true],"medium":["https:\/\/justvape.nu\/wp-content\/uploads\/2023\/04\/n7NriETk-300x300.jpeg",300,300,true],"medium_large":["https:\/\/justvape.nu\/wp-content\/uploads\/2023\/04\/n7NriETk.jpeg",600,600,false],"large":["https:\/\/justvape.nu\/wp-content\/uploads\/2023\/04\/n7NriETk.jpeg",600,600,false],"1536x1536":["https:\/\/justvape.nu\/wp-content\/uploads\/2023\/04\/n7NriETk.jpeg",600,600,false],"2048x2048":["https:\/\/justvape.nu\/wp-content\/uploads\/2023\/04\/n7NriETk.jpeg",600,600,false],"woocommerce_thumbnail":["https:\/\/justvape.nu\/wp-content\/uploads\/2023\/04\/n7NriETk-300x300.jpeg",300,300,true],"woocommerce_single":["https:\/\/justvape.nu\/wp-content\/uploads\/2023\/04\/n7NriETk.jpeg",600,600,false],"woocommerce_gallery_thumbnail":["https:\/\/justvape.nu\/wp-content\/uploads\/2023\/04\/n7NriETk-100x100.jpeg",100,100,true],"dgwt-wcas-product-suggestion":["https:\/\/justvape.nu\/wp-content\/uploads\/2023\/04\/n7NriETk-64x64.jpeg",64,64,true]},"uagb_author_info":{"display_name":"Kenneth Merkur","author_link":"https:\/\/justvape.nu\/de\/author\/"},"uagb_comment_info":0,"uagb_excerpt":"UWELL - CALIBURN &amp; IRONFIST L POD KIT","_links":{"self":[{"href":"https:\/\/justvape.nu\/de\/wp-json\/wp\/v2\/product\/586107","targetHints":{"allow":["GET"]}}],"collection":[{"href":"https:\/\/justvape.nu\/de\/wp-json\/wp\/v2\/product"}],"about":[{"href":"https:\/\/justvape.nu\/de\/wp-json\/wp\/v2\/types\/product"}],"replies":[{"embeddable":true,"href":"https:\/\/justvape.nu\/de\/wp-json\/wp\/v2\/comments?post=586107"}],"wp:featuredmedia":[{"embeddable":true,"href":"https:\/\/justvape.nu\/de\/wp-json\/wp\/v2\/media\/586061"}],"wp:attachment":[{"href":"https:\/\/justvape.nu\/de\/wp-json\/wp\/v2\/media?parent=586107"}],"wp:term":[{"taxonomy":"product_brand","embeddable":true,"href":"https:\/\/justvape.nu\/de\/wp-json\/wp\/v2\/product_brand?post=586107"},{"taxonomy":"product_cat","embeddable":true,"href":"https:\/\/justvape.nu\/de\/wp-json\/wp\/v2\/product_cat?post=586107"},{"taxonomy":"product_tag","embeddable":true,"href":"https:\/\/justvape.nu\/de\/wp-json\/wp\/v2\/product_tag?post=586107"}],"curies":[{"name":"wp","href":"https:\/\/api.w.org\/{rel}","templated":true}]}}