{"id":584367,"date":"2023-04-15T21:56:14","date_gmt":"2023-04-15T19:56:14","guid":{"rendered":"https:\/\/justvape.nu\/produkt\/oxva-xlim-pro-pod-kit\/"},"modified":"2025-01-30T22:01:56","modified_gmt":"2025-01-30T21:01:56","slug":"oxva-xlim-pro-pod-kit","status":"publish","type":"product","link":"https:\/\/justvape.nu\/de\/produkt\/oxva-xlim-pro-pod-kit\/","title":{"rendered":"OXVA &#8211; XLIM PRO POD KIT"},"content":{"rendered":"<h2>OXVA &#8211; XLIM PRO POD KIT<\/h2>\n<div class=\"description\">\n<p>Das Xlim Pro Pod-Kit von OXVA ist der Nachfolger des sehr beliebten Xlim v2. Dieses kompakte und stylische Pod-Kit ist der perfekte Begleiter f\u00fcr Vaper, die gerne stilvoll reisen. Mit der Zuverl\u00e4ssigkeit der Oxva Xlim v2 Pods und der neuen Top-Fill Xlim v2 Pods zusammen mit einer eingebauten 1000mAh Batterie k\u00f6nnen Sie Ihren Lieblings-Niksalzsaft oder 50\/50 Freebase ohne Unterbrechung genie\u00dfen. Mit der Airflow-Steuerung und der 30-Watt-Leistung k\u00f6nnen Vaporizer ihren Zug einstellen und einen Zug nach dem anderen ohne Unterbrechung und mit maximalem Geschmack genie\u00dfen.<\/p>\n<p>Das Oxva Xlim Pro Pod-Kit hat eine Leistung von 5 bis 30 Watt und verf\u00fcgt \u00fcber einen eingebauten 1000mAh-Akku. Es verf\u00fcgt \u00fcber einen USB-C-Ladeanschluss und kann mit 2 Ampere laden, was sehr geringe Ausfallzeiten bedeutet. Der mitgelieferte Xlim Top-Fill-Pod zielt darauf ab, Ihr Liquid vor l\u00e4stigem Auslaufen zu bewahren, und das Kit ist mit den Standard-Xlim-V2-Pods kompatibel. Au\u00dferdem bietet er eine Inhalationsaktivierung zusammen mit einer Tastenaktivierung f\u00fcr ein einfaches Erlebnis. Das \u00fcbersichtliche Display zeigt Ihnen die gew\u00e4hlte Wattzahl an, und das RGB-Licht sorgt f\u00fcr Stil.<\/p>\n<p>Kompatibel mit den Xlim V2 Pods und der neuen Top-Fill Version dieser Pods bietet der Xlim pro ein geschmacklich abgerundetes Dampferlebnis, das sich bei den Vapern \u00fcberall durchgesetzt hat. Erh\u00e4ltlich in 0.6oh, 0.8ohm, und 1.2ohm die Xlim pods durchf\u00fchren, um den h\u00f6chsten Standard. Mit einem Gewicht von nur 66 Gramm bietet dieser leichte Vape-Pod alles, was Sie brauchen, um das Verlangen nach Zigaretten in Schach zu halten, und zielt darauf ab, Ihnen das befriedigendste Mund-zu-Lunge-Vape zu bieten.<\/p>\n<p><a href=\"https:\/\/justvape.nu\/wp-content\/uploads\/2018\/05\/Color-Schemes.png\"><img loading=\"lazy\" decoding=\"async\" class=\"alignnone size-full wp-image-19187\" src=\"https:\/\/justvape.nu\/wp-content\/uploads\/2018\/05\/Color-Schemes.png\" alt=\"\" width=\"950\" height=\"64\" title=\"\" srcset=\"https:\/\/justvape.nu\/wp-content\/uploads\/2018\/05\/Color-Schemes.png 950w, https:\/\/justvape.nu\/wp-content\/uploads\/2018\/05\/Color-Schemes-555x37.png 555w, https:\/\/justvape.nu\/wp-content\/uploads\/2018\/05\/Color-Schemes-64x4.png 64w, https:\/\/justvape.nu\/wp-content\/uploads\/2018\/05\/Color-Schemes-300x20.png 300w, https:\/\/justvape.nu\/wp-content\/uploads\/2018\/05\/Color-Schemes-768x52.png 768w\" sizes=\"auto, (max-width: 950px) 100vw, 950px\" \/><\/a><\/p>\n<\/div>\n<div data-id=\"6858063380582\">\n<p class=\"description-img-center\"><a href=\"https:\/\/justvape.nu\/wp-content\/uploads\/2023\/04\/OXVA_Xlim_Pro_Kit_Colors.jpg\"><img loading=\"lazy\" decoding=\"async\" class=\"alignnone wp-image-584066\" src=\"https:\/\/justvape.nu\/wp-content\/uploads\/2023\/04\/OXVA_Xlim_Pro_Kit_Colors.jpg\" alt=\"\" width=\"937\" height=\"473\" title=\"\" srcset=\"https:\/\/justvape.nu\/wp-content\/uploads\/2023\/04\/OXVA_Xlim_Pro_Kit_Colors.jpg 800w, https:\/\/justvape.nu\/wp-content\/uploads\/2023\/04\/OXVA_Xlim_Pro_Kit_Colors-600x303.jpg 600w, https:\/\/justvape.nu\/wp-content\/uploads\/2023\/04\/OXVA_Xlim_Pro_Kit_Colors-64x32.jpg 64w, https:\/\/justvape.nu\/wp-content\/uploads\/2023\/04\/OXVA_Xlim_Pro_Kit_Colors-300x152.jpg 300w, https:\/\/justvape.nu\/wp-content\/uploads\/2023\/04\/OXVA_Xlim_Pro_Kit_Colors-768x388.jpg 768w\" sizes=\"auto, (max-width: 937px) 100vw, 937px\" \/><\/a><\/p>\n<div class=\"shop-features \">\n<h2 class=\"shop-features-title \"><a href=\"https:\/\/justvape.nu\/wp-content\/uploads\/2018\/05\/Specifications.png\"><img loading=\"lazy\" decoding=\"async\" class=\"alignnone size-full wp-image-248449\" src=\"https:\/\/justvape.nu\/wp-content\/uploads\/2018\/05\/Specifications.png\" alt=\"\" width=\"950\" height=\"64\" title=\"\" srcset=\"https:\/\/justvape.nu\/wp-content\/uploads\/2018\/05\/Specifications.png 950w, https:\/\/justvape.nu\/wp-content\/uploads\/2018\/05\/Specifications-600x40.png 600w, https:\/\/justvape.nu\/wp-content\/uploads\/2018\/05\/Specifications-64x4.png 64w, https:\/\/justvape.nu\/wp-content\/uploads\/2018\/05\/Specifications-300x20.png 300w, https:\/\/justvape.nu\/wp-content\/uploads\/2018\/05\/Specifications-768x52.png 768w\" sizes=\"auto, (max-width: 950px) 100vw, 950px\" \/><\/a><\/h2>\n<\/div>\n<table class=\"description-table\">\n<tbody>\n<tr>\n<td class=\"strong-title \">Marke<\/td>\n<td class=\"inline\">OXVA<\/td>\n<\/tr>\n<tr>\n<td class=\"strong-title \">Produktname<\/td>\n<td class=\"inline\">Xlim Pro Bausatz<\/td>\n<\/tr>\n<tr>\n<td class=\"strong-title \">Ausgangsleistung<\/td>\n<td class=\"inline\">5-30W<\/td>\n<\/tr>\n<tr>\n<td class=\"strong-title \">Kapazit\u00e4t der Kartusche<\/td>\n<td class=\"inline\">2ml<\/td>\n<\/tr>\n<tr>\n<td class=\"strong-title \">Widerstandsbereich<\/td>\n<td class=\"inline\">0.33-3.0ohm<\/td>\n<\/tr>\n<tr>\n<td class=\"strong-title \">Top Fill-Patrone<\/td>\n<td class=\"inline\">0.6ohm\/0.8ohm\/1.2ohm<\/td>\n<\/tr>\n<tr>\n<td class=\"strong-title \">Nachf\u00fcllen<\/td>\n<td class=\"inline\">Nachf\u00fcllen oben<\/td>\n<\/tr>\n<tr>\n<td class=\"strong-title \">Luftstromkontrolle<\/td>\n<td class=\"inline\">Seite AFC<\/td>\n<\/tr>\n<tr>\n<td class=\"strong-title \">Batteriekapazit\u00e4t<\/td>\n<td class=\"inline\">1000mAh<\/td>\n<\/tr>\n<tr>\n<td class=\"strong-title \">Aufladen<\/td>\n<td class=\"inline\">5V\/2A, Typ-C<\/td>\n<\/tr>\n<tr>\n<td class=\"strong-title \">Material<\/td>\n<td class=\"inline\">Zinklegierung + IML + PCTG<\/td>\n<\/tr>\n<tr>\n<td class=\"strong-title \">Gr\u00f6\u00dfe<\/td>\n<td class=\"inline\">111.0*25.0*14.3mm<\/td>\n<\/tr>\n<tr>\n<td class=\"strong-title \">Farbe<\/td>\n<td class=\"inline\">Schwarzer Kohlenstoff, Schwarzes Gold, Gleamy Blue, Gleamy Cyan, Gleamy Gray, Gleamy Green, Gleamy Pink, Gleamy Red<\/td>\n<\/tr>\n<\/tbody>\n<\/table>\n<div class=\"shop-features \">\n<h2 class=\"shop-features-title \"><a href=\"https:\/\/justvape.nu\/wp-content\/uploads\/2018\/05\/Features.png\"><img loading=\"lazy\" decoding=\"async\" class=\"alignnone size-full wp-image-18994\" src=\"https:\/\/justvape.nu\/wp-content\/uploads\/2018\/05\/Features.png\" alt=\"\" width=\"950\" height=\"64\" title=\"\" srcset=\"https:\/\/justvape.nu\/wp-content\/uploads\/2018\/05\/Features.png 950w, https:\/\/justvape.nu\/wp-content\/uploads\/2018\/05\/Features-555x37.png 555w, https:\/\/justvape.nu\/wp-content\/uploads\/2018\/05\/Features-64x4.png 64w, https:\/\/justvape.nu\/wp-content\/uploads\/2018\/05\/Features-300x20.png 300w, https:\/\/justvape.nu\/wp-content\/uploads\/2018\/05\/Features-768x52.png 768w\" sizes=\"auto, (max-width: 950px) 100vw, 950px\" \/><\/a><\/h2>\n<\/div>\n<ul>\n<li style=\"list-style-type: none;\">\n<ul>\n<li>1. Glitzerndes RGB-Licht<\/li>\n<li>2. Auslaufsichere Top-Fill-Patrone<\/li>\n<li>3. Ergonomisches AFC-Design<\/li>\n<li>4. Automatisches Zeichnen und Tastenaktivierung<\/li>\n<li>5. 30 W maximale Ausgangsleistung<\/li>\n<li>6. 1000mAh gr\u00f6\u00dferer Akku<\/li>\n<li>7. Hochgradig auslaufsicher<\/li>\n<li>8. Typ-C-Schnellladung<\/li>\n<li>9. Kompatibel mit neuer Top-Fill (Xlim V3) &amp; Xlim V2 Patrone<\/li>\n<\/ul>\n<\/li>\n<\/ul>\n<div class=\"img-show-more\">\n<div id=\"img_content_less\" class=\"img-content add-more\">\n<p class=\"description-img-center\"><a href=\"https:\/\/justvape.nu\/wp-content\/uploads\/2023\/04\/OXVA_Xlim_Pro_Kit_30W_Wattage.jpg\"><img loading=\"lazy\" decoding=\"async\" class=\"alignnone size-full wp-image-584074\" src=\"https:\/\/justvape.nu\/wp-content\/uploads\/2023\/04\/OXVA_Xlim_Pro_Kit_30W_Wattage.jpg\" alt=\"\" width=\"831\" height=\"568\" title=\"\" srcset=\"https:\/\/justvape.nu\/wp-content\/uploads\/2023\/04\/OXVA_Xlim_Pro_Kit_30W_Wattage.jpg 831w, https:\/\/justvape.nu\/wp-content\/uploads\/2023\/04\/OXVA_Xlim_Pro_Kit_30W_Wattage-600x410.jpg 600w, https:\/\/justvape.nu\/wp-content\/uploads\/2023\/04\/OXVA_Xlim_Pro_Kit_30W_Wattage-64x44.jpg 64w, https:\/\/justvape.nu\/wp-content\/uploads\/2023\/04\/OXVA_Xlim_Pro_Kit_30W_Wattage-300x205.jpg 300w, https:\/\/justvape.nu\/wp-content\/uploads\/2023\/04\/OXVA_Xlim_Pro_Kit_30W_Wattage-768x525.jpg 768w\" sizes=\"auto, (max-width: 831px) 100vw, 831px\" \/><\/a> <a href=\"https:\/\/justvape.nu\/wp-content\/uploads\/2023\/04\/OXVA_Xlim_Pro_Kit_Battery_Capacity.jpg\"><img loading=\"lazy\" decoding=\"async\" class=\"alignnone size-full wp-image-584082\" src=\"https:\/\/justvape.nu\/wp-content\/uploads\/2023\/04\/OXVA_Xlim_Pro_Kit_Battery_Capacity.jpg\" alt=\"\" width=\"831\" height=\"438\" title=\"\" srcset=\"https:\/\/justvape.nu\/wp-content\/uploads\/2023\/04\/OXVA_Xlim_Pro_Kit_Battery_Capacity.jpg 831w, https:\/\/justvape.nu\/wp-content\/uploads\/2023\/04\/OXVA_Xlim_Pro_Kit_Battery_Capacity-600x316.jpg 600w, https:\/\/justvape.nu\/wp-content\/uploads\/2023\/04\/OXVA_Xlim_Pro_Kit_Battery_Capacity-64x34.jpg 64w, https:\/\/justvape.nu\/wp-content\/uploads\/2023\/04\/OXVA_Xlim_Pro_Kit_Battery_Capacity-300x158.jpg 300w, https:\/\/justvape.nu\/wp-content\/uploads\/2023\/04\/OXVA_Xlim_Pro_Kit_Battery_Capacity-768x405.jpg 768w\" sizes=\"auto, (max-width: 831px) 100vw, 831px\" \/><\/a> <a href=\"https:\/\/justvape.nu\/wp-content\/uploads\/2023\/04\/OXVA_Xlim_Pro_Kit_Coil_Resistance.jpg\"><img loading=\"lazy\" decoding=\"async\" class=\"alignnone size-full wp-image-584090\" src=\"https:\/\/justvape.nu\/wp-content\/uploads\/2023\/04\/OXVA_Xlim_Pro_Kit_Coil_Resistance.jpg\" alt=\"\" width=\"831\" height=\"277\" title=\"\" srcset=\"https:\/\/justvape.nu\/wp-content\/uploads\/2023\/04\/OXVA_Xlim_Pro_Kit_Coil_Resistance.jpg 831w, https:\/\/justvape.nu\/wp-content\/uploads\/2023\/04\/OXVA_Xlim_Pro_Kit_Coil_Resistance-600x200.jpg 600w, https:\/\/justvape.nu\/wp-content\/uploads\/2023\/04\/OXVA_Xlim_Pro_Kit_Coil_Resistance-64x21.jpg 64w, https:\/\/justvape.nu\/wp-content\/uploads\/2023\/04\/OXVA_Xlim_Pro_Kit_Coil_Resistance-300x100.jpg 300w, https:\/\/justvape.nu\/wp-content\/uploads\/2023\/04\/OXVA_Xlim_Pro_Kit_Coil_Resistance-768x256.jpg 768w\" sizes=\"auto, (max-width: 831px) 100vw, 831px\" \/><\/a><\/p>\n<\/div>\n<\/div>\n<div class=\"shop-features \">\n<h2 class=\"shop-features-title \"><a href=\"https:\/\/justvape.nu\/wp-content\/uploads\/2018\/04\/Packing-List.png\"><img loading=\"lazy\" decoding=\"async\" class=\"alignnone size-full wp-image-18999\" src=\"https:\/\/justvape.nu\/wp-content\/uploads\/2018\/04\/Packing-List.png\" alt=\"\" width=\"950\" height=\"64\" title=\"\" srcset=\"https:\/\/justvape.nu\/wp-content\/uploads\/2018\/04\/Packing-List.png 950w, https:\/\/justvape.nu\/wp-content\/uploads\/2018\/04\/Packing-List-555x37.png 555w, https:\/\/justvape.nu\/wp-content\/uploads\/2018\/04\/Packing-List-64x4.png 64w, https:\/\/justvape.nu\/wp-content\/uploads\/2018\/04\/Packing-List-300x20.png 300w, https:\/\/justvape.nu\/wp-content\/uploads\/2018\/04\/Packing-List-768x52.png 768w\" sizes=\"auto, (max-width: 950px) 100vw, 950px\" \/><\/a><\/h2>\n<\/div>\n<p>1* Xlim Pro Ger\u00e4t<br \/>\n1* Top Fill (Xlim V3) Kartusche 0.6ohm (vorinstalliert)<br \/>\n1* Top Fill (Xlim V3) Kartusche 0.8ohm<br \/>\n1* Typ-C Kabel<br \/>\n1* Umh\u00e4ngeband<br \/>\n1 * Benutzerhandbuch<\/p>\n<p class=\"description-img-center \"><a href=\"https:\/\/justvape.nu\/wp-content\/uploads\/2023\/04\/OXVA_Xlim_Pro_Kit_Packing_List.jpg\"><img loading=\"lazy\" decoding=\"async\" class=\"alignnone size-full wp-image-584098\" src=\"https:\/\/justvape.nu\/wp-content\/uploads\/2023\/04\/OXVA_Xlim_Pro_Kit_Packing_List.jpg\" alt=\"\" width=\"831\" height=\"413\" title=\"\" srcset=\"https:\/\/justvape.nu\/wp-content\/uploads\/2023\/04\/OXVA_Xlim_Pro_Kit_Packing_List.jpg 831w, https:\/\/justvape.nu\/wp-content\/uploads\/2023\/04\/OXVA_Xlim_Pro_Kit_Packing_List-600x298.jpg 600w, https:\/\/justvape.nu\/wp-content\/uploads\/2023\/04\/OXVA_Xlim_Pro_Kit_Packing_List-64x32.jpg 64w, https:\/\/justvape.nu\/wp-content\/uploads\/2023\/04\/OXVA_Xlim_Pro_Kit_Packing_List-300x149.jpg 300w, https:\/\/justvape.nu\/wp-content\/uploads\/2023\/04\/OXVA_Xlim_Pro_Kit_Packing_List-768x382.jpg 768w\" sizes=\"auto, (max-width: 831px) 100vw, 831px\" \/><\/a><\/p>\n<\/div>\n","protected":false},"excerpt":{"rendered":"<p>OXVA &#8211; XLIM PRO POD KIT<\/p>\n","protected":false},"featured_media":584170,"comment_status":"open","ping_status":"closed","template":"","meta":{"_acf_changed":false,"_uag_custom_page_level_css":"","site-sidebar-layout":"default","site-content-layout":"default","ast-site-content-layout":"default","site-content-style":"default","site-sidebar-style":"default","ast-global-header-display":"","ast-banner-title-visibility":"","ast-main-header-display":"","ast-hfb-above-header-display":"","ast-hfb-below-header-display":"","ast-hfb-mobile-header-display":"","site-post-title":"","ast-breadcrumbs-content":"","ast-featured-img":"","footer-sml-layout":"","ast-disable-related-posts":"","theme-transparent-header-meta":"default","adv-header-id-meta":"","stick-header-meta":"default","header-above-stick-meta":"","header-main-stick-meta":"","header-below-stick-meta":"","astra-migrate-meta-layouts":"default","ast-page-background-enabled":"default","ast-page-background-meta":{"desktop":{"background-color":"","background-image":"","background-repeat":"repeat","background-position":"center center","background-size":"auto","background-attachment":"scroll","background-type":"","background-media":"","overlay-type":"","overlay-color":"","overlay-opacity":"","overlay-gradient":""},"tablet":{"background-color":"","background-image":"","background-repeat":"repeat","background-position":"center center","background-size":"auto","background-attachment":"scroll","background-type":"","background-media":"","overlay-type":"","overlay-color":"","overlay-opacity":"","overlay-gradient":""},"mobile":{"background-color":"","background-image":"","background-repeat":"repeat","background-position":"center center","background-size":"auto","background-attachment":"scroll","background-type":"","background-media":"","overlay-type":"","overlay-color":"","overlay-opacity":"","overlay-gradient":""}},"ast-content-background-meta":{"desktop":{"background-color":"var(--ast-global-color-5)","background-image":"","background-repeat":"repeat","background-position":"center center","background-size":"auto","background-attachment":"scroll","background-type":"","background-media":"","overlay-type":"","overlay-color":"","overlay-opacity":"","overlay-gradient":""},"tablet":{"background-color":"var(--ast-global-color-5)","background-image":"","background-repeat":"repeat","background-position":"center center","background-size":"auto","background-attachment":"scroll","background-type":"","background-media":"","overlay-type":"","overlay-color":"","overlay-opacity":"","overlay-gradient":""},"mobile":{"background-color":"var(--ast-global-color-5)","background-image":"","background-repeat":"repeat","background-position":"center center","background-size":"auto","background-attachment":"scroll","background-type":"","background-media":"","overlay-type":"","overlay-color":"","overlay-opacity":"","overlay-gradient":""}}},"product_brand":[],"product_cat":[2077,2067,2511,6190,2512],"product_tag":[],"class_list":{"0":"post-584367","1":"product","2":"type-product","3":"status-publish","4":"has-post-thumbnail","6":"product_cat-anfaenger-kits-pods","7":"product_cat-e-zigaretten","8":"product_cat-hardware-de","9":"product_cat-oxva-de","10":"product_cat-shop-by-brand-de","11":"desktop-align-center","12":"tablet-align-center","13":"mobile-align-center","14":"ast-product-gallery-layout-horizontal-slider","15":"ast-product-gallery-with-no-image","16":"ast-product-single-variable","17":"ast-product-tabs-layout-horizontal","19":"first","20":"instock","21":"sale","22":"taxable","23":"shipping-taxable","24":"purchasable","25":"product-type-variable"},"acf":[],"uagb_featured_image_src":{"full":["https:\/\/justvape.nu\/wp-content\/uploads\/2023\/04\/oxva-xlim-pro-pod-1.jpg",800,800,false],"thumbnail":["https:\/\/justvape.nu\/wp-content\/uploads\/2023\/04\/oxva-xlim-pro-pod-1-150x150.jpg",150,150,true],"medium":["https:\/\/justvape.nu\/wp-content\/uploads\/2023\/04\/oxva-xlim-pro-pod-1-300x300.jpg",300,300,true],"medium_large":["https:\/\/justvape.nu\/wp-content\/uploads\/2023\/04\/oxva-xlim-pro-pod-1-768x768.jpg",768,768,true],"large":["https:\/\/justvape.nu\/wp-content\/uploads\/2023\/04\/oxva-xlim-pro-pod-1.jpg",800,800,false],"1536x1536":["https:\/\/justvape.nu\/wp-content\/uploads\/2023\/04\/oxva-xlim-pro-pod-1.jpg",800,800,false],"2048x2048":["https:\/\/justvape.nu\/wp-content\/uploads\/2023\/04\/oxva-xlim-pro-pod-1.jpg",800,800,false],"woocommerce_thumbnail":["https:\/\/justvape.nu\/wp-content\/uploads\/2023\/04\/oxva-xlim-pro-pod-1-300x300.jpg",300,300,true],"woocommerce_single":["https:\/\/justvape.nu\/wp-content\/uploads\/2023\/04\/oxva-xlim-pro-pod-1-600x600.jpg",600,600,true],"woocommerce_gallery_thumbnail":["https:\/\/justvape.nu\/wp-content\/uploads\/2023\/04\/oxva-xlim-pro-pod-1-100x100.jpg",100,100,true],"dgwt-wcas-product-suggestion":["https:\/\/justvape.nu\/wp-content\/uploads\/2023\/04\/oxva-xlim-pro-pod-1-64x64.jpg",64,64,true]},"uagb_author_info":{"display_name":"Kenneth Merkur","author_link":"https:\/\/justvape.nu\/de\/author\/"},"uagb_comment_info":0,"uagb_excerpt":"OXVA - XLIM PRO POD KIT","_links":{"self":[{"href":"https:\/\/justvape.nu\/de\/wp-json\/wp\/v2\/product\/584367","targetHints":{"allow":["GET"]}}],"collection":[{"href":"https:\/\/justvape.nu\/de\/wp-json\/wp\/v2\/product"}],"about":[{"href":"https:\/\/justvape.nu\/de\/wp-json\/wp\/v2\/types\/product"}],"replies":[{"embeddable":true,"href":"https:\/\/justvape.nu\/de\/wp-json\/wp\/v2\/comments?post=584367"}],"wp:featuredmedia":[{"embeddable":true,"href":"https:\/\/justvape.nu\/de\/wp-json\/wp\/v2\/media\/584170"}],"wp:attachment":[{"href":"https:\/\/justvape.nu\/de\/wp-json\/wp\/v2\/media?parent=584367"}],"wp:term":[{"taxonomy":"product_brand","embeddable":true,"href":"https:\/\/justvape.nu\/de\/wp-json\/wp\/v2\/product_brand?post=584367"},{"taxonomy":"product_cat","embeddable":true,"href":"https:\/\/justvape.nu\/de\/wp-json\/wp\/v2\/product_cat?post=584367"},{"taxonomy":"product_tag","embeddable":true,"href":"https:\/\/justvape.nu\/de\/wp-json\/wp\/v2\/product_tag?post=584367"}],"curies":[{"name":"wp","href":"https:\/\/api.w.org\/{rel}","templated":true}]}}