{"id":584304,"date":"2023-04-15T16:00:46","date_gmt":"2023-04-15T14:00:46","guid":{"rendered":"https:\/\/justvape.nu\/produkt\/vaporesso-xros-nano-kit\/"},"modified":"2023-04-15T16:00:46","modified_gmt":"2023-04-15T14:00:46","slug":"vaporesso-xros-nano-kit","status":"publish","type":"product","link":"https:\/\/justvape.nu\/de\/produkt\/vaporesso-xros-nano-kit\/","title":{"rendered":"VAPORESSO &#8211; XROS NANO KIT"},"content":{"rendered":"<h2>VAPORESSO &#8211; XROS NANO KIT<\/h2>\n<p>Der Vaporesso XROS NANO ist ein ultra-portabler Pod Vape, der trotz seiner geringen Gr\u00f6\u00dfe mit vielen Funktionen ausgestattet ist. Mit den gleichen Pods wie die anderen XROS Vapes haben sie eine 2mL Vape-Saft-Kapazit\u00e4t, im Kit erhalten Sie einen 0.8\u03a9 Mesh Pod (rot) und einen 1.2 Pod (schwarz). Die Pods sind mit der auslaufsicheren SSS-Technologie versiegelt und werden von oben bef\u00fcllt, sobald Sie den Deckel abnehmen. Sie haben also keine Lust auf unerw\u00fcnschte Leckagen.<\/p>\n<p>Der AXON-Chipsatz im XROS NANO tr\u00e4gt dazu bei, dass es das erste Podsystem mit Pulse Mode ist. Es funktioniert durch pulsierende Spulen, die alle 0,02 Sekunden w\u00e4hrend des gesamten Zuges feuern. Dies sorgt f\u00fcr einen sch\u00f6nen und konsistenten Geschmack, wann immer Sie dampfen.<\/p>\n<p>Auf der R\u00fcckseite des XROS NANO befindet sich eine kleine Lasche, an der das mitgelieferte Schl\u00fcsselband befestigt werden kann, so dass der XROS NANO jederzeit zum Dampfen zur Verf\u00fcgung steht. Auf der Vorderseite befindet sich ein Schieberegler, mit dem Sie ganz einfach den idealen Luftstrom f\u00fcr Ihren Geschmack einstellen k\u00f6nnen. An der Seite unter dem Vaporesso-Branding befinden sich 4 LED-Leuchten, die Sie \u00fcber den Ladezustand des Akkus informieren.<\/p>\n<p>Vaporesso XROS NANO nutzt Typ-C-USB-Ladung, die mit einer Leistung von 1 A schnell geladen werden kann. Allerdings sollte der voll aufgeladene 1000mAh-Akku mehr als einen Tag lang durchhalten.<\/p>\n<p><a href=\"https:\/\/justvape.nu\/wp-content\/uploads\/2018\/05\/Color-Schemes.png\"><img loading=\"lazy\" decoding=\"async\" class=\"alignnone size-full wp-image-19187\" src=\"https:\/\/justvape.nu\/wp-content\/uploads\/2018\/05\/Color-Schemes.png\" alt=\"\" width=\"950\" height=\"64\" title=\"\" srcset=\"https:\/\/justvape.nu\/wp-content\/uploads\/2018\/05\/Color-Schemes.png 950w, https:\/\/justvape.nu\/wp-content\/uploads\/2018\/05\/Color-Schemes-555x37.png 555w, https:\/\/justvape.nu\/wp-content\/uploads\/2018\/05\/Color-Schemes-64x4.png 64w, https:\/\/justvape.nu\/wp-content\/uploads\/2018\/05\/Color-Schemes-300x20.png 300w, https:\/\/justvape.nu\/wp-content\/uploads\/2018\/05\/Color-Schemes-768x52.png 768w\" sizes=\"auto, (max-width: 950px) 100vw, 950px\" \/><\/a><\/p>\n<p class=\"description-img-center\"><a href=\"https:\/\/justvape.nu\/wp-content\/uploads\/2023\/04\/Vaporesso_XROS_Nano_Kit_11_Colors.jpg\"><img loading=\"lazy\" decoding=\"async\" class=\"alignnone wp-image-583925\" src=\"https:\/\/justvape.nu\/wp-content\/uploads\/2023\/04\/Vaporesso_XROS_Nano_Kit_11_Colors.jpg\" alt=\"\" width=\"937\" height=\"470\" title=\"\" srcset=\"https:\/\/justvape.nu\/wp-content\/uploads\/2023\/04\/Vaporesso_XROS_Nano_Kit_11_Colors.jpg 831w, https:\/\/justvape.nu\/wp-content\/uploads\/2023\/04\/Vaporesso_XROS_Nano_Kit_11_Colors-600x301.jpg 600w, https:\/\/justvape.nu\/wp-content\/uploads\/2023\/04\/Vaporesso_XROS_Nano_Kit_11_Colors-64x32.jpg 64w, https:\/\/justvape.nu\/wp-content\/uploads\/2023\/04\/Vaporesso_XROS_Nano_Kit_11_Colors-300x151.jpg 300w, https:\/\/justvape.nu\/wp-content\/uploads\/2023\/04\/Vaporesso_XROS_Nano_Kit_11_Colors-768x385.jpg 768w\" sizes=\"auto, (max-width: 937px) 100vw, 937px\" \/><\/a><\/p>\n<div class=\"shop-features \">\n<h2 class=\"shop-features-title \"><a href=\"https:\/\/justvape.nu\/wp-content\/uploads\/2018\/05\/Specifications.png\"><img loading=\"lazy\" decoding=\"async\" class=\"alignnone size-full wp-image-248449\" src=\"https:\/\/justvape.nu\/wp-content\/uploads\/2018\/05\/Specifications.png\" alt=\"\" width=\"950\" height=\"64\" title=\"\" srcset=\"https:\/\/justvape.nu\/wp-content\/uploads\/2018\/05\/Specifications.png 950w, https:\/\/justvape.nu\/wp-content\/uploads\/2018\/05\/Specifications-600x40.png 600w, https:\/\/justvape.nu\/wp-content\/uploads\/2018\/05\/Specifications-64x4.png 64w, https:\/\/justvape.nu\/wp-content\/uploads\/2018\/05\/Specifications-300x20.png 300w, https:\/\/justvape.nu\/wp-content\/uploads\/2018\/05\/Specifications-768x52.png 768w\" sizes=\"auto, (max-width: 950px) 100vw, 950px\" \/><\/a><\/h2>\n<\/div>\n<table class=\"description-table\">\n<tbody>\n<tr>\n<td class=\"strong-title \">Marke<\/td>\n<td class=\"inline\">Vaporesso<\/td>\n<\/tr>\n<tr>\n<td class=\"strong-title \">Produktname<\/td>\n<td class=\"inline\">XROS Nano-Bausatz<\/td>\n<\/tr>\n<tr>\n<td class=\"strong-title \">Abmessungen<\/td>\n<td class=\"inline\">14.9*48.8*63.1mm<\/td>\n<\/tr>\n<tr>\n<td class=\"strong-title \">Pod-Kapazit\u00e4t<\/td>\n<td class=\"inline\">3ml (0.7ohm)\/2ml<\/td>\n<\/tr>\n<tr>\n<td class=\"strong-title \">H\u00fclsenwiderstand<\/td>\n<td class=\"inline\">0.7ohm\/0.8ohm\/1.2ohm<\/td>\n<\/tr>\n<tr>\n<td class=\"strong-title \">Batteriekapazit\u00e4t<\/td>\n<td class=\"inline\">1000mAh<\/td>\n<\/tr>\n<tr>\n<td class=\"strong-title \">Aufladen<\/td>\n<td class=\"inline\">Typ-C, 1A<\/td>\n<\/tr>\n<tr>\n<td class=\"strong-title \">Farbe<\/td>\n<td class=\"inline\">Silber, Space Grau, Schwarz, Gr\u00fcn, Gelb, Rosa, Altsilber, Bronze Gold, Aqua<\/td>\n<\/tr>\n<\/tbody>\n<\/table>\n<div class=\"shop-features \">\n<h2 class=\"shop-features-title \"><a href=\"https:\/\/justvape.nu\/wp-content\/uploads\/2018\/05\/Features.png\"><img loading=\"lazy\" decoding=\"async\" class=\"alignnone size-full wp-image-18994\" src=\"https:\/\/justvape.nu\/wp-content\/uploads\/2018\/05\/Features.png\" alt=\"\" width=\"950\" height=\"64\" title=\"\" srcset=\"https:\/\/justvape.nu\/wp-content\/uploads\/2018\/05\/Features.png 950w, https:\/\/justvape.nu\/wp-content\/uploads\/2018\/05\/Features-555x37.png 555w, https:\/\/justvape.nu\/wp-content\/uploads\/2018\/05\/Features-64x4.png 64w, https:\/\/justvape.nu\/wp-content\/uploads\/2018\/05\/Features-300x20.png 300w, https:\/\/justvape.nu\/wp-content\/uploads\/2018\/05\/Features-768x52.png 768w\" sizes=\"auto, (max-width: 950px) 100vw, 950px\" \/><\/a><\/h2>\n<p><span id=\"index_3\" class=\"click-top\"><\/span><\/div>\n<p><strong class=\"description-little-title\">Vaporesso XROS Nano Details:<\/strong><\/p>\n<ul>\n<li style=\"list-style-type: none;\">\n<ul>\n<li>1. Kompatibel mit Pods der XROS-Serie<\/li>\n<li>2. Konsistente &amp; gro\u00dfen Geschmack bis zum letzten Zug<\/li>\n<li>3. Pr\u00e4zise Luftstromsteuerung<\/li>\n<li>4. Muschelf\u00fcllung oben<\/li>\n<li>5. SSS auslaufsichere Technologie<\/li>\n<li>6. Gezeiten-Batterieanzeige<\/li>\n<\/ul>\n<\/li>\n<\/ul>\n<p class=\"description-img-center \"><a href=\"https:\/\/justvape.nu\/wp-content\/uploads\/2023\/04\/Vaporesso_XROS_Nano_Kit_Specifications.jpg\"><img loading=\"lazy\" decoding=\"async\" class=\"alignnone size-full wp-image-583934\" src=\"https:\/\/justvape.nu\/wp-content\/uploads\/2023\/04\/Vaporesso_XROS_Nano_Kit_Specifications.jpg\" alt=\"\" width=\"831\" height=\"298\" title=\"\" srcset=\"https:\/\/justvape.nu\/wp-content\/uploads\/2023\/04\/Vaporesso_XROS_Nano_Kit_Specifications.jpg 831w, https:\/\/justvape.nu\/wp-content\/uploads\/2023\/04\/Vaporesso_XROS_Nano_Kit_Specifications-600x215.jpg 600w, https:\/\/justvape.nu\/wp-content\/uploads\/2023\/04\/Vaporesso_XROS_Nano_Kit_Specifications-64x23.jpg 64w, https:\/\/justvape.nu\/wp-content\/uploads\/2023\/04\/Vaporesso_XROS_Nano_Kit_Specifications-300x108.jpg 300w, https:\/\/justvape.nu\/wp-content\/uploads\/2023\/04\/Vaporesso_XROS_Nano_Kit_Specifications-768x275.jpg 768w\" sizes=\"auto, (max-width: 831px) 100vw, 831px\" \/><\/a> <a href=\"https:\/\/justvape.nu\/wp-content\/uploads\/2023\/04\/Vaporesso_XROS_Nano_Kit_Colors_Available.jpg\"><img loading=\"lazy\" decoding=\"async\" class=\"alignnone size-full wp-image-583942\" src=\"https:\/\/justvape.nu\/wp-content\/uploads\/2023\/04\/Vaporesso_XROS_Nano_Kit_Colors_Available.jpg\" alt=\"\" width=\"831\" height=\"484\" title=\"\" srcset=\"https:\/\/justvape.nu\/wp-content\/uploads\/2023\/04\/Vaporesso_XROS_Nano_Kit_Colors_Available.jpg 831w, https:\/\/justvape.nu\/wp-content\/uploads\/2023\/04\/Vaporesso_XROS_Nano_Kit_Colors_Available-600x349.jpg 600w, https:\/\/justvape.nu\/wp-content\/uploads\/2023\/04\/Vaporesso_XROS_Nano_Kit_Colors_Available-64x37.jpg 64w, https:\/\/justvape.nu\/wp-content\/uploads\/2023\/04\/Vaporesso_XROS_Nano_Kit_Colors_Available-300x175.jpg 300w, https:\/\/justvape.nu\/wp-content\/uploads\/2023\/04\/Vaporesso_XROS_Nano_Kit_Colors_Available-768x447.jpg 768w\" sizes=\"auto, (max-width: 831px) 100vw, 831px\" \/><\/a> <a href=\"https:\/\/justvape.nu\/wp-content\/uploads\/2023\/04\/Vaporesso_XROS_Nano_Kit_Coming.jpg\"><img loading=\"lazy\" decoding=\"async\" class=\"alignnone size-full wp-image-583950\" src=\"https:\/\/justvape.nu\/wp-content\/uploads\/2023\/04\/Vaporesso_XROS_Nano_Kit_Coming.jpg\" alt=\"\" width=\"831\" height=\"470\" title=\"\" srcset=\"https:\/\/justvape.nu\/wp-content\/uploads\/2023\/04\/Vaporesso_XROS_Nano_Kit_Coming.jpg 831w, https:\/\/justvape.nu\/wp-content\/uploads\/2023\/04\/Vaporesso_XROS_Nano_Kit_Coming-600x339.jpg 600w, https:\/\/justvape.nu\/wp-content\/uploads\/2023\/04\/Vaporesso_XROS_Nano_Kit_Coming-64x36.jpg 64w, https:\/\/justvape.nu\/wp-content\/uploads\/2023\/04\/Vaporesso_XROS_Nano_Kit_Coming-300x170.jpg 300w, https:\/\/justvape.nu\/wp-content\/uploads\/2023\/04\/Vaporesso_XROS_Nano_Kit_Coming-768x434.jpg 768w\" sizes=\"auto, (max-width: 831px) 100vw, 831px\" \/><\/a> <a href=\"https:\/\/justvape.nu\/wp-content\/uploads\/2023\/04\/Vaporesso_XROS_Nano_Kit_Cross_the_limits.jpg\"><img loading=\"lazy\" decoding=\"async\" class=\"alignnone size-full wp-image-583958\" src=\"https:\/\/justvape.nu\/wp-content\/uploads\/2023\/04\/Vaporesso_XROS_Nano_Kit_Cross_the_limits.jpg\" alt=\"\" width=\"831\" height=\"711\" title=\"\" srcset=\"https:\/\/justvape.nu\/wp-content\/uploads\/2023\/04\/Vaporesso_XROS_Nano_Kit_Cross_the_limits.jpg 831w, https:\/\/justvape.nu\/wp-content\/uploads\/2023\/04\/Vaporesso_XROS_Nano_Kit_Cross_the_limits-600x513.jpg 600w, https:\/\/justvape.nu\/wp-content\/uploads\/2023\/04\/Vaporesso_XROS_Nano_Kit_Cross_the_limits-64x55.jpg 64w, https:\/\/justvape.nu\/wp-content\/uploads\/2023\/04\/Vaporesso_XROS_Nano_Kit_Cross_the_limits-300x257.jpg 300w, https:\/\/justvape.nu\/wp-content\/uploads\/2023\/04\/Vaporesso_XROS_Nano_Kit_Cross_the_limits-768x657.jpg 768w\" sizes=\"auto, (max-width: 831px) 100vw, 831px\" \/><\/a> <a href=\"https:\/\/justvape.nu\/wp-content\/uploads\/2023\/04\/Vaporesso_XROS_Nano_Kit_Design_Inspiration.jpg\"><img loading=\"lazy\" decoding=\"async\" class=\"alignnone size-full wp-image-583966\" src=\"https:\/\/justvape.nu\/wp-content\/uploads\/2023\/04\/Vaporesso_XROS_Nano_Kit_Design_Inspiration.jpg\" alt=\"\" width=\"831\" height=\"580\" title=\"\" srcset=\"https:\/\/justvape.nu\/wp-content\/uploads\/2023\/04\/Vaporesso_XROS_Nano_Kit_Design_Inspiration.jpg 831w, https:\/\/justvape.nu\/wp-content\/uploads\/2023\/04\/Vaporesso_XROS_Nano_Kit_Design_Inspiration-600x419.jpg 600w, https:\/\/justvape.nu\/wp-content\/uploads\/2023\/04\/Vaporesso_XROS_Nano_Kit_Design_Inspiration-64x45.jpg 64w, https:\/\/justvape.nu\/wp-content\/uploads\/2023\/04\/Vaporesso_XROS_Nano_Kit_Design_Inspiration-300x209.jpg 300w, https:\/\/justvape.nu\/wp-content\/uploads\/2023\/04\/Vaporesso_XROS_Nano_Kit_Design_Inspiration-768x536.jpg 768w\" sizes=\"auto, (max-width: 831px) 100vw, 831px\" \/><\/a> <a href=\"https:\/\/justvape.nu\/wp-content\/uploads\/2023\/04\/Vaporesso_XROS_Nano_Kit_Explodedview.jpg\"><img loading=\"lazy\" decoding=\"async\" class=\"alignnone size-full wp-image-583974\" src=\"https:\/\/justvape.nu\/wp-content\/uploads\/2023\/04\/Vaporesso_XROS_Nano_Kit_Explodedview.jpg\" alt=\"\" width=\"831\" height=\"449\" title=\"\" srcset=\"https:\/\/justvape.nu\/wp-content\/uploads\/2023\/04\/Vaporesso_XROS_Nano_Kit_Explodedview.jpg 831w, https:\/\/justvape.nu\/wp-content\/uploads\/2023\/04\/Vaporesso_XROS_Nano_Kit_Explodedview-600x324.jpg 600w, https:\/\/justvape.nu\/wp-content\/uploads\/2023\/04\/Vaporesso_XROS_Nano_Kit_Explodedview-64x35.jpg 64w, https:\/\/justvape.nu\/wp-content\/uploads\/2023\/04\/Vaporesso_XROS_Nano_Kit_Explodedview-300x162.jpg 300w, https:\/\/justvape.nu\/wp-content\/uploads\/2023\/04\/Vaporesso_XROS_Nano_Kit_Explodedview-768x415.jpg 768w\" sizes=\"auto, (max-width: 831px) 100vw, 831px\" \/><\/a> <a href=\"https:\/\/justvape.nu\/wp-content\/uploads\/2023\/04\/Vaporesso_XROS_Nano_Kit_Features.jpg\"><img loading=\"lazy\" decoding=\"async\" class=\"alignnone size-full wp-image-583982\" src=\"https:\/\/justvape.nu\/wp-content\/uploads\/2023\/04\/Vaporesso_XROS_Nano_Kit_Features.jpg\" alt=\"\" width=\"831\" height=\"436\" title=\"\" srcset=\"https:\/\/justvape.nu\/wp-content\/uploads\/2023\/04\/Vaporesso_XROS_Nano_Kit_Features.jpg 831w, https:\/\/justvape.nu\/wp-content\/uploads\/2023\/04\/Vaporesso_XROS_Nano_Kit_Features-600x315.jpg 600w, https:\/\/justvape.nu\/wp-content\/uploads\/2023\/04\/Vaporesso_XROS_Nano_Kit_Features-64x34.jpg 64w, https:\/\/justvape.nu\/wp-content\/uploads\/2023\/04\/Vaporesso_XROS_Nano_Kit_Features-300x157.jpg 300w, https:\/\/justvape.nu\/wp-content\/uploads\/2023\/04\/Vaporesso_XROS_Nano_Kit_Features-768x403.jpg 768w\" sizes=\"auto, (max-width: 831px) 100vw, 831px\" \/><\/a> <a href=\"https:\/\/justvape.nu\/wp-content\/uploads\/2023\/04\/Vaporesso_XROS_Nano_Kit_Functions.jpg\"><img loading=\"lazy\" decoding=\"async\" class=\"alignnone size-full wp-image-583990\" src=\"https:\/\/justvape.nu\/wp-content\/uploads\/2023\/04\/Vaporesso_XROS_Nano_Kit_Functions.jpg\" alt=\"\" width=\"831\" height=\"478\" title=\"\" srcset=\"https:\/\/justvape.nu\/wp-content\/uploads\/2023\/04\/Vaporesso_XROS_Nano_Kit_Functions.jpg 831w, https:\/\/justvape.nu\/wp-content\/uploads\/2023\/04\/Vaporesso_XROS_Nano_Kit_Functions-600x345.jpg 600w, https:\/\/justvape.nu\/wp-content\/uploads\/2023\/04\/Vaporesso_XROS_Nano_Kit_Functions-64x37.jpg 64w, https:\/\/justvape.nu\/wp-content\/uploads\/2023\/04\/Vaporesso_XROS_Nano_Kit_Functions-300x173.jpg 300w, https:\/\/justvape.nu\/wp-content\/uploads\/2023\/04\/Vaporesso_XROS_Nano_Kit_Functions-768x442.jpg 768w\" sizes=\"auto, (max-width: 831px) 100vw, 831px\" \/><\/a> <a href=\"https:\/\/justvape.nu\/wp-content\/uploads\/2023\/04\/Vaporesso_XROS_Nano_Kit_Looks_1.jpg\"><img loading=\"lazy\" decoding=\"async\" class=\"alignnone size-full wp-image-583998\" src=\"https:\/\/justvape.nu\/wp-content\/uploads\/2023\/04\/Vaporesso_XROS_Nano_Kit_Looks_1.jpg\" alt=\"\" width=\"831\" height=\"438\" title=\"\" srcset=\"https:\/\/justvape.nu\/wp-content\/uploads\/2023\/04\/Vaporesso_XROS_Nano_Kit_Looks_1.jpg 831w, https:\/\/justvape.nu\/wp-content\/uploads\/2023\/04\/Vaporesso_XROS_Nano_Kit_Looks_1-600x316.jpg 600w, https:\/\/justvape.nu\/wp-content\/uploads\/2023\/04\/Vaporesso_XROS_Nano_Kit_Looks_1-64x34.jpg 64w, https:\/\/justvape.nu\/wp-content\/uploads\/2023\/04\/Vaporesso_XROS_Nano_Kit_Looks_1-300x158.jpg 300w, https:\/\/justvape.nu\/wp-content\/uploads\/2023\/04\/Vaporesso_XROS_Nano_Kit_Looks_1-768x405.jpg 768w\" sizes=\"auto, (max-width: 831px) 100vw, 831px\" \/><\/a> <a href=\"https:\/\/justvape.nu\/wp-content\/uploads\/2023\/04\/Vaporesso_XROS_Nano_Kit_Looks_2.jpg\"><img loading=\"lazy\" decoding=\"async\" class=\"alignnone size-full wp-image-584006\" src=\"https:\/\/justvape.nu\/wp-content\/uploads\/2023\/04\/Vaporesso_XROS_Nano_Kit_Looks_2.jpg\" alt=\"\" width=\"831\" height=\"582\" title=\"\" srcset=\"https:\/\/justvape.nu\/wp-content\/uploads\/2023\/04\/Vaporesso_XROS_Nano_Kit_Looks_2.jpg 831w, https:\/\/justvape.nu\/wp-content\/uploads\/2023\/04\/Vaporesso_XROS_Nano_Kit_Looks_2-600x420.jpg 600w, https:\/\/justvape.nu\/wp-content\/uploads\/2023\/04\/Vaporesso_XROS_Nano_Kit_Looks_2-64x45.jpg 64w, https:\/\/justvape.nu\/wp-content\/uploads\/2023\/04\/Vaporesso_XROS_Nano_Kit_Looks_2-300x210.jpg 300w, https:\/\/justvape.nu\/wp-content\/uploads\/2023\/04\/Vaporesso_XROS_Nano_Kit_Looks_2-768x538.jpg 768w\" sizes=\"auto, (max-width: 831px) 100vw, 831px\" \/><\/a> <a href=\"https:\/\/justvape.nu\/wp-content\/uploads\/2023\/04\/Vaporesso_XROS_Nano_Kit_MTL.jpg\"><img loading=\"lazy\" decoding=\"async\" class=\"alignnone size-full wp-image-584014\" src=\"https:\/\/justvape.nu\/wp-content\/uploads\/2023\/04\/Vaporesso_XROS_Nano_Kit_MTL.jpg\" alt=\"\" width=\"831\" height=\"478\" title=\"\" srcset=\"https:\/\/justvape.nu\/wp-content\/uploads\/2023\/04\/Vaporesso_XROS_Nano_Kit_MTL.jpg 831w, https:\/\/justvape.nu\/wp-content\/uploads\/2023\/04\/Vaporesso_XROS_Nano_Kit_MTL-600x345.jpg 600w, https:\/\/justvape.nu\/wp-content\/uploads\/2023\/04\/Vaporesso_XROS_Nano_Kit_MTL-64x37.jpg 64w, https:\/\/justvape.nu\/wp-content\/uploads\/2023\/04\/Vaporesso_XROS_Nano_Kit_MTL-300x173.jpg 300w, https:\/\/justvape.nu\/wp-content\/uploads\/2023\/04\/Vaporesso_XROS_Nano_Kit_MTL-768x442.jpg 768w\" sizes=\"auto, (max-width: 831px) 100vw, 831px\" \/><\/a> <a href=\"https:\/\/justvape.nu\/wp-content\/uploads\/2023\/04\/Vaporesso_XROS_Nano_Kit_Pod_Compatible.jpg\"><img loading=\"lazy\" decoding=\"async\" class=\"alignnone size-full wp-image-584022\" src=\"https:\/\/justvape.nu\/wp-content\/uploads\/2023\/04\/Vaporesso_XROS_Nano_Kit_Pod_Compatible.jpg\" alt=\"\" width=\"831\" height=\"470\" title=\"\" srcset=\"https:\/\/justvape.nu\/wp-content\/uploads\/2023\/04\/Vaporesso_XROS_Nano_Kit_Pod_Compatible.jpg 831w, https:\/\/justvape.nu\/wp-content\/uploads\/2023\/04\/Vaporesso_XROS_Nano_Kit_Pod_Compatible-600x339.jpg 600w, https:\/\/justvape.nu\/wp-content\/uploads\/2023\/04\/Vaporesso_XROS_Nano_Kit_Pod_Compatible-64x36.jpg 64w, https:\/\/justvape.nu\/wp-content\/uploads\/2023\/04\/Vaporesso_XROS_Nano_Kit_Pod_Compatible-300x170.jpg 300w, https:\/\/justvape.nu\/wp-content\/uploads\/2023\/04\/Vaporesso_XROS_Nano_Kit_Pod_Compatible-768x434.jpg 768w\" sizes=\"auto, (max-width: 831px) 100vw, 831px\" \/><\/a><\/p>\n<div class=\"shop-features \">\n<h2 class=\"shop-features-title \"><a href=\"https:\/\/justvape.nu\/wp-content\/uploads\/2018\/04\/Packing-List.png\"><img loading=\"lazy\" decoding=\"async\" class=\"alignnone size-full wp-image-18999\" src=\"https:\/\/justvape.nu\/wp-content\/uploads\/2018\/04\/Packing-List.png\" alt=\"\" width=\"950\" height=\"64\" title=\"\" srcset=\"https:\/\/justvape.nu\/wp-content\/uploads\/2018\/04\/Packing-List.png 950w, https:\/\/justvape.nu\/wp-content\/uploads\/2018\/04\/Packing-List-555x37.png 555w, https:\/\/justvape.nu\/wp-content\/uploads\/2018\/04\/Packing-List-64x4.png 64w, https:\/\/justvape.nu\/wp-content\/uploads\/2018\/04\/Packing-List-300x20.png 300w, https:\/\/justvape.nu\/wp-content\/uploads\/2018\/04\/Packing-List-768x52.png 768w\" sizes=\"auto, (max-width: 950px) 100vw, 950px\" \/><\/a><\/h2>\n<\/div>\n<p>1* Vaporesso XROS Nano Akku<br \/>\n1* XROS Serie 0.8ohm Mesh Pod<br \/>\n1* XROS Serie 1.2ohm Pod<br \/>\n1* Typ-C USB-Kabel<br \/>\n1* Umh\u00e4ngeband<br \/>\n1 * Benutzerhandbuch<br \/>\n1* Garantiekarte<\/p>\n<p class=\"description-img-center \"><a href=\"https:\/\/justvape.nu\/wp-content\/uploads\/2023\/04\/Vaporesso_XROS_Nano_Kit_Specifications-1.jpg\"><img loading=\"lazy\" decoding=\"async\" class=\"alignnone size-full wp-image-584030\" src=\"https:\/\/justvape.nu\/wp-content\/uploads\/2023\/04\/Vaporesso_XROS_Nano_Kit_Specifications-1.jpg\" alt=\"\" width=\"831\" height=\"298\" title=\"\" srcset=\"https:\/\/justvape.nu\/wp-content\/uploads\/2023\/04\/Vaporesso_XROS_Nano_Kit_Specifications-1.jpg 831w, https:\/\/justvape.nu\/wp-content\/uploads\/2023\/04\/Vaporesso_XROS_Nano_Kit_Specifications-1-600x215.jpg 600w, https:\/\/justvape.nu\/wp-content\/uploads\/2023\/04\/Vaporesso_XROS_Nano_Kit_Specifications-1-64x23.jpg 64w, https:\/\/justvape.nu\/wp-content\/uploads\/2023\/04\/Vaporesso_XROS_Nano_Kit_Specifications-1-300x108.jpg 300w, https:\/\/justvape.nu\/wp-content\/uploads\/2023\/04\/Vaporesso_XROS_Nano_Kit_Specifications-1-768x275.jpg 768w\" sizes=\"auto, (max-width: 831px) 100vw, 831px\" \/><\/a><\/p>\n<p class=\"description-img-center \">\n<p>&nbsp;<\/p>\n","protected":false},"excerpt":{"rendered":"<p>VAPORESSO &#8211; XROS NANO KIT<\/p>\n","protected":false},"featured_media":584058,"comment_status":"open","ping_status":"closed","template":"","meta":{"_acf_changed":false,"_uag_custom_page_level_css":"","site-sidebar-layout":"default","site-content-layout":"default","ast-site-content-layout":"default","site-content-style":"default","site-sidebar-style":"default","ast-global-header-display":"","ast-banner-title-visibility":"","ast-main-header-display":"","ast-hfb-above-header-display":"","ast-hfb-below-header-display":"","ast-hfb-mobile-header-display":"","site-post-title":"","ast-breadcrumbs-content":"","ast-featured-img":"","footer-sml-layout":"","ast-disable-related-posts":"","theme-transparent-header-meta":"default","adv-header-id-meta":"","stick-header-meta":"default","header-above-stick-meta":"","header-main-stick-meta":"","header-below-stick-meta":"","astra-migrate-meta-layouts":"default","ast-page-background-enabled":"default","ast-page-background-meta":{"desktop":{"background-color":"","background-image":"","background-repeat":"repeat","background-position":"center center","background-size":"auto","background-attachment":"scroll","background-type":"","background-media":"","overlay-type":"","overlay-color":"","overlay-opacity":"","overlay-gradient":""},"tablet":{"background-color":"","background-image":"","background-repeat":"repeat","background-position":"center center","background-size":"auto","background-attachment":"scroll","background-type":"","background-media":"","overlay-type":"","overlay-color":"","overlay-opacity":"","overlay-gradient":""},"mobile":{"background-color":"","background-image":"","background-repeat":"repeat","background-position":"center center","background-size":"auto","background-attachment":"scroll","background-type":"","background-media":"","overlay-type":"","overlay-color":"","overlay-opacity":"","overlay-gradient":""}},"ast-content-background-meta":{"desktop":{"background-color":"var(--ast-global-color-5)","background-image":"","background-repeat":"repeat","background-position":"center center","background-size":"auto","background-attachment":"scroll","background-type":"","background-media":"","overlay-type":"","overlay-color":"","overlay-opacity":"","overlay-gradient":""},"tablet":{"background-color":"var(--ast-global-color-5)","background-image":"","background-repeat":"repeat","background-position":"center center","background-size":"auto","background-attachment":"scroll","background-type":"","background-media":"","overlay-type":"","overlay-color":"","overlay-opacity":"","overlay-gradient":""},"mobile":{"background-color":"var(--ast-global-color-5)","background-image":"","background-repeat":"repeat","background-position":"center center","background-size":"auto","background-attachment":"scroll","background-type":"","background-media":"","overlay-type":"","overlay-color":"","overlay-opacity":"","overlay-gradient":""}}},"product_brand":[],"product_cat":[2077,2067,2511,2512,4265],"product_tag":[],"class_list":{"0":"post-584304","1":"product","2":"type-product","3":"status-publish","4":"has-post-thumbnail","6":"product_cat-anfaenger-kits-pods","7":"product_cat-e-zigaretten","8":"product_cat-hardware-de","9":"product_cat-shop-by-brand-de","10":"product_cat-vaporesso-de","11":"desktop-align-center","12":"tablet-align-center","13":"mobile-align-center","14":"ast-product-gallery-layout-horizontal-slider","15":"ast-product-single-variable","16":"ast-product-tabs-layout-horizontal","18":"first","19":"instock","20":"sale","21":"taxable","22":"shipping-taxable","23":"purchasable","24":"product-type-variable"},"acf":[],"uagb_featured_image_src":{"full":["https:\/\/justvape.nu\/wp-content\/uploads\/2023\/04\/XROS.png",900,900,false],"thumbnail":["https:\/\/justvape.nu\/wp-content\/uploads\/2023\/04\/XROS-150x150.png",150,150,true],"medium":["https:\/\/justvape.nu\/wp-content\/uploads\/2023\/04\/XROS-300x300.png",300,300,true],"medium_large":["https:\/\/justvape.nu\/wp-content\/uploads\/2023\/04\/XROS-768x768.png",768,768,true],"large":["https:\/\/justvape.nu\/wp-content\/uploads\/2023\/04\/XROS.png",900,900,false],"1536x1536":["https:\/\/justvape.nu\/wp-content\/uploads\/2023\/04\/XROS.png",900,900,false],"2048x2048":["https:\/\/justvape.nu\/wp-content\/uploads\/2023\/04\/XROS.png",900,900,false],"woocommerce_thumbnail":["https:\/\/justvape.nu\/wp-content\/uploads\/2023\/04\/XROS-300x300.png",300,300,true],"woocommerce_single":["https:\/\/justvape.nu\/wp-content\/uploads\/2023\/04\/XROS-600x600.png",600,600,true],"woocommerce_gallery_thumbnail":["https:\/\/justvape.nu\/wp-content\/uploads\/2023\/04\/XROS-100x100.png",100,100,true],"dgwt-wcas-product-suggestion":["https:\/\/justvape.nu\/wp-content\/uploads\/2023\/04\/XROS-64x64.png",64,64,true]},"uagb_author_info":{"display_name":"Kenneth Merkur","author_link":"https:\/\/justvape.nu\/de\/author\/"},"uagb_comment_info":0,"uagb_excerpt":"VAPORESSO - XROS NANO KIT","_links":{"self":[{"href":"https:\/\/justvape.nu\/de\/wp-json\/wp\/v2\/product\/584304","targetHints":{"allow":["GET"]}}],"collection":[{"href":"https:\/\/justvape.nu\/de\/wp-json\/wp\/v2\/product"}],"about":[{"href":"https:\/\/justvape.nu\/de\/wp-json\/wp\/v2\/types\/product"}],"replies":[{"embeddable":true,"href":"https:\/\/justvape.nu\/de\/wp-json\/wp\/v2\/comments?post=584304"}],"wp:featuredmedia":[{"embeddable":true,"href":"https:\/\/justvape.nu\/de\/wp-json\/wp\/v2\/media\/584058"}],"wp:attachment":[{"href":"https:\/\/justvape.nu\/de\/wp-json\/wp\/v2\/media?parent=584304"}],"wp:term":[{"taxonomy":"product_brand","embeddable":true,"href":"https:\/\/justvape.nu\/de\/wp-json\/wp\/v2\/product_brand?post=584304"},{"taxonomy":"product_cat","embeddable":true,"href":"https:\/\/justvape.nu\/de\/wp-json\/wp\/v2\/product_cat?post=584304"},{"taxonomy":"product_tag","embeddable":true,"href":"https:\/\/justvape.nu\/de\/wp-json\/wp\/v2\/product_tag?post=584304"}],"curies":[{"name":"wp","href":"https:\/\/api.w.org\/{rel}","templated":true}]}}