{"id":584259,"date":"2023-04-15T15:40:25","date_gmt":"2023-04-15T13:40:25","guid":{"rendered":"https:\/\/justvape.nu\/produkt\/geek-vape-z200-mod\/"},"modified":"2025-10-12T22:27:37","modified_gmt":"2025-10-12T20:27:37","slug":"geek-vape-z200-mod","status":"publish","type":"product","link":"https:\/\/justvape.nu\/de\/produkt\/geek-vape-z200-mod\/","title":{"rendered":"GEEK VAPE &#8211; Z200 MOD"},"content":{"rendered":"<h2>GEEK VAPE &#8211; Z200 MOD<\/h2>\n<p>Z200 Mod wird von zwei externen 18650 Batterien mit 200W max unterst\u00fctzt, um Ihnen gr\u00f6\u00dfere geschmackvolle Wolken zu bringen. Es wird von AS-Chip 3.0 angetrieben und unterst\u00fctzt Power\/Smart\/TC-SS\/TC-TCR\/VPC\/Bypass-Modi, um Ihnen ein gro\u00dfartiges Dampferlebnis zu bieten. Mit seinem 2,4-Zoll-Vollbildschirm und der brandneuen Benutzeroberfl\u00e4che bietet es Ihnen ein herausragendes visuelles Erlebnis. Es hat auch ein stilvolles und exquisites Aussehen.<\/p>\n<p><a href=\"https:\/\/justvape.nu\/wp-content\/uploads\/2018\/05\/Color-Schemes.png\"><img loading=\"lazy\" decoding=\"async\" class=\"alignnone size-full wp-image-19187\" src=\"https:\/\/justvape.nu\/wp-content\/uploads\/2018\/05\/Color-Schemes.png\" alt=\"\" width=\"950\" height=\"64\" title=\"\" srcset=\"https:\/\/justvape.nu\/wp-content\/uploads\/2018\/05\/Color-Schemes.png 950w, https:\/\/justvape.nu\/wp-content\/uploads\/2018\/05\/Color-Schemes-555x37.png 555w, https:\/\/justvape.nu\/wp-content\/uploads\/2018\/05\/Color-Schemes-64x4.png 64w, https:\/\/justvape.nu\/wp-content\/uploads\/2018\/05\/Color-Schemes-300x20.png 300w, https:\/\/justvape.nu\/wp-content\/uploads\/2018\/05\/Color-Schemes-768x52.png 768w\" sizes=\"auto, (max-width: 950px) 100vw, 950px\" \/><\/a><\/p>\n<p class=\"description-img-center\"><a href=\"https:\/\/justvape.nu\/wp-content\/uploads\/2023\/04\/GeekVape_Z200_Mod_Full_Color.jpg\"><img loading=\"lazy\" decoding=\"async\" class=\"alignnone wp-image-583854\" src=\"https:\/\/justvape.nu\/wp-content\/uploads\/2023\/04\/GeekVape_Z200_Mod_Full_Color.jpg\" alt=\"\" width=\"945\" height=\"420\" title=\"\" srcset=\"https:\/\/justvape.nu\/wp-content\/uploads\/2023\/04\/GeekVape_Z200_Mod_Full_Color.jpg 756w, https:\/\/justvape.nu\/wp-content\/uploads\/2023\/04\/GeekVape_Z200_Mod_Full_Color-600x267.jpg 600w, https:\/\/justvape.nu\/wp-content\/uploads\/2023\/04\/GeekVape_Z200_Mod_Full_Color-64x28.jpg 64w, https:\/\/justvape.nu\/wp-content\/uploads\/2023\/04\/GeekVape_Z200_Mod_Full_Color-300x133.jpg 300w\" sizes=\"auto, (max-width: 945px) 100vw, 945px\" \/><\/a><\/p>\n<div class=\"shop-features \">\n<h2 class=\"shop-features-title \"><a href=\"https:\/\/justvape.nu\/wp-content\/uploads\/2018\/05\/Specifications.png\"><img loading=\"lazy\" decoding=\"async\" class=\"alignnone size-full wp-image-248449\" src=\"https:\/\/justvape.nu\/wp-content\/uploads\/2018\/05\/Specifications.png\" alt=\"\" width=\"950\" height=\"64\" title=\"\" srcset=\"https:\/\/justvape.nu\/wp-content\/uploads\/2018\/05\/Specifications.png 950w, https:\/\/justvape.nu\/wp-content\/uploads\/2018\/05\/Specifications-600x40.png 600w, https:\/\/justvape.nu\/wp-content\/uploads\/2018\/05\/Specifications-64x4.png 64w, https:\/\/justvape.nu\/wp-content\/uploads\/2018\/05\/Specifications-300x20.png 300w, https:\/\/justvape.nu\/wp-content\/uploads\/2018\/05\/Specifications-768x52.png 768w\" sizes=\"auto, (max-width: 950px) 100vw, 950px\" \/><\/a><\/h2>\n<p>&nbsp;<\/p>\n<\/div>\n<p><strong class=\"description-little-title\">GeekVape Z200 Vape Mod Parameter:<\/strong><\/p>\n<table class=\"description-table\">\n<tbody>\n<tr>\n<td class=\"strong-title \">Marke<\/td>\n<td class=\"inline\">GeekVape<\/td>\n<\/tr>\n<tr>\n<td class=\"strong-title \">Produktname<\/td>\n<td class=\"inline\">Z200 Mod<\/td>\n<\/tr>\n<tr>\n<td class=\"strong-title \">Akku-Typ<\/td>\n<td class=\"inline\">Zwei externe 18650er-Batterien (nicht enthalten)<\/td>\n<\/tr>\n<tr>\n<td class=\"strong-title \">Ausgangsleistung<\/td>\n<td class=\"inline\">5W-200W<\/td>\n<\/tr>\n<tr>\n<td class=\"strong-title \">Arbeitsmodus<\/td>\n<td class=\"inline\">Leistung\/Smart\/TC-SS\/TC-TCR\/VPC\/Bypass<\/td>\n<\/tr>\n<tr>\n<td class=\"strong-title \">Ladeanschluss<\/td>\n<td class=\"inline\">Micro USB<\/td>\n<\/tr>\n<tr>\n<td class=\"strong-title \">Bildschirm<\/td>\n<td class=\"inline\">2,4-Zoll-Vollbildschirm<\/td>\n<\/tr>\n<tr>\n<td class=\"strong-title \">Betriebstemperatur<\/td>\n<td class=\"inline\">0\u2103~45\u2103<\/td>\n<\/tr>\n<tr>\n<td class=\"strong-title \">Lagertemperatur<\/td>\n<td class=\"inline\">-20\u2103~60\u2103<\/td>\n<\/tr>\n<tr>\n<td class=\"strong-title \">Relative Luftfeuchtigkeit<\/td>\n<td class=\"inline\">45%RH~75%RH<\/td>\n<\/tr>\n<tr>\n<td class=\"strong-title \">K\u00fchlungsmodus<\/td>\n<td class=\"inline\">Nat\u00fcrliche K\u00fchlung<\/td>\n<\/tr>\n<tr>\n<td class=\"strong-title \"><\/td>\n<td class=\"inline\"><\/td>\n<\/tr>\n<tr>\n<td class=\"strong-title \">Packungsgr\u00f6\u00dfe<\/td>\n<td class=\"inline\">81mm*60mm*135mm<\/td>\n<\/tr>\n<tr>\n<td class=\"strong-title \"><\/td>\n<td class=\"inline\"><\/td>\n<\/tr>\n<tr>\n<td class=\"strong-title \">Farbe<\/td>\n<td class=\"inline\">Schwarz, Silber, Blau, Gunmetal<\/td>\n<\/tr>\n<\/tbody>\n<\/table>\n<div class=\"shop-features \">\n<h2 class=\"shop-features-title \"><a href=\"https:\/\/justvape.nu\/wp-content\/uploads\/2018\/05\/Features.png\"><img loading=\"lazy\" decoding=\"async\" class=\"alignnone size-full wp-image-248459\" src=\"https:\/\/justvape.nu\/wp-content\/uploads\/2018\/05\/Features.png\" alt=\"\" width=\"950\" height=\"64\" title=\"\" srcset=\"https:\/\/justvape.nu\/wp-content\/uploads\/2018\/05\/Features.png 950w, https:\/\/justvape.nu\/wp-content\/uploads\/2018\/05\/Features-600x40.png 600w, https:\/\/justvape.nu\/wp-content\/uploads\/2018\/05\/Features-64x4.png 64w, https:\/\/justvape.nu\/wp-content\/uploads\/2018\/05\/Features-300x20.png 300w, https:\/\/justvape.nu\/wp-content\/uploads\/2018\/05\/Features-768x52.png 768w\" sizes=\"auto, (max-width: 950px) 100vw, 950px\" \/><\/a><\/h2>\n<p>&nbsp;<\/p>\n<\/div>\n<p><strong class=\"description-little-title\">GeekVape Z200 Details:<\/strong><\/p>\n<ul>\n<li style=\"list-style-type: none;\">\n<ul>\n<li>1. Unterst\u00fctzt zwei externe 18650 Batterien mit 200W max<\/li>\n<li>2. Nimmt AS-Chip 3.0 und intelligenten Arbeitsmodus an<\/li>\n<li>3. 2,4-Zoll-Vollbildschirm mit brandneuem UI-Design<\/li>\n<li>4. Entworfen mit einem stilvollen und exquisiten Aussehen<\/li>\n<\/ul>\n<\/li>\n<\/ul>\n<div class=\"img-show-more\">\n<div id=\"img_content_less\" class=\"img-content add-more\">\n<p class=\"description-img-center\"><a href=\"https:\/\/justvape.nu\/wp-content\/uploads\/2023\/04\/GeekVape_Z200_Mod_Full_Color-1.jpg\"><img loading=\"lazy\" decoding=\"async\" class=\"alignnone size-full wp-image-583862\" src=\"https:\/\/justvape.nu\/wp-content\/uploads\/2023\/04\/GeekVape_Z200_Mod_Full_Color-1.jpg\" alt=\"\" width=\"831\" height=\"371\" title=\"\" srcset=\"https:\/\/justvape.nu\/wp-content\/uploads\/2023\/04\/GeekVape_Z200_Mod_Full_Color-1.jpg 831w, https:\/\/justvape.nu\/wp-content\/uploads\/2023\/04\/GeekVape_Z200_Mod_Full_Color-1-600x268.jpg 600w, https:\/\/justvape.nu\/wp-content\/uploads\/2023\/04\/GeekVape_Z200_Mod_Full_Color-1-64x29.jpg 64w, https:\/\/justvape.nu\/wp-content\/uploads\/2023\/04\/GeekVape_Z200_Mod_Full_Color-1-300x134.jpg 300w, https:\/\/justvape.nu\/wp-content\/uploads\/2023\/04\/GeekVape_Z200_Mod_Full_Color-1-768x343.jpg 768w\" sizes=\"auto, (max-width: 831px) 100vw, 831px\" \/><\/a> <a href=\"https:\/\/justvape.nu\/wp-content\/uploads\/2023\/04\/GeekVape_Z200_Kit_Features.jpg\"><img loading=\"lazy\" decoding=\"async\" class=\"alignnone size-full wp-image-583870\" src=\"https:\/\/justvape.nu\/wp-content\/uploads\/2023\/04\/GeekVape_Z200_Kit_Features.jpg\" alt=\"\" width=\"831\" height=\"325\" title=\"\" srcset=\"https:\/\/justvape.nu\/wp-content\/uploads\/2023\/04\/GeekVape_Z200_Kit_Features.jpg 831w, https:\/\/justvape.nu\/wp-content\/uploads\/2023\/04\/GeekVape_Z200_Kit_Features-600x235.jpg 600w, https:\/\/justvape.nu\/wp-content\/uploads\/2023\/04\/GeekVape_Z200_Kit_Features-64x25.jpg 64w, https:\/\/justvape.nu\/wp-content\/uploads\/2023\/04\/GeekVape_Z200_Kit_Features-300x117.jpg 300w, https:\/\/justvape.nu\/wp-content\/uploads\/2023\/04\/GeekVape_Z200_Kit_Features-768x300.jpg 768w\" sizes=\"auto, (max-width: 831px) 100vw, 831px\" \/><\/a><\/p>\n<\/div>\n<\/div>\n<div class=\"shop-features \">\n<h2 class=\"shop-features-title \"><a href=\"https:\/\/justvape.nu\/wp-content\/uploads\/2018\/05\/Packing-List.png\"><img loading=\"lazy\" decoding=\"async\" class=\"alignnone size-full wp-image-248469\" src=\"https:\/\/justvape.nu\/wp-content\/uploads\/2018\/05\/Packing-List.png\" alt=\"\" width=\"950\" height=\"64\" title=\"\" srcset=\"https:\/\/justvape.nu\/wp-content\/uploads\/2018\/05\/Packing-List.png 950w, https:\/\/justvape.nu\/wp-content\/uploads\/2018\/05\/Packing-List-600x40.png 600w, https:\/\/justvape.nu\/wp-content\/uploads\/2018\/05\/Packing-List-64x4.png 64w, https:\/\/justvape.nu\/wp-content\/uploads\/2018\/05\/Packing-List-300x20.png 300w, https:\/\/justvape.nu\/wp-content\/uploads\/2018\/05\/Packing-List-768x52.png 768w\" sizes=\"auto, (max-width: 950px) 100vw, 950px\" \/><\/a><\/h2>\n<p>&nbsp;<\/p>\n<\/div>\n<p><strong class=\"description-little-title \">Das Paket von Z200 Box Mod kommt mit:<\/strong><\/p>\n<p>1* GeekVape Z200 Mod<br \/>\n1* USB-Kabel (Micro-USB)<\/p>\n","protected":false},"excerpt":{"rendered":"<p>GEEK VAPE &#8211; Z200 MOD<\/p>\n","protected":false},"featured_media":583887,"comment_status":"open","ping_status":"closed","template":"","meta":{"_acf_changed":false,"_uag_custom_page_level_css":"","site-sidebar-layout":"default","site-content-layout":"default","ast-site-content-layout":"default","site-content-style":"default","site-sidebar-style":"default","ast-global-header-display":"","ast-banner-title-visibility":"","ast-main-header-display":"","ast-hfb-above-header-display":"","ast-hfb-below-header-display":"","ast-hfb-mobile-header-display":"","site-post-title":"","ast-breadcrumbs-content":"","ast-featured-img":"","footer-sml-layout":"","ast-disable-related-posts":"","theme-transparent-header-meta":"default","adv-header-id-meta":"","stick-header-meta":"default","header-above-stick-meta":"","header-main-stick-meta":"","header-below-stick-meta":"","astra-migrate-meta-layouts":"default","ast-page-background-enabled":"default","ast-page-background-meta":{"desktop":{"background-color":"","background-image":"","background-repeat":"repeat","background-position":"center center","background-size":"auto","background-attachment":"scroll","background-type":"","background-media":"","overlay-type":"","overlay-color":"","overlay-opacity":"","overlay-gradient":""},"tablet":{"background-color":"","background-image":"","background-repeat":"repeat","background-position":"center center","background-size":"auto","background-attachment":"scroll","background-type":"","background-media":"","overlay-type":"","overlay-color":"","overlay-opacity":"","overlay-gradient":""},"mobile":{"background-color":"","background-image":"","background-repeat":"repeat","background-position":"center center","background-size":"auto","background-attachment":"scroll","background-type":"","background-media":"","overlay-type":"","overlay-color":"","overlay-opacity":"","overlay-gradient":""}},"ast-content-background-meta":{"desktop":{"background-color":"var(--ast-global-color-5)","background-image":"","background-repeat":"repeat","background-position":"center center","background-size":"auto","background-attachment":"scroll","background-type":"","background-media":"","overlay-type":"","overlay-color":"","overlay-opacity":"","overlay-gradient":""},"tablet":{"background-color":"var(--ast-global-color-5)","background-image":"","background-repeat":"repeat","background-position":"center center","background-size":"auto","background-attachment":"scroll","background-type":"","background-media":"","overlay-type":"","overlay-color":"","overlay-opacity":"","overlay-gradient":""},"mobile":{"background-color":"var(--ast-global-color-5)","background-image":"","background-repeat":"repeat","background-position":"center center","background-size":"auto","background-attachment":"scroll","background-type":"","background-media":"","overlay-type":"","overlay-color":"","overlay-opacity":"","overlay-gradient":""}}},"product_brand":[],"product_cat":[2067,3245,2511,2119,2512],"product_tag":[],"class_list":{"0":"post-584259","1":"product","2":"type-product","3":"status-publish","4":"has-post-thumbnail","6":"product_cat-e-zigaretten","7":"product_cat-geekvape-de-2","8":"product_cat-hardware-de","9":"product_cat-mods","10":"product_cat-shop-by-brand-de","11":"desktop-align-center","12":"tablet-align-center","13":"mobile-align-center","14":"ast-product-gallery-layout-horizontal-slider","15":"ast-product-single-variable","16":"ast-product-tabs-layout-horizontal","18":"first","19":"instock","20":"sale","21":"taxable","22":"shipping-taxable","23":"purchasable","24":"product-type-variable"},"acf":[],"uagb_featured_image_src":{"full":["https:\/\/justvape.nu\/wp-content\/uploads\/2023\/04\/sPGUPbw8.jpeg",600,600,false],"thumbnail":["https:\/\/justvape.nu\/wp-content\/uploads\/2023\/04\/sPGUPbw8-150x150.jpeg",150,150,true],"medium":["https:\/\/justvape.nu\/wp-content\/uploads\/2023\/04\/sPGUPbw8-300x300.jpeg",300,300,true],"medium_large":["https:\/\/justvape.nu\/wp-content\/uploads\/2023\/04\/sPGUPbw8.jpeg",600,600,false],"large":["https:\/\/justvape.nu\/wp-content\/uploads\/2023\/04\/sPGUPbw8.jpeg",600,600,false],"1536x1536":["https:\/\/justvape.nu\/wp-content\/uploads\/2023\/04\/sPGUPbw8.jpeg",600,600,false],"2048x2048":["https:\/\/justvape.nu\/wp-content\/uploads\/2023\/04\/sPGUPbw8.jpeg",600,600,false],"woocommerce_thumbnail":["https:\/\/justvape.nu\/wp-content\/uploads\/2023\/04\/sPGUPbw8-300x300.jpeg",300,300,true],"woocommerce_single":["https:\/\/justvape.nu\/wp-content\/uploads\/2023\/04\/sPGUPbw8.jpeg",600,600,false],"woocommerce_gallery_thumbnail":["https:\/\/justvape.nu\/wp-content\/uploads\/2023\/04\/sPGUPbw8-100x100.jpeg",100,100,true],"dgwt-wcas-product-suggestion":["https:\/\/justvape.nu\/wp-content\/uploads\/2023\/04\/sPGUPbw8-64x64.jpeg",64,64,true]},"uagb_author_info":{"display_name":"Kenneth Merkur","author_link":"https:\/\/justvape.nu\/de\/author\/"},"uagb_comment_info":0,"uagb_excerpt":"GEEK VAPE - Z200 MOD","_links":{"self":[{"href":"https:\/\/justvape.nu\/de\/wp-json\/wp\/v2\/product\/584259","targetHints":{"allow":["GET"]}}],"collection":[{"href":"https:\/\/justvape.nu\/de\/wp-json\/wp\/v2\/product"}],"about":[{"href":"https:\/\/justvape.nu\/de\/wp-json\/wp\/v2\/types\/product"}],"replies":[{"embeddable":true,"href":"https:\/\/justvape.nu\/de\/wp-json\/wp\/v2\/comments?post=584259"}],"wp:featuredmedia":[{"embeddable":true,"href":"https:\/\/justvape.nu\/de\/wp-json\/wp\/v2\/media\/583887"}],"wp:attachment":[{"href":"https:\/\/justvape.nu\/de\/wp-json\/wp\/v2\/media?parent=584259"}],"wp:term":[{"taxonomy":"product_brand","embeddable":true,"href":"https:\/\/justvape.nu\/de\/wp-json\/wp\/v2\/product_brand?post=584259"},{"taxonomy":"product_cat","embeddable":true,"href":"https:\/\/justvape.nu\/de\/wp-json\/wp\/v2\/product_cat?post=584259"},{"taxonomy":"product_tag","embeddable":true,"href":"https:\/\/justvape.nu\/de\/wp-json\/wp\/v2\/product_tag?post=584259"}],"curies":[{"name":"wp","href":"https:\/\/api.w.org\/{rel}","templated":true}]}}