{"id":584218,"date":"2023-04-15T15:28:31","date_gmt":"2023-04-15T13:28:31","guid":{"rendered":"https:\/\/justvape.nu\/produkt\/voopoo-argus-xt-kit\/"},"modified":"2026-03-19T20:05:47","modified_gmt":"2026-03-19T19:05:47","slug":"voopoo-argus-xt-kit","status":"publish","type":"product","link":"https:\/\/justvape.nu\/de\/produkt\/voopoo-argus-xt-kit\/","title":{"rendered":"VOOPOO &#8211; ARGUS XT KIT"},"content":{"rendered":"<h2>VOOPOO &#8211; ARGUS XT KIT<\/h2>\n<p>Das VooPoo Argus XT Vape-Kit ist eine stilvolle Option, die gebaut wurde, um den Verschlei\u00df des t\u00e4glichen Lebens zu widerstehen. Dieser Bausatz ben\u00f6tigt nur eine 18650er oder 21700er Batterie (separat erh\u00e4ltlich) und liefert eine Leistung von 5 bis 100 W, wobei die Lebensdauer der Batterie und die Leistung im Gleichgewicht bleiben. Er ist ideal f\u00fcr Leute, die unterwegs einen strapazierf\u00e4higen Vape suchen. Das Argus XT-Kit hat die Schutzklasse IP68, d. h. es ist wasser-, staub- und sto\u00dffest. Der Argus MT wird mit zwei VooPoo TPP Coils geliefert, die eine DTL (Direct To Lung) Verdampfung erm\u00f6glichen.<\/p>\n<p>Die \u00fcbersichtliche Benutzeroberfl\u00e4che dieses Kits macht es einfach zu bedienen, d.h. es ist leicht, einen Modus auszuw\u00e4hlen, der am besten zu Ihrem Verdampfungsstil passt. Wenn Sie so schnell wie m\u00f6glich mit dem Dampfen beginnen m\u00f6chten, verwenden Sie den Smart-Modus und die Wattzahl wird automatisch f\u00fcr die von Ihnen gew\u00e4hlte Spule ausgew\u00e4hlt. Wenn Sie mehr Kontrolle \u00fcber Ihr Dampfen haben m\u00f6chten, k\u00f6nnen Sie zwischen den Modi Variable Wattage und Temperature Control wechseln. Der Argus XT verf\u00fcgt auch \u00fcber einen praktischen Boost-Modus, der die Dampfmenge deutlich erh\u00f6ht und so f\u00fcr ein st\u00e4rkeres Dampferlebnis sorgt.<\/p>\n<p>Jedes Kit enth\u00e4lt den VooPoo MAAT-Tank, der bis zu 2 ml E-Liquid fasst und dank des Schraubverschlusses leicht nachgef\u00fcllt werden kann. Dieser Tank reduziert dank seines vulkanf\u00f6rmigen Luftstromdesigns auch das Zur\u00fcckspucken und die Ansammlung von E-Liquid. In der Box finden Sie eine 0,2 Ohm und eine 0,15 Ohm Ersatz-TPP-Spule. Beide verf\u00fcgen \u00fcber einen Mesh-Aufbau, der f\u00fcr eine bessere Dampfproduktion und einen besseren Geschmack sorgt, da sie mehr E-Liquid schneller erhitzen. Wir empfehlen, diese Spulen mit 70% VG und anderen h\u00f6heren VG e-Fl\u00fcssigkeiten zu kombinieren.<\/p>\n<p><a href=\"https:\/\/justvape.nu\/wp-content\/uploads\/2018\/05\/Color-Schemes.png\"><img loading=\"lazy\" decoding=\"async\" class=\"alignnone size-full wp-image-19187\" src=\"https:\/\/justvape.nu\/wp-content\/uploads\/2018\/05\/Color-Schemes.png\" alt=\"\" width=\"950\" height=\"64\" title=\"\" srcset=\"https:\/\/justvape.nu\/wp-content\/uploads\/2018\/05\/Color-Schemes.png 950w, https:\/\/justvape.nu\/wp-content\/uploads\/2018\/05\/Color-Schemes-555x37.png 555w, https:\/\/justvape.nu\/wp-content\/uploads\/2018\/05\/Color-Schemes-64x4.png 64w, https:\/\/justvape.nu\/wp-content\/uploads\/2018\/05\/Color-Schemes-300x20.png 300w, https:\/\/justvape.nu\/wp-content\/uploads\/2018\/05\/Color-Schemes-768x52.png 768w\" sizes=\"auto, (max-width: 950px) 100vw, 950px\" \/><\/a><\/p>\n<p class=\"description-img-center\"><a href=\"https:\/\/justvape.nu\/wp-content\/uploads\/2023\/04\/VOOPOO_Argus_XT_Kit_with_UFORCE_L_Tank_Full_Color.jpg\"><img loading=\"lazy\" decoding=\"async\" class=\"alignnone wp-image-583766\" src=\"https:\/\/justvape.nu\/wp-content\/uploads\/2023\/04\/VOOPOO_Argus_XT_Kit_with_UFORCE_L_Tank_Full_Color.jpg\" alt=\"\" width=\"932\" height=\"282\" title=\"\" srcset=\"https:\/\/justvape.nu\/wp-content\/uploads\/2023\/04\/VOOPOO_Argus_XT_Kit_with_UFORCE_L_Tank_Full_Color.jpg 800w, https:\/\/justvape.nu\/wp-content\/uploads\/2023\/04\/VOOPOO_Argus_XT_Kit_with_UFORCE_L_Tank_Full_Color-600x182.jpg 600w, https:\/\/justvape.nu\/wp-content\/uploads\/2023\/04\/VOOPOO_Argus_XT_Kit_with_UFORCE_L_Tank_Full_Color-64x19.jpg 64w, https:\/\/justvape.nu\/wp-content\/uploads\/2023\/04\/VOOPOO_Argus_XT_Kit_with_UFORCE_L_Tank_Full_Color-300x91.jpg 300w, https:\/\/justvape.nu\/wp-content\/uploads\/2023\/04\/VOOPOO_Argus_XT_Kit_with_UFORCE_L_Tank_Full_Color-768x232.jpg 768w\" sizes=\"auto, (max-width: 932px) 100vw, 932px\" \/><\/a><\/p>\n<div class=\"shop-features \">\n<h2 class=\"shop-features-title \"><a href=\"https:\/\/justvape.nu\/wp-content\/uploads\/2018\/05\/Specifications.png\"><img loading=\"lazy\" decoding=\"async\" class=\"alignnone size-full wp-image-18993\" src=\"https:\/\/justvape.nu\/wp-content\/uploads\/2018\/05\/Specifications.png\" alt=\"\" width=\"950\" height=\"64\" title=\"\" srcset=\"https:\/\/justvape.nu\/wp-content\/uploads\/2018\/05\/Specifications.png 950w, https:\/\/justvape.nu\/wp-content\/uploads\/2018\/05\/Specifications-555x37.png 555w, https:\/\/justvape.nu\/wp-content\/uploads\/2018\/05\/Specifications-64x4.png 64w, https:\/\/justvape.nu\/wp-content\/uploads\/2018\/05\/Specifications-300x20.png 300w, https:\/\/justvape.nu\/wp-content\/uploads\/2018\/05\/Specifications-768x52.png 768w\" sizes=\"auto, (max-width: 950px) 100vw, 950px\" \/><\/a><\/h2>\n<\/div>\n<table class=\"description-table\">\n<tbody>\n<tr>\n<td class=\"strong-title \">Marke<\/td>\n<td class=\"inline\">VOOPOO<\/td>\n<\/tr>\n<tr>\n<td class=\"strong-title \">Produktname<\/td>\n<td class=\"inline\">Argus XT Kit with VooPoo MAAT Tank<\/td>\n<\/tr>\n<tr>\n<td class=\"strong-title \">Akku-Typ<\/td>\n<td class=\"inline\">Einzelne externe 18650\/21700-Batterie (nicht im Lieferumfang enthalten)<\/td>\n<\/tr>\n<tr>\n<td class=\"strong-title \">Ausgangsleistung<\/td>\n<td class=\"inline\">5-100W<\/td>\n<\/tr>\n<tr>\n<td class=\"strong-title \">Ausgangsspannung<\/td>\n<td class=\"inline\">0-8.5V<\/td>\n<\/tr>\n<tr>\n<td class=\"strong-title \">Widerstandsbereich<\/td>\n<td class=\"inline\">0.05-3.0\u03a9<\/td>\n<\/tr>\n<tr>\n<td class=\"strong-title \">Ladespannung<\/td>\n<td class=\"inline\">Typ-C 5V\/3A<\/td>\n<\/tr>\n<tr>\n<td class=\"strong-title \">Kapazit\u00e4t<\/td>\n<td class=\"inline\">2ml<\/td>\n<\/tr>\n<tr>\n<td class=\"strong-title \">F\u00fcllen<\/td>\n<td class=\"inline\">F\u00fcllung oben<\/td>\n<\/tr>\n<tr>\n<td class=\"strong-title \">Luftstrom<\/td>\n<td class=\"inline\">Einstellbarer oberer Luftstrom<\/td>\n<\/tr>\n<tr>\n<td class=\"strong-title \">Standard-Spulen<\/td>\n<td class=\"inline\">TPP<\/td>\n<\/tr>\n<tr>\n<td class=\"strong-title \">Kompatible Spule<\/td>\n<td class=\"inline\">TPP Coils<\/td>\n<\/tr>\n<tr>\n<td class=\"strong-title \">Box Gr\u00f6\u00dfe<\/td>\n<td class=\"inline\">151*95*43mm<\/td>\n<\/tr>\n<tr>\n<td class=\"strong-title \"><\/td>\n<td class=\"inline\"><\/td>\n<\/tr>\n<tr>\n<td class=\"strong-title \">Farbe<\/td>\n<td class=\"inline\">Silbergrau, Graphit, Kohlefaser, Limonengr\u00fcn, Dunkelblau<\/td>\n<\/tr>\n<\/tbody>\n<\/table>\n<div class=\"shop-features \">\n<h2 class=\"shop-features-title \"><a href=\"https:\/\/justvape.nu\/wp-content\/uploads\/2018\/05\/Features.png\"><img loading=\"lazy\" decoding=\"async\" class=\"alignnone size-full wp-image-248459\" src=\"https:\/\/justvape.nu\/wp-content\/uploads\/2018\/05\/Features.png\" alt=\"\" width=\"950\" height=\"64\" title=\"\" srcset=\"https:\/\/justvape.nu\/wp-content\/uploads\/2018\/05\/Features.png 950w, https:\/\/justvape.nu\/wp-content\/uploads\/2018\/05\/Features-600x40.png 600w, https:\/\/justvape.nu\/wp-content\/uploads\/2018\/05\/Features-64x4.png 64w, https:\/\/justvape.nu\/wp-content\/uploads\/2018\/05\/Features-300x20.png 300w, https:\/\/justvape.nu\/wp-content\/uploads\/2018\/05\/Features-768x52.png 768w\" sizes=\"auto, (max-width: 950px) 100vw, 950px\" \/><\/a><\/h2>\n<\/div>\n<ul>\n<li style=\"list-style-type: none;\">\n<ul>\n<li>1. L\u00f6cherloses Aussehen und Leder-Metall-Mischmaterial<\/li>\n<li>2. Entworfen mit Lanyard Ringe, bequem zu tragen<\/li>\n<li>3. Turbo Mod f\u00fcr extreme Steigerung der Dampferfahrung<\/li>\n<li>4. Einzelner externer Akku 18650\/21700 mit Typ-C-Ladung<\/li>\n<li>5. GENE TT 2.0 Chip mit Smart-, RBA-, Turbo- und TC-Modus<\/li>\n<li>6. IP68 Bewertung tri-proof Funktion, langlebig im Einsatz<\/li>\n<li>7. Humanisierte QS-Sperre zur Vermeidung von versehentlichem Z\u00fcnden oder Schalten<\/li>\n<li>8. Sieben Sicherheitsvorkehrungen zur Gew\u00e4hrleistung der sicheren Nutzung<\/li>\n<li>9. Dreifache Lufteinl\u00e4sse f\u00fcr ausgewogenen Luftstrom und geschmackvollen Geschmack<\/li>\n<li>10. Von oben nach unten verlaufender Luftkanal zur Isolierung von Kondensat und zur Vermeidung von Leckagen<\/li>\n<li>11. 360\u00b0 Luftstromanpassung zur Anpassung an Ihren Lieblingsgeschmack<\/li>\n<li>12. Innovativer 510er Sockel mit K\u00fchlk\u00f6rperdesign<\/li>\n<li>13. 2 ml Fassungsverm\u00f6gen, einfache Bef\u00fcllung von oben<\/li>\n<li>14. \u00dcbernimmt PnP-Dual-in-One-Technologie<\/li>\n<li>15. Kompatibel mit allen PnP-Spulen<\/li>\n<\/ul>\n<\/li>\n<\/ul>\n<div class=\"img-show-more\">\n<div id=\"img_content_less\" class=\"img-content add-more\">\n<p class=\"description-img-center\"><a href=\"https:\/\/justvape.nu\/wp-content\/uploads\/2023\/04\/VOOPOO_Argus_XT_Mod_Kit_Features.jpg\"><img loading=\"lazy\" decoding=\"async\" class=\"alignnone wp-image-583775\" src=\"https:\/\/justvape.nu\/wp-content\/uploads\/2023\/04\/VOOPOO_Argus_XT_Mod_Kit_Features.jpg\" alt=\"\" width=\"830\" height=\"990\" title=\"\" srcset=\"https:\/\/justvape.nu\/wp-content\/uploads\/2023\/04\/VOOPOO_Argus_XT_Mod_Kit_Features.jpg 718w, https:\/\/justvape.nu\/wp-content\/uploads\/2023\/04\/VOOPOO_Argus_XT_Mod_Kit_Features-600x715.jpg 600w, https:\/\/justvape.nu\/wp-content\/uploads\/2023\/04\/VOOPOO_Argus_XT_Mod_Kit_Features-64x76.jpg 64w, https:\/\/justvape.nu\/wp-content\/uploads\/2023\/04\/VOOPOO_Argus_XT_Mod_Kit_Features-252x300.jpg 252w\" sizes=\"auto, (max-width: 830px) 100vw, 830px\" \/><\/a> <a href=\"https:\/\/justvape.nu\/wp-content\/uploads\/2023\/04\/VOOPOO_Argus_XT_Mod_Kit_100W.jpg\"><img loading=\"lazy\" decoding=\"async\" class=\"alignnone size-full wp-image-583783\" src=\"https:\/\/justvape.nu\/wp-content\/uploads\/2023\/04\/VOOPOO_Argus_XT_Mod_Kit_100W.jpg\" alt=\"\" width=\"831\" height=\"403\" title=\"\" srcset=\"https:\/\/justvape.nu\/wp-content\/uploads\/2023\/04\/VOOPOO_Argus_XT_Mod_Kit_100W.jpg 831w, https:\/\/justvape.nu\/wp-content\/uploads\/2023\/04\/VOOPOO_Argus_XT_Mod_Kit_100W-600x291.jpg 600w, https:\/\/justvape.nu\/wp-content\/uploads\/2023\/04\/VOOPOO_Argus_XT_Mod_Kit_100W-64x31.jpg 64w, https:\/\/justvape.nu\/wp-content\/uploads\/2023\/04\/VOOPOO_Argus_XT_Mod_Kit_100W-300x145.jpg 300w, https:\/\/justvape.nu\/wp-content\/uploads\/2023\/04\/VOOPOO_Argus_XT_Mod_Kit_100W-768x372.jpg 768w\" sizes=\"auto, (max-width: 831px) 100vw, 831px\" \/><\/a> <a href=\"https:\/\/justvape.nu\/wp-content\/uploads\/2023\/04\/VOOPOO_Argus_XT_Mod_Kit_18650_and_21700.jpg\"><img loading=\"lazy\" decoding=\"async\" class=\"alignnone size-full wp-image-583791\" src=\"https:\/\/justvape.nu\/wp-content\/uploads\/2023\/04\/VOOPOO_Argus_XT_Mod_Kit_18650_and_21700.jpg\" alt=\"\" width=\"831\" height=\"518\" title=\"\" srcset=\"https:\/\/justvape.nu\/wp-content\/uploads\/2023\/04\/VOOPOO_Argus_XT_Mod_Kit_18650_and_21700.jpg 831w, https:\/\/justvape.nu\/wp-content\/uploads\/2023\/04\/VOOPOO_Argus_XT_Mod_Kit_18650_and_21700-600x374.jpg 600w, https:\/\/justvape.nu\/wp-content\/uploads\/2023\/04\/VOOPOO_Argus_XT_Mod_Kit_18650_and_21700-64x40.jpg 64w, https:\/\/justvape.nu\/wp-content\/uploads\/2023\/04\/VOOPOO_Argus_XT_Mod_Kit_18650_and_21700-300x187.jpg 300w, https:\/\/justvape.nu\/wp-content\/uploads\/2023\/04\/VOOPOO_Argus_XT_Mod_Kit_18650_and_21700-768x479.jpg 768w\" sizes=\"auto, (max-width: 831px) 100vw, 831px\" \/><\/a><\/p>\n<p class=\"description-img-center\">\n<\/div>\n<\/div>\n<div class=\"shop-features \">\n<h2 class=\"shop-features-title \"><a href=\"https:\/\/justvape.nu\/wp-content\/uploads\/2018\/04\/Packing-List.png\"><img loading=\"lazy\" decoding=\"async\" class=\"alignnone size-full wp-image-18999\" src=\"https:\/\/justvape.nu\/wp-content\/uploads\/2018\/04\/Packing-List.png\" alt=\"\" width=\"950\" height=\"64\" title=\"\" srcset=\"https:\/\/justvape.nu\/wp-content\/uploads\/2018\/04\/Packing-List.png 950w, https:\/\/justvape.nu\/wp-content\/uploads\/2018\/04\/Packing-List-555x37.png 555w, https:\/\/justvape.nu\/wp-content\/uploads\/2018\/04\/Packing-List-64x4.png 64w, https:\/\/justvape.nu\/wp-content\/uploads\/2018\/04\/Packing-List-300x20.png 300w, https:\/\/justvape.nu\/wp-content\/uploads\/2018\/04\/Packing-List-768x52.png 768w\" sizes=\"auto, (max-width: 950px) 100vw, 950px\" \/><\/a><\/h2>\n<\/div>\n<p>1* VOOPOO Argus XT Ger\u00e4t<br \/>\n1* VooPoo MAAT Tank<br \/>\n1* TPP-DM1 0.15\u03a9 Spule<br \/>\n1* TPP-DM2 0.2\u03a9 Spule<br \/>\n1* Silikongummi-Packung<br \/>\n1* 18650 Akku-Adapter<br \/>\n1* Typ-C Kabel<br \/>\n1* Benutzer Benutzer<\/p>\n","protected":false},"excerpt":{"rendered":"<p>VOOPOO &#8211; ARGUS XT KIT<\/p>\n","protected":false},"featured_media":583807,"comment_status":"open","ping_status":"closed","template":"","meta":{"_acf_changed":false,"_uag_custom_page_level_css":"","site-sidebar-layout":"default","site-content-layout":"default","ast-site-content-layout":"default","site-content-style":"default","site-sidebar-style":"default","ast-global-header-display":"","ast-banner-title-visibility":"","ast-main-header-display":"","ast-hfb-above-header-display":"","ast-hfb-below-header-display":"","ast-hfb-mobile-header-display":"","site-post-title":"","ast-breadcrumbs-content":"","ast-featured-img":"","footer-sml-layout":"","ast-disable-related-posts":"","theme-transparent-header-meta":"default","adv-header-id-meta":"","stick-header-meta":"default","header-above-stick-meta":"","header-main-stick-meta":"","header-below-stick-meta":"","astra-migrate-meta-layouts":"default","ast-page-background-enabled":"default","ast-page-background-meta":{"desktop":{"background-color":"","background-image":"","background-repeat":"repeat","background-position":"center center","background-size":"auto","background-attachment":"scroll","background-type":"","background-media":"","overlay-type":"","overlay-color":"","overlay-opacity":"","overlay-gradient":""},"tablet":{"background-color":"","background-image":"","background-repeat":"repeat","background-position":"center center","background-size":"auto","background-attachment":"scroll","background-type":"","background-media":"","overlay-type":"","overlay-color":"","overlay-opacity":"","overlay-gradient":""},"mobile":{"background-color":"","background-image":"","background-repeat":"repeat","background-position":"center center","background-size":"auto","background-attachment":"scroll","background-type":"","background-media":"","overlay-type":"","overlay-color":"","overlay-opacity":"","overlay-gradient":""}},"ast-content-background-meta":{"desktop":{"background-color":"var(--ast-global-color-5)","background-image":"","background-repeat":"repeat","background-position":"center center","background-size":"auto","background-attachment":"scroll","background-type":"","background-media":"","overlay-type":"","overlay-color":"","overlay-opacity":"","overlay-gradient":""},"tablet":{"background-color":"var(--ast-global-color-5)","background-image":"","background-repeat":"repeat","background-position":"center center","background-size":"auto","background-attachment":"scroll","background-type":"","background-media":"","overlay-type":"","overlay-color":"","overlay-opacity":"","overlay-gradient":""},"mobile":{"background-color":"var(--ast-global-color-5)","background-image":"","background-repeat":"repeat","background-position":"center center","background-size":"auto","background-attachment":"scroll","background-type":"","background-media":"","overlay-type":"","overlay-color":"","overlay-opacity":"","overlay-gradient":""}}},"product_brand":[],"product_cat":[2067,2511,2512,2140,2513],"product_tag":[],"class_list":{"0":"post-584218","1":"product","2":"type-product","3":"status-publish","4":"has-post-thumbnail","6":"product_cat-e-zigaretten","7":"product_cat-hardware-de","8":"product_cat-shop-by-brand-de","9":"product_cat-sub-ohm-kits-de","10":"product_cat-voopoo-de","11":"desktop-align-center","12":"tablet-align-center","13":"mobile-align-center","14":"ast-product-gallery-layout-horizontal-slider","15":"ast-product-single-variable","16":"ast-product-tabs-layout-horizontal","18":"first","19":"instock","20":"sale","21":"taxable","22":"shipping-taxable","23":"purchasable","24":"product-type-variable"},"acf":[],"uagb_featured_image_src":{"full":["https:\/\/justvape.nu\/wp-content\/uploads\/2023\/04\/3cEBXSJ4.jpeg",600,600,false],"thumbnail":["https:\/\/justvape.nu\/wp-content\/uploads\/2023\/04\/3cEBXSJ4-150x150.jpeg",150,150,true],"medium":["https:\/\/justvape.nu\/wp-content\/uploads\/2023\/04\/3cEBXSJ4-300x300.jpeg",300,300,true],"medium_large":["https:\/\/justvape.nu\/wp-content\/uploads\/2023\/04\/3cEBXSJ4.jpeg",600,600,false],"large":["https:\/\/justvape.nu\/wp-content\/uploads\/2023\/04\/3cEBXSJ4.jpeg",600,600,false],"1536x1536":["https:\/\/justvape.nu\/wp-content\/uploads\/2023\/04\/3cEBXSJ4.jpeg",600,600,false],"2048x2048":["https:\/\/justvape.nu\/wp-content\/uploads\/2023\/04\/3cEBXSJ4.jpeg",600,600,false],"woocommerce_thumbnail":["https:\/\/justvape.nu\/wp-content\/uploads\/2023\/04\/3cEBXSJ4-300x300.jpeg",300,300,true],"woocommerce_single":["https:\/\/justvape.nu\/wp-content\/uploads\/2023\/04\/3cEBXSJ4.jpeg",600,600,false],"woocommerce_gallery_thumbnail":["https:\/\/justvape.nu\/wp-content\/uploads\/2023\/04\/3cEBXSJ4-100x100.jpeg",100,100,true],"dgwt-wcas-product-suggestion":["https:\/\/justvape.nu\/wp-content\/uploads\/2023\/04\/3cEBXSJ4-64x64.jpeg",64,64,true]},"uagb_author_info":{"display_name":"Kenneth Merkur","author_link":"https:\/\/justvape.nu\/de\/author\/"},"uagb_comment_info":0,"uagb_excerpt":"VOOPOO - ARGUS XT KIT","_links":{"self":[{"href":"https:\/\/justvape.nu\/de\/wp-json\/wp\/v2\/product\/584218","targetHints":{"allow":["GET"]}}],"collection":[{"href":"https:\/\/justvape.nu\/de\/wp-json\/wp\/v2\/product"}],"about":[{"href":"https:\/\/justvape.nu\/de\/wp-json\/wp\/v2\/types\/product"}],"replies":[{"embeddable":true,"href":"https:\/\/justvape.nu\/de\/wp-json\/wp\/v2\/comments?post=584218"}],"wp:featuredmedia":[{"embeddable":true,"href":"https:\/\/justvape.nu\/de\/wp-json\/wp\/v2\/media\/583807"}],"wp:attachment":[{"href":"https:\/\/justvape.nu\/de\/wp-json\/wp\/v2\/media?parent=584218"}],"wp:term":[{"taxonomy":"product_brand","embeddable":true,"href":"https:\/\/justvape.nu\/de\/wp-json\/wp\/v2\/product_brand?post=584218"},{"taxonomy":"product_cat","embeddable":true,"href":"https:\/\/justvape.nu\/de\/wp-json\/wp\/v2\/product_cat?post=584218"},{"taxonomy":"product_tag","embeddable":true,"href":"https:\/\/justvape.nu\/de\/wp-json\/wp\/v2\/product_tag?post=584218"}],"curies":[{"name":"wp","href":"https:\/\/api.w.org\/{rel}","templated":true}]}}