{"id":582033,"date":"2023-04-05T22:06:02","date_gmt":"2023-04-05T20:06:02","guid":{"rendered":"https:\/\/justvape.nu\/produkt\/smok-solus-g-box-kit\/"},"modified":"2023-04-05T22:06:02","modified_gmt":"2023-04-05T20:06:02","slug":"rauch-solus-g-box-kit","status":"publish","type":"product","link":"https:\/\/justvape.nu\/de\/produkt\/rauch-solus-g-box-kit\/","title":{"rendered":"SMOK &#8211; SOLUS G-BOX KIT"},"content":{"rendered":"<h2>SMOK &#8211; SOLUS G-BOX KIT<\/h2>\n<p>Das Smok Solus G Box Pod Vape Kit ist ideal f\u00fcr Umsteiger und erfahrene Dampfer. Es gibt eine 700mAh Batterie in diesem Kit, die eine maximale Ausgangsleistung von 18W liefert. Dieses Kit enth\u00e4lt einen Pod mit einer eingebauten Mesh-Spule, die f\u00fcr das MTL (Mouth To Lung) Vape entwickelt wurde. Au\u00dferdem gibt es ein USB-C-Schnellladekabel und eine praktische Lanyard-Befestigung f\u00fcr das Rauchen unterwegs.<\/p>\n<p>Dieses Vape-Kit verf\u00fcgt \u00fcber eine Inhalationsaktivierung, so dass Du nur auf das Mundst\u00fcck pusten musst, um zu dampfen. Au\u00dferdem gibt es bei diesem Kit keine Kn\u00f6pfe oder Bildschirme, d. h. es gibt keine komplizierten Men\u00fcs zu navigieren oder Einstellungen zu \u00e4ndern &#8211; schlie\u00dfen Sie einfach Ihren Pod an und das Kit ist einsatzbereit. Der in diesem Kit enthaltene Pod wurde f\u00fcr eine Verdampfung entwickelt, die einer Zigarette sehr \u00e4hnlich ist und eine kleine Menge Dampf erzeugt.<\/p>\n<p>Die Solus G Box wird mit einem Smok Solus 2 Pod geliefert, der \u00fcber eine eingebaute Mesh-Spule verf\u00fcgt, die sich schneller erw\u00e4rmt und die Geschmacksproduktion verbessert. Dieses Ger\u00e4t ist auch mit den Smok Solus Ersatzpods kompatibel. Beide Arten von Pods haben einen Gummistopfen an der Seite, der entfernt werden kann, um einen Anschluss f\u00fcr E-Liquid zum einfachen Nachf\u00fcllen freizulegen. Wir empfehlen, dieses Kit mit E-Liquids zu kombinieren, die eine 50\/50 oder hohe PG-Konzentration aufweisen.<\/p>\n<p><a href=\"https:\/\/justvape.nu\/wp-content\/uploads\/2018\/05\/Color-Schemes.png\"><img loading=\"lazy\" decoding=\"async\" class=\"alignnone size-full wp-image-19187\" src=\"https:\/\/justvape.nu\/wp-content\/uploads\/2018\/05\/Color-Schemes.png\" alt=\"\" width=\"950\" height=\"64\" title=\"\" srcset=\"https:\/\/justvape.nu\/wp-content\/uploads\/2018\/05\/Color-Schemes.png 950w, https:\/\/justvape.nu\/wp-content\/uploads\/2018\/05\/Color-Schemes-555x37.png 555w, https:\/\/justvape.nu\/wp-content\/uploads\/2018\/05\/Color-Schemes-64x4.png 64w, https:\/\/justvape.nu\/wp-content\/uploads\/2018\/05\/Color-Schemes-300x20.png 300w, https:\/\/justvape.nu\/wp-content\/uploads\/2018\/05\/Color-Schemes-768x52.png 768w\" sizes=\"auto, (max-width: 950px) 100vw, 950px\" \/><\/a><\/p>\n<p><a href=\"https:\/\/justvape.nu\/wp-content\/uploads\/2023\/04\/solus_g_box_kit_colourways.png\"><img loading=\"lazy\" decoding=\"async\" class=\"alignnone wp-image-581809\" src=\"https:\/\/justvape.nu\/wp-content\/uploads\/2023\/04\/solus_g_box_kit_colourways.png\" alt=\"\" width=\"801\" height=\"434\" title=\"\" srcset=\"https:\/\/justvape.nu\/wp-content\/uploads\/2023\/04\/solus_g_box_kit_colourways.png 685w, https:\/\/justvape.nu\/wp-content\/uploads\/2023\/04\/solus_g_box_kit_colourways-600x325.png 600w, https:\/\/justvape.nu\/wp-content\/uploads\/2023\/04\/solus_g_box_kit_colourways-64x35.png 64w, https:\/\/justvape.nu\/wp-content\/uploads\/2023\/04\/solus_g_box_kit_colourways-300x162.png 300w\" sizes=\"auto, (max-width: 801px) 100vw, 801px\" \/><\/a><\/p>\n<p><a href=\"https:\/\/justvape.nu\/wp-content\/uploads\/2018\/05\/Features.png\"><img loading=\"lazy\" decoding=\"async\" class=\"alignnone size-full wp-image-248459\" src=\"https:\/\/justvape.nu\/wp-content\/uploads\/2018\/05\/Features.png\" alt=\"\" width=\"950\" height=\"64\" title=\"\" srcset=\"https:\/\/justvape.nu\/wp-content\/uploads\/2018\/05\/Features.png 950w, https:\/\/justvape.nu\/wp-content\/uploads\/2018\/05\/Features-600x40.png 600w, https:\/\/justvape.nu\/wp-content\/uploads\/2018\/05\/Features-64x4.png 64w, https:\/\/justvape.nu\/wp-content\/uploads\/2018\/05\/Features-300x20.png 300w, https:\/\/justvape.nu\/wp-content\/uploads\/2018\/05\/Features-768x52.png 768w\" sizes=\"auto, (max-width: 950px) 100vw, 950px\" \/><\/a><\/p>\n<ul>\n<li>MTL-Pod-Kit<\/li>\n<li>Einsteigerfreundlich<\/li>\n<li>2ml Nachf\u00fcllbare Pods<\/li>\n<li>Einatmen Aktiviert<\/li>\n<li>Eingebauter 700mAh Akku<\/li>\n<li>Kompakte Bauweise<\/li>\n<\/ul>\n<p><a href=\"https:\/\/justvape.nu\/wp-content\/uploads\/2023\/04\/SOLUS-G-BOX-1.jpg\"><img loading=\"lazy\" decoding=\"async\" class=\"alignnone wp-image-581817\" src=\"https:\/\/justvape.nu\/wp-content\/uploads\/2023\/04\/SOLUS-G-BOX-1.jpg\" alt=\"\" width=\"802\" height=\"450\" title=\"\" srcset=\"https:\/\/justvape.nu\/wp-content\/uploads\/2023\/04\/SOLUS-G-BOX-1.jpg 1200w, https:\/\/justvape.nu\/wp-content\/uploads\/2023\/04\/SOLUS-G-BOX-1-600x337.jpg 600w, https:\/\/justvape.nu\/wp-content\/uploads\/2023\/04\/SOLUS-G-BOX-1-64x36.jpg 64w, https:\/\/justvape.nu\/wp-content\/uploads\/2023\/04\/SOLUS-G-BOX-1-300x168.jpg 300w, https:\/\/justvape.nu\/wp-content\/uploads\/2023\/04\/SOLUS-G-BOX-1-1024x574.jpg 1024w, https:\/\/justvape.nu\/wp-content\/uploads\/2023\/04\/SOLUS-G-BOX-1-768x431.jpg 768w\" sizes=\"auto, (max-width: 802px) 100vw, 802px\" \/><\/a><\/p>\n<p><a href=\"https:\/\/justvape.nu\/wp-content\/uploads\/2018\/05\/Packing-List.png\"><img loading=\"lazy\" decoding=\"async\" class=\"alignnone size-full wp-image-248468\" src=\"https:\/\/justvape.nu\/wp-content\/uploads\/2018\/05\/Packing-List.png\" alt=\"\" width=\"950\" height=\"64\" title=\"\" srcset=\"https:\/\/justvape.nu\/wp-content\/uploads\/2018\/05\/Packing-List.png 950w, https:\/\/justvape.nu\/wp-content\/uploads\/2018\/05\/Packing-List-600x40.png 600w, https:\/\/justvape.nu\/wp-content\/uploads\/2018\/05\/Packing-List-64x4.png 64w, https:\/\/justvape.nu\/wp-content\/uploads\/2018\/05\/Packing-List-300x20.png 300w, https:\/\/justvape.nu\/wp-content\/uploads\/2018\/05\/Packing-List-768x52.png 768w\" sizes=\"auto, (max-width: 950px) 100vw, 950px\" \/><\/a><\/p>\n<ul>\n<li>Smok Solus G Box Vape Ger\u00e4t<\/li>\n<li>0,9 Ohm Smok Solus 2 Pod<\/li>\n<li>USB-C Ladekabel<\/li>\n<li>Lanyard<\/li>\n<li>Benutzerhandbuch<\/li>\n<\/ul>\n","protected":false},"excerpt":{"rendered":"<p>SMOK &#8211; SOLUS G-BOX KIT<\/p>\n","protected":false},"featured_media":581835,"comment_status":"open","ping_status":"closed","template":"","meta":{"_acf_changed":false,"_uag_custom_page_level_css":"","site-sidebar-layout":"default","site-content-layout":"default","ast-site-content-layout":"default","site-content-style":"default","site-sidebar-style":"default","ast-global-header-display":"","ast-banner-title-visibility":"","ast-main-header-display":"","ast-hfb-above-header-display":"","ast-hfb-below-header-display":"","ast-hfb-mobile-header-display":"","site-post-title":"","ast-breadcrumbs-content":"","ast-featured-img":"","footer-sml-layout":"","ast-disable-related-posts":"","theme-transparent-header-meta":"default","adv-header-id-meta":"","stick-header-meta":"default","header-above-stick-meta":"","header-main-stick-meta":"","header-below-stick-meta":"","astra-migrate-meta-layouts":"default","ast-page-background-enabled":"default","ast-page-background-meta":{"desktop":{"background-color":"","background-image":"","background-repeat":"repeat","background-position":"center center","background-size":"auto","background-attachment":"scroll","background-type":"","background-media":"","overlay-type":"","overlay-color":"","overlay-opacity":"","overlay-gradient":""},"tablet":{"background-color":"","background-image":"","background-repeat":"repeat","background-position":"center center","background-size":"auto","background-attachment":"scroll","background-type":"","background-media":"","overlay-type":"","overlay-color":"","overlay-opacity":"","overlay-gradient":""},"mobile":{"background-color":"","background-image":"","background-repeat":"repeat","background-position":"center center","background-size":"auto","background-attachment":"scroll","background-type":"","background-media":"","overlay-type":"","overlay-color":"","overlay-opacity":"","overlay-gradient":""}},"ast-content-background-meta":{"desktop":{"background-color":"var(--ast-global-color-5)","background-image":"","background-repeat":"repeat","background-position":"center center","background-size":"auto","background-attachment":"scroll","background-type":"","background-media":"","overlay-type":"","overlay-color":"","overlay-opacity":"","overlay-gradient":""},"tablet":{"background-color":"var(--ast-global-color-5)","background-image":"","background-repeat":"repeat","background-position":"center center","background-size":"auto","background-attachment":"scroll","background-type":"","background-media":"","overlay-type":"","overlay-color":"","overlay-opacity":"","overlay-gradient":""},"mobile":{"background-color":"var(--ast-global-color-5)","background-image":"","background-repeat":"repeat","background-position":"center center","background-size":"auto","background-attachment":"scroll","background-type":"","background-media":"","overlay-type":"","overlay-color":"","overlay-opacity":"","overlay-gradient":""}}},"product_brand":[],"product_cat":[2077,2067,2511,2512,3367],"product_tag":[],"class_list":{"0":"post-582033","1":"product","2":"type-product","3":"status-publish","4":"has-post-thumbnail","6":"product_cat-anfaenger-kits-pods","7":"product_cat-e-zigaretten","8":"product_cat-hardware-de","9":"product_cat-shop-by-brand-de","10":"product_cat-smok-de","11":"desktop-align-center","12":"tablet-align-center","13":"mobile-align-center","14":"ast-product-gallery-layout-horizontal-slider","15":"ast-product-single-variable","16":"ast-product-tabs-layout-horizontal","18":"first","19":"instock","20":"sale","21":"taxable","22":"shipping-taxable","23":"purchasable","24":"product-type-variable"},"acf":[],"uagb_featured_image_src":{"full":["https:\/\/justvape.nu\/wp-content\/uploads\/2023\/04\/Mv-GYcwI.jpeg",600,600,false],"thumbnail":["https:\/\/justvape.nu\/wp-content\/uploads\/2023\/04\/Mv-GYcwI-150x150.jpeg",150,150,true],"medium":["https:\/\/justvape.nu\/wp-content\/uploads\/2023\/04\/Mv-GYcwI-300x300.jpeg",300,300,true],"medium_large":["https:\/\/justvape.nu\/wp-content\/uploads\/2023\/04\/Mv-GYcwI.jpeg",600,600,false],"large":["https:\/\/justvape.nu\/wp-content\/uploads\/2023\/04\/Mv-GYcwI.jpeg",600,600,false],"1536x1536":["https:\/\/justvape.nu\/wp-content\/uploads\/2023\/04\/Mv-GYcwI.jpeg",600,600,false],"2048x2048":["https:\/\/justvape.nu\/wp-content\/uploads\/2023\/04\/Mv-GYcwI.jpeg",600,600,false],"woocommerce_thumbnail":["https:\/\/justvape.nu\/wp-content\/uploads\/2023\/04\/Mv-GYcwI-300x300.jpeg",300,300,true],"woocommerce_single":["https:\/\/justvape.nu\/wp-content\/uploads\/2023\/04\/Mv-GYcwI.jpeg",600,600,false],"woocommerce_gallery_thumbnail":["https:\/\/justvape.nu\/wp-content\/uploads\/2023\/04\/Mv-GYcwI-100x100.jpeg",100,100,true],"dgwt-wcas-product-suggestion":["https:\/\/justvape.nu\/wp-content\/uploads\/2023\/04\/Mv-GYcwI-64x64.jpeg",64,64,true]},"uagb_author_info":{"display_name":"Kenneth Merkur","author_link":"https:\/\/justvape.nu\/de\/author\/"},"uagb_comment_info":0,"uagb_excerpt":"SMOK - SOLUS G-BOX KIT","_links":{"self":[{"href":"https:\/\/justvape.nu\/de\/wp-json\/wp\/v2\/product\/582033","targetHints":{"allow":["GET"]}}],"collection":[{"href":"https:\/\/justvape.nu\/de\/wp-json\/wp\/v2\/product"}],"about":[{"href":"https:\/\/justvape.nu\/de\/wp-json\/wp\/v2\/types\/product"}],"replies":[{"embeddable":true,"href":"https:\/\/justvape.nu\/de\/wp-json\/wp\/v2\/comments?post=582033"}],"wp:featuredmedia":[{"embeddable":true,"href":"https:\/\/justvape.nu\/de\/wp-json\/wp\/v2\/media\/581835"}],"wp:attachment":[{"href":"https:\/\/justvape.nu\/de\/wp-json\/wp\/v2\/media?parent=582033"}],"wp:term":[{"taxonomy":"product_brand","embeddable":true,"href":"https:\/\/justvape.nu\/de\/wp-json\/wp\/v2\/product_brand?post=582033"},{"taxonomy":"product_cat","embeddable":true,"href":"https:\/\/justvape.nu\/de\/wp-json\/wp\/v2\/product_cat?post=582033"},{"taxonomy":"product_tag","embeddable":true,"href":"https:\/\/justvape.nu\/de\/wp-json\/wp\/v2\/product_tag?post=582033"}],"curies":[{"name":"wp","href":"https:\/\/api.w.org\/{rel}","templated":true}]}}