{"id":577301,"date":"2023-03-22T10:19:57","date_gmt":"2023-03-22T09:19:57","guid":{"rendered":"https:\/\/justvape.nu\/produkt\/lost-vape-ursa-baby-pro-pod-kit\/"},"modified":"2023-03-22T11:31:15","modified_gmt":"2023-03-22T10:31:15","slug":"lost-vape-ursa-baby-pro-pod-kit","status":"publish","type":"product","link":"https:\/\/justvape.nu\/de\/produkt\/lost-vape-ursa-baby-pro-pod-kit\/","title":{"rendered":"LOST VAPE &#8211; URSA BABY PRO POD KIT"},"content":{"rendered":"<h2>LOST VAPE &#8211; URSA BABY PRO POD KIT<\/h2>\n<p>Das Lost Vape Ursa Baby Pro Vape-Kit ist ein kompaktes und praktisches Ger\u00e4t, das perfekt f\u00fcr Dampfer ist, die nach einem Ger\u00e4t suchen, das leicht zu transportieren ist. Er verf\u00fcgt \u00fcber einen eingebauten Akku mit einer Kapazit\u00e4t von 900 mAh, der lange Dampfsessions erm\u00f6glicht. Mit einer maximalen Leistung von 25W ist er ideal f\u00fcr MTL (Mouth To Lung) oder RDTL (Restricted Direct To Lung).<\/p>\n<p>In der Box sind zwei Pods enthalten, ein Ursa 0.6ohm Pod und ein leerer Pod, der mit den UB Mini Coils verwendet werden kann. Es kommt auch mit einem UB Mini S1 Spule. Mit dem Knopf oberhalb des Displays k\u00f6nnen Sie die Wattzahl f\u00fcr gr\u00f6\u00dfere Wolken erh\u00f6hen oder f\u00fcr weniger Dampfproduktion verringern.<\/p>\n<p>Das Nachf\u00fcllen des Ursa Baby Pro Kits ist dank des seitlich aufzuf\u00fcllenden Ursa Nano Pods ein Kinderspiel. Sie m\u00fcssen nur den Silikonstopfen entfernen, um die F\u00fcll\u00f6ffnung freizulegen, und Ihr gew\u00fcnschtes E-Liquid einf\u00fcllen. Um die besten Ergebnisse zu erzielen, empfehlen wir die Verwendung eines E-Liquids mit einer 50\/50- oder hohen PG-Konzentration, um das Beste aus Ihrem Kit herauszuholen. Au\u00dferdem k\u00f6nnen Sie mit der einstellbaren Luftstromfunktion den Einatemvorgang fester oder lockerer gestalten. Mit dieser Funktion k\u00f6nnen Sie Ihr Dampferlebnis ganz nach Ihren W\u00fcnschen gestalten, egal ob Sie einen festeren oder lockereren Zug bevorzugen. Alles in allem ist das Lost Vape Ursa Baby Pro Vape-Kit eine gute Wahl f\u00fcr Dampfer, die ein kompaktes, praktisches und anpassbares Ger\u00e4t suchen.<\/p>\n<p><a href=\"https:\/\/justvape.nu\/wp-content\/uploads\/2018\/05\/Color-Schemes.png\"><img loading=\"lazy\" decoding=\"async\" class=\"alignnone size-full wp-image-19187\" src=\"https:\/\/justvape.nu\/wp-content\/uploads\/2018\/05\/Color-Schemes.png\" alt=\"\" width=\"950\" height=\"64\" title=\"\" srcset=\"https:\/\/justvape.nu\/wp-content\/uploads\/2018\/05\/Color-Schemes.png 950w, https:\/\/justvape.nu\/wp-content\/uploads\/2018\/05\/Color-Schemes-555x37.png 555w, https:\/\/justvape.nu\/wp-content\/uploads\/2018\/05\/Color-Schemes-64x4.png 64w, https:\/\/justvape.nu\/wp-content\/uploads\/2018\/05\/Color-Schemes-300x20.png 300w, https:\/\/justvape.nu\/wp-content\/uploads\/2018\/05\/Color-Schemes-768x52.png 768w\" sizes=\"auto, (max-width: 950px) 100vw, 950px\" \/><\/a><\/p>\n<p class=\"description-img-center\"><a href=\"https:\/\/justvape.nu\/wp-content\/uploads\/2023\/03\/Lost_Vape_Ursa_Baby_Pro_Kit_Colors.jpg\"><img loading=\"lazy\" decoding=\"async\" class=\"alignnone wp-image-577105\" src=\"https:\/\/justvape.nu\/wp-content\/uploads\/2023\/03\/Lost_Vape_Ursa_Baby_Pro_Kit_Colors.jpg\" alt=\"\" width=\"929\" height=\"611\" title=\"\" srcset=\"https:\/\/justvape.nu\/wp-content\/uploads\/2023\/03\/Lost_Vape_Ursa_Baby_Pro_Kit_Colors.jpg 800w, https:\/\/justvape.nu\/wp-content\/uploads\/2023\/03\/Lost_Vape_Ursa_Baby_Pro_Kit_Colors-600x395.jpg 600w, https:\/\/justvape.nu\/wp-content\/uploads\/2023\/03\/Lost_Vape_Ursa_Baby_Pro_Kit_Colors-64x42.jpg 64w, https:\/\/justvape.nu\/wp-content\/uploads\/2023\/03\/Lost_Vape_Ursa_Baby_Pro_Kit_Colors-300x197.jpg 300w, https:\/\/justvape.nu\/wp-content\/uploads\/2023\/03\/Lost_Vape_Ursa_Baby_Pro_Kit_Colors-768x505.jpg 768w\" sizes=\"auto, (max-width: 929px) 100vw, 929px\" \/><\/a><\/p>\n<div class=\"shop-features \">\n<h2 class=\"shop-features-title \"><a href=\"https:\/\/justvape.nu\/wp-content\/uploads\/2018\/05\/Specifications.png\"><img loading=\"lazy\" decoding=\"async\" class=\"alignnone size-full wp-image-248449\" src=\"https:\/\/justvape.nu\/wp-content\/uploads\/2018\/05\/Specifications.png\" alt=\"\" width=\"950\" height=\"64\" title=\"\" srcset=\"https:\/\/justvape.nu\/wp-content\/uploads\/2018\/05\/Specifications.png 950w, https:\/\/justvape.nu\/wp-content\/uploads\/2018\/05\/Specifications-600x40.png 600w, https:\/\/justvape.nu\/wp-content\/uploads\/2018\/05\/Specifications-64x4.png 64w, https:\/\/justvape.nu\/wp-content\/uploads\/2018\/05\/Specifications-300x20.png 300w, https:\/\/justvape.nu\/wp-content\/uploads\/2018\/05\/Specifications-768x52.png 768w\" sizes=\"auto, (max-width: 950px) 100vw, 950px\" \/><\/a><\/h2>\n<p>&nbsp;<\/p>\n<\/div>\n<p><strong class=\"description-little-title\">Ursa Baby Pro Parameter:<\/strong><\/p>\n<table class=\"description-table\">\n<tbody>\n<tr>\n<td class=\"strong-title \">Marke<\/td>\n<td class=\"inline\">Lost Vape<\/td>\n<\/tr>\n<tr>\n<td class=\"strong-title \">Produktname<\/td>\n<td class=\"inline\">Ursa Baby Pro Kit<\/td>\n<\/tr>\n<tr>\n<td class=\"strong-title \">Dimension<\/td>\n<td class=\"inline\">46.5*15.2*71.6mm<\/td>\n<\/tr>\n<tr>\n<td class=\"strong-title \">Tankinhalt<\/td>\n<td class=\"inline\">2ml<\/td>\n<\/tr>\n<tr>\n<td class=\"strong-title \">Batterie<\/td>\n<td class=\"inline\">900mAh<\/td>\n<\/tr>\n<tr>\n<td class=\"strong-title \">Akku-Spannung<\/td>\n<td class=\"inline\">3,2V-4,2V<\/td>\n<\/tr>\n<tr>\n<td class=\"strong-title \">Leistungsbereich<\/td>\n<td class=\"inline\">5-25W<\/td>\n<\/tr>\n<tr>\n<td class=\"strong-title \">Material des Geh\u00e4uses<\/td>\n<td class=\"inline\">Zink-Legierung<\/td>\n<\/tr>\n<tr>\n<td class=\"strong-title \">Chip<\/td>\n<td class=\"inline\">Suche Chip<\/td>\n<\/tr>\n<tr>\n<td class=\"strong-title \">Ausgangsspannung<\/td>\n<td class=\"inline\">1,7V-3,9V<\/td>\n<\/tr>\n<tr>\n<td class=\"strong-title \">Anzeige<\/td>\n<td class=\"inline\">0,42-Zoll-OLED-Bildschirm<\/td>\n<\/tr>\n<tr>\n<td class=\"strong-title \">Aufladen<\/td>\n<td class=\"inline\">Typ-C, 5V\/2A<\/td>\n<\/tr>\n<tr>\n<td class=\"strong-title \">Luftstrom<\/td>\n<td class=\"inline\">Leicht zug\u00e4ngliches Luftstromventil<\/td>\n<\/tr>\n<tr>\n<td class=\"strong-title \">Farbe<\/td>\n<td class=\"inline\">Gunmetal Espresso, Classic Black, Navy Blue, Pearl White, Golden Knight, Silver Lust, Emerald Green, Frost Blue, Sakuka Pink<\/td>\n<\/tr>\n<\/tbody>\n<\/table>\n<div class=\"shop-features \">\n<h2 class=\"shop-features-title \"><a href=\"https:\/\/justvape.nu\/wp-content\/uploads\/2018\/05\/Features.png\"><img loading=\"lazy\" decoding=\"async\" class=\"alignnone size-full wp-image-248459\" src=\"https:\/\/justvape.nu\/wp-content\/uploads\/2018\/05\/Features.png\" alt=\"\" width=\"950\" height=\"64\" title=\"\" srcset=\"https:\/\/justvape.nu\/wp-content\/uploads\/2018\/05\/Features.png 950w, https:\/\/justvape.nu\/wp-content\/uploads\/2018\/05\/Features-600x40.png 600w, https:\/\/justvape.nu\/wp-content\/uploads\/2018\/05\/Features-64x4.png 64w, https:\/\/justvape.nu\/wp-content\/uploads\/2018\/05\/Features-300x20.png 300w, https:\/\/justvape.nu\/wp-content\/uploads\/2018\/05\/Features-768x52.png 768w\" sizes=\"auto, (max-width: 950px) 100vw, 950px\" \/><\/a><\/h2>\n<p>&nbsp;<\/p>\n<\/div>\n<p><strong class=\"description-little-title\">Lost Vape Ursa Baby Pro Details:<\/strong><\/p>\n<ul>\n<li style=\"list-style-type: none;\">\n<ul>\n<li>1. Felsenfeste Zinklegierung, max. 25W<\/li>\n<li>2. Mit einer aufger\u00fcsteten Ursa-Patrone<\/li>\n<li>3. Kompatibel mit Salz\/Freebase<\/li>\n<li>4. Unterst\u00fctzt alle MTL bis lose MTL &amp; RL<\/li>\n<li>5. Sicherheitsvorkehrungen: Kurzschluss\/Schwache Batterie\/\u00dcberkopfschutz<\/li>\n<\/ul>\n<\/li>\n<\/ul>\n<div class=\"img-show-more\">\n<div id=\"img_content_less\" class=\"img-content add-more\">\n<p class=\"description-img-center\"><a href=\"https:\/\/justvape.nu\/wp-content\/uploads\/2023\/03\/Lost_Vape_Ursa_Baby_Pro_Kit_25W.jpg\"><img loading=\"lazy\" decoding=\"async\" class=\"alignnone size-full wp-image-577114\" src=\"https:\/\/justvape.nu\/wp-content\/uploads\/2023\/03\/Lost_Vape_Ursa_Baby_Pro_Kit_25W.jpg\" alt=\"\" width=\"831\" height=\"374\" title=\"\" srcset=\"https:\/\/justvape.nu\/wp-content\/uploads\/2023\/03\/Lost_Vape_Ursa_Baby_Pro_Kit_25W.jpg 831w, https:\/\/justvape.nu\/wp-content\/uploads\/2023\/03\/Lost_Vape_Ursa_Baby_Pro_Kit_25W-600x270.jpg 600w, https:\/\/justvape.nu\/wp-content\/uploads\/2023\/03\/Lost_Vape_Ursa_Baby_Pro_Kit_25W-64x29.jpg 64w, https:\/\/justvape.nu\/wp-content\/uploads\/2023\/03\/Lost_Vape_Ursa_Baby_Pro_Kit_25W-300x135.jpg 300w, https:\/\/justvape.nu\/wp-content\/uploads\/2023\/03\/Lost_Vape_Ursa_Baby_Pro_Kit_25W-768x346.jpg 768w\" sizes=\"auto, (max-width: 831px) 100vw, 831px\" \/><\/a> <a href=\"https:\/\/justvape.nu\/wp-content\/uploads\/2023\/03\/Lost_Vape_Ursa_Baby_Pro_Kit_Airflow_Range.jpg\"><img loading=\"lazy\" decoding=\"async\" class=\"alignnone size-full wp-image-577123\" src=\"https:\/\/justvape.nu\/wp-content\/uploads\/2023\/03\/Lost_Vape_Ursa_Baby_Pro_Kit_Airflow_Range.jpg\" alt=\"\" width=\"831\" height=\"436\" title=\"\" srcset=\"https:\/\/justvape.nu\/wp-content\/uploads\/2023\/03\/Lost_Vape_Ursa_Baby_Pro_Kit_Airflow_Range.jpg 831w, https:\/\/justvape.nu\/wp-content\/uploads\/2023\/03\/Lost_Vape_Ursa_Baby_Pro_Kit_Airflow_Range-600x315.jpg 600w, https:\/\/justvape.nu\/wp-content\/uploads\/2023\/03\/Lost_Vape_Ursa_Baby_Pro_Kit_Airflow_Range-64x34.jpg 64w, https:\/\/justvape.nu\/wp-content\/uploads\/2023\/03\/Lost_Vape_Ursa_Baby_Pro_Kit_Airflow_Range-300x157.jpg 300w, https:\/\/justvape.nu\/wp-content\/uploads\/2023\/03\/Lost_Vape_Ursa_Baby_Pro_Kit_Airflow_Range-768x403.jpg 768w\" sizes=\"auto, (max-width: 831px) 100vw, 831px\" \/><\/a> <a href=\"https:\/\/justvape.nu\/wp-content\/uploads\/2023\/03\/Lost_Vape_Ursa_Baby_Pro_Kit_Cartridge.jpg\"><img loading=\"lazy\" decoding=\"async\" class=\"alignnone size-full wp-image-577132\" src=\"https:\/\/justvape.nu\/wp-content\/uploads\/2023\/03\/Lost_Vape_Ursa_Baby_Pro_Kit_Cartridge.jpg\" alt=\"\" width=\"831\" height=\"441\" title=\"\" srcset=\"https:\/\/justvape.nu\/wp-content\/uploads\/2023\/03\/Lost_Vape_Ursa_Baby_Pro_Kit_Cartridge.jpg 831w, https:\/\/justvape.nu\/wp-content\/uploads\/2023\/03\/Lost_Vape_Ursa_Baby_Pro_Kit_Cartridge-600x318.jpg 600w, https:\/\/justvape.nu\/wp-content\/uploads\/2023\/03\/Lost_Vape_Ursa_Baby_Pro_Kit_Cartridge-64x34.jpg 64w, https:\/\/justvape.nu\/wp-content\/uploads\/2023\/03\/Lost_Vape_Ursa_Baby_Pro_Kit_Cartridge-300x159.jpg 300w, https:\/\/justvape.nu\/wp-content\/uploads\/2023\/03\/Lost_Vape_Ursa_Baby_Pro_Kit_Cartridge-768x408.jpg 768w\" sizes=\"auto, (max-width: 831px) 100vw, 831px\" \/><\/a><\/p>\n<\/div>\n<\/div>\n<div class=\"shop-features \">\n<h2 class=\"shop-features-title \"><a href=\"https:\/\/justvape.nu\/wp-content\/uploads\/2018\/04\/Packing-List.png\"><img loading=\"lazy\" decoding=\"async\" class=\"alignnone size-full wp-image-18999\" src=\"https:\/\/justvape.nu\/wp-content\/uploads\/2018\/04\/Packing-List.png\" alt=\"\" width=\"950\" height=\"64\" title=\"\" srcset=\"https:\/\/justvape.nu\/wp-content\/uploads\/2018\/04\/Packing-List.png 950w, https:\/\/justvape.nu\/wp-content\/uploads\/2018\/04\/Packing-List-555x37.png 555w, https:\/\/justvape.nu\/wp-content\/uploads\/2018\/04\/Packing-List-64x4.png 64w, https:\/\/justvape.nu\/wp-content\/uploads\/2018\/04\/Packing-List-300x20.png 300w, https:\/\/justvape.nu\/wp-content\/uploads\/2018\/04\/Packing-List-768x52.png 768w\" sizes=\"auto, (max-width: 950px) 100vw, 950px\" \/><\/a><\/h2>\n<p>&nbsp;<\/p>\n<\/div>\n<p><strong class=\"description-little-title \">Das Paket von Lost Vape Ursa Baby Pro Pod Kit kommt mit:<\/strong><\/p>\n<p>1* Ursa Baby Pro Pod Ger\u00e4t<br \/>\n1* Ursa Leerkartusche<br \/>\n1* 0.6ohm Ursa Kartusche<br \/>\n1* UB Mini S1 Spule 0.8ohm<br \/>\n1* Typ-C-Ladekabel<br \/>\n1* Umh\u00e4ngeband<br \/>\n1 * Benutzerhandbuch<br \/>\n1* Garantiekarte<\/p>\n<p class=\"description-img-center \"><a href=\"https:\/\/justvape.nu\/wp-content\/uploads\/2023\/03\/Lost_Vape_Ursa_Baby_Pro_Kit_Package_List.jpg\"><img loading=\"lazy\" decoding=\"async\" class=\"alignnone size-full wp-image-577141\" src=\"https:\/\/justvape.nu\/wp-content\/uploads\/2023\/03\/Lost_Vape_Ursa_Baby_Pro_Kit_Package_List.jpg\" alt=\"\" width=\"831\" height=\"310\" title=\"\" srcset=\"https:\/\/justvape.nu\/wp-content\/uploads\/2023\/03\/Lost_Vape_Ursa_Baby_Pro_Kit_Package_List.jpg 831w, https:\/\/justvape.nu\/wp-content\/uploads\/2023\/03\/Lost_Vape_Ursa_Baby_Pro_Kit_Package_List-600x224.jpg 600w, https:\/\/justvape.nu\/wp-content\/uploads\/2023\/03\/Lost_Vape_Ursa_Baby_Pro_Kit_Package_List-64x24.jpg 64w, https:\/\/justvape.nu\/wp-content\/uploads\/2023\/03\/Lost_Vape_Ursa_Baby_Pro_Kit_Package_List-300x112.jpg 300w, https:\/\/justvape.nu\/wp-content\/uploads\/2023\/03\/Lost_Vape_Ursa_Baby_Pro_Kit_Package_List-768x286.jpg 768w\" sizes=\"auto, (max-width: 831px) 100vw, 831px\" \/><\/a><\/p>\n","protected":false},"excerpt":{"rendered":"<p>LOST VAPE &#8211; URSA BABY PRO POD KIT<\/p>\n","protected":false},"featured_media":577163,"comment_status":"open","ping_status":"closed","template":"","meta":{"_acf_changed":false,"_uag_custom_page_level_css":"","site-sidebar-layout":"default","site-content-layout":"default","ast-site-content-layout":"default","site-content-style":"default","site-sidebar-style":"default","ast-global-header-display":"","ast-banner-title-visibility":"","ast-main-header-display":"","ast-hfb-above-header-display":"","ast-hfb-below-header-display":"","ast-hfb-mobile-header-display":"","site-post-title":"","ast-breadcrumbs-content":"","ast-featured-img":"","footer-sml-layout":"","ast-disable-related-posts":"","theme-transparent-header-meta":"default","adv-header-id-meta":"","stick-header-meta":"default","header-above-stick-meta":"","header-main-stick-meta":"","header-below-stick-meta":"","astra-migrate-meta-layouts":"default","ast-page-background-enabled":"default","ast-page-background-meta":{"desktop":{"background-color":"","background-image":"","background-repeat":"repeat","background-position":"center center","background-size":"auto","background-attachment":"scroll","background-type":"","background-media":"","overlay-type":"","overlay-color":"","overlay-opacity":"","overlay-gradient":""},"tablet":{"background-color":"","background-image":"","background-repeat":"repeat","background-position":"center center","background-size":"auto","background-attachment":"scroll","background-type":"","background-media":"","overlay-type":"","overlay-color":"","overlay-opacity":"","overlay-gradient":""},"mobile":{"background-color":"","background-image":"","background-repeat":"repeat","background-position":"center center","background-size":"auto","background-attachment":"scroll","background-type":"","background-media":"","overlay-type":"","overlay-color":"","overlay-opacity":"","overlay-gradient":""}},"ast-content-background-meta":{"desktop":{"background-color":"var(--ast-global-color-5)","background-image":"","background-repeat":"repeat","background-position":"center center","background-size":"auto","background-attachment":"scroll","background-type":"","background-media":"","overlay-type":"","overlay-color":"","overlay-opacity":"","overlay-gradient":""},"tablet":{"background-color":"var(--ast-global-color-5)","background-image":"","background-repeat":"repeat","background-position":"center center","background-size":"auto","background-attachment":"scroll","background-type":"","background-media":"","overlay-type":"","overlay-color":"","overlay-opacity":"","overlay-gradient":""},"mobile":{"background-color":"var(--ast-global-color-5)","background-image":"","background-repeat":"repeat","background-position":"center center","background-size":"auto","background-attachment":"scroll","background-type":"","background-media":"","overlay-type":"","overlay-color":"","overlay-opacity":"","overlay-gradient":""}}},"product_brand":[],"product_cat":[2077,2067,2511,4812,2512],"product_tag":[],"class_list":{"0":"post-577301","1":"product","2":"type-product","3":"status-publish","4":"has-post-thumbnail","6":"product_cat-anfaenger-kits-pods","7":"product_cat-e-zigaretten","8":"product_cat-hardware-de","9":"product_cat-lost-vape-de","10":"product_cat-shop-by-brand-de","11":"desktop-align-center","12":"tablet-align-center","13":"mobile-align-center","14":"ast-product-gallery-layout-horizontal-slider","15":"ast-product-gallery-with-no-image","16":"ast-product-single-variable","17":"ast-product-tabs-layout-horizontal","19":"first","20":"instock","21":"sale","22":"taxable","23":"shipping-taxable","24":"purchasable","25":"product-type-variable"},"acf":[],"uagb_featured_image_src":{"full":["https:\/\/justvape.nu\/wp-content\/uploads\/2023\/03\/Lost-Vape-Ursa-Baby-Pro-Pod-Kit.jpg",840,840,false],"thumbnail":["https:\/\/justvape.nu\/wp-content\/uploads\/2023\/03\/Lost-Vape-Ursa-Baby-Pro-Pod-Kit-150x150.jpg",150,150,true],"medium":["https:\/\/justvape.nu\/wp-content\/uploads\/2023\/03\/Lost-Vape-Ursa-Baby-Pro-Pod-Kit-300x300.jpg",300,300,true],"medium_large":["https:\/\/justvape.nu\/wp-content\/uploads\/2023\/03\/Lost-Vape-Ursa-Baby-Pro-Pod-Kit-768x768.jpg",768,768,true],"large":["https:\/\/justvape.nu\/wp-content\/uploads\/2023\/03\/Lost-Vape-Ursa-Baby-Pro-Pod-Kit.jpg",840,840,false],"1536x1536":["https:\/\/justvape.nu\/wp-content\/uploads\/2023\/03\/Lost-Vape-Ursa-Baby-Pro-Pod-Kit.jpg",840,840,false],"2048x2048":["https:\/\/justvape.nu\/wp-content\/uploads\/2023\/03\/Lost-Vape-Ursa-Baby-Pro-Pod-Kit.jpg",840,840,false],"woocommerce_thumbnail":["https:\/\/justvape.nu\/wp-content\/uploads\/2023\/03\/Lost-Vape-Ursa-Baby-Pro-Pod-Kit-300x300.jpg",300,300,true],"woocommerce_single":["https:\/\/justvape.nu\/wp-content\/uploads\/2023\/03\/Lost-Vape-Ursa-Baby-Pro-Pod-Kit-600x600.jpg",600,600,true],"woocommerce_gallery_thumbnail":["https:\/\/justvape.nu\/wp-content\/uploads\/2023\/03\/Lost-Vape-Ursa-Baby-Pro-Pod-Kit-100x100.jpg",100,100,true],"dgwt-wcas-product-suggestion":["https:\/\/justvape.nu\/wp-content\/uploads\/2023\/03\/Lost-Vape-Ursa-Baby-Pro-Pod-Kit-64x64.jpg",64,64,true]},"uagb_author_info":{"display_name":"Kenneth Merkur","author_link":"https:\/\/justvape.nu\/de\/author\/"},"uagb_comment_info":0,"uagb_excerpt":"LOST VAPE - URSA BABY PRO POD KIT","_links":{"self":[{"href":"https:\/\/justvape.nu\/de\/wp-json\/wp\/v2\/product\/577301","targetHints":{"allow":["GET"]}}],"collection":[{"href":"https:\/\/justvape.nu\/de\/wp-json\/wp\/v2\/product"}],"about":[{"href":"https:\/\/justvape.nu\/de\/wp-json\/wp\/v2\/types\/product"}],"replies":[{"embeddable":true,"href":"https:\/\/justvape.nu\/de\/wp-json\/wp\/v2\/comments?post=577301"}],"wp:featuredmedia":[{"embeddable":true,"href":"https:\/\/justvape.nu\/de\/wp-json\/wp\/v2\/media\/577163"}],"wp:attachment":[{"href":"https:\/\/justvape.nu\/de\/wp-json\/wp\/v2\/media?parent=577301"}],"wp:term":[{"taxonomy":"product_brand","embeddable":true,"href":"https:\/\/justvape.nu\/de\/wp-json\/wp\/v2\/product_brand?post=577301"},{"taxonomy":"product_cat","embeddable":true,"href":"https:\/\/justvape.nu\/de\/wp-json\/wp\/v2\/product_cat?post=577301"},{"taxonomy":"product_tag","embeddable":true,"href":"https:\/\/justvape.nu\/de\/wp-json\/wp\/v2\/product_tag?post=577301"}],"curies":[{"name":"wp","href":"https:\/\/api.w.org\/{rel}","templated":true}]}}