{"id":571135,"date":"2023-02-20T13:56:06","date_gmt":"2023-02-20T12:56:06","guid":{"rendered":"https:\/\/justvape.nu\/produkt\/aspire-gotek-x-pod-system\/"},"modified":"2024-04-09T14:38:18","modified_gmt":"2024-04-09T12:38:18","slug":"aspire-gotek-x-pod-system","status":"publish","type":"product","link":"https:\/\/justvape.nu\/de\/produkt\/aspire-gotek-x-pod-system\/","title":{"rendered":"ASPIRE &#8211; GOTEK X POD SYSTEM"},"content":{"rendered":"<h2>ASPIRE &#8211; GOTEK X POD SYSTEM<\/h2>\n<p>Das Aspire Gotek X Vape-Kit ist ein kompaktes Ger\u00e4t im Pod-Stil, das sich perfekt f\u00fcr das Dampfen unterwegs eignet. Er hat einen eingebauten 650mAh-Akku und einen niedrigen Leistungsbereich von 10-13W, wodurch er sich sowohl f\u00fcr MTL- als auch f\u00fcr RDTL-Vaping-Stile eignet. Das Kit ist mit dem ASP-Chipsatz von Aspire ausgestattet, der mehrere Schutzfunktionen wie \u00dcberladungs- und Kurzschlussschutz bietet. Sie verf\u00fcgt au\u00dferdem \u00fcber eine Inhalationsaktivierungstechnologie, so dass Sie einfach auf das Mundst\u00fcck pusten k\u00f6nnen, um eine diskrete Menge Dampf zu erzeugen, die sich \u00e4hnlich wie eine Zigarette anf\u00fchlt. Das Kit enth\u00e4lt einen Lanyard-Halter f\u00fcr den einfachen Zugriff, wenn Sie unterwegs sind. Das Gotek X Kit wird mit nachf\u00fcllbaren 2ml-Pods geliefert, die Ihnen die Flexibilit\u00e4t geben, eine Vielzahl von Geschmacksrichtungen und Nikotinst\u00e4rken auszuprobieren. Die Pods lassen sich durch einen Stopfen an der Seite leicht bef\u00fcllen, und der einstellbare Luftstrom erm\u00f6glicht es Ihnen, zwischen einem st\u00e4rkeren oder schw\u00e4cheren Zug zu w\u00e4hlen. Die eingebaute Spule hat einen Widerstand von 0,8 Ohm und funktioniert am besten mit E-Liquids, die eine PG-Konzentration von 50% oder h\u00f6her haben.<\/p>\n<p><a href=\"https:\/\/justvape.nu\/wp-content\/uploads\/2018\/05\/Color-Schemes.png\"><img loading=\"lazy\" decoding=\"async\" class=\"alignnone size-full wp-image-19187\" src=\"https:\/\/justvape.nu\/wp-content\/uploads\/2018\/05\/Color-Schemes.png\" alt=\"\" width=\"950\" height=\"64\" title=\"\" srcset=\"https:\/\/justvape.nu\/wp-content\/uploads\/2018\/05\/Color-Schemes.png 950w, https:\/\/justvape.nu\/wp-content\/uploads\/2018\/05\/Color-Schemes-555x37.png 555w, https:\/\/justvape.nu\/wp-content\/uploads\/2018\/05\/Color-Schemes-64x4.png 64w, https:\/\/justvape.nu\/wp-content\/uploads\/2018\/05\/Color-Schemes-300x20.png 300w, https:\/\/justvape.nu\/wp-content\/uploads\/2018\/05\/Color-Schemes-768x52.png 768w\" sizes=\"auto, (max-width: 950px) 100vw, 950px\" \/><\/a><\/p>\n<p class=\"description-img-center\"><a href=\"https:\/\/justvape.nu\/wp-content\/uploads\/2023\/02\/Aspire_GoTek_X_Pod_Kit_Colors.jpg\"><img loading=\"lazy\" decoding=\"async\" class=\"alignnone wp-image-571050\" src=\"https:\/\/justvape.nu\/wp-content\/uploads\/2023\/02\/Aspire_GoTek_X_Pod_Kit_Colors.jpg\" alt=\"\" width=\"900\" height=\"872\" title=\"\" srcset=\"https:\/\/justvape.nu\/wp-content\/uploads\/2023\/02\/Aspire_GoTek_X_Pod_Kit_Colors.jpg 700w, https:\/\/justvape.nu\/wp-content\/uploads\/2023\/02\/Aspire_GoTek_X_Pod_Kit_Colors-600x581.jpg 600w, https:\/\/justvape.nu\/wp-content\/uploads\/2023\/02\/Aspire_GoTek_X_Pod_Kit_Colors-64x62.jpg 64w, https:\/\/justvape.nu\/wp-content\/uploads\/2023\/02\/Aspire_GoTek_X_Pod_Kit_Colors-300x291.jpg 300w\" sizes=\"auto, (max-width: 900px) 100vw, 900px\" \/><\/a><\/p>\n<div class=\"shop-features \">\n<h2 class=\"shop-features-title \"><a href=\"https:\/\/justvape.nu\/wp-content\/uploads\/2018\/05\/Specifications.png\"><img loading=\"lazy\" decoding=\"async\" class=\"alignnone size-full wp-image-248449\" src=\"https:\/\/justvape.nu\/wp-content\/uploads\/2018\/05\/Specifications.png\" alt=\"\" width=\"950\" height=\"64\" title=\"\" srcset=\"https:\/\/justvape.nu\/wp-content\/uploads\/2018\/05\/Specifications.png 950w, https:\/\/justvape.nu\/wp-content\/uploads\/2018\/05\/Specifications-600x40.png 600w, https:\/\/justvape.nu\/wp-content\/uploads\/2018\/05\/Specifications-64x4.png 64w, https:\/\/justvape.nu\/wp-content\/uploads\/2018\/05\/Specifications-300x20.png 300w, https:\/\/justvape.nu\/wp-content\/uploads\/2018\/05\/Specifications-768x52.png 768w\" sizes=\"auto, (max-width: 950px) 100vw, 950px\" \/><\/a><\/h2>\n<\/div>\n<p><strong class=\"description-little-title\">Aspire GoTek X Parameter:<\/strong><\/p>\n<table class=\"description-table\">\n<tbody>\n<tr>\n<td class=\"strong-title \">Marke<\/td>\n<td class=\"inline\">Aspire<\/td>\n<\/tr>\n<tr>\n<td class=\"strong-title \">Produktname<\/td>\n<td class=\"inline\">GoTek X Bausatz<\/td>\n<\/tr>\n<tr>\n<td class=\"strong-title \">Gr\u00f6\u00dfe<\/td>\n<td class=\"inline\">81.5*47.6*19.8mm<\/td>\n<\/tr>\n<tr>\n<td class=\"strong-title \">Batteriekapazit\u00e4t<\/td>\n<td class=\"inline\">eingebauter 650mAh<\/td>\n<\/tr>\n<tr>\n<td class=\"strong-title \">Ladeanschluss<\/td>\n<td class=\"inline\">Typ-C<\/td>\n<\/tr>\n<tr>\n<td class=\"strong-title \">Pod-Typ<\/td>\n<td class=\"inline\">Nachf\u00fcllbar<\/td>\n<\/tr>\n<tr>\n<td class=\"strong-title \">Pod-Kapazit\u00e4t<\/td>\n<td class=\"inline\">2ml (nachf\u00fcllbarer Pod)<\/td>\n<\/tr>\n<tr>\n<td class=\"strong-title \">Luftstrom<\/td>\n<td class=\"inline\">Einstellbarer unterer Luftstrom<\/td>\n<\/tr>\n<tr>\n<td class=\"strong-title \">F\u00fcllung Typ<\/td>\n<td class=\"inline\">Einfache seitliche Bef\u00fcllung (nachf\u00fcllbarer Pod)<\/td>\n<\/tr>\n<tr>\n<td class=\"strong-title \">Spule<\/td>\n<td class=\"inline\">Nicht austauschbare 0.8ohm Mesh-Spule<\/td>\n<\/tr>\n<tr>\n<td class=\"strong-title \">Farbe<\/td>\n<td class=\"inline\">Transluzent Schwarz, Transluzent Bernstein, Transluzent K\u00f6nigsblau, Transparent, Transluzent Rosa<\/td>\n<\/tr>\n<\/tbody>\n<\/table>\n<div class=\"shop-features \">\n<h2 class=\"shop-features-title \"><a href=\"https:\/\/justvape.nu\/wp-content\/uploads\/2018\/05\/Features.png\"><img loading=\"lazy\" decoding=\"async\" class=\"alignnone size-full wp-image-248459\" src=\"https:\/\/justvape.nu\/wp-content\/uploads\/2018\/05\/Features.png\" alt=\"\" width=\"950\" height=\"64\" title=\"\" srcset=\"https:\/\/justvape.nu\/wp-content\/uploads\/2018\/05\/Features.png 950w, https:\/\/justvape.nu\/wp-content\/uploads\/2018\/05\/Features-600x40.png 600w, https:\/\/justvape.nu\/wp-content\/uploads\/2018\/05\/Features-64x4.png 64w, https:\/\/justvape.nu\/wp-content\/uploads\/2018\/05\/Features-300x20.png 300w, https:\/\/justvape.nu\/wp-content\/uploads\/2018\/05\/Features-768x52.png 768w\" sizes=\"auto, (max-width: 950px) 100vw, 950px\" \/><\/a><\/h2>\n<\/div>\n<ul>\n<li style=\"list-style-type: none;\">\n<ul>\n<li>1. Pr\u00e4zise Einstellung des Luftstroms<\/li>\n<li>2. Transluzenter K\u00f6rper<\/li>\n<li>3. Gro\u00dfe e-Fl\u00fcssigkeit Kapazit\u00e4t von 2ml<\/li>\n<li>4. Einfache seitliche Bef\u00fcllung f\u00fcr Gotek Nachf\u00fcllkapseln<\/li>\n<li>5. 650mAh Akku-Kapazit\u00e4t<\/li>\n<li>6. Zeichnung aktiviert System<\/li>\n<li>7. Typ-C-Ladeanschluss<\/li>\n<li>8. Lanyard-Halter<\/li>\n<li>9. Magnetische Gondelverbindung<\/li>\n<li>10. Sicherheit Schutzma\u00dfnahmen: Vaping Over-Time\/Kurzschluss\/\u00dcberhitzung\/Niederspannung\/\u00dcberladung\/\u00dcberentladung Schutz<\/li>\n<\/ul>\n<\/li>\n<\/ul>\n<div class=\"img-show-more\">\n<div id=\"img_content_less\" class=\"img-content add-more\">\n<p class=\"description-img-center\"><a href=\"https:\/\/justvape.nu\/wp-content\/uploads\/2023\/02\/Aspire_GoTek_X_Kit_650mAh_battery.jpg\"><img loading=\"lazy\" decoding=\"async\" class=\"alignnone size-full wp-image-571059\" src=\"https:\/\/justvape.nu\/wp-content\/uploads\/2023\/02\/Aspire_GoTek_X_Kit_650mAh_battery.jpg\" alt=\"\" width=\"831\" height=\"430\" title=\"\" srcset=\"https:\/\/justvape.nu\/wp-content\/uploads\/2023\/02\/Aspire_GoTek_X_Kit_650mAh_battery.jpg 831w, https:\/\/justvape.nu\/wp-content\/uploads\/2023\/02\/Aspire_GoTek_X_Kit_650mAh_battery-600x310.jpg 600w, https:\/\/justvape.nu\/wp-content\/uploads\/2023\/02\/Aspire_GoTek_X_Kit_650mAh_battery-64x33.jpg 64w, https:\/\/justvape.nu\/wp-content\/uploads\/2023\/02\/Aspire_GoTek_X_Kit_650mAh_battery-300x155.jpg 300w, https:\/\/justvape.nu\/wp-content\/uploads\/2023\/02\/Aspire_GoTek_X_Kit_650mAh_battery-768x397.jpg 768w\" sizes=\"auto, (max-width: 831px) 100vw, 831px\" \/><\/a> <a href=\"https:\/\/justvape.nu\/wp-content\/uploads\/2023\/02\/Aspire_GoTek_X_Kit_Airflow_Adjustment.jpg\"><img loading=\"lazy\" decoding=\"async\" class=\"alignnone size-full wp-image-571068\" src=\"https:\/\/justvape.nu\/wp-content\/uploads\/2023\/02\/Aspire_GoTek_X_Kit_Airflow_Adjustment.jpg\" alt=\"\" width=\"831\" height=\"346\" title=\"\" srcset=\"https:\/\/justvape.nu\/wp-content\/uploads\/2023\/02\/Aspire_GoTek_X_Kit_Airflow_Adjustment.jpg 831w, https:\/\/justvape.nu\/wp-content\/uploads\/2023\/02\/Aspire_GoTek_X_Kit_Airflow_Adjustment-600x250.jpg 600w, https:\/\/justvape.nu\/wp-content\/uploads\/2023\/02\/Aspire_GoTek_X_Kit_Airflow_Adjustment-64x27.jpg 64w, https:\/\/justvape.nu\/wp-content\/uploads\/2023\/02\/Aspire_GoTek_X_Kit_Airflow_Adjustment-300x125.jpg 300w, https:\/\/justvape.nu\/wp-content\/uploads\/2023\/02\/Aspire_GoTek_X_Kit_Airflow_Adjustment-768x320.jpg 768w\" sizes=\"auto, (max-width: 831px) 100vw, 831px\" \/><\/a> <a href=\"https:\/\/justvape.nu\/wp-content\/uploads\/2023\/02\/Aspire_GoTek_X_Kit_Colors_Available.jpg\"><img loading=\"lazy\" decoding=\"async\" class=\"alignnone size-full wp-image-571077\" src=\"https:\/\/justvape.nu\/wp-content\/uploads\/2023\/02\/Aspire_GoTek_X_Kit_Colors_Available.jpg\" alt=\"\" width=\"831\" height=\"421\" title=\"\" srcset=\"https:\/\/justvape.nu\/wp-content\/uploads\/2023\/02\/Aspire_GoTek_X_Kit_Colors_Available.jpg 831w, https:\/\/justvape.nu\/wp-content\/uploads\/2023\/02\/Aspire_GoTek_X_Kit_Colors_Available-600x304.jpg 600w, https:\/\/justvape.nu\/wp-content\/uploads\/2023\/02\/Aspire_GoTek_X_Kit_Colors_Available-64x32.jpg 64w, https:\/\/justvape.nu\/wp-content\/uploads\/2023\/02\/Aspire_GoTek_X_Kit_Colors_Available-300x152.jpg 300w, https:\/\/justvape.nu\/wp-content\/uploads\/2023\/02\/Aspire_GoTek_X_Kit_Colors_Available-768x389.jpg 768w\" sizes=\"auto, (max-width: 831px) 100vw, 831px\" \/><\/a><\/p>\n<\/div>\n<\/div>\n<div class=\"shop-features \">\n<h2 class=\"shop-features-title \"><a href=\"https:\/\/justvape.nu\/wp-content\/uploads\/2018\/05\/Packing-List.png\"><img loading=\"lazy\" decoding=\"async\" class=\"alignnone size-full wp-image-248468\" src=\"https:\/\/justvape.nu\/wp-content\/uploads\/2018\/05\/Packing-List.png\" alt=\"\" width=\"950\" height=\"64\" title=\"\" srcset=\"https:\/\/justvape.nu\/wp-content\/uploads\/2018\/05\/Packing-List.png 950w, https:\/\/justvape.nu\/wp-content\/uploads\/2018\/05\/Packing-List-600x40.png 600w, https:\/\/justvape.nu\/wp-content\/uploads\/2018\/05\/Packing-List-64x4.png 64w, https:\/\/justvape.nu\/wp-content\/uploads\/2018\/05\/Packing-List-300x20.png 300w, https:\/\/justvape.nu\/wp-content\/uploads\/2018\/05\/Packing-List-768x52.png 768w\" sizes=\"auto, (max-width: 950px) 100vw, 950px\" \/><\/a><\/h2>\n<\/div>\n<p><strong class=\"description-little-title \">Das Paket von Aspire GoTek X Pod Kit kommt mit:<\/strong><\/p>\n<p>1* Gotek X Ger\u00e4t<br \/>\n1* Gotek Pod 0.8ohm (4.5ml, nachf\u00fcllbar)<br \/>\n1* Typ-C Kabel<br \/>\n1 * Benutzerhandbuch<\/p>\n","protected":false},"excerpt":{"rendered":"<p>ASPIRE &#8211; GOTEK X POD SYSTEM<\/p>\n","protected":false},"featured_media":571096,"comment_status":"open","ping_status":"closed","template":"","meta":{"_acf_changed":false,"_uag_custom_page_level_css":"","site-sidebar-layout":"default","site-content-layout":"default","ast-site-content-layout":"default","site-content-style":"default","site-sidebar-style":"default","ast-global-header-display":"","ast-banner-title-visibility":"","ast-main-header-display":"","ast-hfb-above-header-display":"","ast-hfb-below-header-display":"","ast-hfb-mobile-header-display":"","site-post-title":"","ast-breadcrumbs-content":"","ast-featured-img":"","footer-sml-layout":"","ast-disable-related-posts":"","theme-transparent-header-meta":"default","adv-header-id-meta":"","stick-header-meta":"default","header-above-stick-meta":"","header-main-stick-meta":"","header-below-stick-meta":"","astra-migrate-meta-layouts":"default","ast-page-background-enabled":"default","ast-page-background-meta":{"desktop":{"background-color":"","background-image":"","background-repeat":"repeat","background-position":"center center","background-size":"auto","background-attachment":"scroll","background-type":"","background-media":"","overlay-type":"","overlay-color":"","overlay-opacity":"","overlay-gradient":""},"tablet":{"background-color":"","background-image":"","background-repeat":"repeat","background-position":"center center","background-size":"auto","background-attachment":"scroll","background-type":"","background-media":"","overlay-type":"","overlay-color":"","overlay-opacity":"","overlay-gradient":""},"mobile":{"background-color":"","background-image":"","background-repeat":"repeat","background-position":"center center","background-size":"auto","background-attachment":"scroll","background-type":"","background-media":"","overlay-type":"","overlay-color":"","overlay-opacity":"","overlay-gradient":""}},"ast-content-background-meta":{"desktop":{"background-color":"var(--ast-global-color-5)","background-image":"","background-repeat":"repeat","background-position":"center center","background-size":"auto","background-attachment":"scroll","background-type":"","background-media":"","overlay-type":"","overlay-color":"","overlay-opacity":"","overlay-gradient":""},"tablet":{"background-color":"var(--ast-global-color-5)","background-image":"","background-repeat":"repeat","background-position":"center center","background-size":"auto","background-attachment":"scroll","background-type":"","background-media":"","overlay-type":"","overlay-color":"","overlay-opacity":"","overlay-gradient":""},"mobile":{"background-color":"var(--ast-global-color-5)","background-image":"","background-repeat":"repeat","background-position":"center center","background-size":"auto","background-attachment":"scroll","background-type":"","background-media":"","overlay-type":"","overlay-color":"","overlay-opacity":"","overlay-gradient":""}}},"product_brand":[],"product_cat":[2077,2067,2511,2512,3187],"product_tag":[],"class_list":{"0":"post-571135","1":"product","2":"type-product","3":"status-publish","4":"has-post-thumbnail","6":"product_cat-anfaenger-kits-pods","7":"product_cat-e-zigaretten","8":"product_cat-hardware-de","9":"product_cat-shop-by-brand-de","10":"product_cat-streben","11":"desktop-align-center","12":"tablet-align-center","13":"mobile-align-center","14":"ast-product-gallery-layout-horizontal-slider","15":"ast-product-single-variable","16":"ast-product-tabs-layout-horizontal","18":"first","19":"instock","20":"sale","21":"taxable","22":"shipping-taxable","23":"purchasable","24":"product-type-variable"},"acf":[],"uagb_featured_image_src":{"full":["https:\/\/justvape.nu\/wp-content\/uploads\/2023\/02\/GoTek-X-Pod-Kits-cover.webp",512,512,false],"thumbnail":["https:\/\/justvape.nu\/wp-content\/uploads\/2023\/02\/GoTek-X-Pod-Kits-cover-150x150.webp",150,150,true],"medium":["https:\/\/justvape.nu\/wp-content\/uploads\/2023\/02\/GoTek-X-Pod-Kits-cover-300x300.webp",300,300,true],"medium_large":["https:\/\/justvape.nu\/wp-content\/uploads\/2023\/02\/GoTek-X-Pod-Kits-cover.webp",512,512,false],"large":["https:\/\/justvape.nu\/wp-content\/uploads\/2023\/02\/GoTek-X-Pod-Kits-cover.webp",512,512,false],"1536x1536":["https:\/\/justvape.nu\/wp-content\/uploads\/2023\/02\/GoTek-X-Pod-Kits-cover.webp",512,512,false],"2048x2048":["https:\/\/justvape.nu\/wp-content\/uploads\/2023\/02\/GoTek-X-Pod-Kits-cover.webp",512,512,false],"woocommerce_thumbnail":["https:\/\/justvape.nu\/wp-content\/uploads\/2023\/02\/GoTek-X-Pod-Kits-cover-300x300.webp",300,300,true],"woocommerce_single":["https:\/\/justvape.nu\/wp-content\/uploads\/2023\/02\/GoTek-X-Pod-Kits-cover.webp",512,512,false],"woocommerce_gallery_thumbnail":["https:\/\/justvape.nu\/wp-content\/uploads\/2023\/02\/GoTek-X-Pod-Kits-cover-100x100.webp",100,100,true],"dgwt-wcas-product-suggestion":["https:\/\/justvape.nu\/wp-content\/uploads\/2023\/02\/GoTek-X-Pod-Kits-cover-64x64.webp",64,64,true]},"uagb_author_info":{"display_name":"Kenneth Merkur","author_link":"https:\/\/justvape.nu\/de\/author\/"},"uagb_comment_info":0,"uagb_excerpt":"ASPIRE - GOTEK X POD SYSTEM","_links":{"self":[{"href":"https:\/\/justvape.nu\/de\/wp-json\/wp\/v2\/product\/571135","targetHints":{"allow":["GET"]}}],"collection":[{"href":"https:\/\/justvape.nu\/de\/wp-json\/wp\/v2\/product"}],"about":[{"href":"https:\/\/justvape.nu\/de\/wp-json\/wp\/v2\/types\/product"}],"replies":[{"embeddable":true,"href":"https:\/\/justvape.nu\/de\/wp-json\/wp\/v2\/comments?post=571135"}],"wp:featuredmedia":[{"embeddable":true,"href":"https:\/\/justvape.nu\/de\/wp-json\/wp\/v2\/media\/571096"}],"wp:attachment":[{"href":"https:\/\/justvape.nu\/de\/wp-json\/wp\/v2\/media?parent=571135"}],"wp:term":[{"taxonomy":"product_brand","embeddable":true,"href":"https:\/\/justvape.nu\/de\/wp-json\/wp\/v2\/product_brand?post=571135"},{"taxonomy":"product_cat","embeddable":true,"href":"https:\/\/justvape.nu\/de\/wp-json\/wp\/v2\/product_cat?post=571135"},{"taxonomy":"product_tag","embeddable":true,"href":"https:\/\/justvape.nu\/de\/wp-json\/wp\/v2\/product_tag?post=571135"}],"curies":[{"name":"wp","href":"https:\/\/api.w.org\/{rel}","templated":true}]}}