{"id":565425,"date":"2023-01-23T20:05:26","date_gmt":"2023-01-23T19:05:26","guid":{"rendered":"https:\/\/justvape.nu\/produkt\/uwell-crown-m-pod-kit\/"},"modified":"2025-06-17T12:45:33","modified_gmt":"2025-06-17T10:45:33","slug":"uwell-crown-m-pod-kit","status":"publish","type":"product","link":"https:\/\/justvape.nu\/de\/produkt\/uwell-crown-m-pod-kit\/","title":{"rendered":"UWELL &#8211; CROWN M POD KIT"},"content":{"rendered":"<h2>UWELL &#8211; CROWN M POD KIT<\/h2>\n<p>Das Uwell Crown M Kit ist ein Vaping-Ger\u00e4t, das ein neues, verbessertes Vaping-Erlebnis mit seinem Dual-Output-Modus und Doppel-Coil-Technologie bietet. Sie k\u00f6nnen zwischen zwei Spulen f\u00fcr verschiedene Vaping-Stile wechseln &#8211; eine 0,8-Ohm-Spule f\u00fcr MTL (Mund-zu-Lunge) Vaping und eine 0,4-Ohm-Spule f\u00fcr DTL (Direct-to-Lung) Vaping.<\/p>\n<p>Das Ger\u00e4t wird von einem eingebauten 1000-mAh-Akku angetrieben und verf\u00fcgt \u00fcber eine Typ-C-Ladeschnittstelle zum schnellen Aufladen, wenn der Akku leer ist. Sie k\u00f6nnen auch den E-Liquid-Geschmack mit Uwells einzigartiger Geschmacksanpassungstechnologie einstellen und den Luftstrom mit einem Einstellventil kontrollieren. Das Ger\u00e4t verf\u00fcgt \u00fcber ein Scrollrad, mit dem sich die Ausgangsleistung leicht einstellen l\u00e4sst.<\/p>\n<p>Das Ger\u00e4t besteht aus PC- und PCTG-Materialien und hat Abmessungen von 82,3 mm x 52,6 mm x 26,8 mm und ein Nettogewicht von 73,6 g. Er ist kompatibel mit einem 2ml Uwell Crown M Pod und hat einen Leistungsbereich von 5 W &#8211; 35 W.<\/p>\n<p>Die Coils, die f\u00fcr das Uwell Crown M Kit verf\u00fcgbar sind, sind ein FeCrAl Meshed-H 0.8 \u03a9 \/ 0.4 \u03a9 CROWN M Twin-Coil (f\u00fcr MTL und DTL vaping) und ein FeCrAl Meshed-H 0.6 \u03a9 CROWN M Coil (f\u00fcr RDL oder eingeschr\u00e4nktes direct-lung vaping). Der empfohlene Leistungsbereich f\u00fcr die 0,8 \u03a9-Spule liegt bei 15 W &#8211; 18 W, f\u00fcr die 0,4 \u03a9-Spule bei 30 W &#8211; 35 W und f\u00fcr die 0,6 \u03a9-Spule bei 20 W &#8211; 23 W.<\/p>\n<p><a href=\"https:\/\/justvape.nu\/wp-content\/uploads\/2018\/05\/Color-Schemes.png\"><img loading=\"lazy\" decoding=\"async\" class=\"alignnone size-full wp-image-19187\" src=\"https:\/\/justvape.nu\/wp-content\/uploads\/2018\/05\/Color-Schemes.png\" alt=\"\" width=\"950\" height=\"64\" title=\"\" srcset=\"https:\/\/justvape.nu\/wp-content\/uploads\/2018\/05\/Color-Schemes.png 950w, https:\/\/justvape.nu\/wp-content\/uploads\/2018\/05\/Color-Schemes-555x37.png 555w, https:\/\/justvape.nu\/wp-content\/uploads\/2018\/05\/Color-Schemes-64x4.png 64w, https:\/\/justvape.nu\/wp-content\/uploads\/2018\/05\/Color-Schemes-300x20.png 300w, https:\/\/justvape.nu\/wp-content\/uploads\/2018\/05\/Color-Schemes-768x52.png 768w\" sizes=\"auto, (max-width: 950px) 100vw, 950px\" \/><\/a><\/p>\n<p class=\"description-img-center\"><a href=\"https:\/\/justvape.nu\/wp-content\/uploads\/2023\/01\/Uwell_Crown_M_Pod_Mod_Kit_Colors.jpg\"><img loading=\"lazy\" decoding=\"async\" class=\"alignnone wp-image-565306\" src=\"https:\/\/justvape.nu\/wp-content\/uploads\/2023\/01\/Uwell_Crown_M_Pod_Mod_Kit_Colors.jpg\" alt=\"\" width=\"939\" height=\"365\" title=\"\" srcset=\"https:\/\/justvape.nu\/wp-content\/uploads\/2023\/01\/Uwell_Crown_M_Pod_Mod_Kit_Colors.jpg 800w, https:\/\/justvape.nu\/wp-content\/uploads\/2023\/01\/Uwell_Crown_M_Pod_Mod_Kit_Colors-600x233.jpg 600w, https:\/\/justvape.nu\/wp-content\/uploads\/2023\/01\/Uwell_Crown_M_Pod_Mod_Kit_Colors-64x25.jpg 64w, https:\/\/justvape.nu\/wp-content\/uploads\/2023\/01\/Uwell_Crown_M_Pod_Mod_Kit_Colors-300x117.jpg 300w, https:\/\/justvape.nu\/wp-content\/uploads\/2023\/01\/Uwell_Crown_M_Pod_Mod_Kit_Colors-768x299.jpg 768w\" sizes=\"auto, (max-width: 939px) 100vw, 939px\" \/><\/a><\/p>\n<div class=\"shop-features \">\n<h2 class=\"shop-features-title \"><a href=\"https:\/\/justvape.nu\/wp-content\/uploads\/2018\/05\/Specifications.png\"><img loading=\"lazy\" decoding=\"async\" class=\"alignnone size-full wp-image-248449\" src=\"https:\/\/justvape.nu\/wp-content\/uploads\/2018\/05\/Specifications.png\" alt=\"\" width=\"950\" height=\"64\" title=\"\" srcset=\"https:\/\/justvape.nu\/wp-content\/uploads\/2018\/05\/Specifications.png 950w, https:\/\/justvape.nu\/wp-content\/uploads\/2018\/05\/Specifications-600x40.png 600w, https:\/\/justvape.nu\/wp-content\/uploads\/2018\/05\/Specifications-64x4.png 64w, https:\/\/justvape.nu\/wp-content\/uploads\/2018\/05\/Specifications-300x20.png 300w, https:\/\/justvape.nu\/wp-content\/uploads\/2018\/05\/Specifications-768x52.png 768w\" sizes=\"auto, (max-width: 950px) 100vw, 950px\" \/><\/a><\/h2>\n<\/div>\n<p><strong class=\"description-little-title\">Uwell Crown M Vape Kit Parameter:<\/strong><\/p>\n<table class=\"description-table\">\n<tbody>\n<tr>\n<td class=\"strong-title \">Marke<\/td>\n<td class=\"inline\">Uwell<\/td>\n<\/tr>\n<tr>\n<td class=\"strong-title \">Produktname<\/td>\n<td class=\"inline\">Krone M Bausatz<\/td>\n<\/tr>\n<tr>\n<td class=\"strong-title \">Batterie<\/td>\n<td class=\"inline\">Eingebauter 1000mAh-Akku<\/td>\n<\/tr>\n<tr>\n<td class=\"strong-title \">Aufladen<\/td>\n<td class=\"inline\">Typ-C-Laden<\/td>\n<\/tr>\n<tr>\n<td class=\"strong-title \">Ausgangsleistung<\/td>\n<td class=\"inline\">5W-35W<\/td>\n<\/tr>\n<tr>\n<td class=\"strong-title \">Kapazit\u00e4t<\/td>\n<td class=\"inline\">2ml<\/td>\n<\/tr>\n<tr>\n<td class=\"strong-title \">F\u00fcllen<\/td>\n<td class=\"inline\">F\u00fcllung oben<\/td>\n<\/tr>\n<tr>\n<td class=\"strong-title \">Luftstrom<\/td>\n<td class=\"inline\">Einstellbarer Luftstrom<\/td>\n<\/tr>\n<tr>\n<td class=\"strong-title \">Spezifikationen der Spule<\/td>\n<td class=\"inline\">FeCrAl Mesh-H 0,8\u03a9\/0,4\u03a9 CROWN M Doppelspule (MTL &amp; DTL)<br \/>\nEmpfohlene Leistung: 0.8\u03a9: 15W-18W, 0.4\u03a9: 30W-35W<br \/>\nFeCrAl Meshed-H 0.6 \u03a9 CROWN M Coil (RDL, empfohlene Leistung: 20W-23W)<\/td>\n<\/tr>\n<tr>\n<td class=\"strong-title \">Materialien<\/td>\n<td class=\"inline\">PC, PCTG<\/td>\n<\/tr>\n<tr>\n<td class=\"strong-title \">Gr\u00f6\u00dfe des Produkts<\/td>\n<td class=\"inline\">82,3*52,6*26,8 mm<\/td>\n<\/tr>\n<tr>\n<td class=\"strong-title \"><\/td>\n<td class=\"inline\"><\/td>\n<\/tr>\n<tr>\n<td class=\"strong-title \">Farbe<\/td>\n<td class=\"inline\">Orange, Blau, Braun, Schwarz<\/td>\n<\/tr>\n<\/tbody>\n<\/table>\n<div class=\"shop-features \">\n<h2 class=\"shop-features-title \"><a href=\"https:\/\/justvape.nu\/wp-content\/uploads\/2018\/05\/Features.png\"><img loading=\"lazy\" decoding=\"async\" class=\"alignnone size-full wp-image-248459\" src=\"https:\/\/justvape.nu\/wp-content\/uploads\/2018\/05\/Features.png\" alt=\"\" width=\"950\" height=\"64\" title=\"\" srcset=\"https:\/\/justvape.nu\/wp-content\/uploads\/2018\/05\/Features.png 950w, https:\/\/justvape.nu\/wp-content\/uploads\/2018\/05\/Features-600x40.png 600w, https:\/\/justvape.nu\/wp-content\/uploads\/2018\/05\/Features-64x4.png 64w, https:\/\/justvape.nu\/wp-content\/uploads\/2018\/05\/Features-300x20.png 300w, https:\/\/justvape.nu\/wp-content\/uploads\/2018\/05\/Features-768x52.png 768w\" sizes=\"auto, (max-width: 950px) 100vw, 950px\" \/><\/a><\/h2>\n<\/div>\n<p><strong class=\"description-little-title\">Uwell Crown M Details:<\/strong><\/p>\n<ul>\n<li style=\"list-style-type: none;\">\n<ul>\n<li>1. Stromversorgung durch einen eingebauten 1000mAh-Akku<\/li>\n<li>2. Zwei Ausgangsmodi f\u00fcr Ihre Wahl<\/li>\n<li>3. Unterhaltsame Leistungseinstellung der R\u00e4der<\/li>\n<li>4. Pr\u00e4zises Ventil zur Einstellung des Luftstroms<\/li>\n<li>5. 2ml Fassungsverm\u00f6gen, einfache Bef\u00fcllung von oben<\/li>\n<li>6. Verbesserte Gondelbodenstruktur<\/li>\n<li>7. Pro-FOCS-Technologie zur Geschmacksanpassung<\/li>\n<li>8. Unabh\u00e4ngig gesteuerte Twin-Coil<\/li>\n<li>9. Passend f\u00fcr Meshed-H 0.8\u03a9\/0.4\u03a9 CROWN M Doppelspule (MTL &amp; DTL)<\/li>\n<li>10. Ausgestattet mit einem Ersatz 0.6\u03a9 Spule in dem Paket f\u00fcr RDL vaping<\/li>\n<li>11. Einzigartiges und transparentes Geh\u00e4usedesign<\/li>\n<\/ul>\n<\/li>\n<\/ul>\n<div class=\"img-show-more\">\n<div id=\"img_content_less\" class=\"img-content add-more\">\n<p class=\"description-img-center\"><a href=\"https:\/\/justvape.nu\/wp-content\/uploads\/2023\/01\/Uwell_Crown_M_Pod_Mod_Kit_Features.jpg\"><img loading=\"lazy\" decoding=\"async\" class=\"alignnone size-full wp-image-565315\" src=\"https:\/\/justvape.nu\/wp-content\/uploads\/2023\/01\/Uwell_Crown_M_Pod_Mod_Kit_Features.jpg\" alt=\"\" width=\"831\" height=\"377\" title=\"\" srcset=\"https:\/\/justvape.nu\/wp-content\/uploads\/2023\/01\/Uwell_Crown_M_Pod_Mod_Kit_Features.jpg 831w, https:\/\/justvape.nu\/wp-content\/uploads\/2023\/01\/Uwell_Crown_M_Pod_Mod_Kit_Features-600x272.jpg 600w, https:\/\/justvape.nu\/wp-content\/uploads\/2023\/01\/Uwell_Crown_M_Pod_Mod_Kit_Features-64x29.jpg 64w, https:\/\/justvape.nu\/wp-content\/uploads\/2023\/01\/Uwell_Crown_M_Pod_Mod_Kit_Features-300x136.jpg 300w, https:\/\/justvape.nu\/wp-content\/uploads\/2023\/01\/Uwell_Crown_M_Pod_Mod_Kit_Features-768x348.jpg 768w\" sizes=\"auto, (max-width: 831px) 100vw, 831px\" \/><\/a> <a href=\"https:\/\/justvape.nu\/wp-content\/uploads\/2023\/01\/Uwell_Crown_M_Pod_Mod_Kit_Full_Colors.jpg\"><img loading=\"lazy\" decoding=\"async\" class=\"alignnone size-full wp-image-565324\" src=\"https:\/\/justvape.nu\/wp-content\/uploads\/2023\/01\/Uwell_Crown_M_Pod_Mod_Kit_Full_Colors.jpg\" alt=\"\" width=\"831\" height=\"314\" title=\"\" srcset=\"https:\/\/justvape.nu\/wp-content\/uploads\/2023\/01\/Uwell_Crown_M_Pod_Mod_Kit_Full_Colors.jpg 831w, https:\/\/justvape.nu\/wp-content\/uploads\/2023\/01\/Uwell_Crown_M_Pod_Mod_Kit_Full_Colors-600x227.jpg 600w, https:\/\/justvape.nu\/wp-content\/uploads\/2023\/01\/Uwell_Crown_M_Pod_Mod_Kit_Full_Colors-64x24.jpg 64w, https:\/\/justvape.nu\/wp-content\/uploads\/2023\/01\/Uwell_Crown_M_Pod_Mod_Kit_Full_Colors-300x113.jpg 300w, https:\/\/justvape.nu\/wp-content\/uploads\/2023\/01\/Uwell_Crown_M_Pod_Mod_Kit_Full_Colors-768x290.jpg 768w\" sizes=\"auto, (max-width: 831px) 100vw, 831px\" \/><\/a><a href=\"https:\/\/justvape.nu\/wp-content\/uploads\/2023\/01\/Uwell_Crown_M_Pod_Mod_Kit_Short_Description.jpg\"><img loading=\"lazy\" decoding=\"async\" class=\"alignnone size-full wp-image-565333\" src=\"https:\/\/justvape.nu\/wp-content\/uploads\/2023\/01\/Uwell_Crown_M_Pod_Mod_Kit_Short_Description.jpg\" alt=\"\" width=\"831\" height=\"437\" title=\"\" srcset=\"https:\/\/justvape.nu\/wp-content\/uploads\/2023\/01\/Uwell_Crown_M_Pod_Mod_Kit_Short_Description.jpg 831w, https:\/\/justvape.nu\/wp-content\/uploads\/2023\/01\/Uwell_Crown_M_Pod_Mod_Kit_Short_Description-600x316.jpg 600w, https:\/\/justvape.nu\/wp-content\/uploads\/2023\/01\/Uwell_Crown_M_Pod_Mod_Kit_Short_Description-64x34.jpg 64w, https:\/\/justvape.nu\/wp-content\/uploads\/2023\/01\/Uwell_Crown_M_Pod_Mod_Kit_Short_Description-300x158.jpg 300w, https:\/\/justvape.nu\/wp-content\/uploads\/2023\/01\/Uwell_Crown_M_Pod_Mod_Kit_Short_Description-768x404.jpg 768w\" sizes=\"auto, (max-width: 831px) 100vw, 831px\" \/><\/a><\/p>\n<\/div>\n<\/div>\n<div class=\"shop-features \">\n<h2 class=\"shop-features-title \"><a href=\"https:\/\/justvape.nu\/wp-content\/uploads\/2018\/05\/Packing-List.png\"><img loading=\"lazy\" decoding=\"async\" class=\"alignnone size-full wp-image-248468\" src=\"https:\/\/justvape.nu\/wp-content\/uploads\/2018\/05\/Packing-List.png\" alt=\"\" width=\"950\" height=\"64\" title=\"\" srcset=\"https:\/\/justvape.nu\/wp-content\/uploads\/2018\/05\/Packing-List.png 950w, https:\/\/justvape.nu\/wp-content\/uploads\/2018\/05\/Packing-List-600x40.png 600w, https:\/\/justvape.nu\/wp-content\/uploads\/2018\/05\/Packing-List-64x4.png 64w, https:\/\/justvape.nu\/wp-content\/uploads\/2018\/05\/Packing-List-300x20.png 300w, https:\/\/justvape.nu\/wp-content\/uploads\/2018\/05\/Packing-List-768x52.png 768w\" sizes=\"auto, (max-width: 950px) 100vw, 950px\" \/><\/a><\/h2>\n<\/div>\n<p><strong class=\"description-little-title \">Das Paket von Uwell Crown M Starter Kit kommt mit:<\/strong><\/p>\n<p>1* Uwell Crown M Ger\u00e4t<br \/>\n1* Uwell Crown M Leere Kartusche<br \/>\n1* Mesh-H 0,8\u03a9\/0,4\u03a9 Crown M Twin-Coil (vorinstalliert)<br \/>\n1* Mesh-H 0.6\u03a9 Krone M Spule<br \/>\n1 * Benutzerhandbuch<br \/>\n1* Typ-C-Ladekabel<\/p>\n<p class=\"description-img-center \"><a href=\"https:\/\/justvape.nu\/wp-content\/uploads\/2023\/01\/Uwell_Crown_M_Pod_Mod_Kit_Package.jpg\"><img loading=\"lazy\" decoding=\"async\" class=\"alignnone size-full wp-image-565342\" src=\"https:\/\/justvape.nu\/wp-content\/uploads\/2023\/01\/Uwell_Crown_M_Pod_Mod_Kit_Package.jpg\" alt=\"\" width=\"831\" height=\"417\" title=\"\" srcset=\"https:\/\/justvape.nu\/wp-content\/uploads\/2023\/01\/Uwell_Crown_M_Pod_Mod_Kit_Package.jpg 831w, https:\/\/justvape.nu\/wp-content\/uploads\/2023\/01\/Uwell_Crown_M_Pod_Mod_Kit_Package-600x301.jpg 600w, https:\/\/justvape.nu\/wp-content\/uploads\/2023\/01\/Uwell_Crown_M_Pod_Mod_Kit_Package-64x32.jpg 64w, https:\/\/justvape.nu\/wp-content\/uploads\/2023\/01\/Uwell_Crown_M_Pod_Mod_Kit_Package-300x151.jpg 300w, https:\/\/justvape.nu\/wp-content\/uploads\/2023\/01\/Uwell_Crown_M_Pod_Mod_Kit_Package-768x385.jpg 768w\" sizes=\"auto, (max-width: 831px) 100vw, 831px\" \/><\/a><\/p>\n","protected":false},"excerpt":{"rendered":"<p>UWELL &#8211; CROWN M POD KIT<\/p>\n","protected":false},"featured_media":565374,"comment_status":"open","ping_status":"closed","template":"","meta":{"_acf_changed":false,"_uag_custom_page_level_css":"","site-sidebar-layout":"default","site-content-layout":"default","ast-site-content-layout":"default","site-content-style":"default","site-sidebar-style":"default","ast-global-header-display":"","ast-banner-title-visibility":"","ast-main-header-display":"","ast-hfb-above-header-display":"","ast-hfb-below-header-display":"","ast-hfb-mobile-header-display":"","site-post-title":"","ast-breadcrumbs-content":"","ast-featured-img":"","footer-sml-layout":"","ast-disable-related-posts":"","theme-transparent-header-meta":"default","adv-header-id-meta":"","stick-header-meta":"default","header-above-stick-meta":"","header-main-stick-meta":"","header-below-stick-meta":"","astra-migrate-meta-layouts":"default","ast-page-background-enabled":"default","ast-page-background-meta":{"desktop":{"background-color":"","background-image":"","background-repeat":"repeat","background-position":"center center","background-size":"auto","background-attachment":"scroll","background-type":"","background-media":"","overlay-type":"","overlay-color":"","overlay-opacity":"","overlay-gradient":""},"tablet":{"background-color":"","background-image":"","background-repeat":"repeat","background-position":"center center","background-size":"auto","background-attachment":"scroll","background-type":"","background-media":"","overlay-type":"","overlay-color":"","overlay-opacity":"","overlay-gradient":""},"mobile":{"background-color":"","background-image":"","background-repeat":"repeat","background-position":"center center","background-size":"auto","background-attachment":"scroll","background-type":"","background-media":"","overlay-type":"","overlay-color":"","overlay-opacity":"","overlay-gradient":""}},"ast-content-background-meta":{"desktop":{"background-color":"var(--ast-global-color-5)","background-image":"","background-repeat":"repeat","background-position":"center center","background-size":"auto","background-attachment":"scroll","background-type":"","background-media":"","overlay-type":"","overlay-color":"","overlay-opacity":"","overlay-gradient":""},"tablet":{"background-color":"var(--ast-global-color-5)","background-image":"","background-repeat":"repeat","background-position":"center center","background-size":"auto","background-attachment":"scroll","background-type":"","background-media":"","overlay-type":"","overlay-color":"","overlay-opacity":"","overlay-gradient":""},"mobile":{"background-color":"var(--ast-global-color-5)","background-image":"","background-repeat":"repeat","background-position":"center center","background-size":"auto","background-attachment":"scroll","background-type":"","background-media":"","overlay-type":"","overlay-color":"","overlay-opacity":"","overlay-gradient":""}}},"product_brand":[],"product_cat":[2077,2067,4691,2511,2512,3434],"product_tag":[],"class_list":{"0":"post-565425","1":"product","2":"type-product","3":"status-publish","4":"has-post-thumbnail","6":"product_cat-anfaenger-kits-pods","7":"product_cat-e-zigaretten","8":"product_cat-featured-e-cigarettes-de","9":"product_cat-hardware-de","10":"product_cat-shop-by-brand-de","11":"product_cat-uwell-de","12":"desktop-align-center","13":"tablet-align-center","14":"mobile-align-center","15":"ast-product-gallery-layout-horizontal-slider","16":"ast-product-gallery-with-no-image","17":"ast-product-single-variable","18":"ast-product-tabs-layout-horizontal","20":"first","21":"instock","22":"sale","23":"taxable","24":"shipping-taxable","25":"purchasable","26":"product-type-variable"},"acf":[],"uagb_featured_image_src":{"full":["https:\/\/justvape.nu\/wp-content\/uploads\/2023\/01\/Uwell_Crown_M_Pod_Mod_Kit.webp",800,800,false],"thumbnail":["https:\/\/justvape.nu\/wp-content\/uploads\/2023\/01\/Uwell_Crown_M_Pod_Mod_Kit-150x150.webp",150,150,true],"medium":["https:\/\/justvape.nu\/wp-content\/uploads\/2023\/01\/Uwell_Crown_M_Pod_Mod_Kit-300x300.webp",300,300,true],"medium_large":["https:\/\/justvape.nu\/wp-content\/uploads\/2023\/01\/Uwell_Crown_M_Pod_Mod_Kit-768x768.webp",768,768,true],"large":["https:\/\/justvape.nu\/wp-content\/uploads\/2023\/01\/Uwell_Crown_M_Pod_Mod_Kit.webp",800,800,false],"1536x1536":["https:\/\/justvape.nu\/wp-content\/uploads\/2023\/01\/Uwell_Crown_M_Pod_Mod_Kit.webp",800,800,false],"2048x2048":["https:\/\/justvape.nu\/wp-content\/uploads\/2023\/01\/Uwell_Crown_M_Pod_Mod_Kit.webp",800,800,false],"woocommerce_thumbnail":["https:\/\/justvape.nu\/wp-content\/uploads\/2023\/01\/Uwell_Crown_M_Pod_Mod_Kit-300x300.webp",300,300,true],"woocommerce_single":["https:\/\/justvape.nu\/wp-content\/uploads\/2023\/01\/Uwell_Crown_M_Pod_Mod_Kit-600x600.webp",600,600,true],"woocommerce_gallery_thumbnail":["https:\/\/justvape.nu\/wp-content\/uploads\/2023\/01\/Uwell_Crown_M_Pod_Mod_Kit-100x100.webp",100,100,true],"dgwt-wcas-product-suggestion":["https:\/\/justvape.nu\/wp-content\/uploads\/2023\/01\/Uwell_Crown_M_Pod_Mod_Kit-64x64.webp",64,64,true]},"uagb_author_info":{"display_name":"Kenneth Merkur","author_link":"https:\/\/justvape.nu\/de\/author\/"},"uagb_comment_info":0,"uagb_excerpt":"UWELL - CROWN M POD KIT","_links":{"self":[{"href":"https:\/\/justvape.nu\/de\/wp-json\/wp\/v2\/product\/565425","targetHints":{"allow":["GET"]}}],"collection":[{"href":"https:\/\/justvape.nu\/de\/wp-json\/wp\/v2\/product"}],"about":[{"href":"https:\/\/justvape.nu\/de\/wp-json\/wp\/v2\/types\/product"}],"replies":[{"embeddable":true,"href":"https:\/\/justvape.nu\/de\/wp-json\/wp\/v2\/comments?post=565425"}],"wp:featuredmedia":[{"embeddable":true,"href":"https:\/\/justvape.nu\/de\/wp-json\/wp\/v2\/media\/565374"}],"wp:attachment":[{"href":"https:\/\/justvape.nu\/de\/wp-json\/wp\/v2\/media?parent=565425"}],"wp:term":[{"taxonomy":"product_brand","embeddable":true,"href":"https:\/\/justvape.nu\/de\/wp-json\/wp\/v2\/product_brand?post=565425"},{"taxonomy":"product_cat","embeddable":true,"href":"https:\/\/justvape.nu\/de\/wp-json\/wp\/v2\/product_cat?post=565425"},{"taxonomy":"product_tag","embeddable":true,"href":"https:\/\/justvape.nu\/de\/wp-json\/wp\/v2\/product_tag?post=565425"}],"curies":[{"name":"wp","href":"https:\/\/api.w.org\/{rel}","templated":true}]}}