{"id":555479,"date":"2022-12-12T14:15:52","date_gmt":"2022-12-12T13:15:52","guid":{"rendered":"https:\/\/justvape.nu\/produkt\/vaporesso-luxe-xr-vape-kit\/"},"modified":"2025-01-21T07:39:05","modified_gmt":"2025-01-21T06:39:05","slug":"vaporesso-luxe-xr-vape-kit","status":"publish","type":"product","link":"https:\/\/justvape.nu\/de\/produkt\/vaporesso-luxe-xr-vape-kit\/","title":{"rendered":"VAPORESSO &#8211; LUXE XR VAPE KIT"},"content":{"rendered":"<h2>VAPORESSO &#8211; LUXE XR VAPE KIT<\/h2>\n<p>Das Vaporesso Luze XR Vape Pod Kit ist eine starke Sub-Ohm-Alternative, die leicht in Ihre Tasche passt. Lange Dampfsessions zwischen den Ladevorg\u00e4ngen werden durch den internen 1500-mAh-Akku unterst\u00fctzt, und dank der variablen Leistung von 5-40 W k\u00f6nnen Sie Ihre bevorzugte Dampfmenge w\u00e4hlen. Au\u00dferdem bedeutet dies, dass der Bausatz mit MTL-Spulen (Mouth To Lung) aus demselben Sortiment kompatibel ist, zus\u00e4tzlich zu den DTL- (Direct To Lung) und RDTL- (Restricted Direct To Lung) Vaping-Methoden, die von den enthaltenen Luxe X-Spulen unterst\u00fctzt werden.<\/p>\n<p>Das Ger\u00e4t wird mit einem einzigen Ausl\u00f6seknopf aktiviert, so dass man sich nicht durch mehrere Kn\u00f6pfe klicken und Men\u00fcs erkunden muss. Er verf\u00fcgt au\u00dferdem \u00fcber einen intelligenten Prozessor, der automatisch die richtige Wattzahl f\u00fcr Ihren Coil ausw\u00e4hlt, basierend auf dessen Widerstand und der Art des Coils, den Sie eingesetzt haben. Wenn Sie gerne experimentieren, k\u00f6nnen Sie die Leistung manuell einstellen und einen Vape finden, der Ihren Vorlieben entspricht.<\/p>\n<p>Die Luxe X Pods vereinen das Fassungsverm\u00f6gen eines Tanks mit der Robustheit eines Pods. Das Nachf\u00fcllen ist dank des Top-Filling-Designs ganz einfach, und Sie m\u00fcssen Ihren Pod nicht einmal aus dem Kit nehmen. Au\u00dferdem k\u00f6nnen Sie dank des einstellbaren Luftstroms zwischen einem festeren oder lockereren Zug w\u00e4hlen. Das in jede der austauschbaren Spulen eingebaute Mesh erh\u00f6ht den Geschmack und f\u00fchrt zu weniger Abfall und einer erschwinglicheren Methode, Ihr Kit zu betreiben. Sowohl der 0,4 Ohm als auch der 0,8 Ohm erzeugen mehr Dampf, wenn sie mit E-Liquids verwendet werden, die einen VG-Gehalt von mindestens 70 % haben.<\/p>\n<p><a href=\"https:\/\/justvape.nu\/wp-content\/uploads\/2018\/05\/Color-Schemes.png\"><img loading=\"lazy\" decoding=\"async\" class=\"alignnone size-full wp-image-19187\" src=\"https:\/\/justvape.nu\/wp-content\/uploads\/2018\/05\/Color-Schemes.png\" alt=\"\" width=\"950\" height=\"64\" title=\"\" srcset=\"https:\/\/justvape.nu\/wp-content\/uploads\/2018\/05\/Color-Schemes.png 950w, https:\/\/justvape.nu\/wp-content\/uploads\/2018\/05\/Color-Schemes-555x37.png 555w, https:\/\/justvape.nu\/wp-content\/uploads\/2018\/05\/Color-Schemes-64x4.png 64w, https:\/\/justvape.nu\/wp-content\/uploads\/2018\/05\/Color-Schemes-300x20.png 300w, https:\/\/justvape.nu\/wp-content\/uploads\/2018\/05\/Color-Schemes-768x52.png 768w\" sizes=\"auto, (max-width: 950px) 100vw, 950px\" \/><\/a><\/p>\n<p class=\"description-img-center\"><a href=\"https:\/\/justvape.nu\/wp-content\/uploads\/2022\/12\/Vaporesso_Luxe_XR_Kit_Colors.jpg\"><img loading=\"lazy\" decoding=\"async\" class=\"alignnone size-full wp-image-555223\" src=\"https:\/\/justvape.nu\/wp-content\/uploads\/2022\/12\/Vaporesso_Luxe_XR_Kit_Colors.jpg\" alt=\"\" width=\"831\" height=\"328\" title=\"\" srcset=\"https:\/\/justvape.nu\/wp-content\/uploads\/2022\/12\/Vaporesso_Luxe_XR_Kit_Colors.jpg 831w, https:\/\/justvape.nu\/wp-content\/uploads\/2022\/12\/Vaporesso_Luxe_XR_Kit_Colors-300x118.jpg 300w, https:\/\/justvape.nu\/wp-content\/uploads\/2022\/12\/Vaporesso_Luxe_XR_Kit_Colors-768x303.jpg 768w, https:\/\/justvape.nu\/wp-content\/uploads\/2022\/12\/Vaporesso_Luxe_XR_Kit_Colors-600x237.jpg 600w, https:\/\/justvape.nu\/wp-content\/uploads\/2022\/12\/Vaporesso_Luxe_XR_Kit_Colors-64x25.jpg 64w\" sizes=\"auto, (max-width: 831px) 100vw, 831px\" \/><\/a><\/p>\n<div class=\"shop-features \">\n<h2 class=\"shop-features-title \"><a href=\"https:\/\/justvape.nu\/wp-content\/uploads\/2018\/05\/Specifications.png\"><img loading=\"lazy\" decoding=\"async\" class=\"alignnone size-full wp-image-18993\" src=\"https:\/\/justvape.nu\/wp-content\/uploads\/2018\/05\/Specifications.png\" alt=\"\" width=\"950\" height=\"64\" title=\"\" srcset=\"https:\/\/justvape.nu\/wp-content\/uploads\/2018\/05\/Specifications.png 950w, https:\/\/justvape.nu\/wp-content\/uploads\/2018\/05\/Specifications-555x37.png 555w, https:\/\/justvape.nu\/wp-content\/uploads\/2018\/05\/Specifications-64x4.png 64w, https:\/\/justvape.nu\/wp-content\/uploads\/2018\/05\/Specifications-300x20.png 300w, https:\/\/justvape.nu\/wp-content\/uploads\/2018\/05\/Specifications-768x52.png 768w\" sizes=\"auto, (max-width: 950px) 100vw, 950px\" \/><\/a><\/h2>\n<\/div>\n<p><strong class=\"description-little-title\">Vaporesso Luxe XR Pod System Kit Parameter:<\/strong><\/p>\n<table class=\"description-table\">\n<tbody>\n<tr>\n<td class=\"strong-title \">Marke<\/td>\n<td class=\"inline\">Vaporesso<\/td>\n<\/tr>\n<tr>\n<td class=\"strong-title \">Produktname<\/td>\n<td class=\"inline\">Luxe XR Bausatz<\/td>\n<\/tr>\n<tr>\n<td class=\"strong-title \">Batterie<\/td>\n<td class=\"inline\">Eingebauter 1500mAh-Akku<\/td>\n<\/tr>\n<tr>\n<td class=\"strong-title \">Ausgangsleistung<\/td>\n<td class=\"inline\">40W<\/td>\n<\/tr>\n<tr>\n<td class=\"strong-title \">Ladestrom<\/td>\n<td class=\"inline\">DC 5V\/1,5A, Typ-C<\/td>\n<\/tr>\n<tr>\n<td class=\"strong-title \">Pod-Kapazit\u00e4t<\/td>\n<td class=\"inline\">2ml (TPD)<\/td>\n<\/tr>\n<tr>\n<td class=\"strong-title \">F\u00fcllen<\/td>\n<td class=\"inline\">F\u00fcllung des Bodens<\/td>\n<\/tr>\n<tr>\n<td class=\"strong-title \">Coil Resistance<\/td>\n<td class=\"inline\">GTX 0,4\u03a9 Maschenspule, GTX 0,8\u03a9 Maschenspule<\/td>\n<\/tr>\n<tr>\n<td class=\"strong-title \">Geeignet f\u00fcr<\/td>\n<td class=\"inline\">Luxe X 0.4\u03a9\/0.8\u03a9 Pod, Luxe XR RDL\/MTL Pod, GTX 0.4\u03a9\/0.6\u03a9 Spule (passend f\u00fcr XR RDL Pod), GTX 0.8\u03a9\/1.2\u03a9 Spule (passend f\u00fcr XR MTL Pod)<\/td>\n<\/tr>\n<tr>\n<td class=\"strong-title \">Gr\u00f6\u00dfe des Produkts<\/td>\n<td class=\"inline\">98*31.5*21.6mm<\/td>\n<\/tr>\n<tr>\n<td class=\"strong-title \">Packungsgr\u00f6\u00dfe<\/td>\n<td class=\"inline\">126*98*38mm<\/td>\n<\/tr>\n<tr>\n<td class=\"strong-title \"><\/td>\n<td class=\"inline\"><\/td>\n<\/tr>\n<tr>\n<td class=\"strong-title \">Farbe<\/td>\n<td class=\"inline\">Galaxy Blau, Galaxy Rot, Galaxy Lila, Gold, Schwarz, Rosa, Silber<\/td>\n<\/tr>\n<\/tbody>\n<\/table>\n<div class=\"shop-features \">\n<h2 class=\"shop-features-title \"><a href=\"https:\/\/justvape.nu\/wp-content\/uploads\/2018\/05\/Features.png\"><img loading=\"lazy\" decoding=\"async\" class=\"alignnone size-full wp-image-248458\" src=\"https:\/\/justvape.nu\/wp-content\/uploads\/2018\/05\/Features.png\" alt=\"\" width=\"950\" height=\"64\" title=\"\" srcset=\"https:\/\/justvape.nu\/wp-content\/uploads\/2018\/05\/Features.png 950w, https:\/\/justvape.nu\/wp-content\/uploads\/2018\/05\/Features-600x40.png 600w, https:\/\/justvape.nu\/wp-content\/uploads\/2018\/05\/Features-64x4.png 64w, https:\/\/justvape.nu\/wp-content\/uploads\/2018\/05\/Features-300x20.png 300w, https:\/\/justvape.nu\/wp-content\/uploads\/2018\/05\/Features-768x52.png 768w\" sizes=\"auto, (max-width: 950px) 100vw, 950px\" \/><\/a><\/h2>\n<\/div>\n<p><strong class=\"description-little-title\">Vaporesso Luxe XR Details:<\/strong><\/p>\n<ul>\n<li style=\"list-style-type: none;\">\n<ul>\n<li>1. Eingebauter 1500mAh Akku mit 40W Leistung<\/li>\n<li>2. COREX-Heiztechnik f\u00fcr pr\u00e4zisen Geschmack<\/li>\n<li>3. \u00dcbernimmt AXON Chip mit intelligenter Steuerung<\/li>\n<li>4. Abrieb-\/verschmutzungsfeste Beschichtung und PCTG-Rohr<\/li>\n<li>5. Automatisches Sperren des Ger\u00e4ts nach 8S Dr\u00fccken<\/li>\n<li>6. Gesicherter Modus zur Vermeidung versehentlicher Fehlz\u00fcndungen<\/li>\n<li>7. Entworfen mit 3 LED-Leuchten zur Anzeige<\/li>\n<li>8. Futuristisches Design, Kristall und solider K\u00f6rper<\/li>\n<li>9. Nimmt SSS auslaufsichere Technologie an<\/li>\n<li>10. 2ml e-Saft Kapazit\u00e4t, einfache Boden F\u00fcllung<\/li>\n<li>11. Passend f\u00fcr Luxe X 0.4\u03a9\/0.8\u03a9 Pod, Luxe XR RDL\/MTL Pod, GTX 0.4\u03a9\/0.6\u03a9 Spule (RDL), GTX 0.8\u03a9\/1.2\u03a9 Spule (MTL)<\/li>\n<\/ul>\n<\/li>\n<\/ul>\n<p class=\"description-img-center \"><a href=\"https:\/\/justvape.nu\/wp-content\/uploads\/2022\/12\/Vaporesso_Luxe_XR_Kit.jpg\"><img loading=\"lazy\" decoding=\"async\" class=\"alignnone size-full wp-image-555232\" src=\"https:\/\/justvape.nu\/wp-content\/uploads\/2022\/12\/Vaporesso_Luxe_XR_Kit.jpg\" alt=\"\" width=\"831\" height=\"416\" title=\"\" srcset=\"https:\/\/justvape.nu\/wp-content\/uploads\/2022\/12\/Vaporesso_Luxe_XR_Kit.jpg 831w, https:\/\/justvape.nu\/wp-content\/uploads\/2022\/12\/Vaporesso_Luxe_XR_Kit-300x150.jpg 300w, https:\/\/justvape.nu\/wp-content\/uploads\/2022\/12\/Vaporesso_Luxe_XR_Kit-768x384.jpg 768w, https:\/\/justvape.nu\/wp-content\/uploads\/2022\/12\/Vaporesso_Luxe_XR_Kit-600x300.jpg 600w, https:\/\/justvape.nu\/wp-content\/uploads\/2022\/12\/Vaporesso_Luxe_XR_Kit-64x32.jpg 64w\" sizes=\"auto, (max-width: 831px) 100vw, 831px\" \/><\/a><a href=\"https:\/\/justvape.nu\/wp-content\/uploads\/2022\/12\/Vaporesso_Luxe_XR_Kit_1500mAh_Battery.jpg\"><img loading=\"lazy\" decoding=\"async\" class=\"alignnone size-full wp-image-555241\" src=\"https:\/\/justvape.nu\/wp-content\/uploads\/2022\/12\/Vaporesso_Luxe_XR_Kit_1500mAh_Battery.jpg\" alt=\"\" width=\"831\" height=\"416\" title=\"\" srcset=\"https:\/\/justvape.nu\/wp-content\/uploads\/2022\/12\/Vaporesso_Luxe_XR_Kit_1500mAh_Battery.jpg 831w, https:\/\/justvape.nu\/wp-content\/uploads\/2022\/12\/Vaporesso_Luxe_XR_Kit_1500mAh_Battery-300x150.jpg 300w, https:\/\/justvape.nu\/wp-content\/uploads\/2022\/12\/Vaporesso_Luxe_XR_Kit_1500mAh_Battery-768x384.jpg 768w, https:\/\/justvape.nu\/wp-content\/uploads\/2022\/12\/Vaporesso_Luxe_XR_Kit_1500mAh_Battery-600x300.jpg 600w, https:\/\/justvape.nu\/wp-content\/uploads\/2022\/12\/Vaporesso_Luxe_XR_Kit_1500mAh_Battery-64x32.jpg 64w\" sizes=\"auto, (max-width: 831px) 100vw, 831px\" \/><\/a> <a href=\"https:\/\/justvape.nu\/wp-content\/uploads\/2022\/12\/Vaporesso_Luxe_XR_Kit_Auto_Lock.jpg\"><img loading=\"lazy\" decoding=\"async\" class=\"alignnone size-full wp-image-555250\" src=\"https:\/\/justvape.nu\/wp-content\/uploads\/2022\/12\/Vaporesso_Luxe_XR_Kit_Auto_Lock.jpg\" alt=\"\" width=\"831\" height=\"331\" title=\"\" srcset=\"https:\/\/justvape.nu\/wp-content\/uploads\/2022\/12\/Vaporesso_Luxe_XR_Kit_Auto_Lock.jpg 831w, https:\/\/justvape.nu\/wp-content\/uploads\/2022\/12\/Vaporesso_Luxe_XR_Kit_Auto_Lock-300x119.jpg 300w, https:\/\/justvape.nu\/wp-content\/uploads\/2022\/12\/Vaporesso_Luxe_XR_Kit_Auto_Lock-768x306.jpg 768w, https:\/\/justvape.nu\/wp-content\/uploads\/2022\/12\/Vaporesso_Luxe_XR_Kit_Auto_Lock-600x239.jpg 600w, https:\/\/justvape.nu\/wp-content\/uploads\/2022\/12\/Vaporesso_Luxe_XR_Kit_Auto_Lock-64x25.jpg 64w\" sizes=\"auto, (max-width: 831px) 100vw, 831px\" \/><\/a> <a href=\"https:\/\/justvape.nu\/wp-content\/uploads\/2022\/12\/Vaporesso_Luxe_XR_Kit_Coating.jpg\"><img loading=\"lazy\" decoding=\"async\" class=\"alignnone size-full wp-image-555259\" src=\"https:\/\/justvape.nu\/wp-content\/uploads\/2022\/12\/Vaporesso_Luxe_XR_Kit_Coating.jpg\" alt=\"\" width=\"831\" height=\"460\" title=\"\" srcset=\"https:\/\/justvape.nu\/wp-content\/uploads\/2022\/12\/Vaporesso_Luxe_XR_Kit_Coating.jpg 831w, https:\/\/justvape.nu\/wp-content\/uploads\/2022\/12\/Vaporesso_Luxe_XR_Kit_Coating-300x166.jpg 300w, https:\/\/justvape.nu\/wp-content\/uploads\/2022\/12\/Vaporesso_Luxe_XR_Kit_Coating-768x425.jpg 768w, https:\/\/justvape.nu\/wp-content\/uploads\/2022\/12\/Vaporesso_Luxe_XR_Kit_Coating-600x332.jpg 600w, https:\/\/justvape.nu\/wp-content\/uploads\/2022\/12\/Vaporesso_Luxe_XR_Kit_Coating-64x35.jpg 64w\" sizes=\"auto, (max-width: 831px) 100vw, 831px\" \/><\/a> <a href=\"https:\/\/justvape.nu\/wp-content\/uploads\/2022\/12\/Vaporesso_Luxe_XR_Kit_COREX_Heating_Tech.jpg\"><img loading=\"lazy\" decoding=\"async\" class=\"alignnone size-full wp-image-555268\" src=\"https:\/\/justvape.nu\/wp-content\/uploads\/2022\/12\/Vaporesso_Luxe_XR_Kit_COREX_Heating_Tech.jpg\" alt=\"\" width=\"831\" height=\"374\" title=\"\" srcset=\"https:\/\/justvape.nu\/wp-content\/uploads\/2022\/12\/Vaporesso_Luxe_XR_Kit_COREX_Heating_Tech.jpg 831w, https:\/\/justvape.nu\/wp-content\/uploads\/2022\/12\/Vaporesso_Luxe_XR_Kit_COREX_Heating_Tech-300x135.jpg 300w, https:\/\/justvape.nu\/wp-content\/uploads\/2022\/12\/Vaporesso_Luxe_XR_Kit_COREX_Heating_Tech-768x346.jpg 768w, https:\/\/justvape.nu\/wp-content\/uploads\/2022\/12\/Vaporesso_Luxe_XR_Kit_COREX_Heating_Tech-600x270.jpg 600w, https:\/\/justvape.nu\/wp-content\/uploads\/2022\/12\/Vaporesso_Luxe_XR_Kit_COREX_Heating_Tech-64x29.jpg 64w\" sizes=\"auto, (max-width: 831px) 100vw, 831px\" \/><\/a> <a href=\"https:\/\/justvape.nu\/wp-content\/uploads\/2022\/12\/Vaporesso_Luxe_XR_Kit_Features.jpg\"><img loading=\"lazy\" decoding=\"async\" class=\"alignnone size-full wp-image-555277\" src=\"https:\/\/justvape.nu\/wp-content\/uploads\/2022\/12\/Vaporesso_Luxe_XR_Kit_Features.jpg\" alt=\"\" width=\"831\" height=\"245\" title=\"\" srcset=\"https:\/\/justvape.nu\/wp-content\/uploads\/2022\/12\/Vaporesso_Luxe_XR_Kit_Features.jpg 831w, https:\/\/justvape.nu\/wp-content\/uploads\/2022\/12\/Vaporesso_Luxe_XR_Kit_Features-300x88.jpg 300w, https:\/\/justvape.nu\/wp-content\/uploads\/2022\/12\/Vaporesso_Luxe_XR_Kit_Features-768x226.jpg 768w, https:\/\/justvape.nu\/wp-content\/uploads\/2022\/12\/Vaporesso_Luxe_XR_Kit_Features-600x177.jpg 600w, https:\/\/justvape.nu\/wp-content\/uploads\/2022\/12\/Vaporesso_Luxe_XR_Kit_Features-64x19.jpg 64w\" sizes=\"auto, (max-width: 831px) 100vw, 831px\" \/><\/a> <a href=\"https:\/\/justvape.nu\/wp-content\/uploads\/2022\/12\/Vaporesso_Luxe_XR_Kit_Futuristic_Design.jpg\"><img loading=\"lazy\" decoding=\"async\" class=\"alignnone size-full wp-image-555286\" src=\"https:\/\/justvape.nu\/wp-content\/uploads\/2022\/12\/Vaporesso_Luxe_XR_Kit_Futuristic_Design.jpg\" alt=\"\" width=\"831\" height=\"464\" title=\"\" srcset=\"https:\/\/justvape.nu\/wp-content\/uploads\/2022\/12\/Vaporesso_Luxe_XR_Kit_Futuristic_Design.jpg 831w, https:\/\/justvape.nu\/wp-content\/uploads\/2022\/12\/Vaporesso_Luxe_XR_Kit_Futuristic_Design-300x168.jpg 300w, https:\/\/justvape.nu\/wp-content\/uploads\/2022\/12\/Vaporesso_Luxe_XR_Kit_Futuristic_Design-768x429.jpg 768w, https:\/\/justvape.nu\/wp-content\/uploads\/2022\/12\/Vaporesso_Luxe_XR_Kit_Futuristic_Design-600x335.jpg 600w, https:\/\/justvape.nu\/wp-content\/uploads\/2022\/12\/Vaporesso_Luxe_XR_Kit_Futuristic_Design-64x36.jpg 64w\" sizes=\"auto, (max-width: 831px) 100vw, 831px\" \/><\/a> <a href=\"https:\/\/justvape.nu\/wp-content\/uploads\/2022\/12\/Vaporesso_Luxe_XR_Kit_Part.jpg\"><img loading=\"lazy\" decoding=\"async\" class=\"alignnone size-full wp-image-555295\" src=\"https:\/\/justvape.nu\/wp-content\/uploads\/2022\/12\/Vaporesso_Luxe_XR_Kit_Part.jpg\" alt=\"\" width=\"831\" height=\"509\" title=\"\" srcset=\"https:\/\/justvape.nu\/wp-content\/uploads\/2022\/12\/Vaporesso_Luxe_XR_Kit_Part.jpg 831w, https:\/\/justvape.nu\/wp-content\/uploads\/2022\/12\/Vaporesso_Luxe_XR_Kit_Part-300x184.jpg 300w, https:\/\/justvape.nu\/wp-content\/uploads\/2022\/12\/Vaporesso_Luxe_XR_Kit_Part-768x470.jpg 768w, https:\/\/justvape.nu\/wp-content\/uploads\/2022\/12\/Vaporesso_Luxe_XR_Kit_Part-600x368.jpg 600w, https:\/\/justvape.nu\/wp-content\/uploads\/2022\/12\/Vaporesso_Luxe_XR_Kit_Part-64x39.jpg 64w\" sizes=\"auto, (max-width: 831px) 100vw, 831px\" \/><\/a>  <a href=\"https:\/\/justvape.nu\/wp-content\/uploads\/2022\/12\/Vaporesso_Luxe_XR_Kit_SSS_Leaking_Tech.jpg\"><img loading=\"lazy\" decoding=\"async\" class=\"alignnone size-full wp-image-555313\" src=\"https:\/\/justvape.nu\/wp-content\/uploads\/2022\/12\/Vaporesso_Luxe_XR_Kit_SSS_Leaking_Tech.jpg\" alt=\"\" width=\"831\" height=\"283\" title=\"\" srcset=\"https:\/\/justvape.nu\/wp-content\/uploads\/2022\/12\/Vaporesso_Luxe_XR_Kit_SSS_Leaking_Tech.jpg 831w, https:\/\/justvape.nu\/wp-content\/uploads\/2022\/12\/Vaporesso_Luxe_XR_Kit_SSS_Leaking_Tech-300x102.jpg 300w, https:\/\/justvape.nu\/wp-content\/uploads\/2022\/12\/Vaporesso_Luxe_XR_Kit_SSS_Leaking_Tech-768x262.jpg 768w, https:\/\/justvape.nu\/wp-content\/uploads\/2022\/12\/Vaporesso_Luxe_XR_Kit_SSS_Leaking_Tech-600x204.jpg 600w, https:\/\/justvape.nu\/wp-content\/uploads\/2022\/12\/Vaporesso_Luxe_XR_Kit_SSS_Leaking_Tech-64x22.jpg 64w\" sizes=\"auto, (max-width: 831px) 100vw, 831px\" \/><\/a> <a href=\"https:\/\/justvape.nu\/wp-content\/uploads\/2022\/12\/Vaporesso_Luxe_XR_Pod.jpg\"><img loading=\"lazy\" decoding=\"async\" class=\"alignnone size-full wp-image-555322\" src=\"https:\/\/justvape.nu\/wp-content\/uploads\/2022\/12\/Vaporesso_Luxe_XR_Pod.jpg\" alt=\"\" width=\"831\" height=\"288\" title=\"\" srcset=\"https:\/\/justvape.nu\/wp-content\/uploads\/2022\/12\/Vaporesso_Luxe_XR_Pod.jpg 831w, https:\/\/justvape.nu\/wp-content\/uploads\/2022\/12\/Vaporesso_Luxe_XR_Pod-300x104.jpg 300w, https:\/\/justvape.nu\/wp-content\/uploads\/2022\/12\/Vaporesso_Luxe_XR_Pod-768x266.jpg 768w, https:\/\/justvape.nu\/wp-content\/uploads\/2022\/12\/Vaporesso_Luxe_XR_Pod-600x208.jpg 600w, https:\/\/justvape.nu\/wp-content\/uploads\/2022\/12\/Vaporesso_Luxe_XR_Pod-64x22.jpg 64w\" sizes=\"auto, (max-width: 831px) 100vw, 831px\" \/><\/a><\/p>\n<div class=\"shop-features \">\n<h2 class=\"shop-features-title \"><a href=\"https:\/\/justvape.nu\/wp-content\/uploads\/2018\/05\/Packing-List.png\"><img loading=\"lazy\" decoding=\"async\" class=\"alignnone size-full wp-image-18995\" src=\"https:\/\/justvape.nu\/wp-content\/uploads\/2018\/05\/Packing-List.png\" alt=\"\" width=\"950\" height=\"64\" title=\"\" srcset=\"https:\/\/justvape.nu\/wp-content\/uploads\/2018\/05\/Packing-List.png 950w, https:\/\/justvape.nu\/wp-content\/uploads\/2018\/05\/Packing-List-555x37.png 555w, https:\/\/justvape.nu\/wp-content\/uploads\/2018\/05\/Packing-List-64x4.png 64w, https:\/\/justvape.nu\/wp-content\/uploads\/2018\/05\/Packing-List-300x20.png 300w, https:\/\/justvape.nu\/wp-content\/uploads\/2018\/05\/Packing-List-768x52.png 768w\" sizes=\"auto, (max-width: 950px) 100vw, 950px\" \/><\/a><\/h2>\n<\/div>\n<p><strong class=\"description-little-title \">Das Paket von Vaporesso Luxe XR 40W Kit kommt mit:<\/strong><\/p>\n<p>1* Vaporesso Luxe X Akku<br \/>\n1* Vaporesso Luxe XR Pod (RDL)<br \/>\n1* Vaporesso Luxe XR Pod (MTL)<br \/>\n1* Vaporesso GTX 0.4\u03a9 Mesh Spule<br \/>\n1* Vaporesso GTX 0.8\u03a9 Mesh Spule<br \/>\n1* Typ-C Kabel<br \/>\n1* Benutzerhandbuch &amp; Garantiekarte<br \/>\n1* Erinnerungskarte<\/p>\n","protected":false},"excerpt":{"rendered":"<p>VAPORESSO &#8211; LUXE XR VAPE KIT<\/p>\n","protected":false},"featured_media":555341,"comment_status":"open","ping_status":"closed","template":"","meta":{"_acf_changed":false,"_uag_custom_page_level_css":"","site-sidebar-layout":"default","site-content-layout":"default","ast-site-content-layout":"default","site-content-style":"default","site-sidebar-style":"default","ast-global-header-display":"","ast-banner-title-visibility":"","ast-main-header-display":"","ast-hfb-above-header-display":"","ast-hfb-below-header-display":"","ast-hfb-mobile-header-display":"","site-post-title":"","ast-breadcrumbs-content":"","ast-featured-img":"","footer-sml-layout":"","ast-disable-related-posts":"","theme-transparent-header-meta":"default","adv-header-id-meta":"","stick-header-meta":"default","header-above-stick-meta":"","header-main-stick-meta":"","header-below-stick-meta":"","astra-migrate-meta-layouts":"default","ast-page-background-enabled":"default","ast-page-background-meta":{"desktop":{"background-color":"","background-image":"","background-repeat":"repeat","background-position":"center center","background-size":"auto","background-attachment":"scroll","background-type":"","background-media":"","overlay-type":"","overlay-color":"","overlay-opacity":"","overlay-gradient":""},"tablet":{"background-color":"","background-image":"","background-repeat":"repeat","background-position":"center center","background-size":"auto","background-attachment":"scroll","background-type":"","background-media":"","overlay-type":"","overlay-color":"","overlay-opacity":"","overlay-gradient":""},"mobile":{"background-color":"","background-image":"","background-repeat":"repeat","background-position":"center center","background-size":"auto","background-attachment":"scroll","background-type":"","background-media":"","overlay-type":"","overlay-color":"","overlay-opacity":"","overlay-gradient":""}},"ast-content-background-meta":{"desktop":{"background-color":"var(--ast-global-color-5)","background-image":"","background-repeat":"repeat","background-position":"center center","background-size":"auto","background-attachment":"scroll","background-type":"","background-media":"","overlay-type":"","overlay-color":"","overlay-opacity":"","overlay-gradient":""},"tablet":{"background-color":"var(--ast-global-color-5)","background-image":"","background-repeat":"repeat","background-position":"center center","background-size":"auto","background-attachment":"scroll","background-type":"","background-media":"","overlay-type":"","overlay-color":"","overlay-opacity":"","overlay-gradient":""},"mobile":{"background-color":"var(--ast-global-color-5)","background-image":"","background-repeat":"repeat","background-position":"center center","background-size":"auto","background-attachment":"scroll","background-type":"","background-media":"","overlay-type":"","overlay-color":"","overlay-opacity":"","overlay-gradient":""}}},"product_brand":[],"product_cat":[2077,2067,2511,2512,4265],"product_tag":[],"class_list":{"0":"post-555479","1":"product","2":"type-product","3":"status-publish","4":"has-post-thumbnail","6":"product_cat-anfaenger-kits-pods","7":"product_cat-e-zigaretten","8":"product_cat-hardware-de","9":"product_cat-shop-by-brand-de","10":"product_cat-vaporesso-de","11":"desktop-align-center","12":"tablet-align-center","13":"mobile-align-center","14":"ast-product-gallery-layout-horizontal-slider","15":"ast-product-gallery-with-no-image","16":"ast-product-single-variable","17":"ast-product-tabs-layout-horizontal","19":"first","20":"instock","21":"sale","22":"taxable","23":"shipping-taxable","24":"purchasable","25":"product-type-variable"},"acf":[],"uagb_featured_image_src":{"full":["https:\/\/justvape.nu\/wp-content\/uploads\/2022\/12\/VLXRK20220930_2048x.webp",800,800,false],"thumbnail":["https:\/\/justvape.nu\/wp-content\/uploads\/2022\/12\/VLXRK20220930_2048x-150x150.webp",150,150,true],"medium":["https:\/\/justvape.nu\/wp-content\/uploads\/2022\/12\/VLXRK20220930_2048x-300x300.webp",300,300,true],"medium_large":["https:\/\/justvape.nu\/wp-content\/uploads\/2022\/12\/VLXRK20220930_2048x-768x768.webp",768,768,true],"large":["https:\/\/justvape.nu\/wp-content\/uploads\/2022\/12\/VLXRK20220930_2048x.webp",800,800,false],"1536x1536":["https:\/\/justvape.nu\/wp-content\/uploads\/2022\/12\/VLXRK20220930_2048x.webp",800,800,false],"2048x2048":["https:\/\/justvape.nu\/wp-content\/uploads\/2022\/12\/VLXRK20220930_2048x.webp",800,800,false],"woocommerce_thumbnail":["https:\/\/justvape.nu\/wp-content\/uploads\/2022\/12\/VLXRK20220930_2048x-300x300.webp",300,300,true],"woocommerce_single":["https:\/\/justvape.nu\/wp-content\/uploads\/2022\/12\/VLXRK20220930_2048x-600x600.webp",600,600,true],"woocommerce_gallery_thumbnail":["https:\/\/justvape.nu\/wp-content\/uploads\/2022\/12\/VLXRK20220930_2048x-100x100.webp",100,100,true],"dgwt-wcas-product-suggestion":["https:\/\/justvape.nu\/wp-content\/uploads\/2022\/12\/VLXRK20220930_2048x-64x64.webp",64,64,true]},"uagb_author_info":{"display_name":"Kenneth Merkur","author_link":"https:\/\/justvape.nu\/de\/author\/"},"uagb_comment_info":0,"uagb_excerpt":"VAPORESSO - LUXE XR VAPE KIT","_links":{"self":[{"href":"https:\/\/justvape.nu\/de\/wp-json\/wp\/v2\/product\/555479","targetHints":{"allow":["GET"]}}],"collection":[{"href":"https:\/\/justvape.nu\/de\/wp-json\/wp\/v2\/product"}],"about":[{"href":"https:\/\/justvape.nu\/de\/wp-json\/wp\/v2\/types\/product"}],"replies":[{"embeddable":true,"href":"https:\/\/justvape.nu\/de\/wp-json\/wp\/v2\/comments?post=555479"}],"wp:featuredmedia":[{"embeddable":true,"href":"https:\/\/justvape.nu\/de\/wp-json\/wp\/v2\/media\/555341"}],"wp:attachment":[{"href":"https:\/\/justvape.nu\/de\/wp-json\/wp\/v2\/media?parent=555479"}],"wp:term":[{"taxonomy":"product_brand","embeddable":true,"href":"https:\/\/justvape.nu\/de\/wp-json\/wp\/v2\/product_brand?post=555479"},{"taxonomy":"product_cat","embeddable":true,"href":"https:\/\/justvape.nu\/de\/wp-json\/wp\/v2\/product_cat?post=555479"},{"taxonomy":"product_tag","embeddable":true,"href":"https:\/\/justvape.nu\/de\/wp-json\/wp\/v2\/product_tag?post=555479"}],"curies":[{"name":"wp","href":"https:\/\/api.w.org\/{rel}","templated":true}]}}