{"id":547984,"date":"2022-11-15T23:00:17","date_gmt":"2022-11-15T22:00:17","guid":{"rendered":"https:\/\/justvape.nu\/produkt\/freemax-marvos-ms-mesh-coils\/"},"modified":"2026-03-30T22:14:31","modified_gmt":"2026-03-30T20:14:31","slug":"freemax-marvos-ms-mesh-coils","status":"publish","type":"product","link":"https:\/\/justvape.nu\/de\/produkt\/freemax-marvos-ms-mesh-coils\/","title":{"rendered":"FREEMAX &#8211; MARVOS MS MESH COILS"},"content":{"rendered":"<h2>FREEMAX &#8211; MARVOS MS MESH COILS<\/h2>\n<p>Freemax &#8211; Marvos MS Mesh Coil ist kompatibel mit Freemax Marvos T 80W\/Marvos 60W Kit. Es nutzt die branchenf\u00fchrende Mesh-Coil-Technologie FM COIL4.0 (Tea Fiber Cotton Formula &amp; Military Grade SS904L Mesh), die hervorragende Leistung bei der Herstellung von reichlich Wolken und wunderbare Aromen bei 40-80W bringen wird. Es gibt vier Arten von Spule f\u00fcr Sie zu w\u00e4hlen: 0.15ohm, 0.25ohm, 0.35ohm, 0.5ohm. 5 St\u00fcck pro Packung.<\/p>\n<p>&nbsp;<\/p>\n<table class=\"description-table\">\n<tbody>\n<tr>\n<td class=\"strong-title \">Marke<\/td>\n<td class=\"inline\">Freemax<\/td>\n<\/tr>\n<tr>\n<td class=\"strong-title \">Produktname<\/td>\n<td class=\"inline\">MS Mesh Spule<\/td>\n<\/tr>\n<tr>\n<td class=\"strong-title \">Gr\u00f6\u00dfe<\/td>\n<td class=\"inline\">\u03a611.9*25.5mm<\/td>\n<\/tr>\n<tr>\n<td class=\"strong-title \">Material<\/td>\n<td class=\"inline\">SS904l Mesh\/Tea Fiber Baumwolle<\/td>\n<\/tr>\n<tr>\n<td class=\"strong-title \">Coil Resistance<\/td>\n<td class=\"inline\">0,15Ohm (60W, 70W, 80W), 0,25Ohm (40W, 50W, 55W), 0,35Ohm, 0,5Ohm<\/td>\n<\/tr>\n<tr>\n<td class=\"strong-title \">Geeignet f\u00fcr<\/td>\n<td class=\"inline\">Freemax Marvos T 80W\/Marvos 60W Kit und Marvos Pods<\/td>\n<\/tr>\n<tr>\n<td class=\"strong-title \">Menge<\/td>\n<td class=\"inline\">5St\u00fcck pro Packung<\/td>\n<\/tr>\n<\/tbody>\n<\/table>\n","protected":false},"excerpt":{"rendered":"<p>FREEMAX &#8211; MARVOS MS MESH COILS<\/p>\n","protected":false},"featured_media":547433,"comment_status":"open","ping_status":"closed","template":"","meta":{"_acf_changed":false,"_uag_custom_page_level_css":"","site-sidebar-layout":"default","site-content-layout":"default","ast-site-content-layout":"default","site-content-style":"default","site-sidebar-style":"default","ast-global-header-display":"","ast-banner-title-visibility":"","ast-main-header-display":"","ast-hfb-above-header-display":"","ast-hfb-below-header-display":"","ast-hfb-mobile-header-display":"","site-post-title":"","ast-breadcrumbs-content":"","ast-featured-img":"","footer-sml-layout":"","ast-disable-related-posts":"","theme-transparent-header-meta":"default","adv-header-id-meta":"","stick-header-meta":"default","header-above-stick-meta":"","header-main-stick-meta":"","header-below-stick-meta":"","astra-migrate-meta-layouts":"default","ast-page-background-enabled":"default","ast-page-background-meta":{"desktop":{"background-color":"","background-image":"","background-repeat":"repeat","background-position":"center center","background-size":"auto","background-attachment":"scroll","background-type":"","background-media":"","overlay-type":"","overlay-color":"","overlay-opacity":"","overlay-gradient":""},"tablet":{"background-color":"","background-image":"","background-repeat":"repeat","background-position":"center center","background-size":"auto","background-attachment":"scroll","background-type":"","background-media":"","overlay-type":"","overlay-color":"","overlay-opacity":"","overlay-gradient":""},"mobile":{"background-color":"","background-image":"","background-repeat":"repeat","background-position":"center center","background-size":"auto","background-attachment":"scroll","background-type":"","background-media":"","overlay-type":"","overlay-color":"","overlay-opacity":"","overlay-gradient":""}},"ast-content-background-meta":{"desktop":{"background-color":"var(--ast-global-color-5)","background-image":"","background-repeat":"repeat","background-position":"center center","background-size":"auto","background-attachment":"scroll","background-type":"","background-media":"","overlay-type":"","overlay-color":"","overlay-opacity":"","overlay-gradient":""},"tablet":{"background-color":"var(--ast-global-color-5)","background-image":"","background-repeat":"repeat","background-position":"center center","background-size":"auto","background-attachment":"scroll","background-type":"","background-media":"","overlay-type":"","overlay-color":"","overlay-opacity":"","overlay-gradient":""},"mobile":{"background-color":"var(--ast-global-color-5)","background-image":"","background-repeat":"repeat","background-position":"center center","background-size":"auto","background-attachment":"scroll","background-type":"","background-media":"","overlay-type":"","overlay-color":"","overlay-opacity":"","overlay-gradient":""}}},"product_brand":[],"product_cat":[2057,1977],"product_tag":[],"class_list":{"0":"post-547984","1":"product","2":"type-product","3":"status-publish","4":"has-post-thumbnail","6":"product_cat-spulen-huelsen","7":"product_cat-tanks-spulen","8":"desktop-align-center","9":"tablet-align-center","10":"mobile-align-center","11":"ast-product-gallery-layout-horizontal-slider","12":"ast-product-gallery-with-no-image","13":"ast-product-single-variable","14":"ast-product-tabs-layout-horizontal","16":"first","17":"instock","18":"sale","19":"taxable","20":"shipping-taxable","21":"purchasable","22":"product-type-variable"},"acf":[],"uagb_featured_image_src":{"full":["https:\/\/justvape.nu\/wp-content\/uploads\/2022\/11\/FreeMax-Marvos-MS-Mesh-Coil-1_ynleE.jpeg",1000,1000,false],"thumbnail":["https:\/\/justvape.nu\/wp-content\/uploads\/2022\/11\/FreeMax-Marvos-MS-Mesh-Coil-1_ynleE-150x150.jpeg",150,150,true],"medium":["https:\/\/justvape.nu\/wp-content\/uploads\/2022\/11\/FreeMax-Marvos-MS-Mesh-Coil-1_ynleE-300x300.jpeg",300,300,true],"medium_large":["https:\/\/justvape.nu\/wp-content\/uploads\/2022\/11\/FreeMax-Marvos-MS-Mesh-Coil-1_ynleE-768x768.jpeg",768,768,true],"large":["https:\/\/justvape.nu\/wp-content\/uploads\/2022\/11\/FreeMax-Marvos-MS-Mesh-Coil-1_ynleE.jpeg",1000,1000,false],"1536x1536":["https:\/\/justvape.nu\/wp-content\/uploads\/2022\/11\/FreeMax-Marvos-MS-Mesh-Coil-1_ynleE.jpeg",1000,1000,false],"2048x2048":["https:\/\/justvape.nu\/wp-content\/uploads\/2022\/11\/FreeMax-Marvos-MS-Mesh-Coil-1_ynleE.jpeg",1000,1000,false],"woocommerce_thumbnail":["https:\/\/justvape.nu\/wp-content\/uploads\/2022\/11\/FreeMax-Marvos-MS-Mesh-Coil-1_ynleE-300x300.jpeg",300,300,true],"woocommerce_single":["https:\/\/justvape.nu\/wp-content\/uploads\/2022\/11\/FreeMax-Marvos-MS-Mesh-Coil-1_ynleE-600x600.jpeg",600,600,true],"woocommerce_gallery_thumbnail":["https:\/\/justvape.nu\/wp-content\/uploads\/2022\/11\/FreeMax-Marvos-MS-Mesh-Coil-1_ynleE-100x100.jpeg",100,100,true],"dgwt-wcas-product-suggestion":["https:\/\/justvape.nu\/wp-content\/uploads\/2022\/11\/FreeMax-Marvos-MS-Mesh-Coil-1_ynleE-64x64.jpeg",64,64,true]},"uagb_author_info":{"display_name":"Kenneth Merkur","author_link":"https:\/\/justvape.nu\/de\/author\/"},"uagb_comment_info":0,"uagb_excerpt":"FREEMAX - MARVOS MS MESH COILS","_links":{"self":[{"href":"https:\/\/justvape.nu\/de\/wp-json\/wp\/v2\/product\/547984","targetHints":{"allow":["GET"]}}],"collection":[{"href":"https:\/\/justvape.nu\/de\/wp-json\/wp\/v2\/product"}],"about":[{"href":"https:\/\/justvape.nu\/de\/wp-json\/wp\/v2\/types\/product"}],"replies":[{"embeddable":true,"href":"https:\/\/justvape.nu\/de\/wp-json\/wp\/v2\/comments?post=547984"}],"wp:featuredmedia":[{"embeddable":true,"href":"https:\/\/justvape.nu\/de\/wp-json\/wp\/v2\/media\/547433"}],"wp:attachment":[{"href":"https:\/\/justvape.nu\/de\/wp-json\/wp\/v2\/media?parent=547984"}],"wp:term":[{"taxonomy":"product_brand","embeddable":true,"href":"https:\/\/justvape.nu\/de\/wp-json\/wp\/v2\/product_brand?post=547984"},{"taxonomy":"product_cat","embeddable":true,"href":"https:\/\/justvape.nu\/de\/wp-json\/wp\/v2\/product_cat?post=547984"},{"taxonomy":"product_tag","embeddable":true,"href":"https:\/\/justvape.nu\/de\/wp-json\/wp\/v2\/product_tag?post=547984"}],"curies":[{"name":"wp","href":"https:\/\/api.w.org\/{rel}","templated":true}]}}