{"id":546055,"date":"2022-11-09T20:54:23","date_gmt":"2022-11-09T19:54:23","guid":{"rendered":"https:\/\/justvape.nu\/produkt\/voopoo-drag-e60-kit\/"},"modified":"2026-02-09T14:49:30","modified_gmt":"2026-02-09T13:49:30","slug":"voopoo-drag-e60-kit-2","status":"publish","type":"product","link":"https:\/\/justvape.nu\/de\/produkt\/voopoo-drag-e60-kit-2\/","title":{"rendered":"VOOPOO &#8211; DRAG E60 KIT"},"content":{"rendered":"<h2>VOOPOO &#8211; DRAG E60 KIT<\/h2>\n<div class=\"description\">\n<p>Mit einer Leistung von bis zu 60W ist er die ideale Option f\u00fcr DTL (Direct To Lung) Vaping, kann aber dank der gro\u00dfen Auswahl an kompatiblen PnP-Coils auch f\u00fcr MTL (Mouth To Lung) und Restricted-DTL Vaping verwendet werden. Zusammen mit einem 2ml-Pod-Tank sind zwei PnP-Coils im Lieferumfang enthalten, um den Einstieg zu erleichtern. Der 2550mAh-Akku, der in das Kit eingebaut ist, wurde entwickelt, um mehr Dampf zwischen den Aufladungen zu liefern.<\/p>\n<p>Das Einrichten des Kits ist sehr einfach. Dank des Smart-Modus erkennt der E60 sofort, welche Wicklung Sie in den Pod eingebaut haben und w\u00e4hlt die richtige Wattzahl f\u00fcr Sie aus. Das bedeutet, dass Sie sich ganz auf das Dampfen konzentrieren k\u00f6nnen, ohne sich \u00fcber verbrannte Spulen Gedanken machen zu m\u00fcssen. Wenn Sie Lust auf individuelle Anpassungen haben, wechseln Sie in den RBA-Modus und w\u00e4hlen Sie eine Leistungsstufe zwischen 5 und 60 W. Wenn Ihr Akku zur Neige geht oder Sie wissen, dass Sie f\u00fcr eine Weile nicht in der N\u00e4he Ihres Ladeger\u00e4ts sein werden, schalten Sie Ihren Vape in den ECO-Modus.<\/p>\n<p>Der PnP Pod 2 fasst bis zu 2 ml Ihres Lieblings-E-Liquids und ist dank des einfachen Bef\u00fcllungsdesigns leicht zu warten. Drehen Sie einfach die Tropferspitze um ein Viertel, um die F\u00fcll\u00f6ffnungen freizulegen. Durch Drehen des eingebauten Pods wird der Luftstrom gelockert oder gestrafft, um ein angenehmes Inhalieren zu erm\u00f6glichen. Die mitgelieferten Mesh-Coils erzeugen eine gro\u00dfe Menge an Dampf und sorgen f\u00fcr einen besseren Geschmack.<\/p>\n<\/div>\n<div id=\"shopify-product-reviews\" data-id=\"6815034376294\"><a href=\"https:\/\/justvape.nu\/wp-content\/uploads\/2018\/05\/Color-Schemes.png\"><img loading=\"lazy\" decoding=\"async\" class=\"alignnone size-full wp-image-19187\" src=\"https:\/\/justvape.nu\/wp-content\/uploads\/2018\/05\/Color-Schemes.png\" alt=\"\" width=\"950\" height=\"64\" title=\"\" srcset=\"https:\/\/justvape.nu\/wp-content\/uploads\/2018\/05\/Color-Schemes.png 950w, https:\/\/justvape.nu\/wp-content\/uploads\/2018\/05\/Color-Schemes-555x37.png 555w, https:\/\/justvape.nu\/wp-content\/uploads\/2018\/05\/Color-Schemes-64x4.png 64w, https:\/\/justvape.nu\/wp-content\/uploads\/2018\/05\/Color-Schemes-300x20.png 300w, https:\/\/justvape.nu\/wp-content\/uploads\/2018\/05\/Color-Schemes-768x52.png 768w\" sizes=\"auto, (max-width: 950px) 100vw, 950px\" \/><\/a><\/div>\n<div data-id=\"6815034376294\">\n<p class=\"description-img-center\"><a href=\"https:\/\/justvape.nu\/wp-content\/uploads\/2022\/11\/VOOPOO_Drag_E60_Kit_Full_Colors.jpg\"><img loading=\"lazy\" decoding=\"async\" class=\"alignnone size-full wp-image-545936\" src=\"https:\/\/justvape.nu\/wp-content\/uploads\/2022\/11\/VOOPOO_Drag_E60_Kit_Full_Colors.jpg\" alt=\"\" width=\"831\" height=\"265\" title=\"\" srcset=\"https:\/\/justvape.nu\/wp-content\/uploads\/2022\/11\/VOOPOO_Drag_E60_Kit_Full_Colors.jpg 831w, https:\/\/justvape.nu\/wp-content\/uploads\/2022\/11\/VOOPOO_Drag_E60_Kit_Full_Colors-300x96.jpg 300w, https:\/\/justvape.nu\/wp-content\/uploads\/2022\/11\/VOOPOO_Drag_E60_Kit_Full_Colors-768x245.jpg 768w, https:\/\/justvape.nu\/wp-content\/uploads\/2022\/11\/VOOPOO_Drag_E60_Kit_Full_Colors-600x191.jpg 600w, https:\/\/justvape.nu\/wp-content\/uploads\/2022\/11\/VOOPOO_Drag_E60_Kit_Full_Colors-64x20.jpg 64w\" sizes=\"auto, (max-width: 831px) 100vw, 831px\" \/><\/a><\/p>\n<div class=\"shop-features \">\n<h2 class=\"shop-features-title \"><a href=\"https:\/\/justvape.nu\/wp-content\/uploads\/2018\/05\/Specifications.png\"><img loading=\"lazy\" decoding=\"async\" class=\"alignnone size-full wp-image-248449\" src=\"https:\/\/justvape.nu\/wp-content\/uploads\/2018\/05\/Specifications.png\" alt=\"\" width=\"950\" height=\"64\" title=\"\" srcset=\"https:\/\/justvape.nu\/wp-content\/uploads\/2018\/05\/Specifications.png 950w, https:\/\/justvape.nu\/wp-content\/uploads\/2018\/05\/Specifications-600x40.png 600w, https:\/\/justvape.nu\/wp-content\/uploads\/2018\/05\/Specifications-64x4.png 64w, https:\/\/justvape.nu\/wp-content\/uploads\/2018\/05\/Specifications-300x20.png 300w, https:\/\/justvape.nu\/wp-content\/uploads\/2018\/05\/Specifications-768x52.png 768w\" sizes=\"auto, (max-width: 950px) 100vw, 950px\" \/><\/a><\/h2>\n<\/div>\n<p><strong class=\"description-little-title\">VOOPOO Drag E60 Pod Mod Kit Parameter:<\/strong><\/p>\n<table class=\"description-table\">\n<tbody>\n<tr>\n<td class=\"strong-title \">Marke<\/td>\n<td class=\"inline\">VOOPOO<\/td>\n<\/tr>\n<tr>\n<td class=\"strong-title \">Produktname<\/td>\n<td class=\"inline\">Drag E60 Bausatz<\/td>\n<\/tr>\n<tr>\n<td class=\"strong-title \">Gr\u00f6\u00dfe<\/td>\n<td class=\"inline\">94*24.9*46mm<\/td>\n<\/tr>\n<tr>\n<td class=\"strong-title \">Batterie<\/td>\n<td class=\"inline\">Eingebauter 2550mAh-Akku<\/td>\n<\/tr>\n<tr>\n<td class=\"strong-title \">Leistungsbereich<\/td>\n<td class=\"inline\">5-60W<\/td>\n<\/tr>\n<tr>\n<td class=\"strong-title \">Eingangsspannung<\/td>\n<td class=\"inline\">3,2V-4,2V<\/td>\n<\/tr>\n<tr>\n<td class=\"strong-title \">Ladespannung<\/td>\n<td class=\"inline\">5V\/2A<\/td>\n<\/tr>\n<tr>\n<td class=\"strong-title \">Aufladen<\/td>\n<td class=\"inline\">Typ-C-Laden<\/td>\n<\/tr>\n<tr>\n<td class=\"strong-title \">Modus<\/td>\n<td class=\"inline\">Smart\/RBA\/ECO-Modus<\/td>\n<\/tr>\n<tr>\n<td class=\"strong-title \">Widerstandsbereich<\/td>\n<td class=\"inline\">0.1~3.0\u03a9<\/td>\n<\/tr>\n<tr>\n<td class=\"strong-title \">Kapazit\u00e4t<\/td>\n<td class=\"inline\">2ml (Standardausgabe)<\/td>\n<\/tr>\n<tr>\n<td class=\"strong-title \">F\u00fcllen<\/td>\n<td class=\"inline\">F\u00fcllung oben<\/td>\n<\/tr>\n<tr>\n<td class=\"strong-title \">Geeignet f\u00fcr<\/td>\n<td class=\"inline\">PnP Pod II, alle PnP Spulen<\/td>\n<\/tr>\n<tr>\n<td class=\"strong-title \">Farbe<\/td>\n<td class=\"inline\">Golden, Rosa, Grau, Schwarz, Kaffee, Kohlefaser<\/td>\n<\/tr>\n<\/tbody>\n<\/table>\n<div class=\"shop-features \">\n<h2 class=\"shop-features-title \"><a href=\"https:\/\/justvape.nu\/wp-content\/uploads\/2018\/05\/Features.png\"><img loading=\"lazy\" decoding=\"async\" class=\"alignnone size-full wp-image-18994\" src=\"https:\/\/justvape.nu\/wp-content\/uploads\/2018\/05\/Features.png\" alt=\"\" width=\"950\" height=\"64\" title=\"\" srcset=\"https:\/\/justvape.nu\/wp-content\/uploads\/2018\/05\/Features.png 950w, https:\/\/justvape.nu\/wp-content\/uploads\/2018\/05\/Features-555x37.png 555w, https:\/\/justvape.nu\/wp-content\/uploads\/2018\/05\/Features-64x4.png 64w, https:\/\/justvape.nu\/wp-content\/uploads\/2018\/05\/Features-300x20.png 300w, https:\/\/justvape.nu\/wp-content\/uploads\/2018\/05\/Features-768x52.png 768w\" sizes=\"auto, (max-width: 950px) 100vw, 950px\" \/><\/a><\/h2>\n<\/div>\n<p><strong class=\"description-little-title\">VOOPOO Drag E60 Details:<\/strong><\/p>\n<ul>\n<li>1. Stromversorgung durch eingebauten 2550mAh Akku und GENE.TT Chip<\/li>\n<li>2. Smart\/RBA\/ECO-Modus f\u00fcr unterschiedliche Anforderungen<\/li>\n<li>3. Fit f\u00fcr VOOPOO PnP Pod II und alle PnP Spule<\/li>\n<li>4. 2ml e-Saft Kapazit\u00e4t, einfach oben F\u00fcllung System<\/li>\n<li>5. Mehrere Schutzvorrichtungen zur Gew\u00e4hrleistung der sicheren Nutzung<\/li>\n<\/ul>\n<div class=\"shop-features \">\n<h2 class=\"shop-features-title \"><a href=\"https:\/\/justvape.nu\/wp-content\/uploads\/2018\/05\/Packing-List.png\"><img loading=\"lazy\" decoding=\"async\" class=\"alignnone size-full wp-image-248468\" src=\"https:\/\/justvape.nu\/wp-content\/uploads\/2018\/05\/Packing-List.png\" alt=\"\" width=\"950\" height=\"64\" title=\"\" srcset=\"https:\/\/justvape.nu\/wp-content\/uploads\/2018\/05\/Packing-List.png 950w, https:\/\/justvape.nu\/wp-content\/uploads\/2018\/05\/Packing-List-600x40.png 600w, https:\/\/justvape.nu\/wp-content\/uploads\/2018\/05\/Packing-List-64x4.png 64w, https:\/\/justvape.nu\/wp-content\/uploads\/2018\/05\/Packing-List-300x20.png 300w, https:\/\/justvape.nu\/wp-content\/uploads\/2018\/05\/Packing-List-768x52.png 768w\" sizes=\"auto, (max-width: 950px) 100vw, 950px\" \/><\/a><\/h2>\n<\/div>\n<p><strong class=\"description-little-title \">Das Paket von VOOPOO Drag E60 Starter Kit kommt mit:<\/strong><\/p>\n<p>1* VOOPOO Drag E60 Ger\u00e4t<br \/>\n1* VOOPOO PnP Pod II (2ml)<br \/>\n1* VOOPOO PnP-TW30 (0.3\u03a9) Spule<br \/>\n1* VOOPOO PnP-TW20 (0.2\u03a9) Spule<br \/>\n1* Typ-C Kabel<br \/>\n1 * Benutzerhandbuch<\/p>\n<div class=\"shop-features \"><\/div>\n<\/div>\n","protected":false},"excerpt":{"rendered":"<p>VOOPOO &#8211; DRAG E60 KIT<\/p>\n","protected":false},"featured_media":545921,"comment_status":"open","ping_status":"closed","template":"","meta":{"_acf_changed":false,"_uag_custom_page_level_css":"","site-sidebar-layout":"default","site-content-layout":"default","ast-site-content-layout":"default","site-content-style":"default","site-sidebar-style":"default","ast-global-header-display":"","ast-banner-title-visibility":"","ast-main-header-display":"","ast-hfb-above-header-display":"","ast-hfb-below-header-display":"","ast-hfb-mobile-header-display":"","site-post-title":"","ast-breadcrumbs-content":"","ast-featured-img":"","footer-sml-layout":"","ast-disable-related-posts":"","theme-transparent-header-meta":"default","adv-header-id-meta":"","stick-header-meta":"default","header-above-stick-meta":"","header-main-stick-meta":"","header-below-stick-meta":"","astra-migrate-meta-layouts":"default","ast-page-background-enabled":"default","ast-page-background-meta":{"desktop":{"background-color":"","background-image":"","background-repeat":"repeat","background-position":"center center","background-size":"auto","background-attachment":"scroll","background-type":"","background-media":"","overlay-type":"","overlay-color":"","overlay-opacity":"","overlay-gradient":""},"tablet":{"background-color":"","background-image":"","background-repeat":"repeat","background-position":"center center","background-size":"auto","background-attachment":"scroll","background-type":"","background-media":"","overlay-type":"","overlay-color":"","overlay-opacity":"","overlay-gradient":""},"mobile":{"background-color":"","background-image":"","background-repeat":"repeat","background-position":"center center","background-size":"auto","background-attachment":"scroll","background-type":"","background-media":"","overlay-type":"","overlay-color":"","overlay-opacity":"","overlay-gradient":""}},"ast-content-background-meta":{"desktop":{"background-color":"var(--ast-global-color-5)","background-image":"","background-repeat":"repeat","background-position":"center center","background-size":"auto","background-attachment":"scroll","background-type":"","background-media":"","overlay-type":"","overlay-color":"","overlay-opacity":"","overlay-gradient":""},"tablet":{"background-color":"var(--ast-global-color-5)","background-image":"","background-repeat":"repeat","background-position":"center center","background-size":"auto","background-attachment":"scroll","background-type":"","background-media":"","overlay-type":"","overlay-color":"","overlay-opacity":"","overlay-gradient":""},"mobile":{"background-color":"var(--ast-global-color-5)","background-image":"","background-repeat":"repeat","background-position":"center center","background-size":"auto","background-attachment":"scroll","background-type":"","background-media":"","overlay-type":"","overlay-color":"","overlay-opacity":"","overlay-gradient":""}}},"product_brand":[],"product_cat":[2511,2512,2513],"product_tag":[],"class_list":{"0":"post-546055","1":"product","2":"type-product","3":"status-publish","4":"has-post-thumbnail","6":"product_cat-hardware-de","7":"product_cat-shop-by-brand-de","8":"product_cat-voopoo-de","9":"desktop-align-center","10":"tablet-align-center","11":"mobile-align-center","12":"ast-product-gallery-layout-horizontal-slider","13":"ast-product-gallery-with-no-image","14":"ast-product-single-variable","15":"ast-product-tabs-layout-horizontal","17":"first","18":"instock","19":"sale","20":"taxable","21":"shipping-taxable","22":"purchasable","23":"product-type-variable"},"acf":[],"uagb_featured_image_src":{"full":["https:\/\/justvape.nu\/wp-content\/uploads\/2022\/11\/VOOPOO-Drag-E60-Pod-Mod-Kit.jpg",800,800,false],"thumbnail":["https:\/\/justvape.nu\/wp-content\/uploads\/2022\/11\/VOOPOO-Drag-E60-Pod-Mod-Kit-150x150.jpg",150,150,true],"medium":["https:\/\/justvape.nu\/wp-content\/uploads\/2022\/11\/VOOPOO-Drag-E60-Pod-Mod-Kit-300x300.jpg",300,300,true],"medium_large":["https:\/\/justvape.nu\/wp-content\/uploads\/2022\/11\/VOOPOO-Drag-E60-Pod-Mod-Kit-768x768.jpg",768,768,true],"large":["https:\/\/justvape.nu\/wp-content\/uploads\/2022\/11\/VOOPOO-Drag-E60-Pod-Mod-Kit.jpg",800,800,false],"1536x1536":["https:\/\/justvape.nu\/wp-content\/uploads\/2022\/11\/VOOPOO-Drag-E60-Pod-Mod-Kit.jpg",800,800,false],"2048x2048":["https:\/\/justvape.nu\/wp-content\/uploads\/2022\/11\/VOOPOO-Drag-E60-Pod-Mod-Kit.jpg",800,800,false],"woocommerce_thumbnail":["https:\/\/justvape.nu\/wp-content\/uploads\/2022\/11\/VOOPOO-Drag-E60-Pod-Mod-Kit-300x300.jpg",300,300,true],"woocommerce_single":["https:\/\/justvape.nu\/wp-content\/uploads\/2022\/11\/VOOPOO-Drag-E60-Pod-Mod-Kit-600x600.jpg",600,600,true],"woocommerce_gallery_thumbnail":["https:\/\/justvape.nu\/wp-content\/uploads\/2022\/11\/VOOPOO-Drag-E60-Pod-Mod-Kit-100x100.jpg",100,100,true],"dgwt-wcas-product-suggestion":["https:\/\/justvape.nu\/wp-content\/uploads\/2022\/11\/VOOPOO-Drag-E60-Pod-Mod-Kit-64x64.jpg",64,64,true]},"uagb_author_info":{"display_name":"Kenneth Merkur","author_link":"https:\/\/justvape.nu\/de\/author\/"},"uagb_comment_info":0,"uagb_excerpt":"VOOPOO - DRAG E60 KIT","_links":{"self":[{"href":"https:\/\/justvape.nu\/de\/wp-json\/wp\/v2\/product\/546055","targetHints":{"allow":["GET"]}}],"collection":[{"href":"https:\/\/justvape.nu\/de\/wp-json\/wp\/v2\/product"}],"about":[{"href":"https:\/\/justvape.nu\/de\/wp-json\/wp\/v2\/types\/product"}],"replies":[{"embeddable":true,"href":"https:\/\/justvape.nu\/de\/wp-json\/wp\/v2\/comments?post=546055"}],"wp:featuredmedia":[{"embeddable":true,"href":"https:\/\/justvape.nu\/de\/wp-json\/wp\/v2\/media\/545921"}],"wp:attachment":[{"href":"https:\/\/justvape.nu\/de\/wp-json\/wp\/v2\/media?parent=546055"}],"wp:term":[{"taxonomy":"product_brand","embeddable":true,"href":"https:\/\/justvape.nu\/de\/wp-json\/wp\/v2\/product_brand?post=546055"},{"taxonomy":"product_cat","embeddable":true,"href":"https:\/\/justvape.nu\/de\/wp-json\/wp\/v2\/product_cat?post=546055"},{"taxonomy":"product_tag","embeddable":true,"href":"https:\/\/justvape.nu\/de\/wp-json\/wp\/v2\/product_tag?post=546055"}],"curies":[{"name":"wp","href":"https:\/\/api.w.org\/{rel}","templated":true}]}}