{"id":539593,"date":"2022-10-12T12:40:57","date_gmt":"2022-10-12T10:40:57","guid":{"rendered":"https:\/\/justvape.nu\/produkt\/innokin-zlide-top-tank\/"},"modified":"2023-01-29T20:19:16","modified_gmt":"2023-01-29T19:19:16","slug":"innokin-zlide-top-tank-2","status":"publish","type":"product","link":"https:\/\/justvape.nu\/de\/produkt\/innokin-zlide-top-tank-2\/","title":{"rendered":"INNOKIN &#8211; ZLIDE TOP TANK"},"content":{"rendered":"<h2>INNOKIN &#8211; ZLIDE TOP TANK<\/h2>\n<p>Innokin ist wieder mit einer neuen und verbesserten Version des Zlide Tank heraus!<\/p>\n<p>Das meistverkaufte Zlide Tank kehrt mit einem brandneuen Look und verbesserter Leistung zur\u00fcck. Die<br \/>\nZlide Top bietet einen Luftstrom von oben, der alle Lecks beseitigt. Das neu gestaltete Airflow-System erm\u00f6glicht eine gr\u00f6\u00dfere Kontrolle als je zuvor, mit einer breiten Palette von Optionen von engen MTL bis hin zu weichen und geschmackvollen RDL-Z\u00fcgen.<\/p>\n<p><strong>Verpackung: <\/strong><\/p>\n<p>1 x Zlide Top 2ml Tank (0,6\u03a9 DuoPrime Z-Coil)<\/p>\n<p>1 x Ersatz 0,3\u03a9 RDL Z-Spule<\/p>\n<p>1 x Ersatz-RDL-Tropfenspitze<\/p>\n<p>1 x Ersatzsatz O-Ringe<\/p>\n<p>1 x Benutzerhandbuch<\/p>\n","protected":false},"excerpt":{"rendered":"<p>INNOKIN &#8211; ZLIDE TOP TANK<\/p>\n","protected":false},"featured_media":539572,"comment_status":"open","ping_status":"closed","template":"","meta":{"_acf_changed":false,"_uag_custom_page_level_css":"","site-sidebar-layout":"default","site-content-layout":"default","ast-site-content-layout":"default","site-content-style":"default","site-sidebar-style":"default","ast-global-header-display":"","ast-banner-title-visibility":"","ast-main-header-display":"","ast-hfb-above-header-display":"","ast-hfb-below-header-display":"","ast-hfb-mobile-header-display":"","site-post-title":"","ast-breadcrumbs-content":"","ast-featured-img":"","footer-sml-layout":"","ast-disable-related-posts":"","theme-transparent-header-meta":"default","adv-header-id-meta":"","stick-header-meta":"default","header-above-stick-meta":"","header-main-stick-meta":"","header-below-stick-meta":"","astra-migrate-meta-layouts":"default","ast-page-background-enabled":"default","ast-page-background-meta":{"desktop":{"background-color":"","background-image":"","background-repeat":"repeat","background-position":"center center","background-size":"auto","background-attachment":"scroll","background-type":"","background-media":"","overlay-type":"","overlay-color":"","overlay-opacity":"","overlay-gradient":""},"tablet":{"background-color":"","background-image":"","background-repeat":"repeat","background-position":"center center","background-size":"auto","background-attachment":"scroll","background-type":"","background-media":"","overlay-type":"","overlay-color":"","overlay-opacity":"","overlay-gradient":""},"mobile":{"background-color":"","background-image":"","background-repeat":"repeat","background-position":"center center","background-size":"auto","background-attachment":"scroll","background-type":"","background-media":"","overlay-type":"","overlay-color":"","overlay-opacity":"","overlay-gradient":""}},"ast-content-background-meta":{"desktop":{"background-color":"var(--ast-global-color-5)","background-image":"","background-repeat":"repeat","background-position":"center center","background-size":"auto","background-attachment":"scroll","background-type":"","background-media":"","overlay-type":"","overlay-color":"","overlay-opacity":"","overlay-gradient":""},"tablet":{"background-color":"var(--ast-global-color-5)","background-image":"","background-repeat":"repeat","background-position":"center center","background-size":"auto","background-attachment":"scroll","background-type":"","background-media":"","overlay-type":"","overlay-color":"","overlay-opacity":"","overlay-gradient":""},"mobile":{"background-color":"var(--ast-global-color-5)","background-image":"","background-repeat":"repeat","background-position":"center center","background-size":"auto","background-attachment":"scroll","background-type":"","background-media":"","overlay-type":"","overlay-color":"","overlay-opacity":"","overlay-gradient":""}}},"product_brand":[],"product_cat":[2511,2537,2037,2512,1977],"product_tag":[],"class_list":{"0":"post-539593","1":"product","2":"type-product","3":"status-publish","4":"has-post-thumbnail","6":"product_cat-hardware-de","7":"product_cat-innokin-de","8":"product_cat-panzer","9":"product_cat-shop-by-brand-de","10":"product_cat-tanks-spulen","11":"desktop-align-center","12":"tablet-align-center","13":"mobile-align-center","14":"ast-product-gallery-layout-horizontal-slider","15":"ast-product-gallery-with-no-image","16":"ast-product-single-variable","17":"ast-product-tabs-layout-horizontal","19":"first","20":"instock","21":"sale","22":"taxable","23":"shipping-taxable","24":"purchasable","25":"product-type-variable"},"acf":[],"uagb_featured_image_src":{"full":["https:\/\/justvape.nu\/wp-content\/uploads\/2022\/10\/innokin-zlide-top-3ml-atomizer.jpg",1200,1200,false],"thumbnail":["https:\/\/justvape.nu\/wp-content\/uploads\/2022\/10\/innokin-zlide-top-3ml-atomizer-150x150.jpg",150,150,true],"medium":["https:\/\/justvape.nu\/wp-content\/uploads\/2022\/10\/innokin-zlide-top-3ml-atomizer-300x300.jpg",300,300,true],"medium_large":["https:\/\/justvape.nu\/wp-content\/uploads\/2022\/10\/innokin-zlide-top-3ml-atomizer-768x768.jpg",768,768,true],"large":["https:\/\/justvape.nu\/wp-content\/uploads\/2022\/10\/innokin-zlide-top-3ml-atomizer-1024x1024.jpg",1024,1024,true],"1536x1536":["https:\/\/justvape.nu\/wp-content\/uploads\/2022\/10\/innokin-zlide-top-3ml-atomizer.jpg",1200,1200,false],"2048x2048":["https:\/\/justvape.nu\/wp-content\/uploads\/2022\/10\/innokin-zlide-top-3ml-atomizer.jpg",1200,1200,false],"woocommerce_thumbnail":["https:\/\/justvape.nu\/wp-content\/uploads\/2022\/10\/innokin-zlide-top-3ml-atomizer-300x300.jpg",300,300,true],"woocommerce_single":["https:\/\/justvape.nu\/wp-content\/uploads\/2022\/10\/innokin-zlide-top-3ml-atomizer-600x600.jpg",600,600,true],"woocommerce_gallery_thumbnail":["https:\/\/justvape.nu\/wp-content\/uploads\/2022\/10\/innokin-zlide-top-3ml-atomizer-100x100.jpg",100,100,true],"dgwt-wcas-product-suggestion":["https:\/\/justvape.nu\/wp-content\/uploads\/2022\/10\/innokin-zlide-top-3ml-atomizer-64x64.jpg",64,64,true]},"uagb_author_info":{"display_name":"JustVape.nu","author_link":"https:\/\/justvape.nu\/de\/author\/"},"uagb_comment_info":0,"uagb_excerpt":"INNOKIN - ZLIDE TOP TANK","_links":{"self":[{"href":"https:\/\/justvape.nu\/de\/wp-json\/wp\/v2\/product\/539593","targetHints":{"allow":["GET"]}}],"collection":[{"href":"https:\/\/justvape.nu\/de\/wp-json\/wp\/v2\/product"}],"about":[{"href":"https:\/\/justvape.nu\/de\/wp-json\/wp\/v2\/types\/product"}],"replies":[{"embeddable":true,"href":"https:\/\/justvape.nu\/de\/wp-json\/wp\/v2\/comments?post=539593"}],"wp:featuredmedia":[{"embeddable":true,"href":"https:\/\/justvape.nu\/de\/wp-json\/wp\/v2\/media\/539572"}],"wp:attachment":[{"href":"https:\/\/justvape.nu\/de\/wp-json\/wp\/v2\/media?parent=539593"}],"wp:term":[{"taxonomy":"product_brand","embeddable":true,"href":"https:\/\/justvape.nu\/de\/wp-json\/wp\/v2\/product_brand?post=539593"},{"taxonomy":"product_cat","embeddable":true,"href":"https:\/\/justvape.nu\/de\/wp-json\/wp\/v2\/product_cat?post=539593"},{"taxonomy":"product_tag","embeddable":true,"href":"https:\/\/justvape.nu\/de\/wp-json\/wp\/v2\/product_tag?post=539593"}],"curies":[{"name":"wp","href":"https:\/\/api.w.org\/{rel}","templated":true}]}}