{"id":538738,"date":"2022-10-06T17:38:59","date_gmt":"2022-10-06T15:38:59","guid":{"rendered":"https:\/\/justvape.nu\/produkt\/lost-vape-ursa-nano-pro-pod-kit\/"},"modified":"2026-02-03T13:41:36","modified_gmt":"2026-02-03T12:41:36","slug":"lost-vape-ursa-nano-pro-pod-kit-2","status":"publish","type":"product","link":"https:\/\/justvape.nu\/de\/produkt\/lost-vape-ursa-nano-pro-pod-kit-2\/","title":{"rendered":"LOST VAPE &#8211; URSA NANO PRO POD KIT"},"content":{"rendered":"<h2>LOST VAPE &#8211; URSA NANO PRO POD KIT<\/h2>\n<p>Lost Vape Ursa Nano Pro Pod System Kit, verf\u00fcgt \u00fcber einen integrierten 900mAh Akku, Quest Chipsatz, und kann austauschbare oder integrierte Spule Pods verwenden. Der Lost Vape URSA Nano Pro wurde sowohl f\u00fcr Anf\u00e4nger als auch f\u00fcr fortgeschrittene Dampfer entwickelt und kann UB Coils in einem 2mL nachf\u00fcllbaren Pod f\u00fcr diejenigen verwenden, die austauschbare Coils m\u00f6gen, oder einen 0,6ohm integrierten Coil-Pod verwenden, um hervorragenden Geschmack und Dampf von Ihrem Lieblings-E-Saft zu liefern, der seitlich hinter einem Silikonstopfen gef\u00fcllt ist. Angetrieben durch den Quest-Chipsatz, nutzt das Ursa Nano Pro Pod Kit einen internen 900mAh-Akku, um den ganzen Tag \u00fcber zu funktionieren und mit Leichtigkeit zwischen 5-25W zu produzieren. Ausgestattet mit einem einstellbaren Airflow-Control-Schalter, ist der Lost Vape Ursa Nano Pro das vielseitige Vaping-Pod-System, das in Ihrer Sammlung ben\u00f6tigt wird.<\/p>\n<p><img loading=\"lazy\" decoding=\"async\" class=\"alignnone size-full wp-image-383695\" src=\"https:\/\/justvape.nu\/wp-content\/uploads\/2021\/05\/Color-Scheme.png\" alt=\"\" width=\"950\" height=\"64\" title=\"\" srcset=\"https:\/\/justvape.nu\/wp-content\/uploads\/2021\/05\/Color-Scheme.png 950w, https:\/\/justvape.nu\/wp-content\/uploads\/2021\/05\/Color-Scheme-600x40.png 600w, https:\/\/justvape.nu\/wp-content\/uploads\/2021\/05\/Color-Scheme-64x4.png 64w, https:\/\/justvape.nu\/wp-content\/uploads\/2021\/05\/Color-Scheme-300x20.png 300w, https:\/\/justvape.nu\/wp-content\/uploads\/2021\/05\/Color-Scheme-768x52.png 768w\" sizes=\"auto, (max-width: 950px) 100vw, 950px\" \/><\/p>\n<p><img loading=\"lazy\" decoding=\"async\" class=\"alignnone wp-image-538682\" src=\"https:\/\/justvape.nu\/wp-content\/uploads\/2022\/10\/P30A_13.jpg\" alt=\"\" width=\"940\" height=\"490\" title=\"\" srcset=\"https:\/\/justvape.nu\/wp-content\/uploads\/2022\/10\/P30A_13.jpg 1920w, https:\/\/justvape.nu\/wp-content\/uploads\/2022\/10\/P30A_13-300x156.jpg 300w, https:\/\/justvape.nu\/wp-content\/uploads\/2022\/10\/P30A_13-1024x533.jpg 1024w, https:\/\/justvape.nu\/wp-content\/uploads\/2022\/10\/P30A_13-768x400.jpg 768w, https:\/\/justvape.nu\/wp-content\/uploads\/2022\/10\/P30A_13-1536x800.jpg 1536w, https:\/\/justvape.nu\/wp-content\/uploads\/2022\/10\/P30A_13-600x313.jpg 600w, https:\/\/justvape.nu\/wp-content\/uploads\/2022\/10\/P30A_13-64x33.jpg 64w\" sizes=\"auto, (max-width: 940px) 100vw, 940px\" \/> <img loading=\"lazy\" decoding=\"async\" class=\"alignnone wp-image-538691\" src=\"https:\/\/justvape.nu\/wp-content\/uploads\/2022\/10\/P30A_11.jpg\" alt=\"\" width=\"940\" height=\"490\" title=\"\" srcset=\"https:\/\/justvape.nu\/wp-content\/uploads\/2022\/10\/P30A_11.jpg 1920w, https:\/\/justvape.nu\/wp-content\/uploads\/2022\/10\/P30A_11-300x156.jpg 300w, https:\/\/justvape.nu\/wp-content\/uploads\/2022\/10\/P30A_11-1024x533.jpg 1024w, https:\/\/justvape.nu\/wp-content\/uploads\/2022\/10\/P30A_11-768x400.jpg 768w, https:\/\/justvape.nu\/wp-content\/uploads\/2022\/10\/P30A_11-1536x800.jpg 1536w, https:\/\/justvape.nu\/wp-content\/uploads\/2022\/10\/P30A_11-600x313.jpg 600w, https:\/\/justvape.nu\/wp-content\/uploads\/2022\/10\/P30A_11-64x33.jpg 64w\" sizes=\"auto, (max-width: 940px) 100vw, 940px\" \/> <img loading=\"lazy\" decoding=\"async\" class=\"alignnone wp-image-538700\" src=\"https:\/\/justvape.nu\/wp-content\/uploads\/2022\/10\/P30A_12.jpg\" alt=\"\" width=\"939\" height=\"491\" title=\"\" srcset=\"https:\/\/justvape.nu\/wp-content\/uploads\/2022\/10\/P30A_12.jpg 1920w, https:\/\/justvape.nu\/wp-content\/uploads\/2022\/10\/P30A_12-300x157.jpg 300w, https:\/\/justvape.nu\/wp-content\/uploads\/2022\/10\/P30A_12-1024x535.jpg 1024w, https:\/\/justvape.nu\/wp-content\/uploads\/2022\/10\/P30A_12-768x402.jpg 768w, https:\/\/justvape.nu\/wp-content\/uploads\/2022\/10\/P30A_12-1536x803.jpg 1536w, https:\/\/justvape.nu\/wp-content\/uploads\/2022\/10\/P30A_12-600x314.jpg 600w, https:\/\/justvape.nu\/wp-content\/uploads\/2022\/10\/P30A_12-64x33.jpg 64w\" sizes=\"auto, (max-width: 939px) 100vw, 939px\" \/><\/p>\n<p><img loading=\"lazy\" decoding=\"async\" class=\"alignnone size-full wp-image-248459\" src=\"https:\/\/justvape.nu\/wp-content\/uploads\/2018\/05\/Features.png\" alt=\"\" width=\"950\" height=\"64\" title=\"\" srcset=\"https:\/\/justvape.nu\/wp-content\/uploads\/2018\/05\/Features.png 950w, https:\/\/justvape.nu\/wp-content\/uploads\/2018\/05\/Features-600x40.png 600w, https:\/\/justvape.nu\/wp-content\/uploads\/2018\/05\/Features-64x4.png 64w, https:\/\/justvape.nu\/wp-content\/uploads\/2018\/05\/Features-300x20.png 300w, https:\/\/justvape.nu\/wp-content\/uploads\/2018\/05\/Features-768x52.png 768w\" sizes=\"auto, (max-width: 950px) 100vw, 950px\" \/><br \/>\nLost Vape QUEST Chip<br \/>\nAbmessungen: 94,4 mm x 24 mm x 14 mm<br \/>\nAkku: Intern 900mAh<br \/>\nWattst\u00e4rkebereich: 9-25W<br \/>\nSpannungsbereich: 1.7-3.9V<br \/>\nFahrgestell aus Aluminium-Legierung<br \/>\nIntuitiver Z\u00fcndknopf<br \/>\n0,42\u2033 OLED-Bildschirm<br \/>\nDedizierter Luftstromschalter<br \/>\n2mL Pod-Kapazit\u00e4t &#8211; austauschbar &amp; integriert<br \/>\nSeitliches Bef\u00fcllsystem &#8211; mit Silikonstopfen<br \/>\nIntegrierte 0,6 Ohm Spule Pod<br \/>\n0.8ohm UB Mini S1 Spule<br \/>\nPress Fit Coil Installation<br \/>\nMagnetische Pod-Verbindung<br \/>\nKurzschlussschutz<br \/>\nSchutz bei schwacher Batterie<br \/>\n\u00dcberhitzungsschutz<br \/>\nLadegeschwindigkeit: 2A<br \/>\nAufladen: Typ-C-Anschluss<\/p>\n<p><img loading=\"lazy\" decoding=\"async\" class=\"alignnone size-full wp-image-229154\" src=\"https:\/\/justvape.nu\/wp-content\/uploads\/2018\/04\/Packing-List.png\" alt=\"\" width=\"950\" height=\"64\" title=\"\" srcset=\"https:\/\/justvape.nu\/wp-content\/uploads\/2018\/04\/Packing-List.png 950w, https:\/\/justvape.nu\/wp-content\/uploads\/2018\/04\/Packing-List-600x40.png 600w, https:\/\/justvape.nu\/wp-content\/uploads\/2018\/04\/Packing-List-64x4.png 64w, https:\/\/justvape.nu\/wp-content\/uploads\/2018\/04\/Packing-List-300x20.png 300w, https:\/\/justvape.nu\/wp-content\/uploads\/2018\/04\/Packing-List-768x52.png 768w\" sizes=\"auto, (max-width: 950px) 100vw, 950px\" \/><br \/>\n1 URSA Nano Pro Pod-System<br \/>\n1 URSA Leerer Pod<br \/>\n1 0.6ohm URSA Kartusche<br \/>\n1 0.8ohm UB Mini S1 Spulen<br \/>\n1 Typ-C-Ladekabel<br \/>\n1 Gew\u00e4hrleistungskarte<br \/>\n1 Benutzerhandbuch<br \/>\n1 Umh\u00e4ngeband<br \/>\n1 O-Ring<\/p>\n","protected":false},"excerpt":{"rendered":"<p>LOST VAPE &#8211; URSA NANO PRO POD KIT<\/p>\n","protected":false},"featured_media":538675,"comment_status":"open","ping_status":"closed","template":"","meta":{"_acf_changed":false,"_uag_custom_page_level_css":"","site-sidebar-layout":"default","site-content-layout":"default","ast-site-content-layout":"default","site-content-style":"default","site-sidebar-style":"default","ast-global-header-display":"","ast-banner-title-visibility":"","ast-main-header-display":"","ast-hfb-above-header-display":"","ast-hfb-below-header-display":"","ast-hfb-mobile-header-display":"","site-post-title":"","ast-breadcrumbs-content":"","ast-featured-img":"","footer-sml-layout":"","ast-disable-related-posts":"","theme-transparent-header-meta":"default","adv-header-id-meta":"","stick-header-meta":"default","header-above-stick-meta":"","header-main-stick-meta":"","header-below-stick-meta":"","astra-migrate-meta-layouts":"default","ast-page-background-enabled":"default","ast-page-background-meta":{"desktop":{"background-color":"","background-image":"","background-repeat":"repeat","background-position":"center center","background-size":"auto","background-attachment":"scroll","background-type":"","background-media":"","overlay-type":"","overlay-color":"","overlay-opacity":"","overlay-gradient":""},"tablet":{"background-color":"","background-image":"","background-repeat":"repeat","background-position":"center center","background-size":"auto","background-attachment":"scroll","background-type":"","background-media":"","overlay-type":"","overlay-color":"","overlay-opacity":"","overlay-gradient":""},"mobile":{"background-color":"","background-image":"","background-repeat":"repeat","background-position":"center center","background-size":"auto","background-attachment":"scroll","background-type":"","background-media":"","overlay-type":"","overlay-color":"","overlay-opacity":"","overlay-gradient":""}},"ast-content-background-meta":{"desktop":{"background-color":"var(--ast-global-color-5)","background-image":"","background-repeat":"repeat","background-position":"center center","background-size":"auto","background-attachment":"scroll","background-type":"","background-media":"","overlay-type":"","overlay-color":"","overlay-opacity":"","overlay-gradient":""},"tablet":{"background-color":"var(--ast-global-color-5)","background-image":"","background-repeat":"repeat","background-position":"center center","background-size":"auto","background-attachment":"scroll","background-type":"","background-media":"","overlay-type":"","overlay-color":"","overlay-opacity":"","overlay-gradient":""},"mobile":{"background-color":"var(--ast-global-color-5)","background-image":"","background-repeat":"repeat","background-position":"center center","background-size":"auto","background-attachment":"scroll","background-type":"","background-media":"","overlay-type":"","overlay-color":"","overlay-opacity":"","overlay-gradient":""}}},"product_brand":[],"product_cat":[2077,2067,4691,2511,4812,2512],"product_tag":[],"class_list":{"0":"post-538738","1":"product","2":"type-product","3":"status-publish","4":"has-post-thumbnail","6":"product_cat-anfaenger-kits-pods","7":"product_cat-e-zigaretten","8":"product_cat-featured-e-cigarettes-de","9":"product_cat-hardware-de","10":"product_cat-lost-vape-de","11":"product_cat-shop-by-brand-de","12":"desktop-align-center","13":"tablet-align-center","14":"mobile-align-center","15":"ast-product-gallery-layout-horizontal-slider","16":"ast-product-single-variable","17":"ast-product-tabs-layout-horizontal","19":"first","20":"instock","21":"sale","22":"featured","23":"taxable","24":"shipping-taxable","25":"purchasable","26":"product-type-variable"},"acf":[],"uagb_featured_image_src":{"full":["https:\/\/justvape.nu\/wp-content\/uploads\/2022\/10\/ursa-nano-pro-razem.jpg",1500,1500,false],"thumbnail":["https:\/\/justvape.nu\/wp-content\/uploads\/2022\/10\/ursa-nano-pro-razem-150x150.jpg",150,150,true],"medium":["https:\/\/justvape.nu\/wp-content\/uploads\/2022\/10\/ursa-nano-pro-razem-300x300.jpg",300,300,true],"medium_large":["https:\/\/justvape.nu\/wp-content\/uploads\/2022\/10\/ursa-nano-pro-razem-768x768.jpg",768,768,true],"large":["https:\/\/justvape.nu\/wp-content\/uploads\/2022\/10\/ursa-nano-pro-razem-1024x1024.jpg",1024,1024,true],"1536x1536":["https:\/\/justvape.nu\/wp-content\/uploads\/2022\/10\/ursa-nano-pro-razem.jpg",1500,1500,false],"2048x2048":["https:\/\/justvape.nu\/wp-content\/uploads\/2022\/10\/ursa-nano-pro-razem.jpg",1500,1500,false],"woocommerce_thumbnail":["https:\/\/justvape.nu\/wp-content\/uploads\/2022\/10\/ursa-nano-pro-razem-300x300.jpg",300,300,true],"woocommerce_single":["https:\/\/justvape.nu\/wp-content\/uploads\/2022\/10\/ursa-nano-pro-razem-600x600.jpg",600,600,true],"woocommerce_gallery_thumbnail":["https:\/\/justvape.nu\/wp-content\/uploads\/2022\/10\/ursa-nano-pro-razem-100x100.jpg",100,100,true],"dgwt-wcas-product-suggestion":["https:\/\/justvape.nu\/wp-content\/uploads\/2022\/10\/ursa-nano-pro-razem-64x64.jpg",64,64,true]},"uagb_author_info":{"display_name":"JustVape.nu","author_link":"https:\/\/justvape.nu\/de\/author\/"},"uagb_comment_info":0,"uagb_excerpt":"LOST VAPE - URSA NANO PRO POD KIT","_links":{"self":[{"href":"https:\/\/justvape.nu\/de\/wp-json\/wp\/v2\/product\/538738","targetHints":{"allow":["GET"]}}],"collection":[{"href":"https:\/\/justvape.nu\/de\/wp-json\/wp\/v2\/product"}],"about":[{"href":"https:\/\/justvape.nu\/de\/wp-json\/wp\/v2\/types\/product"}],"replies":[{"embeddable":true,"href":"https:\/\/justvape.nu\/de\/wp-json\/wp\/v2\/comments?post=538738"}],"wp:featuredmedia":[{"embeddable":true,"href":"https:\/\/justvape.nu\/de\/wp-json\/wp\/v2\/media\/538675"}],"wp:attachment":[{"href":"https:\/\/justvape.nu\/de\/wp-json\/wp\/v2\/media?parent=538738"}],"wp:term":[{"taxonomy":"product_brand","embeddable":true,"href":"https:\/\/justvape.nu\/de\/wp-json\/wp\/v2\/product_brand?post=538738"},{"taxonomy":"product_cat","embeddable":true,"href":"https:\/\/justvape.nu\/de\/wp-json\/wp\/v2\/product_cat?post=538738"},{"taxonomy":"product_tag","embeddable":true,"href":"https:\/\/justvape.nu\/de\/wp-json\/wp\/v2\/product_tag?post=538738"}],"curies":[{"name":"wp","href":"https:\/\/api.w.org\/{rel}","templated":true}]}}