{"id":536008,"date":"2022-09-19T12:06:14","date_gmt":"2022-09-19T10:06:14","guid":{"rendered":"https:\/\/justvape.nu\/produkt\/vaporesso-moti-x-mini-ersatz-pods\/"},"modified":"2023-09-03T14:49:46","modified_gmt":"2023-09-03T12:49:46","slug":"vaporesso-moti-x-mini-ersatz-pods","status":"publish","type":"product","link":"https:\/\/justvape.nu\/de\/produkt\/vaporesso-moti-x-mini-ersatz-pods\/","title":{"rendered":"VAPORESSO &#8211; MOTI X MINI ERSATZ-PODS"},"content":{"rendered":"<h2>VAPORESSO &#8211; MOTI X MINI ERSATZKARTUSCHEN 4ml<\/h2>\n<p>Dieser Ersatz-XL-Pod erm\u00f6glicht einen einstellbaren Luftstrom durch einfaches Drehen des Pods im Ger\u00e4t selbst. Der X Mini ist kompatibel mit den Vaporesso X Moti X35 Coils, deren einzigartiges wabenf\u00f6rmiges Mesh-Design ein unglaubliches RDTL (Restricted Direct to Lung) Dampferlebnis liefert, jedes Mal. Die Spulen sind am besten mit High-VG e-Fl\u00fcssigkeiten gepaart.<\/p>\n<p>Spezifikationen:<\/p>\n<ul>\n<li>Nachf\u00fcllbarer Vape Pod<\/li>\n<li>Einstellbarer Luftstrom<\/li>\n<li>Funktioniert mit Vaporesso x Moti X35 Spulen<\/li>\n<\/ul>\n<p>Verpackung:<\/p>\n<p>2 x VAPORESSO &#8211; MOTI X MINI ERSATZPODS 4ml<\/p>\n","protected":false},"excerpt":{"rendered":"<p>VAPORESSO &#8211; MOTI X MINI ERSATZ-PODS<\/p>\n","protected":false},"featured_media":534398,"comment_status":"open","ping_status":"closed","template":"","meta":{"_acf_changed":false,"_uag_custom_page_level_css":"","site-sidebar-layout":"default","site-content-layout":"default","ast-site-content-layout":"default","site-content-style":"default","site-sidebar-style":"default","ast-global-header-display":"","ast-banner-title-visibility":"","ast-main-header-display":"","ast-hfb-above-header-display":"","ast-hfb-below-header-display":"","ast-hfb-mobile-header-display":"","site-post-title":"","ast-breadcrumbs-content":"","ast-featured-img":"","footer-sml-layout":"","ast-disable-related-posts":"","theme-transparent-header-meta":"default","adv-header-id-meta":"","stick-header-meta":"default","header-above-stick-meta":"","header-main-stick-meta":"","header-below-stick-meta":"","astra-migrate-meta-layouts":"default","ast-page-background-enabled":"default","ast-page-background-meta":{"desktop":{"background-color":"","background-image":"","background-repeat":"repeat","background-position":"center center","background-size":"auto","background-attachment":"scroll","background-type":"","background-media":"","overlay-type":"","overlay-color":"","overlay-opacity":"","overlay-gradient":""},"tablet":{"background-color":"","background-image":"","background-repeat":"repeat","background-position":"center center","background-size":"auto","background-attachment":"scroll","background-type":"","background-media":"","overlay-type":"","overlay-color":"","overlay-opacity":"","overlay-gradient":""},"mobile":{"background-color":"","background-image":"","background-repeat":"repeat","background-position":"center center","background-size":"auto","background-attachment":"scroll","background-type":"","background-media":"","overlay-type":"","overlay-color":"","overlay-opacity":"","overlay-gradient":""}},"ast-content-background-meta":{"desktop":{"background-color":"var(--ast-global-color-5)","background-image":"","background-repeat":"repeat","background-position":"center center","background-size":"auto","background-attachment":"scroll","background-type":"","background-media":"","overlay-type":"","overlay-color":"","overlay-opacity":"","overlay-gradient":""},"tablet":{"background-color":"var(--ast-global-color-5)","background-image":"","background-repeat":"repeat","background-position":"center center","background-size":"auto","background-attachment":"scroll","background-type":"","background-media":"","overlay-type":"","overlay-color":"","overlay-opacity":"","overlay-gradient":""},"mobile":{"background-color":"var(--ast-global-color-5)","background-image":"","background-repeat":"repeat","background-position":"center center","background-size":"auto","background-attachment":"scroll","background-type":"","background-media":"","overlay-type":"","overlay-color":"","overlay-opacity":"","overlay-gradient":""}}},"product_brand":[],"product_cat":[2057,1977],"product_tag":[],"class_list":{"0":"post-536008","1":"product","2":"type-product","3":"status-publish","4":"has-post-thumbnail","6":"product_cat-spulen-huelsen","7":"product_cat-tanks-spulen","8":"desktop-align-center","9":"tablet-align-center","10":"mobile-align-center","11":"ast-product-gallery-layout-horizontal-slider","12":"ast-product-gallery-with-no-image","13":"ast-product-tabs-layout-horizontal","15":"first","16":"instock","17":"sale","18":"taxable","19":"shipping-taxable","20":"purchasable","21":"product-type-simple"},"acf":[],"uagb_featured_image_src":{"full":["https:\/\/justvape.nu\/wp-content\/uploads\/2022\/09\/X-Empty-Pod-1_600x.webp",600,600,false],"thumbnail":["https:\/\/justvape.nu\/wp-content\/uploads\/2022\/09\/X-Empty-Pod-1_600x-150x150.webp",150,150,true],"medium":["https:\/\/justvape.nu\/wp-content\/uploads\/2022\/09\/X-Empty-Pod-1_600x-300x300.webp",300,300,true],"medium_large":["https:\/\/justvape.nu\/wp-content\/uploads\/2022\/09\/X-Empty-Pod-1_600x.webp",600,600,false],"large":["https:\/\/justvape.nu\/wp-content\/uploads\/2022\/09\/X-Empty-Pod-1_600x.webp",600,600,false],"1536x1536":["https:\/\/justvape.nu\/wp-content\/uploads\/2022\/09\/X-Empty-Pod-1_600x.webp",600,600,false],"2048x2048":["https:\/\/justvape.nu\/wp-content\/uploads\/2022\/09\/X-Empty-Pod-1_600x.webp",600,600,false],"woocommerce_thumbnail":["https:\/\/justvape.nu\/wp-content\/uploads\/2022\/09\/X-Empty-Pod-1_600x-300x300.webp",300,300,true],"woocommerce_single":["https:\/\/justvape.nu\/wp-content\/uploads\/2022\/09\/X-Empty-Pod-1_600x.webp",600,600,false],"woocommerce_gallery_thumbnail":["https:\/\/justvape.nu\/wp-content\/uploads\/2022\/09\/X-Empty-Pod-1_600x-100x100.webp",100,100,true],"dgwt-wcas-product-suggestion":["https:\/\/justvape.nu\/wp-content\/uploads\/2022\/09\/X-Empty-Pod-1_600x-64x64.webp",64,64,true]},"uagb_author_info":{"display_name":"JustVape.nu","author_link":"https:\/\/justvape.nu\/de\/author\/"},"uagb_comment_info":0,"uagb_excerpt":"VAPORESSO - MOTI X MINI ERSATZ-PODS","_links":{"self":[{"href":"https:\/\/justvape.nu\/de\/wp-json\/wp\/v2\/product\/536008","targetHints":{"allow":["GET"]}}],"collection":[{"href":"https:\/\/justvape.nu\/de\/wp-json\/wp\/v2\/product"}],"about":[{"href":"https:\/\/justvape.nu\/de\/wp-json\/wp\/v2\/types\/product"}],"replies":[{"embeddable":true,"href":"https:\/\/justvape.nu\/de\/wp-json\/wp\/v2\/comments?post=536008"}],"wp:featuredmedia":[{"embeddable":true,"href":"https:\/\/justvape.nu\/de\/wp-json\/wp\/v2\/media\/534398"}],"wp:attachment":[{"href":"https:\/\/justvape.nu\/de\/wp-json\/wp\/v2\/media?parent=536008"}],"wp:term":[{"taxonomy":"product_brand","embeddable":true,"href":"https:\/\/justvape.nu\/de\/wp-json\/wp\/v2\/product_brand?post=536008"},{"taxonomy":"product_cat","embeddable":true,"href":"https:\/\/justvape.nu\/de\/wp-json\/wp\/v2\/product_cat?post=536008"},{"taxonomy":"product_tag","embeddable":true,"href":"https:\/\/justvape.nu\/de\/wp-json\/wp\/v2\/product_tag?post=536008"}],"curies":[{"name":"wp","href":"https:\/\/api.w.org\/{rel}","templated":true}]}}